{"id":763239,"date":"2026-04-16T17:10:20","date_gmt":"2026-04-16T10:10:20","guid":{"rendered":"http:\/\/tourcruiser.com\/product\/size-x-new-balance-990v3-made-in-usa-keepin-it-runningm990sz3"},"modified":"2026-04-17T22:54:27","modified_gmt":"2026-04-17T15:54:27","slug":"size-x-new-balance-990v3-made-in-usa-keepin-it-runningm990sz3","status":"publish","type":"product","link":"https:\/\/tourcruiser.com\/fr\/products\/size-x-new-balance-990v3-made-in-usa-keepin-it-runningm990sz3\/","title":{"rendered":"size? x New Balance 990v3 Made in USA &lsquo;Keepin&rsquo; it Running&rsquo;M990SZ3"},"content":{"rendered":"<p>D\u00e9couvrez la New Balance 990v3 Made in USA \u00ab Keepin\u2019 it Running \u00bb M990SZ3, une r\u00e9\u00e9dition premium de l&#8217;embl\u00e9matique chaussure de running. Fabriqu\u00e9e \u00e0 la main aux \u00c9tats-Unis, cette chaussure pr\u00e9sente une empeigne en cuir et mesh et arbore un design classique agr\u00e9ment\u00e9 de d\u00e9tails modernes. La semelle interm\u00e9diaire ENCAP offre amorti et stabilit\u00e9, tandis que la semelle ext\u00e9rieure Ndurance garantit une durabilit\u00e9 optimale. Le coloris \u00ab Keepin\u2019 it Running \u00bb rend hommage \u00e0 l&rsquo;h\u00e9ritage de la chaussure avec une palette de vert et de gris \u00e9clatante. Collectionneur ou amateur de sneakers, cette \u00e9dition limit\u00e9e est un incontournable pour toute collection.<\/p>\n<p>Coloris : Cr\u00e8me\/Orange<\/p>\n<p>Code article : M990SZ3<\/p>\n<p>Empeigne : Daim<\/p>\n<p>Semelle interm\u00e9diaire : ENCAP<\/p>\n<p>Couleur : Marron<\/p>\n<p>Ann\u00e9e de sortie : 2023<\/p>\n<p>\u00c2ge : Adulte<\/p>\n<p>Couleur : Marron<\/p>\n<p>Genre : Homme<\/p>\n","protected":false},"excerpt":{"rendered":"<p>D\u00e9couvrez la New Balance 990v3 Made in USA \u00ab Keepin\u2019 it Running \u00bb M990SZ3, une r\u00e9\u00e9dition premium de l&#8217;embl\u00e9matique chaussure de running. Fabriqu\u00e9e \u00e0 la main aux \u00c9tats-Unis, cette chaussure pr\u00e9sente une empeigne en cuir et mesh et arbore un design classique agr\u00e9ment\u00e9 de d\u00e9tails modernes. La semelle interm\u00e9diaire ENCAP offre amorti et stabilit\u00e9, tandis [&hellip;]<\/p>\n","protected":false},"featured_media":763240,"comment_status":"open","ping_status":"closed","template":"","meta":[],"product_brand":[],"product_cat":[10771],"product_tag":[10750,38841,38842,10766,10767,10768,38900],"class_list":{"0":"post-763239","1":"product","2":"type-product","3":"status-publish","4":"has-post-thumbnail","6":"product_cat-new-balance","7":"product_tag-athleisure-shoes","8":"product_tag-casual-shoes","9":"product_tag-gift-idea-for-him","10":"product_tag-new-balance","11":"product_tag-new-balance-running-shoes","12":"product_tag-retro-running-shoes","13":"product_tag-running-shoes-inspired","14":"wcpa_has_options","16":"first","17":"instock","18":"taxable","19":"shipping-taxable","20":"purchasable","21":"product-type-simple"},"wcpa_form_fields":{"rules":{"pric_overide_base_price":false,"pric_overide_base_price_if_gt_zero":false,"pric_overide_base_price_fully":false,"pric_cal_option_once":false,"pric_use_as_fee":false,"bind_quantity":false,"quantity_bind_formula":false},"fields":[{"type":"color-group","required":true,"elementId":"wcpa-color-group-66c4a928225d2","label":"Taille","inline":true,"priceOptions":"different_for_all","pricingType":"fixed","className":"hassizechart product-shoes-size-eu product-shoes-size","name":"color-group-66c4a928225e2","disp_type":"square","selection_type":"tick-border","disp_size":"50","show_label_inside":true,"adjust_width":true,"cart_display_type":"text","other_text":"Other","cl_rule":"show","col":6,"values":[{"label":"35","value":"EU 35","price":"","pimage":"","pimage_id":"","pthumb":"","color":""},{"label":"36","value":"EU 36","price":"","pimage":"","pimage_id":"","pthumb":"","color":"","selected":true},{"label":"37","value":"EU 37","price":"","pimage":"","pimage_id":"","pthumb":"","color":""},{"label":"37.5","value":"EU 37.5","price":"","pimage":"","pimage_id":"","pthumb":"","color":""},{"label":"38","value":"EU 38","price":"","pimage":"","pimage_id":"","pthumb":"","color":""},{"label":"38.5","value":"EU 38.5","price":"","pimage":"","pimage_id":"","pthumb":"","color":""},{"label":"39","value":"EU 39","price":"","pimage":"","pimage_id":"","pthumb":"","color":""},{"label":"39.5","value":"EU 39.5","price":"","pimage":"","pimage_id":"","pthumb":"","color":""},{"label":"40","value":"EU 40","price":"","pimage":"","pimage_id":"","pthumb":"","color":""},{"label":"40.5","value":"EU 40.5","price":"","pimage":"","pimage_id":"","pthumb":"","color":""},{"label":" 41.5","value":"EU 41.5","price":"","pimage":"","pimage_id":"","pthumb":"","color":""},{"label":"42","value":"EU 42","price":"","pimage":"","pimage_id":"","pthumb":"","color":""},{"label":"42.5","value":"EU 42.5","price":"","pimage":"","pimage_id":"","pthumb":"","color":""},{"label":"43","value":"EU 43","price":"","pimage":"","pimage_id":"","pthumb":"","color":""},{"label":"44","value":"EU 44","price":"","pimage":"","pimage_id":"","pthumb":"","color":""},{"label":"44.5","value":"EU 44.5","price":"","pimage":"","pimage_id":"","pthumb":"","color":""},{"label":"45","value":"EU 45","price":"","pimage":"","pimage_id":"","pthumb":"","color":""},{"label":"45.5","value":"EU 45.5","price":"","pimage":"","pimage_id":"","pthumb":"","color":""},{"label":"46","value":"EU 46","price":"","pimage":"","pimage_id":"","pthumb":"","color":""}],"relations":[{"operator":false,"rules":[]}],"form_id":24803,"form_rules":{"pric_cal_option_once":false,"exclude_from_discount":false,"pric_use_as_fee":false,"fee_label":"Fee","render_after_acb":false,"disp_hide_options_price":false}}]},"yoast_head":"<!-- This site is optimized with the Yoast SEO plugin v26.5 - https:\/\/yoast.com\/wordpress\/plugins\/seo\/ -->\n<title>size? x New Balance 990v3 Made in USA &#039;Keepin&#039; it Running&#039;M990SZ3 - TOURCRUISER PTE. LTD<\/title>\n<meta name=\"robots\" content=\"index, follow, max-snippet:-1, max-image-preview:large, max-video-preview:-1\" \/>\n<link rel=\"canonical\" href=\"https:\/\/tourcruiser.com\/fr\/products\/size-x-new-balance-990v3-made-in-usa-keepin-it-runningm990sz3\/\" \/>\n<meta property=\"og:locale\" content=\"fr_FR\" \/>\n<meta property=\"og:type\" content=\"article\" \/>\n<meta property=\"og:title\" content=\"size? x New Balance 990v3 Made in USA &#039;Keepin&#039; it Running&#039;M990SZ3 - TOURCRUISER PTE. LTD\" \/>\n<meta property=\"og:description\" content=\"D\u00e9couvrez la New Balance 990v3 Made in USA \u00ab Keepin\u2019 it Running \u00bb M990SZ3, une r\u00e9\u00e9dition premium de l&#8217;embl\u00e9matique chaussure de running. Fabriqu\u00e9e \u00e0 la main aux \u00c9tats-Unis, cette chaussure pr\u00e9sente une empeigne en cuir et mesh et arbore un design classique agr\u00e9ment\u00e9 de d\u00e9tails modernes. La semelle interm\u00e9diaire ENCAP offre amorti et stabilit\u00e9, tandis [&hellip;]\" \/>\n<meta property=\"og:url\" content=\"https:\/\/tourcruiser.com\/fr\/products\/size-x-new-balance-990v3-made-in-usa-keepin-it-runningm990sz3\/\" \/>\n<meta property=\"og:site_name\" content=\"Tourcruiser Sneaker Store\" \/>\n<meta property=\"article:modified_time\" content=\"2026-04-17T15:54:27+00:00\" \/>\n<meta name=\"twitter:card\" content=\"summary_large_image\" \/>\n<meta name=\"twitter:image\" content=\"https:\/\/images.novelship.com\/product\/size__x_new_balance_990v3_made_in_usa__keepin__it__0_50560.jpeg;https:\/\/images.novelship.com\/product\/size__x_new_balance_990v3_made_in_usa__keepin__it__1_50561.jpeg;https:\/\/images.novelship.com\/product\/size__x_new_balance_990v3_made_in_usa__keepin__it__2_50561.jpeg;https:\/\/images.novelship.com\/product\/size__x_new_balance_990v3_made_in_usa__keepin__it__3_50561.jpeg;https:\/\/images.novelship.com\/product\/size__x_new_balance_990v3_made_in_usa__keepin__it__4_50561.jpeg;https:\/\/images.novelship.com\/product\/size__x_new_balance_990v3_made_in_usa__keepin__it__5_50561.jpeg;https:\/\/images.novelship.com\/product\/size__x_new_balance_990v3_made_in_usa__keepin__it__6_50561.jpeg;https:\/\/images.novelship.com\/product\/size__x_new_balance_990v3_made_in_usa__keepin__it__7_50561.jpeg\" \/>\n<meta name=\"twitter:label1\" content=\"Dur\u00e9e de lecture estim\u00e9e\" \/>\n\t<meta name=\"twitter:data1\" content=\"1 minute\" \/>\n<script type=\"application\/ld+json\" class=\"yoast-schema-graph\">{\"@context\":\"https:\/\/schema.org\",\"@graph\":[{\"@type\":\"WebPage\",\"@id\":\"https:\/\/tourcruiser.com\/fr\/products\/size-x-new-balance-990v3-made-in-usa-keepin-it-runningm990sz3\/\",\"url\":\"https:\/\/tourcruiser.com\/fr\/products\/size-x-new-balance-990v3-made-in-usa-keepin-it-runningm990sz3\/\",\"name\":\"size? x New Balance 990v3 Made in USA 'Keepin' it Running'M990SZ3 - TOURCRUISER PTE. LTD\",\"isPartOf\":{\"@id\":\"\/#website\"},\"primaryImageOfPage\":{\"@id\":\"https:\/\/tourcruiser.com\/fr\/products\/size-x-new-balance-990v3-made-in-usa-keepin-it-runningm990sz3\/#primaryimage\"},\"image\":{\"@id\":\"https:\/\/tourcruiser.com\/fr\/products\/size-x-new-balance-990v3-made-in-usa-keepin-it-runningm990sz3\/#primaryimage\"},\"thumbnailUrl\":\"https:\/\/images.novelship.com\/product\/size__x_new_balance_990v3_made_in_usa__keepin__it__0_50560.jpeg;https:\/\/images.novelship.com\/product\/size__x_new_balance_990v3_made_in_usa__keepin__it__1_50561.jpeg;https:\/\/images.novelship.com\/product\/size__x_new_balance_990v3_made_in_usa__keepin__it__2_50561.jpeg;https:\/\/images.novelship.com\/product\/size__x_new_balance_990v3_made_in_usa__keepin__it__3_50561.jpeg;https:\/\/images.novelship.com\/product\/size__x_new_balance_990v3_made_in_usa__keepin__it__4_50561.jpeg;https:\/\/images.novelship.com\/product\/size__x_new_balance_990v3_made_in_usa__keepin__it__5_50561.jpeg;https:\/\/images.novelship.com\/product\/size__x_new_balance_990v3_made_in_usa__keepin__it__6_50561.jpeg;https:\/\/images.novelship.com\/product\/size__x_new_balance_990v3_made_in_usa__keepin__it__7_50561.jpeg\",\"datePublished\":\"2026-04-16T10:10:20+00:00\",\"dateModified\":\"2026-04-17T15:54:27+00:00\",\"breadcrumb\":{\"@id\":\"https:\/\/tourcruiser.com\/fr\/products\/size-x-new-balance-990v3-made-in-usa-keepin-it-runningm990sz3\/#breadcrumb\"},\"inLanguage\":\"fr-FR\",\"potentialAction\":[{\"@type\":\"ReadAction\",\"target\":[\"https:\/\/tourcruiser.com\/fr\/products\/size-x-new-balance-990v3-made-in-usa-keepin-it-runningm990sz3\/\"]}]},{\"@type\":\"ImageObject\",\"inLanguage\":\"fr-FR\",\"@id\":\"https:\/\/tourcruiser.com\/fr\/products\/size-x-new-balance-990v3-made-in-usa-keepin-it-runningm990sz3\/#primaryimage\",\"url\":\"https:\/\/images.novelship.com\/product\/size__x_new_balance_990v3_made_in_usa__keepin__it__0_50560.jpeg;https:\/\/images.novelship.com\/product\/size__x_new_balance_990v3_made_in_usa__keepin__it__1_50561.jpeg;https:\/\/images.novelship.com\/product\/size__x_new_balance_990v3_made_in_usa__keepin__it__2_50561.jpeg;https:\/\/images.novelship.com\/product\/size__x_new_balance_990v3_made_in_usa__keepin__it__3_50561.jpeg;https:\/\/images.novelship.com\/product\/size__x_new_balance_990v3_made_in_usa__keepin__it__4_50561.jpeg;https:\/\/images.novelship.com\/product\/size__x_new_balance_990v3_made_in_usa__keepin__it__5_50561.jpeg;https:\/\/images.novelship.com\/product\/size__x_new_balance_990v3_made_in_usa__keepin__it__6_50561.jpeg;https:\/\/images.novelship.com\/product\/size__x_new_balance_990v3_made_in_usa__keepin__it__7_50561.jpeg\",\"contentUrl\":\"https:\/\/images.novelship.com\/product\/size__x_new_balance_990v3_made_in_usa__keepin__it__0_50560.jpeg;https:\/\/images.novelship.com\/product\/size__x_new_balance_990v3_made_in_usa__keepin__it__1_50561.jpeg;https:\/\/images.novelship.com\/product\/size__x_new_balance_990v3_made_in_usa__keepin__it__2_50561.jpeg;https:\/\/images.novelship.com\/product\/size__x_new_balance_990v3_made_in_usa__keepin__it__3_50561.jpeg;https:\/\/images.novelship.com\/product\/size__x_new_balance_990v3_made_in_usa__keepin__it__4_50561.jpeg;https:\/\/images.novelship.com\/product\/size__x_new_balance_990v3_made_in_usa__keepin__it__5_50561.jpeg;https:\/\/images.novelship.com\/product\/size__x_new_balance_990v3_made_in_usa__keepin__it__6_50561.jpeg;https:\/\/images.novelship.com\/product\/size__x_new_balance_990v3_made_in_usa__keepin__it__7_50561.jpeg\"},{\"@type\":\"BreadcrumbList\",\"@id\":\"https:\/\/tourcruiser.com\/fr\/products\/size-x-new-balance-990v3-made-in-usa-keepin-it-runningm990sz3\/#breadcrumb\",\"itemListElement\":[{\"@type\":\"ListItem\",\"position\":1,\"name\":\"Home\",\"item\":\"https:\/\/tourcruiser.com\/fr\/\"},{\"@type\":\"ListItem\",\"position\":2,\"name\":\"Shop\",\"item\":\"https:\/\/tourcruiser.com\/fr\/shop\/\"},{\"@type\":\"ListItem\",\"position\":3,\"name\":\"size? x New Balance 990v3 Made in USA &#8216;Keepin&#8217; it Running&#8217;M990SZ3\"}]},{\"@type\":\"WebSite\",\"@id\":\"\/#website\",\"url\":\"\/\",\"name\":\"Styloral Jewelry Shop\",\"description\":\"Tourcruiser Sneaker Store \u2014 L\u2019endroit o\u00f9 l\u2019univers rencontre votre singularit\u00e9.\",\"publisher\":{\"@id\":\"\/#organization\"},\"potentialAction\":[{\"@type\":\"SearchAction\",\"target\":{\"@type\":\"EntryPoint\",\"urlTemplate\":\"\/?s={search_term_string}\"},\"query-input\":{\"@type\":\"PropertyValueSpecification\",\"valueRequired\":true,\"valueName\":\"search_term_string\"}}],\"inLanguage\":\"fr-FR\"},{\"@type\":\"Organization\",\"@id\":\"\/#organization\",\"name\":\"STYLORAL PTE. LTD\",\"url\":\"\/\",\"logo\":{\"@type\":\"ImageObject\",\"inLanguage\":\"fr-FR\",\"@id\":\"\/#\/schema\/logo\/image\/\",\"url\":\"https:\/\/www.tourcruiser.com\/wp-content\/uploads\/2025\/12\/logo.png\",\"contentUrl\":\"https:\/\/www.tourcruiser.com\/wp-content\/uploads\/2025\/12\/logo.png\",\"width\":200,\"height\":65,\"caption\":\"STYLORAL PTE. LTD\"},\"image\":{\"@id\":\"\/#\/schema\/logo\/image\/\"}}]}<\/script>\n<!-- \/ Yoast SEO plugin. -->","yoast_head_json":{"title":"size? x New Balance 990v3 Made in USA 'Keepin' it Running'M990SZ3 - TOURCRUISER PTE. LTD","robots":{"index":"index","follow":"follow","max-snippet":"max-snippet:-1","max-image-preview":"max-image-preview:large","max-video-preview":"max-video-preview:-1"},"canonical":"https:\/\/tourcruiser.com\/fr\/products\/size-x-new-balance-990v3-made-in-usa-keepin-it-runningm990sz3\/","og_locale":"fr_FR","og_type":"article","og_title":"size? x New Balance 990v3 Made in USA 'Keepin' it Running'M990SZ3 - TOURCRUISER PTE. LTD","og_description":"D\u00e9couvrez la New Balance 990v3 Made in USA \u00ab Keepin\u2019 it Running \u00bb M990SZ3, une r\u00e9\u00e9dition premium de l&#8217;embl\u00e9matique chaussure de running. Fabriqu\u00e9e \u00e0 la main aux \u00c9tats-Unis, cette chaussure pr\u00e9sente une empeigne en cuir et mesh et arbore un design classique agr\u00e9ment\u00e9 de d\u00e9tails modernes. La semelle interm\u00e9diaire ENCAP offre amorti et stabilit\u00e9, tandis [&hellip;]","og_url":"https:\/\/tourcruiser.com\/fr\/products\/size-x-new-balance-990v3-made-in-usa-keepin-it-runningm990sz3\/","og_site_name":"Tourcruiser Sneaker Store","article_modified_time":"2026-04-17T15:54:27+00:00","twitter_card":"summary_large_image","twitter_image":"https:\/\/images.novelship.com\/product\/size__x_new_balance_990v3_made_in_usa__keepin__it__0_50560.jpeg;https:\/\/images.novelship.com\/product\/size__x_new_balance_990v3_made_in_usa__keepin__it__1_50561.jpeg;https:\/\/images.novelship.com\/product\/size__x_new_balance_990v3_made_in_usa__keepin__it__2_50561.jpeg;https:\/\/images.novelship.com\/product\/size__x_new_balance_990v3_made_in_usa__keepin__it__3_50561.jpeg;https:\/\/images.novelship.com\/product\/size__x_new_balance_990v3_made_in_usa__keepin__it__4_50561.jpeg;https:\/\/images.novelship.com\/product\/size__x_new_balance_990v3_made_in_usa__keepin__it__5_50561.jpeg;https:\/\/images.novelship.com\/product\/size__x_new_balance_990v3_made_in_usa__keepin__it__6_50561.jpeg;https:\/\/images.novelship.com\/product\/size__x_new_balance_990v3_made_in_usa__keepin__it__7_50561.jpeg","twitter_misc":{"Dur\u00e9e de lecture estim\u00e9e":"1 minute"},"schema":{"@context":"https:\/\/schema.org","@graph":[{"@type":"WebPage","@id":"https:\/\/tourcruiser.com\/fr\/products\/size-x-new-balance-990v3-made-in-usa-keepin-it-runningm990sz3\/","url":"https:\/\/tourcruiser.com\/fr\/products\/size-x-new-balance-990v3-made-in-usa-keepin-it-runningm990sz3\/","name":"size? x New Balance 990v3 Made in USA 'Keepin' it Running'M990SZ3 - TOURCRUISER PTE. LTD","isPartOf":{"@id":"\/#website"},"primaryImageOfPage":{"@id":"https:\/\/tourcruiser.com\/fr\/products\/size-x-new-balance-990v3-made-in-usa-keepin-it-runningm990sz3\/#primaryimage"},"image":{"@id":"https:\/\/tourcruiser.com\/fr\/products\/size-x-new-balance-990v3-made-in-usa-keepin-it-runningm990sz3\/#primaryimage"},"thumbnailUrl":"https:\/\/images.novelship.com\/product\/size__x_new_balance_990v3_made_in_usa__keepin__it__0_50560.jpeg;https:\/\/images.novelship.com\/product\/size__x_new_balance_990v3_made_in_usa__keepin__it__1_50561.jpeg;https:\/\/images.novelship.com\/product\/size__x_new_balance_990v3_made_in_usa__keepin__it__2_50561.jpeg;https:\/\/images.novelship.com\/product\/size__x_new_balance_990v3_made_in_usa__keepin__it__3_50561.jpeg;https:\/\/images.novelship.com\/product\/size__x_new_balance_990v3_made_in_usa__keepin__it__4_50561.jpeg;https:\/\/images.novelship.com\/product\/size__x_new_balance_990v3_made_in_usa__keepin__it__5_50561.jpeg;https:\/\/images.novelship.com\/product\/size__x_new_balance_990v3_made_in_usa__keepin__it__6_50561.jpeg;https:\/\/images.novelship.com\/product\/size__x_new_balance_990v3_made_in_usa__keepin__it__7_50561.jpeg","datePublished":"2026-04-16T10:10:20+00:00","dateModified":"2026-04-17T15:54:27+00:00","breadcrumb":{"@id":"https:\/\/tourcruiser.com\/fr\/products\/size-x-new-balance-990v3-made-in-usa-keepin-it-runningm990sz3\/#breadcrumb"},"inLanguage":"fr-FR","potentialAction":[{"@type":"ReadAction","target":["https:\/\/tourcruiser.com\/fr\/products\/size-x-new-balance-990v3-made-in-usa-keepin-it-runningm990sz3\/"]}]},{"@type":"ImageObject","inLanguage":"fr-FR","@id":"https:\/\/tourcruiser.com\/fr\/products\/size-x-new-balance-990v3-made-in-usa-keepin-it-runningm990sz3\/#primaryimage","url":"https:\/\/images.novelship.com\/product\/size__x_new_balance_990v3_made_in_usa__keepin__it__0_50560.jpeg;https:\/\/images.novelship.com\/product\/size__x_new_balance_990v3_made_in_usa__keepin__it__1_50561.jpeg;https:\/\/images.novelship.com\/product\/size__x_new_balance_990v3_made_in_usa__keepin__it__2_50561.jpeg;https:\/\/images.novelship.com\/product\/size__x_new_balance_990v3_made_in_usa__keepin__it__3_50561.jpeg;https:\/\/images.novelship.com\/product\/size__x_new_balance_990v3_made_in_usa__keepin__it__4_50561.jpeg;https:\/\/images.novelship.com\/product\/size__x_new_balance_990v3_made_in_usa__keepin__it__5_50561.jpeg;https:\/\/images.novelship.com\/product\/size__x_new_balance_990v3_made_in_usa__keepin__it__6_50561.jpeg;https:\/\/images.novelship.com\/product\/size__x_new_balance_990v3_made_in_usa__keepin__it__7_50561.jpeg","contentUrl":"https:\/\/images.novelship.com\/product\/size__x_new_balance_990v3_made_in_usa__keepin__it__0_50560.jpeg;https:\/\/images.novelship.com\/product\/size__x_new_balance_990v3_made_in_usa__keepin__it__1_50561.jpeg;https:\/\/images.novelship.com\/product\/size__x_new_balance_990v3_made_in_usa__keepin__it__2_50561.jpeg;https:\/\/images.novelship.com\/product\/size__x_new_balance_990v3_made_in_usa__keepin__it__3_50561.jpeg;https:\/\/images.novelship.com\/product\/size__x_new_balance_990v3_made_in_usa__keepin__it__4_50561.jpeg;https:\/\/images.novelship.com\/product\/size__x_new_balance_990v3_made_in_usa__keepin__it__5_50561.jpeg;https:\/\/images.novelship.com\/product\/size__x_new_balance_990v3_made_in_usa__keepin__it__6_50561.jpeg;https:\/\/images.novelship.com\/product\/size__x_new_balance_990v3_made_in_usa__keepin__it__7_50561.jpeg"},{"@type":"BreadcrumbList","@id":"https:\/\/tourcruiser.com\/fr\/products\/size-x-new-balance-990v3-made-in-usa-keepin-it-runningm990sz3\/#breadcrumb","itemListElement":[{"@type":"ListItem","position":1,"name":"Home","item":"https:\/\/tourcruiser.com\/fr\/"},{"@type":"ListItem","position":2,"name":"Shop","item":"https:\/\/tourcruiser.com\/fr\/shop\/"},{"@type":"ListItem","position":3,"name":"size? x New Balance 990v3 Made in USA &#8216;Keepin&#8217; it Running&#8217;M990SZ3"}]},{"@type":"WebSite","@id":"\/#website","url":"\/","name":"Styloral Jewelry Shop","description":"Tourcruiser Sneaker Store \u2014 L\u2019endroit o\u00f9 l\u2019univers rencontre votre singularit\u00e9.","publisher":{"@id":"\/#organization"},"potentialAction":[{"@type":"SearchAction","target":{"@type":"EntryPoint","urlTemplate":"\/?s={search_term_string}"},"query-input":{"@type":"PropertyValueSpecification","valueRequired":true,"valueName":"search_term_string"}}],"inLanguage":"fr-FR"},{"@type":"Organization","@id":"\/#organization","name":"STYLORAL PTE. LTD","url":"\/","logo":{"@type":"ImageObject","inLanguage":"fr-FR","@id":"\/#\/schema\/logo\/image\/","url":"https:\/\/www.tourcruiser.com\/wp-content\/uploads\/2025\/12\/logo.png","contentUrl":"https:\/\/www.tourcruiser.com\/wp-content\/uploads\/2025\/12\/logo.png","width":200,"height":65,"caption":"STYLORAL PTE. LTD"},"image":{"@id":"\/#\/schema\/logo\/image\/"}}]}},"_links":{"self":[{"href":"https:\/\/tourcruiser.com\/fr\/wp-json\/wp\/v2\/product\/763239","targetHints":{"allow":["GET"]}}],"collection":[{"href":"https:\/\/tourcruiser.com\/fr\/wp-json\/wp\/v2\/product"}],"about":[{"href":"https:\/\/tourcruiser.com\/fr\/wp-json\/wp\/v2\/types\/product"}],"replies":[{"embeddable":true,"href":"https:\/\/tourcruiser.com\/fr\/wp-json\/wp\/v2\/comments?post=763239"}],"wp:featuredmedia":[{"embeddable":true,"href":"https:\/\/tourcruiser.com\/fr\/wp-json\/wp\/v2\/media\/763240"}],"wp:attachment":[{"href":"https:\/\/tourcruiser.com\/fr\/wp-json\/wp\/v2\/media?parent=763239"}],"wp:term":[{"taxonomy":"product_brand","embeddable":true,"href":"https:\/\/tourcruiser.com\/fr\/wp-json\/wp\/v2\/product_brand?post=763239"},{"taxonomy":"product_cat","embeddable":true,"href":"https:\/\/tourcruiser.com\/fr\/wp-json\/wp\/v2\/product_cat?post=763239"},{"taxonomy":"product_tag","embeddable":true,"href":"https:\/\/tourcruiser.com\/fr\/wp-json\/wp\/v2\/product_tag?post=763239"}],"curies":[{"name":"wp","href":"https:\/\/api.w.org\/{rel}","templated":true}]}}