{"id":763153,"date":"2026-04-16T17:10:17","date_gmt":"2026-04-16T10:10:17","guid":{"rendered":"http:\/\/tourcruiser.com\/product\/thisisneverthat-x-new-balance-997-made-in-usa-physical-fitness-uniform-ii-m997tnv"},"modified":"2026-04-17T22:54:20","modified_gmt":"2026-04-17T15:54:20","slug":"thisisneverthat-x-new-balance-997-made-in-usa-physical-fitness-uniform-ii-m997tnv","status":"publish","type":"product","link":"https:\/\/tourcruiser.com\/fr\/products\/thisisneverthat-x-new-balance-997-made-in-usa-physical-fitness-uniform-ii-m997tnv\/","title":{"rendered":"thisisneverthat x New Balance 997 Made in USA &lsquo;Physical Fitness Uniform II&rsquo; M997TNV"},"content":{"rendered":"<p>La Thisisneverthat x New Balance 997 Made in USA Physical Fitness Uniform II est une collaboration entre Thisisneverthat et New Balance ax\u00e9e sur le fitness. Fabriqu\u00e9e aux \u00c9tats-Unis, cette chaussure allie style et fonctionnalit\u00e9. Son \u00e9l\u00e9gante couleur verte la rend id\u00e9ale pour celles et ceux qui recherchent \u00e0 la fois mode et performance sportive.<\/p>\n<p>Coloris\u00a0: Kaki\/Noir\/Gris\/Blanc<\/p>\n<p>R\u00e9f\u00e9rence\u00a0: M997TNV<\/p>\n<p>Tige\u00a0: Mesh<\/p>\n<p>Couleur\u00a0: Beige<br \/>\nSaison\u00a0: Automne<\/p>\n<p>Ann\u00e9e de sortie\u00a0: 2019<\/p>\n<p>\u00c2ge\u00a0: Adulte<\/p>\n<p>Couleur\u00a0: Beige<br \/>\nGenre\u00a0: Homme<\/p>\n","protected":false},"excerpt":{"rendered":"<p>La Thisisneverthat x New Balance 997 Made in USA Physical Fitness Uniform II est une collaboration entre Thisisneverthat et New Balance ax\u00e9e sur le fitness. Fabriqu\u00e9e aux \u00c9tats-Unis, cette chaussure allie style et fonctionnalit\u00e9. Son \u00e9l\u00e9gante couleur verte la rend id\u00e9ale pour celles et ceux qui recherchent \u00e0 la fois mode et performance sportive. Coloris\u00a0: [&hellip;]<\/p>\n","protected":false},"featured_media":763154,"comment_status":"open","ping_status":"closed","template":"","meta":[],"product_brand":[],"product_cat":[10771],"product_tag":[10750,38861,38841,38842,10766,10767,10768,10840],"class_list":{"0":"post-763153","1":"product","2":"type-product","3":"status-publish","4":"has-post-thumbnail","6":"product_cat-new-balance","7":"product_tag-athleisure-shoes","8":"product_tag-below-retail-price","9":"product_tag-casual-shoes","10":"product_tag-gift-idea-for-him","11":"product_tag-new-balance","12":"product_tag-new-balance-running-shoes","13":"product_tag-retro-running-shoes","14":"product_tag-running-shoes","15":"wcpa_has_options","17":"first","18":"instock","19":"taxable","20":"shipping-taxable","21":"purchasable","22":"product-type-simple"},"wcpa_form_fields":{"rules":{"pric_overide_base_price":false,"pric_overide_base_price_if_gt_zero":false,"pric_overide_base_price_fully":false,"pric_cal_option_once":false,"pric_use_as_fee":false,"bind_quantity":false,"quantity_bind_formula":false},"fields":[{"type":"color-group","required":true,"elementId":"wcpa-color-group-66c4a928225d2","label":"Taille","inline":true,"priceOptions":"different_for_all","pricingType":"fixed","className":"hassizechart product-shoes-size-eu product-shoes-size","name":"color-group-66c4a928225e2","disp_type":"square","selection_type":"tick-border","disp_size":"50","show_label_inside":true,"adjust_width":true,"cart_display_type":"text","other_text":"Other","cl_rule":"show","col":6,"values":[{"label":"35","value":"EU 35","price":"","pimage":"","pimage_id":"","pthumb":"","color":""},{"label":"36","value":"EU 36","price":"","pimage":"","pimage_id":"","pthumb":"","color":"","selected":true},{"label":"37","value":"EU 37","price":"","pimage":"","pimage_id":"","pthumb":"","color":""},{"label":"37.5","value":"EU 37.5","price":"","pimage":"","pimage_id":"","pthumb":"","color":""},{"label":"38","value":"EU 38","price":"","pimage":"","pimage_id":"","pthumb":"","color":""},{"label":"38.5","value":"EU 38.5","price":"","pimage":"","pimage_id":"","pthumb":"","color":""},{"label":"39","value":"EU 39","price":"","pimage":"","pimage_id":"","pthumb":"","color":""},{"label":"39.5","value":"EU 39.5","price":"","pimage":"","pimage_id":"","pthumb":"","color":""},{"label":"40","value":"EU 40","price":"","pimage":"","pimage_id":"","pthumb":"","color":""},{"label":"40.5","value":"EU 40.5","price":"","pimage":"","pimage_id":"","pthumb":"","color":""},{"label":" 41.5","value":"EU 41.5","price":"","pimage":"","pimage_id":"","pthumb":"","color":""},{"label":"42","value":"EU 42","price":"","pimage":"","pimage_id":"","pthumb":"","color":""},{"label":"42.5","value":"EU 42.5","price":"","pimage":"","pimage_id":"","pthumb":"","color":""},{"label":"43","value":"EU 43","price":"","pimage":"","pimage_id":"","pthumb":"","color":""},{"label":"44","value":"EU 44","price":"","pimage":"","pimage_id":"","pthumb":"","color":""},{"label":"44.5","value":"EU 44.5","price":"","pimage":"","pimage_id":"","pthumb":"","color":""},{"label":"45","value":"EU 45","price":"","pimage":"","pimage_id":"","pthumb":"","color":""},{"label":"45.5","value":"EU 45.5","price":"","pimage":"","pimage_id":"","pthumb":"","color":""},{"label":"46","value":"EU 46","price":"","pimage":"","pimage_id":"","pthumb":"","color":""}],"relations":[{"operator":false,"rules":[]}],"form_id":24803,"form_rules":{"pric_cal_option_once":false,"exclude_from_discount":false,"pric_use_as_fee":false,"fee_label":"Fee","render_after_acb":false,"disp_hide_options_price":false}}]},"yoast_head":"<!-- This site is optimized with the Yoast SEO plugin v26.5 - https:\/\/yoast.com\/wordpress\/plugins\/seo\/ -->\n<title>thisisneverthat x New Balance 997 Made in USA &#039;Physical Fitness Uniform II&#039; M997TNV - TOURCRUISER PTE. LTD<\/title>\n<meta name=\"robots\" content=\"index, follow, max-snippet:-1, max-image-preview:large, max-video-preview:-1\" \/>\n<link rel=\"canonical\" href=\"https:\/\/tourcruiser.com\/fr\/products\/thisisneverthat-x-new-balance-997-made-in-usa-physical-fitness-uniform-ii-m997tnv\/\" \/>\n<meta property=\"og:locale\" content=\"fr_FR\" \/>\n<meta property=\"og:type\" content=\"article\" \/>\n<meta property=\"og:title\" content=\"thisisneverthat x New Balance 997 Made in USA &#039;Physical Fitness Uniform II&#039; M997TNV - TOURCRUISER PTE. LTD\" \/>\n<meta property=\"og:description\" content=\"La Thisisneverthat x New Balance 997 Made in USA Physical Fitness Uniform II est une collaboration entre Thisisneverthat et New Balance ax\u00e9e sur le fitness. Fabriqu\u00e9e aux \u00c9tats-Unis, cette chaussure allie style et fonctionnalit\u00e9. Son \u00e9l\u00e9gante couleur verte la rend id\u00e9ale pour celles et ceux qui recherchent \u00e0 la fois mode et performance sportive. Coloris\u00a0: [&hellip;]\" \/>\n<meta property=\"og:url\" content=\"https:\/\/tourcruiser.com\/fr\/products\/thisisneverthat-x-new-balance-997-made-in-usa-physical-fitness-uniform-ii-m997tnv\/\" \/>\n<meta property=\"og:site_name\" content=\"Tourcruiser Sneaker Store\" \/>\n<meta property=\"article:modified_time\" content=\"2026-04-17T15:54:20+00:00\" \/>\n<meta name=\"twitter:card\" content=\"summary_large_image\" \/>\n<meta name=\"twitter:image\" content=\"https:\/\/images.novelship.com\/product\/thisisneverthat_x_new_balance_997_made_in_usa__phy_0_44343.jpeg;https:\/\/images.novelship.com\/product\/thisisneverthat_x_new_balance_997_made_in_usa__phy_1_44343.jpeg;https:\/\/images.novelship.com\/product\/thisisneverthat_x_new_balance_997_made_in_usa__phy_2_44343.jpeg;https:\/\/images.novelship.com\/product\/thisisneverthat_x_new_balance_997_made_in_usa__phy_3_44343.jpeg;https:\/\/images.novelship.com\/product\/thisisneverthat_x_new_balance_997_made_in_usa__phy_4_44343.jpeg\" \/>\n<script type=\"application\/ld+json\" class=\"yoast-schema-graph\">{\"@context\":\"https:\/\/schema.org\",\"@graph\":[{\"@type\":\"WebPage\",\"@id\":\"https:\/\/tourcruiser.com\/fr\/products\/thisisneverthat-x-new-balance-997-made-in-usa-physical-fitness-uniform-ii-m997tnv\/\",\"url\":\"https:\/\/tourcruiser.com\/fr\/products\/thisisneverthat-x-new-balance-997-made-in-usa-physical-fitness-uniform-ii-m997tnv\/\",\"name\":\"thisisneverthat x New Balance 997 Made in USA 'Physical Fitness Uniform II' M997TNV - TOURCRUISER PTE. LTD\",\"isPartOf\":{\"@id\":\"\/#website\"},\"primaryImageOfPage\":{\"@id\":\"https:\/\/tourcruiser.com\/fr\/products\/thisisneverthat-x-new-balance-997-made-in-usa-physical-fitness-uniform-ii-m997tnv\/#primaryimage\"},\"image\":{\"@id\":\"https:\/\/tourcruiser.com\/fr\/products\/thisisneverthat-x-new-balance-997-made-in-usa-physical-fitness-uniform-ii-m997tnv\/#primaryimage\"},\"thumbnailUrl\":\"https:\/\/images.novelship.com\/product\/thisisneverthat_x_new_balance_997_made_in_usa__phy_0_44343.jpeg;https:\/\/images.novelship.com\/product\/thisisneverthat_x_new_balance_997_made_in_usa__phy_1_44343.jpeg;https:\/\/images.novelship.com\/product\/thisisneverthat_x_new_balance_997_made_in_usa__phy_2_44343.jpeg;https:\/\/images.novelship.com\/product\/thisisneverthat_x_new_balance_997_made_in_usa__phy_3_44343.jpeg;https:\/\/images.novelship.com\/product\/thisisneverthat_x_new_balance_997_made_in_usa__phy_4_44343.jpeg\",\"datePublished\":\"2026-04-16T10:10:17+00:00\",\"dateModified\":\"2026-04-17T15:54:20+00:00\",\"breadcrumb\":{\"@id\":\"https:\/\/tourcruiser.com\/fr\/products\/thisisneverthat-x-new-balance-997-made-in-usa-physical-fitness-uniform-ii-m997tnv\/#breadcrumb\"},\"inLanguage\":\"fr-FR\",\"potentialAction\":[{\"@type\":\"ReadAction\",\"target\":[\"https:\/\/tourcruiser.com\/fr\/products\/thisisneverthat-x-new-balance-997-made-in-usa-physical-fitness-uniform-ii-m997tnv\/\"]}]},{\"@type\":\"ImageObject\",\"inLanguage\":\"fr-FR\",\"@id\":\"https:\/\/tourcruiser.com\/fr\/products\/thisisneverthat-x-new-balance-997-made-in-usa-physical-fitness-uniform-ii-m997tnv\/#primaryimage\",\"url\":\"https:\/\/images.novelship.com\/product\/thisisneverthat_x_new_balance_997_made_in_usa__phy_0_44343.jpeg;https:\/\/images.novelship.com\/product\/thisisneverthat_x_new_balance_997_made_in_usa__phy_1_44343.jpeg;https:\/\/images.novelship.com\/product\/thisisneverthat_x_new_balance_997_made_in_usa__phy_2_44343.jpeg;https:\/\/images.novelship.com\/product\/thisisneverthat_x_new_balance_997_made_in_usa__phy_3_44343.jpeg;https:\/\/images.novelship.com\/product\/thisisneverthat_x_new_balance_997_made_in_usa__phy_4_44343.jpeg\",\"contentUrl\":\"https:\/\/images.novelship.com\/product\/thisisneverthat_x_new_balance_997_made_in_usa__phy_0_44343.jpeg;https:\/\/images.novelship.com\/product\/thisisneverthat_x_new_balance_997_made_in_usa__phy_1_44343.jpeg;https:\/\/images.novelship.com\/product\/thisisneverthat_x_new_balance_997_made_in_usa__phy_2_44343.jpeg;https:\/\/images.novelship.com\/product\/thisisneverthat_x_new_balance_997_made_in_usa__phy_3_44343.jpeg;https:\/\/images.novelship.com\/product\/thisisneverthat_x_new_balance_997_made_in_usa__phy_4_44343.jpeg\"},{\"@type\":\"BreadcrumbList\",\"@id\":\"https:\/\/tourcruiser.com\/fr\/products\/thisisneverthat-x-new-balance-997-made-in-usa-physical-fitness-uniform-ii-m997tnv\/#breadcrumb\",\"itemListElement\":[{\"@type\":\"ListItem\",\"position\":1,\"name\":\"Home\",\"item\":\"https:\/\/tourcruiser.com\/fr\/\"},{\"@type\":\"ListItem\",\"position\":2,\"name\":\"Shop\",\"item\":\"https:\/\/tourcruiser.com\/fr\/shop\/\"},{\"@type\":\"ListItem\",\"position\":3,\"name\":\"thisisneverthat x New Balance 997 Made in USA &#8216;Physical Fitness Uniform II&#8217; M997TNV\"}]},{\"@type\":\"WebSite\",\"@id\":\"\/#website\",\"url\":\"\/\",\"name\":\"Styloral Jewelry Shop\",\"description\":\"Tourcruiser Sneaker Store \u2014 L\u2019endroit o\u00f9 l\u2019univers rencontre votre singularit\u00e9.\",\"publisher\":{\"@id\":\"\/#organization\"},\"potentialAction\":[{\"@type\":\"SearchAction\",\"target\":{\"@type\":\"EntryPoint\",\"urlTemplate\":\"\/?s={search_term_string}\"},\"query-input\":{\"@type\":\"PropertyValueSpecification\",\"valueRequired\":true,\"valueName\":\"search_term_string\"}}],\"inLanguage\":\"fr-FR\"},{\"@type\":\"Organization\",\"@id\":\"\/#organization\",\"name\":\"STYLORAL PTE. LTD\",\"url\":\"\/\",\"logo\":{\"@type\":\"ImageObject\",\"inLanguage\":\"fr-FR\",\"@id\":\"\/#\/schema\/logo\/image\/\",\"url\":\"https:\/\/www.tourcruiser.com\/wp-content\/uploads\/2025\/12\/logo.png\",\"contentUrl\":\"https:\/\/www.tourcruiser.com\/wp-content\/uploads\/2025\/12\/logo.png\",\"width\":200,\"height\":65,\"caption\":\"STYLORAL PTE. LTD\"},\"image\":{\"@id\":\"\/#\/schema\/logo\/image\/\"}}]}<\/script>\n<!-- \/ Yoast SEO plugin. -->","yoast_head_json":{"title":"thisisneverthat x New Balance 997 Made in USA 'Physical Fitness Uniform II' M997TNV - TOURCRUISER PTE. LTD","robots":{"index":"index","follow":"follow","max-snippet":"max-snippet:-1","max-image-preview":"max-image-preview:large","max-video-preview":"max-video-preview:-1"},"canonical":"https:\/\/tourcruiser.com\/fr\/products\/thisisneverthat-x-new-balance-997-made-in-usa-physical-fitness-uniform-ii-m997tnv\/","og_locale":"fr_FR","og_type":"article","og_title":"thisisneverthat x New Balance 997 Made in USA 'Physical Fitness Uniform II' M997TNV - TOURCRUISER PTE. LTD","og_description":"La Thisisneverthat x New Balance 997 Made in USA Physical Fitness Uniform II est une collaboration entre Thisisneverthat et New Balance ax\u00e9e sur le fitness. Fabriqu\u00e9e aux \u00c9tats-Unis, cette chaussure allie style et fonctionnalit\u00e9. Son \u00e9l\u00e9gante couleur verte la rend id\u00e9ale pour celles et ceux qui recherchent \u00e0 la fois mode et performance sportive. Coloris\u00a0: [&hellip;]","og_url":"https:\/\/tourcruiser.com\/fr\/products\/thisisneverthat-x-new-balance-997-made-in-usa-physical-fitness-uniform-ii-m997tnv\/","og_site_name":"Tourcruiser Sneaker Store","article_modified_time":"2026-04-17T15:54:20+00:00","twitter_card":"summary_large_image","twitter_image":"https:\/\/images.novelship.com\/product\/thisisneverthat_x_new_balance_997_made_in_usa__phy_0_44343.jpeg;https:\/\/images.novelship.com\/product\/thisisneverthat_x_new_balance_997_made_in_usa__phy_1_44343.jpeg;https:\/\/images.novelship.com\/product\/thisisneverthat_x_new_balance_997_made_in_usa__phy_2_44343.jpeg;https:\/\/images.novelship.com\/product\/thisisneverthat_x_new_balance_997_made_in_usa__phy_3_44343.jpeg;https:\/\/images.novelship.com\/product\/thisisneverthat_x_new_balance_997_made_in_usa__phy_4_44343.jpeg","schema":{"@context":"https:\/\/schema.org","@graph":[{"@type":"WebPage","@id":"https:\/\/tourcruiser.com\/fr\/products\/thisisneverthat-x-new-balance-997-made-in-usa-physical-fitness-uniform-ii-m997tnv\/","url":"https:\/\/tourcruiser.com\/fr\/products\/thisisneverthat-x-new-balance-997-made-in-usa-physical-fitness-uniform-ii-m997tnv\/","name":"thisisneverthat x New Balance 997 Made in USA 'Physical Fitness Uniform II' M997TNV - TOURCRUISER PTE. LTD","isPartOf":{"@id":"\/#website"},"primaryImageOfPage":{"@id":"https:\/\/tourcruiser.com\/fr\/products\/thisisneverthat-x-new-balance-997-made-in-usa-physical-fitness-uniform-ii-m997tnv\/#primaryimage"},"image":{"@id":"https:\/\/tourcruiser.com\/fr\/products\/thisisneverthat-x-new-balance-997-made-in-usa-physical-fitness-uniform-ii-m997tnv\/#primaryimage"},"thumbnailUrl":"https:\/\/images.novelship.com\/product\/thisisneverthat_x_new_balance_997_made_in_usa__phy_0_44343.jpeg;https:\/\/images.novelship.com\/product\/thisisneverthat_x_new_balance_997_made_in_usa__phy_1_44343.jpeg;https:\/\/images.novelship.com\/product\/thisisneverthat_x_new_balance_997_made_in_usa__phy_2_44343.jpeg;https:\/\/images.novelship.com\/product\/thisisneverthat_x_new_balance_997_made_in_usa__phy_3_44343.jpeg;https:\/\/images.novelship.com\/product\/thisisneverthat_x_new_balance_997_made_in_usa__phy_4_44343.jpeg","datePublished":"2026-04-16T10:10:17+00:00","dateModified":"2026-04-17T15:54:20+00:00","breadcrumb":{"@id":"https:\/\/tourcruiser.com\/fr\/products\/thisisneverthat-x-new-balance-997-made-in-usa-physical-fitness-uniform-ii-m997tnv\/#breadcrumb"},"inLanguage":"fr-FR","potentialAction":[{"@type":"ReadAction","target":["https:\/\/tourcruiser.com\/fr\/products\/thisisneverthat-x-new-balance-997-made-in-usa-physical-fitness-uniform-ii-m997tnv\/"]}]},{"@type":"ImageObject","inLanguage":"fr-FR","@id":"https:\/\/tourcruiser.com\/fr\/products\/thisisneverthat-x-new-balance-997-made-in-usa-physical-fitness-uniform-ii-m997tnv\/#primaryimage","url":"https:\/\/images.novelship.com\/product\/thisisneverthat_x_new_balance_997_made_in_usa__phy_0_44343.jpeg;https:\/\/images.novelship.com\/product\/thisisneverthat_x_new_balance_997_made_in_usa__phy_1_44343.jpeg;https:\/\/images.novelship.com\/product\/thisisneverthat_x_new_balance_997_made_in_usa__phy_2_44343.jpeg;https:\/\/images.novelship.com\/product\/thisisneverthat_x_new_balance_997_made_in_usa__phy_3_44343.jpeg;https:\/\/images.novelship.com\/product\/thisisneverthat_x_new_balance_997_made_in_usa__phy_4_44343.jpeg","contentUrl":"https:\/\/images.novelship.com\/product\/thisisneverthat_x_new_balance_997_made_in_usa__phy_0_44343.jpeg;https:\/\/images.novelship.com\/product\/thisisneverthat_x_new_balance_997_made_in_usa__phy_1_44343.jpeg;https:\/\/images.novelship.com\/product\/thisisneverthat_x_new_balance_997_made_in_usa__phy_2_44343.jpeg;https:\/\/images.novelship.com\/product\/thisisneverthat_x_new_balance_997_made_in_usa__phy_3_44343.jpeg;https:\/\/images.novelship.com\/product\/thisisneverthat_x_new_balance_997_made_in_usa__phy_4_44343.jpeg"},{"@type":"BreadcrumbList","@id":"https:\/\/tourcruiser.com\/fr\/products\/thisisneverthat-x-new-balance-997-made-in-usa-physical-fitness-uniform-ii-m997tnv\/#breadcrumb","itemListElement":[{"@type":"ListItem","position":1,"name":"Home","item":"https:\/\/tourcruiser.com\/fr\/"},{"@type":"ListItem","position":2,"name":"Shop","item":"https:\/\/tourcruiser.com\/fr\/shop\/"},{"@type":"ListItem","position":3,"name":"thisisneverthat x New Balance 997 Made in USA &#8216;Physical Fitness Uniform II&#8217; M997TNV"}]},{"@type":"WebSite","@id":"\/#website","url":"\/","name":"Styloral Jewelry Shop","description":"Tourcruiser Sneaker Store \u2014 L\u2019endroit o\u00f9 l\u2019univers rencontre votre singularit\u00e9.","publisher":{"@id":"\/#organization"},"potentialAction":[{"@type":"SearchAction","target":{"@type":"EntryPoint","urlTemplate":"\/?s={search_term_string}"},"query-input":{"@type":"PropertyValueSpecification","valueRequired":true,"valueName":"search_term_string"}}],"inLanguage":"fr-FR"},{"@type":"Organization","@id":"\/#organization","name":"STYLORAL PTE. LTD","url":"\/","logo":{"@type":"ImageObject","inLanguage":"fr-FR","@id":"\/#\/schema\/logo\/image\/","url":"https:\/\/www.tourcruiser.com\/wp-content\/uploads\/2025\/12\/logo.png","contentUrl":"https:\/\/www.tourcruiser.com\/wp-content\/uploads\/2025\/12\/logo.png","width":200,"height":65,"caption":"STYLORAL PTE. LTD"},"image":{"@id":"\/#\/schema\/logo\/image\/"}}]}},"_links":{"self":[{"href":"https:\/\/tourcruiser.com\/fr\/wp-json\/wp\/v2\/product\/763153","targetHints":{"allow":["GET"]}}],"collection":[{"href":"https:\/\/tourcruiser.com\/fr\/wp-json\/wp\/v2\/product"}],"about":[{"href":"https:\/\/tourcruiser.com\/fr\/wp-json\/wp\/v2\/types\/product"}],"replies":[{"embeddable":true,"href":"https:\/\/tourcruiser.com\/fr\/wp-json\/wp\/v2\/comments?post=763153"}],"wp:featuredmedia":[{"embeddable":true,"href":"https:\/\/tourcruiser.com\/fr\/wp-json\/wp\/v2\/media\/763154"}],"wp:attachment":[{"href":"https:\/\/tourcruiser.com\/fr\/wp-json\/wp\/v2\/media?parent=763153"}],"wp:term":[{"taxonomy":"product_brand","embeddable":true,"href":"https:\/\/tourcruiser.com\/fr\/wp-json\/wp\/v2\/product_brand?post=763153"},{"taxonomy":"product_cat","embeddable":true,"href":"https:\/\/tourcruiser.com\/fr\/wp-json\/wp\/v2\/product_cat?post=763153"},{"taxonomy":"product_tag","embeddable":true,"href":"https:\/\/tourcruiser.com\/fr\/wp-json\/wp\/v2\/product_tag?post=763153"}],"curies":[{"name":"wp","href":"https:\/\/api.w.org\/{rel}","templated":true}]}}