{"id":763081,"date":"2026-04-16T17:10:14","date_gmt":"2026-04-16T10:10:14","guid":{"rendered":"http:\/\/tourcruiser.com\/product\/air-jordan-11-retro-72-10-378037-002"},"modified":"2026-04-17T22:54:14","modified_gmt":"2026-04-17T15:54:14","slug":"air-jordan-11-retro-72-10-378037-002","status":"publish","type":"product","link":"https:\/\/tourcruiser.com\/fr\/products\/air-jordan-11-retro-72-10-378037-002\/","title":{"rendered":"Air Jordan 11 Retro &rsquo;72-10&prime; 378037-002"},"content":{"rendered":"<p>La Air Jordan 11 Retro 72-10, aussi appel\u00e9e 72-10, est une sneaker classique de la l\u00e9gendaire marque Jordan. Son design noir \u00e9l\u00e9gant s\u00e9duit et en fait un mod\u00e8le incontournable pour tout amateur de sneakers. Avec son style r\u00e9tro et sa qualit\u00e9 de fabrication exceptionnelle, la Air Jordan 11 Retro 72-10 est un must-have pour tous les fans de Jordan.<\/p>\n<p>Coloris\u00a0: Noir\/Noir\/Rouge Varsity<\/p>\n<p>Code article\u00a0: 378037-002<\/p>\n<p>Tige\u00a0: Cuir<\/p>\n<p>Semelle interm\u00e9diaire\u00a0: Air<\/p>\n<p>Couleur\u00a0: Noir<\/p>\n<p>Designer\u00a0: Tinker Hatfield<\/p>\n<p>Saison\u00a0: Hiver<\/p>\n<p>Ann\u00e9e de sortie\u00a0: 2015<\/p>\n<p>\u00c2ge\u00a0: Adulte<\/p>\n<p>Couleur\u00a0: Noir<\/p>\n<p>Genre\u00a0: Homme<\/p>\n","protected":false},"excerpt":{"rendered":"<p>La Air Jordan 11 Retro 72-10, aussi appel\u00e9e 72-10, est une sneaker classique de la l\u00e9gendaire marque Jordan. Son design noir \u00e9l\u00e9gant s\u00e9duit et en fait un mod\u00e8le incontournable pour tout amateur de sneakers. Avec son style r\u00e9tro et sa qualit\u00e9 de fabrication exceptionnelle, la Air Jordan 11 Retro 72-10 est un must-have pour tous [&hellip;]<\/p>\n","protected":false},"featured_media":763082,"comment_status":"open","ping_status":"closed","template":"","meta":[],"product_brand":[],"product_cat":[38880],"product_tag":[10800,38861,38842,10776,11349,38875,11129,38846],"class_list":{"0":"post-763081","1":"product","2":"type-product","3":"status-publish","4":"has-post-thumbnail","6":"product_cat-jordan","7":"product_tag-basketball-shoes","8":"product_tag-below-retail-price","9":"product_tag-gift-idea-for-him","10":"product_tag-jordan","11":"product_tag-jordan-basketball-shoes","12":"product_tag-jordan-skateboard-shoes","13":"product_tag-lightweight-basketball-shoes","14":"product_tag-performance-sports-shoes","16":"first","17":"instock","18":"taxable","19":"shipping-taxable","20":"purchasable","21":"product-type-simple"},"wcpa_form_fields":null,"yoast_head":"<!-- This site is optimized with the Yoast SEO plugin v26.5 - https:\/\/yoast.com\/wordpress\/plugins\/seo\/ -->\n<title>Air Jordan 11 Retro &#039;72-10&#039; 378037-002 - TOURCRUISER PTE. LTD<\/title>\n<meta name=\"robots\" content=\"index, follow, max-snippet:-1, max-image-preview:large, max-video-preview:-1\" \/>\n<link rel=\"canonical\" href=\"https:\/\/tourcruiser.com\/fr\/products\/air-jordan-11-retro-72-10-378037-002\/\" \/>\n<meta property=\"og:locale\" content=\"fr_FR\" \/>\n<meta property=\"og:type\" content=\"article\" \/>\n<meta property=\"og:title\" content=\"Air Jordan 11 Retro &#039;72-10&#039; 378037-002 - TOURCRUISER PTE. LTD\" \/>\n<meta property=\"og:description\" content=\"La Air Jordan 11 Retro 72-10, aussi appel\u00e9e 72-10, est une sneaker classique de la l\u00e9gendaire marque Jordan. Son design noir \u00e9l\u00e9gant s\u00e9duit et en fait un mod\u00e8le incontournable pour tout amateur de sneakers. Avec son style r\u00e9tro et sa qualit\u00e9 de fabrication exceptionnelle, la Air Jordan 11 Retro 72-10 est un must-have pour tous [&hellip;]\" \/>\n<meta property=\"og:url\" content=\"https:\/\/tourcruiser.com\/fr\/products\/air-jordan-11-retro-72-10-378037-002\/\" \/>\n<meta property=\"og:site_name\" content=\"Tourcruiser Sneaker Store\" \/>\n<meta property=\"article:modified_time\" content=\"2026-04-17T15:54:14+00:00\" \/>\n<meta name=\"twitter:card\" content=\"summary_large_image\" \/>\n<meta name=\"twitter:image\" content=\"https:\/\/images.novelship.com\/product\/air_jordan_11_retro__72_10__378037_002_0_15576.jpeg;https:\/\/images.novelship.com\/product\/air_jordan_11_retro__72_10__378037_002_1_15576.jpeg;https:\/\/images.novelship.com\/product\/air_jordan_11_retro__72_10__378037_002_2_15576.jpeg;https:\/\/images.novelship.com\/product\/air_jordan_11_retro__72_10__378037_002_3_15576.jpeg;https:\/\/images.novelship.com\/product\/air_jordan_11_retro__72_10__378037_002_4_15576.jpeg;https:\/\/images.novelship.com\/product\/air_jordan_11_retro__72_10__378037_002_5_15577.jpeg;https:\/\/images.novelship.com\/product\/air_jordan_11_retro__72_10__378037_002_6_15577.jpeg;https:\/\/images.novelship.com\/product\/air_jordan_11_retro__72_10__378037_002_7_15577.jpeg\" \/>\n<script type=\"application\/ld+json\" class=\"yoast-schema-graph\">{\"@context\":\"https:\/\/schema.org\",\"@graph\":[{\"@type\":\"WebPage\",\"@id\":\"https:\/\/tourcruiser.com\/fr\/products\/air-jordan-11-retro-72-10-378037-002\/\",\"url\":\"https:\/\/tourcruiser.com\/fr\/products\/air-jordan-11-retro-72-10-378037-002\/\",\"name\":\"Air Jordan 11 Retro '72-10' 378037-002 - TOURCRUISER PTE. LTD\",\"isPartOf\":{\"@id\":\"\/#website\"},\"primaryImageOfPage\":{\"@id\":\"https:\/\/tourcruiser.com\/fr\/products\/air-jordan-11-retro-72-10-378037-002\/#primaryimage\"},\"image\":{\"@id\":\"https:\/\/tourcruiser.com\/fr\/products\/air-jordan-11-retro-72-10-378037-002\/#primaryimage\"},\"thumbnailUrl\":\"https:\/\/images.novelship.com\/product\/air_jordan_11_retro__72_10__378037_002_0_15576.jpeg;https:\/\/images.novelship.com\/product\/air_jordan_11_retro__72_10__378037_002_1_15576.jpeg;https:\/\/images.novelship.com\/product\/air_jordan_11_retro__72_10__378037_002_2_15576.jpeg;https:\/\/images.novelship.com\/product\/air_jordan_11_retro__72_10__378037_002_3_15576.jpeg;https:\/\/images.novelship.com\/product\/air_jordan_11_retro__72_10__378037_002_4_15576.jpeg;https:\/\/images.novelship.com\/product\/air_jordan_11_retro__72_10__378037_002_5_15577.jpeg;https:\/\/images.novelship.com\/product\/air_jordan_11_retro__72_10__378037_002_6_15577.jpeg;https:\/\/images.novelship.com\/product\/air_jordan_11_retro__72_10__378037_002_7_15577.jpeg\",\"datePublished\":\"2026-04-16T10:10:14+00:00\",\"dateModified\":\"2026-04-17T15:54:14+00:00\",\"breadcrumb\":{\"@id\":\"https:\/\/tourcruiser.com\/fr\/products\/air-jordan-11-retro-72-10-378037-002\/#breadcrumb\"},\"inLanguage\":\"fr-FR\",\"potentialAction\":[{\"@type\":\"ReadAction\",\"target\":[\"https:\/\/tourcruiser.com\/fr\/products\/air-jordan-11-retro-72-10-378037-002\/\"]}]},{\"@type\":\"ImageObject\",\"inLanguage\":\"fr-FR\",\"@id\":\"https:\/\/tourcruiser.com\/fr\/products\/air-jordan-11-retro-72-10-378037-002\/#primaryimage\",\"url\":\"https:\/\/images.novelship.com\/product\/air_jordan_11_retro__72_10__378037_002_0_15576.jpeg;https:\/\/images.novelship.com\/product\/air_jordan_11_retro__72_10__378037_002_1_15576.jpeg;https:\/\/images.novelship.com\/product\/air_jordan_11_retro__72_10__378037_002_2_15576.jpeg;https:\/\/images.novelship.com\/product\/air_jordan_11_retro__72_10__378037_002_3_15576.jpeg;https:\/\/images.novelship.com\/product\/air_jordan_11_retro__72_10__378037_002_4_15576.jpeg;https:\/\/images.novelship.com\/product\/air_jordan_11_retro__72_10__378037_002_5_15577.jpeg;https:\/\/images.novelship.com\/product\/air_jordan_11_retro__72_10__378037_002_6_15577.jpeg;https:\/\/images.novelship.com\/product\/air_jordan_11_retro__72_10__378037_002_7_15577.jpeg\",\"contentUrl\":\"https:\/\/images.novelship.com\/product\/air_jordan_11_retro__72_10__378037_002_0_15576.jpeg;https:\/\/images.novelship.com\/product\/air_jordan_11_retro__72_10__378037_002_1_15576.jpeg;https:\/\/images.novelship.com\/product\/air_jordan_11_retro__72_10__378037_002_2_15576.jpeg;https:\/\/images.novelship.com\/product\/air_jordan_11_retro__72_10__378037_002_3_15576.jpeg;https:\/\/images.novelship.com\/product\/air_jordan_11_retro__72_10__378037_002_4_15576.jpeg;https:\/\/images.novelship.com\/product\/air_jordan_11_retro__72_10__378037_002_5_15577.jpeg;https:\/\/images.novelship.com\/product\/air_jordan_11_retro__72_10__378037_002_6_15577.jpeg;https:\/\/images.novelship.com\/product\/air_jordan_11_retro__72_10__378037_002_7_15577.jpeg\"},{\"@type\":\"BreadcrumbList\",\"@id\":\"https:\/\/tourcruiser.com\/fr\/products\/air-jordan-11-retro-72-10-378037-002\/#breadcrumb\",\"itemListElement\":[{\"@type\":\"ListItem\",\"position\":1,\"name\":\"Home\",\"item\":\"https:\/\/tourcruiser.com\/fr\/\"},{\"@type\":\"ListItem\",\"position\":2,\"name\":\"Shop\",\"item\":\"https:\/\/tourcruiser.com\/fr\/shop\/\"},{\"@type\":\"ListItem\",\"position\":3,\"name\":\"Air Jordan 11 Retro &#8217;72-10&#8242; 378037-002\"}]},{\"@type\":\"WebSite\",\"@id\":\"\/#website\",\"url\":\"\/\",\"name\":\"Styloral Jewelry Shop\",\"description\":\"Tourcruiser Sneaker Store \u2014 L\u2019endroit o\u00f9 l\u2019univers rencontre votre singularit\u00e9.\",\"publisher\":{\"@id\":\"\/#organization\"},\"potentialAction\":[{\"@type\":\"SearchAction\",\"target\":{\"@type\":\"EntryPoint\",\"urlTemplate\":\"\/?s={search_term_string}\"},\"query-input\":{\"@type\":\"PropertyValueSpecification\",\"valueRequired\":true,\"valueName\":\"search_term_string\"}}],\"inLanguage\":\"fr-FR\"},{\"@type\":\"Organization\",\"@id\":\"\/#organization\",\"name\":\"STYLORAL PTE. LTD\",\"url\":\"\/\",\"logo\":{\"@type\":\"ImageObject\",\"inLanguage\":\"fr-FR\",\"@id\":\"\/#\/schema\/logo\/image\/\",\"url\":\"https:\/\/www.tourcruiser.com\/wp-content\/uploads\/2025\/12\/logo.png\",\"contentUrl\":\"https:\/\/www.tourcruiser.com\/wp-content\/uploads\/2025\/12\/logo.png\",\"width\":200,\"height\":65,\"caption\":\"STYLORAL PTE. LTD\"},\"image\":{\"@id\":\"\/#\/schema\/logo\/image\/\"}}]}<\/script>\n<!-- \/ Yoast SEO plugin. -->","yoast_head_json":{"title":"Air Jordan 11 Retro '72-10' 378037-002 - TOURCRUISER PTE. LTD","robots":{"index":"index","follow":"follow","max-snippet":"max-snippet:-1","max-image-preview":"max-image-preview:large","max-video-preview":"max-video-preview:-1"},"canonical":"https:\/\/tourcruiser.com\/fr\/products\/air-jordan-11-retro-72-10-378037-002\/","og_locale":"fr_FR","og_type":"article","og_title":"Air Jordan 11 Retro '72-10' 378037-002 - TOURCRUISER PTE. LTD","og_description":"La Air Jordan 11 Retro 72-10, aussi appel\u00e9e 72-10, est une sneaker classique de la l\u00e9gendaire marque Jordan. Son design noir \u00e9l\u00e9gant s\u00e9duit et en fait un mod\u00e8le incontournable pour tout amateur de sneakers. Avec son style r\u00e9tro et sa qualit\u00e9 de fabrication exceptionnelle, la Air Jordan 11 Retro 72-10 est un must-have pour tous [&hellip;]","og_url":"https:\/\/tourcruiser.com\/fr\/products\/air-jordan-11-retro-72-10-378037-002\/","og_site_name":"Tourcruiser Sneaker Store","article_modified_time":"2026-04-17T15:54:14+00:00","twitter_card":"summary_large_image","twitter_image":"https:\/\/images.novelship.com\/product\/air_jordan_11_retro__72_10__378037_002_0_15576.jpeg;https:\/\/images.novelship.com\/product\/air_jordan_11_retro__72_10__378037_002_1_15576.jpeg;https:\/\/images.novelship.com\/product\/air_jordan_11_retro__72_10__378037_002_2_15576.jpeg;https:\/\/images.novelship.com\/product\/air_jordan_11_retro__72_10__378037_002_3_15576.jpeg;https:\/\/images.novelship.com\/product\/air_jordan_11_retro__72_10__378037_002_4_15576.jpeg;https:\/\/images.novelship.com\/product\/air_jordan_11_retro__72_10__378037_002_5_15577.jpeg;https:\/\/images.novelship.com\/product\/air_jordan_11_retro__72_10__378037_002_6_15577.jpeg;https:\/\/images.novelship.com\/product\/air_jordan_11_retro__72_10__378037_002_7_15577.jpeg","schema":{"@context":"https:\/\/schema.org","@graph":[{"@type":"WebPage","@id":"https:\/\/tourcruiser.com\/fr\/products\/air-jordan-11-retro-72-10-378037-002\/","url":"https:\/\/tourcruiser.com\/fr\/products\/air-jordan-11-retro-72-10-378037-002\/","name":"Air Jordan 11 Retro '72-10' 378037-002 - TOURCRUISER PTE. LTD","isPartOf":{"@id":"\/#website"},"primaryImageOfPage":{"@id":"https:\/\/tourcruiser.com\/fr\/products\/air-jordan-11-retro-72-10-378037-002\/#primaryimage"},"image":{"@id":"https:\/\/tourcruiser.com\/fr\/products\/air-jordan-11-retro-72-10-378037-002\/#primaryimage"},"thumbnailUrl":"https:\/\/images.novelship.com\/product\/air_jordan_11_retro__72_10__378037_002_0_15576.jpeg;https:\/\/images.novelship.com\/product\/air_jordan_11_retro__72_10__378037_002_1_15576.jpeg;https:\/\/images.novelship.com\/product\/air_jordan_11_retro__72_10__378037_002_2_15576.jpeg;https:\/\/images.novelship.com\/product\/air_jordan_11_retro__72_10__378037_002_3_15576.jpeg;https:\/\/images.novelship.com\/product\/air_jordan_11_retro__72_10__378037_002_4_15576.jpeg;https:\/\/images.novelship.com\/product\/air_jordan_11_retro__72_10__378037_002_5_15577.jpeg;https:\/\/images.novelship.com\/product\/air_jordan_11_retro__72_10__378037_002_6_15577.jpeg;https:\/\/images.novelship.com\/product\/air_jordan_11_retro__72_10__378037_002_7_15577.jpeg","datePublished":"2026-04-16T10:10:14+00:00","dateModified":"2026-04-17T15:54:14+00:00","breadcrumb":{"@id":"https:\/\/tourcruiser.com\/fr\/products\/air-jordan-11-retro-72-10-378037-002\/#breadcrumb"},"inLanguage":"fr-FR","potentialAction":[{"@type":"ReadAction","target":["https:\/\/tourcruiser.com\/fr\/products\/air-jordan-11-retro-72-10-378037-002\/"]}]},{"@type":"ImageObject","inLanguage":"fr-FR","@id":"https:\/\/tourcruiser.com\/fr\/products\/air-jordan-11-retro-72-10-378037-002\/#primaryimage","url":"https:\/\/images.novelship.com\/product\/air_jordan_11_retro__72_10__378037_002_0_15576.jpeg;https:\/\/images.novelship.com\/product\/air_jordan_11_retro__72_10__378037_002_1_15576.jpeg;https:\/\/images.novelship.com\/product\/air_jordan_11_retro__72_10__378037_002_2_15576.jpeg;https:\/\/images.novelship.com\/product\/air_jordan_11_retro__72_10__378037_002_3_15576.jpeg;https:\/\/images.novelship.com\/product\/air_jordan_11_retro__72_10__378037_002_4_15576.jpeg;https:\/\/images.novelship.com\/product\/air_jordan_11_retro__72_10__378037_002_5_15577.jpeg;https:\/\/images.novelship.com\/product\/air_jordan_11_retro__72_10__378037_002_6_15577.jpeg;https:\/\/images.novelship.com\/product\/air_jordan_11_retro__72_10__378037_002_7_15577.jpeg","contentUrl":"https:\/\/images.novelship.com\/product\/air_jordan_11_retro__72_10__378037_002_0_15576.jpeg;https:\/\/images.novelship.com\/product\/air_jordan_11_retro__72_10__378037_002_1_15576.jpeg;https:\/\/images.novelship.com\/product\/air_jordan_11_retro__72_10__378037_002_2_15576.jpeg;https:\/\/images.novelship.com\/product\/air_jordan_11_retro__72_10__378037_002_3_15576.jpeg;https:\/\/images.novelship.com\/product\/air_jordan_11_retro__72_10__378037_002_4_15576.jpeg;https:\/\/images.novelship.com\/product\/air_jordan_11_retro__72_10__378037_002_5_15577.jpeg;https:\/\/images.novelship.com\/product\/air_jordan_11_retro__72_10__378037_002_6_15577.jpeg;https:\/\/images.novelship.com\/product\/air_jordan_11_retro__72_10__378037_002_7_15577.jpeg"},{"@type":"BreadcrumbList","@id":"https:\/\/tourcruiser.com\/fr\/products\/air-jordan-11-retro-72-10-378037-002\/#breadcrumb","itemListElement":[{"@type":"ListItem","position":1,"name":"Home","item":"https:\/\/tourcruiser.com\/fr\/"},{"@type":"ListItem","position":2,"name":"Shop","item":"https:\/\/tourcruiser.com\/fr\/shop\/"},{"@type":"ListItem","position":3,"name":"Air Jordan 11 Retro &#8217;72-10&#8242; 378037-002"}]},{"@type":"WebSite","@id":"\/#website","url":"\/","name":"Styloral Jewelry Shop","description":"Tourcruiser Sneaker Store \u2014 L\u2019endroit o\u00f9 l\u2019univers rencontre votre singularit\u00e9.","publisher":{"@id":"\/#organization"},"potentialAction":[{"@type":"SearchAction","target":{"@type":"EntryPoint","urlTemplate":"\/?s={search_term_string}"},"query-input":{"@type":"PropertyValueSpecification","valueRequired":true,"valueName":"search_term_string"}}],"inLanguage":"fr-FR"},{"@type":"Organization","@id":"\/#organization","name":"STYLORAL PTE. LTD","url":"\/","logo":{"@type":"ImageObject","inLanguage":"fr-FR","@id":"\/#\/schema\/logo\/image\/","url":"https:\/\/www.tourcruiser.com\/wp-content\/uploads\/2025\/12\/logo.png","contentUrl":"https:\/\/www.tourcruiser.com\/wp-content\/uploads\/2025\/12\/logo.png","width":200,"height":65,"caption":"STYLORAL PTE. LTD"},"image":{"@id":"\/#\/schema\/logo\/image\/"}}]}},"_links":{"self":[{"href":"https:\/\/tourcruiser.com\/fr\/wp-json\/wp\/v2\/product\/763081","targetHints":{"allow":["GET"]}}],"collection":[{"href":"https:\/\/tourcruiser.com\/fr\/wp-json\/wp\/v2\/product"}],"about":[{"href":"https:\/\/tourcruiser.com\/fr\/wp-json\/wp\/v2\/types\/product"}],"replies":[{"embeddable":true,"href":"https:\/\/tourcruiser.com\/fr\/wp-json\/wp\/v2\/comments?post=763081"}],"wp:featuredmedia":[{"embeddable":true,"href":"https:\/\/tourcruiser.com\/fr\/wp-json\/wp\/v2\/media\/763082"}],"wp:attachment":[{"href":"https:\/\/tourcruiser.com\/fr\/wp-json\/wp\/v2\/media?parent=763081"}],"wp:term":[{"taxonomy":"product_brand","embeddable":true,"href":"https:\/\/tourcruiser.com\/fr\/wp-json\/wp\/v2\/product_brand?post=763081"},{"taxonomy":"product_cat","embeddable":true,"href":"https:\/\/tourcruiser.com\/fr\/wp-json\/wp\/v2\/product_cat?post=763081"},{"taxonomy":"product_tag","embeddable":true,"href":"https:\/\/tourcruiser.com\/fr\/wp-json\/wp\/v2\/product_tag?post=763081"}],"curies":[{"name":"wp","href":"https:\/\/api.w.org\/{rel}","templated":true}]}}