{"id":762926,"date":"2026-04-16T17:10:10","date_gmt":"2026-04-16T10:10:10","guid":{"rendered":"http:\/\/tourcruiser.com\/product\/stone-island-x-tokyo-design-studio-x-new-balance-grey-msrcelst"},"modified":"2026-04-17T22:54:04","modified_gmt":"2026-04-17T15:54:04","slug":"stone-island-x-tokyo-design-studio-x-new-balance-grey-msrcelst","status":"publish","type":"product","link":"https:\/\/tourcruiser.com\/fr\/products\/stone-island-x-tokyo-design-studio-x-new-balance-grey-msrcelst\/","title":{"rendered":"Stone Island x Tokyo Design Studio x New Balance &lsquo;Grey&rsquo; MSRCELST"},"content":{"rendered":"<p>La sneaker Stone Island x Tokyo Design Studio x New Balance MSRCELST Grey est le fruit d&rsquo;une collaboration entre trois marques embl\u00e9matiques, alliant style, innovation et confort. Avec son design \u00e9l\u00e9gant et sa couleur grise, cette sneaker New Balance est id\u00e9ale pour les loisirs comme pour le sport. Gr\u00e2ce \u00e0 ses mat\u00e9riaux de haute qualit\u00e9, elle offre durabilit\u00e9 et maintien optimal. Compl\u00e9tez votre collection de chaussures avec cette sneaker unique et tendance.<\/p>\n<p>Couleur : Nuage de pluie\/Rouge \u00e9nergie<\/p>\n<p>Code article : MSRCELST<\/p>\n<p>Tige : Mesh<\/p>\n<p>Semelle interm\u00e9diaire : FuelCell<\/p>\n<p>Couleur : Blanc<\/p>\n<p>Saison : \u00c9t\u00e9<\/p>\n<p>Ann\u00e9e de sortie : 2022<\/p>\n<p>\u00c2ge : Adulte<\/p>\n<p>Couleur : Blanc<\/p>\n<p>Genre : Homme<\/p>\n","protected":false},"excerpt":{"rendered":"<p>La sneaker Stone Island x Tokyo Design Studio x New Balance MSRCELST Grey est le fruit d&rsquo;une collaboration entre trois marques embl\u00e9matiques, alliant style, innovation et confort. Avec son design \u00e9l\u00e9gant et sa couleur grise, cette sneaker New Balance est id\u00e9ale pour les loisirs comme pour le sport. Gr\u00e2ce \u00e0 ses mat\u00e9riaux de haute qualit\u00e9, [&hellip;]<\/p>\n","protected":false},"featured_media":762927,"comment_status":"open","ping_status":"closed","template":"","meta":[],"product_brand":[],"product_cat":[10771],"product_tag":[38841,38842,10766,10767,10768,10840],"class_list":{"0":"post-762926","1":"product","2":"type-product","3":"status-publish","4":"has-post-thumbnail","6":"product_cat-new-balance","7":"product_tag-casual-shoes","8":"product_tag-gift-idea-for-him","9":"product_tag-new-balance","10":"product_tag-new-balance-running-shoes","11":"product_tag-retro-running-shoes","12":"product_tag-running-shoes","13":"wcpa_has_options","15":"first","16":"instock","17":"taxable","18":"shipping-taxable","19":"purchasable","20":"product-type-simple"},"wcpa_form_fields":{"rules":{"pric_overide_base_price":false,"pric_overide_base_price_if_gt_zero":false,"pric_overide_base_price_fully":false,"pric_cal_option_once":false,"pric_use_as_fee":false,"bind_quantity":false,"quantity_bind_formula":false},"fields":[{"type":"color-group","required":true,"elementId":"wcpa-color-group-66c4a928225d2","label":"Taille","inline":true,"priceOptions":"different_for_all","pricingType":"fixed","className":"hassizechart product-shoes-size-eu product-shoes-size","name":"color-group-66c4a928225e2","disp_type":"square","selection_type":"tick-border","disp_size":"50","show_label_inside":true,"adjust_width":true,"cart_display_type":"text","other_text":"Other","cl_rule":"show","col":6,"values":[{"label":"35","value":"EU 35","price":"","pimage":"","pimage_id":"","pthumb":"","color":""},{"label":"36","value":"EU 36","price":"","pimage":"","pimage_id":"","pthumb":"","color":"","selected":true},{"label":"37","value":"EU 37","price":"","pimage":"","pimage_id":"","pthumb":"","color":""},{"label":"37.5","value":"EU 37.5","price":"","pimage":"","pimage_id":"","pthumb":"","color":""},{"label":"38","value":"EU 38","price":"","pimage":"","pimage_id":"","pthumb":"","color":""},{"label":"38.5","value":"EU 38.5","price":"","pimage":"","pimage_id":"","pthumb":"","color":""},{"label":"39","value":"EU 39","price":"","pimage":"","pimage_id":"","pthumb":"","color":""},{"label":"39.5","value":"EU 39.5","price":"","pimage":"","pimage_id":"","pthumb":"","color":""},{"label":"40","value":"EU 40","price":"","pimage":"","pimage_id":"","pthumb":"","color":""},{"label":"40.5","value":"EU 40.5","price":"","pimage":"","pimage_id":"","pthumb":"","color":""},{"label":" 41.5","value":"EU 41.5","price":"","pimage":"","pimage_id":"","pthumb":"","color":""},{"label":"42","value":"EU 42","price":"","pimage":"","pimage_id":"","pthumb":"","color":""},{"label":"42.5","value":"EU 42.5","price":"","pimage":"","pimage_id":"","pthumb":"","color":""},{"label":"43","value":"EU 43","price":"","pimage":"","pimage_id":"","pthumb":"","color":""},{"label":"44","value":"EU 44","price":"","pimage":"","pimage_id":"","pthumb":"","color":""},{"label":"44.5","value":"EU 44.5","price":"","pimage":"","pimage_id":"","pthumb":"","color":""},{"label":"45","value":"EU 45","price":"","pimage":"","pimage_id":"","pthumb":"","color":""},{"label":"45.5","value":"EU 45.5","price":"","pimage":"","pimage_id":"","pthumb":"","color":""},{"label":"46","value":"EU 46","price":"","pimage":"","pimage_id":"","pthumb":"","color":""}],"relations":[{"operator":false,"rules":[]}],"form_id":24803,"form_rules":{"pric_cal_option_once":false,"exclude_from_discount":false,"pric_use_as_fee":false,"fee_label":"Fee","render_after_acb":false,"disp_hide_options_price":false}}]},"yoast_head":"<!-- This site is optimized with the Yoast SEO plugin v26.5 - https:\/\/yoast.com\/wordpress\/plugins\/seo\/ -->\n<title>Stone Island x Tokyo Design Studio x New Balance &#039;Grey&#039; MSRCELST - TOURCRUISER PTE. LTD<\/title>\n<meta name=\"robots\" content=\"index, follow, max-snippet:-1, max-image-preview:large, max-video-preview:-1\" \/>\n<link rel=\"canonical\" href=\"https:\/\/tourcruiser.com\/fr\/products\/stone-island-x-tokyo-design-studio-x-new-balance-grey-msrcelst\/\" \/>\n<meta property=\"og:locale\" content=\"fr_FR\" \/>\n<meta property=\"og:type\" content=\"article\" \/>\n<meta property=\"og:title\" content=\"Stone Island x Tokyo Design Studio x New Balance &#039;Grey&#039; MSRCELST - TOURCRUISER PTE. LTD\" \/>\n<meta property=\"og:description\" content=\"La sneaker Stone Island x Tokyo Design Studio x New Balance MSRCELST Grey est le fruit d&rsquo;une collaboration entre trois marques embl\u00e9matiques, alliant style, innovation et confort. Avec son design \u00e9l\u00e9gant et sa couleur grise, cette sneaker New Balance est id\u00e9ale pour les loisirs comme pour le sport. Gr\u00e2ce \u00e0 ses mat\u00e9riaux de haute qualit\u00e9, [&hellip;]\" \/>\n<meta property=\"og:url\" content=\"https:\/\/tourcruiser.com\/fr\/products\/stone-island-x-tokyo-design-studio-x-new-balance-grey-msrcelst\/\" \/>\n<meta property=\"og:site_name\" content=\"Tourcruiser Sneaker Store\" \/>\n<meta property=\"article:modified_time\" content=\"2026-04-17T15:54:04+00:00\" \/>\n<meta name=\"twitter:card\" content=\"summary_large_image\" \/>\n<meta name=\"twitter:image\" content=\"https:\/\/images.novelship.com\/product\/stone_island_x_tokyo_design_studio_x_new_balance___0_64039.jpeg;https:\/\/images.novelship.com\/product\/stone_island_x_tokyo_design_studio_x_new_balance___1_64039.jpeg;https:\/\/images.novelship.com\/product\/stone_island_x_tokyo_design_studio_x_new_balance___2_64039.jpeg;https:\/\/images.novelship.com\/product\/stone_island_x_tokyo_design_studio_x_new_balance___3_64039.jpeg;https:\/\/images.novelship.com\/product\/stone_island_x_tokyo_design_studio_x_new_balance___4_64039.jpeg;https:\/\/images.novelship.com\/product\/stone_island_x_tokyo_design_studio_x_new_balance___5_64039.jpeg;https:\/\/images.novelship.com\/product\/stone_island_x_tokyo_design_studio_x_new_balance___6_64039.jpeg;https:\/\/images.novelship.com\/product\/stone_island_x_tokyo_design_studio_x_new_balance___7_64039.jpeg\" \/>\n<meta name=\"twitter:label1\" content=\"Dur\u00e9e de lecture estim\u00e9e\" \/>\n\t<meta name=\"twitter:data1\" content=\"1 minute\" \/>\n<script type=\"application\/ld+json\" class=\"yoast-schema-graph\">{\"@context\":\"https:\/\/schema.org\",\"@graph\":[{\"@type\":\"WebPage\",\"@id\":\"https:\/\/tourcruiser.com\/fr\/products\/stone-island-x-tokyo-design-studio-x-new-balance-grey-msrcelst\/\",\"url\":\"https:\/\/tourcruiser.com\/fr\/products\/stone-island-x-tokyo-design-studio-x-new-balance-grey-msrcelst\/\",\"name\":\"Stone Island x Tokyo Design Studio x New Balance 'Grey' MSRCELST - TOURCRUISER PTE. LTD\",\"isPartOf\":{\"@id\":\"\/#website\"},\"primaryImageOfPage\":{\"@id\":\"https:\/\/tourcruiser.com\/fr\/products\/stone-island-x-tokyo-design-studio-x-new-balance-grey-msrcelst\/#primaryimage\"},\"image\":{\"@id\":\"https:\/\/tourcruiser.com\/fr\/products\/stone-island-x-tokyo-design-studio-x-new-balance-grey-msrcelst\/#primaryimage\"},\"thumbnailUrl\":\"https:\/\/images.novelship.com\/product\/stone_island_x_tokyo_design_studio_x_new_balance___0_64039.jpeg;https:\/\/images.novelship.com\/product\/stone_island_x_tokyo_design_studio_x_new_balance___1_64039.jpeg;https:\/\/images.novelship.com\/product\/stone_island_x_tokyo_design_studio_x_new_balance___2_64039.jpeg;https:\/\/images.novelship.com\/product\/stone_island_x_tokyo_design_studio_x_new_balance___3_64039.jpeg;https:\/\/images.novelship.com\/product\/stone_island_x_tokyo_design_studio_x_new_balance___4_64039.jpeg;https:\/\/images.novelship.com\/product\/stone_island_x_tokyo_design_studio_x_new_balance___5_64039.jpeg;https:\/\/images.novelship.com\/product\/stone_island_x_tokyo_design_studio_x_new_balance___6_64039.jpeg;https:\/\/images.novelship.com\/product\/stone_island_x_tokyo_design_studio_x_new_balance___7_64039.jpeg\",\"datePublished\":\"2026-04-16T10:10:10+00:00\",\"dateModified\":\"2026-04-17T15:54:04+00:00\",\"breadcrumb\":{\"@id\":\"https:\/\/tourcruiser.com\/fr\/products\/stone-island-x-tokyo-design-studio-x-new-balance-grey-msrcelst\/#breadcrumb\"},\"inLanguage\":\"fr-FR\",\"potentialAction\":[{\"@type\":\"ReadAction\",\"target\":[\"https:\/\/tourcruiser.com\/fr\/products\/stone-island-x-tokyo-design-studio-x-new-balance-grey-msrcelst\/\"]}]},{\"@type\":\"ImageObject\",\"inLanguage\":\"fr-FR\",\"@id\":\"https:\/\/tourcruiser.com\/fr\/products\/stone-island-x-tokyo-design-studio-x-new-balance-grey-msrcelst\/#primaryimage\",\"url\":\"https:\/\/images.novelship.com\/product\/stone_island_x_tokyo_design_studio_x_new_balance___0_64039.jpeg;https:\/\/images.novelship.com\/product\/stone_island_x_tokyo_design_studio_x_new_balance___1_64039.jpeg;https:\/\/images.novelship.com\/product\/stone_island_x_tokyo_design_studio_x_new_balance___2_64039.jpeg;https:\/\/images.novelship.com\/product\/stone_island_x_tokyo_design_studio_x_new_balance___3_64039.jpeg;https:\/\/images.novelship.com\/product\/stone_island_x_tokyo_design_studio_x_new_balance___4_64039.jpeg;https:\/\/images.novelship.com\/product\/stone_island_x_tokyo_design_studio_x_new_balance___5_64039.jpeg;https:\/\/images.novelship.com\/product\/stone_island_x_tokyo_design_studio_x_new_balance___6_64039.jpeg;https:\/\/images.novelship.com\/product\/stone_island_x_tokyo_design_studio_x_new_balance___7_64039.jpeg\",\"contentUrl\":\"https:\/\/images.novelship.com\/product\/stone_island_x_tokyo_design_studio_x_new_balance___0_64039.jpeg;https:\/\/images.novelship.com\/product\/stone_island_x_tokyo_design_studio_x_new_balance___1_64039.jpeg;https:\/\/images.novelship.com\/product\/stone_island_x_tokyo_design_studio_x_new_balance___2_64039.jpeg;https:\/\/images.novelship.com\/product\/stone_island_x_tokyo_design_studio_x_new_balance___3_64039.jpeg;https:\/\/images.novelship.com\/product\/stone_island_x_tokyo_design_studio_x_new_balance___4_64039.jpeg;https:\/\/images.novelship.com\/product\/stone_island_x_tokyo_design_studio_x_new_balance___5_64039.jpeg;https:\/\/images.novelship.com\/product\/stone_island_x_tokyo_design_studio_x_new_balance___6_64039.jpeg;https:\/\/images.novelship.com\/product\/stone_island_x_tokyo_design_studio_x_new_balance___7_64039.jpeg\"},{\"@type\":\"BreadcrumbList\",\"@id\":\"https:\/\/tourcruiser.com\/fr\/products\/stone-island-x-tokyo-design-studio-x-new-balance-grey-msrcelst\/#breadcrumb\",\"itemListElement\":[{\"@type\":\"ListItem\",\"position\":1,\"name\":\"Home\",\"item\":\"https:\/\/tourcruiser.com\/fr\/\"},{\"@type\":\"ListItem\",\"position\":2,\"name\":\"Shop\",\"item\":\"https:\/\/tourcruiser.com\/fr\/shop\/\"},{\"@type\":\"ListItem\",\"position\":3,\"name\":\"Stone Island x Tokyo Design Studio x New Balance &#8216;Grey&#8217; MSRCELST\"}]},{\"@type\":\"WebSite\",\"@id\":\"\/#website\",\"url\":\"\/\",\"name\":\"Styloral Jewelry Shop\",\"description\":\"Tourcruiser Sneaker Store \u2014 L\u2019endroit o\u00f9 l\u2019univers rencontre votre singularit\u00e9.\",\"publisher\":{\"@id\":\"\/#organization\"},\"potentialAction\":[{\"@type\":\"SearchAction\",\"target\":{\"@type\":\"EntryPoint\",\"urlTemplate\":\"\/?s={search_term_string}\"},\"query-input\":{\"@type\":\"PropertyValueSpecification\",\"valueRequired\":true,\"valueName\":\"search_term_string\"}}],\"inLanguage\":\"fr-FR\"},{\"@type\":\"Organization\",\"@id\":\"\/#organization\",\"name\":\"STYLORAL PTE. LTD\",\"url\":\"\/\",\"logo\":{\"@type\":\"ImageObject\",\"inLanguage\":\"fr-FR\",\"@id\":\"\/#\/schema\/logo\/image\/\",\"url\":\"https:\/\/www.tourcruiser.com\/wp-content\/uploads\/2025\/12\/logo.png\",\"contentUrl\":\"https:\/\/www.tourcruiser.com\/wp-content\/uploads\/2025\/12\/logo.png\",\"width\":200,\"height\":65,\"caption\":\"STYLORAL PTE. LTD\"},\"image\":{\"@id\":\"\/#\/schema\/logo\/image\/\"}}]}<\/script>\n<!-- \/ Yoast SEO plugin. -->","yoast_head_json":{"title":"Stone Island x Tokyo Design Studio x New Balance 'Grey' MSRCELST - TOURCRUISER PTE. LTD","robots":{"index":"index","follow":"follow","max-snippet":"max-snippet:-1","max-image-preview":"max-image-preview:large","max-video-preview":"max-video-preview:-1"},"canonical":"https:\/\/tourcruiser.com\/fr\/products\/stone-island-x-tokyo-design-studio-x-new-balance-grey-msrcelst\/","og_locale":"fr_FR","og_type":"article","og_title":"Stone Island x Tokyo Design Studio x New Balance 'Grey' MSRCELST - TOURCRUISER PTE. LTD","og_description":"La sneaker Stone Island x Tokyo Design Studio x New Balance MSRCELST Grey est le fruit d&rsquo;une collaboration entre trois marques embl\u00e9matiques, alliant style, innovation et confort. Avec son design \u00e9l\u00e9gant et sa couleur grise, cette sneaker New Balance est id\u00e9ale pour les loisirs comme pour le sport. Gr\u00e2ce \u00e0 ses mat\u00e9riaux de haute qualit\u00e9, [&hellip;]","og_url":"https:\/\/tourcruiser.com\/fr\/products\/stone-island-x-tokyo-design-studio-x-new-balance-grey-msrcelst\/","og_site_name":"Tourcruiser Sneaker Store","article_modified_time":"2026-04-17T15:54:04+00:00","twitter_card":"summary_large_image","twitter_image":"https:\/\/images.novelship.com\/product\/stone_island_x_tokyo_design_studio_x_new_balance___0_64039.jpeg;https:\/\/images.novelship.com\/product\/stone_island_x_tokyo_design_studio_x_new_balance___1_64039.jpeg;https:\/\/images.novelship.com\/product\/stone_island_x_tokyo_design_studio_x_new_balance___2_64039.jpeg;https:\/\/images.novelship.com\/product\/stone_island_x_tokyo_design_studio_x_new_balance___3_64039.jpeg;https:\/\/images.novelship.com\/product\/stone_island_x_tokyo_design_studio_x_new_balance___4_64039.jpeg;https:\/\/images.novelship.com\/product\/stone_island_x_tokyo_design_studio_x_new_balance___5_64039.jpeg;https:\/\/images.novelship.com\/product\/stone_island_x_tokyo_design_studio_x_new_balance___6_64039.jpeg;https:\/\/images.novelship.com\/product\/stone_island_x_tokyo_design_studio_x_new_balance___7_64039.jpeg","twitter_misc":{"Dur\u00e9e de lecture estim\u00e9e":"1 minute"},"schema":{"@context":"https:\/\/schema.org","@graph":[{"@type":"WebPage","@id":"https:\/\/tourcruiser.com\/fr\/products\/stone-island-x-tokyo-design-studio-x-new-balance-grey-msrcelst\/","url":"https:\/\/tourcruiser.com\/fr\/products\/stone-island-x-tokyo-design-studio-x-new-balance-grey-msrcelst\/","name":"Stone Island x Tokyo Design Studio x New Balance 'Grey' MSRCELST - TOURCRUISER PTE. LTD","isPartOf":{"@id":"\/#website"},"primaryImageOfPage":{"@id":"https:\/\/tourcruiser.com\/fr\/products\/stone-island-x-tokyo-design-studio-x-new-balance-grey-msrcelst\/#primaryimage"},"image":{"@id":"https:\/\/tourcruiser.com\/fr\/products\/stone-island-x-tokyo-design-studio-x-new-balance-grey-msrcelst\/#primaryimage"},"thumbnailUrl":"https:\/\/images.novelship.com\/product\/stone_island_x_tokyo_design_studio_x_new_balance___0_64039.jpeg;https:\/\/images.novelship.com\/product\/stone_island_x_tokyo_design_studio_x_new_balance___1_64039.jpeg;https:\/\/images.novelship.com\/product\/stone_island_x_tokyo_design_studio_x_new_balance___2_64039.jpeg;https:\/\/images.novelship.com\/product\/stone_island_x_tokyo_design_studio_x_new_balance___3_64039.jpeg;https:\/\/images.novelship.com\/product\/stone_island_x_tokyo_design_studio_x_new_balance___4_64039.jpeg;https:\/\/images.novelship.com\/product\/stone_island_x_tokyo_design_studio_x_new_balance___5_64039.jpeg;https:\/\/images.novelship.com\/product\/stone_island_x_tokyo_design_studio_x_new_balance___6_64039.jpeg;https:\/\/images.novelship.com\/product\/stone_island_x_tokyo_design_studio_x_new_balance___7_64039.jpeg","datePublished":"2026-04-16T10:10:10+00:00","dateModified":"2026-04-17T15:54:04+00:00","breadcrumb":{"@id":"https:\/\/tourcruiser.com\/fr\/products\/stone-island-x-tokyo-design-studio-x-new-balance-grey-msrcelst\/#breadcrumb"},"inLanguage":"fr-FR","potentialAction":[{"@type":"ReadAction","target":["https:\/\/tourcruiser.com\/fr\/products\/stone-island-x-tokyo-design-studio-x-new-balance-grey-msrcelst\/"]}]},{"@type":"ImageObject","inLanguage":"fr-FR","@id":"https:\/\/tourcruiser.com\/fr\/products\/stone-island-x-tokyo-design-studio-x-new-balance-grey-msrcelst\/#primaryimage","url":"https:\/\/images.novelship.com\/product\/stone_island_x_tokyo_design_studio_x_new_balance___0_64039.jpeg;https:\/\/images.novelship.com\/product\/stone_island_x_tokyo_design_studio_x_new_balance___1_64039.jpeg;https:\/\/images.novelship.com\/product\/stone_island_x_tokyo_design_studio_x_new_balance___2_64039.jpeg;https:\/\/images.novelship.com\/product\/stone_island_x_tokyo_design_studio_x_new_balance___3_64039.jpeg;https:\/\/images.novelship.com\/product\/stone_island_x_tokyo_design_studio_x_new_balance___4_64039.jpeg;https:\/\/images.novelship.com\/product\/stone_island_x_tokyo_design_studio_x_new_balance___5_64039.jpeg;https:\/\/images.novelship.com\/product\/stone_island_x_tokyo_design_studio_x_new_balance___6_64039.jpeg;https:\/\/images.novelship.com\/product\/stone_island_x_tokyo_design_studio_x_new_balance___7_64039.jpeg","contentUrl":"https:\/\/images.novelship.com\/product\/stone_island_x_tokyo_design_studio_x_new_balance___0_64039.jpeg;https:\/\/images.novelship.com\/product\/stone_island_x_tokyo_design_studio_x_new_balance___1_64039.jpeg;https:\/\/images.novelship.com\/product\/stone_island_x_tokyo_design_studio_x_new_balance___2_64039.jpeg;https:\/\/images.novelship.com\/product\/stone_island_x_tokyo_design_studio_x_new_balance___3_64039.jpeg;https:\/\/images.novelship.com\/product\/stone_island_x_tokyo_design_studio_x_new_balance___4_64039.jpeg;https:\/\/images.novelship.com\/product\/stone_island_x_tokyo_design_studio_x_new_balance___5_64039.jpeg;https:\/\/images.novelship.com\/product\/stone_island_x_tokyo_design_studio_x_new_balance___6_64039.jpeg;https:\/\/images.novelship.com\/product\/stone_island_x_tokyo_design_studio_x_new_balance___7_64039.jpeg"},{"@type":"BreadcrumbList","@id":"https:\/\/tourcruiser.com\/fr\/products\/stone-island-x-tokyo-design-studio-x-new-balance-grey-msrcelst\/#breadcrumb","itemListElement":[{"@type":"ListItem","position":1,"name":"Home","item":"https:\/\/tourcruiser.com\/fr\/"},{"@type":"ListItem","position":2,"name":"Shop","item":"https:\/\/tourcruiser.com\/fr\/shop\/"},{"@type":"ListItem","position":3,"name":"Stone Island x Tokyo Design Studio x New Balance &#8216;Grey&#8217; MSRCELST"}]},{"@type":"WebSite","@id":"\/#website","url":"\/","name":"Styloral Jewelry Shop","description":"Tourcruiser Sneaker Store \u2014 L\u2019endroit o\u00f9 l\u2019univers rencontre votre singularit\u00e9.","publisher":{"@id":"\/#organization"},"potentialAction":[{"@type":"SearchAction","target":{"@type":"EntryPoint","urlTemplate":"\/?s={search_term_string}"},"query-input":{"@type":"PropertyValueSpecification","valueRequired":true,"valueName":"search_term_string"}}],"inLanguage":"fr-FR"},{"@type":"Organization","@id":"\/#organization","name":"STYLORAL PTE. LTD","url":"\/","logo":{"@type":"ImageObject","inLanguage":"fr-FR","@id":"\/#\/schema\/logo\/image\/","url":"https:\/\/www.tourcruiser.com\/wp-content\/uploads\/2025\/12\/logo.png","contentUrl":"https:\/\/www.tourcruiser.com\/wp-content\/uploads\/2025\/12\/logo.png","width":200,"height":65,"caption":"STYLORAL PTE. LTD"},"image":{"@id":"\/#\/schema\/logo\/image\/"}}]}},"_links":{"self":[{"href":"https:\/\/tourcruiser.com\/fr\/wp-json\/wp\/v2\/product\/762926","targetHints":{"allow":["GET"]}}],"collection":[{"href":"https:\/\/tourcruiser.com\/fr\/wp-json\/wp\/v2\/product"}],"about":[{"href":"https:\/\/tourcruiser.com\/fr\/wp-json\/wp\/v2\/types\/product"}],"replies":[{"embeddable":true,"href":"https:\/\/tourcruiser.com\/fr\/wp-json\/wp\/v2\/comments?post=762926"}],"wp:featuredmedia":[{"embeddable":true,"href":"https:\/\/tourcruiser.com\/fr\/wp-json\/wp\/v2\/media\/762927"}],"wp:attachment":[{"href":"https:\/\/tourcruiser.com\/fr\/wp-json\/wp\/v2\/media?parent=762926"}],"wp:term":[{"taxonomy":"product_brand","embeddable":true,"href":"https:\/\/tourcruiser.com\/fr\/wp-json\/wp\/v2\/product_brand?post=762926"},{"taxonomy":"product_cat","embeddable":true,"href":"https:\/\/tourcruiser.com\/fr\/wp-json\/wp\/v2\/product_cat?post=762926"},{"taxonomy":"product_tag","embeddable":true,"href":"https:\/\/tourcruiser.com\/fr\/wp-json\/wp\/v2\/product_tag?post=762926"}],"curies":[{"name":"wp","href":"https:\/\/api.w.org\/{rel}","templated":true}]}}