{"id":762870,"date":"2026-04-16T17:10:09","date_gmt":"2026-04-16T10:10:09","guid":{"rendered":"http:\/\/tourcruiser.com\/product\/tokyo-design-studio-x-new-balance-fuelcell-rc-elite-v2-japan-msrcelto"},"modified":"2026-04-17T22:53:59","modified_gmt":"2026-04-17T15:53:59","slug":"tokyo-design-studio-x-new-balance-fuelcell-rc-elite-v2-japan-msrcelto","status":"publish","type":"product","link":"https:\/\/tourcruiser.com\/fr\/products\/tokyo-design-studio-x-new-balance-fuelcell-rc-elite-v2-japan-msrcelto\/","title":{"rendered":"Tokyo Design Studio x New Balance FuelCell RC Elite v2 &lsquo;Japan&rsquo; MSRCELTO"},"content":{"rendered":"<p>D\u00e9couvrez les sneakers New Balance FuelCell RC Elite v2 Japan, fruit de la collaboration entre Tokyo Design Studio et New Balance Design Studio. Ces sneakers allient technologie de pointe et design minimaliste. Gr\u00e2ce \u00e0 la technologie FuelCell, elles offrent un amorti r\u00e9actif et une sensation de l\u00e9g\u00e8ret\u00e9, id\u00e9ales pour la course et le quotidien. Ces sneakers exclusives et performantes apporteront une touche d&rsquo;\u00e9l\u00e9gance \u00e0 votre style.<\/p>\n<p>Coloris : Bleu\/V\u00e9tiver\/Gris clair<\/p>\n<p>Code article : MSRCELTO<\/p>\n<p>Tige : Mesh<\/p>\n<p>Semelle interm\u00e9diaire : FuelCell<\/p>\n<p>Couleur : Beige<\/p>\n<p>Saison : \u00c9t\u00e9<\/p>\n<p>Ann\u00e9e de sortie : 2022<\/p>\n<p>\u00c2ge : Adulte<\/p>\n<p>Couleur : Beige clair<\/p>\n<p>Genre : Homme<\/p>\n","protected":false},"excerpt":{"rendered":"<p>D\u00e9couvrez les sneakers New Balance FuelCell RC Elite v2 Japan, fruit de la collaboration entre Tokyo Design Studio et New Balance Design Studio. Ces sneakers allient technologie de pointe et design minimaliste. Gr\u00e2ce \u00e0 la technologie FuelCell, elles offrent un amorti r\u00e9actif et une sensation de l\u00e9g\u00e8ret\u00e9, id\u00e9ales pour la course et le quotidien. Ces [&hellip;]<\/p>\n","protected":false},"featured_media":762871,"comment_status":"open","ping_status":"closed","template":"","meta":[],"product_brand":[],"product_cat":[10771],"product_tag":[38861,38842,39057,10766,10767,38846,10840,39056],"class_list":{"0":"post-762870","1":"product","2":"type-product","3":"status-publish","4":"has-post-thumbnail","6":"product_cat-new-balance","7":"product_tag-below-retail-price","8":"product_tag-gift-idea-for-him","9":"product_tag-marathon-long-distance-running-shoes","10":"product_tag-new-balance","11":"product_tag-new-balance-running-shoes","12":"product_tag-performance-sports-shoes","13":"product_tag-running-shoes","14":"product_tag-running-shoes-with-carbon-coating","15":"wcpa_has_options","17":"first","18":"instock","19":"taxable","20":"shipping-taxable","21":"purchasable","22":"product-type-simple"},"wcpa_form_fields":{"rules":{"pric_overide_base_price":false,"pric_overide_base_price_if_gt_zero":false,"pric_overide_base_price_fully":false,"pric_cal_option_once":false,"pric_use_as_fee":false,"bind_quantity":false,"quantity_bind_formula":false},"fields":[{"type":"color-group","required":true,"elementId":"wcpa-color-group-66c4a928225d2","label":"Taille","inline":true,"priceOptions":"different_for_all","pricingType":"fixed","className":"hassizechart product-shoes-size-eu product-shoes-size","name":"color-group-66c4a928225e2","disp_type":"square","selection_type":"tick-border","disp_size":"50","show_label_inside":true,"adjust_width":true,"cart_display_type":"text","other_text":"Other","cl_rule":"show","col":6,"values":[{"label":"35","value":"EU 35","price":"","pimage":"","pimage_id":"","pthumb":"","color":""},{"label":"36","value":"EU 36","price":"","pimage":"","pimage_id":"","pthumb":"","color":"","selected":true},{"label":"37","value":"EU 37","price":"","pimage":"","pimage_id":"","pthumb":"","color":""},{"label":"37.5","value":"EU 37.5","price":"","pimage":"","pimage_id":"","pthumb":"","color":""},{"label":"38","value":"EU 38","price":"","pimage":"","pimage_id":"","pthumb":"","color":""},{"label":"38.5","value":"EU 38.5","price":"","pimage":"","pimage_id":"","pthumb":"","color":""},{"label":"39","value":"EU 39","price":"","pimage":"","pimage_id":"","pthumb":"","color":""},{"label":"39.5","value":"EU 39.5","price":"","pimage":"","pimage_id":"","pthumb":"","color":""},{"label":"40","value":"EU 40","price":"","pimage":"","pimage_id":"","pthumb":"","color":""},{"label":"40.5","value":"EU 40.5","price":"","pimage":"","pimage_id":"","pthumb":"","color":""},{"label":" 41.5","value":"EU 41.5","price":"","pimage":"","pimage_id":"","pthumb":"","color":""},{"label":"42","value":"EU 42","price":"","pimage":"","pimage_id":"","pthumb":"","color":""},{"label":"42.5","value":"EU 42.5","price":"","pimage":"","pimage_id":"","pthumb":"","color":""},{"label":"43","value":"EU 43","price":"","pimage":"","pimage_id":"","pthumb":"","color":""},{"label":"44","value":"EU 44","price":"","pimage":"","pimage_id":"","pthumb":"","color":""},{"label":"44.5","value":"EU 44.5","price":"","pimage":"","pimage_id":"","pthumb":"","color":""},{"label":"45","value":"EU 45","price":"","pimage":"","pimage_id":"","pthumb":"","color":""},{"label":"45.5","value":"EU 45.5","price":"","pimage":"","pimage_id":"","pthumb":"","color":""},{"label":"46","value":"EU 46","price":"","pimage":"","pimage_id":"","pthumb":"","color":""}],"relations":[{"operator":false,"rules":[]}],"form_id":24803,"form_rules":{"pric_cal_option_once":false,"exclude_from_discount":false,"pric_use_as_fee":false,"fee_label":"Fee","render_after_acb":false,"disp_hide_options_price":false}}]},"yoast_head":"<!-- This site is optimized with the Yoast SEO plugin v26.5 - https:\/\/yoast.com\/wordpress\/plugins\/seo\/ -->\n<title>Tokyo Design Studio x New Balance FuelCell RC Elite v2 &#039;Japan&#039; MSRCELTO - TOURCRUISER PTE. LTD<\/title>\n<meta name=\"robots\" content=\"index, follow, max-snippet:-1, max-image-preview:large, max-video-preview:-1\" \/>\n<link rel=\"canonical\" href=\"https:\/\/tourcruiser.com\/fr\/products\/tokyo-design-studio-x-new-balance-fuelcell-rc-elite-v2-japan-msrcelto\/\" \/>\n<meta property=\"og:locale\" content=\"fr_FR\" \/>\n<meta property=\"og:type\" content=\"article\" \/>\n<meta property=\"og:title\" content=\"Tokyo Design Studio x New Balance FuelCell RC Elite v2 &#039;Japan&#039; MSRCELTO - TOURCRUISER PTE. LTD\" \/>\n<meta property=\"og:description\" content=\"D\u00e9couvrez les sneakers New Balance FuelCell RC Elite v2 Japan, fruit de la collaboration entre Tokyo Design Studio et New Balance Design Studio. Ces sneakers allient technologie de pointe et design minimaliste. Gr\u00e2ce \u00e0 la technologie FuelCell, elles offrent un amorti r\u00e9actif et une sensation de l\u00e9g\u00e8ret\u00e9, id\u00e9ales pour la course et le quotidien. Ces [&hellip;]\" \/>\n<meta property=\"og:url\" content=\"https:\/\/tourcruiser.com\/fr\/products\/tokyo-design-studio-x-new-balance-fuelcell-rc-elite-v2-japan-msrcelto\/\" \/>\n<meta property=\"og:site_name\" content=\"Tourcruiser Sneaker Store\" \/>\n<meta property=\"article:modified_time\" content=\"2026-04-17T15:53:59+00:00\" \/>\n<meta name=\"twitter:card\" content=\"summary_large_image\" \/>\n<meta name=\"twitter:image\" content=\"https:\/\/images.novelship.com\/product\/tokyo_design_studio_x_new_balance_fuelcell_rc_elit_0_51819.jpeg;https:\/\/images.novelship.com\/product\/tokyo_design_studio_x_new_balance_fuelcell_rc_elit_1_51819.jpeg;https:\/\/images.novelship.com\/product\/tokyo_design_studio_x_new_balance_fuelcell_rc_elit_2_51819.jpeg;https:\/\/images.novelship.com\/product\/tokyo_design_studio_x_new_balance_fuelcell_rc_elit_3_51819.jpeg;https:\/\/images.novelship.com\/product\/tokyo_design_studio_x_new_balance_fuelcell_rc_elit_4_51819.jpeg;https:\/\/images.novelship.com\/product\/tokyo_design_studio_x_new_balance_fuelcell_rc_elit_5_51819.jpeg;https:\/\/images.novelship.com\/product\/tokyo_design_studio_x_new_balance_fuelcell_rc_elit_6_51819.jpeg;https:\/\/images.novelship.com\/product\/tokyo_design_studio_x_new_balance_fuelcell_rc_elit_7_51819.jpeg\" \/>\n<meta name=\"twitter:label1\" content=\"Dur\u00e9e de lecture estim\u00e9e\" \/>\n\t<meta name=\"twitter:data1\" content=\"1 minute\" \/>\n<script type=\"application\/ld+json\" class=\"yoast-schema-graph\">{\"@context\":\"https:\/\/schema.org\",\"@graph\":[{\"@type\":\"WebPage\",\"@id\":\"https:\/\/tourcruiser.com\/fr\/products\/tokyo-design-studio-x-new-balance-fuelcell-rc-elite-v2-japan-msrcelto\/\",\"url\":\"https:\/\/tourcruiser.com\/fr\/products\/tokyo-design-studio-x-new-balance-fuelcell-rc-elite-v2-japan-msrcelto\/\",\"name\":\"Tokyo Design Studio x New Balance FuelCell RC Elite v2 'Japan' MSRCELTO - TOURCRUISER PTE. LTD\",\"isPartOf\":{\"@id\":\"\/#website\"},\"primaryImageOfPage\":{\"@id\":\"https:\/\/tourcruiser.com\/fr\/products\/tokyo-design-studio-x-new-balance-fuelcell-rc-elite-v2-japan-msrcelto\/#primaryimage\"},\"image\":{\"@id\":\"https:\/\/tourcruiser.com\/fr\/products\/tokyo-design-studio-x-new-balance-fuelcell-rc-elite-v2-japan-msrcelto\/#primaryimage\"},\"thumbnailUrl\":\"https:\/\/images.novelship.com\/product\/tokyo_design_studio_x_new_balance_fuelcell_rc_elit_0_51819.jpeg;https:\/\/images.novelship.com\/product\/tokyo_design_studio_x_new_balance_fuelcell_rc_elit_1_51819.jpeg;https:\/\/images.novelship.com\/product\/tokyo_design_studio_x_new_balance_fuelcell_rc_elit_2_51819.jpeg;https:\/\/images.novelship.com\/product\/tokyo_design_studio_x_new_balance_fuelcell_rc_elit_3_51819.jpeg;https:\/\/images.novelship.com\/product\/tokyo_design_studio_x_new_balance_fuelcell_rc_elit_4_51819.jpeg;https:\/\/images.novelship.com\/product\/tokyo_design_studio_x_new_balance_fuelcell_rc_elit_5_51819.jpeg;https:\/\/images.novelship.com\/product\/tokyo_design_studio_x_new_balance_fuelcell_rc_elit_6_51819.jpeg;https:\/\/images.novelship.com\/product\/tokyo_design_studio_x_new_balance_fuelcell_rc_elit_7_51819.jpeg\",\"datePublished\":\"2026-04-16T10:10:09+00:00\",\"dateModified\":\"2026-04-17T15:53:59+00:00\",\"breadcrumb\":{\"@id\":\"https:\/\/tourcruiser.com\/fr\/products\/tokyo-design-studio-x-new-balance-fuelcell-rc-elite-v2-japan-msrcelto\/#breadcrumb\"},\"inLanguage\":\"fr-FR\",\"potentialAction\":[{\"@type\":\"ReadAction\",\"target\":[\"https:\/\/tourcruiser.com\/fr\/products\/tokyo-design-studio-x-new-balance-fuelcell-rc-elite-v2-japan-msrcelto\/\"]}]},{\"@type\":\"ImageObject\",\"inLanguage\":\"fr-FR\",\"@id\":\"https:\/\/tourcruiser.com\/fr\/products\/tokyo-design-studio-x-new-balance-fuelcell-rc-elite-v2-japan-msrcelto\/#primaryimage\",\"url\":\"https:\/\/images.novelship.com\/product\/tokyo_design_studio_x_new_balance_fuelcell_rc_elit_0_51819.jpeg;https:\/\/images.novelship.com\/product\/tokyo_design_studio_x_new_balance_fuelcell_rc_elit_1_51819.jpeg;https:\/\/images.novelship.com\/product\/tokyo_design_studio_x_new_balance_fuelcell_rc_elit_2_51819.jpeg;https:\/\/images.novelship.com\/product\/tokyo_design_studio_x_new_balance_fuelcell_rc_elit_3_51819.jpeg;https:\/\/images.novelship.com\/product\/tokyo_design_studio_x_new_balance_fuelcell_rc_elit_4_51819.jpeg;https:\/\/images.novelship.com\/product\/tokyo_design_studio_x_new_balance_fuelcell_rc_elit_5_51819.jpeg;https:\/\/images.novelship.com\/product\/tokyo_design_studio_x_new_balance_fuelcell_rc_elit_6_51819.jpeg;https:\/\/images.novelship.com\/product\/tokyo_design_studio_x_new_balance_fuelcell_rc_elit_7_51819.jpeg\",\"contentUrl\":\"https:\/\/images.novelship.com\/product\/tokyo_design_studio_x_new_balance_fuelcell_rc_elit_0_51819.jpeg;https:\/\/images.novelship.com\/product\/tokyo_design_studio_x_new_balance_fuelcell_rc_elit_1_51819.jpeg;https:\/\/images.novelship.com\/product\/tokyo_design_studio_x_new_balance_fuelcell_rc_elit_2_51819.jpeg;https:\/\/images.novelship.com\/product\/tokyo_design_studio_x_new_balance_fuelcell_rc_elit_3_51819.jpeg;https:\/\/images.novelship.com\/product\/tokyo_design_studio_x_new_balance_fuelcell_rc_elit_4_51819.jpeg;https:\/\/images.novelship.com\/product\/tokyo_design_studio_x_new_balance_fuelcell_rc_elit_5_51819.jpeg;https:\/\/images.novelship.com\/product\/tokyo_design_studio_x_new_balance_fuelcell_rc_elit_6_51819.jpeg;https:\/\/images.novelship.com\/product\/tokyo_design_studio_x_new_balance_fuelcell_rc_elit_7_51819.jpeg\"},{\"@type\":\"BreadcrumbList\",\"@id\":\"https:\/\/tourcruiser.com\/fr\/products\/tokyo-design-studio-x-new-balance-fuelcell-rc-elite-v2-japan-msrcelto\/#breadcrumb\",\"itemListElement\":[{\"@type\":\"ListItem\",\"position\":1,\"name\":\"Home\",\"item\":\"https:\/\/tourcruiser.com\/fr\/\"},{\"@type\":\"ListItem\",\"position\":2,\"name\":\"Shop\",\"item\":\"https:\/\/tourcruiser.com\/fr\/shop\/\"},{\"@type\":\"ListItem\",\"position\":3,\"name\":\"Tokyo Design Studio x New Balance FuelCell RC Elite v2 &#8216;Japan&#8217; MSRCELTO\"}]},{\"@type\":\"WebSite\",\"@id\":\"\/#website\",\"url\":\"\/\",\"name\":\"Styloral Jewelry Shop\",\"description\":\"Tourcruiser Sneaker Store \u2014 L\u2019endroit o\u00f9 l\u2019univers rencontre votre singularit\u00e9.\",\"publisher\":{\"@id\":\"\/#organization\"},\"potentialAction\":[{\"@type\":\"SearchAction\",\"target\":{\"@type\":\"EntryPoint\",\"urlTemplate\":\"\/?s={search_term_string}\"},\"query-input\":{\"@type\":\"PropertyValueSpecification\",\"valueRequired\":true,\"valueName\":\"search_term_string\"}}],\"inLanguage\":\"fr-FR\"},{\"@type\":\"Organization\",\"@id\":\"\/#organization\",\"name\":\"STYLORAL PTE. LTD\",\"url\":\"\/\",\"logo\":{\"@type\":\"ImageObject\",\"inLanguage\":\"fr-FR\",\"@id\":\"\/#\/schema\/logo\/image\/\",\"url\":\"https:\/\/www.tourcruiser.com\/wp-content\/uploads\/2025\/12\/logo.png\",\"contentUrl\":\"https:\/\/www.tourcruiser.com\/wp-content\/uploads\/2025\/12\/logo.png\",\"width\":200,\"height\":65,\"caption\":\"STYLORAL PTE. LTD\"},\"image\":{\"@id\":\"\/#\/schema\/logo\/image\/\"}}]}<\/script>\n<!-- \/ Yoast SEO plugin. -->","yoast_head_json":{"title":"Tokyo Design Studio x New Balance FuelCell RC Elite v2 'Japan' MSRCELTO - TOURCRUISER PTE. LTD","robots":{"index":"index","follow":"follow","max-snippet":"max-snippet:-1","max-image-preview":"max-image-preview:large","max-video-preview":"max-video-preview:-1"},"canonical":"https:\/\/tourcruiser.com\/fr\/products\/tokyo-design-studio-x-new-balance-fuelcell-rc-elite-v2-japan-msrcelto\/","og_locale":"fr_FR","og_type":"article","og_title":"Tokyo Design Studio x New Balance FuelCell RC Elite v2 'Japan' MSRCELTO - TOURCRUISER PTE. LTD","og_description":"D\u00e9couvrez les sneakers New Balance FuelCell RC Elite v2 Japan, fruit de la collaboration entre Tokyo Design Studio et New Balance Design Studio. Ces sneakers allient technologie de pointe et design minimaliste. Gr\u00e2ce \u00e0 la technologie FuelCell, elles offrent un amorti r\u00e9actif et une sensation de l\u00e9g\u00e8ret\u00e9, id\u00e9ales pour la course et le quotidien. Ces [&hellip;]","og_url":"https:\/\/tourcruiser.com\/fr\/products\/tokyo-design-studio-x-new-balance-fuelcell-rc-elite-v2-japan-msrcelto\/","og_site_name":"Tourcruiser Sneaker Store","article_modified_time":"2026-04-17T15:53:59+00:00","twitter_card":"summary_large_image","twitter_image":"https:\/\/images.novelship.com\/product\/tokyo_design_studio_x_new_balance_fuelcell_rc_elit_0_51819.jpeg;https:\/\/images.novelship.com\/product\/tokyo_design_studio_x_new_balance_fuelcell_rc_elit_1_51819.jpeg;https:\/\/images.novelship.com\/product\/tokyo_design_studio_x_new_balance_fuelcell_rc_elit_2_51819.jpeg;https:\/\/images.novelship.com\/product\/tokyo_design_studio_x_new_balance_fuelcell_rc_elit_3_51819.jpeg;https:\/\/images.novelship.com\/product\/tokyo_design_studio_x_new_balance_fuelcell_rc_elit_4_51819.jpeg;https:\/\/images.novelship.com\/product\/tokyo_design_studio_x_new_balance_fuelcell_rc_elit_5_51819.jpeg;https:\/\/images.novelship.com\/product\/tokyo_design_studio_x_new_balance_fuelcell_rc_elit_6_51819.jpeg;https:\/\/images.novelship.com\/product\/tokyo_design_studio_x_new_balance_fuelcell_rc_elit_7_51819.jpeg","twitter_misc":{"Dur\u00e9e de lecture estim\u00e9e":"1 minute"},"schema":{"@context":"https:\/\/schema.org","@graph":[{"@type":"WebPage","@id":"https:\/\/tourcruiser.com\/fr\/products\/tokyo-design-studio-x-new-balance-fuelcell-rc-elite-v2-japan-msrcelto\/","url":"https:\/\/tourcruiser.com\/fr\/products\/tokyo-design-studio-x-new-balance-fuelcell-rc-elite-v2-japan-msrcelto\/","name":"Tokyo Design Studio x New Balance FuelCell RC Elite v2 'Japan' MSRCELTO - TOURCRUISER PTE. LTD","isPartOf":{"@id":"\/#website"},"primaryImageOfPage":{"@id":"https:\/\/tourcruiser.com\/fr\/products\/tokyo-design-studio-x-new-balance-fuelcell-rc-elite-v2-japan-msrcelto\/#primaryimage"},"image":{"@id":"https:\/\/tourcruiser.com\/fr\/products\/tokyo-design-studio-x-new-balance-fuelcell-rc-elite-v2-japan-msrcelto\/#primaryimage"},"thumbnailUrl":"https:\/\/images.novelship.com\/product\/tokyo_design_studio_x_new_balance_fuelcell_rc_elit_0_51819.jpeg;https:\/\/images.novelship.com\/product\/tokyo_design_studio_x_new_balance_fuelcell_rc_elit_1_51819.jpeg;https:\/\/images.novelship.com\/product\/tokyo_design_studio_x_new_balance_fuelcell_rc_elit_2_51819.jpeg;https:\/\/images.novelship.com\/product\/tokyo_design_studio_x_new_balance_fuelcell_rc_elit_3_51819.jpeg;https:\/\/images.novelship.com\/product\/tokyo_design_studio_x_new_balance_fuelcell_rc_elit_4_51819.jpeg;https:\/\/images.novelship.com\/product\/tokyo_design_studio_x_new_balance_fuelcell_rc_elit_5_51819.jpeg;https:\/\/images.novelship.com\/product\/tokyo_design_studio_x_new_balance_fuelcell_rc_elit_6_51819.jpeg;https:\/\/images.novelship.com\/product\/tokyo_design_studio_x_new_balance_fuelcell_rc_elit_7_51819.jpeg","datePublished":"2026-04-16T10:10:09+00:00","dateModified":"2026-04-17T15:53:59+00:00","breadcrumb":{"@id":"https:\/\/tourcruiser.com\/fr\/products\/tokyo-design-studio-x-new-balance-fuelcell-rc-elite-v2-japan-msrcelto\/#breadcrumb"},"inLanguage":"fr-FR","potentialAction":[{"@type":"ReadAction","target":["https:\/\/tourcruiser.com\/fr\/products\/tokyo-design-studio-x-new-balance-fuelcell-rc-elite-v2-japan-msrcelto\/"]}]},{"@type":"ImageObject","inLanguage":"fr-FR","@id":"https:\/\/tourcruiser.com\/fr\/products\/tokyo-design-studio-x-new-balance-fuelcell-rc-elite-v2-japan-msrcelto\/#primaryimage","url":"https:\/\/images.novelship.com\/product\/tokyo_design_studio_x_new_balance_fuelcell_rc_elit_0_51819.jpeg;https:\/\/images.novelship.com\/product\/tokyo_design_studio_x_new_balance_fuelcell_rc_elit_1_51819.jpeg;https:\/\/images.novelship.com\/product\/tokyo_design_studio_x_new_balance_fuelcell_rc_elit_2_51819.jpeg;https:\/\/images.novelship.com\/product\/tokyo_design_studio_x_new_balance_fuelcell_rc_elit_3_51819.jpeg;https:\/\/images.novelship.com\/product\/tokyo_design_studio_x_new_balance_fuelcell_rc_elit_4_51819.jpeg;https:\/\/images.novelship.com\/product\/tokyo_design_studio_x_new_balance_fuelcell_rc_elit_5_51819.jpeg;https:\/\/images.novelship.com\/product\/tokyo_design_studio_x_new_balance_fuelcell_rc_elit_6_51819.jpeg;https:\/\/images.novelship.com\/product\/tokyo_design_studio_x_new_balance_fuelcell_rc_elit_7_51819.jpeg","contentUrl":"https:\/\/images.novelship.com\/product\/tokyo_design_studio_x_new_balance_fuelcell_rc_elit_0_51819.jpeg;https:\/\/images.novelship.com\/product\/tokyo_design_studio_x_new_balance_fuelcell_rc_elit_1_51819.jpeg;https:\/\/images.novelship.com\/product\/tokyo_design_studio_x_new_balance_fuelcell_rc_elit_2_51819.jpeg;https:\/\/images.novelship.com\/product\/tokyo_design_studio_x_new_balance_fuelcell_rc_elit_3_51819.jpeg;https:\/\/images.novelship.com\/product\/tokyo_design_studio_x_new_balance_fuelcell_rc_elit_4_51819.jpeg;https:\/\/images.novelship.com\/product\/tokyo_design_studio_x_new_balance_fuelcell_rc_elit_5_51819.jpeg;https:\/\/images.novelship.com\/product\/tokyo_design_studio_x_new_balance_fuelcell_rc_elit_6_51819.jpeg;https:\/\/images.novelship.com\/product\/tokyo_design_studio_x_new_balance_fuelcell_rc_elit_7_51819.jpeg"},{"@type":"BreadcrumbList","@id":"https:\/\/tourcruiser.com\/fr\/products\/tokyo-design-studio-x-new-balance-fuelcell-rc-elite-v2-japan-msrcelto\/#breadcrumb","itemListElement":[{"@type":"ListItem","position":1,"name":"Home","item":"https:\/\/tourcruiser.com\/fr\/"},{"@type":"ListItem","position":2,"name":"Shop","item":"https:\/\/tourcruiser.com\/fr\/shop\/"},{"@type":"ListItem","position":3,"name":"Tokyo Design Studio x New Balance FuelCell RC Elite v2 &#8216;Japan&#8217; MSRCELTO"}]},{"@type":"WebSite","@id":"\/#website","url":"\/","name":"Styloral Jewelry Shop","description":"Tourcruiser Sneaker Store \u2014 L\u2019endroit o\u00f9 l\u2019univers rencontre votre singularit\u00e9.","publisher":{"@id":"\/#organization"},"potentialAction":[{"@type":"SearchAction","target":{"@type":"EntryPoint","urlTemplate":"\/?s={search_term_string}"},"query-input":{"@type":"PropertyValueSpecification","valueRequired":true,"valueName":"search_term_string"}}],"inLanguage":"fr-FR"},{"@type":"Organization","@id":"\/#organization","name":"STYLORAL PTE. LTD","url":"\/","logo":{"@type":"ImageObject","inLanguage":"fr-FR","@id":"\/#\/schema\/logo\/image\/","url":"https:\/\/www.tourcruiser.com\/wp-content\/uploads\/2025\/12\/logo.png","contentUrl":"https:\/\/www.tourcruiser.com\/wp-content\/uploads\/2025\/12\/logo.png","width":200,"height":65,"caption":"STYLORAL PTE. LTD"},"image":{"@id":"\/#\/schema\/logo\/image\/"}}]}},"_links":{"self":[{"href":"https:\/\/tourcruiser.com\/fr\/wp-json\/wp\/v2\/product\/762870","targetHints":{"allow":["GET"]}}],"collection":[{"href":"https:\/\/tourcruiser.com\/fr\/wp-json\/wp\/v2\/product"}],"about":[{"href":"https:\/\/tourcruiser.com\/fr\/wp-json\/wp\/v2\/types\/product"}],"replies":[{"embeddable":true,"href":"https:\/\/tourcruiser.com\/fr\/wp-json\/wp\/v2\/comments?post=762870"}],"wp:featuredmedia":[{"embeddable":true,"href":"https:\/\/tourcruiser.com\/fr\/wp-json\/wp\/v2\/media\/762871"}],"wp:attachment":[{"href":"https:\/\/tourcruiser.com\/fr\/wp-json\/wp\/v2\/media?parent=762870"}],"wp:term":[{"taxonomy":"product_brand","embeddable":true,"href":"https:\/\/tourcruiser.com\/fr\/wp-json\/wp\/v2\/product_brand?post=762870"},{"taxonomy":"product_cat","embeddable":true,"href":"https:\/\/tourcruiser.com\/fr\/wp-json\/wp\/v2\/product_cat?post=762870"},{"taxonomy":"product_tag","embeddable":true,"href":"https:\/\/tourcruiser.com\/fr\/wp-json\/wp\/v2\/product_tag?post=762870"}],"curies":[{"name":"wp","href":"https:\/\/api.w.org\/{rel}","templated":true}]}}