{"id":762688,"date":"2026-04-16T17:10:03","date_gmt":"2026-04-16T10:10:03","guid":{"rendered":"http:\/\/tourcruiser.com\/product\/air-jordan-12-retro-the-master-130690-013"},"modified":"2026-04-17T22:53:46","modified_gmt":"2026-04-17T15:53:46","slug":"air-jordan-12-retro-the-master-130690-013","status":"publish","type":"product","link":"https:\/\/tourcruiser.com\/fr\/products\/air-jordan-12-retro-the-master-130690-013\/","title":{"rendered":"Air Jordan 12 Retro &lsquo;The Master&rsquo; 130690-013"},"content":{"rendered":"<p>La Air Jordan 12 Retro \u00ab The Master \u00bb de Jordan est un classique qui respire le style et l&rsquo;\u00e9l\u00e9gance. Avec son design noir \u00e9pur\u00e9, cette chaussure est un incontournable pour tout amateur de sneakers. Affirmez votre style gr\u00e2ce au design iconique et au confort exceptionnel de la Air Jordan 12 Retro \u00ab The Master \u00bb.<\/p>\n<p>Coloris : Noir\/Rotin\/Blanc\/Or m\u00e9tallis\u00e9<\/p>\n<p>Code article : 130690-013<\/p>\n<p>Tige : Cuir<\/p>\n<p>Semelle interm\u00e9diaire : Air<\/p>\n<p>Couleur : Noir<\/p>\n<p>Designer : Tinker Hatfield<\/p>\n<p>Saison : Hiver<br \/>\nAnn\u00e9e de sortie : 2016<\/p>\n<p>\u00c2ge : Adulte<\/p>\n<p>Couleur : Noir<\/p>\n<p>Genre : Homme<\/p>\n","protected":false},"excerpt":{"rendered":"<p>La Air Jordan 12 Retro \u00ab The Master \u00bb de Jordan est un classique qui respire le style et l&rsquo;\u00e9l\u00e9gance. Avec son design noir \u00e9pur\u00e9, cette chaussure est un incontournable pour tout amateur de sneakers. Affirmez votre style gr\u00e2ce au design iconique et au confort exceptionnel de la Air Jordan 12 Retro \u00ab The Master [&hellip;]<\/p>\n","protected":false},"featured_media":762689,"comment_status":"open","ping_status":"closed","template":"","meta":[],"product_brand":[],"product_cat":[38880],"product_tag":[10800,38839,10753,10776,11349,38875,38846],"class_list":{"0":"post-762688","1":"product","2":"type-product","3":"status-publish","4":"has-post-thumbnail","6":"product_cat-jordan","7":"product_tag-basketball-shoes","8":"product_tag-basketball-shoes-with-ankle-support","9":"product_tag-gift-for-him","10":"product_tag-jordan","11":"product_tag-jordan-basketball-shoes","12":"product_tag-jordan-skateboard-shoes","13":"product_tag-performance-sports-shoes","15":"first","16":"instock","17":"taxable","18":"shipping-taxable","19":"purchasable","20":"product-type-simple"},"wcpa_form_fields":null,"yoast_head":"<!-- This site is optimized with the Yoast SEO plugin v26.5 - https:\/\/yoast.com\/wordpress\/plugins\/seo\/ -->\n<title>Air Jordan 12 Retro &#039;The Master&#039; 130690-013 - TOURCRUISER PTE. LTD<\/title>\n<meta name=\"robots\" content=\"index, follow, max-snippet:-1, max-image-preview:large, max-video-preview:-1\" \/>\n<link rel=\"canonical\" href=\"https:\/\/tourcruiser.com\/fr\/products\/air-jordan-12-retro-the-master-130690-013\/\" \/>\n<meta property=\"og:locale\" content=\"fr_FR\" \/>\n<meta property=\"og:type\" content=\"article\" \/>\n<meta property=\"og:title\" content=\"Air Jordan 12 Retro &#039;The Master&#039; 130690-013 - TOURCRUISER PTE. LTD\" \/>\n<meta property=\"og:description\" content=\"La Air Jordan 12 Retro \u00ab The Master \u00bb de Jordan est un classique qui respire le style et l&rsquo;\u00e9l\u00e9gance. Avec son design noir \u00e9pur\u00e9, cette chaussure est un incontournable pour tout amateur de sneakers. Affirmez votre style gr\u00e2ce au design iconique et au confort exceptionnel de la Air Jordan 12 Retro \u00ab The Master [&hellip;]\" \/>\n<meta property=\"og:url\" content=\"https:\/\/tourcruiser.com\/fr\/products\/air-jordan-12-retro-the-master-130690-013\/\" \/>\n<meta property=\"og:site_name\" content=\"Tourcruiser Sneaker Store\" \/>\n<meta property=\"article:modified_time\" content=\"2026-04-17T15:53:46+00:00\" \/>\n<meta name=\"twitter:card\" content=\"summary_large_image\" \/>\n<meta name=\"twitter:image\" content=\"https:\/\/images.novelship.com\/product\/air_jordan_12_retro__the_master__130690_013_0_80548.jpeg;https:\/\/images.novelship.com\/product\/air_jordan_12_retro__the_master__130690_013_1_80548.jpeg;https:\/\/images.novelship.com\/product\/air_jordan_12_retro__the_master__130690_013_2_80548.jpeg;https:\/\/images.novelship.com\/product\/air_jordan_12_retro__the_master__130690_013_3_80548.jpeg;https:\/\/images.novelship.com\/product\/air_jordan_12_retro__the_master__130690_013_4_80548.jpeg;https:\/\/images.novelship.com\/product\/air_jordan_12_retro__the_master__130690_013_5_80548.jpeg;https:\/\/images.novelship.com\/product\/air_jordan_12_retro__the_master__130690_013_6_80548.jpeg;https:\/\/images.novelship.com\/product\/air_jordan_12_retro__the_master__130690_013_7_80548.jpeg\" \/>\n<script type=\"application\/ld+json\" class=\"yoast-schema-graph\">{\"@context\":\"https:\/\/schema.org\",\"@graph\":[{\"@type\":\"WebPage\",\"@id\":\"https:\/\/tourcruiser.com\/fr\/products\/air-jordan-12-retro-the-master-130690-013\/\",\"url\":\"https:\/\/tourcruiser.com\/fr\/products\/air-jordan-12-retro-the-master-130690-013\/\",\"name\":\"Air Jordan 12 Retro 'The Master' 130690-013 - TOURCRUISER PTE. LTD\",\"isPartOf\":{\"@id\":\"\/#website\"},\"primaryImageOfPage\":{\"@id\":\"https:\/\/tourcruiser.com\/fr\/products\/air-jordan-12-retro-the-master-130690-013\/#primaryimage\"},\"image\":{\"@id\":\"https:\/\/tourcruiser.com\/fr\/products\/air-jordan-12-retro-the-master-130690-013\/#primaryimage\"},\"thumbnailUrl\":\"https:\/\/images.novelship.com\/product\/air_jordan_12_retro__the_master__130690_013_0_80548.jpeg;https:\/\/images.novelship.com\/product\/air_jordan_12_retro__the_master__130690_013_1_80548.jpeg;https:\/\/images.novelship.com\/product\/air_jordan_12_retro__the_master__130690_013_2_80548.jpeg;https:\/\/images.novelship.com\/product\/air_jordan_12_retro__the_master__130690_013_3_80548.jpeg;https:\/\/images.novelship.com\/product\/air_jordan_12_retro__the_master__130690_013_4_80548.jpeg;https:\/\/images.novelship.com\/product\/air_jordan_12_retro__the_master__130690_013_5_80548.jpeg;https:\/\/images.novelship.com\/product\/air_jordan_12_retro__the_master__130690_013_6_80548.jpeg;https:\/\/images.novelship.com\/product\/air_jordan_12_retro__the_master__130690_013_7_80548.jpeg\",\"datePublished\":\"2026-04-16T10:10:03+00:00\",\"dateModified\":\"2026-04-17T15:53:46+00:00\",\"breadcrumb\":{\"@id\":\"https:\/\/tourcruiser.com\/fr\/products\/air-jordan-12-retro-the-master-130690-013\/#breadcrumb\"},\"inLanguage\":\"fr-FR\",\"potentialAction\":[{\"@type\":\"ReadAction\",\"target\":[\"https:\/\/tourcruiser.com\/fr\/products\/air-jordan-12-retro-the-master-130690-013\/\"]}]},{\"@type\":\"ImageObject\",\"inLanguage\":\"fr-FR\",\"@id\":\"https:\/\/tourcruiser.com\/fr\/products\/air-jordan-12-retro-the-master-130690-013\/#primaryimage\",\"url\":\"https:\/\/images.novelship.com\/product\/air_jordan_12_retro__the_master__130690_013_0_80548.jpeg;https:\/\/images.novelship.com\/product\/air_jordan_12_retro__the_master__130690_013_1_80548.jpeg;https:\/\/images.novelship.com\/product\/air_jordan_12_retro__the_master__130690_013_2_80548.jpeg;https:\/\/images.novelship.com\/product\/air_jordan_12_retro__the_master__130690_013_3_80548.jpeg;https:\/\/images.novelship.com\/product\/air_jordan_12_retro__the_master__130690_013_4_80548.jpeg;https:\/\/images.novelship.com\/product\/air_jordan_12_retro__the_master__130690_013_5_80548.jpeg;https:\/\/images.novelship.com\/product\/air_jordan_12_retro__the_master__130690_013_6_80548.jpeg;https:\/\/images.novelship.com\/product\/air_jordan_12_retro__the_master__130690_013_7_80548.jpeg\",\"contentUrl\":\"https:\/\/images.novelship.com\/product\/air_jordan_12_retro__the_master__130690_013_0_80548.jpeg;https:\/\/images.novelship.com\/product\/air_jordan_12_retro__the_master__130690_013_1_80548.jpeg;https:\/\/images.novelship.com\/product\/air_jordan_12_retro__the_master__130690_013_2_80548.jpeg;https:\/\/images.novelship.com\/product\/air_jordan_12_retro__the_master__130690_013_3_80548.jpeg;https:\/\/images.novelship.com\/product\/air_jordan_12_retro__the_master__130690_013_4_80548.jpeg;https:\/\/images.novelship.com\/product\/air_jordan_12_retro__the_master__130690_013_5_80548.jpeg;https:\/\/images.novelship.com\/product\/air_jordan_12_retro__the_master__130690_013_6_80548.jpeg;https:\/\/images.novelship.com\/product\/air_jordan_12_retro__the_master__130690_013_7_80548.jpeg\"},{\"@type\":\"BreadcrumbList\",\"@id\":\"https:\/\/tourcruiser.com\/fr\/products\/air-jordan-12-retro-the-master-130690-013\/#breadcrumb\",\"itemListElement\":[{\"@type\":\"ListItem\",\"position\":1,\"name\":\"Home\",\"item\":\"https:\/\/tourcruiser.com\/fr\/\"},{\"@type\":\"ListItem\",\"position\":2,\"name\":\"Shop\",\"item\":\"https:\/\/tourcruiser.com\/fr\/shop\/\"},{\"@type\":\"ListItem\",\"position\":3,\"name\":\"Air Jordan 12 Retro &#8216;The Master&#8217; 130690-013\"}]},{\"@type\":\"WebSite\",\"@id\":\"\/#website\",\"url\":\"\/\",\"name\":\"Styloral Jewelry Shop\",\"description\":\"Tourcruiser Sneaker Store \u2014 L\u2019endroit o\u00f9 l\u2019univers rencontre votre singularit\u00e9.\",\"publisher\":{\"@id\":\"\/#organization\"},\"potentialAction\":[{\"@type\":\"SearchAction\",\"target\":{\"@type\":\"EntryPoint\",\"urlTemplate\":\"\/?s={search_term_string}\"},\"query-input\":{\"@type\":\"PropertyValueSpecification\",\"valueRequired\":true,\"valueName\":\"search_term_string\"}}],\"inLanguage\":\"fr-FR\"},{\"@type\":\"Organization\",\"@id\":\"\/#organization\",\"name\":\"STYLORAL PTE. LTD\",\"url\":\"\/\",\"logo\":{\"@type\":\"ImageObject\",\"inLanguage\":\"fr-FR\",\"@id\":\"\/#\/schema\/logo\/image\/\",\"url\":\"https:\/\/www.tourcruiser.com\/wp-content\/uploads\/2025\/12\/logo.png\",\"contentUrl\":\"https:\/\/www.tourcruiser.com\/wp-content\/uploads\/2025\/12\/logo.png\",\"width\":200,\"height\":65,\"caption\":\"STYLORAL PTE. LTD\"},\"image\":{\"@id\":\"\/#\/schema\/logo\/image\/\"}}]}<\/script>\n<!-- \/ Yoast SEO plugin. -->","yoast_head_json":{"title":"Air Jordan 12 Retro 'The Master' 130690-013 - TOURCRUISER PTE. LTD","robots":{"index":"index","follow":"follow","max-snippet":"max-snippet:-1","max-image-preview":"max-image-preview:large","max-video-preview":"max-video-preview:-1"},"canonical":"https:\/\/tourcruiser.com\/fr\/products\/air-jordan-12-retro-the-master-130690-013\/","og_locale":"fr_FR","og_type":"article","og_title":"Air Jordan 12 Retro 'The Master' 130690-013 - TOURCRUISER PTE. LTD","og_description":"La Air Jordan 12 Retro \u00ab The Master \u00bb de Jordan est un classique qui respire le style et l&rsquo;\u00e9l\u00e9gance. Avec son design noir \u00e9pur\u00e9, cette chaussure est un incontournable pour tout amateur de sneakers. Affirmez votre style gr\u00e2ce au design iconique et au confort exceptionnel de la Air Jordan 12 Retro \u00ab The Master [&hellip;]","og_url":"https:\/\/tourcruiser.com\/fr\/products\/air-jordan-12-retro-the-master-130690-013\/","og_site_name":"Tourcruiser Sneaker Store","article_modified_time":"2026-04-17T15:53:46+00:00","twitter_card":"summary_large_image","twitter_image":"https:\/\/images.novelship.com\/product\/air_jordan_12_retro__the_master__130690_013_0_80548.jpeg;https:\/\/images.novelship.com\/product\/air_jordan_12_retro__the_master__130690_013_1_80548.jpeg;https:\/\/images.novelship.com\/product\/air_jordan_12_retro__the_master__130690_013_2_80548.jpeg;https:\/\/images.novelship.com\/product\/air_jordan_12_retro__the_master__130690_013_3_80548.jpeg;https:\/\/images.novelship.com\/product\/air_jordan_12_retro__the_master__130690_013_4_80548.jpeg;https:\/\/images.novelship.com\/product\/air_jordan_12_retro__the_master__130690_013_5_80548.jpeg;https:\/\/images.novelship.com\/product\/air_jordan_12_retro__the_master__130690_013_6_80548.jpeg;https:\/\/images.novelship.com\/product\/air_jordan_12_retro__the_master__130690_013_7_80548.jpeg","schema":{"@context":"https:\/\/schema.org","@graph":[{"@type":"WebPage","@id":"https:\/\/tourcruiser.com\/fr\/products\/air-jordan-12-retro-the-master-130690-013\/","url":"https:\/\/tourcruiser.com\/fr\/products\/air-jordan-12-retro-the-master-130690-013\/","name":"Air Jordan 12 Retro 'The Master' 130690-013 - TOURCRUISER PTE. LTD","isPartOf":{"@id":"\/#website"},"primaryImageOfPage":{"@id":"https:\/\/tourcruiser.com\/fr\/products\/air-jordan-12-retro-the-master-130690-013\/#primaryimage"},"image":{"@id":"https:\/\/tourcruiser.com\/fr\/products\/air-jordan-12-retro-the-master-130690-013\/#primaryimage"},"thumbnailUrl":"https:\/\/images.novelship.com\/product\/air_jordan_12_retro__the_master__130690_013_0_80548.jpeg;https:\/\/images.novelship.com\/product\/air_jordan_12_retro__the_master__130690_013_1_80548.jpeg;https:\/\/images.novelship.com\/product\/air_jordan_12_retro__the_master__130690_013_2_80548.jpeg;https:\/\/images.novelship.com\/product\/air_jordan_12_retro__the_master__130690_013_3_80548.jpeg;https:\/\/images.novelship.com\/product\/air_jordan_12_retro__the_master__130690_013_4_80548.jpeg;https:\/\/images.novelship.com\/product\/air_jordan_12_retro__the_master__130690_013_5_80548.jpeg;https:\/\/images.novelship.com\/product\/air_jordan_12_retro__the_master__130690_013_6_80548.jpeg;https:\/\/images.novelship.com\/product\/air_jordan_12_retro__the_master__130690_013_7_80548.jpeg","datePublished":"2026-04-16T10:10:03+00:00","dateModified":"2026-04-17T15:53:46+00:00","breadcrumb":{"@id":"https:\/\/tourcruiser.com\/fr\/products\/air-jordan-12-retro-the-master-130690-013\/#breadcrumb"},"inLanguage":"fr-FR","potentialAction":[{"@type":"ReadAction","target":["https:\/\/tourcruiser.com\/fr\/products\/air-jordan-12-retro-the-master-130690-013\/"]}]},{"@type":"ImageObject","inLanguage":"fr-FR","@id":"https:\/\/tourcruiser.com\/fr\/products\/air-jordan-12-retro-the-master-130690-013\/#primaryimage","url":"https:\/\/images.novelship.com\/product\/air_jordan_12_retro__the_master__130690_013_0_80548.jpeg;https:\/\/images.novelship.com\/product\/air_jordan_12_retro__the_master__130690_013_1_80548.jpeg;https:\/\/images.novelship.com\/product\/air_jordan_12_retro__the_master__130690_013_2_80548.jpeg;https:\/\/images.novelship.com\/product\/air_jordan_12_retro__the_master__130690_013_3_80548.jpeg;https:\/\/images.novelship.com\/product\/air_jordan_12_retro__the_master__130690_013_4_80548.jpeg;https:\/\/images.novelship.com\/product\/air_jordan_12_retro__the_master__130690_013_5_80548.jpeg;https:\/\/images.novelship.com\/product\/air_jordan_12_retro__the_master__130690_013_6_80548.jpeg;https:\/\/images.novelship.com\/product\/air_jordan_12_retro__the_master__130690_013_7_80548.jpeg","contentUrl":"https:\/\/images.novelship.com\/product\/air_jordan_12_retro__the_master__130690_013_0_80548.jpeg;https:\/\/images.novelship.com\/product\/air_jordan_12_retro__the_master__130690_013_1_80548.jpeg;https:\/\/images.novelship.com\/product\/air_jordan_12_retro__the_master__130690_013_2_80548.jpeg;https:\/\/images.novelship.com\/product\/air_jordan_12_retro__the_master__130690_013_3_80548.jpeg;https:\/\/images.novelship.com\/product\/air_jordan_12_retro__the_master__130690_013_4_80548.jpeg;https:\/\/images.novelship.com\/product\/air_jordan_12_retro__the_master__130690_013_5_80548.jpeg;https:\/\/images.novelship.com\/product\/air_jordan_12_retro__the_master__130690_013_6_80548.jpeg;https:\/\/images.novelship.com\/product\/air_jordan_12_retro__the_master__130690_013_7_80548.jpeg"},{"@type":"BreadcrumbList","@id":"https:\/\/tourcruiser.com\/fr\/products\/air-jordan-12-retro-the-master-130690-013\/#breadcrumb","itemListElement":[{"@type":"ListItem","position":1,"name":"Home","item":"https:\/\/tourcruiser.com\/fr\/"},{"@type":"ListItem","position":2,"name":"Shop","item":"https:\/\/tourcruiser.com\/fr\/shop\/"},{"@type":"ListItem","position":3,"name":"Air Jordan 12 Retro &#8216;The Master&#8217; 130690-013"}]},{"@type":"WebSite","@id":"\/#website","url":"\/","name":"Styloral Jewelry Shop","description":"Tourcruiser Sneaker Store \u2014 L\u2019endroit o\u00f9 l\u2019univers rencontre votre singularit\u00e9.","publisher":{"@id":"\/#organization"},"potentialAction":[{"@type":"SearchAction","target":{"@type":"EntryPoint","urlTemplate":"\/?s={search_term_string}"},"query-input":{"@type":"PropertyValueSpecification","valueRequired":true,"valueName":"search_term_string"}}],"inLanguage":"fr-FR"},{"@type":"Organization","@id":"\/#organization","name":"STYLORAL PTE. LTD","url":"\/","logo":{"@type":"ImageObject","inLanguage":"fr-FR","@id":"\/#\/schema\/logo\/image\/","url":"https:\/\/www.tourcruiser.com\/wp-content\/uploads\/2025\/12\/logo.png","contentUrl":"https:\/\/www.tourcruiser.com\/wp-content\/uploads\/2025\/12\/logo.png","width":200,"height":65,"caption":"STYLORAL PTE. LTD"},"image":{"@id":"\/#\/schema\/logo\/image\/"}}]}},"_links":{"self":[{"href":"https:\/\/tourcruiser.com\/fr\/wp-json\/wp\/v2\/product\/762688","targetHints":{"allow":["GET"]}}],"collection":[{"href":"https:\/\/tourcruiser.com\/fr\/wp-json\/wp\/v2\/product"}],"about":[{"href":"https:\/\/tourcruiser.com\/fr\/wp-json\/wp\/v2\/types\/product"}],"replies":[{"embeddable":true,"href":"https:\/\/tourcruiser.com\/fr\/wp-json\/wp\/v2\/comments?post=762688"}],"wp:featuredmedia":[{"embeddable":true,"href":"https:\/\/tourcruiser.com\/fr\/wp-json\/wp\/v2\/media\/762689"}],"wp:attachment":[{"href":"https:\/\/tourcruiser.com\/fr\/wp-json\/wp\/v2\/media?parent=762688"}],"wp:term":[{"taxonomy":"product_brand","embeddable":true,"href":"https:\/\/tourcruiser.com\/fr\/wp-json\/wp\/v2\/product_brand?post=762688"},{"taxonomy":"product_cat","embeddable":true,"href":"https:\/\/tourcruiser.com\/fr\/wp-json\/wp\/v2\/product_cat?post=762688"},{"taxonomy":"product_tag","embeddable":true,"href":"https:\/\/tourcruiser.com\/fr\/wp-json\/wp\/v2\/product_tag?post=762688"}],"curies":[{"name":"wp","href":"https:\/\/api.w.org\/{rel}","templated":true}]}}