{"id":762582,"date":"2026-04-16T17:09:59","date_gmt":"2026-04-16T10:09:59","guid":{"rendered":"http:\/\/tourcruiser.com\/product\/women-air-jordan-1-retro-high-og-blue-chill-cd0461-401"},"modified":"2026-04-17T22:53:39","modified_gmt":"2026-04-17T15:53:39","slug":"women-air-jordan-1-retro-high-og-blue-chill-cd0461-401","status":"publish","type":"product","link":"https:\/\/tourcruiser.com\/fr\/products\/women-air-jordan-1-retro-high-og-blue-chill-cd0461-401\/","title":{"rendered":"(Women) Air Jordan 1 Retro High OG &lsquo;Blue Chill&rsquo; CD0461-401"},"content":{"rendered":"<p>La Air Jordan 1 Retro High OG Blue Chill (WMNS) est une chaussure pour femme sign\u00e9e Jordan. Elle se distingue par son \u00e9l\u00e9gante couleur bleue et est surnomm\u00e9e \u00ab\u00a0Blue Chill\u00a0\u00bb. Avec son design r\u00e9tro et sa silhouette montante, cette chaussure est un incontournable pour toutes les passionn\u00e9es de sneakers. La Air Jordan 1 Retro High OG Blue Chill (Femme) apportera une touche de sophistication \u00e0 votre style.<\/p>\n<p>Coloris\u00a0: Obsidian\/Blue Chill\/Blanc<\/p>\n<p>Code article\u00a0: CD0461-401<\/p>\n<p>Tige\u00a0: Cuir verni<\/p>\n<p>Semelle interm\u00e9diaire\u00a0: Air<\/p>\n<p>Couleur\u00a0: Bleu<\/p>\n<p>Designer\u00a0: Peter Moore<\/p>\n<p>Saison\u00a0: Hiver<\/p>\n<p>Ann\u00e9e de sortie\u00a0: 2019<\/p>\n<p>\u00c2ge\u00a0: Adulte<br \/>\nCouleur\u00a0: Bleu<br \/>\nGenre\u00a0: Femme<\/p>\n","protected":false},"excerpt":{"rendered":"<p>La Air Jordan 1 Retro High OG Blue Chill (WMNS) est une chaussure pour femme sign\u00e9e Jordan. Elle se distingue par son \u00e9l\u00e9gante couleur bleue et est surnomm\u00e9e \u00ab\u00a0Blue Chill\u00a0\u00bb. Avec son design r\u00e9tro et sa silhouette montante, cette chaussure est un incontournable pour toutes les passionn\u00e9es de sneakers. La Air Jordan 1 Retro High [&hellip;]<\/p>\n","protected":false},"featured_media":762583,"comment_status":"open","ping_status":"closed","template":"","meta":[],"product_brand":[],"product_cat":[38880],"product_tag":[10750,10800,38841,38975,38897,38898,38872,10776,11349,38875,10756],"class_list":{"0":"post-762582","1":"product","2":"type-product","3":"status-publish","4":"has-post-thumbnail","6":"product_cat-jordan","7":"product_tag-athleisure-shoes","8":"product_tag-basketball-shoes","9":"product_tag-casual-shoes","10":"product_tag-casual-shoes-basketball-inspired","11":"product_tag-equality-day-women-s-collection","12":"product_tag-equality-day-women-s-edition","13":"product_tag-gift-idea-for-her","14":"product_tag-jordan","15":"product_tag-jordan-basketball-shoes","16":"product_tag-jordan-skateboard-shoes","17":"product_tag-retro-casual-shoes","19":"first","20":"instock","21":"taxable","22":"shipping-taxable","23":"purchasable","24":"product-type-simple"},"wcpa_form_fields":null,"yoast_head":"<!-- This site is optimized with the Yoast SEO plugin v26.5 - https:\/\/yoast.com\/wordpress\/plugins\/seo\/ -->\n<title>(Women) Air Jordan 1 Retro High OG &#039;Blue Chill&#039; CD0461-401 - TOURCRUISER PTE. LTD<\/title>\n<meta name=\"robots\" content=\"index, follow, max-snippet:-1, max-image-preview:large, max-video-preview:-1\" \/>\n<link rel=\"canonical\" href=\"https:\/\/tourcruiser.com\/fr\/products\/women-air-jordan-1-retro-high-og-blue-chill-cd0461-401\/\" \/>\n<meta property=\"og:locale\" content=\"fr_FR\" \/>\n<meta property=\"og:type\" content=\"article\" \/>\n<meta property=\"og:title\" content=\"(Women) Air Jordan 1 Retro High OG &#039;Blue Chill&#039; CD0461-401 - TOURCRUISER PTE. LTD\" \/>\n<meta property=\"og:description\" content=\"La Air Jordan 1 Retro High OG Blue Chill (WMNS) est une chaussure pour femme sign\u00e9e Jordan. Elle se distingue par son \u00e9l\u00e9gante couleur bleue et est surnomm\u00e9e \u00ab\u00a0Blue Chill\u00a0\u00bb. Avec son design r\u00e9tro et sa silhouette montante, cette chaussure est un incontournable pour toutes les passionn\u00e9es de sneakers. La Air Jordan 1 Retro High [&hellip;]\" \/>\n<meta property=\"og:url\" content=\"https:\/\/tourcruiser.com\/fr\/products\/women-air-jordan-1-retro-high-og-blue-chill-cd0461-401\/\" \/>\n<meta property=\"og:site_name\" content=\"Tourcruiser Sneaker Store\" \/>\n<meta property=\"article:modified_time\" content=\"2026-04-17T15:53:39+00:00\" \/>\n<meta name=\"twitter:card\" content=\"summary_large_image\" \/>\n<meta name=\"twitter:image\" content=\"https:\/\/images.novelship.com\/product\/_women__air_jordan_1_retro_high_og__blue_chill__cd_0_48130.jpeg;https:\/\/images.novelship.com\/product\/_women__air_jordan_1_retro_high_og__blue_chill__cd_1_48130.jpeg;https:\/\/images.novelship.com\/product\/_women__air_jordan_1_retro_high_og__blue_chill__cd_2_48130.jpeg;https:\/\/images.novelship.com\/product\/_women__air_jordan_1_retro_high_og__blue_chill__cd_3_48130.jpeg;https:\/\/images.novelship.com\/product\/_women__air_jordan_1_retro_high_og__blue_chill__cd_4_48130.jpeg;https:\/\/images.novelship.com\/product\/_women__air_jordan_1_retro_high_og__blue_chill__cd_5_48130.jpeg;https:\/\/images.novelship.com\/product\/_women__air_jordan_1_retro_high_og__blue_chill__cd_6_48130.jpeg;https:\/\/images.novelship.com\/product\/_women__air_jordan_1_retro_high_og__blue_chill__cd_7_48130.jpeg\" \/>\n<meta name=\"twitter:label1\" content=\"Dur\u00e9e de lecture estim\u00e9e\" \/>\n\t<meta name=\"twitter:data1\" content=\"1 minute\" \/>\n<script type=\"application\/ld+json\" class=\"yoast-schema-graph\">{\"@context\":\"https:\/\/schema.org\",\"@graph\":[{\"@type\":\"WebPage\",\"@id\":\"https:\/\/tourcruiser.com\/fr\/products\/women-air-jordan-1-retro-high-og-blue-chill-cd0461-401\/\",\"url\":\"https:\/\/tourcruiser.com\/fr\/products\/women-air-jordan-1-retro-high-og-blue-chill-cd0461-401\/\",\"name\":\"(Women) Air Jordan 1 Retro High OG 'Blue Chill' CD0461-401 - TOURCRUISER PTE. LTD\",\"isPartOf\":{\"@id\":\"\/#website\"},\"primaryImageOfPage\":{\"@id\":\"https:\/\/tourcruiser.com\/fr\/products\/women-air-jordan-1-retro-high-og-blue-chill-cd0461-401\/#primaryimage\"},\"image\":{\"@id\":\"https:\/\/tourcruiser.com\/fr\/products\/women-air-jordan-1-retro-high-og-blue-chill-cd0461-401\/#primaryimage\"},\"thumbnailUrl\":\"https:\/\/images.novelship.com\/product\/_women__air_jordan_1_retro_high_og__blue_chill__cd_0_48130.jpeg;https:\/\/images.novelship.com\/product\/_women__air_jordan_1_retro_high_og__blue_chill__cd_1_48130.jpeg;https:\/\/images.novelship.com\/product\/_women__air_jordan_1_retro_high_og__blue_chill__cd_2_48130.jpeg;https:\/\/images.novelship.com\/product\/_women__air_jordan_1_retro_high_og__blue_chill__cd_3_48130.jpeg;https:\/\/images.novelship.com\/product\/_women__air_jordan_1_retro_high_og__blue_chill__cd_4_48130.jpeg;https:\/\/images.novelship.com\/product\/_women__air_jordan_1_retro_high_og__blue_chill__cd_5_48130.jpeg;https:\/\/images.novelship.com\/product\/_women__air_jordan_1_retro_high_og__blue_chill__cd_6_48130.jpeg;https:\/\/images.novelship.com\/product\/_women__air_jordan_1_retro_high_og__blue_chill__cd_7_48130.jpeg\",\"datePublished\":\"2026-04-16T10:09:59+00:00\",\"dateModified\":\"2026-04-17T15:53:39+00:00\",\"breadcrumb\":{\"@id\":\"https:\/\/tourcruiser.com\/fr\/products\/women-air-jordan-1-retro-high-og-blue-chill-cd0461-401\/#breadcrumb\"},\"inLanguage\":\"fr-FR\",\"potentialAction\":[{\"@type\":\"ReadAction\",\"target\":[\"https:\/\/tourcruiser.com\/fr\/products\/women-air-jordan-1-retro-high-og-blue-chill-cd0461-401\/\"]}]},{\"@type\":\"ImageObject\",\"inLanguage\":\"fr-FR\",\"@id\":\"https:\/\/tourcruiser.com\/fr\/products\/women-air-jordan-1-retro-high-og-blue-chill-cd0461-401\/#primaryimage\",\"url\":\"https:\/\/images.novelship.com\/product\/_women__air_jordan_1_retro_high_og__blue_chill__cd_0_48130.jpeg;https:\/\/images.novelship.com\/product\/_women__air_jordan_1_retro_high_og__blue_chill__cd_1_48130.jpeg;https:\/\/images.novelship.com\/product\/_women__air_jordan_1_retro_high_og__blue_chill__cd_2_48130.jpeg;https:\/\/images.novelship.com\/product\/_women__air_jordan_1_retro_high_og__blue_chill__cd_3_48130.jpeg;https:\/\/images.novelship.com\/product\/_women__air_jordan_1_retro_high_og__blue_chill__cd_4_48130.jpeg;https:\/\/images.novelship.com\/product\/_women__air_jordan_1_retro_high_og__blue_chill__cd_5_48130.jpeg;https:\/\/images.novelship.com\/product\/_women__air_jordan_1_retro_high_og__blue_chill__cd_6_48130.jpeg;https:\/\/images.novelship.com\/product\/_women__air_jordan_1_retro_high_og__blue_chill__cd_7_48130.jpeg\",\"contentUrl\":\"https:\/\/images.novelship.com\/product\/_women__air_jordan_1_retro_high_og__blue_chill__cd_0_48130.jpeg;https:\/\/images.novelship.com\/product\/_women__air_jordan_1_retro_high_og__blue_chill__cd_1_48130.jpeg;https:\/\/images.novelship.com\/product\/_women__air_jordan_1_retro_high_og__blue_chill__cd_2_48130.jpeg;https:\/\/images.novelship.com\/product\/_women__air_jordan_1_retro_high_og__blue_chill__cd_3_48130.jpeg;https:\/\/images.novelship.com\/product\/_women__air_jordan_1_retro_high_og__blue_chill__cd_4_48130.jpeg;https:\/\/images.novelship.com\/product\/_women__air_jordan_1_retro_high_og__blue_chill__cd_5_48130.jpeg;https:\/\/images.novelship.com\/product\/_women__air_jordan_1_retro_high_og__blue_chill__cd_6_48130.jpeg;https:\/\/images.novelship.com\/product\/_women__air_jordan_1_retro_high_og__blue_chill__cd_7_48130.jpeg\"},{\"@type\":\"BreadcrumbList\",\"@id\":\"https:\/\/tourcruiser.com\/fr\/products\/women-air-jordan-1-retro-high-og-blue-chill-cd0461-401\/#breadcrumb\",\"itemListElement\":[{\"@type\":\"ListItem\",\"position\":1,\"name\":\"Home\",\"item\":\"https:\/\/tourcruiser.com\/fr\/\"},{\"@type\":\"ListItem\",\"position\":2,\"name\":\"Shop\",\"item\":\"https:\/\/tourcruiser.com\/fr\/shop\/\"},{\"@type\":\"ListItem\",\"position\":3,\"name\":\"(Women) Air Jordan 1 Retro High OG &#8216;Blue Chill&#8217; CD0461-401\"}]},{\"@type\":\"WebSite\",\"@id\":\"\/#website\",\"url\":\"\/\",\"name\":\"Styloral Jewelry Shop\",\"description\":\"Tourcruiser Sneaker Store \u2014 L\u2019endroit o\u00f9 l\u2019univers rencontre votre singularit\u00e9.\",\"publisher\":{\"@id\":\"\/#organization\"},\"potentialAction\":[{\"@type\":\"SearchAction\",\"target\":{\"@type\":\"EntryPoint\",\"urlTemplate\":\"\/?s={search_term_string}\"},\"query-input\":{\"@type\":\"PropertyValueSpecification\",\"valueRequired\":true,\"valueName\":\"search_term_string\"}}],\"inLanguage\":\"fr-FR\"},{\"@type\":\"Organization\",\"@id\":\"\/#organization\",\"name\":\"STYLORAL PTE. LTD\",\"url\":\"\/\",\"logo\":{\"@type\":\"ImageObject\",\"inLanguage\":\"fr-FR\",\"@id\":\"\/#\/schema\/logo\/image\/\",\"url\":\"https:\/\/www.tourcruiser.com\/wp-content\/uploads\/2025\/12\/logo.png\",\"contentUrl\":\"https:\/\/www.tourcruiser.com\/wp-content\/uploads\/2025\/12\/logo.png\",\"width\":200,\"height\":65,\"caption\":\"STYLORAL PTE. LTD\"},\"image\":{\"@id\":\"\/#\/schema\/logo\/image\/\"}}]}<\/script>\n<!-- \/ Yoast SEO plugin. -->","yoast_head_json":{"title":"(Women) Air Jordan 1 Retro High OG 'Blue Chill' CD0461-401 - TOURCRUISER PTE. LTD","robots":{"index":"index","follow":"follow","max-snippet":"max-snippet:-1","max-image-preview":"max-image-preview:large","max-video-preview":"max-video-preview:-1"},"canonical":"https:\/\/tourcruiser.com\/fr\/products\/women-air-jordan-1-retro-high-og-blue-chill-cd0461-401\/","og_locale":"fr_FR","og_type":"article","og_title":"(Women) Air Jordan 1 Retro High OG 'Blue Chill' CD0461-401 - TOURCRUISER PTE. LTD","og_description":"La Air Jordan 1 Retro High OG Blue Chill (WMNS) est une chaussure pour femme sign\u00e9e Jordan. Elle se distingue par son \u00e9l\u00e9gante couleur bleue et est surnomm\u00e9e \u00ab\u00a0Blue Chill\u00a0\u00bb. Avec son design r\u00e9tro et sa silhouette montante, cette chaussure est un incontournable pour toutes les passionn\u00e9es de sneakers. La Air Jordan 1 Retro High [&hellip;]","og_url":"https:\/\/tourcruiser.com\/fr\/products\/women-air-jordan-1-retro-high-og-blue-chill-cd0461-401\/","og_site_name":"Tourcruiser Sneaker Store","article_modified_time":"2026-04-17T15:53:39+00:00","twitter_card":"summary_large_image","twitter_image":"https:\/\/images.novelship.com\/product\/_women__air_jordan_1_retro_high_og__blue_chill__cd_0_48130.jpeg;https:\/\/images.novelship.com\/product\/_women__air_jordan_1_retro_high_og__blue_chill__cd_1_48130.jpeg;https:\/\/images.novelship.com\/product\/_women__air_jordan_1_retro_high_og__blue_chill__cd_2_48130.jpeg;https:\/\/images.novelship.com\/product\/_women__air_jordan_1_retro_high_og__blue_chill__cd_3_48130.jpeg;https:\/\/images.novelship.com\/product\/_women__air_jordan_1_retro_high_og__blue_chill__cd_4_48130.jpeg;https:\/\/images.novelship.com\/product\/_women__air_jordan_1_retro_high_og__blue_chill__cd_5_48130.jpeg;https:\/\/images.novelship.com\/product\/_women__air_jordan_1_retro_high_og__blue_chill__cd_6_48130.jpeg;https:\/\/images.novelship.com\/product\/_women__air_jordan_1_retro_high_og__blue_chill__cd_7_48130.jpeg","twitter_misc":{"Dur\u00e9e de lecture estim\u00e9e":"1 minute"},"schema":{"@context":"https:\/\/schema.org","@graph":[{"@type":"WebPage","@id":"https:\/\/tourcruiser.com\/fr\/products\/women-air-jordan-1-retro-high-og-blue-chill-cd0461-401\/","url":"https:\/\/tourcruiser.com\/fr\/products\/women-air-jordan-1-retro-high-og-blue-chill-cd0461-401\/","name":"(Women) Air Jordan 1 Retro High OG 'Blue Chill' CD0461-401 - TOURCRUISER PTE. LTD","isPartOf":{"@id":"\/#website"},"primaryImageOfPage":{"@id":"https:\/\/tourcruiser.com\/fr\/products\/women-air-jordan-1-retro-high-og-blue-chill-cd0461-401\/#primaryimage"},"image":{"@id":"https:\/\/tourcruiser.com\/fr\/products\/women-air-jordan-1-retro-high-og-blue-chill-cd0461-401\/#primaryimage"},"thumbnailUrl":"https:\/\/images.novelship.com\/product\/_women__air_jordan_1_retro_high_og__blue_chill__cd_0_48130.jpeg;https:\/\/images.novelship.com\/product\/_women__air_jordan_1_retro_high_og__blue_chill__cd_1_48130.jpeg;https:\/\/images.novelship.com\/product\/_women__air_jordan_1_retro_high_og__blue_chill__cd_2_48130.jpeg;https:\/\/images.novelship.com\/product\/_women__air_jordan_1_retro_high_og__blue_chill__cd_3_48130.jpeg;https:\/\/images.novelship.com\/product\/_women__air_jordan_1_retro_high_og__blue_chill__cd_4_48130.jpeg;https:\/\/images.novelship.com\/product\/_women__air_jordan_1_retro_high_og__blue_chill__cd_5_48130.jpeg;https:\/\/images.novelship.com\/product\/_women__air_jordan_1_retro_high_og__blue_chill__cd_6_48130.jpeg;https:\/\/images.novelship.com\/product\/_women__air_jordan_1_retro_high_og__blue_chill__cd_7_48130.jpeg","datePublished":"2026-04-16T10:09:59+00:00","dateModified":"2026-04-17T15:53:39+00:00","breadcrumb":{"@id":"https:\/\/tourcruiser.com\/fr\/products\/women-air-jordan-1-retro-high-og-blue-chill-cd0461-401\/#breadcrumb"},"inLanguage":"fr-FR","potentialAction":[{"@type":"ReadAction","target":["https:\/\/tourcruiser.com\/fr\/products\/women-air-jordan-1-retro-high-og-blue-chill-cd0461-401\/"]}]},{"@type":"ImageObject","inLanguage":"fr-FR","@id":"https:\/\/tourcruiser.com\/fr\/products\/women-air-jordan-1-retro-high-og-blue-chill-cd0461-401\/#primaryimage","url":"https:\/\/images.novelship.com\/product\/_women__air_jordan_1_retro_high_og__blue_chill__cd_0_48130.jpeg;https:\/\/images.novelship.com\/product\/_women__air_jordan_1_retro_high_og__blue_chill__cd_1_48130.jpeg;https:\/\/images.novelship.com\/product\/_women__air_jordan_1_retro_high_og__blue_chill__cd_2_48130.jpeg;https:\/\/images.novelship.com\/product\/_women__air_jordan_1_retro_high_og__blue_chill__cd_3_48130.jpeg;https:\/\/images.novelship.com\/product\/_women__air_jordan_1_retro_high_og__blue_chill__cd_4_48130.jpeg;https:\/\/images.novelship.com\/product\/_women__air_jordan_1_retro_high_og__blue_chill__cd_5_48130.jpeg;https:\/\/images.novelship.com\/product\/_women__air_jordan_1_retro_high_og__blue_chill__cd_6_48130.jpeg;https:\/\/images.novelship.com\/product\/_women__air_jordan_1_retro_high_og__blue_chill__cd_7_48130.jpeg","contentUrl":"https:\/\/images.novelship.com\/product\/_women__air_jordan_1_retro_high_og__blue_chill__cd_0_48130.jpeg;https:\/\/images.novelship.com\/product\/_women__air_jordan_1_retro_high_og__blue_chill__cd_1_48130.jpeg;https:\/\/images.novelship.com\/product\/_women__air_jordan_1_retro_high_og__blue_chill__cd_2_48130.jpeg;https:\/\/images.novelship.com\/product\/_women__air_jordan_1_retro_high_og__blue_chill__cd_3_48130.jpeg;https:\/\/images.novelship.com\/product\/_women__air_jordan_1_retro_high_og__blue_chill__cd_4_48130.jpeg;https:\/\/images.novelship.com\/product\/_women__air_jordan_1_retro_high_og__blue_chill__cd_5_48130.jpeg;https:\/\/images.novelship.com\/product\/_women__air_jordan_1_retro_high_og__blue_chill__cd_6_48130.jpeg;https:\/\/images.novelship.com\/product\/_women__air_jordan_1_retro_high_og__blue_chill__cd_7_48130.jpeg"},{"@type":"BreadcrumbList","@id":"https:\/\/tourcruiser.com\/fr\/products\/women-air-jordan-1-retro-high-og-blue-chill-cd0461-401\/#breadcrumb","itemListElement":[{"@type":"ListItem","position":1,"name":"Home","item":"https:\/\/tourcruiser.com\/fr\/"},{"@type":"ListItem","position":2,"name":"Shop","item":"https:\/\/tourcruiser.com\/fr\/shop\/"},{"@type":"ListItem","position":3,"name":"(Women) Air Jordan 1 Retro High OG &#8216;Blue Chill&#8217; CD0461-401"}]},{"@type":"WebSite","@id":"\/#website","url":"\/","name":"Styloral Jewelry Shop","description":"Tourcruiser Sneaker Store \u2014 L\u2019endroit o\u00f9 l\u2019univers rencontre votre singularit\u00e9.","publisher":{"@id":"\/#organization"},"potentialAction":[{"@type":"SearchAction","target":{"@type":"EntryPoint","urlTemplate":"\/?s={search_term_string}"},"query-input":{"@type":"PropertyValueSpecification","valueRequired":true,"valueName":"search_term_string"}}],"inLanguage":"fr-FR"},{"@type":"Organization","@id":"\/#organization","name":"STYLORAL PTE. LTD","url":"\/","logo":{"@type":"ImageObject","inLanguage":"fr-FR","@id":"\/#\/schema\/logo\/image\/","url":"https:\/\/www.tourcruiser.com\/wp-content\/uploads\/2025\/12\/logo.png","contentUrl":"https:\/\/www.tourcruiser.com\/wp-content\/uploads\/2025\/12\/logo.png","width":200,"height":65,"caption":"STYLORAL PTE. LTD"},"image":{"@id":"\/#\/schema\/logo\/image\/"}}]}},"_links":{"self":[{"href":"https:\/\/tourcruiser.com\/fr\/wp-json\/wp\/v2\/product\/762582","targetHints":{"allow":["GET"]}}],"collection":[{"href":"https:\/\/tourcruiser.com\/fr\/wp-json\/wp\/v2\/product"}],"about":[{"href":"https:\/\/tourcruiser.com\/fr\/wp-json\/wp\/v2\/types\/product"}],"replies":[{"embeddable":true,"href":"https:\/\/tourcruiser.com\/fr\/wp-json\/wp\/v2\/comments?post=762582"}],"wp:featuredmedia":[{"embeddable":true,"href":"https:\/\/tourcruiser.com\/fr\/wp-json\/wp\/v2\/media\/762583"}],"wp:attachment":[{"href":"https:\/\/tourcruiser.com\/fr\/wp-json\/wp\/v2\/media?parent=762582"}],"wp:term":[{"taxonomy":"product_brand","embeddable":true,"href":"https:\/\/tourcruiser.com\/fr\/wp-json\/wp\/v2\/product_brand?post=762582"},{"taxonomy":"product_cat","embeddable":true,"href":"https:\/\/tourcruiser.com\/fr\/wp-json\/wp\/v2\/product_cat?post=762582"},{"taxonomy":"product_tag","embeddable":true,"href":"https:\/\/tourcruiser.com\/fr\/wp-json\/wp\/v2\/product_tag?post=762582"}],"curies":[{"name":"wp","href":"https:\/\/api.w.org\/{rel}","templated":true}]}}