{"id":762573,"date":"2026-04-16T17:09:58","date_gmt":"2026-04-16T10:09:58","guid":{"rendered":"http:\/\/tourcruiser.com\/product\/air-jordan-14-retro-ferrari-654459-670"},"modified":"2026-04-17T22:53:39","modified_gmt":"2026-04-17T15:53:39","slug":"air-jordan-14-retro-ferrari-654459-670","status":"publish","type":"product","link":"https:\/\/tourcruiser.com\/fr\/products\/air-jordan-14-retro-ferrari-654459-670\/","title":{"rendered":"Air Jordan 14 Retro &lsquo;Ferrari&rsquo; 654459-670"},"content":{"rendered":"<p>La Air Jordan 14 Retro Ferrari de Jordan est une sneaker rouge \u00e9clatante qui ne passe pas inaper\u00e7ue. Avec son design \u00e9pur\u00e9 et ses d\u00e9tails embl\u00e9matiques, cette chaussure rend hommage \u00e0 la l\u00e9gendaire marque Ferrari. Affirmez votre style avec cette sneaker premium.<\/p>\n<p>Coloris\u00a0: Rouge Challenge\/Noir\/Jaune vif\/Gris anthracite<\/p>\n<p>Code article\u00a0: 654459-670<\/p>\n<p>Tige\u00a0: Daim<\/p>\n<p>Semelle interm\u00e9diaire\u00a0: Air<\/p>\n<p>Couleur\u00a0: Rouge<\/p>\n<p>Designer\u00a0: Tinker Hatfield<\/p>\n<p>Saison\u00a0: Automne<\/p>\n<p>Ann\u00e9e de sortie\u00a0: 2014<\/p>\n<p>\u00c2ge\u00a0: Adulte<\/p>\n<p>Couleur\u00a0: Rouge<\/p>\n<p>Genre\u00a0: Homme<\/p>\n","protected":false},"excerpt":{"rendered":"<p>La Air Jordan 14 Retro Ferrari de Jordan est une sneaker rouge \u00e9clatante qui ne passe pas inaper\u00e7ue. Avec son design \u00e9pur\u00e9 et ses d\u00e9tails embl\u00e9matiques, cette chaussure rend hommage \u00e0 la l\u00e9gendaire marque Ferrari. Affirmez votre style avec cette sneaker premium. Coloris\u00a0: Rouge Challenge\/Noir\/Jaune vif\/Gris anthracite Code article\u00a0: 654459-670 Tige\u00a0: Daim Semelle interm\u00e9diaire\u00a0: Air [&hellip;]<\/p>\n","protected":false},"featured_media":762574,"comment_status":"open","ping_status":"closed","template":"","meta":[],"product_brand":[],"product_cat":[38880],"product_tag":[10800,38842,10776,11349,38875,11129,38846],"class_list":{"0":"post-762573","1":"product","2":"type-product","3":"status-publish","4":"has-post-thumbnail","6":"product_cat-jordan","7":"product_tag-basketball-shoes","8":"product_tag-gift-idea-for-him","9":"product_tag-jordan","10":"product_tag-jordan-basketball-shoes","11":"product_tag-jordan-skateboard-shoes","12":"product_tag-lightweight-basketball-shoes","13":"product_tag-performance-sports-shoes","15":"first","16":"instock","17":"taxable","18":"shipping-taxable","19":"purchasable","20":"product-type-simple"},"wcpa_form_fields":null,"yoast_head":"<!-- This site is optimized with the Yoast SEO plugin v26.5 - https:\/\/yoast.com\/wordpress\/plugins\/seo\/ -->\n<title>Air Jordan 14 Retro &#039;Ferrari&#039; 654459-670 - TOURCRUISER PTE. LTD<\/title>\n<meta name=\"robots\" content=\"index, follow, max-snippet:-1, max-image-preview:large, max-video-preview:-1\" \/>\n<link rel=\"canonical\" href=\"https:\/\/tourcruiser.com\/fr\/products\/air-jordan-14-retro-ferrari-654459-670\/\" \/>\n<meta property=\"og:locale\" content=\"fr_FR\" \/>\n<meta property=\"og:type\" content=\"article\" \/>\n<meta property=\"og:title\" content=\"Air Jordan 14 Retro &#039;Ferrari&#039; 654459-670 - TOURCRUISER PTE. LTD\" \/>\n<meta property=\"og:description\" content=\"La Air Jordan 14 Retro Ferrari de Jordan est une sneaker rouge \u00e9clatante qui ne passe pas inaper\u00e7ue. Avec son design \u00e9pur\u00e9 et ses d\u00e9tails embl\u00e9matiques, cette chaussure rend hommage \u00e0 la l\u00e9gendaire marque Ferrari. Affirmez votre style avec cette sneaker premium. Coloris\u00a0: Rouge Challenge\/Noir\/Jaune vif\/Gris anthracite Code article\u00a0: 654459-670 Tige\u00a0: Daim Semelle interm\u00e9diaire\u00a0: Air [&hellip;]\" \/>\n<meta property=\"og:url\" content=\"https:\/\/tourcruiser.com\/fr\/products\/air-jordan-14-retro-ferrari-654459-670\/\" \/>\n<meta property=\"og:site_name\" content=\"Tourcruiser Sneaker Store\" \/>\n<meta property=\"article:modified_time\" content=\"2026-04-17T15:53:39+00:00\" \/>\n<meta name=\"twitter:card\" content=\"summary_large_image\" \/>\n<meta name=\"twitter:image\" content=\"https:\/\/images.novelship.com\/product\/air_jordan_14_retro__ferrari__654459_670_0_64214.jpeg;https:\/\/images.novelship.com\/product\/air_jordan_14_retro__ferrari__654459_670_1_64214.jpeg;https:\/\/images.novelship.com\/product\/air_jordan_14_retro__ferrari__654459_670_2_64214.jpeg;https:\/\/images.novelship.com\/product\/air_jordan_14_retro__ferrari__654459_670_3_64214.jpeg;https:\/\/images.novelship.com\/product\/air_jordan_14_retro__ferrari__654459_670_4_64214.jpeg;https:\/\/images.novelship.com\/product\/air_jordan_14_retro__ferrari__654459_670_5_64214.jpeg;https:\/\/images.novelship.com\/product\/air_jordan_14_retro__ferrari__654459_670_6_64214.jpeg;https:\/\/images.novelship.com\/product\/air_jordan_14_retro__ferrari__654459_670_7_64214.jpeg\" \/>\n<script type=\"application\/ld+json\" class=\"yoast-schema-graph\">{\"@context\":\"https:\/\/schema.org\",\"@graph\":[{\"@type\":\"WebPage\",\"@id\":\"https:\/\/tourcruiser.com\/fr\/products\/air-jordan-14-retro-ferrari-654459-670\/\",\"url\":\"https:\/\/tourcruiser.com\/fr\/products\/air-jordan-14-retro-ferrari-654459-670\/\",\"name\":\"Air Jordan 14 Retro 'Ferrari' 654459-670 - TOURCRUISER PTE. LTD\",\"isPartOf\":{\"@id\":\"\/#website\"},\"primaryImageOfPage\":{\"@id\":\"https:\/\/tourcruiser.com\/fr\/products\/air-jordan-14-retro-ferrari-654459-670\/#primaryimage\"},\"image\":{\"@id\":\"https:\/\/tourcruiser.com\/fr\/products\/air-jordan-14-retro-ferrari-654459-670\/#primaryimage\"},\"thumbnailUrl\":\"https:\/\/images.novelship.com\/product\/air_jordan_14_retro__ferrari__654459_670_0_64214.jpeg;https:\/\/images.novelship.com\/product\/air_jordan_14_retro__ferrari__654459_670_1_64214.jpeg;https:\/\/images.novelship.com\/product\/air_jordan_14_retro__ferrari__654459_670_2_64214.jpeg;https:\/\/images.novelship.com\/product\/air_jordan_14_retro__ferrari__654459_670_3_64214.jpeg;https:\/\/images.novelship.com\/product\/air_jordan_14_retro__ferrari__654459_670_4_64214.jpeg;https:\/\/images.novelship.com\/product\/air_jordan_14_retro__ferrari__654459_670_5_64214.jpeg;https:\/\/images.novelship.com\/product\/air_jordan_14_retro__ferrari__654459_670_6_64214.jpeg;https:\/\/images.novelship.com\/product\/air_jordan_14_retro__ferrari__654459_670_7_64214.jpeg\",\"datePublished\":\"2026-04-16T10:09:58+00:00\",\"dateModified\":\"2026-04-17T15:53:39+00:00\",\"breadcrumb\":{\"@id\":\"https:\/\/tourcruiser.com\/fr\/products\/air-jordan-14-retro-ferrari-654459-670\/#breadcrumb\"},\"inLanguage\":\"fr-FR\",\"potentialAction\":[{\"@type\":\"ReadAction\",\"target\":[\"https:\/\/tourcruiser.com\/fr\/products\/air-jordan-14-retro-ferrari-654459-670\/\"]}]},{\"@type\":\"ImageObject\",\"inLanguage\":\"fr-FR\",\"@id\":\"https:\/\/tourcruiser.com\/fr\/products\/air-jordan-14-retro-ferrari-654459-670\/#primaryimage\",\"url\":\"https:\/\/images.novelship.com\/product\/air_jordan_14_retro__ferrari__654459_670_0_64214.jpeg;https:\/\/images.novelship.com\/product\/air_jordan_14_retro__ferrari__654459_670_1_64214.jpeg;https:\/\/images.novelship.com\/product\/air_jordan_14_retro__ferrari__654459_670_2_64214.jpeg;https:\/\/images.novelship.com\/product\/air_jordan_14_retro__ferrari__654459_670_3_64214.jpeg;https:\/\/images.novelship.com\/product\/air_jordan_14_retro__ferrari__654459_670_4_64214.jpeg;https:\/\/images.novelship.com\/product\/air_jordan_14_retro__ferrari__654459_670_5_64214.jpeg;https:\/\/images.novelship.com\/product\/air_jordan_14_retro__ferrari__654459_670_6_64214.jpeg;https:\/\/images.novelship.com\/product\/air_jordan_14_retro__ferrari__654459_670_7_64214.jpeg\",\"contentUrl\":\"https:\/\/images.novelship.com\/product\/air_jordan_14_retro__ferrari__654459_670_0_64214.jpeg;https:\/\/images.novelship.com\/product\/air_jordan_14_retro__ferrari__654459_670_1_64214.jpeg;https:\/\/images.novelship.com\/product\/air_jordan_14_retro__ferrari__654459_670_2_64214.jpeg;https:\/\/images.novelship.com\/product\/air_jordan_14_retro__ferrari__654459_670_3_64214.jpeg;https:\/\/images.novelship.com\/product\/air_jordan_14_retro__ferrari__654459_670_4_64214.jpeg;https:\/\/images.novelship.com\/product\/air_jordan_14_retro__ferrari__654459_670_5_64214.jpeg;https:\/\/images.novelship.com\/product\/air_jordan_14_retro__ferrari__654459_670_6_64214.jpeg;https:\/\/images.novelship.com\/product\/air_jordan_14_retro__ferrari__654459_670_7_64214.jpeg\"},{\"@type\":\"BreadcrumbList\",\"@id\":\"https:\/\/tourcruiser.com\/fr\/products\/air-jordan-14-retro-ferrari-654459-670\/#breadcrumb\",\"itemListElement\":[{\"@type\":\"ListItem\",\"position\":1,\"name\":\"Home\",\"item\":\"https:\/\/tourcruiser.com\/fr\/\"},{\"@type\":\"ListItem\",\"position\":2,\"name\":\"Shop\",\"item\":\"https:\/\/tourcruiser.com\/fr\/shop\/\"},{\"@type\":\"ListItem\",\"position\":3,\"name\":\"Air Jordan 14 Retro &#8216;Ferrari&#8217; 654459-670\"}]},{\"@type\":\"WebSite\",\"@id\":\"\/#website\",\"url\":\"\/\",\"name\":\"Styloral Jewelry Shop\",\"description\":\"Tourcruiser Sneaker Store \u2014 L\u2019endroit o\u00f9 l\u2019univers rencontre votre singularit\u00e9.\",\"publisher\":{\"@id\":\"\/#organization\"},\"potentialAction\":[{\"@type\":\"SearchAction\",\"target\":{\"@type\":\"EntryPoint\",\"urlTemplate\":\"\/?s={search_term_string}\"},\"query-input\":{\"@type\":\"PropertyValueSpecification\",\"valueRequired\":true,\"valueName\":\"search_term_string\"}}],\"inLanguage\":\"fr-FR\"},{\"@type\":\"Organization\",\"@id\":\"\/#organization\",\"name\":\"STYLORAL PTE. LTD\",\"url\":\"\/\",\"logo\":{\"@type\":\"ImageObject\",\"inLanguage\":\"fr-FR\",\"@id\":\"\/#\/schema\/logo\/image\/\",\"url\":\"https:\/\/www.tourcruiser.com\/wp-content\/uploads\/2025\/12\/logo.png\",\"contentUrl\":\"https:\/\/www.tourcruiser.com\/wp-content\/uploads\/2025\/12\/logo.png\",\"width\":200,\"height\":65,\"caption\":\"STYLORAL PTE. LTD\"},\"image\":{\"@id\":\"\/#\/schema\/logo\/image\/\"}}]}<\/script>\n<!-- \/ Yoast SEO plugin. -->","yoast_head_json":{"title":"Air Jordan 14 Retro 'Ferrari' 654459-670 - TOURCRUISER PTE. LTD","robots":{"index":"index","follow":"follow","max-snippet":"max-snippet:-1","max-image-preview":"max-image-preview:large","max-video-preview":"max-video-preview:-1"},"canonical":"https:\/\/tourcruiser.com\/fr\/products\/air-jordan-14-retro-ferrari-654459-670\/","og_locale":"fr_FR","og_type":"article","og_title":"Air Jordan 14 Retro 'Ferrari' 654459-670 - TOURCRUISER PTE. LTD","og_description":"La Air Jordan 14 Retro Ferrari de Jordan est une sneaker rouge \u00e9clatante qui ne passe pas inaper\u00e7ue. Avec son design \u00e9pur\u00e9 et ses d\u00e9tails embl\u00e9matiques, cette chaussure rend hommage \u00e0 la l\u00e9gendaire marque Ferrari. Affirmez votre style avec cette sneaker premium. Coloris\u00a0: Rouge Challenge\/Noir\/Jaune vif\/Gris anthracite Code article\u00a0: 654459-670 Tige\u00a0: Daim Semelle interm\u00e9diaire\u00a0: Air [&hellip;]","og_url":"https:\/\/tourcruiser.com\/fr\/products\/air-jordan-14-retro-ferrari-654459-670\/","og_site_name":"Tourcruiser Sneaker Store","article_modified_time":"2026-04-17T15:53:39+00:00","twitter_card":"summary_large_image","twitter_image":"https:\/\/images.novelship.com\/product\/air_jordan_14_retro__ferrari__654459_670_0_64214.jpeg;https:\/\/images.novelship.com\/product\/air_jordan_14_retro__ferrari__654459_670_1_64214.jpeg;https:\/\/images.novelship.com\/product\/air_jordan_14_retro__ferrari__654459_670_2_64214.jpeg;https:\/\/images.novelship.com\/product\/air_jordan_14_retro__ferrari__654459_670_3_64214.jpeg;https:\/\/images.novelship.com\/product\/air_jordan_14_retro__ferrari__654459_670_4_64214.jpeg;https:\/\/images.novelship.com\/product\/air_jordan_14_retro__ferrari__654459_670_5_64214.jpeg;https:\/\/images.novelship.com\/product\/air_jordan_14_retro__ferrari__654459_670_6_64214.jpeg;https:\/\/images.novelship.com\/product\/air_jordan_14_retro__ferrari__654459_670_7_64214.jpeg","schema":{"@context":"https:\/\/schema.org","@graph":[{"@type":"WebPage","@id":"https:\/\/tourcruiser.com\/fr\/products\/air-jordan-14-retro-ferrari-654459-670\/","url":"https:\/\/tourcruiser.com\/fr\/products\/air-jordan-14-retro-ferrari-654459-670\/","name":"Air Jordan 14 Retro 'Ferrari' 654459-670 - TOURCRUISER PTE. LTD","isPartOf":{"@id":"\/#website"},"primaryImageOfPage":{"@id":"https:\/\/tourcruiser.com\/fr\/products\/air-jordan-14-retro-ferrari-654459-670\/#primaryimage"},"image":{"@id":"https:\/\/tourcruiser.com\/fr\/products\/air-jordan-14-retro-ferrari-654459-670\/#primaryimage"},"thumbnailUrl":"https:\/\/images.novelship.com\/product\/air_jordan_14_retro__ferrari__654459_670_0_64214.jpeg;https:\/\/images.novelship.com\/product\/air_jordan_14_retro__ferrari__654459_670_1_64214.jpeg;https:\/\/images.novelship.com\/product\/air_jordan_14_retro__ferrari__654459_670_2_64214.jpeg;https:\/\/images.novelship.com\/product\/air_jordan_14_retro__ferrari__654459_670_3_64214.jpeg;https:\/\/images.novelship.com\/product\/air_jordan_14_retro__ferrari__654459_670_4_64214.jpeg;https:\/\/images.novelship.com\/product\/air_jordan_14_retro__ferrari__654459_670_5_64214.jpeg;https:\/\/images.novelship.com\/product\/air_jordan_14_retro__ferrari__654459_670_6_64214.jpeg;https:\/\/images.novelship.com\/product\/air_jordan_14_retro__ferrari__654459_670_7_64214.jpeg","datePublished":"2026-04-16T10:09:58+00:00","dateModified":"2026-04-17T15:53:39+00:00","breadcrumb":{"@id":"https:\/\/tourcruiser.com\/fr\/products\/air-jordan-14-retro-ferrari-654459-670\/#breadcrumb"},"inLanguage":"fr-FR","potentialAction":[{"@type":"ReadAction","target":["https:\/\/tourcruiser.com\/fr\/products\/air-jordan-14-retro-ferrari-654459-670\/"]}]},{"@type":"ImageObject","inLanguage":"fr-FR","@id":"https:\/\/tourcruiser.com\/fr\/products\/air-jordan-14-retro-ferrari-654459-670\/#primaryimage","url":"https:\/\/images.novelship.com\/product\/air_jordan_14_retro__ferrari__654459_670_0_64214.jpeg;https:\/\/images.novelship.com\/product\/air_jordan_14_retro__ferrari__654459_670_1_64214.jpeg;https:\/\/images.novelship.com\/product\/air_jordan_14_retro__ferrari__654459_670_2_64214.jpeg;https:\/\/images.novelship.com\/product\/air_jordan_14_retro__ferrari__654459_670_3_64214.jpeg;https:\/\/images.novelship.com\/product\/air_jordan_14_retro__ferrari__654459_670_4_64214.jpeg;https:\/\/images.novelship.com\/product\/air_jordan_14_retro__ferrari__654459_670_5_64214.jpeg;https:\/\/images.novelship.com\/product\/air_jordan_14_retro__ferrari__654459_670_6_64214.jpeg;https:\/\/images.novelship.com\/product\/air_jordan_14_retro__ferrari__654459_670_7_64214.jpeg","contentUrl":"https:\/\/images.novelship.com\/product\/air_jordan_14_retro__ferrari__654459_670_0_64214.jpeg;https:\/\/images.novelship.com\/product\/air_jordan_14_retro__ferrari__654459_670_1_64214.jpeg;https:\/\/images.novelship.com\/product\/air_jordan_14_retro__ferrari__654459_670_2_64214.jpeg;https:\/\/images.novelship.com\/product\/air_jordan_14_retro__ferrari__654459_670_3_64214.jpeg;https:\/\/images.novelship.com\/product\/air_jordan_14_retro__ferrari__654459_670_4_64214.jpeg;https:\/\/images.novelship.com\/product\/air_jordan_14_retro__ferrari__654459_670_5_64214.jpeg;https:\/\/images.novelship.com\/product\/air_jordan_14_retro__ferrari__654459_670_6_64214.jpeg;https:\/\/images.novelship.com\/product\/air_jordan_14_retro__ferrari__654459_670_7_64214.jpeg"},{"@type":"BreadcrumbList","@id":"https:\/\/tourcruiser.com\/fr\/products\/air-jordan-14-retro-ferrari-654459-670\/#breadcrumb","itemListElement":[{"@type":"ListItem","position":1,"name":"Home","item":"https:\/\/tourcruiser.com\/fr\/"},{"@type":"ListItem","position":2,"name":"Shop","item":"https:\/\/tourcruiser.com\/fr\/shop\/"},{"@type":"ListItem","position":3,"name":"Air Jordan 14 Retro &#8216;Ferrari&#8217; 654459-670"}]},{"@type":"WebSite","@id":"\/#website","url":"\/","name":"Styloral Jewelry Shop","description":"Tourcruiser Sneaker Store \u2014 L\u2019endroit o\u00f9 l\u2019univers rencontre votre singularit\u00e9.","publisher":{"@id":"\/#organization"},"potentialAction":[{"@type":"SearchAction","target":{"@type":"EntryPoint","urlTemplate":"\/?s={search_term_string}"},"query-input":{"@type":"PropertyValueSpecification","valueRequired":true,"valueName":"search_term_string"}}],"inLanguage":"fr-FR"},{"@type":"Organization","@id":"\/#organization","name":"STYLORAL PTE. LTD","url":"\/","logo":{"@type":"ImageObject","inLanguage":"fr-FR","@id":"\/#\/schema\/logo\/image\/","url":"https:\/\/www.tourcruiser.com\/wp-content\/uploads\/2025\/12\/logo.png","contentUrl":"https:\/\/www.tourcruiser.com\/wp-content\/uploads\/2025\/12\/logo.png","width":200,"height":65,"caption":"STYLORAL PTE. LTD"},"image":{"@id":"\/#\/schema\/logo\/image\/"}}]}},"_links":{"self":[{"href":"https:\/\/tourcruiser.com\/fr\/wp-json\/wp\/v2\/product\/762573","targetHints":{"allow":["GET"]}}],"collection":[{"href":"https:\/\/tourcruiser.com\/fr\/wp-json\/wp\/v2\/product"}],"about":[{"href":"https:\/\/tourcruiser.com\/fr\/wp-json\/wp\/v2\/types\/product"}],"replies":[{"embeddable":true,"href":"https:\/\/tourcruiser.com\/fr\/wp-json\/wp\/v2\/comments?post=762573"}],"wp:featuredmedia":[{"embeddable":true,"href":"https:\/\/tourcruiser.com\/fr\/wp-json\/wp\/v2\/media\/762574"}],"wp:attachment":[{"href":"https:\/\/tourcruiser.com\/fr\/wp-json\/wp\/v2\/media?parent=762573"}],"wp:term":[{"taxonomy":"product_brand","embeddable":true,"href":"https:\/\/tourcruiser.com\/fr\/wp-json\/wp\/v2\/product_brand?post=762573"},{"taxonomy":"product_cat","embeddable":true,"href":"https:\/\/tourcruiser.com\/fr\/wp-json\/wp\/v2\/product_cat?post=762573"},{"taxonomy":"product_tag","embeddable":true,"href":"https:\/\/tourcruiser.com\/fr\/wp-json\/wp\/v2\/product_tag?post=762573"}],"curies":[{"name":"wp","href":"https:\/\/api.w.org\/{rel}","templated":true}]}}