{"id":762331,"date":"2026-04-16T17:09:51","date_gmt":"2026-04-16T10:09:51","guid":{"rendered":"http:\/\/tourcruiser.com\/product\/wtaps-x-new-balance-made-in-usa-olive-drab-m992wt"},"modified":"2026-04-17T22:53:21","modified_gmt":"2026-04-17T15:53:21","slug":"wtaps-x-new-balance-made-in-usa-olive-drab-m992wt","status":"publish","type":"product","link":"https:\/\/tourcruiser.com\/fr\/products\/wtaps-x-new-balance-made-in-usa-olive-drab-m992wt\/","title":{"rendered":"WTAPS x New Balance Made In USA &lsquo;Olive Drab&rsquo; M992WT"},"content":{"rendered":"<p>Les sneakers WTAPS x New Balance M992WT Made In USA Olive Drab, de couleur verte, sont le fruit d&rsquo;une collaboration entre WTAPS et New Balance. Fabriqu\u00e9es aux \u00c9tats-Unis, ces chaussures se distinguent par leur robustesse. Leur teinte vert olive leur conf\u00e8re un style unique et \u00e9l\u00e9gant. Parfaites pour les moments de d\u00e9tente, elles sont un incontournable pour tous les passionn\u00e9s de sneakers et de mode.<\/p>\n<p>Coloris\u00a0: Vert olive\/Gris\/Orange fluo<\/p>\n<p>Code article\u00a0: M992WT<\/p>\n<p>Tige\u00a0: Daim<\/p>\n<p>Semelle interm\u00e9diaire\u00a0: ABZORB<\/p>\n<p>Couleur\u00a0: Vert olive<\/p>\n<p>Designers\u00a0: Andrew Nyssen\/Tetsu Nishiyama<\/p>\n<p>Saison\u00a0: Printemps<\/p>\n<p>Ann\u00e9e de sortie\u00a0: 2020<\/p>\n<p>\u00c2ge\u00a0: Adulte<br \/>\nCouleur\u00a0: Olive<br \/>\nGenre\u00a0: Homme<\/p>\n","protected":false},"excerpt":{"rendered":"<p>Les sneakers WTAPS x New Balance M992WT Made In USA Olive Drab, de couleur verte, sont le fruit d&rsquo;une collaboration entre WTAPS et New Balance. Fabriqu\u00e9es aux \u00c9tats-Unis, ces chaussures se distinguent par leur robustesse. Leur teinte vert olive leur conf\u00e8re un style unique et \u00e9l\u00e9gant. Parfaites pour les moments de d\u00e9tente, elles sont un [&hellip;]<\/p>\n","protected":false},"featured_media":762332,"comment_status":"open","ping_status":"closed","template":"","meta":[],"product_brand":[],"product_cat":[10771],"product_tag":[10750,38841,38842,10766,10767,10768,38900],"class_list":{"0":"post-762331","1":"product","2":"type-product","3":"status-publish","4":"has-post-thumbnail","6":"product_cat-new-balance","7":"product_tag-athleisure-shoes","8":"product_tag-casual-shoes","9":"product_tag-gift-idea-for-him","10":"product_tag-new-balance","11":"product_tag-new-balance-running-shoes","12":"product_tag-retro-running-shoes","13":"product_tag-running-shoes-inspired","14":"wcpa_has_options","16":"first","17":"instock","18":"taxable","19":"shipping-taxable","20":"purchasable","21":"product-type-simple"},"wcpa_form_fields":{"rules":{"pric_overide_base_price":false,"pric_overide_base_price_if_gt_zero":false,"pric_overide_base_price_fully":false,"pric_cal_option_once":false,"pric_use_as_fee":false,"bind_quantity":false,"quantity_bind_formula":false},"fields":[{"type":"color-group","required":true,"elementId":"wcpa-color-group-66c4a928225d2","label":"Taille","inline":true,"priceOptions":"different_for_all","pricingType":"fixed","className":"hassizechart product-shoes-size-eu product-shoes-size","name":"color-group-66c4a928225e2","disp_type":"square","selection_type":"tick-border","disp_size":"50","show_label_inside":true,"adjust_width":true,"cart_display_type":"text","other_text":"Other","cl_rule":"show","col":6,"values":[{"label":"35","value":"EU 35","price":"","pimage":"","pimage_id":"","pthumb":"","color":""},{"label":"36","value":"EU 36","price":"","pimage":"","pimage_id":"","pthumb":"","color":"","selected":true},{"label":"37","value":"EU 37","price":"","pimage":"","pimage_id":"","pthumb":"","color":""},{"label":"37.5","value":"EU 37.5","price":"","pimage":"","pimage_id":"","pthumb":"","color":""},{"label":"38","value":"EU 38","price":"","pimage":"","pimage_id":"","pthumb":"","color":""},{"label":"38.5","value":"EU 38.5","price":"","pimage":"","pimage_id":"","pthumb":"","color":""},{"label":"39","value":"EU 39","price":"","pimage":"","pimage_id":"","pthumb":"","color":""},{"label":"39.5","value":"EU 39.5","price":"","pimage":"","pimage_id":"","pthumb":"","color":""},{"label":"40","value":"EU 40","price":"","pimage":"","pimage_id":"","pthumb":"","color":""},{"label":"40.5","value":"EU 40.5","price":"","pimage":"","pimage_id":"","pthumb":"","color":""},{"label":" 41.5","value":"EU 41.5","price":"","pimage":"","pimage_id":"","pthumb":"","color":""},{"label":"42","value":"EU 42","price":"","pimage":"","pimage_id":"","pthumb":"","color":""},{"label":"42.5","value":"EU 42.5","price":"","pimage":"","pimage_id":"","pthumb":"","color":""},{"label":"43","value":"EU 43","price":"","pimage":"","pimage_id":"","pthumb":"","color":""},{"label":"44","value":"EU 44","price":"","pimage":"","pimage_id":"","pthumb":"","color":""},{"label":"44.5","value":"EU 44.5","price":"","pimage":"","pimage_id":"","pthumb":"","color":""},{"label":"45","value":"EU 45","price":"","pimage":"","pimage_id":"","pthumb":"","color":""},{"label":"45.5","value":"EU 45.5","price":"","pimage":"","pimage_id":"","pthumb":"","color":""},{"label":"46","value":"EU 46","price":"","pimage":"","pimage_id":"","pthumb":"","color":""}],"relations":[{"operator":false,"rules":[]}],"form_id":24803,"form_rules":{"pric_cal_option_once":false,"exclude_from_discount":false,"pric_use_as_fee":false,"fee_label":"Fee","render_after_acb":false,"disp_hide_options_price":false}}]},"yoast_head":"<!-- This site is optimized with the Yoast SEO plugin v26.5 - https:\/\/yoast.com\/wordpress\/plugins\/seo\/ -->\n<title>WTAPS x New Balance Made In USA &#039;Olive Drab&#039; M992WT - TOURCRUISER PTE. LTD<\/title>\n<meta name=\"robots\" content=\"index, follow, max-snippet:-1, max-image-preview:large, max-video-preview:-1\" \/>\n<link rel=\"canonical\" href=\"https:\/\/tourcruiser.com\/fr\/products\/wtaps-x-new-balance-made-in-usa-olive-drab-m992wt\/\" \/>\n<meta property=\"og:locale\" content=\"fr_FR\" \/>\n<meta property=\"og:type\" content=\"article\" \/>\n<meta property=\"og:title\" content=\"WTAPS x New Balance Made In USA &#039;Olive Drab&#039; M992WT - TOURCRUISER PTE. LTD\" \/>\n<meta property=\"og:description\" content=\"Les sneakers WTAPS x New Balance M992WT Made In USA Olive Drab, de couleur verte, sont le fruit d&rsquo;une collaboration entre WTAPS et New Balance. Fabriqu\u00e9es aux \u00c9tats-Unis, ces chaussures se distinguent par leur robustesse. Leur teinte vert olive leur conf\u00e8re un style unique et \u00e9l\u00e9gant. Parfaites pour les moments de d\u00e9tente, elles sont un [&hellip;]\" \/>\n<meta property=\"og:url\" content=\"https:\/\/tourcruiser.com\/fr\/products\/wtaps-x-new-balance-made-in-usa-olive-drab-m992wt\/\" \/>\n<meta property=\"og:site_name\" content=\"Tourcruiser Sneaker Store\" \/>\n<meta property=\"article:modified_time\" content=\"2026-04-17T15:53:21+00:00\" \/>\n<meta name=\"twitter:card\" content=\"summary_large_image\" \/>\n<meta name=\"twitter:image\" content=\"https:\/\/images.novelship.com\/product\/wtaps_x_new_balance_made_in_usa__olive_drab__m992w_0_84145.jpeg;https:\/\/images.novelship.com\/product\/wtaps_x_new_balance_made_in_usa__olive_drab__m992w_1_84146.jpeg;https:\/\/images.novelship.com\/product\/wtaps_x_new_balance_made_in_usa__olive_drab__m992w_2_84146.jpeg;https:\/\/images.novelship.com\/product\/wtaps_x_new_balance_made_in_usa__olive_drab__m992w_3_84146.jpeg;https:\/\/images.novelship.com\/product\/wtaps_x_new_balance_made_in_usa__olive_drab__m992w_4_84146.jpeg;https:\/\/images.novelship.com\/product\/wtaps_x_new_balance_made_in_usa__olive_drab__m992w_5_84146.jpeg;https:\/\/images.novelship.com\/product\/wtaps_x_new_balance_made_in_usa__olive_drab__m992w_6_84146.jpeg;https:\/\/images.novelship.com\/product\/wtaps_x_new_balance_made_in_usa__olive_drab__m992w_7_84146.jpeg\" \/>\n<meta name=\"twitter:label1\" content=\"Dur\u00e9e de lecture estim\u00e9e\" \/>\n\t<meta name=\"twitter:data1\" content=\"1 minute\" \/>\n<script type=\"application\/ld+json\" class=\"yoast-schema-graph\">{\"@context\":\"https:\/\/schema.org\",\"@graph\":[{\"@type\":\"WebPage\",\"@id\":\"https:\/\/tourcruiser.com\/fr\/products\/wtaps-x-new-balance-made-in-usa-olive-drab-m992wt\/\",\"url\":\"https:\/\/tourcruiser.com\/fr\/products\/wtaps-x-new-balance-made-in-usa-olive-drab-m992wt\/\",\"name\":\"WTAPS x New Balance Made In USA 'Olive Drab' M992WT - TOURCRUISER PTE. LTD\",\"isPartOf\":{\"@id\":\"https:\/\/tourcruiser.com\/fr\/#website\"},\"primaryImageOfPage\":{\"@id\":\"https:\/\/tourcruiser.com\/fr\/products\/wtaps-x-new-balance-made-in-usa-olive-drab-m992wt\/#primaryimage\"},\"image\":{\"@id\":\"https:\/\/tourcruiser.com\/fr\/products\/wtaps-x-new-balance-made-in-usa-olive-drab-m992wt\/#primaryimage\"},\"thumbnailUrl\":\"https:\/\/images.novelship.com\/product\/wtaps_x_new_balance_made_in_usa__olive_drab__m992w_0_84145.jpeg;https:\/\/images.novelship.com\/product\/wtaps_x_new_balance_made_in_usa__olive_drab__m992w_1_84146.jpeg;https:\/\/images.novelship.com\/product\/wtaps_x_new_balance_made_in_usa__olive_drab__m992w_2_84146.jpeg;https:\/\/images.novelship.com\/product\/wtaps_x_new_balance_made_in_usa__olive_drab__m992w_3_84146.jpeg;https:\/\/images.novelship.com\/product\/wtaps_x_new_balance_made_in_usa__olive_drab__m992w_4_84146.jpeg;https:\/\/images.novelship.com\/product\/wtaps_x_new_balance_made_in_usa__olive_drab__m992w_5_84146.jpeg;https:\/\/images.novelship.com\/product\/wtaps_x_new_balance_made_in_usa__olive_drab__m992w_6_84146.jpeg;https:\/\/images.novelship.com\/product\/wtaps_x_new_balance_made_in_usa__olive_drab__m992w_7_84146.jpeg\",\"datePublished\":\"2026-04-16T10:09:51+00:00\",\"dateModified\":\"2026-04-17T15:53:21+00:00\",\"breadcrumb\":{\"@id\":\"https:\/\/tourcruiser.com\/fr\/products\/wtaps-x-new-balance-made-in-usa-olive-drab-m992wt\/#breadcrumb\"},\"inLanguage\":\"fr-FR\",\"potentialAction\":[{\"@type\":\"ReadAction\",\"target\":[\"https:\/\/tourcruiser.com\/fr\/products\/wtaps-x-new-balance-made-in-usa-olive-drab-m992wt\/\"]}]},{\"@type\":\"ImageObject\",\"inLanguage\":\"fr-FR\",\"@id\":\"https:\/\/tourcruiser.com\/fr\/products\/wtaps-x-new-balance-made-in-usa-olive-drab-m992wt\/#primaryimage\",\"url\":\"https:\/\/images.novelship.com\/product\/wtaps_x_new_balance_made_in_usa__olive_drab__m992w_0_84145.jpeg;https:\/\/images.novelship.com\/product\/wtaps_x_new_balance_made_in_usa__olive_drab__m992w_1_84146.jpeg;https:\/\/images.novelship.com\/product\/wtaps_x_new_balance_made_in_usa__olive_drab__m992w_2_84146.jpeg;https:\/\/images.novelship.com\/product\/wtaps_x_new_balance_made_in_usa__olive_drab__m992w_3_84146.jpeg;https:\/\/images.novelship.com\/product\/wtaps_x_new_balance_made_in_usa__olive_drab__m992w_4_84146.jpeg;https:\/\/images.novelship.com\/product\/wtaps_x_new_balance_made_in_usa__olive_drab__m992w_5_84146.jpeg;https:\/\/images.novelship.com\/product\/wtaps_x_new_balance_made_in_usa__olive_drab__m992w_6_84146.jpeg;https:\/\/images.novelship.com\/product\/wtaps_x_new_balance_made_in_usa__olive_drab__m992w_7_84146.jpeg\",\"contentUrl\":\"https:\/\/images.novelship.com\/product\/wtaps_x_new_balance_made_in_usa__olive_drab__m992w_0_84145.jpeg;https:\/\/images.novelship.com\/product\/wtaps_x_new_balance_made_in_usa__olive_drab__m992w_1_84146.jpeg;https:\/\/images.novelship.com\/product\/wtaps_x_new_balance_made_in_usa__olive_drab__m992w_2_84146.jpeg;https:\/\/images.novelship.com\/product\/wtaps_x_new_balance_made_in_usa__olive_drab__m992w_3_84146.jpeg;https:\/\/images.novelship.com\/product\/wtaps_x_new_balance_made_in_usa__olive_drab__m992w_4_84146.jpeg;https:\/\/images.novelship.com\/product\/wtaps_x_new_balance_made_in_usa__olive_drab__m992w_5_84146.jpeg;https:\/\/images.novelship.com\/product\/wtaps_x_new_balance_made_in_usa__olive_drab__m992w_6_84146.jpeg;https:\/\/images.novelship.com\/product\/wtaps_x_new_balance_made_in_usa__olive_drab__m992w_7_84146.jpeg\"},{\"@type\":\"BreadcrumbList\",\"@id\":\"https:\/\/tourcruiser.com\/fr\/products\/wtaps-x-new-balance-made-in-usa-olive-drab-m992wt\/#breadcrumb\",\"itemListElement\":[{\"@type\":\"ListItem\",\"position\":1,\"name\":\"Home\",\"item\":\"https:\/\/tourcruiser.com\/fr\/\"},{\"@type\":\"ListItem\",\"position\":2,\"name\":\"Shop\",\"item\":\"https:\/\/tourcruiser.com\/fr\/shop\/\"},{\"@type\":\"ListItem\",\"position\":3,\"name\":\"WTAPS x New Balance Made In USA &#8216;Olive Drab&#8217; M992WT\"}]},{\"@type\":\"WebSite\",\"@id\":\"https:\/\/tourcruiser.com\/fr\/#website\",\"url\":\"https:\/\/tourcruiser.com\/fr\/\",\"name\":\"Styloral Jewelry Shop\",\"description\":\"Tourcruiser Sneaker Store \u2014 L\u2019endroit o\u00f9 l\u2019univers rencontre votre singularit\u00e9.\",\"publisher\":{\"@id\":\"https:\/\/tourcruiser.com\/fr\/#organization\"},\"potentialAction\":[{\"@type\":\"SearchAction\",\"target\":{\"@type\":\"EntryPoint\",\"urlTemplate\":\"https:\/\/tourcruiser.com\/fr\/?s={search_term_string}\"},\"query-input\":{\"@type\":\"PropertyValueSpecification\",\"valueRequired\":true,\"valueName\":\"search_term_string\"}}],\"inLanguage\":\"fr-FR\"},{\"@type\":\"Organization\",\"@id\":\"https:\/\/tourcruiser.com\/fr\/#organization\",\"name\":\"STYLORAL PTE. LTD\",\"url\":\"https:\/\/tourcruiser.com\/fr\/\",\"logo\":{\"@type\":\"ImageObject\",\"inLanguage\":\"fr-FR\",\"@id\":\"https:\/\/tourcruiser.com\/fr\/#\/schema\/logo\/image\/\",\"url\":\"https:\/\/www.tourcruiser.com\/wp-content\/uploads\/2025\/12\/logo.png\",\"contentUrl\":\"https:\/\/www.tourcruiser.com\/wp-content\/uploads\/2025\/12\/logo.png\",\"width\":200,\"height\":65,\"caption\":\"STYLORAL PTE. LTD\"},\"image\":{\"@id\":\"https:\/\/tourcruiser.com\/fr\/#\/schema\/logo\/image\/\"}}]}<\/script>\n<!-- \/ Yoast SEO plugin. -->","yoast_head_json":{"title":"WTAPS x New Balance Made In USA 'Olive Drab' M992WT - TOURCRUISER PTE. LTD","robots":{"index":"index","follow":"follow","max-snippet":"max-snippet:-1","max-image-preview":"max-image-preview:large","max-video-preview":"max-video-preview:-1"},"canonical":"https:\/\/tourcruiser.com\/fr\/products\/wtaps-x-new-balance-made-in-usa-olive-drab-m992wt\/","og_locale":"fr_FR","og_type":"article","og_title":"WTAPS x New Balance Made In USA 'Olive Drab' M992WT - TOURCRUISER PTE. LTD","og_description":"Les sneakers WTAPS x New Balance M992WT Made In USA Olive Drab, de couleur verte, sont le fruit d&rsquo;une collaboration entre WTAPS et New Balance. Fabriqu\u00e9es aux \u00c9tats-Unis, ces chaussures se distinguent par leur robustesse. Leur teinte vert olive leur conf\u00e8re un style unique et \u00e9l\u00e9gant. Parfaites pour les moments de d\u00e9tente, elles sont un [&hellip;]","og_url":"https:\/\/tourcruiser.com\/fr\/products\/wtaps-x-new-balance-made-in-usa-olive-drab-m992wt\/","og_site_name":"Tourcruiser Sneaker Store","article_modified_time":"2026-04-17T15:53:21+00:00","twitter_card":"summary_large_image","twitter_image":"https:\/\/images.novelship.com\/product\/wtaps_x_new_balance_made_in_usa__olive_drab__m992w_0_84145.jpeg;https:\/\/images.novelship.com\/product\/wtaps_x_new_balance_made_in_usa__olive_drab__m992w_1_84146.jpeg;https:\/\/images.novelship.com\/product\/wtaps_x_new_balance_made_in_usa__olive_drab__m992w_2_84146.jpeg;https:\/\/images.novelship.com\/product\/wtaps_x_new_balance_made_in_usa__olive_drab__m992w_3_84146.jpeg;https:\/\/images.novelship.com\/product\/wtaps_x_new_balance_made_in_usa__olive_drab__m992w_4_84146.jpeg;https:\/\/images.novelship.com\/product\/wtaps_x_new_balance_made_in_usa__olive_drab__m992w_5_84146.jpeg;https:\/\/images.novelship.com\/product\/wtaps_x_new_balance_made_in_usa__olive_drab__m992w_6_84146.jpeg;https:\/\/images.novelship.com\/product\/wtaps_x_new_balance_made_in_usa__olive_drab__m992w_7_84146.jpeg","twitter_misc":{"Dur\u00e9e de lecture estim\u00e9e":"1 minute"},"schema":{"@context":"https:\/\/schema.org","@graph":[{"@type":"WebPage","@id":"https:\/\/tourcruiser.com\/fr\/products\/wtaps-x-new-balance-made-in-usa-olive-drab-m992wt\/","url":"https:\/\/tourcruiser.com\/fr\/products\/wtaps-x-new-balance-made-in-usa-olive-drab-m992wt\/","name":"WTAPS x New Balance Made In USA 'Olive Drab' M992WT - TOURCRUISER PTE. LTD","isPartOf":{"@id":"https:\/\/tourcruiser.com\/fr\/#website"},"primaryImageOfPage":{"@id":"https:\/\/tourcruiser.com\/fr\/products\/wtaps-x-new-balance-made-in-usa-olive-drab-m992wt\/#primaryimage"},"image":{"@id":"https:\/\/tourcruiser.com\/fr\/products\/wtaps-x-new-balance-made-in-usa-olive-drab-m992wt\/#primaryimage"},"thumbnailUrl":"https:\/\/images.novelship.com\/product\/wtaps_x_new_balance_made_in_usa__olive_drab__m992w_0_84145.jpeg;https:\/\/images.novelship.com\/product\/wtaps_x_new_balance_made_in_usa__olive_drab__m992w_1_84146.jpeg;https:\/\/images.novelship.com\/product\/wtaps_x_new_balance_made_in_usa__olive_drab__m992w_2_84146.jpeg;https:\/\/images.novelship.com\/product\/wtaps_x_new_balance_made_in_usa__olive_drab__m992w_3_84146.jpeg;https:\/\/images.novelship.com\/product\/wtaps_x_new_balance_made_in_usa__olive_drab__m992w_4_84146.jpeg;https:\/\/images.novelship.com\/product\/wtaps_x_new_balance_made_in_usa__olive_drab__m992w_5_84146.jpeg;https:\/\/images.novelship.com\/product\/wtaps_x_new_balance_made_in_usa__olive_drab__m992w_6_84146.jpeg;https:\/\/images.novelship.com\/product\/wtaps_x_new_balance_made_in_usa__olive_drab__m992w_7_84146.jpeg","datePublished":"2026-04-16T10:09:51+00:00","dateModified":"2026-04-17T15:53:21+00:00","breadcrumb":{"@id":"https:\/\/tourcruiser.com\/fr\/products\/wtaps-x-new-balance-made-in-usa-olive-drab-m992wt\/#breadcrumb"},"inLanguage":"fr-FR","potentialAction":[{"@type":"ReadAction","target":["https:\/\/tourcruiser.com\/fr\/products\/wtaps-x-new-balance-made-in-usa-olive-drab-m992wt\/"]}]},{"@type":"ImageObject","inLanguage":"fr-FR","@id":"https:\/\/tourcruiser.com\/fr\/products\/wtaps-x-new-balance-made-in-usa-olive-drab-m992wt\/#primaryimage","url":"https:\/\/images.novelship.com\/product\/wtaps_x_new_balance_made_in_usa__olive_drab__m992w_0_84145.jpeg;https:\/\/images.novelship.com\/product\/wtaps_x_new_balance_made_in_usa__olive_drab__m992w_1_84146.jpeg;https:\/\/images.novelship.com\/product\/wtaps_x_new_balance_made_in_usa__olive_drab__m992w_2_84146.jpeg;https:\/\/images.novelship.com\/product\/wtaps_x_new_balance_made_in_usa__olive_drab__m992w_3_84146.jpeg;https:\/\/images.novelship.com\/product\/wtaps_x_new_balance_made_in_usa__olive_drab__m992w_4_84146.jpeg;https:\/\/images.novelship.com\/product\/wtaps_x_new_balance_made_in_usa__olive_drab__m992w_5_84146.jpeg;https:\/\/images.novelship.com\/product\/wtaps_x_new_balance_made_in_usa__olive_drab__m992w_6_84146.jpeg;https:\/\/images.novelship.com\/product\/wtaps_x_new_balance_made_in_usa__olive_drab__m992w_7_84146.jpeg","contentUrl":"https:\/\/images.novelship.com\/product\/wtaps_x_new_balance_made_in_usa__olive_drab__m992w_0_84145.jpeg;https:\/\/images.novelship.com\/product\/wtaps_x_new_balance_made_in_usa__olive_drab__m992w_1_84146.jpeg;https:\/\/images.novelship.com\/product\/wtaps_x_new_balance_made_in_usa__olive_drab__m992w_2_84146.jpeg;https:\/\/images.novelship.com\/product\/wtaps_x_new_balance_made_in_usa__olive_drab__m992w_3_84146.jpeg;https:\/\/images.novelship.com\/product\/wtaps_x_new_balance_made_in_usa__olive_drab__m992w_4_84146.jpeg;https:\/\/images.novelship.com\/product\/wtaps_x_new_balance_made_in_usa__olive_drab__m992w_5_84146.jpeg;https:\/\/images.novelship.com\/product\/wtaps_x_new_balance_made_in_usa__olive_drab__m992w_6_84146.jpeg;https:\/\/images.novelship.com\/product\/wtaps_x_new_balance_made_in_usa__olive_drab__m992w_7_84146.jpeg"},{"@type":"BreadcrumbList","@id":"https:\/\/tourcruiser.com\/fr\/products\/wtaps-x-new-balance-made-in-usa-olive-drab-m992wt\/#breadcrumb","itemListElement":[{"@type":"ListItem","position":1,"name":"Home","item":"https:\/\/tourcruiser.com\/fr\/"},{"@type":"ListItem","position":2,"name":"Shop","item":"https:\/\/tourcruiser.com\/fr\/shop\/"},{"@type":"ListItem","position":3,"name":"WTAPS x New Balance Made In USA &#8216;Olive Drab&#8217; M992WT"}]},{"@type":"WebSite","@id":"https:\/\/tourcruiser.com\/fr\/#website","url":"https:\/\/tourcruiser.com\/fr\/","name":"Styloral Jewelry Shop","description":"Tourcruiser Sneaker Store \u2014 L\u2019endroit o\u00f9 l\u2019univers rencontre votre singularit\u00e9.","publisher":{"@id":"https:\/\/tourcruiser.com\/fr\/#organization"},"potentialAction":[{"@type":"SearchAction","target":{"@type":"EntryPoint","urlTemplate":"https:\/\/tourcruiser.com\/fr\/?s={search_term_string}"},"query-input":{"@type":"PropertyValueSpecification","valueRequired":true,"valueName":"search_term_string"}}],"inLanguage":"fr-FR"},{"@type":"Organization","@id":"https:\/\/tourcruiser.com\/fr\/#organization","name":"STYLORAL PTE. LTD","url":"https:\/\/tourcruiser.com\/fr\/","logo":{"@type":"ImageObject","inLanguage":"fr-FR","@id":"https:\/\/tourcruiser.com\/fr\/#\/schema\/logo\/image\/","url":"https:\/\/www.tourcruiser.com\/wp-content\/uploads\/2025\/12\/logo.png","contentUrl":"https:\/\/www.tourcruiser.com\/wp-content\/uploads\/2025\/12\/logo.png","width":200,"height":65,"caption":"STYLORAL PTE. LTD"},"image":{"@id":"https:\/\/tourcruiser.com\/fr\/#\/schema\/logo\/image\/"}}]}},"_links":{"self":[{"href":"https:\/\/tourcruiser.com\/fr\/wp-json\/wp\/v2\/product\/762331","targetHints":{"allow":["GET"]}}],"collection":[{"href":"https:\/\/tourcruiser.com\/fr\/wp-json\/wp\/v2\/product"}],"about":[{"href":"https:\/\/tourcruiser.com\/fr\/wp-json\/wp\/v2\/types\/product"}],"replies":[{"embeddable":true,"href":"https:\/\/tourcruiser.com\/fr\/wp-json\/wp\/v2\/comments?post=762331"}],"wp:featuredmedia":[{"embeddable":true,"href":"https:\/\/tourcruiser.com\/fr\/wp-json\/wp\/v2\/media\/762332"}],"wp:attachment":[{"href":"https:\/\/tourcruiser.com\/fr\/wp-json\/wp\/v2\/media?parent=762331"}],"wp:term":[{"taxonomy":"product_brand","embeddable":true,"href":"https:\/\/tourcruiser.com\/fr\/wp-json\/wp\/v2\/product_brand?post=762331"},{"taxonomy":"product_cat","embeddable":true,"href":"https:\/\/tourcruiser.com\/fr\/wp-json\/wp\/v2\/product_cat?post=762331"},{"taxonomy":"product_tag","embeddable":true,"href":"https:\/\/tourcruiser.com\/fr\/wp-json\/wp\/v2\/product_tag?post=762331"}],"curies":[{"name":"wp","href":"https:\/\/api.w.org\/{rel}","templated":true}]}}