{"id":762104,"date":"2026-04-16T17:09:44","date_gmt":"2026-04-16T10:09:44","guid":{"rendered":"http:\/\/tourcruiser.com\/product\/air-jordan-1-retro-high-85-varsity-red-bq4422-600"},"modified":"2026-04-17T22:53:01","modified_gmt":"2026-04-17T15:53:01","slug":"air-jordan-1-retro-high-85-varsity-red-bq4422-600","status":"publish","type":"product","link":"https:\/\/tourcruiser.com\/fr\/products\/air-jordan-1-retro-high-85-varsity-red-bq4422-600\/","title":{"rendered":"Air Jordan 1 Retro High &rsquo;85 &lsquo;Varsity Red&rsquo; BQ4422-600"},"content":{"rendered":"<p>La Air Jordan 1 Retro High 85 Varsity Red, ou simplement Varsity Red, est une chaussure de basketball classique de Jordan. Avec sa couleur rouge \u00e9clatante et sa tige montante, elle allie style et performance. Confectionn\u00e9e \u00e0 partir de mat\u00e9riaux haut de gamme, elle est id\u00e9ale pour les athl\u00e8tes et les passionn\u00e9s de sneakers. Affirmez votre style et montrez votre talent avec la Air Jordan 1 Retro High 85 Varsity Red.<\/p>\n<p>Coloris\u00a0: Varsity Red\/Summit White\/Black<\/p>\n<p>Code article\u00a0: BQ4422-600<\/p>\n<p>Tige\u00a0: Cuir<\/p>\n<p>Semelle interm\u00e9diaire\u00a0: Air<\/p>\n<p>Couleur\u00a0: Rouge<\/p>\n<p>Designer\u00a0: Peter Moore<\/p>\n<p>Saison\u00a0: Hiver<\/p>\n<p>Ann\u00e9e de sortie\u00a0: 2020<\/p>\n<p>\u00c2ge\u00a0: Adulte<br \/>\nCouleur\u00a0: Rouge<br \/>\nGenre\u00a0: Homme<\/p>\n","protected":false},"excerpt":{"rendered":"<p>La Air Jordan 1 Retro High 85 Varsity Red, ou simplement Varsity Red, est une chaussure de basketball classique de Jordan. Avec sa couleur rouge \u00e9clatante et sa tige montante, elle allie style et performance. Confectionn\u00e9e \u00e0 partir de mat\u00e9riaux haut de gamme, elle est id\u00e9ale pour les athl\u00e8tes et les passionn\u00e9s de sneakers. Affirmez [&hellip;]<\/p>\n","protected":false},"featured_media":762105,"comment_status":"open","ping_status":"closed","template":"","meta":[],"product_brand":[],"product_cat":[38880],"product_tag":[10800,38841,39257,38840,10776,11349,38875,10756,38866,38902],"class_list":{"0":"post-762104","1":"product","2":"type-product","3":"status-publish","4":"has-post-thumbnail","6":"product_cat-jordan","7":"product_tag-basketball-shoes","8":"product_tag-casual-shoes","9":"product_tag-casual-shoes-inspired-by-basketball","10":"product_tag-gift-ideas-for-him","11":"product_tag-jordan","12":"product_tag-jordan-basketball-shoes","13":"product_tag-jordan-skateboard-shoes","14":"product_tag-retro-casual-shoes","15":"product_tag-sports-shoes","16":"product_tag-trendy-offers","18":"first","19":"instock","20":"taxable","21":"shipping-taxable","22":"purchasable","23":"product-type-simple"},"wcpa_form_fields":null,"yoast_head":"<!-- This site is optimized with the Yoast SEO plugin v26.5 - https:\/\/yoast.com\/wordpress\/plugins\/seo\/ -->\n<title>Air Jordan 1 Retro High &#039;85 &#039;Varsity Red&#039; BQ4422-600 - TOURCRUISER PTE. LTD<\/title>\n<meta name=\"robots\" content=\"index, follow, max-snippet:-1, max-image-preview:large, max-video-preview:-1\" \/>\n<link rel=\"canonical\" href=\"https:\/\/tourcruiser.com\/fr\/products\/air-jordan-1-retro-high-85-varsity-red-bq4422-600\/\" \/>\n<meta property=\"og:locale\" content=\"fr_FR\" \/>\n<meta property=\"og:type\" content=\"article\" \/>\n<meta property=\"og:title\" content=\"Air Jordan 1 Retro High &#039;85 &#039;Varsity Red&#039; BQ4422-600 - TOURCRUISER PTE. LTD\" \/>\n<meta property=\"og:description\" content=\"La Air Jordan 1 Retro High 85 Varsity Red, ou simplement Varsity Red, est une chaussure de basketball classique de Jordan. Avec sa couleur rouge \u00e9clatante et sa tige montante, elle allie style et performance. Confectionn\u00e9e \u00e0 partir de mat\u00e9riaux haut de gamme, elle est id\u00e9ale pour les athl\u00e8tes et les passionn\u00e9s de sneakers. Affirmez [&hellip;]\" \/>\n<meta property=\"og:url\" content=\"https:\/\/tourcruiser.com\/fr\/products\/air-jordan-1-retro-high-85-varsity-red-bq4422-600\/\" \/>\n<meta property=\"og:site_name\" content=\"Tourcruiser Sneaker Store\" \/>\n<meta property=\"article:modified_time\" content=\"2026-04-17T15:53:01+00:00\" \/>\n<meta name=\"twitter:card\" content=\"summary_large_image\" \/>\n<meta name=\"twitter:image\" content=\"https:\/\/images.novelship.com\/product\/air_jordan_1_retro_high__85__varsity_red__bq4422_6_0_40567.jpeg;https:\/\/images.novelship.com\/product\/air_jordan_1_retro_high__85__varsity_red__bq4422_6_1_40568.jpeg;https:\/\/images.novelship.com\/product\/air_jordan_1_retro_high__85__varsity_red__bq4422_6_2_40568.jpeg;https:\/\/images.novelship.com\/product\/air_jordan_1_retro_high__85__varsity_red__bq4422_6_3_40568.jpeg;https:\/\/images.novelship.com\/product\/air_jordan_1_retro_high__85__varsity_red__bq4422_6_4_40568.jpeg;https:\/\/images.novelship.com\/product\/air_jordan_1_retro_high__85__varsity_red__bq4422_6_5_40568.jpeg;https:\/\/images.novelship.com\/product\/air_jordan_1_retro_high__85__varsity_red__bq4422_6_6_40568.jpeg;https:\/\/images.novelship.com\/product\/air_jordan_1_retro_high__85__varsity_red__bq4422_6_7_40568.jpeg\" \/>\n<meta name=\"twitter:label1\" content=\"Dur\u00e9e de lecture estim\u00e9e\" \/>\n\t<meta name=\"twitter:data1\" content=\"1 minute\" \/>\n<script type=\"application\/ld+json\" class=\"yoast-schema-graph\">{\"@context\":\"https:\/\/schema.org\",\"@graph\":[{\"@type\":\"WebPage\",\"@id\":\"https:\/\/tourcruiser.com\/fr\/products\/air-jordan-1-retro-high-85-varsity-red-bq4422-600\/\",\"url\":\"https:\/\/tourcruiser.com\/fr\/products\/air-jordan-1-retro-high-85-varsity-red-bq4422-600\/\",\"name\":\"Air Jordan 1 Retro High '85 'Varsity Red' BQ4422-600 - TOURCRUISER PTE. LTD\",\"isPartOf\":{\"@id\":\"\/#website\"},\"primaryImageOfPage\":{\"@id\":\"https:\/\/tourcruiser.com\/fr\/products\/air-jordan-1-retro-high-85-varsity-red-bq4422-600\/#primaryimage\"},\"image\":{\"@id\":\"https:\/\/tourcruiser.com\/fr\/products\/air-jordan-1-retro-high-85-varsity-red-bq4422-600\/#primaryimage\"},\"thumbnailUrl\":\"https:\/\/images.novelship.com\/product\/air_jordan_1_retro_high__85__varsity_red__bq4422_6_0_40567.jpeg;https:\/\/images.novelship.com\/product\/air_jordan_1_retro_high__85__varsity_red__bq4422_6_1_40568.jpeg;https:\/\/images.novelship.com\/product\/air_jordan_1_retro_high__85__varsity_red__bq4422_6_2_40568.jpeg;https:\/\/images.novelship.com\/product\/air_jordan_1_retro_high__85__varsity_red__bq4422_6_3_40568.jpeg;https:\/\/images.novelship.com\/product\/air_jordan_1_retro_high__85__varsity_red__bq4422_6_4_40568.jpeg;https:\/\/images.novelship.com\/product\/air_jordan_1_retro_high__85__varsity_red__bq4422_6_5_40568.jpeg;https:\/\/images.novelship.com\/product\/air_jordan_1_retro_high__85__varsity_red__bq4422_6_6_40568.jpeg;https:\/\/images.novelship.com\/product\/air_jordan_1_retro_high__85__varsity_red__bq4422_6_7_40568.jpeg\",\"datePublished\":\"2026-04-16T10:09:44+00:00\",\"dateModified\":\"2026-04-17T15:53:01+00:00\",\"breadcrumb\":{\"@id\":\"https:\/\/tourcruiser.com\/fr\/products\/air-jordan-1-retro-high-85-varsity-red-bq4422-600\/#breadcrumb\"},\"inLanguage\":\"fr-FR\",\"potentialAction\":[{\"@type\":\"ReadAction\",\"target\":[\"https:\/\/tourcruiser.com\/fr\/products\/air-jordan-1-retro-high-85-varsity-red-bq4422-600\/\"]}]},{\"@type\":\"ImageObject\",\"inLanguage\":\"fr-FR\",\"@id\":\"https:\/\/tourcruiser.com\/fr\/products\/air-jordan-1-retro-high-85-varsity-red-bq4422-600\/#primaryimage\",\"url\":\"https:\/\/images.novelship.com\/product\/air_jordan_1_retro_high__85__varsity_red__bq4422_6_0_40567.jpeg;https:\/\/images.novelship.com\/product\/air_jordan_1_retro_high__85__varsity_red__bq4422_6_1_40568.jpeg;https:\/\/images.novelship.com\/product\/air_jordan_1_retro_high__85__varsity_red__bq4422_6_2_40568.jpeg;https:\/\/images.novelship.com\/product\/air_jordan_1_retro_high__85__varsity_red__bq4422_6_3_40568.jpeg;https:\/\/images.novelship.com\/product\/air_jordan_1_retro_high__85__varsity_red__bq4422_6_4_40568.jpeg;https:\/\/images.novelship.com\/product\/air_jordan_1_retro_high__85__varsity_red__bq4422_6_5_40568.jpeg;https:\/\/images.novelship.com\/product\/air_jordan_1_retro_high__85__varsity_red__bq4422_6_6_40568.jpeg;https:\/\/images.novelship.com\/product\/air_jordan_1_retro_high__85__varsity_red__bq4422_6_7_40568.jpeg\",\"contentUrl\":\"https:\/\/images.novelship.com\/product\/air_jordan_1_retro_high__85__varsity_red__bq4422_6_0_40567.jpeg;https:\/\/images.novelship.com\/product\/air_jordan_1_retro_high__85__varsity_red__bq4422_6_1_40568.jpeg;https:\/\/images.novelship.com\/product\/air_jordan_1_retro_high__85__varsity_red__bq4422_6_2_40568.jpeg;https:\/\/images.novelship.com\/product\/air_jordan_1_retro_high__85__varsity_red__bq4422_6_3_40568.jpeg;https:\/\/images.novelship.com\/product\/air_jordan_1_retro_high__85__varsity_red__bq4422_6_4_40568.jpeg;https:\/\/images.novelship.com\/product\/air_jordan_1_retro_high__85__varsity_red__bq4422_6_5_40568.jpeg;https:\/\/images.novelship.com\/product\/air_jordan_1_retro_high__85__varsity_red__bq4422_6_6_40568.jpeg;https:\/\/images.novelship.com\/product\/air_jordan_1_retro_high__85__varsity_red__bq4422_6_7_40568.jpeg\"},{\"@type\":\"BreadcrumbList\",\"@id\":\"https:\/\/tourcruiser.com\/fr\/products\/air-jordan-1-retro-high-85-varsity-red-bq4422-600\/#breadcrumb\",\"itemListElement\":[{\"@type\":\"ListItem\",\"position\":1,\"name\":\"Home\",\"item\":\"https:\/\/tourcruiser.com\/fr\/\"},{\"@type\":\"ListItem\",\"position\":2,\"name\":\"Shop\",\"item\":\"https:\/\/tourcruiser.com\/fr\/shop\/\"},{\"@type\":\"ListItem\",\"position\":3,\"name\":\"Air Jordan 1 Retro High &#8217;85 &#8216;Varsity Red&#8217; BQ4422-600\"}]},{\"@type\":\"WebSite\",\"@id\":\"\/#website\",\"url\":\"\/\",\"name\":\"Styloral Jewelry Shop\",\"description\":\"Tourcruiser Sneaker Store \u2014 L\u2019endroit o\u00f9 l\u2019univers rencontre votre singularit\u00e9.\",\"publisher\":{\"@id\":\"\/#organization\"},\"potentialAction\":[{\"@type\":\"SearchAction\",\"target\":{\"@type\":\"EntryPoint\",\"urlTemplate\":\"\/?s={search_term_string}\"},\"query-input\":{\"@type\":\"PropertyValueSpecification\",\"valueRequired\":true,\"valueName\":\"search_term_string\"}}],\"inLanguage\":\"fr-FR\"},{\"@type\":\"Organization\",\"@id\":\"\/#organization\",\"name\":\"STYLORAL PTE. LTD\",\"url\":\"\/\",\"logo\":{\"@type\":\"ImageObject\",\"inLanguage\":\"fr-FR\",\"@id\":\"\/#\/schema\/logo\/image\/\",\"url\":\"https:\/\/www.tourcruiser.com\/wp-content\/uploads\/2025\/12\/logo.png\",\"contentUrl\":\"https:\/\/www.tourcruiser.com\/wp-content\/uploads\/2025\/12\/logo.png\",\"width\":200,\"height\":65,\"caption\":\"STYLORAL PTE. LTD\"},\"image\":{\"@id\":\"\/#\/schema\/logo\/image\/\"}}]}<\/script>\n<!-- \/ Yoast SEO plugin. -->","yoast_head_json":{"title":"Air Jordan 1 Retro High '85 'Varsity Red' BQ4422-600 - TOURCRUISER PTE. LTD","robots":{"index":"index","follow":"follow","max-snippet":"max-snippet:-1","max-image-preview":"max-image-preview:large","max-video-preview":"max-video-preview:-1"},"canonical":"https:\/\/tourcruiser.com\/fr\/products\/air-jordan-1-retro-high-85-varsity-red-bq4422-600\/","og_locale":"fr_FR","og_type":"article","og_title":"Air Jordan 1 Retro High '85 'Varsity Red' BQ4422-600 - TOURCRUISER PTE. LTD","og_description":"La Air Jordan 1 Retro High 85 Varsity Red, ou simplement Varsity Red, est une chaussure de basketball classique de Jordan. Avec sa couleur rouge \u00e9clatante et sa tige montante, elle allie style et performance. Confectionn\u00e9e \u00e0 partir de mat\u00e9riaux haut de gamme, elle est id\u00e9ale pour les athl\u00e8tes et les passionn\u00e9s de sneakers. Affirmez [&hellip;]","og_url":"https:\/\/tourcruiser.com\/fr\/products\/air-jordan-1-retro-high-85-varsity-red-bq4422-600\/","og_site_name":"Tourcruiser Sneaker Store","article_modified_time":"2026-04-17T15:53:01+00:00","twitter_card":"summary_large_image","twitter_image":"https:\/\/images.novelship.com\/product\/air_jordan_1_retro_high__85__varsity_red__bq4422_6_0_40567.jpeg;https:\/\/images.novelship.com\/product\/air_jordan_1_retro_high__85__varsity_red__bq4422_6_1_40568.jpeg;https:\/\/images.novelship.com\/product\/air_jordan_1_retro_high__85__varsity_red__bq4422_6_2_40568.jpeg;https:\/\/images.novelship.com\/product\/air_jordan_1_retro_high__85__varsity_red__bq4422_6_3_40568.jpeg;https:\/\/images.novelship.com\/product\/air_jordan_1_retro_high__85__varsity_red__bq4422_6_4_40568.jpeg;https:\/\/images.novelship.com\/product\/air_jordan_1_retro_high__85__varsity_red__bq4422_6_5_40568.jpeg;https:\/\/images.novelship.com\/product\/air_jordan_1_retro_high__85__varsity_red__bq4422_6_6_40568.jpeg;https:\/\/images.novelship.com\/product\/air_jordan_1_retro_high__85__varsity_red__bq4422_6_7_40568.jpeg","twitter_misc":{"Dur\u00e9e de lecture estim\u00e9e":"1 minute"},"schema":{"@context":"https:\/\/schema.org","@graph":[{"@type":"WebPage","@id":"https:\/\/tourcruiser.com\/fr\/products\/air-jordan-1-retro-high-85-varsity-red-bq4422-600\/","url":"https:\/\/tourcruiser.com\/fr\/products\/air-jordan-1-retro-high-85-varsity-red-bq4422-600\/","name":"Air Jordan 1 Retro High '85 'Varsity Red' BQ4422-600 - TOURCRUISER PTE. LTD","isPartOf":{"@id":"\/#website"},"primaryImageOfPage":{"@id":"https:\/\/tourcruiser.com\/fr\/products\/air-jordan-1-retro-high-85-varsity-red-bq4422-600\/#primaryimage"},"image":{"@id":"https:\/\/tourcruiser.com\/fr\/products\/air-jordan-1-retro-high-85-varsity-red-bq4422-600\/#primaryimage"},"thumbnailUrl":"https:\/\/images.novelship.com\/product\/air_jordan_1_retro_high__85__varsity_red__bq4422_6_0_40567.jpeg;https:\/\/images.novelship.com\/product\/air_jordan_1_retro_high__85__varsity_red__bq4422_6_1_40568.jpeg;https:\/\/images.novelship.com\/product\/air_jordan_1_retro_high__85__varsity_red__bq4422_6_2_40568.jpeg;https:\/\/images.novelship.com\/product\/air_jordan_1_retro_high__85__varsity_red__bq4422_6_3_40568.jpeg;https:\/\/images.novelship.com\/product\/air_jordan_1_retro_high__85__varsity_red__bq4422_6_4_40568.jpeg;https:\/\/images.novelship.com\/product\/air_jordan_1_retro_high__85__varsity_red__bq4422_6_5_40568.jpeg;https:\/\/images.novelship.com\/product\/air_jordan_1_retro_high__85__varsity_red__bq4422_6_6_40568.jpeg;https:\/\/images.novelship.com\/product\/air_jordan_1_retro_high__85__varsity_red__bq4422_6_7_40568.jpeg","datePublished":"2026-04-16T10:09:44+00:00","dateModified":"2026-04-17T15:53:01+00:00","breadcrumb":{"@id":"https:\/\/tourcruiser.com\/fr\/products\/air-jordan-1-retro-high-85-varsity-red-bq4422-600\/#breadcrumb"},"inLanguage":"fr-FR","potentialAction":[{"@type":"ReadAction","target":["https:\/\/tourcruiser.com\/fr\/products\/air-jordan-1-retro-high-85-varsity-red-bq4422-600\/"]}]},{"@type":"ImageObject","inLanguage":"fr-FR","@id":"https:\/\/tourcruiser.com\/fr\/products\/air-jordan-1-retro-high-85-varsity-red-bq4422-600\/#primaryimage","url":"https:\/\/images.novelship.com\/product\/air_jordan_1_retro_high__85__varsity_red__bq4422_6_0_40567.jpeg;https:\/\/images.novelship.com\/product\/air_jordan_1_retro_high__85__varsity_red__bq4422_6_1_40568.jpeg;https:\/\/images.novelship.com\/product\/air_jordan_1_retro_high__85__varsity_red__bq4422_6_2_40568.jpeg;https:\/\/images.novelship.com\/product\/air_jordan_1_retro_high__85__varsity_red__bq4422_6_3_40568.jpeg;https:\/\/images.novelship.com\/product\/air_jordan_1_retro_high__85__varsity_red__bq4422_6_4_40568.jpeg;https:\/\/images.novelship.com\/product\/air_jordan_1_retro_high__85__varsity_red__bq4422_6_5_40568.jpeg;https:\/\/images.novelship.com\/product\/air_jordan_1_retro_high__85__varsity_red__bq4422_6_6_40568.jpeg;https:\/\/images.novelship.com\/product\/air_jordan_1_retro_high__85__varsity_red__bq4422_6_7_40568.jpeg","contentUrl":"https:\/\/images.novelship.com\/product\/air_jordan_1_retro_high__85__varsity_red__bq4422_6_0_40567.jpeg;https:\/\/images.novelship.com\/product\/air_jordan_1_retro_high__85__varsity_red__bq4422_6_1_40568.jpeg;https:\/\/images.novelship.com\/product\/air_jordan_1_retro_high__85__varsity_red__bq4422_6_2_40568.jpeg;https:\/\/images.novelship.com\/product\/air_jordan_1_retro_high__85__varsity_red__bq4422_6_3_40568.jpeg;https:\/\/images.novelship.com\/product\/air_jordan_1_retro_high__85__varsity_red__bq4422_6_4_40568.jpeg;https:\/\/images.novelship.com\/product\/air_jordan_1_retro_high__85__varsity_red__bq4422_6_5_40568.jpeg;https:\/\/images.novelship.com\/product\/air_jordan_1_retro_high__85__varsity_red__bq4422_6_6_40568.jpeg;https:\/\/images.novelship.com\/product\/air_jordan_1_retro_high__85__varsity_red__bq4422_6_7_40568.jpeg"},{"@type":"BreadcrumbList","@id":"https:\/\/tourcruiser.com\/fr\/products\/air-jordan-1-retro-high-85-varsity-red-bq4422-600\/#breadcrumb","itemListElement":[{"@type":"ListItem","position":1,"name":"Home","item":"https:\/\/tourcruiser.com\/fr\/"},{"@type":"ListItem","position":2,"name":"Shop","item":"https:\/\/tourcruiser.com\/fr\/shop\/"},{"@type":"ListItem","position":3,"name":"Air Jordan 1 Retro High &#8217;85 &#8216;Varsity Red&#8217; BQ4422-600"}]},{"@type":"WebSite","@id":"\/#website","url":"\/","name":"Styloral Jewelry Shop","description":"Tourcruiser Sneaker Store \u2014 L\u2019endroit o\u00f9 l\u2019univers rencontre votre singularit\u00e9.","publisher":{"@id":"\/#organization"},"potentialAction":[{"@type":"SearchAction","target":{"@type":"EntryPoint","urlTemplate":"\/?s={search_term_string}"},"query-input":{"@type":"PropertyValueSpecification","valueRequired":true,"valueName":"search_term_string"}}],"inLanguage":"fr-FR"},{"@type":"Organization","@id":"\/#organization","name":"STYLORAL PTE. LTD","url":"\/","logo":{"@type":"ImageObject","inLanguage":"fr-FR","@id":"\/#\/schema\/logo\/image\/","url":"https:\/\/www.tourcruiser.com\/wp-content\/uploads\/2025\/12\/logo.png","contentUrl":"https:\/\/www.tourcruiser.com\/wp-content\/uploads\/2025\/12\/logo.png","width":200,"height":65,"caption":"STYLORAL PTE. LTD"},"image":{"@id":"\/#\/schema\/logo\/image\/"}}]}},"_links":{"self":[{"href":"https:\/\/tourcruiser.com\/fr\/wp-json\/wp\/v2\/product\/762104","targetHints":{"allow":["GET"]}}],"collection":[{"href":"https:\/\/tourcruiser.com\/fr\/wp-json\/wp\/v2\/product"}],"about":[{"href":"https:\/\/tourcruiser.com\/fr\/wp-json\/wp\/v2\/types\/product"}],"replies":[{"embeddable":true,"href":"https:\/\/tourcruiser.com\/fr\/wp-json\/wp\/v2\/comments?post=762104"}],"wp:featuredmedia":[{"embeddable":true,"href":"https:\/\/tourcruiser.com\/fr\/wp-json\/wp\/v2\/media\/762105"}],"wp:attachment":[{"href":"https:\/\/tourcruiser.com\/fr\/wp-json\/wp\/v2\/media?parent=762104"}],"wp:term":[{"taxonomy":"product_brand","embeddable":true,"href":"https:\/\/tourcruiser.com\/fr\/wp-json\/wp\/v2\/product_brand?post=762104"},{"taxonomy":"product_cat","embeddable":true,"href":"https:\/\/tourcruiser.com\/fr\/wp-json\/wp\/v2\/product_cat?post=762104"},{"taxonomy":"product_tag","embeddable":true,"href":"https:\/\/tourcruiser.com\/fr\/wp-json\/wp\/v2\/product_tag?post=762104"}],"curies":[{"name":"wp","href":"https:\/\/api.w.org\/{rel}","templated":true}]}}