{"id":762068,"date":"2026-04-16T17:09:42","date_gmt":"2026-04-16T10:09:42","guid":{"rendered":"http:\/\/tourcruiser.com\/product\/air-jordan-11-retro-bred-playoffs-2012-378037-010"},"modified":"2026-04-17T22:00:18","modified_gmt":"2026-04-17T15:00:18","slug":"air-jordan-11-retro-bred-playoffs-2012-378037-010","status":"publish","type":"product","link":"https:\/\/tourcruiser.com\/fr\/products\/air-jordan-11-retro-bred-playoffs-2012-378037-010\/","title":{"rendered":"Air Jordan 11 Retro &lsquo;Bred Playoffs&rsquo; 2012 378037-010"},"content":{"rendered":"<p>La Air Jordan 11 Retro Bred Playoffs 2012, aussi appel\u00e9e simplement Bred Playoffs, est un mod\u00e8le classique de Jordan. Avec son design noir \u00e9l\u00e9gant, cette chaussure ne passera pas inaper\u00e7ue. Elle allie style et performance et est un incontournable pour tout amateur de sneakers.<\/p>\n<p>Coloris : Noir\/Rouge-Blanc<\/p>\n<p>R\u00e9f\u00e9rence : 378037-010<\/p>\n<p>Tige : Cuir<\/p>\n<p>Semelle interm\u00e9diaire : Air<\/p>\n<p>Couleur : Noir<\/p>\n<p>Designer : Tinker Hatfield<\/p>\n<p>Saison : Hiver<\/p>\n<p>Ann\u00e9e de sortie : 2012<\/p>\n<p>Couleur : Noir<\/p>\n<p>\u00c2ge : Adulte<\/p>\n<p>Couleur : Noir<\/p>\n<p>Genre : Homme<\/p>\n","protected":false},"excerpt":{"rendered":"<p>La Air Jordan 11 Retro Bred Playoffs 2012, aussi appel\u00e9e simplement Bred Playoffs, est un mod\u00e8le classique de Jordan. Avec son design noir \u00e9l\u00e9gant, cette chaussure ne passera pas inaper\u00e7ue. Elle allie style et performance et est un incontournable pour tout amateur de sneakers. Coloris : Noir\/Rouge-Blanc R\u00e9f\u00e9rence : 378037-010 Tige : Cuir Semelle interm\u00e9diaire [&hellip;]<\/p>\n","protected":false},"featured_media":762069,"comment_status":"open","ping_status":"closed","template":"","meta":[],"product_brand":[],"product_cat":[38880],"product_tag":[10800,38842,10776,38875,11129,38846],"class_list":{"0":"post-762068","1":"product","2":"type-product","3":"status-publish","4":"has-post-thumbnail","6":"product_cat-jordan","7":"product_tag-basketball-shoes","8":"product_tag-gift-idea-for-him","9":"product_tag-jordan","10":"product_tag-jordan-skateboard-shoes","11":"product_tag-lightweight-basketball-shoes","12":"product_tag-performance-sports-shoes","14":"first","15":"instock","16":"taxable","17":"shipping-taxable","18":"purchasable","19":"product-type-simple"},"wcpa_form_fields":null,"yoast_head":"<!-- This site is optimized with the Yoast SEO plugin v26.5 - https:\/\/yoast.com\/wordpress\/plugins\/seo\/ -->\n<title>Air Jordan 11 Retro &#039;Bred Playoffs&#039; 2012 378037-010 - TOURCRUISER PTE. LTD<\/title>\n<meta name=\"robots\" content=\"index, follow, max-snippet:-1, max-image-preview:large, max-video-preview:-1\" \/>\n<link rel=\"canonical\" href=\"https:\/\/tourcruiser.com\/fr\/products\/air-jordan-11-retro-bred-playoffs-2012-378037-010\/\" \/>\n<meta property=\"og:locale\" content=\"fr_FR\" \/>\n<meta property=\"og:type\" content=\"article\" \/>\n<meta property=\"og:title\" content=\"Air Jordan 11 Retro &#039;Bred Playoffs&#039; 2012 378037-010 - TOURCRUISER PTE. LTD\" \/>\n<meta property=\"og:description\" content=\"La Air Jordan 11 Retro Bred Playoffs 2012, aussi appel\u00e9e simplement Bred Playoffs, est un mod\u00e8le classique de Jordan. Avec son design noir \u00e9l\u00e9gant, cette chaussure ne passera pas inaper\u00e7ue. Elle allie style et performance et est un incontournable pour tout amateur de sneakers. Coloris : Noir\/Rouge-Blanc R\u00e9f\u00e9rence : 378037-010 Tige : Cuir Semelle interm\u00e9diaire [&hellip;]\" \/>\n<meta property=\"og:url\" content=\"https:\/\/tourcruiser.com\/fr\/products\/air-jordan-11-retro-bred-playoffs-2012-378037-010\/\" \/>\n<meta property=\"og:site_name\" content=\"Tourcruiser Sneaker Store\" \/>\n<meta property=\"article:modified_time\" content=\"2026-04-17T15:00:18+00:00\" \/>\n<meta name=\"twitter:card\" content=\"summary_large_image\" \/>\n<meta name=\"twitter:image\" content=\"https:\/\/images.novelship.com\/product\/air_jordan_11_retro__bred_playoffs__2012_378037_01_0_41248.jpeg;https:\/\/images.novelship.com\/product\/air_jordan_11_retro__bred_playoffs__2012_378037_01_1_41248.jpeg;https:\/\/images.novelship.com\/product\/air_jordan_11_retro__bred_playoffs__2012_378037_01_2_41248.jpeg;https:\/\/images.novelship.com\/product\/air_jordan_11_retro__bred_playoffs__2012_378037_01_3_41248.jpeg;https:\/\/images.novelship.com\/product\/air_jordan_11_retro__bred_playoffs__2012_378037_01_4_41248.jpeg;https:\/\/images.novelship.com\/product\/air_jordan_11_retro__bred_playoffs__2012_378037_01_5_41248.jpeg;https:\/\/images.novelship.com\/product\/air_jordan_11_retro__bred_playoffs__2012_378037_01_6_41248.jpeg;https:\/\/images.novelship.com\/product\/air_jordan_11_retro__bred_playoffs__2012_378037_01_7_41248.jpeg\" \/>\n<script type=\"application\/ld+json\" class=\"yoast-schema-graph\">{\"@context\":\"https:\/\/schema.org\",\"@graph\":[{\"@type\":\"WebPage\",\"@id\":\"https:\/\/tourcruiser.com\/fr\/products\/air-jordan-11-retro-bred-playoffs-2012-378037-010\/\",\"url\":\"https:\/\/tourcruiser.com\/fr\/products\/air-jordan-11-retro-bred-playoffs-2012-378037-010\/\",\"name\":\"Air Jordan 11 Retro 'Bred Playoffs' 2012 378037-010 - TOURCRUISER PTE. LTD\",\"isPartOf\":{\"@id\":\"\/#website\"},\"primaryImageOfPage\":{\"@id\":\"https:\/\/tourcruiser.com\/fr\/products\/air-jordan-11-retro-bred-playoffs-2012-378037-010\/#primaryimage\"},\"image\":{\"@id\":\"https:\/\/tourcruiser.com\/fr\/products\/air-jordan-11-retro-bred-playoffs-2012-378037-010\/#primaryimage\"},\"thumbnailUrl\":\"https:\/\/images.novelship.com\/product\/air_jordan_11_retro__bred_playoffs__2012_378037_01_0_41248.jpeg;https:\/\/images.novelship.com\/product\/air_jordan_11_retro__bred_playoffs__2012_378037_01_1_41248.jpeg;https:\/\/images.novelship.com\/product\/air_jordan_11_retro__bred_playoffs__2012_378037_01_2_41248.jpeg;https:\/\/images.novelship.com\/product\/air_jordan_11_retro__bred_playoffs__2012_378037_01_3_41248.jpeg;https:\/\/images.novelship.com\/product\/air_jordan_11_retro__bred_playoffs__2012_378037_01_4_41248.jpeg;https:\/\/images.novelship.com\/product\/air_jordan_11_retro__bred_playoffs__2012_378037_01_5_41248.jpeg;https:\/\/images.novelship.com\/product\/air_jordan_11_retro__bred_playoffs__2012_378037_01_6_41248.jpeg;https:\/\/images.novelship.com\/product\/air_jordan_11_retro__bred_playoffs__2012_378037_01_7_41248.jpeg\",\"datePublished\":\"2026-04-16T10:09:42+00:00\",\"dateModified\":\"2026-04-17T15:00:18+00:00\",\"breadcrumb\":{\"@id\":\"https:\/\/tourcruiser.com\/fr\/products\/air-jordan-11-retro-bred-playoffs-2012-378037-010\/#breadcrumb\"},\"inLanguage\":\"fr-FR\",\"potentialAction\":[{\"@type\":\"ReadAction\",\"target\":[\"https:\/\/tourcruiser.com\/fr\/products\/air-jordan-11-retro-bred-playoffs-2012-378037-010\/\"]}]},{\"@type\":\"ImageObject\",\"inLanguage\":\"fr-FR\",\"@id\":\"https:\/\/tourcruiser.com\/fr\/products\/air-jordan-11-retro-bred-playoffs-2012-378037-010\/#primaryimage\",\"url\":\"https:\/\/images.novelship.com\/product\/air_jordan_11_retro__bred_playoffs__2012_378037_01_0_41248.jpeg;https:\/\/images.novelship.com\/product\/air_jordan_11_retro__bred_playoffs__2012_378037_01_1_41248.jpeg;https:\/\/images.novelship.com\/product\/air_jordan_11_retro__bred_playoffs__2012_378037_01_2_41248.jpeg;https:\/\/images.novelship.com\/product\/air_jordan_11_retro__bred_playoffs__2012_378037_01_3_41248.jpeg;https:\/\/images.novelship.com\/product\/air_jordan_11_retro__bred_playoffs__2012_378037_01_4_41248.jpeg;https:\/\/images.novelship.com\/product\/air_jordan_11_retro__bred_playoffs__2012_378037_01_5_41248.jpeg;https:\/\/images.novelship.com\/product\/air_jordan_11_retro__bred_playoffs__2012_378037_01_6_41248.jpeg;https:\/\/images.novelship.com\/product\/air_jordan_11_retro__bred_playoffs__2012_378037_01_7_41248.jpeg\",\"contentUrl\":\"https:\/\/images.novelship.com\/product\/air_jordan_11_retro__bred_playoffs__2012_378037_01_0_41248.jpeg;https:\/\/images.novelship.com\/product\/air_jordan_11_retro__bred_playoffs__2012_378037_01_1_41248.jpeg;https:\/\/images.novelship.com\/product\/air_jordan_11_retro__bred_playoffs__2012_378037_01_2_41248.jpeg;https:\/\/images.novelship.com\/product\/air_jordan_11_retro__bred_playoffs__2012_378037_01_3_41248.jpeg;https:\/\/images.novelship.com\/product\/air_jordan_11_retro__bred_playoffs__2012_378037_01_4_41248.jpeg;https:\/\/images.novelship.com\/product\/air_jordan_11_retro__bred_playoffs__2012_378037_01_5_41248.jpeg;https:\/\/images.novelship.com\/product\/air_jordan_11_retro__bred_playoffs__2012_378037_01_6_41248.jpeg;https:\/\/images.novelship.com\/product\/air_jordan_11_retro__bred_playoffs__2012_378037_01_7_41248.jpeg\"},{\"@type\":\"BreadcrumbList\",\"@id\":\"https:\/\/tourcruiser.com\/fr\/products\/air-jordan-11-retro-bred-playoffs-2012-378037-010\/#breadcrumb\",\"itemListElement\":[{\"@type\":\"ListItem\",\"position\":1,\"name\":\"Home\",\"item\":\"https:\/\/tourcruiser.com\/fr\/\"},{\"@type\":\"ListItem\",\"position\":2,\"name\":\"Shop\",\"item\":\"https:\/\/tourcruiser.com\/fr\/shop\/\"},{\"@type\":\"ListItem\",\"position\":3,\"name\":\"Air Jordan 11 Retro &#8216;Bred Playoffs&#8217; 2012 378037-010\"}]},{\"@type\":\"WebSite\",\"@id\":\"\/#website\",\"url\":\"\/\",\"name\":\"Styloral Jewelry Shop\",\"description\":\"Tourcruiser Sneaker Store \u2014 L\u2019endroit o\u00f9 l\u2019univers rencontre votre singularit\u00e9.\",\"publisher\":{\"@id\":\"\/#organization\"},\"potentialAction\":[{\"@type\":\"SearchAction\",\"target\":{\"@type\":\"EntryPoint\",\"urlTemplate\":\"\/?s={search_term_string}\"},\"query-input\":{\"@type\":\"PropertyValueSpecification\",\"valueRequired\":true,\"valueName\":\"search_term_string\"}}],\"inLanguage\":\"fr-FR\"},{\"@type\":\"Organization\",\"@id\":\"\/#organization\",\"name\":\"STYLORAL PTE. LTD\",\"url\":\"\/\",\"logo\":{\"@type\":\"ImageObject\",\"inLanguage\":\"fr-FR\",\"@id\":\"\/#\/schema\/logo\/image\/\",\"url\":\"https:\/\/www.tourcruiser.com\/wp-content\/uploads\/2025\/12\/logo.png\",\"contentUrl\":\"https:\/\/www.tourcruiser.com\/wp-content\/uploads\/2025\/12\/logo.png\",\"width\":200,\"height\":65,\"caption\":\"STYLORAL PTE. LTD\"},\"image\":{\"@id\":\"\/#\/schema\/logo\/image\/\"}}]}<\/script>\n<!-- \/ Yoast SEO plugin. -->","yoast_head_json":{"title":"Air Jordan 11 Retro 'Bred Playoffs' 2012 378037-010 - TOURCRUISER PTE. LTD","robots":{"index":"index","follow":"follow","max-snippet":"max-snippet:-1","max-image-preview":"max-image-preview:large","max-video-preview":"max-video-preview:-1"},"canonical":"https:\/\/tourcruiser.com\/fr\/products\/air-jordan-11-retro-bred-playoffs-2012-378037-010\/","og_locale":"fr_FR","og_type":"article","og_title":"Air Jordan 11 Retro 'Bred Playoffs' 2012 378037-010 - TOURCRUISER PTE. LTD","og_description":"La Air Jordan 11 Retro Bred Playoffs 2012, aussi appel\u00e9e simplement Bred Playoffs, est un mod\u00e8le classique de Jordan. Avec son design noir \u00e9l\u00e9gant, cette chaussure ne passera pas inaper\u00e7ue. Elle allie style et performance et est un incontournable pour tout amateur de sneakers. Coloris : Noir\/Rouge-Blanc R\u00e9f\u00e9rence : 378037-010 Tige : Cuir Semelle interm\u00e9diaire [&hellip;]","og_url":"https:\/\/tourcruiser.com\/fr\/products\/air-jordan-11-retro-bred-playoffs-2012-378037-010\/","og_site_name":"Tourcruiser Sneaker Store","article_modified_time":"2026-04-17T15:00:18+00:00","twitter_card":"summary_large_image","twitter_image":"https:\/\/images.novelship.com\/product\/air_jordan_11_retro__bred_playoffs__2012_378037_01_0_41248.jpeg;https:\/\/images.novelship.com\/product\/air_jordan_11_retro__bred_playoffs__2012_378037_01_1_41248.jpeg;https:\/\/images.novelship.com\/product\/air_jordan_11_retro__bred_playoffs__2012_378037_01_2_41248.jpeg;https:\/\/images.novelship.com\/product\/air_jordan_11_retro__bred_playoffs__2012_378037_01_3_41248.jpeg;https:\/\/images.novelship.com\/product\/air_jordan_11_retro__bred_playoffs__2012_378037_01_4_41248.jpeg;https:\/\/images.novelship.com\/product\/air_jordan_11_retro__bred_playoffs__2012_378037_01_5_41248.jpeg;https:\/\/images.novelship.com\/product\/air_jordan_11_retro__bred_playoffs__2012_378037_01_6_41248.jpeg;https:\/\/images.novelship.com\/product\/air_jordan_11_retro__bred_playoffs__2012_378037_01_7_41248.jpeg","schema":{"@context":"https:\/\/schema.org","@graph":[{"@type":"WebPage","@id":"https:\/\/tourcruiser.com\/fr\/products\/air-jordan-11-retro-bred-playoffs-2012-378037-010\/","url":"https:\/\/tourcruiser.com\/fr\/products\/air-jordan-11-retro-bred-playoffs-2012-378037-010\/","name":"Air Jordan 11 Retro 'Bred Playoffs' 2012 378037-010 - TOURCRUISER PTE. LTD","isPartOf":{"@id":"\/#website"},"primaryImageOfPage":{"@id":"https:\/\/tourcruiser.com\/fr\/products\/air-jordan-11-retro-bred-playoffs-2012-378037-010\/#primaryimage"},"image":{"@id":"https:\/\/tourcruiser.com\/fr\/products\/air-jordan-11-retro-bred-playoffs-2012-378037-010\/#primaryimage"},"thumbnailUrl":"https:\/\/images.novelship.com\/product\/air_jordan_11_retro__bred_playoffs__2012_378037_01_0_41248.jpeg;https:\/\/images.novelship.com\/product\/air_jordan_11_retro__bred_playoffs__2012_378037_01_1_41248.jpeg;https:\/\/images.novelship.com\/product\/air_jordan_11_retro__bred_playoffs__2012_378037_01_2_41248.jpeg;https:\/\/images.novelship.com\/product\/air_jordan_11_retro__bred_playoffs__2012_378037_01_3_41248.jpeg;https:\/\/images.novelship.com\/product\/air_jordan_11_retro__bred_playoffs__2012_378037_01_4_41248.jpeg;https:\/\/images.novelship.com\/product\/air_jordan_11_retro__bred_playoffs__2012_378037_01_5_41248.jpeg;https:\/\/images.novelship.com\/product\/air_jordan_11_retro__bred_playoffs__2012_378037_01_6_41248.jpeg;https:\/\/images.novelship.com\/product\/air_jordan_11_retro__bred_playoffs__2012_378037_01_7_41248.jpeg","datePublished":"2026-04-16T10:09:42+00:00","dateModified":"2026-04-17T15:00:18+00:00","breadcrumb":{"@id":"https:\/\/tourcruiser.com\/fr\/products\/air-jordan-11-retro-bred-playoffs-2012-378037-010\/#breadcrumb"},"inLanguage":"fr-FR","potentialAction":[{"@type":"ReadAction","target":["https:\/\/tourcruiser.com\/fr\/products\/air-jordan-11-retro-bred-playoffs-2012-378037-010\/"]}]},{"@type":"ImageObject","inLanguage":"fr-FR","@id":"https:\/\/tourcruiser.com\/fr\/products\/air-jordan-11-retro-bred-playoffs-2012-378037-010\/#primaryimage","url":"https:\/\/images.novelship.com\/product\/air_jordan_11_retro__bred_playoffs__2012_378037_01_0_41248.jpeg;https:\/\/images.novelship.com\/product\/air_jordan_11_retro__bred_playoffs__2012_378037_01_1_41248.jpeg;https:\/\/images.novelship.com\/product\/air_jordan_11_retro__bred_playoffs__2012_378037_01_2_41248.jpeg;https:\/\/images.novelship.com\/product\/air_jordan_11_retro__bred_playoffs__2012_378037_01_3_41248.jpeg;https:\/\/images.novelship.com\/product\/air_jordan_11_retro__bred_playoffs__2012_378037_01_4_41248.jpeg;https:\/\/images.novelship.com\/product\/air_jordan_11_retro__bred_playoffs__2012_378037_01_5_41248.jpeg;https:\/\/images.novelship.com\/product\/air_jordan_11_retro__bred_playoffs__2012_378037_01_6_41248.jpeg;https:\/\/images.novelship.com\/product\/air_jordan_11_retro__bred_playoffs__2012_378037_01_7_41248.jpeg","contentUrl":"https:\/\/images.novelship.com\/product\/air_jordan_11_retro__bred_playoffs__2012_378037_01_0_41248.jpeg;https:\/\/images.novelship.com\/product\/air_jordan_11_retro__bred_playoffs__2012_378037_01_1_41248.jpeg;https:\/\/images.novelship.com\/product\/air_jordan_11_retro__bred_playoffs__2012_378037_01_2_41248.jpeg;https:\/\/images.novelship.com\/product\/air_jordan_11_retro__bred_playoffs__2012_378037_01_3_41248.jpeg;https:\/\/images.novelship.com\/product\/air_jordan_11_retro__bred_playoffs__2012_378037_01_4_41248.jpeg;https:\/\/images.novelship.com\/product\/air_jordan_11_retro__bred_playoffs__2012_378037_01_5_41248.jpeg;https:\/\/images.novelship.com\/product\/air_jordan_11_retro__bred_playoffs__2012_378037_01_6_41248.jpeg;https:\/\/images.novelship.com\/product\/air_jordan_11_retro__bred_playoffs__2012_378037_01_7_41248.jpeg"},{"@type":"BreadcrumbList","@id":"https:\/\/tourcruiser.com\/fr\/products\/air-jordan-11-retro-bred-playoffs-2012-378037-010\/#breadcrumb","itemListElement":[{"@type":"ListItem","position":1,"name":"Home","item":"https:\/\/tourcruiser.com\/fr\/"},{"@type":"ListItem","position":2,"name":"Shop","item":"https:\/\/tourcruiser.com\/fr\/shop\/"},{"@type":"ListItem","position":3,"name":"Air Jordan 11 Retro &#8216;Bred Playoffs&#8217; 2012 378037-010"}]},{"@type":"WebSite","@id":"\/#website","url":"\/","name":"Styloral Jewelry Shop","description":"Tourcruiser Sneaker Store \u2014 L\u2019endroit o\u00f9 l\u2019univers rencontre votre singularit\u00e9.","publisher":{"@id":"\/#organization"},"potentialAction":[{"@type":"SearchAction","target":{"@type":"EntryPoint","urlTemplate":"\/?s={search_term_string}"},"query-input":{"@type":"PropertyValueSpecification","valueRequired":true,"valueName":"search_term_string"}}],"inLanguage":"fr-FR"},{"@type":"Organization","@id":"\/#organization","name":"STYLORAL PTE. LTD","url":"\/","logo":{"@type":"ImageObject","inLanguage":"fr-FR","@id":"\/#\/schema\/logo\/image\/","url":"https:\/\/www.tourcruiser.com\/wp-content\/uploads\/2025\/12\/logo.png","contentUrl":"https:\/\/www.tourcruiser.com\/wp-content\/uploads\/2025\/12\/logo.png","width":200,"height":65,"caption":"STYLORAL PTE. LTD"},"image":{"@id":"\/#\/schema\/logo\/image\/"}}]}},"_links":{"self":[{"href":"https:\/\/tourcruiser.com\/fr\/wp-json\/wp\/v2\/product\/762068","targetHints":{"allow":["GET"]}}],"collection":[{"href":"https:\/\/tourcruiser.com\/fr\/wp-json\/wp\/v2\/product"}],"about":[{"href":"https:\/\/tourcruiser.com\/fr\/wp-json\/wp\/v2\/types\/product"}],"replies":[{"embeddable":true,"href":"https:\/\/tourcruiser.com\/fr\/wp-json\/wp\/v2\/comments?post=762068"}],"wp:featuredmedia":[{"embeddable":true,"href":"https:\/\/tourcruiser.com\/fr\/wp-json\/wp\/v2\/media\/762069"}],"wp:attachment":[{"href":"https:\/\/tourcruiser.com\/fr\/wp-json\/wp\/v2\/media?parent=762068"}],"wp:term":[{"taxonomy":"product_brand","embeddable":true,"href":"https:\/\/tourcruiser.com\/fr\/wp-json\/wp\/v2\/product_brand?post=762068"},{"taxonomy":"product_cat","embeddable":true,"href":"https:\/\/tourcruiser.com\/fr\/wp-json\/wp\/v2\/product_cat?post=762068"},{"taxonomy":"product_tag","embeddable":true,"href":"https:\/\/tourcruiser.com\/fr\/wp-json\/wp\/v2\/product_tag?post=762068"}],"curies":[{"name":"wp","href":"https:\/\/api.w.org\/{rel}","templated":true}]}}