{"id":761836,"date":"2026-04-16T17:09:33","date_gmt":"2026-04-16T10:09:33","guid":{"rendered":"http:\/\/tourcruiser.com\/product\/air-jordan-1-retro-high-og-track-red-555088-112"},"modified":"2026-04-17T22:52:40","modified_gmt":"2026-04-17T15:52:40","slug":"air-jordan-1-retro-high-og-track-red-555088-112","status":"publish","type":"product","link":"https:\/\/tourcruiser.com\/fr\/products\/air-jordan-1-retro-high-og-track-red-555088-112\/","title":{"rendered":"Air Jordan 1 Retro High OG &lsquo;Track Red&rsquo; 555088-112"},"content":{"rendered":"<p>La Air Jordan 1 Retro High OG Track Red, aussi appel\u00e9e Track Red, est un incontournable de la marque Jordan. Avec son \u00e9l\u00e9gante teinte rouge, cette chaussure iconique allie style et performance. Sur le terrain comme en ville, la Air Jordan 1 Retro High OG Track Red ne manquera pas de faire sensation.<\/p>\n<p>Coloris\u00a0: Summit White\/Track Red\/Black<\/p>\n<p>Code article\u00a0: 555088-112<\/p>\n<p>Tige\u00a0: Cuir<\/p>\n<p>Semelle interm\u00e9diaire\u00a0: Air<\/p>\n<p>Couleur\u00a0: Blanc<\/p>\n<p>Designer\u00a0: Peter Moore<\/p>\n<p>Saison\u00a0: Printemps<\/p>\n<p>Ann\u00e9e de sortie\u00a0: 2018<\/p>\n<p>\u00c2ge\u00a0: Adulte<\/p>\n<p>Couleur\u00a0: Blanc<\/p>\n<p>Genre\u00a0: Homme<\/p>\n","protected":false},"excerpt":{"rendered":"<p>La Air Jordan 1 Retro High OG Track Red, aussi appel\u00e9e Track Red, est un incontournable de la marque Jordan. Avec son \u00e9l\u00e9gante teinte rouge, cette chaussure iconique allie style et performance. Sur le terrain comme en ville, la Air Jordan 1 Retro High OG Track Red ne manquera pas de faire sensation. Coloris\u00a0: Summit [&hellip;]<\/p>\n","protected":false},"featured_media":761837,"comment_status":"open","ping_status":"closed","template":"","meta":[],"product_brand":[],"product_cat":[38880],"product_tag":[10750,10800,38861,38841,38975,38840,10776,11349,38875,10756,38902],"class_list":{"0":"post-761836","1":"product","2":"type-product","3":"status-publish","4":"has-post-thumbnail","6":"product_cat-jordan","7":"product_tag-athleisure-shoes","8":"product_tag-basketball-shoes","9":"product_tag-below-retail-price","10":"product_tag-casual-shoes","11":"product_tag-casual-shoes-basketball-inspired","12":"product_tag-gift-ideas-for-him","13":"product_tag-jordan","14":"product_tag-jordan-basketball-shoes","15":"product_tag-jordan-skateboard-shoes","16":"product_tag-retro-casual-shoes","17":"product_tag-trendy-offers","19":"first","20":"instock","21":"taxable","22":"shipping-taxable","23":"purchasable","24":"product-type-simple"},"wcpa_form_fields":null,"yoast_head":"<!-- This site is optimized with the Yoast SEO plugin v26.5 - https:\/\/yoast.com\/wordpress\/plugins\/seo\/ -->\n<title>Air Jordan 1 Retro High OG &#039;Track Red&#039; 555088-112 - TOURCRUISER PTE. LTD<\/title>\n<meta name=\"robots\" content=\"index, follow, max-snippet:-1, max-image-preview:large, max-video-preview:-1\" \/>\n<link rel=\"canonical\" href=\"https:\/\/tourcruiser.com\/fr\/products\/air-jordan-1-retro-high-og-track-red-555088-112\/\" \/>\n<meta property=\"og:locale\" content=\"fr_FR\" \/>\n<meta property=\"og:type\" content=\"article\" \/>\n<meta property=\"og:title\" content=\"Air Jordan 1 Retro High OG &#039;Track Red&#039; 555088-112 - TOURCRUISER PTE. LTD\" \/>\n<meta property=\"og:description\" content=\"La Air Jordan 1 Retro High OG Track Red, aussi appel\u00e9e Track Red, est un incontournable de la marque Jordan. Avec son \u00e9l\u00e9gante teinte rouge, cette chaussure iconique allie style et performance. Sur le terrain comme en ville, la Air Jordan 1 Retro High OG Track Red ne manquera pas de faire sensation. Coloris\u00a0: Summit [&hellip;]\" \/>\n<meta property=\"og:url\" content=\"https:\/\/tourcruiser.com\/fr\/products\/air-jordan-1-retro-high-og-track-red-555088-112\/\" \/>\n<meta property=\"og:site_name\" content=\"Tourcruiser Sneaker Store\" \/>\n<meta property=\"article:modified_time\" content=\"2026-04-17T15:52:40+00:00\" \/>\n<meta name=\"twitter:card\" content=\"summary_large_image\" \/>\n<meta name=\"twitter:image\" content=\"https:\/\/images.novelship.com\/product\/air_jordan_1_retro_high_og__track_red__555088_112_0_3251.jpeg;https:\/\/images.novelship.com\/product\/air_jordan_1_retro_high_og__track_red__555088_112_1_3251.jpeg;https:\/\/images.novelship.com\/product\/air_jordan_1_retro_high_og__track_red__555088_112_2_3251.jpeg;https:\/\/images.novelship.com\/product\/air_jordan_1_retro_high_og__track_red__555088_112_3_3251.jpeg;https:\/\/images.novelship.com\/product\/air_jordan_1_retro_high_og__track_red__555088_112_4_3251.jpeg;https:\/\/images.novelship.com\/product\/air_jordan_1_retro_high_og__track_red__555088_112_5_3251.jpeg;https:\/\/images.novelship.com\/product\/air_jordan_1_retro_high_og__track_red__555088_112_6_3251.jpeg;https:\/\/images.novelship.com\/product\/air_jordan_1_retro_high_og__track_red__555088_112_7_3251.jpeg\" \/>\n<script type=\"application\/ld+json\" class=\"yoast-schema-graph\">{\"@context\":\"https:\/\/schema.org\",\"@graph\":[{\"@type\":\"WebPage\",\"@id\":\"https:\/\/tourcruiser.com\/fr\/products\/air-jordan-1-retro-high-og-track-red-555088-112\/\",\"url\":\"https:\/\/tourcruiser.com\/fr\/products\/air-jordan-1-retro-high-og-track-red-555088-112\/\",\"name\":\"Air Jordan 1 Retro High OG 'Track Red' 555088-112 - TOURCRUISER PTE. LTD\",\"isPartOf\":{\"@id\":\"\/#website\"},\"primaryImageOfPage\":{\"@id\":\"https:\/\/tourcruiser.com\/fr\/products\/air-jordan-1-retro-high-og-track-red-555088-112\/#primaryimage\"},\"image\":{\"@id\":\"https:\/\/tourcruiser.com\/fr\/products\/air-jordan-1-retro-high-og-track-red-555088-112\/#primaryimage\"},\"thumbnailUrl\":\"https:\/\/images.novelship.com\/product\/air_jordan_1_retro_high_og__track_red__555088_112_0_3251.jpeg;https:\/\/images.novelship.com\/product\/air_jordan_1_retro_high_og__track_red__555088_112_1_3251.jpeg;https:\/\/images.novelship.com\/product\/air_jordan_1_retro_high_og__track_red__555088_112_2_3251.jpeg;https:\/\/images.novelship.com\/product\/air_jordan_1_retro_high_og__track_red__555088_112_3_3251.jpeg;https:\/\/images.novelship.com\/product\/air_jordan_1_retro_high_og__track_red__555088_112_4_3251.jpeg;https:\/\/images.novelship.com\/product\/air_jordan_1_retro_high_og__track_red__555088_112_5_3251.jpeg;https:\/\/images.novelship.com\/product\/air_jordan_1_retro_high_og__track_red__555088_112_6_3251.jpeg;https:\/\/images.novelship.com\/product\/air_jordan_1_retro_high_og__track_red__555088_112_7_3251.jpeg\",\"datePublished\":\"2026-04-16T10:09:33+00:00\",\"dateModified\":\"2026-04-17T15:52:40+00:00\",\"breadcrumb\":{\"@id\":\"https:\/\/tourcruiser.com\/fr\/products\/air-jordan-1-retro-high-og-track-red-555088-112\/#breadcrumb\"},\"inLanguage\":\"fr-FR\",\"potentialAction\":[{\"@type\":\"ReadAction\",\"target\":[\"https:\/\/tourcruiser.com\/fr\/products\/air-jordan-1-retro-high-og-track-red-555088-112\/\"]}]},{\"@type\":\"ImageObject\",\"inLanguage\":\"fr-FR\",\"@id\":\"https:\/\/tourcruiser.com\/fr\/products\/air-jordan-1-retro-high-og-track-red-555088-112\/#primaryimage\",\"url\":\"https:\/\/images.novelship.com\/product\/air_jordan_1_retro_high_og__track_red__555088_112_0_3251.jpeg;https:\/\/images.novelship.com\/product\/air_jordan_1_retro_high_og__track_red__555088_112_1_3251.jpeg;https:\/\/images.novelship.com\/product\/air_jordan_1_retro_high_og__track_red__555088_112_2_3251.jpeg;https:\/\/images.novelship.com\/product\/air_jordan_1_retro_high_og__track_red__555088_112_3_3251.jpeg;https:\/\/images.novelship.com\/product\/air_jordan_1_retro_high_og__track_red__555088_112_4_3251.jpeg;https:\/\/images.novelship.com\/product\/air_jordan_1_retro_high_og__track_red__555088_112_5_3251.jpeg;https:\/\/images.novelship.com\/product\/air_jordan_1_retro_high_og__track_red__555088_112_6_3251.jpeg;https:\/\/images.novelship.com\/product\/air_jordan_1_retro_high_og__track_red__555088_112_7_3251.jpeg\",\"contentUrl\":\"https:\/\/images.novelship.com\/product\/air_jordan_1_retro_high_og__track_red__555088_112_0_3251.jpeg;https:\/\/images.novelship.com\/product\/air_jordan_1_retro_high_og__track_red__555088_112_1_3251.jpeg;https:\/\/images.novelship.com\/product\/air_jordan_1_retro_high_og__track_red__555088_112_2_3251.jpeg;https:\/\/images.novelship.com\/product\/air_jordan_1_retro_high_og__track_red__555088_112_3_3251.jpeg;https:\/\/images.novelship.com\/product\/air_jordan_1_retro_high_og__track_red__555088_112_4_3251.jpeg;https:\/\/images.novelship.com\/product\/air_jordan_1_retro_high_og__track_red__555088_112_5_3251.jpeg;https:\/\/images.novelship.com\/product\/air_jordan_1_retro_high_og__track_red__555088_112_6_3251.jpeg;https:\/\/images.novelship.com\/product\/air_jordan_1_retro_high_og__track_red__555088_112_7_3251.jpeg\"},{\"@type\":\"BreadcrumbList\",\"@id\":\"https:\/\/tourcruiser.com\/fr\/products\/air-jordan-1-retro-high-og-track-red-555088-112\/#breadcrumb\",\"itemListElement\":[{\"@type\":\"ListItem\",\"position\":1,\"name\":\"Home\",\"item\":\"https:\/\/tourcruiser.com\/fr\/\"},{\"@type\":\"ListItem\",\"position\":2,\"name\":\"Shop\",\"item\":\"https:\/\/tourcruiser.com\/fr\/shop\/\"},{\"@type\":\"ListItem\",\"position\":3,\"name\":\"Air Jordan 1 Retro High OG &#8216;Track Red&#8217; 555088-112\"}]},{\"@type\":\"WebSite\",\"@id\":\"\/#website\",\"url\":\"\/\",\"name\":\"Styloral Jewelry Shop\",\"description\":\"Tourcruiser Sneaker Store \u2014 L\u2019endroit o\u00f9 l\u2019univers rencontre votre singularit\u00e9.\",\"publisher\":{\"@id\":\"\/#organization\"},\"potentialAction\":[{\"@type\":\"SearchAction\",\"target\":{\"@type\":\"EntryPoint\",\"urlTemplate\":\"\/?s={search_term_string}\"},\"query-input\":{\"@type\":\"PropertyValueSpecification\",\"valueRequired\":true,\"valueName\":\"search_term_string\"}}],\"inLanguage\":\"fr-FR\"},{\"@type\":\"Organization\",\"@id\":\"\/#organization\",\"name\":\"STYLORAL PTE. LTD\",\"url\":\"\/\",\"logo\":{\"@type\":\"ImageObject\",\"inLanguage\":\"fr-FR\",\"@id\":\"\/#\/schema\/logo\/image\/\",\"url\":\"https:\/\/www.tourcruiser.com\/wp-content\/uploads\/2025\/12\/logo.png\",\"contentUrl\":\"https:\/\/www.tourcruiser.com\/wp-content\/uploads\/2025\/12\/logo.png\",\"width\":200,\"height\":65,\"caption\":\"STYLORAL PTE. LTD\"},\"image\":{\"@id\":\"\/#\/schema\/logo\/image\/\"}}]}<\/script>\n<!-- \/ Yoast SEO plugin. -->","yoast_head_json":{"title":"Air Jordan 1 Retro High OG 'Track Red' 555088-112 - TOURCRUISER PTE. LTD","robots":{"index":"index","follow":"follow","max-snippet":"max-snippet:-1","max-image-preview":"max-image-preview:large","max-video-preview":"max-video-preview:-1"},"canonical":"https:\/\/tourcruiser.com\/fr\/products\/air-jordan-1-retro-high-og-track-red-555088-112\/","og_locale":"fr_FR","og_type":"article","og_title":"Air Jordan 1 Retro High OG 'Track Red' 555088-112 - TOURCRUISER PTE. LTD","og_description":"La Air Jordan 1 Retro High OG Track Red, aussi appel\u00e9e Track Red, est un incontournable de la marque Jordan. Avec son \u00e9l\u00e9gante teinte rouge, cette chaussure iconique allie style et performance. Sur le terrain comme en ville, la Air Jordan 1 Retro High OG Track Red ne manquera pas de faire sensation. Coloris\u00a0: Summit [&hellip;]","og_url":"https:\/\/tourcruiser.com\/fr\/products\/air-jordan-1-retro-high-og-track-red-555088-112\/","og_site_name":"Tourcruiser Sneaker Store","article_modified_time":"2026-04-17T15:52:40+00:00","twitter_card":"summary_large_image","twitter_image":"https:\/\/images.novelship.com\/product\/air_jordan_1_retro_high_og__track_red__555088_112_0_3251.jpeg;https:\/\/images.novelship.com\/product\/air_jordan_1_retro_high_og__track_red__555088_112_1_3251.jpeg;https:\/\/images.novelship.com\/product\/air_jordan_1_retro_high_og__track_red__555088_112_2_3251.jpeg;https:\/\/images.novelship.com\/product\/air_jordan_1_retro_high_og__track_red__555088_112_3_3251.jpeg;https:\/\/images.novelship.com\/product\/air_jordan_1_retro_high_og__track_red__555088_112_4_3251.jpeg;https:\/\/images.novelship.com\/product\/air_jordan_1_retro_high_og__track_red__555088_112_5_3251.jpeg;https:\/\/images.novelship.com\/product\/air_jordan_1_retro_high_og__track_red__555088_112_6_3251.jpeg;https:\/\/images.novelship.com\/product\/air_jordan_1_retro_high_og__track_red__555088_112_7_3251.jpeg","schema":{"@context":"https:\/\/schema.org","@graph":[{"@type":"WebPage","@id":"https:\/\/tourcruiser.com\/fr\/products\/air-jordan-1-retro-high-og-track-red-555088-112\/","url":"https:\/\/tourcruiser.com\/fr\/products\/air-jordan-1-retro-high-og-track-red-555088-112\/","name":"Air Jordan 1 Retro High OG 'Track Red' 555088-112 - TOURCRUISER PTE. LTD","isPartOf":{"@id":"\/#website"},"primaryImageOfPage":{"@id":"https:\/\/tourcruiser.com\/fr\/products\/air-jordan-1-retro-high-og-track-red-555088-112\/#primaryimage"},"image":{"@id":"https:\/\/tourcruiser.com\/fr\/products\/air-jordan-1-retro-high-og-track-red-555088-112\/#primaryimage"},"thumbnailUrl":"https:\/\/images.novelship.com\/product\/air_jordan_1_retro_high_og__track_red__555088_112_0_3251.jpeg;https:\/\/images.novelship.com\/product\/air_jordan_1_retro_high_og__track_red__555088_112_1_3251.jpeg;https:\/\/images.novelship.com\/product\/air_jordan_1_retro_high_og__track_red__555088_112_2_3251.jpeg;https:\/\/images.novelship.com\/product\/air_jordan_1_retro_high_og__track_red__555088_112_3_3251.jpeg;https:\/\/images.novelship.com\/product\/air_jordan_1_retro_high_og__track_red__555088_112_4_3251.jpeg;https:\/\/images.novelship.com\/product\/air_jordan_1_retro_high_og__track_red__555088_112_5_3251.jpeg;https:\/\/images.novelship.com\/product\/air_jordan_1_retro_high_og__track_red__555088_112_6_3251.jpeg;https:\/\/images.novelship.com\/product\/air_jordan_1_retro_high_og__track_red__555088_112_7_3251.jpeg","datePublished":"2026-04-16T10:09:33+00:00","dateModified":"2026-04-17T15:52:40+00:00","breadcrumb":{"@id":"https:\/\/tourcruiser.com\/fr\/products\/air-jordan-1-retro-high-og-track-red-555088-112\/#breadcrumb"},"inLanguage":"fr-FR","potentialAction":[{"@type":"ReadAction","target":["https:\/\/tourcruiser.com\/fr\/products\/air-jordan-1-retro-high-og-track-red-555088-112\/"]}]},{"@type":"ImageObject","inLanguage":"fr-FR","@id":"https:\/\/tourcruiser.com\/fr\/products\/air-jordan-1-retro-high-og-track-red-555088-112\/#primaryimage","url":"https:\/\/images.novelship.com\/product\/air_jordan_1_retro_high_og__track_red__555088_112_0_3251.jpeg;https:\/\/images.novelship.com\/product\/air_jordan_1_retro_high_og__track_red__555088_112_1_3251.jpeg;https:\/\/images.novelship.com\/product\/air_jordan_1_retro_high_og__track_red__555088_112_2_3251.jpeg;https:\/\/images.novelship.com\/product\/air_jordan_1_retro_high_og__track_red__555088_112_3_3251.jpeg;https:\/\/images.novelship.com\/product\/air_jordan_1_retro_high_og__track_red__555088_112_4_3251.jpeg;https:\/\/images.novelship.com\/product\/air_jordan_1_retro_high_og__track_red__555088_112_5_3251.jpeg;https:\/\/images.novelship.com\/product\/air_jordan_1_retro_high_og__track_red__555088_112_6_3251.jpeg;https:\/\/images.novelship.com\/product\/air_jordan_1_retro_high_og__track_red__555088_112_7_3251.jpeg","contentUrl":"https:\/\/images.novelship.com\/product\/air_jordan_1_retro_high_og__track_red__555088_112_0_3251.jpeg;https:\/\/images.novelship.com\/product\/air_jordan_1_retro_high_og__track_red__555088_112_1_3251.jpeg;https:\/\/images.novelship.com\/product\/air_jordan_1_retro_high_og__track_red__555088_112_2_3251.jpeg;https:\/\/images.novelship.com\/product\/air_jordan_1_retro_high_og__track_red__555088_112_3_3251.jpeg;https:\/\/images.novelship.com\/product\/air_jordan_1_retro_high_og__track_red__555088_112_4_3251.jpeg;https:\/\/images.novelship.com\/product\/air_jordan_1_retro_high_og__track_red__555088_112_5_3251.jpeg;https:\/\/images.novelship.com\/product\/air_jordan_1_retro_high_og__track_red__555088_112_6_3251.jpeg;https:\/\/images.novelship.com\/product\/air_jordan_1_retro_high_og__track_red__555088_112_7_3251.jpeg"},{"@type":"BreadcrumbList","@id":"https:\/\/tourcruiser.com\/fr\/products\/air-jordan-1-retro-high-og-track-red-555088-112\/#breadcrumb","itemListElement":[{"@type":"ListItem","position":1,"name":"Home","item":"https:\/\/tourcruiser.com\/fr\/"},{"@type":"ListItem","position":2,"name":"Shop","item":"https:\/\/tourcruiser.com\/fr\/shop\/"},{"@type":"ListItem","position":3,"name":"Air Jordan 1 Retro High OG &#8216;Track Red&#8217; 555088-112"}]},{"@type":"WebSite","@id":"\/#website","url":"\/","name":"Styloral Jewelry Shop","description":"Tourcruiser Sneaker Store \u2014 L\u2019endroit o\u00f9 l\u2019univers rencontre votre singularit\u00e9.","publisher":{"@id":"\/#organization"},"potentialAction":[{"@type":"SearchAction","target":{"@type":"EntryPoint","urlTemplate":"\/?s={search_term_string}"},"query-input":{"@type":"PropertyValueSpecification","valueRequired":true,"valueName":"search_term_string"}}],"inLanguage":"fr-FR"},{"@type":"Organization","@id":"\/#organization","name":"STYLORAL PTE. LTD","url":"\/","logo":{"@type":"ImageObject","inLanguage":"fr-FR","@id":"\/#\/schema\/logo\/image\/","url":"https:\/\/www.tourcruiser.com\/wp-content\/uploads\/2025\/12\/logo.png","contentUrl":"https:\/\/www.tourcruiser.com\/wp-content\/uploads\/2025\/12\/logo.png","width":200,"height":65,"caption":"STYLORAL PTE. LTD"},"image":{"@id":"\/#\/schema\/logo\/image\/"}}]}},"_links":{"self":[{"href":"https:\/\/tourcruiser.com\/fr\/wp-json\/wp\/v2\/product\/761836","targetHints":{"allow":["GET"]}}],"collection":[{"href":"https:\/\/tourcruiser.com\/fr\/wp-json\/wp\/v2\/product"}],"about":[{"href":"https:\/\/tourcruiser.com\/fr\/wp-json\/wp\/v2\/types\/product"}],"replies":[{"embeddable":true,"href":"https:\/\/tourcruiser.com\/fr\/wp-json\/wp\/v2\/comments?post=761836"}],"wp:featuredmedia":[{"embeddable":true,"href":"https:\/\/tourcruiser.com\/fr\/wp-json\/wp\/v2\/media\/761837"}],"wp:attachment":[{"href":"https:\/\/tourcruiser.com\/fr\/wp-json\/wp\/v2\/media?parent=761836"}],"wp:term":[{"taxonomy":"product_brand","embeddable":true,"href":"https:\/\/tourcruiser.com\/fr\/wp-json\/wp\/v2\/product_brand?post=761836"},{"taxonomy":"product_cat","embeddable":true,"href":"https:\/\/tourcruiser.com\/fr\/wp-json\/wp\/v2\/product_cat?post=761836"},{"taxonomy":"product_tag","embeddable":true,"href":"https:\/\/tourcruiser.com\/fr\/wp-json\/wp\/v2\/product_tag?post=761836"}],"curies":[{"name":"wp","href":"https:\/\/api.w.org\/{rel}","templated":true}]}}