{"id":761789,"date":"2026-04-16T17:09:32","date_gmt":"2026-04-16T10:09:32","guid":{"rendered":"http:\/\/tourcruiser.com\/product\/grade-school-air-jordan-4-retro-taupe-haze-dj6249-200"},"modified":"2026-04-17T22:52:36","modified_gmt":"2026-04-17T15:52:36","slug":"grade-school-air-jordan-4-retro-taupe-haze-dj6249-200","status":"publish","type":"product","link":"https:\/\/tourcruiser.com\/fr\/products\/grade-school-air-jordan-4-retro-taupe-haze-dj6249-200\/","title":{"rendered":"(Grade School) Air Jordan 4 Retro &lsquo;Taupe Haze&rsquo; DJ6249-200"},"content":{"rendered":"<p>Les sneakers Air Jordan 4 Retro Taupe Haze (GS) de Jordan sont un ajout styl\u00e9 et tendance \u00e0 votre collection. Leur design \u00e9pur\u00e9 et leur teinte taupe vous offrent un look moderne et unique. Gr\u00e2ce au logo iconique Air Jordan et \u00e0 leur confort exceptionnel, ces sneakers sont parfaites pour les loisirs comme pour le sport. Pr\u00e9parez-vous \u00e0 faire sensation et \u00e0 affirmer votre style avec ces sneakers Air Jordan styl\u00e9es.<\/p>\n<p>Coloris : Taupe Haze\/Infrared 23\/Oil Grey<\/p>\n<p>Code article : DJ6249-200<\/p>\n<p>Tige : Daim<\/p>\n<p>Semelle interm\u00e9diaire : Air<\/p>\n<p>Couleur : Marron<\/p>\n<p>Designer : Tinker Hatfield<\/p>\n<p>Saison : Hiver<\/p>\n<p>Ann\u00e9e de sortie : 2021<\/p>\n<p>\u00c2ge : Adulte<br \/>\nCouleur : Marron<br \/>\nGenre : Enfant<\/p>\n","protected":false},"excerpt":{"rendered":"<p>Les sneakers Air Jordan 4 Retro Taupe Haze (GS) de Jordan sont un ajout styl\u00e9 et tendance \u00e0 votre collection. Leur design \u00e9pur\u00e9 et leur teinte taupe vous offrent un look moderne et unique. Gr\u00e2ce au logo iconique Air Jordan et \u00e0 leur confort exceptionnel, ces sneakers sont parfaites pour les loisirs comme pour le [&hellip;]<\/p>\n","protected":false},"featured_media":761790,"comment_status":"open","ping_status":"closed","template":"","meta":[],"product_brand":[],"product_cat":[38880],"product_tag":[10750,38988,10776,11349,38875,10756,39039],"class_list":{"0":"post-761789","1":"product","2":"type-product","3":"status-publish","4":"has-post-thumbnail","6":"product_cat-jordan","7":"product_tag-athleisure-shoes","8":"product_tag-casual-shoes-for-kids","9":"product_tag-jordan","10":"product_tag-jordan-basketball-shoes","11":"product_tag-jordan-skateboard-shoes","12":"product_tag-retro-casual-shoes","13":"product_tag-sneakers-for-kids","15":"first","16":"instock","17":"taxable","18":"shipping-taxable","19":"purchasable","20":"product-type-simple"},"wcpa_form_fields":null,"yoast_head":"<!-- This site is optimized with the Yoast SEO plugin v26.5 - https:\/\/yoast.com\/wordpress\/plugins\/seo\/ -->\n<title>(Grade School) Air Jordan 4 Retro &#039;Taupe Haze&#039; DJ6249-200 - TOURCRUISER PTE. LTD<\/title>\n<meta name=\"robots\" content=\"index, follow, max-snippet:-1, max-image-preview:large, max-video-preview:-1\" \/>\n<link rel=\"canonical\" href=\"https:\/\/tourcruiser.com\/fr\/products\/grade-school-air-jordan-4-retro-taupe-haze-dj6249-200\/\" \/>\n<meta property=\"og:locale\" content=\"fr_FR\" \/>\n<meta property=\"og:type\" content=\"article\" \/>\n<meta property=\"og:title\" content=\"(Grade School) Air Jordan 4 Retro &#039;Taupe Haze&#039; DJ6249-200 - TOURCRUISER PTE. LTD\" \/>\n<meta property=\"og:description\" content=\"Les sneakers Air Jordan 4 Retro Taupe Haze (GS) de Jordan sont un ajout styl\u00e9 et tendance \u00e0 votre collection. Leur design \u00e9pur\u00e9 et leur teinte taupe vous offrent un look moderne et unique. Gr\u00e2ce au logo iconique Air Jordan et \u00e0 leur confort exceptionnel, ces sneakers sont parfaites pour les loisirs comme pour le [&hellip;]\" \/>\n<meta property=\"og:url\" content=\"https:\/\/tourcruiser.com\/fr\/products\/grade-school-air-jordan-4-retro-taupe-haze-dj6249-200\/\" \/>\n<meta property=\"og:site_name\" content=\"Tourcruiser Sneaker Store\" \/>\n<meta property=\"article:modified_time\" content=\"2026-04-17T15:52:36+00:00\" \/>\n<meta name=\"twitter:card\" content=\"summary_large_image\" \/>\n<meta name=\"twitter:image\" content=\"https:\/\/images.novelship.com\/product\/_grade_school__air_jordan_4_retro__taupe_haze__dj6_0_96646.jpeg;https:\/\/images.novelship.com\/product\/_grade_school__air_jordan_4_retro__taupe_haze__dj6_1_96647.jpeg;https:\/\/images.novelship.com\/product\/_grade_school__air_jordan_4_retro__taupe_haze__dj6_2_96647.jpeg;https:\/\/images.novelship.com\/product\/_grade_school__air_jordan_4_retro__taupe_haze__dj6_3_96647.jpeg;https:\/\/images.novelship.com\/product\/_grade_school__air_jordan_4_retro__taupe_haze__dj6_4_96647.jpeg;https:\/\/images.novelship.com\/product\/_grade_school__air_jordan_4_retro__taupe_haze__dj6_5_96647.jpeg;https:\/\/images.novelship.com\/product\/_grade_school__air_jordan_4_retro__taupe_haze__dj6_6_96647.jpeg;https:\/\/images.novelship.com\/product\/_grade_school__air_jordan_4_retro__taupe_haze__dj6_7_96647.jpeg\" \/>\n<meta name=\"twitter:label1\" content=\"Dur\u00e9e de lecture estim\u00e9e\" \/>\n\t<meta name=\"twitter:data1\" content=\"1 minute\" \/>\n<script type=\"application\/ld+json\" class=\"yoast-schema-graph\">{\"@context\":\"https:\/\/schema.org\",\"@graph\":[{\"@type\":\"WebPage\",\"@id\":\"https:\/\/tourcruiser.com\/fr\/products\/grade-school-air-jordan-4-retro-taupe-haze-dj6249-200\/\",\"url\":\"https:\/\/tourcruiser.com\/fr\/products\/grade-school-air-jordan-4-retro-taupe-haze-dj6249-200\/\",\"name\":\"(Grade School) Air Jordan 4 Retro 'Taupe Haze' DJ6249-200 - TOURCRUISER PTE. LTD\",\"isPartOf\":{\"@id\":\"\/#website\"},\"primaryImageOfPage\":{\"@id\":\"https:\/\/tourcruiser.com\/fr\/products\/grade-school-air-jordan-4-retro-taupe-haze-dj6249-200\/#primaryimage\"},\"image\":{\"@id\":\"https:\/\/tourcruiser.com\/fr\/products\/grade-school-air-jordan-4-retro-taupe-haze-dj6249-200\/#primaryimage\"},\"thumbnailUrl\":\"https:\/\/images.novelship.com\/product\/_grade_school__air_jordan_4_retro__taupe_haze__dj6_0_96646.jpeg;https:\/\/images.novelship.com\/product\/_grade_school__air_jordan_4_retro__taupe_haze__dj6_1_96647.jpeg;https:\/\/images.novelship.com\/product\/_grade_school__air_jordan_4_retro__taupe_haze__dj6_2_96647.jpeg;https:\/\/images.novelship.com\/product\/_grade_school__air_jordan_4_retro__taupe_haze__dj6_3_96647.jpeg;https:\/\/images.novelship.com\/product\/_grade_school__air_jordan_4_retro__taupe_haze__dj6_4_96647.jpeg;https:\/\/images.novelship.com\/product\/_grade_school__air_jordan_4_retro__taupe_haze__dj6_5_96647.jpeg;https:\/\/images.novelship.com\/product\/_grade_school__air_jordan_4_retro__taupe_haze__dj6_6_96647.jpeg;https:\/\/images.novelship.com\/product\/_grade_school__air_jordan_4_retro__taupe_haze__dj6_7_96647.jpeg\",\"datePublished\":\"2026-04-16T10:09:32+00:00\",\"dateModified\":\"2026-04-17T15:52:36+00:00\",\"breadcrumb\":{\"@id\":\"https:\/\/tourcruiser.com\/fr\/products\/grade-school-air-jordan-4-retro-taupe-haze-dj6249-200\/#breadcrumb\"},\"inLanguage\":\"fr-FR\",\"potentialAction\":[{\"@type\":\"ReadAction\",\"target\":[\"https:\/\/tourcruiser.com\/fr\/products\/grade-school-air-jordan-4-retro-taupe-haze-dj6249-200\/\"]}]},{\"@type\":\"ImageObject\",\"inLanguage\":\"fr-FR\",\"@id\":\"https:\/\/tourcruiser.com\/fr\/products\/grade-school-air-jordan-4-retro-taupe-haze-dj6249-200\/#primaryimage\",\"url\":\"https:\/\/images.novelship.com\/product\/_grade_school__air_jordan_4_retro__taupe_haze__dj6_0_96646.jpeg;https:\/\/images.novelship.com\/product\/_grade_school__air_jordan_4_retro__taupe_haze__dj6_1_96647.jpeg;https:\/\/images.novelship.com\/product\/_grade_school__air_jordan_4_retro__taupe_haze__dj6_2_96647.jpeg;https:\/\/images.novelship.com\/product\/_grade_school__air_jordan_4_retro__taupe_haze__dj6_3_96647.jpeg;https:\/\/images.novelship.com\/product\/_grade_school__air_jordan_4_retro__taupe_haze__dj6_4_96647.jpeg;https:\/\/images.novelship.com\/product\/_grade_school__air_jordan_4_retro__taupe_haze__dj6_5_96647.jpeg;https:\/\/images.novelship.com\/product\/_grade_school__air_jordan_4_retro__taupe_haze__dj6_6_96647.jpeg;https:\/\/images.novelship.com\/product\/_grade_school__air_jordan_4_retro__taupe_haze__dj6_7_96647.jpeg\",\"contentUrl\":\"https:\/\/images.novelship.com\/product\/_grade_school__air_jordan_4_retro__taupe_haze__dj6_0_96646.jpeg;https:\/\/images.novelship.com\/product\/_grade_school__air_jordan_4_retro__taupe_haze__dj6_1_96647.jpeg;https:\/\/images.novelship.com\/product\/_grade_school__air_jordan_4_retro__taupe_haze__dj6_2_96647.jpeg;https:\/\/images.novelship.com\/product\/_grade_school__air_jordan_4_retro__taupe_haze__dj6_3_96647.jpeg;https:\/\/images.novelship.com\/product\/_grade_school__air_jordan_4_retro__taupe_haze__dj6_4_96647.jpeg;https:\/\/images.novelship.com\/product\/_grade_school__air_jordan_4_retro__taupe_haze__dj6_5_96647.jpeg;https:\/\/images.novelship.com\/product\/_grade_school__air_jordan_4_retro__taupe_haze__dj6_6_96647.jpeg;https:\/\/images.novelship.com\/product\/_grade_school__air_jordan_4_retro__taupe_haze__dj6_7_96647.jpeg\"},{\"@type\":\"BreadcrumbList\",\"@id\":\"https:\/\/tourcruiser.com\/fr\/products\/grade-school-air-jordan-4-retro-taupe-haze-dj6249-200\/#breadcrumb\",\"itemListElement\":[{\"@type\":\"ListItem\",\"position\":1,\"name\":\"Home\",\"item\":\"https:\/\/tourcruiser.com\/fr\/\"},{\"@type\":\"ListItem\",\"position\":2,\"name\":\"Shop\",\"item\":\"https:\/\/tourcruiser.com\/fr\/shop\/\"},{\"@type\":\"ListItem\",\"position\":3,\"name\":\"(Grade School) Air Jordan 4 Retro &#8216;Taupe Haze&#8217; DJ6249-200\"}]},{\"@type\":\"WebSite\",\"@id\":\"\/#website\",\"url\":\"\/\",\"name\":\"Styloral Jewelry Shop\",\"description\":\"Tourcruiser Sneaker Store \u2014 L\u2019endroit o\u00f9 l\u2019univers rencontre votre singularit\u00e9.\",\"publisher\":{\"@id\":\"\/#organization\"},\"potentialAction\":[{\"@type\":\"SearchAction\",\"target\":{\"@type\":\"EntryPoint\",\"urlTemplate\":\"\/?s={search_term_string}\"},\"query-input\":{\"@type\":\"PropertyValueSpecification\",\"valueRequired\":true,\"valueName\":\"search_term_string\"}}],\"inLanguage\":\"fr-FR\"},{\"@type\":\"Organization\",\"@id\":\"\/#organization\",\"name\":\"STYLORAL PTE. LTD\",\"url\":\"\/\",\"logo\":{\"@type\":\"ImageObject\",\"inLanguage\":\"fr-FR\",\"@id\":\"\/#\/schema\/logo\/image\/\",\"url\":\"https:\/\/www.tourcruiser.com\/wp-content\/uploads\/2025\/12\/logo.png\",\"contentUrl\":\"https:\/\/www.tourcruiser.com\/wp-content\/uploads\/2025\/12\/logo.png\",\"width\":200,\"height\":65,\"caption\":\"STYLORAL PTE. LTD\"},\"image\":{\"@id\":\"\/#\/schema\/logo\/image\/\"}}]}<\/script>\n<!-- \/ Yoast SEO plugin. -->","yoast_head_json":{"title":"(Grade School) Air Jordan 4 Retro 'Taupe Haze' DJ6249-200 - TOURCRUISER PTE. LTD","robots":{"index":"index","follow":"follow","max-snippet":"max-snippet:-1","max-image-preview":"max-image-preview:large","max-video-preview":"max-video-preview:-1"},"canonical":"https:\/\/tourcruiser.com\/fr\/products\/grade-school-air-jordan-4-retro-taupe-haze-dj6249-200\/","og_locale":"fr_FR","og_type":"article","og_title":"(Grade School) Air Jordan 4 Retro 'Taupe Haze' DJ6249-200 - TOURCRUISER PTE. LTD","og_description":"Les sneakers Air Jordan 4 Retro Taupe Haze (GS) de Jordan sont un ajout styl\u00e9 et tendance \u00e0 votre collection. Leur design \u00e9pur\u00e9 et leur teinte taupe vous offrent un look moderne et unique. Gr\u00e2ce au logo iconique Air Jordan et \u00e0 leur confort exceptionnel, ces sneakers sont parfaites pour les loisirs comme pour le [&hellip;]","og_url":"https:\/\/tourcruiser.com\/fr\/products\/grade-school-air-jordan-4-retro-taupe-haze-dj6249-200\/","og_site_name":"Tourcruiser Sneaker Store","article_modified_time":"2026-04-17T15:52:36+00:00","twitter_card":"summary_large_image","twitter_image":"https:\/\/images.novelship.com\/product\/_grade_school__air_jordan_4_retro__taupe_haze__dj6_0_96646.jpeg;https:\/\/images.novelship.com\/product\/_grade_school__air_jordan_4_retro__taupe_haze__dj6_1_96647.jpeg;https:\/\/images.novelship.com\/product\/_grade_school__air_jordan_4_retro__taupe_haze__dj6_2_96647.jpeg;https:\/\/images.novelship.com\/product\/_grade_school__air_jordan_4_retro__taupe_haze__dj6_3_96647.jpeg;https:\/\/images.novelship.com\/product\/_grade_school__air_jordan_4_retro__taupe_haze__dj6_4_96647.jpeg;https:\/\/images.novelship.com\/product\/_grade_school__air_jordan_4_retro__taupe_haze__dj6_5_96647.jpeg;https:\/\/images.novelship.com\/product\/_grade_school__air_jordan_4_retro__taupe_haze__dj6_6_96647.jpeg;https:\/\/images.novelship.com\/product\/_grade_school__air_jordan_4_retro__taupe_haze__dj6_7_96647.jpeg","twitter_misc":{"Dur\u00e9e de lecture estim\u00e9e":"1 minute"},"schema":{"@context":"https:\/\/schema.org","@graph":[{"@type":"WebPage","@id":"https:\/\/tourcruiser.com\/fr\/products\/grade-school-air-jordan-4-retro-taupe-haze-dj6249-200\/","url":"https:\/\/tourcruiser.com\/fr\/products\/grade-school-air-jordan-4-retro-taupe-haze-dj6249-200\/","name":"(Grade School) Air Jordan 4 Retro 'Taupe Haze' DJ6249-200 - TOURCRUISER PTE. LTD","isPartOf":{"@id":"\/#website"},"primaryImageOfPage":{"@id":"https:\/\/tourcruiser.com\/fr\/products\/grade-school-air-jordan-4-retro-taupe-haze-dj6249-200\/#primaryimage"},"image":{"@id":"https:\/\/tourcruiser.com\/fr\/products\/grade-school-air-jordan-4-retro-taupe-haze-dj6249-200\/#primaryimage"},"thumbnailUrl":"https:\/\/images.novelship.com\/product\/_grade_school__air_jordan_4_retro__taupe_haze__dj6_0_96646.jpeg;https:\/\/images.novelship.com\/product\/_grade_school__air_jordan_4_retro__taupe_haze__dj6_1_96647.jpeg;https:\/\/images.novelship.com\/product\/_grade_school__air_jordan_4_retro__taupe_haze__dj6_2_96647.jpeg;https:\/\/images.novelship.com\/product\/_grade_school__air_jordan_4_retro__taupe_haze__dj6_3_96647.jpeg;https:\/\/images.novelship.com\/product\/_grade_school__air_jordan_4_retro__taupe_haze__dj6_4_96647.jpeg;https:\/\/images.novelship.com\/product\/_grade_school__air_jordan_4_retro__taupe_haze__dj6_5_96647.jpeg;https:\/\/images.novelship.com\/product\/_grade_school__air_jordan_4_retro__taupe_haze__dj6_6_96647.jpeg;https:\/\/images.novelship.com\/product\/_grade_school__air_jordan_4_retro__taupe_haze__dj6_7_96647.jpeg","datePublished":"2026-04-16T10:09:32+00:00","dateModified":"2026-04-17T15:52:36+00:00","breadcrumb":{"@id":"https:\/\/tourcruiser.com\/fr\/products\/grade-school-air-jordan-4-retro-taupe-haze-dj6249-200\/#breadcrumb"},"inLanguage":"fr-FR","potentialAction":[{"@type":"ReadAction","target":["https:\/\/tourcruiser.com\/fr\/products\/grade-school-air-jordan-4-retro-taupe-haze-dj6249-200\/"]}]},{"@type":"ImageObject","inLanguage":"fr-FR","@id":"https:\/\/tourcruiser.com\/fr\/products\/grade-school-air-jordan-4-retro-taupe-haze-dj6249-200\/#primaryimage","url":"https:\/\/images.novelship.com\/product\/_grade_school__air_jordan_4_retro__taupe_haze__dj6_0_96646.jpeg;https:\/\/images.novelship.com\/product\/_grade_school__air_jordan_4_retro__taupe_haze__dj6_1_96647.jpeg;https:\/\/images.novelship.com\/product\/_grade_school__air_jordan_4_retro__taupe_haze__dj6_2_96647.jpeg;https:\/\/images.novelship.com\/product\/_grade_school__air_jordan_4_retro__taupe_haze__dj6_3_96647.jpeg;https:\/\/images.novelship.com\/product\/_grade_school__air_jordan_4_retro__taupe_haze__dj6_4_96647.jpeg;https:\/\/images.novelship.com\/product\/_grade_school__air_jordan_4_retro__taupe_haze__dj6_5_96647.jpeg;https:\/\/images.novelship.com\/product\/_grade_school__air_jordan_4_retro__taupe_haze__dj6_6_96647.jpeg;https:\/\/images.novelship.com\/product\/_grade_school__air_jordan_4_retro__taupe_haze__dj6_7_96647.jpeg","contentUrl":"https:\/\/images.novelship.com\/product\/_grade_school__air_jordan_4_retro__taupe_haze__dj6_0_96646.jpeg;https:\/\/images.novelship.com\/product\/_grade_school__air_jordan_4_retro__taupe_haze__dj6_1_96647.jpeg;https:\/\/images.novelship.com\/product\/_grade_school__air_jordan_4_retro__taupe_haze__dj6_2_96647.jpeg;https:\/\/images.novelship.com\/product\/_grade_school__air_jordan_4_retro__taupe_haze__dj6_3_96647.jpeg;https:\/\/images.novelship.com\/product\/_grade_school__air_jordan_4_retro__taupe_haze__dj6_4_96647.jpeg;https:\/\/images.novelship.com\/product\/_grade_school__air_jordan_4_retro__taupe_haze__dj6_5_96647.jpeg;https:\/\/images.novelship.com\/product\/_grade_school__air_jordan_4_retro__taupe_haze__dj6_6_96647.jpeg;https:\/\/images.novelship.com\/product\/_grade_school__air_jordan_4_retro__taupe_haze__dj6_7_96647.jpeg"},{"@type":"BreadcrumbList","@id":"https:\/\/tourcruiser.com\/fr\/products\/grade-school-air-jordan-4-retro-taupe-haze-dj6249-200\/#breadcrumb","itemListElement":[{"@type":"ListItem","position":1,"name":"Home","item":"https:\/\/tourcruiser.com\/fr\/"},{"@type":"ListItem","position":2,"name":"Shop","item":"https:\/\/tourcruiser.com\/fr\/shop\/"},{"@type":"ListItem","position":3,"name":"(Grade School) Air Jordan 4 Retro &#8216;Taupe Haze&#8217; DJ6249-200"}]},{"@type":"WebSite","@id":"\/#website","url":"\/","name":"Styloral Jewelry Shop","description":"Tourcruiser Sneaker Store \u2014 L\u2019endroit o\u00f9 l\u2019univers rencontre votre singularit\u00e9.","publisher":{"@id":"\/#organization"},"potentialAction":[{"@type":"SearchAction","target":{"@type":"EntryPoint","urlTemplate":"\/?s={search_term_string}"},"query-input":{"@type":"PropertyValueSpecification","valueRequired":true,"valueName":"search_term_string"}}],"inLanguage":"fr-FR"},{"@type":"Organization","@id":"\/#organization","name":"STYLORAL PTE. LTD","url":"\/","logo":{"@type":"ImageObject","inLanguage":"fr-FR","@id":"\/#\/schema\/logo\/image\/","url":"https:\/\/www.tourcruiser.com\/wp-content\/uploads\/2025\/12\/logo.png","contentUrl":"https:\/\/www.tourcruiser.com\/wp-content\/uploads\/2025\/12\/logo.png","width":200,"height":65,"caption":"STYLORAL PTE. LTD"},"image":{"@id":"\/#\/schema\/logo\/image\/"}}]}},"_links":{"self":[{"href":"https:\/\/tourcruiser.com\/fr\/wp-json\/wp\/v2\/product\/761789","targetHints":{"allow":["GET"]}}],"collection":[{"href":"https:\/\/tourcruiser.com\/fr\/wp-json\/wp\/v2\/product"}],"about":[{"href":"https:\/\/tourcruiser.com\/fr\/wp-json\/wp\/v2\/types\/product"}],"replies":[{"embeddable":true,"href":"https:\/\/tourcruiser.com\/fr\/wp-json\/wp\/v2\/comments?post=761789"}],"wp:featuredmedia":[{"embeddable":true,"href":"https:\/\/tourcruiser.com\/fr\/wp-json\/wp\/v2\/media\/761790"}],"wp:attachment":[{"href":"https:\/\/tourcruiser.com\/fr\/wp-json\/wp\/v2\/media?parent=761789"}],"wp:term":[{"taxonomy":"product_brand","embeddable":true,"href":"https:\/\/tourcruiser.com\/fr\/wp-json\/wp\/v2\/product_brand?post=761789"},{"taxonomy":"product_cat","embeddable":true,"href":"https:\/\/tourcruiser.com\/fr\/wp-json\/wp\/v2\/product_cat?post=761789"},{"taxonomy":"product_tag","embeddable":true,"href":"https:\/\/tourcruiser.com\/fr\/wp-json\/wp\/v2\/product_tag?post=761789"}],"curies":[{"name":"wp","href":"https:\/\/api.w.org\/{rel}","templated":true}]}}