{"id":761759,"date":"2026-04-16T17:09:30","date_gmt":"2026-04-16T10:09:30","guid":{"rendered":"http:\/\/tourcruiser.com\/product\/grade-school-air-jordan-1-mid-se-swoosh-logogrey-camo-dd3235-100"},"modified":"2026-04-17T22:52:32","modified_gmt":"2026-04-17T15:52:32","slug":"grade-school-air-jordan-1-mid-se-swoosh-logogrey-camo-dd3235-100","status":"publish","type":"product","link":"https:\/\/tourcruiser.com\/fr\/products\/grade-school-air-jordan-1-mid-se-swoosh-logogrey-camo-dd3235-100\/","title":{"rendered":"(Grade School) Air Jordan 1 Mid SE &lsquo;Swoosh Logo &#8211; Grey Camo&rsquo; DD3235-100"},"content":{"rendered":"<p>La Air Jordan 1 Mid SE Swoosh Logo Gris Camouflage est une chaussure tendance sign\u00e9e Jordan. Son motif camouflage unique dans des tons de gris met en valeur le logo Swoosh embl\u00e9matique de la marque. Con\u00e7ue sp\u00e9cialement pour les jeunes, cette chaussure est id\u00e9ale pour tous ceux qui souhaitent se d\u00e9marquer avec un style branch\u00e9. Cette \u00e9l\u00e9gante chaussure blanche est un incontournable pour tous les fans de sneakers soucieux de leur mode.<\/p>\n<p>Coloris : Blanc\/Gris Poussi\u00e8re\/Brouillard<\/p>\n<p>Code article : DD3235-100<\/p>\n<p>Tige : Polyur\u00e9thane\/Cuir PU<\/p>\n<p>Semelle interm\u00e9diaire : Air<\/p>\n<p>Couleur : Blanc<\/p>\n<p>Designer : Peter Moore<\/p>\n<p>Saison : Automne<\/p>\n<p>Ann\u00e9e de sortie : 2020<\/p>\n<p>\u00c2ge : Adulte<\/p>\n<p>Couleur : Blanc<\/p>\n<p>Genre : Jeune<\/p>\n","protected":false},"excerpt":{"rendered":"<p>La Air Jordan 1 Mid SE Swoosh Logo Gris Camouflage est une chaussure tendance sign\u00e9e Jordan. Son motif camouflage unique dans des tons de gris met en valeur le logo Swoosh embl\u00e9matique de la marque. Con\u00e7ue sp\u00e9cialement pour les jeunes, cette chaussure est id\u00e9ale pour tous ceux qui souhaitent se d\u00e9marquer avec un style branch\u00e9. [&hellip;]<\/p>\n","protected":false},"featured_media":761760,"comment_status":"open","ping_status":"closed","template":"","meta":[],"product_brand":[],"product_cat":[38880],"product_tag":[10750,38988,10776,11349,38875,10756,39039],"class_list":{"0":"post-761759","1":"product","2":"type-product","3":"status-publish","4":"has-post-thumbnail","6":"product_cat-jordan","7":"product_tag-athleisure-shoes","8":"product_tag-casual-shoes-for-kids","9":"product_tag-jordan","10":"product_tag-jordan-basketball-shoes","11":"product_tag-jordan-skateboard-shoes","12":"product_tag-retro-casual-shoes","13":"product_tag-sneakers-for-kids","15":"first","16":"instock","17":"taxable","18":"shipping-taxable","19":"purchasable","20":"product-type-simple"},"wcpa_form_fields":null,"yoast_head":"<!-- This site is optimized with the Yoast SEO plugin v26.5 - https:\/\/yoast.com\/wordpress\/plugins\/seo\/ -->\n<title>(Grade School) Air Jordan 1 Mid SE &#039;Swoosh Logo - Grey Camo&#039; DD3235-100 - TOURCRUISER PTE. LTD<\/title>\n<meta name=\"robots\" content=\"index, follow, max-snippet:-1, max-image-preview:large, max-video-preview:-1\" \/>\n<link rel=\"canonical\" href=\"https:\/\/tourcruiser.com\/fr\/products\/grade-school-air-jordan-1-mid-se-swoosh-logogrey-camo-dd3235-100\/\" \/>\n<meta property=\"og:locale\" content=\"fr_FR\" \/>\n<meta property=\"og:type\" content=\"article\" \/>\n<meta property=\"og:title\" content=\"(Grade School) Air Jordan 1 Mid SE &#039;Swoosh Logo - Grey Camo&#039; DD3235-100 - TOURCRUISER PTE. LTD\" \/>\n<meta property=\"og:description\" content=\"La Air Jordan 1 Mid SE Swoosh Logo Gris Camouflage est une chaussure tendance sign\u00e9e Jordan. Son motif camouflage unique dans des tons de gris met en valeur le logo Swoosh embl\u00e9matique de la marque. Con\u00e7ue sp\u00e9cialement pour les jeunes, cette chaussure est id\u00e9ale pour tous ceux qui souhaitent se d\u00e9marquer avec un style branch\u00e9. [&hellip;]\" \/>\n<meta property=\"og:url\" content=\"https:\/\/tourcruiser.com\/fr\/products\/grade-school-air-jordan-1-mid-se-swoosh-logogrey-camo-dd3235-100\/\" \/>\n<meta property=\"og:site_name\" content=\"Tourcruiser Sneaker Store\" \/>\n<meta property=\"article:modified_time\" content=\"2026-04-17T15:52:32+00:00\" \/>\n<meta name=\"twitter:card\" content=\"summary_large_image\" \/>\n<meta name=\"twitter:image\" content=\"https:\/\/images.novelship.com\/product\/_grade_school__air_jordan_1_mid_se__swoosh_logo____0_22829.jpeg;https:\/\/images.novelship.com\/product\/_grade_school__air_jordan_1_mid_se__swoosh_logo____1_22829.jpeg;https:\/\/images.novelship.com\/product\/_grade_school__air_jordan_1_mid_se__swoosh_logo____2_22829.jpeg;https:\/\/images.novelship.com\/product\/_grade_school__air_jordan_1_mid_se__swoosh_logo____3_22829.jpeg;https:\/\/images.novelship.com\/product\/_grade_school__air_jordan_1_mid_se__swoosh_logo____4_22829.jpeg;https:\/\/images.novelship.com\/product\/_grade_school__air_jordan_1_mid_se__swoosh_logo____5_22829.jpeg;https:\/\/images.novelship.com\/product\/_grade_school__air_jordan_1_mid_se__swoosh_logo____6_22829.jpeg;https:\/\/images.novelship.com\/product\/_grade_school__air_jordan_1_mid_se__swoosh_logo____7_22829.jpeg\" \/>\n<meta name=\"twitter:label1\" content=\"Dur\u00e9e de lecture estim\u00e9e\" \/>\n\t<meta name=\"twitter:data1\" content=\"1 minute\" \/>\n<script type=\"application\/ld+json\" class=\"yoast-schema-graph\">{\"@context\":\"https:\/\/schema.org\",\"@graph\":[{\"@type\":\"WebPage\",\"@id\":\"https:\/\/tourcruiser.com\/fr\/products\/grade-school-air-jordan-1-mid-se-swoosh-logogrey-camo-dd3235-100\/\",\"url\":\"https:\/\/tourcruiser.com\/fr\/products\/grade-school-air-jordan-1-mid-se-swoosh-logogrey-camo-dd3235-100\/\",\"name\":\"(Grade School) Air Jordan 1 Mid SE 'Swoosh Logo - Grey Camo' DD3235-100 - TOURCRUISER PTE. LTD\",\"isPartOf\":{\"@id\":\"\/#website\"},\"primaryImageOfPage\":{\"@id\":\"https:\/\/tourcruiser.com\/fr\/products\/grade-school-air-jordan-1-mid-se-swoosh-logogrey-camo-dd3235-100\/#primaryimage\"},\"image\":{\"@id\":\"https:\/\/tourcruiser.com\/fr\/products\/grade-school-air-jordan-1-mid-se-swoosh-logogrey-camo-dd3235-100\/#primaryimage\"},\"thumbnailUrl\":\"https:\/\/images.novelship.com\/product\/_grade_school__air_jordan_1_mid_se__swoosh_logo____0_22829.jpeg;https:\/\/images.novelship.com\/product\/_grade_school__air_jordan_1_mid_se__swoosh_logo____1_22829.jpeg;https:\/\/images.novelship.com\/product\/_grade_school__air_jordan_1_mid_se__swoosh_logo____2_22829.jpeg;https:\/\/images.novelship.com\/product\/_grade_school__air_jordan_1_mid_se__swoosh_logo____3_22829.jpeg;https:\/\/images.novelship.com\/product\/_grade_school__air_jordan_1_mid_se__swoosh_logo____4_22829.jpeg;https:\/\/images.novelship.com\/product\/_grade_school__air_jordan_1_mid_se__swoosh_logo____5_22829.jpeg;https:\/\/images.novelship.com\/product\/_grade_school__air_jordan_1_mid_se__swoosh_logo____6_22829.jpeg;https:\/\/images.novelship.com\/product\/_grade_school__air_jordan_1_mid_se__swoosh_logo____7_22829.jpeg\",\"datePublished\":\"2026-04-16T10:09:30+00:00\",\"dateModified\":\"2026-04-17T15:52:32+00:00\",\"breadcrumb\":{\"@id\":\"https:\/\/tourcruiser.com\/fr\/products\/grade-school-air-jordan-1-mid-se-swoosh-logogrey-camo-dd3235-100\/#breadcrumb\"},\"inLanguage\":\"fr-FR\",\"potentialAction\":[{\"@type\":\"ReadAction\",\"target\":[\"https:\/\/tourcruiser.com\/fr\/products\/grade-school-air-jordan-1-mid-se-swoosh-logogrey-camo-dd3235-100\/\"]}]},{\"@type\":\"ImageObject\",\"inLanguage\":\"fr-FR\",\"@id\":\"https:\/\/tourcruiser.com\/fr\/products\/grade-school-air-jordan-1-mid-se-swoosh-logogrey-camo-dd3235-100\/#primaryimage\",\"url\":\"https:\/\/images.novelship.com\/product\/_grade_school__air_jordan_1_mid_se__swoosh_logo____0_22829.jpeg;https:\/\/images.novelship.com\/product\/_grade_school__air_jordan_1_mid_se__swoosh_logo____1_22829.jpeg;https:\/\/images.novelship.com\/product\/_grade_school__air_jordan_1_mid_se__swoosh_logo____2_22829.jpeg;https:\/\/images.novelship.com\/product\/_grade_school__air_jordan_1_mid_se__swoosh_logo____3_22829.jpeg;https:\/\/images.novelship.com\/product\/_grade_school__air_jordan_1_mid_se__swoosh_logo____4_22829.jpeg;https:\/\/images.novelship.com\/product\/_grade_school__air_jordan_1_mid_se__swoosh_logo____5_22829.jpeg;https:\/\/images.novelship.com\/product\/_grade_school__air_jordan_1_mid_se__swoosh_logo____6_22829.jpeg;https:\/\/images.novelship.com\/product\/_grade_school__air_jordan_1_mid_se__swoosh_logo____7_22829.jpeg\",\"contentUrl\":\"https:\/\/images.novelship.com\/product\/_grade_school__air_jordan_1_mid_se__swoosh_logo____0_22829.jpeg;https:\/\/images.novelship.com\/product\/_grade_school__air_jordan_1_mid_se__swoosh_logo____1_22829.jpeg;https:\/\/images.novelship.com\/product\/_grade_school__air_jordan_1_mid_se__swoosh_logo____2_22829.jpeg;https:\/\/images.novelship.com\/product\/_grade_school__air_jordan_1_mid_se__swoosh_logo____3_22829.jpeg;https:\/\/images.novelship.com\/product\/_grade_school__air_jordan_1_mid_se__swoosh_logo____4_22829.jpeg;https:\/\/images.novelship.com\/product\/_grade_school__air_jordan_1_mid_se__swoosh_logo____5_22829.jpeg;https:\/\/images.novelship.com\/product\/_grade_school__air_jordan_1_mid_se__swoosh_logo____6_22829.jpeg;https:\/\/images.novelship.com\/product\/_grade_school__air_jordan_1_mid_se__swoosh_logo____7_22829.jpeg\"},{\"@type\":\"BreadcrumbList\",\"@id\":\"https:\/\/tourcruiser.com\/fr\/products\/grade-school-air-jordan-1-mid-se-swoosh-logogrey-camo-dd3235-100\/#breadcrumb\",\"itemListElement\":[{\"@type\":\"ListItem\",\"position\":1,\"name\":\"Home\",\"item\":\"https:\/\/tourcruiser.com\/fr\/\"},{\"@type\":\"ListItem\",\"position\":2,\"name\":\"Shop\",\"item\":\"https:\/\/tourcruiser.com\/fr\/shop\/\"},{\"@type\":\"ListItem\",\"position\":3,\"name\":\"(Grade School) Air Jordan 1 Mid SE &#8216;Swoosh Logo &#8211; Grey Camo&#8217; DD3235-100\"}]},{\"@type\":\"WebSite\",\"@id\":\"\/#website\",\"url\":\"\/\",\"name\":\"Styloral Jewelry Shop\",\"description\":\"Tourcruiser Sneaker Store \u2014 L\u2019endroit o\u00f9 l\u2019univers rencontre votre singularit\u00e9.\",\"publisher\":{\"@id\":\"\/#organization\"},\"potentialAction\":[{\"@type\":\"SearchAction\",\"target\":{\"@type\":\"EntryPoint\",\"urlTemplate\":\"\/?s={search_term_string}\"},\"query-input\":{\"@type\":\"PropertyValueSpecification\",\"valueRequired\":true,\"valueName\":\"search_term_string\"}}],\"inLanguage\":\"fr-FR\"},{\"@type\":\"Organization\",\"@id\":\"\/#organization\",\"name\":\"STYLORAL PTE. LTD\",\"url\":\"\/\",\"logo\":{\"@type\":\"ImageObject\",\"inLanguage\":\"fr-FR\",\"@id\":\"\/#\/schema\/logo\/image\/\",\"url\":\"https:\/\/www.tourcruiser.com\/wp-content\/uploads\/2025\/12\/logo.png\",\"contentUrl\":\"https:\/\/www.tourcruiser.com\/wp-content\/uploads\/2025\/12\/logo.png\",\"width\":200,\"height\":65,\"caption\":\"STYLORAL PTE. LTD\"},\"image\":{\"@id\":\"\/#\/schema\/logo\/image\/\"}}]}<\/script>\n<!-- \/ Yoast SEO plugin. -->","yoast_head_json":{"title":"(Grade School) Air Jordan 1 Mid SE 'Swoosh Logo - Grey Camo' DD3235-100 - TOURCRUISER PTE. LTD","robots":{"index":"index","follow":"follow","max-snippet":"max-snippet:-1","max-image-preview":"max-image-preview:large","max-video-preview":"max-video-preview:-1"},"canonical":"https:\/\/tourcruiser.com\/fr\/products\/grade-school-air-jordan-1-mid-se-swoosh-logogrey-camo-dd3235-100\/","og_locale":"fr_FR","og_type":"article","og_title":"(Grade School) Air Jordan 1 Mid SE 'Swoosh Logo - Grey Camo' DD3235-100 - TOURCRUISER PTE. LTD","og_description":"La Air Jordan 1 Mid SE Swoosh Logo Gris Camouflage est une chaussure tendance sign\u00e9e Jordan. Son motif camouflage unique dans des tons de gris met en valeur le logo Swoosh embl\u00e9matique de la marque. Con\u00e7ue sp\u00e9cialement pour les jeunes, cette chaussure est id\u00e9ale pour tous ceux qui souhaitent se d\u00e9marquer avec un style branch\u00e9. [&hellip;]","og_url":"https:\/\/tourcruiser.com\/fr\/products\/grade-school-air-jordan-1-mid-se-swoosh-logogrey-camo-dd3235-100\/","og_site_name":"Tourcruiser Sneaker Store","article_modified_time":"2026-04-17T15:52:32+00:00","twitter_card":"summary_large_image","twitter_image":"https:\/\/images.novelship.com\/product\/_grade_school__air_jordan_1_mid_se__swoosh_logo____0_22829.jpeg;https:\/\/images.novelship.com\/product\/_grade_school__air_jordan_1_mid_se__swoosh_logo____1_22829.jpeg;https:\/\/images.novelship.com\/product\/_grade_school__air_jordan_1_mid_se__swoosh_logo____2_22829.jpeg;https:\/\/images.novelship.com\/product\/_grade_school__air_jordan_1_mid_se__swoosh_logo____3_22829.jpeg;https:\/\/images.novelship.com\/product\/_grade_school__air_jordan_1_mid_se__swoosh_logo____4_22829.jpeg;https:\/\/images.novelship.com\/product\/_grade_school__air_jordan_1_mid_se__swoosh_logo____5_22829.jpeg;https:\/\/images.novelship.com\/product\/_grade_school__air_jordan_1_mid_se__swoosh_logo____6_22829.jpeg;https:\/\/images.novelship.com\/product\/_grade_school__air_jordan_1_mid_se__swoosh_logo____7_22829.jpeg","twitter_misc":{"Dur\u00e9e de lecture estim\u00e9e":"1 minute"},"schema":{"@context":"https:\/\/schema.org","@graph":[{"@type":"WebPage","@id":"https:\/\/tourcruiser.com\/fr\/products\/grade-school-air-jordan-1-mid-se-swoosh-logogrey-camo-dd3235-100\/","url":"https:\/\/tourcruiser.com\/fr\/products\/grade-school-air-jordan-1-mid-se-swoosh-logogrey-camo-dd3235-100\/","name":"(Grade School) Air Jordan 1 Mid SE 'Swoosh Logo - Grey Camo' DD3235-100 - TOURCRUISER PTE. LTD","isPartOf":{"@id":"\/#website"},"primaryImageOfPage":{"@id":"https:\/\/tourcruiser.com\/fr\/products\/grade-school-air-jordan-1-mid-se-swoosh-logogrey-camo-dd3235-100\/#primaryimage"},"image":{"@id":"https:\/\/tourcruiser.com\/fr\/products\/grade-school-air-jordan-1-mid-se-swoosh-logogrey-camo-dd3235-100\/#primaryimage"},"thumbnailUrl":"https:\/\/images.novelship.com\/product\/_grade_school__air_jordan_1_mid_se__swoosh_logo____0_22829.jpeg;https:\/\/images.novelship.com\/product\/_grade_school__air_jordan_1_mid_se__swoosh_logo____1_22829.jpeg;https:\/\/images.novelship.com\/product\/_grade_school__air_jordan_1_mid_se__swoosh_logo____2_22829.jpeg;https:\/\/images.novelship.com\/product\/_grade_school__air_jordan_1_mid_se__swoosh_logo____3_22829.jpeg;https:\/\/images.novelship.com\/product\/_grade_school__air_jordan_1_mid_se__swoosh_logo____4_22829.jpeg;https:\/\/images.novelship.com\/product\/_grade_school__air_jordan_1_mid_se__swoosh_logo____5_22829.jpeg;https:\/\/images.novelship.com\/product\/_grade_school__air_jordan_1_mid_se__swoosh_logo____6_22829.jpeg;https:\/\/images.novelship.com\/product\/_grade_school__air_jordan_1_mid_se__swoosh_logo____7_22829.jpeg","datePublished":"2026-04-16T10:09:30+00:00","dateModified":"2026-04-17T15:52:32+00:00","breadcrumb":{"@id":"https:\/\/tourcruiser.com\/fr\/products\/grade-school-air-jordan-1-mid-se-swoosh-logogrey-camo-dd3235-100\/#breadcrumb"},"inLanguage":"fr-FR","potentialAction":[{"@type":"ReadAction","target":["https:\/\/tourcruiser.com\/fr\/products\/grade-school-air-jordan-1-mid-se-swoosh-logogrey-camo-dd3235-100\/"]}]},{"@type":"ImageObject","inLanguage":"fr-FR","@id":"https:\/\/tourcruiser.com\/fr\/products\/grade-school-air-jordan-1-mid-se-swoosh-logogrey-camo-dd3235-100\/#primaryimage","url":"https:\/\/images.novelship.com\/product\/_grade_school__air_jordan_1_mid_se__swoosh_logo____0_22829.jpeg;https:\/\/images.novelship.com\/product\/_grade_school__air_jordan_1_mid_se__swoosh_logo____1_22829.jpeg;https:\/\/images.novelship.com\/product\/_grade_school__air_jordan_1_mid_se__swoosh_logo____2_22829.jpeg;https:\/\/images.novelship.com\/product\/_grade_school__air_jordan_1_mid_se__swoosh_logo____3_22829.jpeg;https:\/\/images.novelship.com\/product\/_grade_school__air_jordan_1_mid_se__swoosh_logo____4_22829.jpeg;https:\/\/images.novelship.com\/product\/_grade_school__air_jordan_1_mid_se__swoosh_logo____5_22829.jpeg;https:\/\/images.novelship.com\/product\/_grade_school__air_jordan_1_mid_se__swoosh_logo____6_22829.jpeg;https:\/\/images.novelship.com\/product\/_grade_school__air_jordan_1_mid_se__swoosh_logo____7_22829.jpeg","contentUrl":"https:\/\/images.novelship.com\/product\/_grade_school__air_jordan_1_mid_se__swoosh_logo____0_22829.jpeg;https:\/\/images.novelship.com\/product\/_grade_school__air_jordan_1_mid_se__swoosh_logo____1_22829.jpeg;https:\/\/images.novelship.com\/product\/_grade_school__air_jordan_1_mid_se__swoosh_logo____2_22829.jpeg;https:\/\/images.novelship.com\/product\/_grade_school__air_jordan_1_mid_se__swoosh_logo____3_22829.jpeg;https:\/\/images.novelship.com\/product\/_grade_school__air_jordan_1_mid_se__swoosh_logo____4_22829.jpeg;https:\/\/images.novelship.com\/product\/_grade_school__air_jordan_1_mid_se__swoosh_logo____5_22829.jpeg;https:\/\/images.novelship.com\/product\/_grade_school__air_jordan_1_mid_se__swoosh_logo____6_22829.jpeg;https:\/\/images.novelship.com\/product\/_grade_school__air_jordan_1_mid_se__swoosh_logo____7_22829.jpeg"},{"@type":"BreadcrumbList","@id":"https:\/\/tourcruiser.com\/fr\/products\/grade-school-air-jordan-1-mid-se-swoosh-logogrey-camo-dd3235-100\/#breadcrumb","itemListElement":[{"@type":"ListItem","position":1,"name":"Home","item":"https:\/\/tourcruiser.com\/fr\/"},{"@type":"ListItem","position":2,"name":"Shop","item":"https:\/\/tourcruiser.com\/fr\/shop\/"},{"@type":"ListItem","position":3,"name":"(Grade School) Air Jordan 1 Mid SE &#8216;Swoosh Logo &#8211; Grey Camo&#8217; DD3235-100"}]},{"@type":"WebSite","@id":"\/#website","url":"\/","name":"Styloral Jewelry Shop","description":"Tourcruiser Sneaker Store \u2014 L\u2019endroit o\u00f9 l\u2019univers rencontre votre singularit\u00e9.","publisher":{"@id":"\/#organization"},"potentialAction":[{"@type":"SearchAction","target":{"@type":"EntryPoint","urlTemplate":"\/?s={search_term_string}"},"query-input":{"@type":"PropertyValueSpecification","valueRequired":true,"valueName":"search_term_string"}}],"inLanguage":"fr-FR"},{"@type":"Organization","@id":"\/#organization","name":"STYLORAL PTE. LTD","url":"\/","logo":{"@type":"ImageObject","inLanguage":"fr-FR","@id":"\/#\/schema\/logo\/image\/","url":"https:\/\/www.tourcruiser.com\/wp-content\/uploads\/2025\/12\/logo.png","contentUrl":"https:\/\/www.tourcruiser.com\/wp-content\/uploads\/2025\/12\/logo.png","width":200,"height":65,"caption":"STYLORAL PTE. LTD"},"image":{"@id":"\/#\/schema\/logo\/image\/"}}]}},"_links":{"self":[{"href":"https:\/\/tourcruiser.com\/fr\/wp-json\/wp\/v2\/product\/761759","targetHints":{"allow":["GET"]}}],"collection":[{"href":"https:\/\/tourcruiser.com\/fr\/wp-json\/wp\/v2\/product"}],"about":[{"href":"https:\/\/tourcruiser.com\/fr\/wp-json\/wp\/v2\/types\/product"}],"replies":[{"embeddable":true,"href":"https:\/\/tourcruiser.com\/fr\/wp-json\/wp\/v2\/comments?post=761759"}],"wp:featuredmedia":[{"embeddable":true,"href":"https:\/\/tourcruiser.com\/fr\/wp-json\/wp\/v2\/media\/761760"}],"wp:attachment":[{"href":"https:\/\/tourcruiser.com\/fr\/wp-json\/wp\/v2\/media?parent=761759"}],"wp:term":[{"taxonomy":"product_brand","embeddable":true,"href":"https:\/\/tourcruiser.com\/fr\/wp-json\/wp\/v2\/product_brand?post=761759"},{"taxonomy":"product_cat","embeddable":true,"href":"https:\/\/tourcruiser.com\/fr\/wp-json\/wp\/v2\/product_cat?post=761759"},{"taxonomy":"product_tag","embeddable":true,"href":"https:\/\/tourcruiser.com\/fr\/wp-json\/wp\/v2\/product_tag?post=761759"}],"curies":[{"name":"wp","href":"https:\/\/api.w.org\/{rel}","templated":true}]}}