{"id":761668,"date":"2026-04-16T17:09:27","date_gmt":"2026-04-16T10:09:27","guid":{"rendered":"http:\/\/tourcruiser.com\/product\/notitle-x-adidas-samba-og-pink-ig4198"},"modified":"2026-04-17T22:52:24","modified_gmt":"2026-04-17T15:52:24","slug":"notitle-x-adidas-samba-og-pink-ig4198","status":"publish","type":"product","link":"https:\/\/tourcruiser.com\/fr\/products\/notitle-x-adidas-samba-og-pink-ig4198\/","title":{"rendered":"notitle x adidas Samba OG &lsquo;Pink&rsquo; IG4198"},"content":{"rendered":"<p>Affirmez votre style avec l&#8217;embl\u00e9matique adidas Samba OG \u00ab\u00a0Pink\u00a0\u00bb IG4198. Cette sneaker, avec son empeigne en daim rose \u00e9clatant, allie style et confort. Son bout en T classique et sa semelle en caoutchouc lui conf\u00e8rent un look intemporel qui ne passera pas inaper\u00e7u. Gr\u00e2ce \u00e0 son excellent amorti et sa doublure respirante, la Samba OG \u00ab\u00a0Pink\u00a0\u00bb offre un confort in\u00e9gal\u00e9, id\u00e9al pour les longues journ\u00e9es debout. Affirmez votre style avec ces sneakers adidas \u00e0 la fois \u00e9l\u00e9gantes et fonctionnelles.<\/p>\n<p>Coloris\u00a0: Rose\/Marine\/Gomme claire<\/p>\n<p>Code article\u00a0: IG4198<\/p>\n<p>Mati\u00e8re ext\u00e9rieure\u00a0: Daim<\/p>\n<p>Couleur\u00a0: Rose<\/p>\n<p>Ann\u00e9e de sortie\u00a0: 2023<\/p>\n<p>\u00c2ge\u00a0: Adulte<\/p>\n<p>Couleur\u00a0: Rose<\/p>\n<p>Genre\u00a0: Homme<\/p>\n","protected":false},"excerpt":{"rendered":"<p>Affirmez votre style avec l&#8217;embl\u00e9matique adidas Samba OG \u00ab\u00a0Pink\u00a0\u00bb IG4198. Cette sneaker, avec son empeigne en daim rose \u00e9clatant, allie style et confort. Son bout en T classique et sa semelle en caoutchouc lui conf\u00e8rent un look intemporel qui ne passera pas inaper\u00e7u. Gr\u00e2ce \u00e0 son excellent amorti et sa doublure respirante, la Samba OG [&hellip;]<\/p>\n","protected":false},"featured_media":761669,"comment_status":"open","ping_status":"closed","template":"","meta":[],"product_brand":[],"product_cat":[10760],"product_tag":[10759,38892,10750,38841,38878,38842,32645,10756],"class_list":{"0":"post-761668","1":"product","2":"type-product","3":"status-publish","4":"has-post-thumbnail","6":"product_cat-adidas","7":"product_tag-adidas","8":"product_tag-adidas-skateboard-shoes","9":"product_tag-athleisure-shoes","10":"product_tag-casual-shoes","11":"product_tag-current-offers","12":"product_tag-gift-idea-for-him","13":"product_tag-lifestyle-shoes-football-inspired","14":"product_tag-retro-casual-shoes","15":"wcpa_has_options","17":"first","18":"instock","19":"taxable","20":"shipping-taxable","21":"purchasable","22":"product-type-simple"},"wcpa_form_fields":{"rules":{"pric_overide_base_price":false,"pric_overide_base_price_if_gt_zero":false,"pric_overide_base_price_fully":false,"pric_cal_option_once":false,"pric_use_as_fee":false,"bind_quantity":false,"quantity_bind_formula":false},"fields":[{"type":"color-group","required":true,"elementId":"wcpa-color-group-66c4a7f817afe","label":"Taille","inline":true,"priceOptions":"different_for_all","pricingType":"fixed","className":"hassizechart product-shoes-size-eu product-shoes-size","name":"color-group-66c4a7f817b18","disp_type":"square","selection_type":"tick-border","disp_size":"50","show_label_inside":true,"adjust_width":true,"cart_display_type":"text","other_text":"Other","cl_rule":"show","col":6,"values":[{"label":"35","value":"EU 35","price":"","pimage":"","pimage_id":"","pthumb":"","color":""},{"label":"35.5","value":"EU 35.5","price":"","pimage":"","pimage_id":"","pthumb":"","color":""},{"label":"36","value":"EU 36","price":"","pimage":"","pimage_id":"","pthumb":"","color":"","selected":true},{"label":"36 2\/3","value":"EU 36 2\/3","price":"","pimage":"","pimage_id":"","pthumb":"","color":""},{"label":"37 1\/3","value":"EU 37 1\/3","price":"","pimage":"","pimage_id":"","pthumb":"","color":""},{"label":"38","value":"EU 38","price":"","pimage":"","pimage_id":"","pthumb":"","color":""},{"label":"38 2\/3","value":"EU 38 2\/3","price":"","pimage":"","pimage_id":"","pthumb":"","color":""},{"label":"39 1\/3","value":"EU 39 1\/3","price":"","pimage":"","pimage_id":"","pthumb":"","color":""},{"label":"40","value":"EU 40","price":"","pimage":"","pimage_id":"","pthumb":"","color":""},{"label":"40 2\/3","value":"EU 40 2\/3","price":"","pimage":"","pimage_id":"","pthumb":"","color":""},{"label":"41 1\/3","value":"EU 41 1\/3","price":"","pimage":"","pimage_id":"","pthumb":"","color":""},{"label":"42","value":"EU 42","price":"","pimage":"","pimage_id":"","pthumb":"","color":""},{"label":"42 2\/3","value":"EU 42 2\/3","price":"","pimage":"","pimage_id":"","pthumb":"","color":""},{"label":"43 1\/3","value":"EU 43 1\/3","price":"","pimage":"","pimage_id":"","pthumb":"","color":""},{"label":"44","value":"EU 44","price":"","pimage":"","pimage_id":"","pthumb":"","color":""},{"label":"44 2\/3","value":"EU 44 2\/3","price":"","pimage":"","pimage_id":"","pthumb":"","color":""},{"label":"45 1\/3","value":"EU 45 1\/3","price":"","pimage":"","pimage_id":"","pthumb":"","color":""},{"label":"46","value":"EU 46","price":"","pimage":"","pimage_id":"","pthumb":"","color":""},{"label":"46 2\/3","value":"EU 46 2\/3","price":"","pimage":"","pimage_id":"","pthumb":"","color":""},{"label":"47 1\/3","value":"EU 47 1\/3","price":"","pimage":"","pimage_id":"","pthumb":"","color":""}],"relations":[{"operator":false,"rules":[]}],"form_id":24802,"form_rules":{"pric_cal_option_once":false,"exclude_from_discount":false,"pric_use_as_fee":false,"fee_label":"Fee","render_after_acb":false,"disp_hide_options_price":false}}]},"yoast_head":"<!-- This site is optimized with the Yoast SEO plugin v26.5 - https:\/\/yoast.com\/wordpress\/plugins\/seo\/ -->\n<title>notitle x adidas Samba OG &#039;Pink&#039; IG4198 - TOURCRUISER PTE. LTD<\/title>\n<meta name=\"robots\" content=\"index, follow, max-snippet:-1, max-image-preview:large, max-video-preview:-1\" \/>\n<link rel=\"canonical\" href=\"https:\/\/tourcruiser.com\/fr\/products\/notitle-x-adidas-samba-og-pink-ig4198\/\" \/>\n<meta property=\"og:locale\" content=\"fr_FR\" \/>\n<meta property=\"og:type\" content=\"article\" \/>\n<meta property=\"og:title\" content=\"notitle x adidas Samba OG &#039;Pink&#039; IG4198 - TOURCRUISER PTE. LTD\" \/>\n<meta property=\"og:description\" content=\"Affirmez votre style avec l&#8217;embl\u00e9matique adidas Samba OG \u00ab\u00a0Pink\u00a0\u00bb IG4198. Cette sneaker, avec son empeigne en daim rose \u00e9clatant, allie style et confort. Son bout en T classique et sa semelle en caoutchouc lui conf\u00e8rent un look intemporel qui ne passera pas inaper\u00e7u. Gr\u00e2ce \u00e0 son excellent amorti et sa doublure respirante, la Samba OG [&hellip;]\" \/>\n<meta property=\"og:url\" content=\"https:\/\/tourcruiser.com\/fr\/products\/notitle-x-adidas-samba-og-pink-ig4198\/\" \/>\n<meta property=\"og:site_name\" content=\"Tourcruiser Sneaker Store\" \/>\n<meta property=\"article:modified_time\" content=\"2026-04-17T15:52:24+00:00\" \/>\n<meta name=\"twitter:card\" content=\"summary_large_image\" \/>\n<meta name=\"twitter:image\" content=\"https:\/\/images.novelship.com\/product\/notitle_x_adidas_samba_og__pink__ig4198_0_39841.jpeg;https:\/\/images.novelship.com\/product\/notitle_x_adidas_samba_og__pink__ig4198_1_39841.jpeg;https:\/\/images.novelship.com\/product\/notitle_x_adidas_samba_og__pink__ig4198_2_39841.jpeg;https:\/\/images.novelship.com\/product\/notitle_x_adidas_samba_og__pink__ig4198_3_39841.jpeg;https:\/\/images.novelship.com\/product\/notitle_x_adidas_samba_og__pink__ig4198_4_39841.jpeg;https:\/\/images.novelship.com\/product\/notitle_x_adidas_samba_og__pink__ig4198_5_39841.jpeg;https:\/\/images.novelship.com\/product\/notitle_x_adidas_samba_og__pink__ig4198_6_39841.jpeg;https:\/\/images.novelship.com\/product\/notitle_x_adidas_samba_og__pink__ig4198_7_39841.jpeg\" \/>\n<meta name=\"twitter:label1\" content=\"Dur\u00e9e de lecture estim\u00e9e\" \/>\n\t<meta name=\"twitter:data1\" content=\"1 minute\" \/>\n<script type=\"application\/ld+json\" class=\"yoast-schema-graph\">{\"@context\":\"https:\/\/schema.org\",\"@graph\":[{\"@type\":\"WebPage\",\"@id\":\"https:\/\/tourcruiser.com\/fr\/products\/notitle-x-adidas-samba-og-pink-ig4198\/\",\"url\":\"https:\/\/tourcruiser.com\/fr\/products\/notitle-x-adidas-samba-og-pink-ig4198\/\",\"name\":\"notitle x adidas Samba OG 'Pink' IG4198 - TOURCRUISER PTE. LTD\",\"isPartOf\":{\"@id\":\"\/#website\"},\"primaryImageOfPage\":{\"@id\":\"https:\/\/tourcruiser.com\/fr\/products\/notitle-x-adidas-samba-og-pink-ig4198\/#primaryimage\"},\"image\":{\"@id\":\"https:\/\/tourcruiser.com\/fr\/products\/notitle-x-adidas-samba-og-pink-ig4198\/#primaryimage\"},\"thumbnailUrl\":\"https:\/\/images.novelship.com\/product\/notitle_x_adidas_samba_og__pink__ig4198_0_39841.jpeg;https:\/\/images.novelship.com\/product\/notitle_x_adidas_samba_og__pink__ig4198_1_39841.jpeg;https:\/\/images.novelship.com\/product\/notitle_x_adidas_samba_og__pink__ig4198_2_39841.jpeg;https:\/\/images.novelship.com\/product\/notitle_x_adidas_samba_og__pink__ig4198_3_39841.jpeg;https:\/\/images.novelship.com\/product\/notitle_x_adidas_samba_og__pink__ig4198_4_39841.jpeg;https:\/\/images.novelship.com\/product\/notitle_x_adidas_samba_og__pink__ig4198_5_39841.jpeg;https:\/\/images.novelship.com\/product\/notitle_x_adidas_samba_og__pink__ig4198_6_39841.jpeg;https:\/\/images.novelship.com\/product\/notitle_x_adidas_samba_og__pink__ig4198_7_39841.jpeg\",\"datePublished\":\"2026-04-16T10:09:27+00:00\",\"dateModified\":\"2026-04-17T15:52:24+00:00\",\"breadcrumb\":{\"@id\":\"https:\/\/tourcruiser.com\/fr\/products\/notitle-x-adidas-samba-og-pink-ig4198\/#breadcrumb\"},\"inLanguage\":\"fr-FR\",\"potentialAction\":[{\"@type\":\"ReadAction\",\"target\":[\"https:\/\/tourcruiser.com\/fr\/products\/notitle-x-adidas-samba-og-pink-ig4198\/\"]}]},{\"@type\":\"ImageObject\",\"inLanguage\":\"fr-FR\",\"@id\":\"https:\/\/tourcruiser.com\/fr\/products\/notitle-x-adidas-samba-og-pink-ig4198\/#primaryimage\",\"url\":\"https:\/\/images.novelship.com\/product\/notitle_x_adidas_samba_og__pink__ig4198_0_39841.jpeg;https:\/\/images.novelship.com\/product\/notitle_x_adidas_samba_og__pink__ig4198_1_39841.jpeg;https:\/\/images.novelship.com\/product\/notitle_x_adidas_samba_og__pink__ig4198_2_39841.jpeg;https:\/\/images.novelship.com\/product\/notitle_x_adidas_samba_og__pink__ig4198_3_39841.jpeg;https:\/\/images.novelship.com\/product\/notitle_x_adidas_samba_og__pink__ig4198_4_39841.jpeg;https:\/\/images.novelship.com\/product\/notitle_x_adidas_samba_og__pink__ig4198_5_39841.jpeg;https:\/\/images.novelship.com\/product\/notitle_x_adidas_samba_og__pink__ig4198_6_39841.jpeg;https:\/\/images.novelship.com\/product\/notitle_x_adidas_samba_og__pink__ig4198_7_39841.jpeg\",\"contentUrl\":\"https:\/\/images.novelship.com\/product\/notitle_x_adidas_samba_og__pink__ig4198_0_39841.jpeg;https:\/\/images.novelship.com\/product\/notitle_x_adidas_samba_og__pink__ig4198_1_39841.jpeg;https:\/\/images.novelship.com\/product\/notitle_x_adidas_samba_og__pink__ig4198_2_39841.jpeg;https:\/\/images.novelship.com\/product\/notitle_x_adidas_samba_og__pink__ig4198_3_39841.jpeg;https:\/\/images.novelship.com\/product\/notitle_x_adidas_samba_og__pink__ig4198_4_39841.jpeg;https:\/\/images.novelship.com\/product\/notitle_x_adidas_samba_og__pink__ig4198_5_39841.jpeg;https:\/\/images.novelship.com\/product\/notitle_x_adidas_samba_og__pink__ig4198_6_39841.jpeg;https:\/\/images.novelship.com\/product\/notitle_x_adidas_samba_og__pink__ig4198_7_39841.jpeg\"},{\"@type\":\"BreadcrumbList\",\"@id\":\"https:\/\/tourcruiser.com\/fr\/products\/notitle-x-adidas-samba-og-pink-ig4198\/#breadcrumb\",\"itemListElement\":[{\"@type\":\"ListItem\",\"position\":1,\"name\":\"Home\",\"item\":\"https:\/\/tourcruiser.com\/fr\/\"},{\"@type\":\"ListItem\",\"position\":2,\"name\":\"Shop\",\"item\":\"https:\/\/tourcruiser.com\/fr\/shop\/\"},{\"@type\":\"ListItem\",\"position\":3,\"name\":\"notitle x adidas Samba OG &#8216;Pink&#8217; IG4198\"}]},{\"@type\":\"WebSite\",\"@id\":\"\/#website\",\"url\":\"\/\",\"name\":\"Styloral Jewelry Shop\",\"description\":\"Tourcruiser Sneaker Store \u2014 L\u2019endroit o\u00f9 l\u2019univers rencontre votre singularit\u00e9.\",\"publisher\":{\"@id\":\"\/#organization\"},\"potentialAction\":[{\"@type\":\"SearchAction\",\"target\":{\"@type\":\"EntryPoint\",\"urlTemplate\":\"\/?s={search_term_string}\"},\"query-input\":{\"@type\":\"PropertyValueSpecification\",\"valueRequired\":true,\"valueName\":\"search_term_string\"}}],\"inLanguage\":\"fr-FR\"},{\"@type\":\"Organization\",\"@id\":\"\/#organization\",\"name\":\"STYLORAL PTE. LTD\",\"url\":\"\/\",\"logo\":{\"@type\":\"ImageObject\",\"inLanguage\":\"fr-FR\",\"@id\":\"\/#\/schema\/logo\/image\/\",\"url\":\"https:\/\/www.tourcruiser.com\/wp-content\/uploads\/2025\/12\/logo.png\",\"contentUrl\":\"https:\/\/www.tourcruiser.com\/wp-content\/uploads\/2025\/12\/logo.png\",\"width\":200,\"height\":65,\"caption\":\"STYLORAL PTE. LTD\"},\"image\":{\"@id\":\"\/#\/schema\/logo\/image\/\"}}]}<\/script>\n<!-- \/ Yoast SEO plugin. -->","yoast_head_json":{"title":"notitle x adidas Samba OG 'Pink' IG4198 - TOURCRUISER PTE. LTD","robots":{"index":"index","follow":"follow","max-snippet":"max-snippet:-1","max-image-preview":"max-image-preview:large","max-video-preview":"max-video-preview:-1"},"canonical":"https:\/\/tourcruiser.com\/fr\/products\/notitle-x-adidas-samba-og-pink-ig4198\/","og_locale":"fr_FR","og_type":"article","og_title":"notitle x adidas Samba OG 'Pink' IG4198 - TOURCRUISER PTE. LTD","og_description":"Affirmez votre style avec l&#8217;embl\u00e9matique adidas Samba OG \u00ab\u00a0Pink\u00a0\u00bb IG4198. Cette sneaker, avec son empeigne en daim rose \u00e9clatant, allie style et confort. Son bout en T classique et sa semelle en caoutchouc lui conf\u00e8rent un look intemporel qui ne passera pas inaper\u00e7u. Gr\u00e2ce \u00e0 son excellent amorti et sa doublure respirante, la Samba OG [&hellip;]","og_url":"https:\/\/tourcruiser.com\/fr\/products\/notitle-x-adidas-samba-og-pink-ig4198\/","og_site_name":"Tourcruiser Sneaker Store","article_modified_time":"2026-04-17T15:52:24+00:00","twitter_card":"summary_large_image","twitter_image":"https:\/\/images.novelship.com\/product\/notitle_x_adidas_samba_og__pink__ig4198_0_39841.jpeg;https:\/\/images.novelship.com\/product\/notitle_x_adidas_samba_og__pink__ig4198_1_39841.jpeg;https:\/\/images.novelship.com\/product\/notitle_x_adidas_samba_og__pink__ig4198_2_39841.jpeg;https:\/\/images.novelship.com\/product\/notitle_x_adidas_samba_og__pink__ig4198_3_39841.jpeg;https:\/\/images.novelship.com\/product\/notitle_x_adidas_samba_og__pink__ig4198_4_39841.jpeg;https:\/\/images.novelship.com\/product\/notitle_x_adidas_samba_og__pink__ig4198_5_39841.jpeg;https:\/\/images.novelship.com\/product\/notitle_x_adidas_samba_og__pink__ig4198_6_39841.jpeg;https:\/\/images.novelship.com\/product\/notitle_x_adidas_samba_og__pink__ig4198_7_39841.jpeg","twitter_misc":{"Dur\u00e9e de lecture estim\u00e9e":"1 minute"},"schema":{"@context":"https:\/\/schema.org","@graph":[{"@type":"WebPage","@id":"https:\/\/tourcruiser.com\/fr\/products\/notitle-x-adidas-samba-og-pink-ig4198\/","url":"https:\/\/tourcruiser.com\/fr\/products\/notitle-x-adidas-samba-og-pink-ig4198\/","name":"notitle x adidas Samba OG 'Pink' IG4198 - TOURCRUISER PTE. LTD","isPartOf":{"@id":"\/#website"},"primaryImageOfPage":{"@id":"https:\/\/tourcruiser.com\/fr\/products\/notitle-x-adidas-samba-og-pink-ig4198\/#primaryimage"},"image":{"@id":"https:\/\/tourcruiser.com\/fr\/products\/notitle-x-adidas-samba-og-pink-ig4198\/#primaryimage"},"thumbnailUrl":"https:\/\/images.novelship.com\/product\/notitle_x_adidas_samba_og__pink__ig4198_0_39841.jpeg;https:\/\/images.novelship.com\/product\/notitle_x_adidas_samba_og__pink__ig4198_1_39841.jpeg;https:\/\/images.novelship.com\/product\/notitle_x_adidas_samba_og__pink__ig4198_2_39841.jpeg;https:\/\/images.novelship.com\/product\/notitle_x_adidas_samba_og__pink__ig4198_3_39841.jpeg;https:\/\/images.novelship.com\/product\/notitle_x_adidas_samba_og__pink__ig4198_4_39841.jpeg;https:\/\/images.novelship.com\/product\/notitle_x_adidas_samba_og__pink__ig4198_5_39841.jpeg;https:\/\/images.novelship.com\/product\/notitle_x_adidas_samba_og__pink__ig4198_6_39841.jpeg;https:\/\/images.novelship.com\/product\/notitle_x_adidas_samba_og__pink__ig4198_7_39841.jpeg","datePublished":"2026-04-16T10:09:27+00:00","dateModified":"2026-04-17T15:52:24+00:00","breadcrumb":{"@id":"https:\/\/tourcruiser.com\/fr\/products\/notitle-x-adidas-samba-og-pink-ig4198\/#breadcrumb"},"inLanguage":"fr-FR","potentialAction":[{"@type":"ReadAction","target":["https:\/\/tourcruiser.com\/fr\/products\/notitle-x-adidas-samba-og-pink-ig4198\/"]}]},{"@type":"ImageObject","inLanguage":"fr-FR","@id":"https:\/\/tourcruiser.com\/fr\/products\/notitle-x-adidas-samba-og-pink-ig4198\/#primaryimage","url":"https:\/\/images.novelship.com\/product\/notitle_x_adidas_samba_og__pink__ig4198_0_39841.jpeg;https:\/\/images.novelship.com\/product\/notitle_x_adidas_samba_og__pink__ig4198_1_39841.jpeg;https:\/\/images.novelship.com\/product\/notitle_x_adidas_samba_og__pink__ig4198_2_39841.jpeg;https:\/\/images.novelship.com\/product\/notitle_x_adidas_samba_og__pink__ig4198_3_39841.jpeg;https:\/\/images.novelship.com\/product\/notitle_x_adidas_samba_og__pink__ig4198_4_39841.jpeg;https:\/\/images.novelship.com\/product\/notitle_x_adidas_samba_og__pink__ig4198_5_39841.jpeg;https:\/\/images.novelship.com\/product\/notitle_x_adidas_samba_og__pink__ig4198_6_39841.jpeg;https:\/\/images.novelship.com\/product\/notitle_x_adidas_samba_og__pink__ig4198_7_39841.jpeg","contentUrl":"https:\/\/images.novelship.com\/product\/notitle_x_adidas_samba_og__pink__ig4198_0_39841.jpeg;https:\/\/images.novelship.com\/product\/notitle_x_adidas_samba_og__pink__ig4198_1_39841.jpeg;https:\/\/images.novelship.com\/product\/notitle_x_adidas_samba_og__pink__ig4198_2_39841.jpeg;https:\/\/images.novelship.com\/product\/notitle_x_adidas_samba_og__pink__ig4198_3_39841.jpeg;https:\/\/images.novelship.com\/product\/notitle_x_adidas_samba_og__pink__ig4198_4_39841.jpeg;https:\/\/images.novelship.com\/product\/notitle_x_adidas_samba_og__pink__ig4198_5_39841.jpeg;https:\/\/images.novelship.com\/product\/notitle_x_adidas_samba_og__pink__ig4198_6_39841.jpeg;https:\/\/images.novelship.com\/product\/notitle_x_adidas_samba_og__pink__ig4198_7_39841.jpeg"},{"@type":"BreadcrumbList","@id":"https:\/\/tourcruiser.com\/fr\/products\/notitle-x-adidas-samba-og-pink-ig4198\/#breadcrumb","itemListElement":[{"@type":"ListItem","position":1,"name":"Home","item":"https:\/\/tourcruiser.com\/fr\/"},{"@type":"ListItem","position":2,"name":"Shop","item":"https:\/\/tourcruiser.com\/fr\/shop\/"},{"@type":"ListItem","position":3,"name":"notitle x adidas Samba OG &#8216;Pink&#8217; IG4198"}]},{"@type":"WebSite","@id":"\/#website","url":"\/","name":"Styloral Jewelry Shop","description":"Tourcruiser Sneaker Store \u2014 L\u2019endroit o\u00f9 l\u2019univers rencontre votre singularit\u00e9.","publisher":{"@id":"\/#organization"},"potentialAction":[{"@type":"SearchAction","target":{"@type":"EntryPoint","urlTemplate":"\/?s={search_term_string}"},"query-input":{"@type":"PropertyValueSpecification","valueRequired":true,"valueName":"search_term_string"}}],"inLanguage":"fr-FR"},{"@type":"Organization","@id":"\/#organization","name":"STYLORAL PTE. LTD","url":"\/","logo":{"@type":"ImageObject","inLanguage":"fr-FR","@id":"\/#\/schema\/logo\/image\/","url":"https:\/\/www.tourcruiser.com\/wp-content\/uploads\/2025\/12\/logo.png","contentUrl":"https:\/\/www.tourcruiser.com\/wp-content\/uploads\/2025\/12\/logo.png","width":200,"height":65,"caption":"STYLORAL PTE. LTD"},"image":{"@id":"\/#\/schema\/logo\/image\/"}}]}},"_links":{"self":[{"href":"https:\/\/tourcruiser.com\/fr\/wp-json\/wp\/v2\/product\/761668","targetHints":{"allow":["GET"]}}],"collection":[{"href":"https:\/\/tourcruiser.com\/fr\/wp-json\/wp\/v2\/product"}],"about":[{"href":"https:\/\/tourcruiser.com\/fr\/wp-json\/wp\/v2\/types\/product"}],"replies":[{"embeddable":true,"href":"https:\/\/tourcruiser.com\/fr\/wp-json\/wp\/v2\/comments?post=761668"}],"wp:featuredmedia":[{"embeddable":true,"href":"https:\/\/tourcruiser.com\/fr\/wp-json\/wp\/v2\/media\/761669"}],"wp:attachment":[{"href":"https:\/\/tourcruiser.com\/fr\/wp-json\/wp\/v2\/media?parent=761668"}],"wp:term":[{"taxonomy":"product_brand","embeddable":true,"href":"https:\/\/tourcruiser.com\/fr\/wp-json\/wp\/v2\/product_brand?post=761668"},{"taxonomy":"product_cat","embeddable":true,"href":"https:\/\/tourcruiser.com\/fr\/wp-json\/wp\/v2\/product_cat?post=761668"},{"taxonomy":"product_tag","embeddable":true,"href":"https:\/\/tourcruiser.com\/fr\/wp-json\/wp\/v2\/product_tag?post=761668"}],"curies":[{"name":"wp","href":"https:\/\/api.w.org\/{rel}","templated":true}]}}