{"id":761645,"date":"2026-04-16T17:09:26","date_gmt":"2026-04-16T10:09:26","guid":{"rendered":"http:\/\/tourcruiser.com\/product\/air-jordan-1-retro-high-og-neutral-grey-555088-018"},"modified":"2026-04-17T22:52:22","modified_gmt":"2026-04-17T15:52:22","slug":"air-jordan-1-retro-high-og-neutral-grey-555088-018","status":"publish","type":"product","link":"https:\/\/tourcruiser.com\/fr\/products\/air-jordan-1-retro-high-og-neutral-grey-555088-018\/","title":{"rendered":"Air Jordan 1 Retro High OG &lsquo;Neutral Grey&rsquo; 555088-018"},"content":{"rendered":"<p>La Air Jordan 1 Retro High OG Neutral Grey de Jordan est un incontournable pour tout amateur de sneakers. Cette chaussure iconique s\u00e9duit par son gris neutre et \u00e9l\u00e9gant, et se porte aussi bien au quotidien que chez soi. Gr\u00e2ce \u00e0 sa fabrication de haute qualit\u00e9 et son design classique, vous ne passerez pas inaper\u00e7u. Ne manquez pas l&rsquo;occasion d&rsquo;ajouter cette chaussure polyvalente et intemporelle \u00e0 votre collection.<\/p>\n<p>Coloris\u00a0: Gris neutre\/Rouge vif\/Blanc\/Noir<\/p>\n<p>R\u00e9f\u00e9rence\u00a0: 555088-018<\/p>\n<p>Tige\u00a0: Cuir<\/p>\n<p>Semelle interm\u00e9diaire\u00a0: Air<\/p>\n<p>Couleur\u00a0: Gris<\/p>\n<p>Designer\u00a0: Peter Moore<\/p>\n<p>Saison\u00a0: Hiver<\/p>\n<p>Ann\u00e9e de sortie\u00a0: 2019<\/p>\n<p>\u00c2ge\u00a0: Adulte<\/p>\n<p>Couleur\u00a0: Gris<\/p>\n<p>Genre\u00a0: Homme<\/p>\n","protected":false},"excerpt":{"rendered":"<p>La Air Jordan 1 Retro High OG Neutral Grey de Jordan est un incontournable pour tout amateur de sneakers. Cette chaussure iconique s\u00e9duit par son gris neutre et \u00e9l\u00e9gant, et se porte aussi bien au quotidien que chez soi. Gr\u00e2ce \u00e0 sa fabrication de haute qualit\u00e9 et son design classique, vous ne passerez pas inaper\u00e7u. [&hellip;]<\/p>\n","protected":false},"featured_media":761646,"comment_status":"open","ping_status":"closed","template":"","meta":[],"product_brand":[],"product_cat":[38880],"product_tag":[10750,10800,38841,38842,10776,38875,38886,10756],"class_list":{"0":"post-761645","1":"product","2":"type-product","3":"status-publish","4":"has-post-thumbnail","6":"product_cat-jordan","7":"product_tag-athleisure-shoes","8":"product_tag-basketball-shoes","9":"product_tag-casual-shoes","10":"product_tag-gift-idea-for-him","11":"product_tag-jordan","12":"product_tag-jordan-skateboard-shoes","13":"product_tag-lifestyle-shoes-inspired-by-basketball","14":"product_tag-retro-casual-shoes","16":"first","17":"instock","18":"taxable","19":"shipping-taxable","20":"purchasable","21":"product-type-simple"},"wcpa_form_fields":null,"yoast_head":"<!-- This site is optimized with the Yoast SEO plugin v26.5 - https:\/\/yoast.com\/wordpress\/plugins\/seo\/ -->\n<title>Air Jordan 1 Retro High OG &#039;Neutral Grey&#039; 555088-018 - TOURCRUISER PTE. LTD<\/title>\n<meta name=\"robots\" content=\"index, follow, max-snippet:-1, max-image-preview:large, max-video-preview:-1\" \/>\n<link rel=\"canonical\" href=\"https:\/\/tourcruiser.com\/fr\/products\/air-jordan-1-retro-high-og-neutral-grey-555088-018\/\" \/>\n<meta property=\"og:locale\" content=\"fr_FR\" \/>\n<meta property=\"og:type\" content=\"article\" \/>\n<meta property=\"og:title\" content=\"Air Jordan 1 Retro High OG &#039;Neutral Grey&#039; 555088-018 - TOURCRUISER PTE. LTD\" \/>\n<meta property=\"og:description\" content=\"La Air Jordan 1 Retro High OG Neutral Grey de Jordan est un incontournable pour tout amateur de sneakers. Cette chaussure iconique s\u00e9duit par son gris neutre et \u00e9l\u00e9gant, et se porte aussi bien au quotidien que chez soi. Gr\u00e2ce \u00e0 sa fabrication de haute qualit\u00e9 et son design classique, vous ne passerez pas inaper\u00e7u. [&hellip;]\" \/>\n<meta property=\"og:url\" content=\"https:\/\/tourcruiser.com\/fr\/products\/air-jordan-1-retro-high-og-neutral-grey-555088-018\/\" \/>\n<meta property=\"og:site_name\" content=\"Tourcruiser Sneaker Store\" \/>\n<meta property=\"article:modified_time\" content=\"2026-04-17T15:52:22+00:00\" \/>\n<meta name=\"twitter:card\" content=\"summary_large_image\" \/>\n<meta name=\"twitter:image\" content=\"https:\/\/images.novelship.com\/product\/air_jordan_1_retro_high_og__neutral_grey__555088_0_0_778.jpeg;https:\/\/images.novelship.com\/product\/air_jordan_1_retro_high_og__neutral_grey__555088_0_1_779.jpeg;https:\/\/images.novelship.com\/product\/air_jordan_1_retro_high_og__neutral_grey__555088_0_2_779.jpeg;https:\/\/images.novelship.com\/product\/air_jordan_1_retro_high_og__neutral_grey__555088_0_3_779.jpeg;https:\/\/images.novelship.com\/product\/air_jordan_1_retro_high_og__neutral_grey__555088_0_4_779.jpeg;https:\/\/images.novelship.com\/product\/air_jordan_1_retro_high_og__neutral_grey__555088_0_5_779.jpeg;https:\/\/images.novelship.com\/product\/air_jordan_1_retro_high_og__neutral_grey__555088_0_6_779.jpeg;https:\/\/images.novelship.com\/product\/air_jordan_1_retro_high_og__neutral_grey__555088_0_7_779.jpeg\" \/>\n<meta name=\"twitter:label1\" content=\"Dur\u00e9e de lecture estim\u00e9e\" \/>\n\t<meta name=\"twitter:data1\" content=\"1 minute\" \/>\n<script type=\"application\/ld+json\" class=\"yoast-schema-graph\">{\"@context\":\"https:\/\/schema.org\",\"@graph\":[{\"@type\":\"WebPage\",\"@id\":\"https:\/\/tourcruiser.com\/fr\/products\/air-jordan-1-retro-high-og-neutral-grey-555088-018\/\",\"url\":\"https:\/\/tourcruiser.com\/fr\/products\/air-jordan-1-retro-high-og-neutral-grey-555088-018\/\",\"name\":\"Air Jordan 1 Retro High OG 'Neutral Grey' 555088-018 - TOURCRUISER PTE. LTD\",\"isPartOf\":{\"@id\":\"\/#website\"},\"primaryImageOfPage\":{\"@id\":\"https:\/\/tourcruiser.com\/fr\/products\/air-jordan-1-retro-high-og-neutral-grey-555088-018\/#primaryimage\"},\"image\":{\"@id\":\"https:\/\/tourcruiser.com\/fr\/products\/air-jordan-1-retro-high-og-neutral-grey-555088-018\/#primaryimage\"},\"thumbnailUrl\":\"https:\/\/images.novelship.com\/product\/air_jordan_1_retro_high_og__neutral_grey__555088_0_0_778.jpeg;https:\/\/images.novelship.com\/product\/air_jordan_1_retro_high_og__neutral_grey__555088_0_1_779.jpeg;https:\/\/images.novelship.com\/product\/air_jordan_1_retro_high_og__neutral_grey__555088_0_2_779.jpeg;https:\/\/images.novelship.com\/product\/air_jordan_1_retro_high_og__neutral_grey__555088_0_3_779.jpeg;https:\/\/images.novelship.com\/product\/air_jordan_1_retro_high_og__neutral_grey__555088_0_4_779.jpeg;https:\/\/images.novelship.com\/product\/air_jordan_1_retro_high_og__neutral_grey__555088_0_5_779.jpeg;https:\/\/images.novelship.com\/product\/air_jordan_1_retro_high_og__neutral_grey__555088_0_6_779.jpeg;https:\/\/images.novelship.com\/product\/air_jordan_1_retro_high_og__neutral_grey__555088_0_7_779.jpeg\",\"datePublished\":\"2026-04-16T10:09:26+00:00\",\"dateModified\":\"2026-04-17T15:52:22+00:00\",\"breadcrumb\":{\"@id\":\"https:\/\/tourcruiser.com\/fr\/products\/air-jordan-1-retro-high-og-neutral-grey-555088-018\/#breadcrumb\"},\"inLanguage\":\"fr-FR\",\"potentialAction\":[{\"@type\":\"ReadAction\",\"target\":[\"https:\/\/tourcruiser.com\/fr\/products\/air-jordan-1-retro-high-og-neutral-grey-555088-018\/\"]}]},{\"@type\":\"ImageObject\",\"inLanguage\":\"fr-FR\",\"@id\":\"https:\/\/tourcruiser.com\/fr\/products\/air-jordan-1-retro-high-og-neutral-grey-555088-018\/#primaryimage\",\"url\":\"https:\/\/images.novelship.com\/product\/air_jordan_1_retro_high_og__neutral_grey__555088_0_0_778.jpeg;https:\/\/images.novelship.com\/product\/air_jordan_1_retro_high_og__neutral_grey__555088_0_1_779.jpeg;https:\/\/images.novelship.com\/product\/air_jordan_1_retro_high_og__neutral_grey__555088_0_2_779.jpeg;https:\/\/images.novelship.com\/product\/air_jordan_1_retro_high_og__neutral_grey__555088_0_3_779.jpeg;https:\/\/images.novelship.com\/product\/air_jordan_1_retro_high_og__neutral_grey__555088_0_4_779.jpeg;https:\/\/images.novelship.com\/product\/air_jordan_1_retro_high_og__neutral_grey__555088_0_5_779.jpeg;https:\/\/images.novelship.com\/product\/air_jordan_1_retro_high_og__neutral_grey__555088_0_6_779.jpeg;https:\/\/images.novelship.com\/product\/air_jordan_1_retro_high_og__neutral_grey__555088_0_7_779.jpeg\",\"contentUrl\":\"https:\/\/images.novelship.com\/product\/air_jordan_1_retro_high_og__neutral_grey__555088_0_0_778.jpeg;https:\/\/images.novelship.com\/product\/air_jordan_1_retro_high_og__neutral_grey__555088_0_1_779.jpeg;https:\/\/images.novelship.com\/product\/air_jordan_1_retro_high_og__neutral_grey__555088_0_2_779.jpeg;https:\/\/images.novelship.com\/product\/air_jordan_1_retro_high_og__neutral_grey__555088_0_3_779.jpeg;https:\/\/images.novelship.com\/product\/air_jordan_1_retro_high_og__neutral_grey__555088_0_4_779.jpeg;https:\/\/images.novelship.com\/product\/air_jordan_1_retro_high_og__neutral_grey__555088_0_5_779.jpeg;https:\/\/images.novelship.com\/product\/air_jordan_1_retro_high_og__neutral_grey__555088_0_6_779.jpeg;https:\/\/images.novelship.com\/product\/air_jordan_1_retro_high_og__neutral_grey__555088_0_7_779.jpeg\"},{\"@type\":\"BreadcrumbList\",\"@id\":\"https:\/\/tourcruiser.com\/fr\/products\/air-jordan-1-retro-high-og-neutral-grey-555088-018\/#breadcrumb\",\"itemListElement\":[{\"@type\":\"ListItem\",\"position\":1,\"name\":\"Home\",\"item\":\"https:\/\/tourcruiser.com\/fr\/\"},{\"@type\":\"ListItem\",\"position\":2,\"name\":\"Shop\",\"item\":\"https:\/\/tourcruiser.com\/fr\/shop\/\"},{\"@type\":\"ListItem\",\"position\":3,\"name\":\"Air Jordan 1 Retro High OG &#8216;Neutral Grey&#8217; 555088-018\"}]},{\"@type\":\"WebSite\",\"@id\":\"\/#website\",\"url\":\"\/\",\"name\":\"Styloral Jewelry Shop\",\"description\":\"Tourcruiser Sneaker Store \u2014 L\u2019endroit o\u00f9 l\u2019univers rencontre votre singularit\u00e9.\",\"publisher\":{\"@id\":\"\/#organization\"},\"potentialAction\":[{\"@type\":\"SearchAction\",\"target\":{\"@type\":\"EntryPoint\",\"urlTemplate\":\"\/?s={search_term_string}\"},\"query-input\":{\"@type\":\"PropertyValueSpecification\",\"valueRequired\":true,\"valueName\":\"search_term_string\"}}],\"inLanguage\":\"fr-FR\"},{\"@type\":\"Organization\",\"@id\":\"\/#organization\",\"name\":\"STYLORAL PTE. LTD\",\"url\":\"\/\",\"logo\":{\"@type\":\"ImageObject\",\"inLanguage\":\"fr-FR\",\"@id\":\"\/#\/schema\/logo\/image\/\",\"url\":\"https:\/\/www.tourcruiser.com\/wp-content\/uploads\/2025\/12\/logo.png\",\"contentUrl\":\"https:\/\/www.tourcruiser.com\/wp-content\/uploads\/2025\/12\/logo.png\",\"width\":200,\"height\":65,\"caption\":\"STYLORAL PTE. LTD\"},\"image\":{\"@id\":\"\/#\/schema\/logo\/image\/\"}}]}<\/script>\n<!-- \/ Yoast SEO plugin. -->","yoast_head_json":{"title":"Air Jordan 1 Retro High OG 'Neutral Grey' 555088-018 - TOURCRUISER PTE. LTD","robots":{"index":"index","follow":"follow","max-snippet":"max-snippet:-1","max-image-preview":"max-image-preview:large","max-video-preview":"max-video-preview:-1"},"canonical":"https:\/\/tourcruiser.com\/fr\/products\/air-jordan-1-retro-high-og-neutral-grey-555088-018\/","og_locale":"fr_FR","og_type":"article","og_title":"Air Jordan 1 Retro High OG 'Neutral Grey' 555088-018 - TOURCRUISER PTE. LTD","og_description":"La Air Jordan 1 Retro High OG Neutral Grey de Jordan est un incontournable pour tout amateur de sneakers. Cette chaussure iconique s\u00e9duit par son gris neutre et \u00e9l\u00e9gant, et se porte aussi bien au quotidien que chez soi. Gr\u00e2ce \u00e0 sa fabrication de haute qualit\u00e9 et son design classique, vous ne passerez pas inaper\u00e7u. [&hellip;]","og_url":"https:\/\/tourcruiser.com\/fr\/products\/air-jordan-1-retro-high-og-neutral-grey-555088-018\/","og_site_name":"Tourcruiser Sneaker Store","article_modified_time":"2026-04-17T15:52:22+00:00","twitter_card":"summary_large_image","twitter_image":"https:\/\/images.novelship.com\/product\/air_jordan_1_retro_high_og__neutral_grey__555088_0_0_778.jpeg;https:\/\/images.novelship.com\/product\/air_jordan_1_retro_high_og__neutral_grey__555088_0_1_779.jpeg;https:\/\/images.novelship.com\/product\/air_jordan_1_retro_high_og__neutral_grey__555088_0_2_779.jpeg;https:\/\/images.novelship.com\/product\/air_jordan_1_retro_high_og__neutral_grey__555088_0_3_779.jpeg;https:\/\/images.novelship.com\/product\/air_jordan_1_retro_high_og__neutral_grey__555088_0_4_779.jpeg;https:\/\/images.novelship.com\/product\/air_jordan_1_retro_high_og__neutral_grey__555088_0_5_779.jpeg;https:\/\/images.novelship.com\/product\/air_jordan_1_retro_high_og__neutral_grey__555088_0_6_779.jpeg;https:\/\/images.novelship.com\/product\/air_jordan_1_retro_high_og__neutral_grey__555088_0_7_779.jpeg","twitter_misc":{"Dur\u00e9e de lecture estim\u00e9e":"1 minute"},"schema":{"@context":"https:\/\/schema.org","@graph":[{"@type":"WebPage","@id":"https:\/\/tourcruiser.com\/fr\/products\/air-jordan-1-retro-high-og-neutral-grey-555088-018\/","url":"https:\/\/tourcruiser.com\/fr\/products\/air-jordan-1-retro-high-og-neutral-grey-555088-018\/","name":"Air Jordan 1 Retro High OG 'Neutral Grey' 555088-018 - TOURCRUISER PTE. LTD","isPartOf":{"@id":"\/#website"},"primaryImageOfPage":{"@id":"https:\/\/tourcruiser.com\/fr\/products\/air-jordan-1-retro-high-og-neutral-grey-555088-018\/#primaryimage"},"image":{"@id":"https:\/\/tourcruiser.com\/fr\/products\/air-jordan-1-retro-high-og-neutral-grey-555088-018\/#primaryimage"},"thumbnailUrl":"https:\/\/images.novelship.com\/product\/air_jordan_1_retro_high_og__neutral_grey__555088_0_0_778.jpeg;https:\/\/images.novelship.com\/product\/air_jordan_1_retro_high_og__neutral_grey__555088_0_1_779.jpeg;https:\/\/images.novelship.com\/product\/air_jordan_1_retro_high_og__neutral_grey__555088_0_2_779.jpeg;https:\/\/images.novelship.com\/product\/air_jordan_1_retro_high_og__neutral_grey__555088_0_3_779.jpeg;https:\/\/images.novelship.com\/product\/air_jordan_1_retro_high_og__neutral_grey__555088_0_4_779.jpeg;https:\/\/images.novelship.com\/product\/air_jordan_1_retro_high_og__neutral_grey__555088_0_5_779.jpeg;https:\/\/images.novelship.com\/product\/air_jordan_1_retro_high_og__neutral_grey__555088_0_6_779.jpeg;https:\/\/images.novelship.com\/product\/air_jordan_1_retro_high_og__neutral_grey__555088_0_7_779.jpeg","datePublished":"2026-04-16T10:09:26+00:00","dateModified":"2026-04-17T15:52:22+00:00","breadcrumb":{"@id":"https:\/\/tourcruiser.com\/fr\/products\/air-jordan-1-retro-high-og-neutral-grey-555088-018\/#breadcrumb"},"inLanguage":"fr-FR","potentialAction":[{"@type":"ReadAction","target":["https:\/\/tourcruiser.com\/fr\/products\/air-jordan-1-retro-high-og-neutral-grey-555088-018\/"]}]},{"@type":"ImageObject","inLanguage":"fr-FR","@id":"https:\/\/tourcruiser.com\/fr\/products\/air-jordan-1-retro-high-og-neutral-grey-555088-018\/#primaryimage","url":"https:\/\/images.novelship.com\/product\/air_jordan_1_retro_high_og__neutral_grey__555088_0_0_778.jpeg;https:\/\/images.novelship.com\/product\/air_jordan_1_retro_high_og__neutral_grey__555088_0_1_779.jpeg;https:\/\/images.novelship.com\/product\/air_jordan_1_retro_high_og__neutral_grey__555088_0_2_779.jpeg;https:\/\/images.novelship.com\/product\/air_jordan_1_retro_high_og__neutral_grey__555088_0_3_779.jpeg;https:\/\/images.novelship.com\/product\/air_jordan_1_retro_high_og__neutral_grey__555088_0_4_779.jpeg;https:\/\/images.novelship.com\/product\/air_jordan_1_retro_high_og__neutral_grey__555088_0_5_779.jpeg;https:\/\/images.novelship.com\/product\/air_jordan_1_retro_high_og__neutral_grey__555088_0_6_779.jpeg;https:\/\/images.novelship.com\/product\/air_jordan_1_retro_high_og__neutral_grey__555088_0_7_779.jpeg","contentUrl":"https:\/\/images.novelship.com\/product\/air_jordan_1_retro_high_og__neutral_grey__555088_0_0_778.jpeg;https:\/\/images.novelship.com\/product\/air_jordan_1_retro_high_og__neutral_grey__555088_0_1_779.jpeg;https:\/\/images.novelship.com\/product\/air_jordan_1_retro_high_og__neutral_grey__555088_0_2_779.jpeg;https:\/\/images.novelship.com\/product\/air_jordan_1_retro_high_og__neutral_grey__555088_0_3_779.jpeg;https:\/\/images.novelship.com\/product\/air_jordan_1_retro_high_og__neutral_grey__555088_0_4_779.jpeg;https:\/\/images.novelship.com\/product\/air_jordan_1_retro_high_og__neutral_grey__555088_0_5_779.jpeg;https:\/\/images.novelship.com\/product\/air_jordan_1_retro_high_og__neutral_grey__555088_0_6_779.jpeg;https:\/\/images.novelship.com\/product\/air_jordan_1_retro_high_og__neutral_grey__555088_0_7_779.jpeg"},{"@type":"BreadcrumbList","@id":"https:\/\/tourcruiser.com\/fr\/products\/air-jordan-1-retro-high-og-neutral-grey-555088-018\/#breadcrumb","itemListElement":[{"@type":"ListItem","position":1,"name":"Home","item":"https:\/\/tourcruiser.com\/fr\/"},{"@type":"ListItem","position":2,"name":"Shop","item":"https:\/\/tourcruiser.com\/fr\/shop\/"},{"@type":"ListItem","position":3,"name":"Air Jordan 1 Retro High OG &#8216;Neutral Grey&#8217; 555088-018"}]},{"@type":"WebSite","@id":"\/#website","url":"\/","name":"Styloral Jewelry Shop","description":"Tourcruiser Sneaker Store \u2014 L\u2019endroit o\u00f9 l\u2019univers rencontre votre singularit\u00e9.","publisher":{"@id":"\/#organization"},"potentialAction":[{"@type":"SearchAction","target":{"@type":"EntryPoint","urlTemplate":"\/?s={search_term_string}"},"query-input":{"@type":"PropertyValueSpecification","valueRequired":true,"valueName":"search_term_string"}}],"inLanguage":"fr-FR"},{"@type":"Organization","@id":"\/#organization","name":"STYLORAL PTE. LTD","url":"\/","logo":{"@type":"ImageObject","inLanguage":"fr-FR","@id":"\/#\/schema\/logo\/image\/","url":"https:\/\/www.tourcruiser.com\/wp-content\/uploads\/2025\/12\/logo.png","contentUrl":"https:\/\/www.tourcruiser.com\/wp-content\/uploads\/2025\/12\/logo.png","width":200,"height":65,"caption":"STYLORAL PTE. LTD"},"image":{"@id":"\/#\/schema\/logo\/image\/"}}]}},"_links":{"self":[{"href":"https:\/\/tourcruiser.com\/fr\/wp-json\/wp\/v2\/product\/761645","targetHints":{"allow":["GET"]}}],"collection":[{"href":"https:\/\/tourcruiser.com\/fr\/wp-json\/wp\/v2\/product"}],"about":[{"href":"https:\/\/tourcruiser.com\/fr\/wp-json\/wp\/v2\/types\/product"}],"replies":[{"embeddable":true,"href":"https:\/\/tourcruiser.com\/fr\/wp-json\/wp\/v2\/comments?post=761645"}],"wp:featuredmedia":[{"embeddable":true,"href":"https:\/\/tourcruiser.com\/fr\/wp-json\/wp\/v2\/media\/761646"}],"wp:attachment":[{"href":"https:\/\/tourcruiser.com\/fr\/wp-json\/wp\/v2\/media?parent=761645"}],"wp:term":[{"taxonomy":"product_brand","embeddable":true,"href":"https:\/\/tourcruiser.com\/fr\/wp-json\/wp\/v2\/product_brand?post=761645"},{"taxonomy":"product_cat","embeddable":true,"href":"https:\/\/tourcruiser.com\/fr\/wp-json\/wp\/v2\/product_cat?post=761645"},{"taxonomy":"product_tag","embeddable":true,"href":"https:\/\/tourcruiser.com\/fr\/wp-json\/wp\/v2\/product_tag?post=761645"}],"curies":[{"name":"wp","href":"https:\/\/api.w.org\/{rel}","templated":true}]}}