{"id":761636,"date":"2026-04-16T17:09:26","date_gmt":"2026-04-16T10:09:26","guid":{"rendered":"http:\/\/tourcruiser.com\/product\/air-jordan-13-retro-2013-bred-414571-010"},"modified":"2026-04-17T22:52:22","modified_gmt":"2026-04-17T15:52:22","slug":"air-jordan-13-retro-2013-bred-414571-010","status":"publish","type":"product","link":"https:\/\/tourcruiser.com\/fr\/products\/air-jordan-13-retro-2013-bred-414571-010\/","title":{"rendered":"Air Jordan 13 Retro 2013 &lsquo;Bred&rsquo; 414571-010"},"content":{"rendered":"<p>D\u00e9couvrez un style intemporel et un confort in\u00e9gal\u00e9 avec la Air Jordan 13 Retro 2013 \u00ab\u00a0Bred\u00a0\u00bb. Son design \u00e9l\u00e9gant noir et rouge, associ\u00e9 \u00e0 des mat\u00e9riaux haut de gamme et \u00e0 une technologie de performance l\u00e9gendaire, en fait le compagnon id\u00e9al.<\/p>\n<p>Coloris\u00a0: Noir\/Rouge-Blanc<\/p>\n<p>Code article\u00a0: 414571-010<\/p>\n<p>Empeigne\u00a0: Mesh<\/p>\n<p>Semelle interm\u00e9diaire\u00a0: Zoom Air<\/p>\n<p>Couleur\u00a0: Noir<\/p>\n<p>Designer\u00a0: Tinker Hatfield<\/p>\n<p>Saison\u00a0: Toute l\u2019ann\u00e9e<\/p>\n<p>Ann\u00e9e de sortie\u00a0: 2013<\/p>\n<p>\u00c2ge\u00a0: Adulte<\/p>\n<p>Couleur\u00a0: Noir<\/p>\n<p>Genre\u00a0: Homme<\/p>\n","protected":false},"excerpt":{"rendered":"<p>D\u00e9couvrez un style intemporel et un confort in\u00e9gal\u00e9 avec la Air Jordan 13 Retro 2013 \u00ab\u00a0Bred\u00a0\u00bb. Son design \u00e9l\u00e9gant noir et rouge, associ\u00e9 \u00e0 des mat\u00e9riaux haut de gamme et \u00e0 une technologie de performance l\u00e9gendaire, en fait le compagnon id\u00e9al. Coloris\u00a0: Noir\/Rouge-Blanc Code article\u00a0: 414571-010 Empeigne\u00a0: Mesh Semelle interm\u00e9diaire\u00a0: Zoom Air Couleur\u00a0: Noir Designer\u00a0: [&hellip;]<\/p>\n","protected":false},"featured_media":761637,"comment_status":"open","ping_status":"closed","template":"","meta":[],"product_brand":[],"product_cat":[38880],"product_tag":[10800,10776,11129,38846],"class_list":{"0":"post-761636","1":"product","2":"type-product","3":"status-publish","4":"has-post-thumbnail","6":"product_cat-jordan","7":"product_tag-basketball-shoes","8":"product_tag-jordan","9":"product_tag-lightweight-basketball-shoes","10":"product_tag-performance-sports-shoes","12":"first","13":"instock","14":"taxable","15":"shipping-taxable","16":"purchasable","17":"product-type-simple"},"wcpa_form_fields":null,"yoast_head":"<!-- This site is optimized with the Yoast SEO plugin v26.5 - https:\/\/yoast.com\/wordpress\/plugins\/seo\/ -->\n<title>Air Jordan 13 Retro 2013 &#039;Bred&#039; 414571-010 - TOURCRUISER PTE. LTD<\/title>\n<meta name=\"robots\" content=\"index, follow, max-snippet:-1, max-image-preview:large, max-video-preview:-1\" \/>\n<link rel=\"canonical\" href=\"https:\/\/tourcruiser.com\/fr\/products\/air-jordan-13-retro-2013-bred-414571-010\/\" \/>\n<meta property=\"og:locale\" content=\"fr_FR\" \/>\n<meta property=\"og:type\" content=\"article\" \/>\n<meta property=\"og:title\" content=\"Air Jordan 13 Retro 2013 &#039;Bred&#039; 414571-010 - TOURCRUISER PTE. LTD\" \/>\n<meta property=\"og:description\" content=\"D\u00e9couvrez un style intemporel et un confort in\u00e9gal\u00e9 avec la Air Jordan 13 Retro 2013 \u00ab\u00a0Bred\u00a0\u00bb. Son design \u00e9l\u00e9gant noir et rouge, associ\u00e9 \u00e0 des mat\u00e9riaux haut de gamme et \u00e0 une technologie de performance l\u00e9gendaire, en fait le compagnon id\u00e9al. Coloris\u00a0: Noir\/Rouge-Blanc Code article\u00a0: 414571-010 Empeigne\u00a0: Mesh Semelle interm\u00e9diaire\u00a0: Zoom Air Couleur\u00a0: Noir Designer\u00a0: [&hellip;]\" \/>\n<meta property=\"og:url\" content=\"https:\/\/tourcruiser.com\/fr\/products\/air-jordan-13-retro-2013-bred-414571-010\/\" \/>\n<meta property=\"og:site_name\" content=\"Tourcruiser Sneaker Store\" \/>\n<meta property=\"article:modified_time\" content=\"2026-04-17T15:52:22+00:00\" \/>\n<meta name=\"twitter:card\" content=\"summary_large_image\" \/>\n<meta name=\"twitter:image\" content=\"https:\/\/images.novelship.com\/product\/air_jordan_13_retro_2013__bred__414571-010_0_18399.jpeg;https:\/\/images.novelship.com\/product\/air_jordan_13_retro_2013__bred__414571-010_1_18400.jpeg;https:\/\/images.novelship.com\/product\/air_jordan_13_retro_2013__bred__414571-010_2_18400.jpeg;https:\/\/images.novelship.com\/product\/air_jordan_13_retro_2013__bred__414571-010_3_18400.jpeg;https:\/\/images.novelship.com\/product\/air_jordan_13_retro_2013__bred__414571-010_4_18400.jpeg;https:\/\/images.novelship.com\/product\/air_jordan_13_retro_2013__bred__414571-010_5_18400.jpeg;https:\/\/images.novelship.com\/product\/air_jordan_13_retro_2013__bred__414571-010_6_18400.jpeg;https:\/\/images.novelship.com\/product\/air_jordan_13_retro_2013__bred__414571-010_7_18400.jpeg\" \/>\n<script type=\"application\/ld+json\" class=\"yoast-schema-graph\">{\"@context\":\"https:\/\/schema.org\",\"@graph\":[{\"@type\":\"WebPage\",\"@id\":\"https:\/\/tourcruiser.com\/fr\/products\/air-jordan-13-retro-2013-bred-414571-010\/\",\"url\":\"https:\/\/tourcruiser.com\/fr\/products\/air-jordan-13-retro-2013-bred-414571-010\/\",\"name\":\"Air Jordan 13 Retro 2013 'Bred' 414571-010 - TOURCRUISER PTE. LTD\",\"isPartOf\":{\"@id\":\"\/#website\"},\"primaryImageOfPage\":{\"@id\":\"https:\/\/tourcruiser.com\/fr\/products\/air-jordan-13-retro-2013-bred-414571-010\/#primaryimage\"},\"image\":{\"@id\":\"https:\/\/tourcruiser.com\/fr\/products\/air-jordan-13-retro-2013-bred-414571-010\/#primaryimage\"},\"thumbnailUrl\":\"https:\/\/images.novelship.com\/product\/air_jordan_13_retro_2013__bred__414571-010_0_18399.jpeg;https:\/\/images.novelship.com\/product\/air_jordan_13_retro_2013__bred__414571-010_1_18400.jpeg;https:\/\/images.novelship.com\/product\/air_jordan_13_retro_2013__bred__414571-010_2_18400.jpeg;https:\/\/images.novelship.com\/product\/air_jordan_13_retro_2013__bred__414571-010_3_18400.jpeg;https:\/\/images.novelship.com\/product\/air_jordan_13_retro_2013__bred__414571-010_4_18400.jpeg;https:\/\/images.novelship.com\/product\/air_jordan_13_retro_2013__bred__414571-010_5_18400.jpeg;https:\/\/images.novelship.com\/product\/air_jordan_13_retro_2013__bred__414571-010_6_18400.jpeg;https:\/\/images.novelship.com\/product\/air_jordan_13_retro_2013__bred__414571-010_7_18400.jpeg\",\"datePublished\":\"2026-04-16T10:09:26+00:00\",\"dateModified\":\"2026-04-17T15:52:22+00:00\",\"breadcrumb\":{\"@id\":\"https:\/\/tourcruiser.com\/fr\/products\/air-jordan-13-retro-2013-bred-414571-010\/#breadcrumb\"},\"inLanguage\":\"fr-FR\",\"potentialAction\":[{\"@type\":\"ReadAction\",\"target\":[\"https:\/\/tourcruiser.com\/fr\/products\/air-jordan-13-retro-2013-bred-414571-010\/\"]}]},{\"@type\":\"ImageObject\",\"inLanguage\":\"fr-FR\",\"@id\":\"https:\/\/tourcruiser.com\/fr\/products\/air-jordan-13-retro-2013-bred-414571-010\/#primaryimage\",\"url\":\"https:\/\/images.novelship.com\/product\/air_jordan_13_retro_2013__bred__414571-010_0_18399.jpeg;https:\/\/images.novelship.com\/product\/air_jordan_13_retro_2013__bred__414571-010_1_18400.jpeg;https:\/\/images.novelship.com\/product\/air_jordan_13_retro_2013__bred__414571-010_2_18400.jpeg;https:\/\/images.novelship.com\/product\/air_jordan_13_retro_2013__bred__414571-010_3_18400.jpeg;https:\/\/images.novelship.com\/product\/air_jordan_13_retro_2013__bred__414571-010_4_18400.jpeg;https:\/\/images.novelship.com\/product\/air_jordan_13_retro_2013__bred__414571-010_5_18400.jpeg;https:\/\/images.novelship.com\/product\/air_jordan_13_retro_2013__bred__414571-010_6_18400.jpeg;https:\/\/images.novelship.com\/product\/air_jordan_13_retro_2013__bred__414571-010_7_18400.jpeg\",\"contentUrl\":\"https:\/\/images.novelship.com\/product\/air_jordan_13_retro_2013__bred__414571-010_0_18399.jpeg;https:\/\/images.novelship.com\/product\/air_jordan_13_retro_2013__bred__414571-010_1_18400.jpeg;https:\/\/images.novelship.com\/product\/air_jordan_13_retro_2013__bred__414571-010_2_18400.jpeg;https:\/\/images.novelship.com\/product\/air_jordan_13_retro_2013__bred__414571-010_3_18400.jpeg;https:\/\/images.novelship.com\/product\/air_jordan_13_retro_2013__bred__414571-010_4_18400.jpeg;https:\/\/images.novelship.com\/product\/air_jordan_13_retro_2013__bred__414571-010_5_18400.jpeg;https:\/\/images.novelship.com\/product\/air_jordan_13_retro_2013__bred__414571-010_6_18400.jpeg;https:\/\/images.novelship.com\/product\/air_jordan_13_retro_2013__bred__414571-010_7_18400.jpeg\"},{\"@type\":\"BreadcrumbList\",\"@id\":\"https:\/\/tourcruiser.com\/fr\/products\/air-jordan-13-retro-2013-bred-414571-010\/#breadcrumb\",\"itemListElement\":[{\"@type\":\"ListItem\",\"position\":1,\"name\":\"Home\",\"item\":\"https:\/\/tourcruiser.com\/fr\/\"},{\"@type\":\"ListItem\",\"position\":2,\"name\":\"Shop\",\"item\":\"https:\/\/tourcruiser.com\/fr\/shop\/\"},{\"@type\":\"ListItem\",\"position\":3,\"name\":\"Air Jordan 13 Retro 2013 &#8216;Bred&#8217; 414571-010\"}]},{\"@type\":\"WebSite\",\"@id\":\"\/#website\",\"url\":\"\/\",\"name\":\"Styloral Jewelry Shop\",\"description\":\"Tourcruiser Sneaker Store \u2014 L\u2019endroit o\u00f9 l\u2019univers rencontre votre singularit\u00e9.\",\"publisher\":{\"@id\":\"\/#organization\"},\"potentialAction\":[{\"@type\":\"SearchAction\",\"target\":{\"@type\":\"EntryPoint\",\"urlTemplate\":\"\/?s={search_term_string}\"},\"query-input\":{\"@type\":\"PropertyValueSpecification\",\"valueRequired\":true,\"valueName\":\"search_term_string\"}}],\"inLanguage\":\"fr-FR\"},{\"@type\":\"Organization\",\"@id\":\"\/#organization\",\"name\":\"STYLORAL PTE. LTD\",\"url\":\"\/\",\"logo\":{\"@type\":\"ImageObject\",\"inLanguage\":\"fr-FR\",\"@id\":\"\/#\/schema\/logo\/image\/\",\"url\":\"https:\/\/www.tourcruiser.com\/wp-content\/uploads\/2025\/12\/logo.png\",\"contentUrl\":\"https:\/\/www.tourcruiser.com\/wp-content\/uploads\/2025\/12\/logo.png\",\"width\":200,\"height\":65,\"caption\":\"STYLORAL PTE. LTD\"},\"image\":{\"@id\":\"\/#\/schema\/logo\/image\/\"}}]}<\/script>\n<!-- \/ Yoast SEO plugin. -->","yoast_head_json":{"title":"Air Jordan 13 Retro 2013 'Bred' 414571-010 - TOURCRUISER PTE. LTD","robots":{"index":"index","follow":"follow","max-snippet":"max-snippet:-1","max-image-preview":"max-image-preview:large","max-video-preview":"max-video-preview:-1"},"canonical":"https:\/\/tourcruiser.com\/fr\/products\/air-jordan-13-retro-2013-bred-414571-010\/","og_locale":"fr_FR","og_type":"article","og_title":"Air Jordan 13 Retro 2013 'Bred' 414571-010 - TOURCRUISER PTE. LTD","og_description":"D\u00e9couvrez un style intemporel et un confort in\u00e9gal\u00e9 avec la Air Jordan 13 Retro 2013 \u00ab\u00a0Bred\u00a0\u00bb. Son design \u00e9l\u00e9gant noir et rouge, associ\u00e9 \u00e0 des mat\u00e9riaux haut de gamme et \u00e0 une technologie de performance l\u00e9gendaire, en fait le compagnon id\u00e9al. Coloris\u00a0: Noir\/Rouge-Blanc Code article\u00a0: 414571-010 Empeigne\u00a0: Mesh Semelle interm\u00e9diaire\u00a0: Zoom Air Couleur\u00a0: Noir Designer\u00a0: [&hellip;]","og_url":"https:\/\/tourcruiser.com\/fr\/products\/air-jordan-13-retro-2013-bred-414571-010\/","og_site_name":"Tourcruiser Sneaker Store","article_modified_time":"2026-04-17T15:52:22+00:00","twitter_card":"summary_large_image","twitter_image":"https:\/\/images.novelship.com\/product\/air_jordan_13_retro_2013__bred__414571-010_0_18399.jpeg;https:\/\/images.novelship.com\/product\/air_jordan_13_retro_2013__bred__414571-010_1_18400.jpeg;https:\/\/images.novelship.com\/product\/air_jordan_13_retro_2013__bred__414571-010_2_18400.jpeg;https:\/\/images.novelship.com\/product\/air_jordan_13_retro_2013__bred__414571-010_3_18400.jpeg;https:\/\/images.novelship.com\/product\/air_jordan_13_retro_2013__bred__414571-010_4_18400.jpeg;https:\/\/images.novelship.com\/product\/air_jordan_13_retro_2013__bred__414571-010_5_18400.jpeg;https:\/\/images.novelship.com\/product\/air_jordan_13_retro_2013__bred__414571-010_6_18400.jpeg;https:\/\/images.novelship.com\/product\/air_jordan_13_retro_2013__bred__414571-010_7_18400.jpeg","schema":{"@context":"https:\/\/schema.org","@graph":[{"@type":"WebPage","@id":"https:\/\/tourcruiser.com\/fr\/products\/air-jordan-13-retro-2013-bred-414571-010\/","url":"https:\/\/tourcruiser.com\/fr\/products\/air-jordan-13-retro-2013-bred-414571-010\/","name":"Air Jordan 13 Retro 2013 'Bred' 414571-010 - TOURCRUISER PTE. LTD","isPartOf":{"@id":"\/#website"},"primaryImageOfPage":{"@id":"https:\/\/tourcruiser.com\/fr\/products\/air-jordan-13-retro-2013-bred-414571-010\/#primaryimage"},"image":{"@id":"https:\/\/tourcruiser.com\/fr\/products\/air-jordan-13-retro-2013-bred-414571-010\/#primaryimage"},"thumbnailUrl":"https:\/\/images.novelship.com\/product\/air_jordan_13_retro_2013__bred__414571-010_0_18399.jpeg;https:\/\/images.novelship.com\/product\/air_jordan_13_retro_2013__bred__414571-010_1_18400.jpeg;https:\/\/images.novelship.com\/product\/air_jordan_13_retro_2013__bred__414571-010_2_18400.jpeg;https:\/\/images.novelship.com\/product\/air_jordan_13_retro_2013__bred__414571-010_3_18400.jpeg;https:\/\/images.novelship.com\/product\/air_jordan_13_retro_2013__bred__414571-010_4_18400.jpeg;https:\/\/images.novelship.com\/product\/air_jordan_13_retro_2013__bred__414571-010_5_18400.jpeg;https:\/\/images.novelship.com\/product\/air_jordan_13_retro_2013__bred__414571-010_6_18400.jpeg;https:\/\/images.novelship.com\/product\/air_jordan_13_retro_2013__bred__414571-010_7_18400.jpeg","datePublished":"2026-04-16T10:09:26+00:00","dateModified":"2026-04-17T15:52:22+00:00","breadcrumb":{"@id":"https:\/\/tourcruiser.com\/fr\/products\/air-jordan-13-retro-2013-bred-414571-010\/#breadcrumb"},"inLanguage":"fr-FR","potentialAction":[{"@type":"ReadAction","target":["https:\/\/tourcruiser.com\/fr\/products\/air-jordan-13-retro-2013-bred-414571-010\/"]}]},{"@type":"ImageObject","inLanguage":"fr-FR","@id":"https:\/\/tourcruiser.com\/fr\/products\/air-jordan-13-retro-2013-bred-414571-010\/#primaryimage","url":"https:\/\/images.novelship.com\/product\/air_jordan_13_retro_2013__bred__414571-010_0_18399.jpeg;https:\/\/images.novelship.com\/product\/air_jordan_13_retro_2013__bred__414571-010_1_18400.jpeg;https:\/\/images.novelship.com\/product\/air_jordan_13_retro_2013__bred__414571-010_2_18400.jpeg;https:\/\/images.novelship.com\/product\/air_jordan_13_retro_2013__bred__414571-010_3_18400.jpeg;https:\/\/images.novelship.com\/product\/air_jordan_13_retro_2013__bred__414571-010_4_18400.jpeg;https:\/\/images.novelship.com\/product\/air_jordan_13_retro_2013__bred__414571-010_5_18400.jpeg;https:\/\/images.novelship.com\/product\/air_jordan_13_retro_2013__bred__414571-010_6_18400.jpeg;https:\/\/images.novelship.com\/product\/air_jordan_13_retro_2013__bred__414571-010_7_18400.jpeg","contentUrl":"https:\/\/images.novelship.com\/product\/air_jordan_13_retro_2013__bred__414571-010_0_18399.jpeg;https:\/\/images.novelship.com\/product\/air_jordan_13_retro_2013__bred__414571-010_1_18400.jpeg;https:\/\/images.novelship.com\/product\/air_jordan_13_retro_2013__bred__414571-010_2_18400.jpeg;https:\/\/images.novelship.com\/product\/air_jordan_13_retro_2013__bred__414571-010_3_18400.jpeg;https:\/\/images.novelship.com\/product\/air_jordan_13_retro_2013__bred__414571-010_4_18400.jpeg;https:\/\/images.novelship.com\/product\/air_jordan_13_retro_2013__bred__414571-010_5_18400.jpeg;https:\/\/images.novelship.com\/product\/air_jordan_13_retro_2013__bred__414571-010_6_18400.jpeg;https:\/\/images.novelship.com\/product\/air_jordan_13_retro_2013__bred__414571-010_7_18400.jpeg"},{"@type":"BreadcrumbList","@id":"https:\/\/tourcruiser.com\/fr\/products\/air-jordan-13-retro-2013-bred-414571-010\/#breadcrumb","itemListElement":[{"@type":"ListItem","position":1,"name":"Home","item":"https:\/\/tourcruiser.com\/fr\/"},{"@type":"ListItem","position":2,"name":"Shop","item":"https:\/\/tourcruiser.com\/fr\/shop\/"},{"@type":"ListItem","position":3,"name":"Air Jordan 13 Retro 2013 &#8216;Bred&#8217; 414571-010"}]},{"@type":"WebSite","@id":"\/#website","url":"\/","name":"Styloral Jewelry Shop","description":"Tourcruiser Sneaker Store \u2014 L\u2019endroit o\u00f9 l\u2019univers rencontre votre singularit\u00e9.","publisher":{"@id":"\/#organization"},"potentialAction":[{"@type":"SearchAction","target":{"@type":"EntryPoint","urlTemplate":"\/?s={search_term_string}"},"query-input":{"@type":"PropertyValueSpecification","valueRequired":true,"valueName":"search_term_string"}}],"inLanguage":"fr-FR"},{"@type":"Organization","@id":"\/#organization","name":"STYLORAL PTE. LTD","url":"\/","logo":{"@type":"ImageObject","inLanguage":"fr-FR","@id":"\/#\/schema\/logo\/image\/","url":"https:\/\/www.tourcruiser.com\/wp-content\/uploads\/2025\/12\/logo.png","contentUrl":"https:\/\/www.tourcruiser.com\/wp-content\/uploads\/2025\/12\/logo.png","width":200,"height":65,"caption":"STYLORAL PTE. LTD"},"image":{"@id":"\/#\/schema\/logo\/image\/"}}]}},"_links":{"self":[{"href":"https:\/\/tourcruiser.com\/fr\/wp-json\/wp\/v2\/product\/761636","targetHints":{"allow":["GET"]}}],"collection":[{"href":"https:\/\/tourcruiser.com\/fr\/wp-json\/wp\/v2\/product"}],"about":[{"href":"https:\/\/tourcruiser.com\/fr\/wp-json\/wp\/v2\/types\/product"}],"replies":[{"embeddable":true,"href":"https:\/\/tourcruiser.com\/fr\/wp-json\/wp\/v2\/comments?post=761636"}],"wp:featuredmedia":[{"embeddable":true,"href":"https:\/\/tourcruiser.com\/fr\/wp-json\/wp\/v2\/media\/761637"}],"wp:attachment":[{"href":"https:\/\/tourcruiser.com\/fr\/wp-json\/wp\/v2\/media?parent=761636"}],"wp:term":[{"taxonomy":"product_brand","embeddable":true,"href":"https:\/\/tourcruiser.com\/fr\/wp-json\/wp\/v2\/product_brand?post=761636"},{"taxonomy":"product_cat","embeddable":true,"href":"https:\/\/tourcruiser.com\/fr\/wp-json\/wp\/v2\/product_cat?post=761636"},{"taxonomy":"product_tag","embeddable":true,"href":"https:\/\/tourcruiser.com\/fr\/wp-json\/wp\/v2\/product_tag?post=761636"}],"curies":[{"name":"wp","href":"https:\/\/api.w.org\/{rel}","templated":true}]}}