{"id":761538,"date":"2026-04-16T17:09:22","date_gmt":"2026-04-16T10:09:22","guid":{"rendered":"http:\/\/tourcruiser.com\/product\/fragment-design-x-jordan-x-air-jordan-1-retro-high-og-friends-and-family-716371-040"},"modified":"2026-04-17T22:52:12","modified_gmt":"2026-04-17T15:52:12","slug":"fragment-design-x-jordan-x-air-jordan-1-retro-high-og-friends-and-family-716371-040","status":"publish","type":"product","link":"https:\/\/tourcruiser.com\/fr\/products\/fragment-design-x-jordan-x-air-jordan-1-retro-high-og-friends-and-family-716371-040\/","title":{"rendered":"Fragment Design x Jordan x Air Jordan 1 Retro High OG &lsquo;Friends and Family&rsquo; 716371-040"},"content":{"rendered":"<p>La Fragment Design x Air Jordan 1 Retro High OG noire est une collaboration tr\u00e8s recherch\u00e9e entre Fragment et Jordan. Gr\u00e2ce \u00e0 son design \u00e9pur\u00e9 et sa disponibilit\u00e9 limit\u00e9e, cette chaussure est un incontournable pour les passionn\u00e9s de sneakers. Reprenant la silhouette iconique de l&rsquo;Air Jordan 1 en cuir noir premium, elle allie style et \u00e9l\u00e9gance avec brio. Parfaite pour tous ceux qui souhaitent affirmer leur style avec une sneaker intemporelle.<\/p>\n<p>Coloris : Noir\/Bleu roi\/Blanc<\/p>\n<p>R\u00e9f\u00e9rence : 716371-040<\/p>\n<p>Tige : Cuir<\/p>\n<p>Semelle interm\u00e9diaire : Air<\/p>\n<p>Couleur : Noir<\/p>\n<p>Designers : Hiroshi Fujiwara\/Peter Moore<\/p>\n<p>Saison : Hiver<\/p>\n<p>Ann\u00e9e de sortie : 2014<\/p>\n<p>\u00c2ge : Adulte<\/p>\n<p>Couleur : Noir<\/p>\n<p>Genre : Homme<\/p>\n","protected":false},"excerpt":{"rendered":"<p>La Fragment Design x Air Jordan 1 Retro High OG noire est une collaboration tr\u00e8s recherch\u00e9e entre Fragment et Jordan. Gr\u00e2ce \u00e0 son design \u00e9pur\u00e9 et sa disponibilit\u00e9 limit\u00e9e, cette chaussure est un incontournable pour les passionn\u00e9s de sneakers. Reprenant la silhouette iconique de l&rsquo;Air Jordan 1 en cuir noir premium, elle allie style et [&hellip;]<\/p>\n","protected":false},"featured_media":761539,"comment_status":"open","ping_status":"closed","template":"","meta":[],"product_brand":[],"product_cat":[38880],"product_tag":[10750,10800,38841,11211,38840,10776,11349,38875,38886,10756],"class_list":{"0":"post-761538","1":"product","2":"type-product","3":"status-publish","4":"has-post-thumbnail","6":"product_cat-jordan","7":"product_tag-athleisure-shoes","8":"product_tag-basketball-shoes","9":"product_tag-casual-shoes","10":"product_tag-celebrity-collection","11":"product_tag-gift-ideas-for-him","12":"product_tag-jordan","13":"product_tag-jordan-basketball-shoes","14":"product_tag-jordan-skateboard-shoes","15":"product_tag-lifestyle-shoes-inspired-by-basketball","16":"product_tag-retro-casual-shoes","18":"first","19":"instock","20":"taxable","21":"shipping-taxable","22":"purchasable","23":"product-type-simple"},"wcpa_form_fields":null,"yoast_head":"<!-- This site is optimized with the Yoast SEO plugin v26.5 - https:\/\/yoast.com\/wordpress\/plugins\/seo\/ -->\n<title>Fragment Design x Jordan x Air Jordan 1 Retro High OG &#039;Friends and Family&#039; 716371-040 - TOURCRUISER PTE. LTD<\/title>\n<meta name=\"robots\" content=\"index, follow, max-snippet:-1, max-image-preview:large, max-video-preview:-1\" \/>\n<link rel=\"canonical\" href=\"https:\/\/tourcruiser.com\/fr\/products\/fragment-design-x-jordan-x-air-jordan-1-retro-high-og-friends-and-family-716371-040\/\" \/>\n<meta property=\"og:locale\" content=\"fr_FR\" \/>\n<meta property=\"og:type\" content=\"article\" \/>\n<meta property=\"og:title\" content=\"Fragment Design x Jordan x Air Jordan 1 Retro High OG &#039;Friends and Family&#039; 716371-040 - TOURCRUISER PTE. LTD\" \/>\n<meta property=\"og:description\" content=\"La Fragment Design x Air Jordan 1 Retro High OG noire est une collaboration tr\u00e8s recherch\u00e9e entre Fragment et Jordan. Gr\u00e2ce \u00e0 son design \u00e9pur\u00e9 et sa disponibilit\u00e9 limit\u00e9e, cette chaussure est un incontournable pour les passionn\u00e9s de sneakers. Reprenant la silhouette iconique de l&rsquo;Air Jordan 1 en cuir noir premium, elle allie style et [&hellip;]\" \/>\n<meta property=\"og:url\" content=\"https:\/\/tourcruiser.com\/fr\/products\/fragment-design-x-jordan-x-air-jordan-1-retro-high-og-friends-and-family-716371-040\/\" \/>\n<meta property=\"og:site_name\" content=\"Tourcruiser Sneaker Store\" \/>\n<meta property=\"article:modified_time\" content=\"2026-04-17T15:52:12+00:00\" \/>\n<meta name=\"twitter:card\" content=\"summary_large_image\" \/>\n<meta name=\"twitter:image\" content=\"https:\/\/images.novelship.com\/product\/fragment_design_x_jordan_x_air_jordan_1_retro_high_0_77888.jpeg;https:\/\/images.novelship.com\/product\/fragment_design_x_jordan_x_air_jordan_1_retro_high_1_77888.jpeg;https:\/\/images.novelship.com\/product\/fragment_design_x_jordan_x_air_jordan_1_retro_high_2_77888.jpeg;https:\/\/images.novelship.com\/product\/fragment_design_x_jordan_x_air_jordan_1_retro_high_3_77888.jpeg;https:\/\/images.novelship.com\/product\/fragment_design_x_jordan_x_air_jordan_1_retro_high_4_77888.jpeg;https:\/\/images.novelship.com\/product\/fragment_design_x_jordan_x_air_jordan_1_retro_high_5_77888.jpeg;https:\/\/images.novelship.com\/product\/fragment_design_x_jordan_x_air_jordan_1_retro_high_6_77888.jpeg;https:\/\/images.novelship.com\/product\/fragment_design_x_jordan_x_air_jordan_1_retro_high_7_77888.jpeg\" \/>\n<meta name=\"twitter:label1\" content=\"Dur\u00e9e de lecture estim\u00e9e\" \/>\n\t<meta name=\"twitter:data1\" content=\"1 minute\" \/>\n<script type=\"application\/ld+json\" class=\"yoast-schema-graph\">{\"@context\":\"https:\/\/schema.org\",\"@graph\":[{\"@type\":\"WebPage\",\"@id\":\"https:\/\/tourcruiser.com\/fr\/products\/fragment-design-x-jordan-x-air-jordan-1-retro-high-og-friends-and-family-716371-040\/\",\"url\":\"https:\/\/tourcruiser.com\/fr\/products\/fragment-design-x-jordan-x-air-jordan-1-retro-high-og-friends-and-family-716371-040\/\",\"name\":\"Fragment Design x Jordan x Air Jordan 1 Retro High OG 'Friends and Family' 716371-040 - TOURCRUISER PTE. LTD\",\"isPartOf\":{\"@id\":\"\/#website\"},\"primaryImageOfPage\":{\"@id\":\"https:\/\/tourcruiser.com\/fr\/products\/fragment-design-x-jordan-x-air-jordan-1-retro-high-og-friends-and-family-716371-040\/#primaryimage\"},\"image\":{\"@id\":\"https:\/\/tourcruiser.com\/fr\/products\/fragment-design-x-jordan-x-air-jordan-1-retro-high-og-friends-and-family-716371-040\/#primaryimage\"},\"thumbnailUrl\":\"https:\/\/images.novelship.com\/product\/fragment_design_x_jordan_x_air_jordan_1_retro_high_0_77888.jpeg;https:\/\/images.novelship.com\/product\/fragment_design_x_jordan_x_air_jordan_1_retro_high_1_77888.jpeg;https:\/\/images.novelship.com\/product\/fragment_design_x_jordan_x_air_jordan_1_retro_high_2_77888.jpeg;https:\/\/images.novelship.com\/product\/fragment_design_x_jordan_x_air_jordan_1_retro_high_3_77888.jpeg;https:\/\/images.novelship.com\/product\/fragment_design_x_jordan_x_air_jordan_1_retro_high_4_77888.jpeg;https:\/\/images.novelship.com\/product\/fragment_design_x_jordan_x_air_jordan_1_retro_high_5_77888.jpeg;https:\/\/images.novelship.com\/product\/fragment_design_x_jordan_x_air_jordan_1_retro_high_6_77888.jpeg;https:\/\/images.novelship.com\/product\/fragment_design_x_jordan_x_air_jordan_1_retro_high_7_77888.jpeg\",\"datePublished\":\"2026-04-16T10:09:22+00:00\",\"dateModified\":\"2026-04-17T15:52:12+00:00\",\"breadcrumb\":{\"@id\":\"https:\/\/tourcruiser.com\/fr\/products\/fragment-design-x-jordan-x-air-jordan-1-retro-high-og-friends-and-family-716371-040\/#breadcrumb\"},\"inLanguage\":\"fr-FR\",\"potentialAction\":[{\"@type\":\"ReadAction\",\"target\":[\"https:\/\/tourcruiser.com\/fr\/products\/fragment-design-x-jordan-x-air-jordan-1-retro-high-og-friends-and-family-716371-040\/\"]}]},{\"@type\":\"ImageObject\",\"inLanguage\":\"fr-FR\",\"@id\":\"https:\/\/tourcruiser.com\/fr\/products\/fragment-design-x-jordan-x-air-jordan-1-retro-high-og-friends-and-family-716371-040\/#primaryimage\",\"url\":\"https:\/\/images.novelship.com\/product\/fragment_design_x_jordan_x_air_jordan_1_retro_high_0_77888.jpeg;https:\/\/images.novelship.com\/product\/fragment_design_x_jordan_x_air_jordan_1_retro_high_1_77888.jpeg;https:\/\/images.novelship.com\/product\/fragment_design_x_jordan_x_air_jordan_1_retro_high_2_77888.jpeg;https:\/\/images.novelship.com\/product\/fragment_design_x_jordan_x_air_jordan_1_retro_high_3_77888.jpeg;https:\/\/images.novelship.com\/product\/fragment_design_x_jordan_x_air_jordan_1_retro_high_4_77888.jpeg;https:\/\/images.novelship.com\/product\/fragment_design_x_jordan_x_air_jordan_1_retro_high_5_77888.jpeg;https:\/\/images.novelship.com\/product\/fragment_design_x_jordan_x_air_jordan_1_retro_high_6_77888.jpeg;https:\/\/images.novelship.com\/product\/fragment_design_x_jordan_x_air_jordan_1_retro_high_7_77888.jpeg\",\"contentUrl\":\"https:\/\/images.novelship.com\/product\/fragment_design_x_jordan_x_air_jordan_1_retro_high_0_77888.jpeg;https:\/\/images.novelship.com\/product\/fragment_design_x_jordan_x_air_jordan_1_retro_high_1_77888.jpeg;https:\/\/images.novelship.com\/product\/fragment_design_x_jordan_x_air_jordan_1_retro_high_2_77888.jpeg;https:\/\/images.novelship.com\/product\/fragment_design_x_jordan_x_air_jordan_1_retro_high_3_77888.jpeg;https:\/\/images.novelship.com\/product\/fragment_design_x_jordan_x_air_jordan_1_retro_high_4_77888.jpeg;https:\/\/images.novelship.com\/product\/fragment_design_x_jordan_x_air_jordan_1_retro_high_5_77888.jpeg;https:\/\/images.novelship.com\/product\/fragment_design_x_jordan_x_air_jordan_1_retro_high_6_77888.jpeg;https:\/\/images.novelship.com\/product\/fragment_design_x_jordan_x_air_jordan_1_retro_high_7_77888.jpeg\"},{\"@type\":\"BreadcrumbList\",\"@id\":\"https:\/\/tourcruiser.com\/fr\/products\/fragment-design-x-jordan-x-air-jordan-1-retro-high-og-friends-and-family-716371-040\/#breadcrumb\",\"itemListElement\":[{\"@type\":\"ListItem\",\"position\":1,\"name\":\"Home\",\"item\":\"https:\/\/tourcruiser.com\/fr\/\"},{\"@type\":\"ListItem\",\"position\":2,\"name\":\"Shop\",\"item\":\"https:\/\/tourcruiser.com\/fr\/shop\/\"},{\"@type\":\"ListItem\",\"position\":3,\"name\":\"Fragment Design x Jordan x Air Jordan 1 Retro High OG &#8216;Friends and Family&#8217; 716371-040\"}]},{\"@type\":\"WebSite\",\"@id\":\"\/#website\",\"url\":\"\/\",\"name\":\"Styloral Jewelry Shop\",\"description\":\"Tourcruiser Sneaker Store \u2014 L\u2019endroit o\u00f9 l\u2019univers rencontre votre singularit\u00e9.\",\"publisher\":{\"@id\":\"\/#organization\"},\"potentialAction\":[{\"@type\":\"SearchAction\",\"target\":{\"@type\":\"EntryPoint\",\"urlTemplate\":\"\/?s={search_term_string}\"},\"query-input\":{\"@type\":\"PropertyValueSpecification\",\"valueRequired\":true,\"valueName\":\"search_term_string\"}}],\"inLanguage\":\"fr-FR\"},{\"@type\":\"Organization\",\"@id\":\"\/#organization\",\"name\":\"STYLORAL PTE. LTD\",\"url\":\"\/\",\"logo\":{\"@type\":\"ImageObject\",\"inLanguage\":\"fr-FR\",\"@id\":\"\/#\/schema\/logo\/image\/\",\"url\":\"https:\/\/www.tourcruiser.com\/wp-content\/uploads\/2025\/12\/logo.png\",\"contentUrl\":\"https:\/\/www.tourcruiser.com\/wp-content\/uploads\/2025\/12\/logo.png\",\"width\":200,\"height\":65,\"caption\":\"STYLORAL PTE. LTD\"},\"image\":{\"@id\":\"\/#\/schema\/logo\/image\/\"}}]}<\/script>\n<!-- \/ Yoast SEO plugin. -->","yoast_head_json":{"title":"Fragment Design x Jordan x Air Jordan 1 Retro High OG 'Friends and Family' 716371-040 - TOURCRUISER PTE. LTD","robots":{"index":"index","follow":"follow","max-snippet":"max-snippet:-1","max-image-preview":"max-image-preview:large","max-video-preview":"max-video-preview:-1"},"canonical":"https:\/\/tourcruiser.com\/fr\/products\/fragment-design-x-jordan-x-air-jordan-1-retro-high-og-friends-and-family-716371-040\/","og_locale":"fr_FR","og_type":"article","og_title":"Fragment Design x Jordan x Air Jordan 1 Retro High OG 'Friends and Family' 716371-040 - TOURCRUISER PTE. LTD","og_description":"La Fragment Design x Air Jordan 1 Retro High OG noire est une collaboration tr\u00e8s recherch\u00e9e entre Fragment et Jordan. Gr\u00e2ce \u00e0 son design \u00e9pur\u00e9 et sa disponibilit\u00e9 limit\u00e9e, cette chaussure est un incontournable pour les passionn\u00e9s de sneakers. Reprenant la silhouette iconique de l&rsquo;Air Jordan 1 en cuir noir premium, elle allie style et [&hellip;]","og_url":"https:\/\/tourcruiser.com\/fr\/products\/fragment-design-x-jordan-x-air-jordan-1-retro-high-og-friends-and-family-716371-040\/","og_site_name":"Tourcruiser Sneaker Store","article_modified_time":"2026-04-17T15:52:12+00:00","twitter_card":"summary_large_image","twitter_image":"https:\/\/images.novelship.com\/product\/fragment_design_x_jordan_x_air_jordan_1_retro_high_0_77888.jpeg;https:\/\/images.novelship.com\/product\/fragment_design_x_jordan_x_air_jordan_1_retro_high_1_77888.jpeg;https:\/\/images.novelship.com\/product\/fragment_design_x_jordan_x_air_jordan_1_retro_high_2_77888.jpeg;https:\/\/images.novelship.com\/product\/fragment_design_x_jordan_x_air_jordan_1_retro_high_3_77888.jpeg;https:\/\/images.novelship.com\/product\/fragment_design_x_jordan_x_air_jordan_1_retro_high_4_77888.jpeg;https:\/\/images.novelship.com\/product\/fragment_design_x_jordan_x_air_jordan_1_retro_high_5_77888.jpeg;https:\/\/images.novelship.com\/product\/fragment_design_x_jordan_x_air_jordan_1_retro_high_6_77888.jpeg;https:\/\/images.novelship.com\/product\/fragment_design_x_jordan_x_air_jordan_1_retro_high_7_77888.jpeg","twitter_misc":{"Dur\u00e9e de lecture estim\u00e9e":"1 minute"},"schema":{"@context":"https:\/\/schema.org","@graph":[{"@type":"WebPage","@id":"https:\/\/tourcruiser.com\/fr\/products\/fragment-design-x-jordan-x-air-jordan-1-retro-high-og-friends-and-family-716371-040\/","url":"https:\/\/tourcruiser.com\/fr\/products\/fragment-design-x-jordan-x-air-jordan-1-retro-high-og-friends-and-family-716371-040\/","name":"Fragment Design x Jordan x Air Jordan 1 Retro High OG 'Friends and Family' 716371-040 - TOURCRUISER PTE. LTD","isPartOf":{"@id":"\/#website"},"primaryImageOfPage":{"@id":"https:\/\/tourcruiser.com\/fr\/products\/fragment-design-x-jordan-x-air-jordan-1-retro-high-og-friends-and-family-716371-040\/#primaryimage"},"image":{"@id":"https:\/\/tourcruiser.com\/fr\/products\/fragment-design-x-jordan-x-air-jordan-1-retro-high-og-friends-and-family-716371-040\/#primaryimage"},"thumbnailUrl":"https:\/\/images.novelship.com\/product\/fragment_design_x_jordan_x_air_jordan_1_retro_high_0_77888.jpeg;https:\/\/images.novelship.com\/product\/fragment_design_x_jordan_x_air_jordan_1_retro_high_1_77888.jpeg;https:\/\/images.novelship.com\/product\/fragment_design_x_jordan_x_air_jordan_1_retro_high_2_77888.jpeg;https:\/\/images.novelship.com\/product\/fragment_design_x_jordan_x_air_jordan_1_retro_high_3_77888.jpeg;https:\/\/images.novelship.com\/product\/fragment_design_x_jordan_x_air_jordan_1_retro_high_4_77888.jpeg;https:\/\/images.novelship.com\/product\/fragment_design_x_jordan_x_air_jordan_1_retro_high_5_77888.jpeg;https:\/\/images.novelship.com\/product\/fragment_design_x_jordan_x_air_jordan_1_retro_high_6_77888.jpeg;https:\/\/images.novelship.com\/product\/fragment_design_x_jordan_x_air_jordan_1_retro_high_7_77888.jpeg","datePublished":"2026-04-16T10:09:22+00:00","dateModified":"2026-04-17T15:52:12+00:00","breadcrumb":{"@id":"https:\/\/tourcruiser.com\/fr\/products\/fragment-design-x-jordan-x-air-jordan-1-retro-high-og-friends-and-family-716371-040\/#breadcrumb"},"inLanguage":"fr-FR","potentialAction":[{"@type":"ReadAction","target":["https:\/\/tourcruiser.com\/fr\/products\/fragment-design-x-jordan-x-air-jordan-1-retro-high-og-friends-and-family-716371-040\/"]}]},{"@type":"ImageObject","inLanguage":"fr-FR","@id":"https:\/\/tourcruiser.com\/fr\/products\/fragment-design-x-jordan-x-air-jordan-1-retro-high-og-friends-and-family-716371-040\/#primaryimage","url":"https:\/\/images.novelship.com\/product\/fragment_design_x_jordan_x_air_jordan_1_retro_high_0_77888.jpeg;https:\/\/images.novelship.com\/product\/fragment_design_x_jordan_x_air_jordan_1_retro_high_1_77888.jpeg;https:\/\/images.novelship.com\/product\/fragment_design_x_jordan_x_air_jordan_1_retro_high_2_77888.jpeg;https:\/\/images.novelship.com\/product\/fragment_design_x_jordan_x_air_jordan_1_retro_high_3_77888.jpeg;https:\/\/images.novelship.com\/product\/fragment_design_x_jordan_x_air_jordan_1_retro_high_4_77888.jpeg;https:\/\/images.novelship.com\/product\/fragment_design_x_jordan_x_air_jordan_1_retro_high_5_77888.jpeg;https:\/\/images.novelship.com\/product\/fragment_design_x_jordan_x_air_jordan_1_retro_high_6_77888.jpeg;https:\/\/images.novelship.com\/product\/fragment_design_x_jordan_x_air_jordan_1_retro_high_7_77888.jpeg","contentUrl":"https:\/\/images.novelship.com\/product\/fragment_design_x_jordan_x_air_jordan_1_retro_high_0_77888.jpeg;https:\/\/images.novelship.com\/product\/fragment_design_x_jordan_x_air_jordan_1_retro_high_1_77888.jpeg;https:\/\/images.novelship.com\/product\/fragment_design_x_jordan_x_air_jordan_1_retro_high_2_77888.jpeg;https:\/\/images.novelship.com\/product\/fragment_design_x_jordan_x_air_jordan_1_retro_high_3_77888.jpeg;https:\/\/images.novelship.com\/product\/fragment_design_x_jordan_x_air_jordan_1_retro_high_4_77888.jpeg;https:\/\/images.novelship.com\/product\/fragment_design_x_jordan_x_air_jordan_1_retro_high_5_77888.jpeg;https:\/\/images.novelship.com\/product\/fragment_design_x_jordan_x_air_jordan_1_retro_high_6_77888.jpeg;https:\/\/images.novelship.com\/product\/fragment_design_x_jordan_x_air_jordan_1_retro_high_7_77888.jpeg"},{"@type":"BreadcrumbList","@id":"https:\/\/tourcruiser.com\/fr\/products\/fragment-design-x-jordan-x-air-jordan-1-retro-high-og-friends-and-family-716371-040\/#breadcrumb","itemListElement":[{"@type":"ListItem","position":1,"name":"Home","item":"https:\/\/tourcruiser.com\/fr\/"},{"@type":"ListItem","position":2,"name":"Shop","item":"https:\/\/tourcruiser.com\/fr\/shop\/"},{"@type":"ListItem","position":3,"name":"Fragment Design x Jordan x Air Jordan 1 Retro High OG &#8216;Friends and Family&#8217; 716371-040"}]},{"@type":"WebSite","@id":"\/#website","url":"\/","name":"Styloral Jewelry Shop","description":"Tourcruiser Sneaker Store \u2014 L\u2019endroit o\u00f9 l\u2019univers rencontre votre singularit\u00e9.","publisher":{"@id":"\/#organization"},"potentialAction":[{"@type":"SearchAction","target":{"@type":"EntryPoint","urlTemplate":"\/?s={search_term_string}"},"query-input":{"@type":"PropertyValueSpecification","valueRequired":true,"valueName":"search_term_string"}}],"inLanguage":"fr-FR"},{"@type":"Organization","@id":"\/#organization","name":"STYLORAL PTE. LTD","url":"\/","logo":{"@type":"ImageObject","inLanguage":"fr-FR","@id":"\/#\/schema\/logo\/image\/","url":"https:\/\/www.tourcruiser.com\/wp-content\/uploads\/2025\/12\/logo.png","contentUrl":"https:\/\/www.tourcruiser.com\/wp-content\/uploads\/2025\/12\/logo.png","width":200,"height":65,"caption":"STYLORAL PTE. LTD"},"image":{"@id":"\/#\/schema\/logo\/image\/"}}]}},"_links":{"self":[{"href":"https:\/\/tourcruiser.com\/fr\/wp-json\/wp\/v2\/product\/761538","targetHints":{"allow":["GET"]}}],"collection":[{"href":"https:\/\/tourcruiser.com\/fr\/wp-json\/wp\/v2\/product"}],"about":[{"href":"https:\/\/tourcruiser.com\/fr\/wp-json\/wp\/v2\/types\/product"}],"replies":[{"embeddable":true,"href":"https:\/\/tourcruiser.com\/fr\/wp-json\/wp\/v2\/comments?post=761538"}],"wp:featuredmedia":[{"embeddable":true,"href":"https:\/\/tourcruiser.com\/fr\/wp-json\/wp\/v2\/media\/761539"}],"wp:attachment":[{"href":"https:\/\/tourcruiser.com\/fr\/wp-json\/wp\/v2\/media?parent=761538"}],"wp:term":[{"taxonomy":"product_brand","embeddable":true,"href":"https:\/\/tourcruiser.com\/fr\/wp-json\/wp\/v2\/product_brand?post=761538"},{"taxonomy":"product_cat","embeddable":true,"href":"https:\/\/tourcruiser.com\/fr\/wp-json\/wp\/v2\/product_cat?post=761538"},{"taxonomy":"product_tag","embeddable":true,"href":"https:\/\/tourcruiser.com\/fr\/wp-json\/wp\/v2\/product_tag?post=761538"}],"curies":[{"name":"wp","href":"https:\/\/api.w.org\/{rel}","templated":true}]}}