{"id":761493,"date":"2026-04-16T17:09:21","date_gmt":"2026-04-16T10:09:21","guid":{"rendered":"http:\/\/tourcruiser.com\/product\/air-jordan-1-low-black-toe-553558-116"},"modified":"2026-04-17T22:52:10","modified_gmt":"2026-04-17T15:52:10","slug":"air-jordan-1-low-black-toe-553558-116","status":"publish","type":"product","link":"https:\/\/tourcruiser.com\/fr\/products\/air-jordan-1-low-black-toe-553558-116\/","title":{"rendered":"Air Jordan 1 Low &lsquo;Black Toe&rsquo; 553558-116"},"content":{"rendered":"<p>La Air Jordan 1 Low Black Toe de Jordan est un incontournable pour les fans de sneakers. Avec son design \u00e9pur\u00e9 et ses couleurs intemporelles, cette chaussure se distingue par son bout noir contrastant avec un fond blanc immacul\u00e9. Elle allie style et confort, ce qui en fait le choix id\u00e9al au quotidien. La Air Jordan 1 Low Black Toe apporte une touche de sophistication \u00e0 votre look.<\/p>\n<p>Coloris : Blanc\/Noir-Rouge Gym<br \/>\nCode article : 553558-116<br \/>\nTige : Cuir<br \/>\nSemelle interm\u00e9diaire : Air<br \/>\nCouleur : Rouge<br \/>\nDesigner : Peter Moore<br \/>\nSaison : Printemps<br \/>\nAnn\u00e9e de sortie : 2019<br \/>\n\u00c2ge : Adulte<br \/>\nCouleur : Rouge<br \/>\nGenre : Homme<\/p>\n","protected":false},"excerpt":{"rendered":"<p>La Air Jordan 1 Low Black Toe de Jordan est un incontournable pour les fans de sneakers. Avec son design \u00e9pur\u00e9 et ses couleurs intemporelles, cette chaussure se distingue par son bout noir contrastant avec un fond blanc immacul\u00e9. Elle allie style et confort, ce qui en fait le choix id\u00e9al au quotidien. La Air [&hellip;]<\/p>\n","protected":false},"featured_media":761494,"comment_status":"open","ping_status":"closed","template":"","meta":[],"product_brand":[],"product_cat":[38880],"product_tag":[10750,10800,38841,38842,10776,11349,38875,38886,10756],"class_list":{"0":"post-761493","1":"product","2":"type-product","3":"status-publish","4":"has-post-thumbnail","6":"product_cat-jordan","7":"product_tag-athleisure-shoes","8":"product_tag-basketball-shoes","9":"product_tag-casual-shoes","10":"product_tag-gift-idea-for-him","11":"product_tag-jordan","12":"product_tag-jordan-basketball-shoes","13":"product_tag-jordan-skateboard-shoes","14":"product_tag-lifestyle-shoes-inspired-by-basketball","15":"product_tag-retro-casual-shoes","17":"first","18":"instock","19":"taxable","20":"shipping-taxable","21":"purchasable","22":"product-type-simple"},"wcpa_form_fields":null,"yoast_head":"<!-- This site is optimized with the Yoast SEO plugin v26.5 - https:\/\/yoast.com\/wordpress\/plugins\/seo\/ -->\n<title>Air Jordan 1 Low &#039;Black Toe&#039; 553558-116 - TOURCRUISER PTE. LTD<\/title>\n<meta name=\"robots\" content=\"index, follow, max-snippet:-1, max-image-preview:large, max-video-preview:-1\" \/>\n<link rel=\"canonical\" href=\"https:\/\/tourcruiser.com\/fr\/products\/air-jordan-1-low-black-toe-553558-116\/\" \/>\n<meta property=\"og:locale\" content=\"fr_FR\" \/>\n<meta property=\"og:type\" content=\"article\" \/>\n<meta property=\"og:title\" content=\"Air Jordan 1 Low &#039;Black Toe&#039; 553558-116 - TOURCRUISER PTE. LTD\" \/>\n<meta property=\"og:description\" content=\"La Air Jordan 1 Low Black Toe de Jordan est un incontournable pour les fans de sneakers. Avec son design \u00e9pur\u00e9 et ses couleurs intemporelles, cette chaussure se distingue par son bout noir contrastant avec un fond blanc immacul\u00e9. Elle allie style et confort, ce qui en fait le choix id\u00e9al au quotidien. La Air [&hellip;]\" \/>\n<meta property=\"og:url\" content=\"https:\/\/tourcruiser.com\/fr\/products\/air-jordan-1-low-black-toe-553558-116\/\" \/>\n<meta property=\"og:site_name\" content=\"Tourcruiser Sneaker Store\" \/>\n<meta property=\"article:modified_time\" content=\"2026-04-17T15:52:10+00:00\" \/>\n<meta name=\"twitter:card\" content=\"summary_large_image\" \/>\n<meta name=\"twitter:image\" content=\"https:\/\/images.novelship.com\/product\/air_jordan_1_low__black_toe__553558_116_0_53389.jpeg;https:\/\/images.novelship.com\/product\/air_jordan_1_low__black_toe__553558_116_1_53389.jpeg;https:\/\/images.novelship.com\/product\/air_jordan_1_low__black_toe__553558_116_2_53389.jpeg;https:\/\/images.novelship.com\/product\/air_jordan_1_low__black_toe__553558_116_3_53389.jpeg;https:\/\/images.novelship.com\/product\/air_jordan_1_low__black_toe__553558_116_4_53389.jpeg;https:\/\/images.novelship.com\/product\/air_jordan_1_low__black_toe__553558_116_5_53389.jpeg;https:\/\/images.novelship.com\/product\/air_jordan_1_low__black_toe__553558_116_6_53389.jpeg;https:\/\/images.novelship.com\/product\/air_jordan_1_low__black_toe__553558_116_7_53389.jpeg\" \/>\n<script type=\"application\/ld+json\" class=\"yoast-schema-graph\">{\"@context\":\"https:\/\/schema.org\",\"@graph\":[{\"@type\":\"WebPage\",\"@id\":\"https:\/\/tourcruiser.com\/fr\/products\/air-jordan-1-low-black-toe-553558-116\/\",\"url\":\"https:\/\/tourcruiser.com\/fr\/products\/air-jordan-1-low-black-toe-553558-116\/\",\"name\":\"Air Jordan 1 Low 'Black Toe' 553558-116 - TOURCRUISER PTE. LTD\",\"isPartOf\":{\"@id\":\"\/#website\"},\"primaryImageOfPage\":{\"@id\":\"https:\/\/tourcruiser.com\/fr\/products\/air-jordan-1-low-black-toe-553558-116\/#primaryimage\"},\"image\":{\"@id\":\"https:\/\/tourcruiser.com\/fr\/products\/air-jordan-1-low-black-toe-553558-116\/#primaryimage\"},\"thumbnailUrl\":\"https:\/\/images.novelship.com\/product\/air_jordan_1_low__black_toe__553558_116_0_53389.jpeg;https:\/\/images.novelship.com\/product\/air_jordan_1_low__black_toe__553558_116_1_53389.jpeg;https:\/\/images.novelship.com\/product\/air_jordan_1_low__black_toe__553558_116_2_53389.jpeg;https:\/\/images.novelship.com\/product\/air_jordan_1_low__black_toe__553558_116_3_53389.jpeg;https:\/\/images.novelship.com\/product\/air_jordan_1_low__black_toe__553558_116_4_53389.jpeg;https:\/\/images.novelship.com\/product\/air_jordan_1_low__black_toe__553558_116_5_53389.jpeg;https:\/\/images.novelship.com\/product\/air_jordan_1_low__black_toe__553558_116_6_53389.jpeg;https:\/\/images.novelship.com\/product\/air_jordan_1_low__black_toe__553558_116_7_53389.jpeg\",\"datePublished\":\"2026-04-16T10:09:21+00:00\",\"dateModified\":\"2026-04-17T15:52:10+00:00\",\"breadcrumb\":{\"@id\":\"https:\/\/tourcruiser.com\/fr\/products\/air-jordan-1-low-black-toe-553558-116\/#breadcrumb\"},\"inLanguage\":\"fr-FR\",\"potentialAction\":[{\"@type\":\"ReadAction\",\"target\":[\"https:\/\/tourcruiser.com\/fr\/products\/air-jordan-1-low-black-toe-553558-116\/\"]}]},{\"@type\":\"ImageObject\",\"inLanguage\":\"fr-FR\",\"@id\":\"https:\/\/tourcruiser.com\/fr\/products\/air-jordan-1-low-black-toe-553558-116\/#primaryimage\",\"url\":\"https:\/\/images.novelship.com\/product\/air_jordan_1_low__black_toe__553558_116_0_53389.jpeg;https:\/\/images.novelship.com\/product\/air_jordan_1_low__black_toe__553558_116_1_53389.jpeg;https:\/\/images.novelship.com\/product\/air_jordan_1_low__black_toe__553558_116_2_53389.jpeg;https:\/\/images.novelship.com\/product\/air_jordan_1_low__black_toe__553558_116_3_53389.jpeg;https:\/\/images.novelship.com\/product\/air_jordan_1_low__black_toe__553558_116_4_53389.jpeg;https:\/\/images.novelship.com\/product\/air_jordan_1_low__black_toe__553558_116_5_53389.jpeg;https:\/\/images.novelship.com\/product\/air_jordan_1_low__black_toe__553558_116_6_53389.jpeg;https:\/\/images.novelship.com\/product\/air_jordan_1_low__black_toe__553558_116_7_53389.jpeg\",\"contentUrl\":\"https:\/\/images.novelship.com\/product\/air_jordan_1_low__black_toe__553558_116_0_53389.jpeg;https:\/\/images.novelship.com\/product\/air_jordan_1_low__black_toe__553558_116_1_53389.jpeg;https:\/\/images.novelship.com\/product\/air_jordan_1_low__black_toe__553558_116_2_53389.jpeg;https:\/\/images.novelship.com\/product\/air_jordan_1_low__black_toe__553558_116_3_53389.jpeg;https:\/\/images.novelship.com\/product\/air_jordan_1_low__black_toe__553558_116_4_53389.jpeg;https:\/\/images.novelship.com\/product\/air_jordan_1_low__black_toe__553558_116_5_53389.jpeg;https:\/\/images.novelship.com\/product\/air_jordan_1_low__black_toe__553558_116_6_53389.jpeg;https:\/\/images.novelship.com\/product\/air_jordan_1_low__black_toe__553558_116_7_53389.jpeg\"},{\"@type\":\"BreadcrumbList\",\"@id\":\"https:\/\/tourcruiser.com\/fr\/products\/air-jordan-1-low-black-toe-553558-116\/#breadcrumb\",\"itemListElement\":[{\"@type\":\"ListItem\",\"position\":1,\"name\":\"Home\",\"item\":\"https:\/\/tourcruiser.com\/fr\/\"},{\"@type\":\"ListItem\",\"position\":2,\"name\":\"Shop\",\"item\":\"https:\/\/tourcruiser.com\/fr\/shop\/\"},{\"@type\":\"ListItem\",\"position\":3,\"name\":\"Air Jordan 1 Low &#8216;Black Toe&#8217; 553558-116\"}]},{\"@type\":\"WebSite\",\"@id\":\"\/#website\",\"url\":\"\/\",\"name\":\"Styloral Jewelry Shop\",\"description\":\"Tourcruiser Sneaker Store \u2014 L\u2019endroit o\u00f9 l\u2019univers rencontre votre singularit\u00e9.\",\"publisher\":{\"@id\":\"\/#organization\"},\"potentialAction\":[{\"@type\":\"SearchAction\",\"target\":{\"@type\":\"EntryPoint\",\"urlTemplate\":\"\/?s={search_term_string}\"},\"query-input\":{\"@type\":\"PropertyValueSpecification\",\"valueRequired\":true,\"valueName\":\"search_term_string\"}}],\"inLanguage\":\"fr-FR\"},{\"@type\":\"Organization\",\"@id\":\"\/#organization\",\"name\":\"STYLORAL PTE. LTD\",\"url\":\"\/\",\"logo\":{\"@type\":\"ImageObject\",\"inLanguage\":\"fr-FR\",\"@id\":\"\/#\/schema\/logo\/image\/\",\"url\":\"https:\/\/www.tourcruiser.com\/wp-content\/uploads\/2025\/12\/logo.png\",\"contentUrl\":\"https:\/\/www.tourcruiser.com\/wp-content\/uploads\/2025\/12\/logo.png\",\"width\":200,\"height\":65,\"caption\":\"STYLORAL PTE. LTD\"},\"image\":{\"@id\":\"\/#\/schema\/logo\/image\/\"}}]}<\/script>\n<!-- \/ Yoast SEO plugin. -->","yoast_head_json":{"title":"Air Jordan 1 Low 'Black Toe' 553558-116 - TOURCRUISER PTE. LTD","robots":{"index":"index","follow":"follow","max-snippet":"max-snippet:-1","max-image-preview":"max-image-preview:large","max-video-preview":"max-video-preview:-1"},"canonical":"https:\/\/tourcruiser.com\/fr\/products\/air-jordan-1-low-black-toe-553558-116\/","og_locale":"fr_FR","og_type":"article","og_title":"Air Jordan 1 Low 'Black Toe' 553558-116 - TOURCRUISER PTE. LTD","og_description":"La Air Jordan 1 Low Black Toe de Jordan est un incontournable pour les fans de sneakers. Avec son design \u00e9pur\u00e9 et ses couleurs intemporelles, cette chaussure se distingue par son bout noir contrastant avec un fond blanc immacul\u00e9. Elle allie style et confort, ce qui en fait le choix id\u00e9al au quotidien. La Air [&hellip;]","og_url":"https:\/\/tourcruiser.com\/fr\/products\/air-jordan-1-low-black-toe-553558-116\/","og_site_name":"Tourcruiser Sneaker Store","article_modified_time":"2026-04-17T15:52:10+00:00","twitter_card":"summary_large_image","twitter_image":"https:\/\/images.novelship.com\/product\/air_jordan_1_low__black_toe__553558_116_0_53389.jpeg;https:\/\/images.novelship.com\/product\/air_jordan_1_low__black_toe__553558_116_1_53389.jpeg;https:\/\/images.novelship.com\/product\/air_jordan_1_low__black_toe__553558_116_2_53389.jpeg;https:\/\/images.novelship.com\/product\/air_jordan_1_low__black_toe__553558_116_3_53389.jpeg;https:\/\/images.novelship.com\/product\/air_jordan_1_low__black_toe__553558_116_4_53389.jpeg;https:\/\/images.novelship.com\/product\/air_jordan_1_low__black_toe__553558_116_5_53389.jpeg;https:\/\/images.novelship.com\/product\/air_jordan_1_low__black_toe__553558_116_6_53389.jpeg;https:\/\/images.novelship.com\/product\/air_jordan_1_low__black_toe__553558_116_7_53389.jpeg","schema":{"@context":"https:\/\/schema.org","@graph":[{"@type":"WebPage","@id":"https:\/\/tourcruiser.com\/fr\/products\/air-jordan-1-low-black-toe-553558-116\/","url":"https:\/\/tourcruiser.com\/fr\/products\/air-jordan-1-low-black-toe-553558-116\/","name":"Air Jordan 1 Low 'Black Toe' 553558-116 - TOURCRUISER PTE. LTD","isPartOf":{"@id":"\/#website"},"primaryImageOfPage":{"@id":"https:\/\/tourcruiser.com\/fr\/products\/air-jordan-1-low-black-toe-553558-116\/#primaryimage"},"image":{"@id":"https:\/\/tourcruiser.com\/fr\/products\/air-jordan-1-low-black-toe-553558-116\/#primaryimage"},"thumbnailUrl":"https:\/\/images.novelship.com\/product\/air_jordan_1_low__black_toe__553558_116_0_53389.jpeg;https:\/\/images.novelship.com\/product\/air_jordan_1_low__black_toe__553558_116_1_53389.jpeg;https:\/\/images.novelship.com\/product\/air_jordan_1_low__black_toe__553558_116_2_53389.jpeg;https:\/\/images.novelship.com\/product\/air_jordan_1_low__black_toe__553558_116_3_53389.jpeg;https:\/\/images.novelship.com\/product\/air_jordan_1_low__black_toe__553558_116_4_53389.jpeg;https:\/\/images.novelship.com\/product\/air_jordan_1_low__black_toe__553558_116_5_53389.jpeg;https:\/\/images.novelship.com\/product\/air_jordan_1_low__black_toe__553558_116_6_53389.jpeg;https:\/\/images.novelship.com\/product\/air_jordan_1_low__black_toe__553558_116_7_53389.jpeg","datePublished":"2026-04-16T10:09:21+00:00","dateModified":"2026-04-17T15:52:10+00:00","breadcrumb":{"@id":"https:\/\/tourcruiser.com\/fr\/products\/air-jordan-1-low-black-toe-553558-116\/#breadcrumb"},"inLanguage":"fr-FR","potentialAction":[{"@type":"ReadAction","target":["https:\/\/tourcruiser.com\/fr\/products\/air-jordan-1-low-black-toe-553558-116\/"]}]},{"@type":"ImageObject","inLanguage":"fr-FR","@id":"https:\/\/tourcruiser.com\/fr\/products\/air-jordan-1-low-black-toe-553558-116\/#primaryimage","url":"https:\/\/images.novelship.com\/product\/air_jordan_1_low__black_toe__553558_116_0_53389.jpeg;https:\/\/images.novelship.com\/product\/air_jordan_1_low__black_toe__553558_116_1_53389.jpeg;https:\/\/images.novelship.com\/product\/air_jordan_1_low__black_toe__553558_116_2_53389.jpeg;https:\/\/images.novelship.com\/product\/air_jordan_1_low__black_toe__553558_116_3_53389.jpeg;https:\/\/images.novelship.com\/product\/air_jordan_1_low__black_toe__553558_116_4_53389.jpeg;https:\/\/images.novelship.com\/product\/air_jordan_1_low__black_toe__553558_116_5_53389.jpeg;https:\/\/images.novelship.com\/product\/air_jordan_1_low__black_toe__553558_116_6_53389.jpeg;https:\/\/images.novelship.com\/product\/air_jordan_1_low__black_toe__553558_116_7_53389.jpeg","contentUrl":"https:\/\/images.novelship.com\/product\/air_jordan_1_low__black_toe__553558_116_0_53389.jpeg;https:\/\/images.novelship.com\/product\/air_jordan_1_low__black_toe__553558_116_1_53389.jpeg;https:\/\/images.novelship.com\/product\/air_jordan_1_low__black_toe__553558_116_2_53389.jpeg;https:\/\/images.novelship.com\/product\/air_jordan_1_low__black_toe__553558_116_3_53389.jpeg;https:\/\/images.novelship.com\/product\/air_jordan_1_low__black_toe__553558_116_4_53389.jpeg;https:\/\/images.novelship.com\/product\/air_jordan_1_low__black_toe__553558_116_5_53389.jpeg;https:\/\/images.novelship.com\/product\/air_jordan_1_low__black_toe__553558_116_6_53389.jpeg;https:\/\/images.novelship.com\/product\/air_jordan_1_low__black_toe__553558_116_7_53389.jpeg"},{"@type":"BreadcrumbList","@id":"https:\/\/tourcruiser.com\/fr\/products\/air-jordan-1-low-black-toe-553558-116\/#breadcrumb","itemListElement":[{"@type":"ListItem","position":1,"name":"Home","item":"https:\/\/tourcruiser.com\/fr\/"},{"@type":"ListItem","position":2,"name":"Shop","item":"https:\/\/tourcruiser.com\/fr\/shop\/"},{"@type":"ListItem","position":3,"name":"Air Jordan 1 Low &#8216;Black Toe&#8217; 553558-116"}]},{"@type":"WebSite","@id":"\/#website","url":"\/","name":"Styloral Jewelry Shop","description":"Tourcruiser Sneaker Store \u2014 L\u2019endroit o\u00f9 l\u2019univers rencontre votre singularit\u00e9.","publisher":{"@id":"\/#organization"},"potentialAction":[{"@type":"SearchAction","target":{"@type":"EntryPoint","urlTemplate":"\/?s={search_term_string}"},"query-input":{"@type":"PropertyValueSpecification","valueRequired":true,"valueName":"search_term_string"}}],"inLanguage":"fr-FR"},{"@type":"Organization","@id":"\/#organization","name":"STYLORAL PTE. LTD","url":"\/","logo":{"@type":"ImageObject","inLanguage":"fr-FR","@id":"\/#\/schema\/logo\/image\/","url":"https:\/\/www.tourcruiser.com\/wp-content\/uploads\/2025\/12\/logo.png","contentUrl":"https:\/\/www.tourcruiser.com\/wp-content\/uploads\/2025\/12\/logo.png","width":200,"height":65,"caption":"STYLORAL PTE. LTD"},"image":{"@id":"\/#\/schema\/logo\/image\/"}}]}},"_links":{"self":[{"href":"https:\/\/tourcruiser.com\/fr\/wp-json\/wp\/v2\/product\/761493","targetHints":{"allow":["GET"]}}],"collection":[{"href":"https:\/\/tourcruiser.com\/fr\/wp-json\/wp\/v2\/product"}],"about":[{"href":"https:\/\/tourcruiser.com\/fr\/wp-json\/wp\/v2\/types\/product"}],"replies":[{"embeddable":true,"href":"https:\/\/tourcruiser.com\/fr\/wp-json\/wp\/v2\/comments?post=761493"}],"wp:featuredmedia":[{"embeddable":true,"href":"https:\/\/tourcruiser.com\/fr\/wp-json\/wp\/v2\/media\/761494"}],"wp:attachment":[{"href":"https:\/\/tourcruiser.com\/fr\/wp-json\/wp\/v2\/media?parent=761493"}],"wp:term":[{"taxonomy":"product_brand","embeddable":true,"href":"https:\/\/tourcruiser.com\/fr\/wp-json\/wp\/v2\/product_brand?post=761493"},{"taxonomy":"product_cat","embeddable":true,"href":"https:\/\/tourcruiser.com\/fr\/wp-json\/wp\/v2\/product_cat?post=761493"},{"taxonomy":"product_tag","embeddable":true,"href":"https:\/\/tourcruiser.com\/fr\/wp-json\/wp\/v2\/product_tag?post=761493"}],"curies":[{"name":"wp","href":"https:\/\/api.w.org\/{rel}","templated":true}]}}