{"id":761310,"date":"2026-04-16T17:09:14","date_gmt":"2026-04-16T10:09:14","guid":{"rendered":"http:\/\/tourcruiser.com\/product\/air-jordan-1-low-court-purple-2019-553558-125"},"modified":"2026-04-17T21:55:19","modified_gmt":"2026-04-17T14:55:19","slug":"air-jordan-1-low-court-purple-2019-553558-125","status":"publish","type":"product","link":"https:\/\/tourcruiser.com\/fr\/products\/air-jordan-1-low-court-purple-2019-553558-125\/","title":{"rendered":"Air Jordan 1 Low &lsquo;Court Purple&rsquo; 2019 553558-125"},"content":{"rendered":"<p>D\u00e9couvrez la Air Jordan 1 Low Court Purple 2019 de Jordan. Avec sa couleur violette \u00e9clatante, cette sneaker ne passe pas inaper\u00e7ue. Ce mod\u00e8le bas est id\u00e9al pour les fans de basketball et les collectionneurs de sneakers. Avec la Court Purple, vous \u00eates assur\u00e9 de faire sensation.<\/p>\n<p>Coloris\u00a0: Blanc\/Noir\/Violet Court<br \/>\nCode article\u00a0: 553558-125<br \/>\nTige\u00a0: Cuir\/Daim<br \/>\nSemelle interm\u00e9diaire\u00a0: Air<br \/>\nCouleur\u00a0: Noir<br \/>\nDesigner\u00a0: Peter Moore<br \/>\nSaison\u00a0: Automne<br \/>\nAnn\u00e9e de sortie\u00a0: 2019<br \/>\n\u00c2ge\u00a0: Adulte<br \/>\nCouleur\u00a0: Noir<br \/>\nGenre\u00a0: Homme<\/p>\n","protected":false},"excerpt":{"rendered":"<p>D\u00e9couvrez la Air Jordan 1 Low Court Purple 2019 de Jordan. Avec sa couleur violette \u00e9clatante, cette sneaker ne passe pas inaper\u00e7ue. Ce mod\u00e8le bas est id\u00e9al pour les fans de basketball et les collectionneurs de sneakers. Avec la Court Purple, vous \u00eates assur\u00e9 de faire sensation. Coloris\u00a0: Blanc\/Noir\/Violet Court Code article\u00a0: 553558-125 Tige\u00a0: Cuir\/Daim [&hellip;]<\/p>\n","protected":false},"featured_media":761311,"comment_status":"open","ping_status":"closed","template":"","meta":[],"product_brand":[],"product_cat":[38880],"product_tag":[10750,10800,38841,38842,10776,11349,38875,38886,10756],"class_list":{"0":"post-761310","1":"product","2":"type-product","3":"status-publish","4":"has-post-thumbnail","6":"product_cat-jordan","7":"product_tag-athleisure-shoes","8":"product_tag-basketball-shoes","9":"product_tag-casual-shoes","10":"product_tag-gift-idea-for-him","11":"product_tag-jordan","12":"product_tag-jordan-basketball-shoes","13":"product_tag-jordan-skateboard-shoes","14":"product_tag-lifestyle-shoes-inspired-by-basketball","15":"product_tag-retro-casual-shoes","17":"first","18":"instock","19":"taxable","20":"shipping-taxable","21":"purchasable","22":"product-type-simple"},"wcpa_form_fields":null,"yoast_head":"<!-- This site is optimized with the Yoast SEO plugin v26.5 - https:\/\/yoast.com\/wordpress\/plugins\/seo\/ -->\n<title>Air Jordan 1 Low &#039;Court Purple&#039; 2019 553558-125 - TOURCRUISER PTE. LTD<\/title>\n<meta name=\"robots\" content=\"index, follow, max-snippet:-1, max-image-preview:large, max-video-preview:-1\" \/>\n<link rel=\"canonical\" href=\"https:\/\/tourcruiser.com\/fr\/products\/air-jordan-1-low-court-purple-2019-553558-125\/\" \/>\n<meta property=\"og:locale\" content=\"fr_FR\" \/>\n<meta property=\"og:type\" content=\"article\" \/>\n<meta property=\"og:title\" content=\"Air Jordan 1 Low &#039;Court Purple&#039; 2019 553558-125 - TOURCRUISER PTE. LTD\" \/>\n<meta property=\"og:description\" content=\"D\u00e9couvrez la Air Jordan 1 Low Court Purple 2019 de Jordan. Avec sa couleur violette \u00e9clatante, cette sneaker ne passe pas inaper\u00e7ue. Ce mod\u00e8le bas est id\u00e9al pour les fans de basketball et les collectionneurs de sneakers. Avec la Court Purple, vous \u00eates assur\u00e9 de faire sensation. Coloris\u00a0: Blanc\/Noir\/Violet Court Code article\u00a0: 553558-125 Tige\u00a0: Cuir\/Daim [&hellip;]\" \/>\n<meta property=\"og:url\" content=\"https:\/\/tourcruiser.com\/fr\/products\/air-jordan-1-low-court-purple-2019-553558-125\/\" \/>\n<meta property=\"og:site_name\" content=\"Tourcruiser Sneaker Store\" \/>\n<meta property=\"article:modified_time\" content=\"2026-04-17T14:55:19+00:00\" \/>\n<meta name=\"twitter:card\" content=\"summary_large_image\" \/>\n<meta name=\"twitter:image\" content=\"https:\/\/images.novelship.com\/product\/air_jordan_1_low__court_purple__2019_553558_125_0_68553.jpeg;https:\/\/images.novelship.com\/product\/air_jordan_1_low__court_purple__2019_553558_125_1_68553.jpeg;https:\/\/images.novelship.com\/product\/air_jordan_1_low__court_purple__2019_553558_125_2_68553.jpeg;https:\/\/images.novelship.com\/product\/air_jordan_1_low__court_purple__2019_553558_125_3_68553.jpeg;https:\/\/images.novelship.com\/product\/air_jordan_1_low__court_purple__2019_553558_125_4_68553.jpeg;https:\/\/images.novelship.com\/product\/air_jordan_1_low__court_purple__2019_553558_125_5_68553.jpeg;https:\/\/images.novelship.com\/product\/air_jordan_1_low__court_purple__2019_553558_125_6_68554.jpeg;https:\/\/images.novelship.com\/product\/air_jordan_1_low__court_purple__2019_553558_125_7_68554.jpeg\" \/>\n<script type=\"application\/ld+json\" class=\"yoast-schema-graph\">{\"@context\":\"https:\/\/schema.org\",\"@graph\":[{\"@type\":\"WebPage\",\"@id\":\"https:\/\/tourcruiser.com\/fr\/products\/air-jordan-1-low-court-purple-2019-553558-125\/\",\"url\":\"https:\/\/tourcruiser.com\/fr\/products\/air-jordan-1-low-court-purple-2019-553558-125\/\",\"name\":\"Air Jordan 1 Low 'Court Purple' 2019 553558-125 - TOURCRUISER PTE. LTD\",\"isPartOf\":{\"@id\":\"\/#website\"},\"primaryImageOfPage\":{\"@id\":\"https:\/\/tourcruiser.com\/fr\/products\/air-jordan-1-low-court-purple-2019-553558-125\/#primaryimage\"},\"image\":{\"@id\":\"https:\/\/tourcruiser.com\/fr\/products\/air-jordan-1-low-court-purple-2019-553558-125\/#primaryimage\"},\"thumbnailUrl\":\"https:\/\/images.novelship.com\/product\/air_jordan_1_low__court_purple__2019_553558_125_0_68553.jpeg;https:\/\/images.novelship.com\/product\/air_jordan_1_low__court_purple__2019_553558_125_1_68553.jpeg;https:\/\/images.novelship.com\/product\/air_jordan_1_low__court_purple__2019_553558_125_2_68553.jpeg;https:\/\/images.novelship.com\/product\/air_jordan_1_low__court_purple__2019_553558_125_3_68553.jpeg;https:\/\/images.novelship.com\/product\/air_jordan_1_low__court_purple__2019_553558_125_4_68553.jpeg;https:\/\/images.novelship.com\/product\/air_jordan_1_low__court_purple__2019_553558_125_5_68553.jpeg;https:\/\/images.novelship.com\/product\/air_jordan_1_low__court_purple__2019_553558_125_6_68554.jpeg;https:\/\/images.novelship.com\/product\/air_jordan_1_low__court_purple__2019_553558_125_7_68554.jpeg\",\"datePublished\":\"2026-04-16T10:09:14+00:00\",\"dateModified\":\"2026-04-17T14:55:19+00:00\",\"breadcrumb\":{\"@id\":\"https:\/\/tourcruiser.com\/fr\/products\/air-jordan-1-low-court-purple-2019-553558-125\/#breadcrumb\"},\"inLanguage\":\"fr-FR\",\"potentialAction\":[{\"@type\":\"ReadAction\",\"target\":[\"https:\/\/tourcruiser.com\/fr\/products\/air-jordan-1-low-court-purple-2019-553558-125\/\"]}]},{\"@type\":\"ImageObject\",\"inLanguage\":\"fr-FR\",\"@id\":\"https:\/\/tourcruiser.com\/fr\/products\/air-jordan-1-low-court-purple-2019-553558-125\/#primaryimage\",\"url\":\"https:\/\/images.novelship.com\/product\/air_jordan_1_low__court_purple__2019_553558_125_0_68553.jpeg;https:\/\/images.novelship.com\/product\/air_jordan_1_low__court_purple__2019_553558_125_1_68553.jpeg;https:\/\/images.novelship.com\/product\/air_jordan_1_low__court_purple__2019_553558_125_2_68553.jpeg;https:\/\/images.novelship.com\/product\/air_jordan_1_low__court_purple__2019_553558_125_3_68553.jpeg;https:\/\/images.novelship.com\/product\/air_jordan_1_low__court_purple__2019_553558_125_4_68553.jpeg;https:\/\/images.novelship.com\/product\/air_jordan_1_low__court_purple__2019_553558_125_5_68553.jpeg;https:\/\/images.novelship.com\/product\/air_jordan_1_low__court_purple__2019_553558_125_6_68554.jpeg;https:\/\/images.novelship.com\/product\/air_jordan_1_low__court_purple__2019_553558_125_7_68554.jpeg\",\"contentUrl\":\"https:\/\/images.novelship.com\/product\/air_jordan_1_low__court_purple__2019_553558_125_0_68553.jpeg;https:\/\/images.novelship.com\/product\/air_jordan_1_low__court_purple__2019_553558_125_1_68553.jpeg;https:\/\/images.novelship.com\/product\/air_jordan_1_low__court_purple__2019_553558_125_2_68553.jpeg;https:\/\/images.novelship.com\/product\/air_jordan_1_low__court_purple__2019_553558_125_3_68553.jpeg;https:\/\/images.novelship.com\/product\/air_jordan_1_low__court_purple__2019_553558_125_4_68553.jpeg;https:\/\/images.novelship.com\/product\/air_jordan_1_low__court_purple__2019_553558_125_5_68553.jpeg;https:\/\/images.novelship.com\/product\/air_jordan_1_low__court_purple__2019_553558_125_6_68554.jpeg;https:\/\/images.novelship.com\/product\/air_jordan_1_low__court_purple__2019_553558_125_7_68554.jpeg\"},{\"@type\":\"BreadcrumbList\",\"@id\":\"https:\/\/tourcruiser.com\/fr\/products\/air-jordan-1-low-court-purple-2019-553558-125\/#breadcrumb\",\"itemListElement\":[{\"@type\":\"ListItem\",\"position\":1,\"name\":\"Home\",\"item\":\"https:\/\/tourcruiser.com\/fr\/\"},{\"@type\":\"ListItem\",\"position\":2,\"name\":\"Shop\",\"item\":\"https:\/\/tourcruiser.com\/fr\/shop\/\"},{\"@type\":\"ListItem\",\"position\":3,\"name\":\"Air Jordan 1 Low &#8216;Court Purple&#8217; 2019 553558-125\"}]},{\"@type\":\"WebSite\",\"@id\":\"\/#website\",\"url\":\"\/\",\"name\":\"Styloral Jewelry Shop\",\"description\":\"Tourcruiser Sneaker Store \u2014 L\u2019endroit o\u00f9 l\u2019univers rencontre votre singularit\u00e9.\",\"publisher\":{\"@id\":\"\/#organization\"},\"potentialAction\":[{\"@type\":\"SearchAction\",\"target\":{\"@type\":\"EntryPoint\",\"urlTemplate\":\"\/?s={search_term_string}\"},\"query-input\":{\"@type\":\"PropertyValueSpecification\",\"valueRequired\":true,\"valueName\":\"search_term_string\"}}],\"inLanguage\":\"fr-FR\"},{\"@type\":\"Organization\",\"@id\":\"\/#organization\",\"name\":\"STYLORAL PTE. LTD\",\"url\":\"\/\",\"logo\":{\"@type\":\"ImageObject\",\"inLanguage\":\"fr-FR\",\"@id\":\"\/#\/schema\/logo\/image\/\",\"url\":\"https:\/\/www.tourcruiser.com\/wp-content\/uploads\/2025\/12\/logo.png\",\"contentUrl\":\"https:\/\/www.tourcruiser.com\/wp-content\/uploads\/2025\/12\/logo.png\",\"width\":200,\"height\":65,\"caption\":\"STYLORAL PTE. LTD\"},\"image\":{\"@id\":\"\/#\/schema\/logo\/image\/\"}}]}<\/script>\n<!-- \/ Yoast SEO plugin. -->","yoast_head_json":{"title":"Air Jordan 1 Low 'Court Purple' 2019 553558-125 - TOURCRUISER PTE. LTD","robots":{"index":"index","follow":"follow","max-snippet":"max-snippet:-1","max-image-preview":"max-image-preview:large","max-video-preview":"max-video-preview:-1"},"canonical":"https:\/\/tourcruiser.com\/fr\/products\/air-jordan-1-low-court-purple-2019-553558-125\/","og_locale":"fr_FR","og_type":"article","og_title":"Air Jordan 1 Low 'Court Purple' 2019 553558-125 - TOURCRUISER PTE. LTD","og_description":"D\u00e9couvrez la Air Jordan 1 Low Court Purple 2019 de Jordan. Avec sa couleur violette \u00e9clatante, cette sneaker ne passe pas inaper\u00e7ue. Ce mod\u00e8le bas est id\u00e9al pour les fans de basketball et les collectionneurs de sneakers. Avec la Court Purple, vous \u00eates assur\u00e9 de faire sensation. Coloris\u00a0: Blanc\/Noir\/Violet Court Code article\u00a0: 553558-125 Tige\u00a0: Cuir\/Daim [&hellip;]","og_url":"https:\/\/tourcruiser.com\/fr\/products\/air-jordan-1-low-court-purple-2019-553558-125\/","og_site_name":"Tourcruiser Sneaker Store","article_modified_time":"2026-04-17T14:55:19+00:00","twitter_card":"summary_large_image","twitter_image":"https:\/\/images.novelship.com\/product\/air_jordan_1_low__court_purple__2019_553558_125_0_68553.jpeg;https:\/\/images.novelship.com\/product\/air_jordan_1_low__court_purple__2019_553558_125_1_68553.jpeg;https:\/\/images.novelship.com\/product\/air_jordan_1_low__court_purple__2019_553558_125_2_68553.jpeg;https:\/\/images.novelship.com\/product\/air_jordan_1_low__court_purple__2019_553558_125_3_68553.jpeg;https:\/\/images.novelship.com\/product\/air_jordan_1_low__court_purple__2019_553558_125_4_68553.jpeg;https:\/\/images.novelship.com\/product\/air_jordan_1_low__court_purple__2019_553558_125_5_68553.jpeg;https:\/\/images.novelship.com\/product\/air_jordan_1_low__court_purple__2019_553558_125_6_68554.jpeg;https:\/\/images.novelship.com\/product\/air_jordan_1_low__court_purple__2019_553558_125_7_68554.jpeg","schema":{"@context":"https:\/\/schema.org","@graph":[{"@type":"WebPage","@id":"https:\/\/tourcruiser.com\/fr\/products\/air-jordan-1-low-court-purple-2019-553558-125\/","url":"https:\/\/tourcruiser.com\/fr\/products\/air-jordan-1-low-court-purple-2019-553558-125\/","name":"Air Jordan 1 Low 'Court Purple' 2019 553558-125 - TOURCRUISER PTE. LTD","isPartOf":{"@id":"\/#website"},"primaryImageOfPage":{"@id":"https:\/\/tourcruiser.com\/fr\/products\/air-jordan-1-low-court-purple-2019-553558-125\/#primaryimage"},"image":{"@id":"https:\/\/tourcruiser.com\/fr\/products\/air-jordan-1-low-court-purple-2019-553558-125\/#primaryimage"},"thumbnailUrl":"https:\/\/images.novelship.com\/product\/air_jordan_1_low__court_purple__2019_553558_125_0_68553.jpeg;https:\/\/images.novelship.com\/product\/air_jordan_1_low__court_purple__2019_553558_125_1_68553.jpeg;https:\/\/images.novelship.com\/product\/air_jordan_1_low__court_purple__2019_553558_125_2_68553.jpeg;https:\/\/images.novelship.com\/product\/air_jordan_1_low__court_purple__2019_553558_125_3_68553.jpeg;https:\/\/images.novelship.com\/product\/air_jordan_1_low__court_purple__2019_553558_125_4_68553.jpeg;https:\/\/images.novelship.com\/product\/air_jordan_1_low__court_purple__2019_553558_125_5_68553.jpeg;https:\/\/images.novelship.com\/product\/air_jordan_1_low__court_purple__2019_553558_125_6_68554.jpeg;https:\/\/images.novelship.com\/product\/air_jordan_1_low__court_purple__2019_553558_125_7_68554.jpeg","datePublished":"2026-04-16T10:09:14+00:00","dateModified":"2026-04-17T14:55:19+00:00","breadcrumb":{"@id":"https:\/\/tourcruiser.com\/fr\/products\/air-jordan-1-low-court-purple-2019-553558-125\/#breadcrumb"},"inLanguage":"fr-FR","potentialAction":[{"@type":"ReadAction","target":["https:\/\/tourcruiser.com\/fr\/products\/air-jordan-1-low-court-purple-2019-553558-125\/"]}]},{"@type":"ImageObject","inLanguage":"fr-FR","@id":"https:\/\/tourcruiser.com\/fr\/products\/air-jordan-1-low-court-purple-2019-553558-125\/#primaryimage","url":"https:\/\/images.novelship.com\/product\/air_jordan_1_low__court_purple__2019_553558_125_0_68553.jpeg;https:\/\/images.novelship.com\/product\/air_jordan_1_low__court_purple__2019_553558_125_1_68553.jpeg;https:\/\/images.novelship.com\/product\/air_jordan_1_low__court_purple__2019_553558_125_2_68553.jpeg;https:\/\/images.novelship.com\/product\/air_jordan_1_low__court_purple__2019_553558_125_3_68553.jpeg;https:\/\/images.novelship.com\/product\/air_jordan_1_low__court_purple__2019_553558_125_4_68553.jpeg;https:\/\/images.novelship.com\/product\/air_jordan_1_low__court_purple__2019_553558_125_5_68553.jpeg;https:\/\/images.novelship.com\/product\/air_jordan_1_low__court_purple__2019_553558_125_6_68554.jpeg;https:\/\/images.novelship.com\/product\/air_jordan_1_low__court_purple__2019_553558_125_7_68554.jpeg","contentUrl":"https:\/\/images.novelship.com\/product\/air_jordan_1_low__court_purple__2019_553558_125_0_68553.jpeg;https:\/\/images.novelship.com\/product\/air_jordan_1_low__court_purple__2019_553558_125_1_68553.jpeg;https:\/\/images.novelship.com\/product\/air_jordan_1_low__court_purple__2019_553558_125_2_68553.jpeg;https:\/\/images.novelship.com\/product\/air_jordan_1_low__court_purple__2019_553558_125_3_68553.jpeg;https:\/\/images.novelship.com\/product\/air_jordan_1_low__court_purple__2019_553558_125_4_68553.jpeg;https:\/\/images.novelship.com\/product\/air_jordan_1_low__court_purple__2019_553558_125_5_68553.jpeg;https:\/\/images.novelship.com\/product\/air_jordan_1_low__court_purple__2019_553558_125_6_68554.jpeg;https:\/\/images.novelship.com\/product\/air_jordan_1_low__court_purple__2019_553558_125_7_68554.jpeg"},{"@type":"BreadcrumbList","@id":"https:\/\/tourcruiser.com\/fr\/products\/air-jordan-1-low-court-purple-2019-553558-125\/#breadcrumb","itemListElement":[{"@type":"ListItem","position":1,"name":"Home","item":"https:\/\/tourcruiser.com\/fr\/"},{"@type":"ListItem","position":2,"name":"Shop","item":"https:\/\/tourcruiser.com\/fr\/shop\/"},{"@type":"ListItem","position":3,"name":"Air Jordan 1 Low &#8216;Court Purple&#8217; 2019 553558-125"}]},{"@type":"WebSite","@id":"\/#website","url":"\/","name":"Styloral Jewelry Shop","description":"Tourcruiser Sneaker Store \u2014 L\u2019endroit o\u00f9 l\u2019univers rencontre votre singularit\u00e9.","publisher":{"@id":"\/#organization"},"potentialAction":[{"@type":"SearchAction","target":{"@type":"EntryPoint","urlTemplate":"\/?s={search_term_string}"},"query-input":{"@type":"PropertyValueSpecification","valueRequired":true,"valueName":"search_term_string"}}],"inLanguage":"fr-FR"},{"@type":"Organization","@id":"\/#organization","name":"STYLORAL PTE. LTD","url":"\/","logo":{"@type":"ImageObject","inLanguage":"fr-FR","@id":"\/#\/schema\/logo\/image\/","url":"https:\/\/www.tourcruiser.com\/wp-content\/uploads\/2025\/12\/logo.png","contentUrl":"https:\/\/www.tourcruiser.com\/wp-content\/uploads\/2025\/12\/logo.png","width":200,"height":65,"caption":"STYLORAL PTE. LTD"},"image":{"@id":"\/#\/schema\/logo\/image\/"}}]}},"_links":{"self":[{"href":"https:\/\/tourcruiser.com\/fr\/wp-json\/wp\/v2\/product\/761310","targetHints":{"allow":["GET"]}}],"collection":[{"href":"https:\/\/tourcruiser.com\/fr\/wp-json\/wp\/v2\/product"}],"about":[{"href":"https:\/\/tourcruiser.com\/fr\/wp-json\/wp\/v2\/types\/product"}],"replies":[{"embeddable":true,"href":"https:\/\/tourcruiser.com\/fr\/wp-json\/wp\/v2\/comments?post=761310"}],"wp:featuredmedia":[{"embeddable":true,"href":"https:\/\/tourcruiser.com\/fr\/wp-json\/wp\/v2\/media\/761311"}],"wp:attachment":[{"href":"https:\/\/tourcruiser.com\/fr\/wp-json\/wp\/v2\/media?parent=761310"}],"wp:term":[{"taxonomy":"product_brand","embeddable":true,"href":"https:\/\/tourcruiser.com\/fr\/wp-json\/wp\/v2\/product_brand?post=761310"},{"taxonomy":"product_cat","embeddable":true,"href":"https:\/\/tourcruiser.com\/fr\/wp-json\/wp\/v2\/product_cat?post=761310"},{"taxonomy":"product_tag","embeddable":true,"href":"https:\/\/tourcruiser.com\/fr\/wp-json\/wp\/v2\/product_tag?post=761310"}],"curies":[{"name":"wp","href":"https:\/\/api.w.org\/{rel}","templated":true}]}}