{"id":761261,"date":"2026-04-16T17:09:12","date_gmt":"2026-04-16T10:09:12","guid":{"rendered":"http:\/\/tourcruiser.com\/product\/palace-x-adidas-puig-samba-black-silver-hq6099"},"modified":"2026-04-17T22:51:52","modified_gmt":"2026-04-17T15:51:52","slug":"palace-x-adidas-puig-samba-black-silver-hq6099","status":"publish","type":"product","link":"https:\/\/tourcruiser.com\/fr\/products\/palace-x-adidas-puig-samba-black-silver-hq6099\/","title":{"rendered":"Palace x adidas Puig Samba &lsquo;Black Silver&rsquo; HQ6099"},"content":{"rendered":"<p>La sneaker Palace x adidas Puig Samba noire et argent\u00e9e est le fruit d&rsquo;une collaboration entre deux marques embl\u00e9matiques. Avec son design \u00e9l\u00e9gant et ses mat\u00e9riaux haut de gamme, elle allie mode et performance. Que ce soit en ville ou au skatepark, cette sneaker offre un confort exceptionnel et un look sophistiqu\u00e9. Id\u00e9ale pour les fans d&rsquo;adidas et les passionn\u00e9s de sneakers, cette collaboration Palace est un incontournable de toute collection.<\/p>\n<p>Coloris : Noir\/Argent m\u00e9tallis\u00e9\/Gomme<\/p>\n<p>Code article : HQ6099<\/p>\n<p>Mati\u00e8re ext\u00e9rieure : Cuir<\/p>\n<p>Couleur : Noir<\/p>\n<p>Saison : Hiver<\/p>\n<p>Ann\u00e9e de sortie : 2023<\/p>\n<p>\u00c2ge : Adulte<\/p>\n<p>Couleur : Noir<\/p>\n<p>Genre : Homme<\/p>\n","protected":false},"excerpt":{"rendered":"<p>La sneaker Palace x adidas Puig Samba noire et argent\u00e9e est le fruit d&rsquo;une collaboration entre deux marques embl\u00e9matiques. Avec son design \u00e9l\u00e9gant et ses mat\u00e9riaux haut de gamme, elle allie mode et performance. Que ce soit en ville ou au skatepark, cette sneaker offre un confort exceptionnel et un look sophistiqu\u00e9. Id\u00e9ale pour les [&hellip;]<\/p>\n","protected":false},"featured_media":761262,"comment_status":"open","ping_status":"closed","template":"","meta":[],"product_brand":[],"product_cat":[10760],"product_tag":[10759,38892,38842,38846,10756,11153],"class_list":{"0":"post-761261","1":"product","2":"type-product","3":"status-publish","4":"has-post-thumbnail","6":"product_cat-adidas","7":"product_tag-adidas","8":"product_tag-adidas-skateboard-shoes","9":"product_tag-gift-idea-for-him","10":"product_tag-performance-sports-shoes","11":"product_tag-retro-casual-shoes","12":"product_tag-skateboard-shoes","13":"wcpa_has_options","15":"first","16":"instock","17":"taxable","18":"shipping-taxable","19":"purchasable","20":"product-type-simple"},"wcpa_form_fields":{"rules":{"pric_overide_base_price":false,"pric_overide_base_price_if_gt_zero":false,"pric_overide_base_price_fully":false,"pric_cal_option_once":false,"pric_use_as_fee":false,"bind_quantity":false,"quantity_bind_formula":false},"fields":[{"type":"color-group","required":true,"elementId":"wcpa-color-group-66c4a7f817afe","label":"Taille","inline":true,"priceOptions":"different_for_all","pricingType":"fixed","className":"hassizechart product-shoes-size-eu product-shoes-size","name":"color-group-66c4a7f817b18","disp_type":"square","selection_type":"tick-border","disp_size":"50","show_label_inside":true,"adjust_width":true,"cart_display_type":"text","other_text":"Other","cl_rule":"show","col":6,"values":[{"label":"35","value":"EU 35","price":"","pimage":"","pimage_id":"","pthumb":"","color":""},{"label":"35.5","value":"EU 35.5","price":"","pimage":"","pimage_id":"","pthumb":"","color":""},{"label":"36","value":"EU 36","price":"","pimage":"","pimage_id":"","pthumb":"","color":"","selected":true},{"label":"36 2\/3","value":"EU 36 2\/3","price":"","pimage":"","pimage_id":"","pthumb":"","color":""},{"label":"37 1\/3","value":"EU 37 1\/3","price":"","pimage":"","pimage_id":"","pthumb":"","color":""},{"label":"38","value":"EU 38","price":"","pimage":"","pimage_id":"","pthumb":"","color":""},{"label":"38 2\/3","value":"EU 38 2\/3","price":"","pimage":"","pimage_id":"","pthumb":"","color":""},{"label":"39 1\/3","value":"EU 39 1\/3","price":"","pimage":"","pimage_id":"","pthumb":"","color":""},{"label":"40","value":"EU 40","price":"","pimage":"","pimage_id":"","pthumb":"","color":""},{"label":"40 2\/3","value":"EU 40 2\/3","price":"","pimage":"","pimage_id":"","pthumb":"","color":""},{"label":"41 1\/3","value":"EU 41 1\/3","price":"","pimage":"","pimage_id":"","pthumb":"","color":""},{"label":"42","value":"EU 42","price":"","pimage":"","pimage_id":"","pthumb":"","color":""},{"label":"42 2\/3","value":"EU 42 2\/3","price":"","pimage":"","pimage_id":"","pthumb":"","color":""},{"label":"43 1\/3","value":"EU 43 1\/3","price":"","pimage":"","pimage_id":"","pthumb":"","color":""},{"label":"44","value":"EU 44","price":"","pimage":"","pimage_id":"","pthumb":"","color":""},{"label":"44 2\/3","value":"EU 44 2\/3","price":"","pimage":"","pimage_id":"","pthumb":"","color":""},{"label":"45 1\/3","value":"EU 45 1\/3","price":"","pimage":"","pimage_id":"","pthumb":"","color":""},{"label":"46","value":"EU 46","price":"","pimage":"","pimage_id":"","pthumb":"","color":""},{"label":"46 2\/3","value":"EU 46 2\/3","price":"","pimage":"","pimage_id":"","pthumb":"","color":""},{"label":"47 1\/3","value":"EU 47 1\/3","price":"","pimage":"","pimage_id":"","pthumb":"","color":""}],"relations":[{"operator":false,"rules":[]}],"form_id":24802,"form_rules":{"pric_cal_option_once":false,"exclude_from_discount":false,"pric_use_as_fee":false,"fee_label":"Fee","render_after_acb":false,"disp_hide_options_price":false}}]},"yoast_head":"<!-- This site is optimized with the Yoast SEO plugin v26.5 - https:\/\/yoast.com\/wordpress\/plugins\/seo\/ -->\n<title>Palace x adidas Puig Samba &#039;Black Silver&#039; HQ6099 - TOURCRUISER PTE. LTD<\/title>\n<meta name=\"robots\" content=\"index, follow, max-snippet:-1, max-image-preview:large, max-video-preview:-1\" \/>\n<link rel=\"canonical\" href=\"https:\/\/tourcruiser.com\/fr\/products\/palace-x-adidas-puig-samba-black-silver-hq6099\/\" \/>\n<meta property=\"og:locale\" content=\"fr_FR\" \/>\n<meta property=\"og:type\" content=\"article\" \/>\n<meta property=\"og:title\" content=\"Palace x adidas Puig Samba &#039;Black Silver&#039; HQ6099 - TOURCRUISER PTE. LTD\" \/>\n<meta property=\"og:description\" content=\"La sneaker Palace x adidas Puig Samba noire et argent\u00e9e est le fruit d&rsquo;une collaboration entre deux marques embl\u00e9matiques. Avec son design \u00e9l\u00e9gant et ses mat\u00e9riaux haut de gamme, elle allie mode et performance. Que ce soit en ville ou au skatepark, cette sneaker offre un confort exceptionnel et un look sophistiqu\u00e9. Id\u00e9ale pour les [&hellip;]\" \/>\n<meta property=\"og:url\" content=\"https:\/\/tourcruiser.com\/fr\/products\/palace-x-adidas-puig-samba-black-silver-hq6099\/\" \/>\n<meta property=\"og:site_name\" content=\"Tourcruiser Sneaker Store\" \/>\n<meta property=\"article:modified_time\" content=\"2026-04-17T15:51:52+00:00\" \/>\n<meta name=\"twitter:card\" content=\"summary_large_image\" \/>\n<meta name=\"twitter:image\" content=\"https:\/\/images.novelship.com\/product\/palace_x_adidas_puig_samba__black_silver__hq6099_0_35435.jpeg;https:\/\/images.novelship.com\/product\/palace_x_adidas_puig_samba__black_silver__hq6099_1_35435.jpeg;https:\/\/images.novelship.com\/product\/palace_x_adidas_puig_samba__black_silver__hq6099_2_35435.jpeg;https:\/\/images.novelship.com\/product\/palace_x_adidas_puig_samba__black_silver__hq6099_3_35435.jpeg;https:\/\/images.novelship.com\/product\/palace_x_adidas_puig_samba__black_silver__hq6099_4_35435.jpeg\" \/>\n<meta name=\"twitter:label1\" content=\"Dur\u00e9e de lecture estim\u00e9e\" \/>\n\t<meta name=\"twitter:data1\" content=\"1 minute\" \/>\n<script type=\"application\/ld+json\" class=\"yoast-schema-graph\">{\"@context\":\"https:\/\/schema.org\",\"@graph\":[{\"@type\":\"WebPage\",\"@id\":\"https:\/\/tourcruiser.com\/fr\/products\/palace-x-adidas-puig-samba-black-silver-hq6099\/\",\"url\":\"https:\/\/tourcruiser.com\/fr\/products\/palace-x-adidas-puig-samba-black-silver-hq6099\/\",\"name\":\"Palace x adidas Puig Samba 'Black Silver' HQ6099 - TOURCRUISER PTE. LTD\",\"isPartOf\":{\"@id\":\"\/#website\"},\"primaryImageOfPage\":{\"@id\":\"https:\/\/tourcruiser.com\/fr\/products\/palace-x-adidas-puig-samba-black-silver-hq6099\/#primaryimage\"},\"image\":{\"@id\":\"https:\/\/tourcruiser.com\/fr\/products\/palace-x-adidas-puig-samba-black-silver-hq6099\/#primaryimage\"},\"thumbnailUrl\":\"https:\/\/images.novelship.com\/product\/palace_x_adidas_puig_samba__black_silver__hq6099_0_35435.jpeg;https:\/\/images.novelship.com\/product\/palace_x_adidas_puig_samba__black_silver__hq6099_1_35435.jpeg;https:\/\/images.novelship.com\/product\/palace_x_adidas_puig_samba__black_silver__hq6099_2_35435.jpeg;https:\/\/images.novelship.com\/product\/palace_x_adidas_puig_samba__black_silver__hq6099_3_35435.jpeg;https:\/\/images.novelship.com\/product\/palace_x_adidas_puig_samba__black_silver__hq6099_4_35435.jpeg\",\"datePublished\":\"2026-04-16T10:09:12+00:00\",\"dateModified\":\"2026-04-17T15:51:52+00:00\",\"breadcrumb\":{\"@id\":\"https:\/\/tourcruiser.com\/fr\/products\/palace-x-adidas-puig-samba-black-silver-hq6099\/#breadcrumb\"},\"inLanguage\":\"fr-FR\",\"potentialAction\":[{\"@type\":\"ReadAction\",\"target\":[\"https:\/\/tourcruiser.com\/fr\/products\/palace-x-adidas-puig-samba-black-silver-hq6099\/\"]}]},{\"@type\":\"ImageObject\",\"inLanguage\":\"fr-FR\",\"@id\":\"https:\/\/tourcruiser.com\/fr\/products\/palace-x-adidas-puig-samba-black-silver-hq6099\/#primaryimage\",\"url\":\"https:\/\/images.novelship.com\/product\/palace_x_adidas_puig_samba__black_silver__hq6099_0_35435.jpeg;https:\/\/images.novelship.com\/product\/palace_x_adidas_puig_samba__black_silver__hq6099_1_35435.jpeg;https:\/\/images.novelship.com\/product\/palace_x_adidas_puig_samba__black_silver__hq6099_2_35435.jpeg;https:\/\/images.novelship.com\/product\/palace_x_adidas_puig_samba__black_silver__hq6099_3_35435.jpeg;https:\/\/images.novelship.com\/product\/palace_x_adidas_puig_samba__black_silver__hq6099_4_35435.jpeg\",\"contentUrl\":\"https:\/\/images.novelship.com\/product\/palace_x_adidas_puig_samba__black_silver__hq6099_0_35435.jpeg;https:\/\/images.novelship.com\/product\/palace_x_adidas_puig_samba__black_silver__hq6099_1_35435.jpeg;https:\/\/images.novelship.com\/product\/palace_x_adidas_puig_samba__black_silver__hq6099_2_35435.jpeg;https:\/\/images.novelship.com\/product\/palace_x_adidas_puig_samba__black_silver__hq6099_3_35435.jpeg;https:\/\/images.novelship.com\/product\/palace_x_adidas_puig_samba__black_silver__hq6099_4_35435.jpeg\"},{\"@type\":\"BreadcrumbList\",\"@id\":\"https:\/\/tourcruiser.com\/fr\/products\/palace-x-adidas-puig-samba-black-silver-hq6099\/#breadcrumb\",\"itemListElement\":[{\"@type\":\"ListItem\",\"position\":1,\"name\":\"Home\",\"item\":\"https:\/\/tourcruiser.com\/fr\/\"},{\"@type\":\"ListItem\",\"position\":2,\"name\":\"Shop\",\"item\":\"https:\/\/tourcruiser.com\/fr\/shop\/\"},{\"@type\":\"ListItem\",\"position\":3,\"name\":\"Palace x adidas Puig Samba &#8216;Black Silver&#8217; HQ6099\"}]},{\"@type\":\"WebSite\",\"@id\":\"\/#website\",\"url\":\"\/\",\"name\":\"Styloral Jewelry Shop\",\"description\":\"Tourcruiser Sneaker Store \u2014 L\u2019endroit o\u00f9 l\u2019univers rencontre votre singularit\u00e9.\",\"publisher\":{\"@id\":\"\/#organization\"},\"potentialAction\":[{\"@type\":\"SearchAction\",\"target\":{\"@type\":\"EntryPoint\",\"urlTemplate\":\"\/?s={search_term_string}\"},\"query-input\":{\"@type\":\"PropertyValueSpecification\",\"valueRequired\":true,\"valueName\":\"search_term_string\"}}],\"inLanguage\":\"fr-FR\"},{\"@type\":\"Organization\",\"@id\":\"\/#organization\",\"name\":\"STYLORAL PTE. LTD\",\"url\":\"\/\",\"logo\":{\"@type\":\"ImageObject\",\"inLanguage\":\"fr-FR\",\"@id\":\"\/#\/schema\/logo\/image\/\",\"url\":\"https:\/\/www.tourcruiser.com\/wp-content\/uploads\/2025\/12\/logo.png\",\"contentUrl\":\"https:\/\/www.tourcruiser.com\/wp-content\/uploads\/2025\/12\/logo.png\",\"width\":200,\"height\":65,\"caption\":\"STYLORAL PTE. LTD\"},\"image\":{\"@id\":\"\/#\/schema\/logo\/image\/\"}}]}<\/script>\n<!-- \/ Yoast SEO plugin. -->","yoast_head_json":{"title":"Palace x adidas Puig Samba 'Black Silver' HQ6099 - TOURCRUISER PTE. LTD","robots":{"index":"index","follow":"follow","max-snippet":"max-snippet:-1","max-image-preview":"max-image-preview:large","max-video-preview":"max-video-preview:-1"},"canonical":"https:\/\/tourcruiser.com\/fr\/products\/palace-x-adidas-puig-samba-black-silver-hq6099\/","og_locale":"fr_FR","og_type":"article","og_title":"Palace x adidas Puig Samba 'Black Silver' HQ6099 - TOURCRUISER PTE. LTD","og_description":"La sneaker Palace x adidas Puig Samba noire et argent\u00e9e est le fruit d&rsquo;une collaboration entre deux marques embl\u00e9matiques. Avec son design \u00e9l\u00e9gant et ses mat\u00e9riaux haut de gamme, elle allie mode et performance. Que ce soit en ville ou au skatepark, cette sneaker offre un confort exceptionnel et un look sophistiqu\u00e9. Id\u00e9ale pour les [&hellip;]","og_url":"https:\/\/tourcruiser.com\/fr\/products\/palace-x-adidas-puig-samba-black-silver-hq6099\/","og_site_name":"Tourcruiser Sneaker Store","article_modified_time":"2026-04-17T15:51:52+00:00","twitter_card":"summary_large_image","twitter_image":"https:\/\/images.novelship.com\/product\/palace_x_adidas_puig_samba__black_silver__hq6099_0_35435.jpeg;https:\/\/images.novelship.com\/product\/palace_x_adidas_puig_samba__black_silver__hq6099_1_35435.jpeg;https:\/\/images.novelship.com\/product\/palace_x_adidas_puig_samba__black_silver__hq6099_2_35435.jpeg;https:\/\/images.novelship.com\/product\/palace_x_adidas_puig_samba__black_silver__hq6099_3_35435.jpeg;https:\/\/images.novelship.com\/product\/palace_x_adidas_puig_samba__black_silver__hq6099_4_35435.jpeg","twitter_misc":{"Dur\u00e9e de lecture estim\u00e9e":"1 minute"},"schema":{"@context":"https:\/\/schema.org","@graph":[{"@type":"WebPage","@id":"https:\/\/tourcruiser.com\/fr\/products\/palace-x-adidas-puig-samba-black-silver-hq6099\/","url":"https:\/\/tourcruiser.com\/fr\/products\/palace-x-adidas-puig-samba-black-silver-hq6099\/","name":"Palace x adidas Puig Samba 'Black Silver' HQ6099 - TOURCRUISER PTE. LTD","isPartOf":{"@id":"\/#website"},"primaryImageOfPage":{"@id":"https:\/\/tourcruiser.com\/fr\/products\/palace-x-adidas-puig-samba-black-silver-hq6099\/#primaryimage"},"image":{"@id":"https:\/\/tourcruiser.com\/fr\/products\/palace-x-adidas-puig-samba-black-silver-hq6099\/#primaryimage"},"thumbnailUrl":"https:\/\/images.novelship.com\/product\/palace_x_adidas_puig_samba__black_silver__hq6099_0_35435.jpeg;https:\/\/images.novelship.com\/product\/palace_x_adidas_puig_samba__black_silver__hq6099_1_35435.jpeg;https:\/\/images.novelship.com\/product\/palace_x_adidas_puig_samba__black_silver__hq6099_2_35435.jpeg;https:\/\/images.novelship.com\/product\/palace_x_adidas_puig_samba__black_silver__hq6099_3_35435.jpeg;https:\/\/images.novelship.com\/product\/palace_x_adidas_puig_samba__black_silver__hq6099_4_35435.jpeg","datePublished":"2026-04-16T10:09:12+00:00","dateModified":"2026-04-17T15:51:52+00:00","breadcrumb":{"@id":"https:\/\/tourcruiser.com\/fr\/products\/palace-x-adidas-puig-samba-black-silver-hq6099\/#breadcrumb"},"inLanguage":"fr-FR","potentialAction":[{"@type":"ReadAction","target":["https:\/\/tourcruiser.com\/fr\/products\/palace-x-adidas-puig-samba-black-silver-hq6099\/"]}]},{"@type":"ImageObject","inLanguage":"fr-FR","@id":"https:\/\/tourcruiser.com\/fr\/products\/palace-x-adidas-puig-samba-black-silver-hq6099\/#primaryimage","url":"https:\/\/images.novelship.com\/product\/palace_x_adidas_puig_samba__black_silver__hq6099_0_35435.jpeg;https:\/\/images.novelship.com\/product\/palace_x_adidas_puig_samba__black_silver__hq6099_1_35435.jpeg;https:\/\/images.novelship.com\/product\/palace_x_adidas_puig_samba__black_silver__hq6099_2_35435.jpeg;https:\/\/images.novelship.com\/product\/palace_x_adidas_puig_samba__black_silver__hq6099_3_35435.jpeg;https:\/\/images.novelship.com\/product\/palace_x_adidas_puig_samba__black_silver__hq6099_4_35435.jpeg","contentUrl":"https:\/\/images.novelship.com\/product\/palace_x_adidas_puig_samba__black_silver__hq6099_0_35435.jpeg;https:\/\/images.novelship.com\/product\/palace_x_adidas_puig_samba__black_silver__hq6099_1_35435.jpeg;https:\/\/images.novelship.com\/product\/palace_x_adidas_puig_samba__black_silver__hq6099_2_35435.jpeg;https:\/\/images.novelship.com\/product\/palace_x_adidas_puig_samba__black_silver__hq6099_3_35435.jpeg;https:\/\/images.novelship.com\/product\/palace_x_adidas_puig_samba__black_silver__hq6099_4_35435.jpeg"},{"@type":"BreadcrumbList","@id":"https:\/\/tourcruiser.com\/fr\/products\/palace-x-adidas-puig-samba-black-silver-hq6099\/#breadcrumb","itemListElement":[{"@type":"ListItem","position":1,"name":"Home","item":"https:\/\/tourcruiser.com\/fr\/"},{"@type":"ListItem","position":2,"name":"Shop","item":"https:\/\/tourcruiser.com\/fr\/shop\/"},{"@type":"ListItem","position":3,"name":"Palace x adidas Puig Samba &#8216;Black Silver&#8217; HQ6099"}]},{"@type":"WebSite","@id":"\/#website","url":"\/","name":"Styloral Jewelry Shop","description":"Tourcruiser Sneaker Store \u2014 L\u2019endroit o\u00f9 l\u2019univers rencontre votre singularit\u00e9.","publisher":{"@id":"\/#organization"},"potentialAction":[{"@type":"SearchAction","target":{"@type":"EntryPoint","urlTemplate":"\/?s={search_term_string}"},"query-input":{"@type":"PropertyValueSpecification","valueRequired":true,"valueName":"search_term_string"}}],"inLanguage":"fr-FR"},{"@type":"Organization","@id":"\/#organization","name":"STYLORAL PTE. LTD","url":"\/","logo":{"@type":"ImageObject","inLanguage":"fr-FR","@id":"\/#\/schema\/logo\/image\/","url":"https:\/\/www.tourcruiser.com\/wp-content\/uploads\/2025\/12\/logo.png","contentUrl":"https:\/\/www.tourcruiser.com\/wp-content\/uploads\/2025\/12\/logo.png","width":200,"height":65,"caption":"STYLORAL PTE. LTD"},"image":{"@id":"\/#\/schema\/logo\/image\/"}}]}},"_links":{"self":[{"href":"https:\/\/tourcruiser.com\/fr\/wp-json\/wp\/v2\/product\/761261","targetHints":{"allow":["GET"]}}],"collection":[{"href":"https:\/\/tourcruiser.com\/fr\/wp-json\/wp\/v2\/product"}],"about":[{"href":"https:\/\/tourcruiser.com\/fr\/wp-json\/wp\/v2\/types\/product"}],"replies":[{"embeddable":true,"href":"https:\/\/tourcruiser.com\/fr\/wp-json\/wp\/v2\/comments?post=761261"}],"wp:featuredmedia":[{"embeddable":true,"href":"https:\/\/tourcruiser.com\/fr\/wp-json\/wp\/v2\/media\/761262"}],"wp:attachment":[{"href":"https:\/\/tourcruiser.com\/fr\/wp-json\/wp\/v2\/media?parent=761261"}],"wp:term":[{"taxonomy":"product_brand","embeddable":true,"href":"https:\/\/tourcruiser.com\/fr\/wp-json\/wp\/v2\/product_brand?post=761261"},{"taxonomy":"product_cat","embeddable":true,"href":"https:\/\/tourcruiser.com\/fr\/wp-json\/wp\/v2\/product_cat?post=761261"},{"taxonomy":"product_tag","embeddable":true,"href":"https:\/\/tourcruiser.com\/fr\/wp-json\/wp\/v2\/product_tag?post=761261"}],"curies":[{"name":"wp","href":"https:\/\/api.w.org\/{rel}","templated":true}]}}