{"id":761236,"date":"2026-04-16T17:09:12","date_gmt":"2026-04-16T10:09:12","guid":{"rendered":"http:\/\/tourcruiser.com\/product\/eric-koston-x-air-jordan-1-low-sb-powder-blue-cj7891-401"},"modified":"2026-04-17T22:51:51","modified_gmt":"2026-04-17T15:51:51","slug":"eric-koston-x-air-jordan-1-low-sb-powder-blue-cj7891-401","status":"publish","type":"product","link":"https:\/\/tourcruiser.com\/fr\/products\/eric-koston-x-air-jordan-1-low-sb-powder-blue-cj7891-401\/","title":{"rendered":"Eric Koston x Air Jordan 1 Low SB &lsquo;Powder Blue&rsquo; CJ7891-401"},"content":{"rendered":"<p>La Air Jordan 1 Low SB Powder Blue (\u00e9galement connue sous le nom de UNC) est une collaboration entre Eric Koston et Jordan. Ces sneakers basses arborent un coloris bleu poudr\u00e9 \u00e9l\u00e9gant qui apporte une touche unique \u00e0 toutes vos tenues. Fusionnez skate et basketball avec ces chaussures iconiques.<\/p>\n<p>Coloris : Bleu fonc\u00e9\/Bleu fonc\u00e9\/Blanc<\/p>\n<p>Code article : CJ7891-401<\/p>\n<p>Tige : Cuir<\/p>\n<p>Semelle interm\u00e9diaire : Air<\/p>\n<p>Couleur : Bleu<\/p>\n<p>Designer : Eric Koston\/Peter Moore<\/p>\n<p>Saison : \u00c9t\u00e9<\/p>\n<p>Ann\u00e9e de sortie : 2019<\/p>\n<p>\u00c2ge : Adulte<\/p>\n<p>Couleur : Bleu<\/p>\n<p>Genre : Homme<\/p>\n","protected":false},"excerpt":{"rendered":"<p>La Air Jordan 1 Low SB Powder Blue (\u00e9galement connue sous le nom de UNC) est une collaboration entre Eric Koston et Jordan. Ces sneakers basses arborent un coloris bleu poudr\u00e9 \u00e9l\u00e9gant qui apporte une touche unique \u00e0 toutes vos tenues. Fusionnez skate et basketball avec ces chaussures iconiques. Coloris : Bleu fonc\u00e9\/Bleu fonc\u00e9\/Blanc Code [&hellip;]<\/p>\n","protected":false},"featured_media":761237,"comment_status":"open","ping_status":"closed","template":"","meta":[],"product_brand":[],"product_cat":[38880],"product_tag":[38841,38842,10776,11349,38875,39322,10756,11153,38866],"class_list":{"0":"post-761236","1":"product","2":"type-product","3":"status-publish","4":"has-post-thumbnail","6":"product_cat-jordan","7":"product_tag-casual-shoes","8":"product_tag-gift-idea-for-him","9":"product_tag-jordan","10":"product_tag-jordan-basketball-shoes","11":"product_tag-jordan-skateboard-shoes","12":"product_tag-leisure-shoes-inspired-by-basketball","13":"product_tag-retro-casual-shoes","14":"product_tag-skateboard-shoes","15":"product_tag-sports-shoes","17":"first","18":"instock","19":"taxable","20":"shipping-taxable","21":"purchasable","22":"product-type-simple"},"wcpa_form_fields":null,"yoast_head":"<!-- This site is optimized with the Yoast SEO plugin v26.5 - https:\/\/yoast.com\/wordpress\/plugins\/seo\/ -->\n<title>Eric Koston x Air Jordan 1 Low SB &#039;Powder Blue&#039; CJ7891-401 - TOURCRUISER PTE. LTD<\/title>\n<meta name=\"robots\" content=\"index, follow, max-snippet:-1, max-image-preview:large, max-video-preview:-1\" \/>\n<link rel=\"canonical\" href=\"https:\/\/tourcruiser.com\/fr\/products\/eric-koston-x-air-jordan-1-low-sb-powder-blue-cj7891-401\/\" \/>\n<meta property=\"og:locale\" content=\"fr_FR\" \/>\n<meta property=\"og:type\" content=\"article\" \/>\n<meta property=\"og:title\" content=\"Eric Koston x Air Jordan 1 Low SB &#039;Powder Blue&#039; CJ7891-401 - TOURCRUISER PTE. LTD\" \/>\n<meta property=\"og:description\" content=\"La Air Jordan 1 Low SB Powder Blue (\u00e9galement connue sous le nom de UNC) est une collaboration entre Eric Koston et Jordan. Ces sneakers basses arborent un coloris bleu poudr\u00e9 \u00e9l\u00e9gant qui apporte une touche unique \u00e0 toutes vos tenues. Fusionnez skate et basketball avec ces chaussures iconiques. Coloris : Bleu fonc\u00e9\/Bleu fonc\u00e9\/Blanc Code [&hellip;]\" \/>\n<meta property=\"og:url\" content=\"https:\/\/tourcruiser.com\/fr\/products\/eric-koston-x-air-jordan-1-low-sb-powder-blue-cj7891-401\/\" \/>\n<meta property=\"og:site_name\" content=\"Tourcruiser Sneaker Store\" \/>\n<meta property=\"article:modified_time\" content=\"2026-04-17T15:51:51+00:00\" \/>\n<meta name=\"twitter:card\" content=\"summary_large_image\" \/>\n<meta name=\"twitter:image\" content=\"https:\/\/images.novelship.com\/product\/eric_koston_x_air_jordan_1_low_sb__powder_blue__cj_0_46176.jpeg;https:\/\/images.novelship.com\/product\/eric_koston_x_air_jordan_1_low_sb__powder_blue__cj_1_46176.jpeg;https:\/\/images.novelship.com\/product\/eric_koston_x_air_jordan_1_low_sb__powder_blue__cj_2_46176.jpeg;https:\/\/images.novelship.com\/product\/eric_koston_x_air_jordan_1_low_sb__powder_blue__cj_3_46176.jpeg;https:\/\/images.novelship.com\/product\/eric_koston_x_air_jordan_1_low_sb__powder_blue__cj_4_46176.jpeg;https:\/\/images.novelship.com\/product\/eric_koston_x_air_jordan_1_low_sb__powder_blue__cj_5_46176.jpeg;https:\/\/images.novelship.com\/product\/eric_koston_x_air_jordan_1_low_sb__powder_blue__cj_6_46176.jpeg;https:\/\/images.novelship.com\/product\/eric_koston_x_air_jordan_1_low_sb__powder_blue__cj_7_46177.jpeg\" \/>\n<script type=\"application\/ld+json\" class=\"yoast-schema-graph\">{\"@context\":\"https:\/\/schema.org\",\"@graph\":[{\"@type\":\"WebPage\",\"@id\":\"https:\/\/tourcruiser.com\/fr\/products\/eric-koston-x-air-jordan-1-low-sb-powder-blue-cj7891-401\/\",\"url\":\"https:\/\/tourcruiser.com\/fr\/products\/eric-koston-x-air-jordan-1-low-sb-powder-blue-cj7891-401\/\",\"name\":\"Eric Koston x Air Jordan 1 Low SB 'Powder Blue' CJ7891-401 - TOURCRUISER PTE. LTD\",\"isPartOf\":{\"@id\":\"\/#website\"},\"primaryImageOfPage\":{\"@id\":\"https:\/\/tourcruiser.com\/fr\/products\/eric-koston-x-air-jordan-1-low-sb-powder-blue-cj7891-401\/#primaryimage\"},\"image\":{\"@id\":\"https:\/\/tourcruiser.com\/fr\/products\/eric-koston-x-air-jordan-1-low-sb-powder-blue-cj7891-401\/#primaryimage\"},\"thumbnailUrl\":\"https:\/\/images.novelship.com\/product\/eric_koston_x_air_jordan_1_low_sb__powder_blue__cj_0_46176.jpeg;https:\/\/images.novelship.com\/product\/eric_koston_x_air_jordan_1_low_sb__powder_blue__cj_1_46176.jpeg;https:\/\/images.novelship.com\/product\/eric_koston_x_air_jordan_1_low_sb__powder_blue__cj_2_46176.jpeg;https:\/\/images.novelship.com\/product\/eric_koston_x_air_jordan_1_low_sb__powder_blue__cj_3_46176.jpeg;https:\/\/images.novelship.com\/product\/eric_koston_x_air_jordan_1_low_sb__powder_blue__cj_4_46176.jpeg;https:\/\/images.novelship.com\/product\/eric_koston_x_air_jordan_1_low_sb__powder_blue__cj_5_46176.jpeg;https:\/\/images.novelship.com\/product\/eric_koston_x_air_jordan_1_low_sb__powder_blue__cj_6_46176.jpeg;https:\/\/images.novelship.com\/product\/eric_koston_x_air_jordan_1_low_sb__powder_blue__cj_7_46177.jpeg\",\"datePublished\":\"2026-04-16T10:09:12+00:00\",\"dateModified\":\"2026-04-17T15:51:51+00:00\",\"breadcrumb\":{\"@id\":\"https:\/\/tourcruiser.com\/fr\/products\/eric-koston-x-air-jordan-1-low-sb-powder-blue-cj7891-401\/#breadcrumb\"},\"inLanguage\":\"fr-FR\",\"potentialAction\":[{\"@type\":\"ReadAction\",\"target\":[\"https:\/\/tourcruiser.com\/fr\/products\/eric-koston-x-air-jordan-1-low-sb-powder-blue-cj7891-401\/\"]}]},{\"@type\":\"ImageObject\",\"inLanguage\":\"fr-FR\",\"@id\":\"https:\/\/tourcruiser.com\/fr\/products\/eric-koston-x-air-jordan-1-low-sb-powder-blue-cj7891-401\/#primaryimage\",\"url\":\"https:\/\/images.novelship.com\/product\/eric_koston_x_air_jordan_1_low_sb__powder_blue__cj_0_46176.jpeg;https:\/\/images.novelship.com\/product\/eric_koston_x_air_jordan_1_low_sb__powder_blue__cj_1_46176.jpeg;https:\/\/images.novelship.com\/product\/eric_koston_x_air_jordan_1_low_sb__powder_blue__cj_2_46176.jpeg;https:\/\/images.novelship.com\/product\/eric_koston_x_air_jordan_1_low_sb__powder_blue__cj_3_46176.jpeg;https:\/\/images.novelship.com\/product\/eric_koston_x_air_jordan_1_low_sb__powder_blue__cj_4_46176.jpeg;https:\/\/images.novelship.com\/product\/eric_koston_x_air_jordan_1_low_sb__powder_blue__cj_5_46176.jpeg;https:\/\/images.novelship.com\/product\/eric_koston_x_air_jordan_1_low_sb__powder_blue__cj_6_46176.jpeg;https:\/\/images.novelship.com\/product\/eric_koston_x_air_jordan_1_low_sb__powder_blue__cj_7_46177.jpeg\",\"contentUrl\":\"https:\/\/images.novelship.com\/product\/eric_koston_x_air_jordan_1_low_sb__powder_blue__cj_0_46176.jpeg;https:\/\/images.novelship.com\/product\/eric_koston_x_air_jordan_1_low_sb__powder_blue__cj_1_46176.jpeg;https:\/\/images.novelship.com\/product\/eric_koston_x_air_jordan_1_low_sb__powder_blue__cj_2_46176.jpeg;https:\/\/images.novelship.com\/product\/eric_koston_x_air_jordan_1_low_sb__powder_blue__cj_3_46176.jpeg;https:\/\/images.novelship.com\/product\/eric_koston_x_air_jordan_1_low_sb__powder_blue__cj_4_46176.jpeg;https:\/\/images.novelship.com\/product\/eric_koston_x_air_jordan_1_low_sb__powder_blue__cj_5_46176.jpeg;https:\/\/images.novelship.com\/product\/eric_koston_x_air_jordan_1_low_sb__powder_blue__cj_6_46176.jpeg;https:\/\/images.novelship.com\/product\/eric_koston_x_air_jordan_1_low_sb__powder_blue__cj_7_46177.jpeg\"},{\"@type\":\"BreadcrumbList\",\"@id\":\"https:\/\/tourcruiser.com\/fr\/products\/eric-koston-x-air-jordan-1-low-sb-powder-blue-cj7891-401\/#breadcrumb\",\"itemListElement\":[{\"@type\":\"ListItem\",\"position\":1,\"name\":\"Home\",\"item\":\"https:\/\/tourcruiser.com\/fr\/\"},{\"@type\":\"ListItem\",\"position\":2,\"name\":\"Shop\",\"item\":\"https:\/\/tourcruiser.com\/fr\/shop\/\"},{\"@type\":\"ListItem\",\"position\":3,\"name\":\"Eric Koston x Air Jordan 1 Low SB &#8216;Powder Blue&#8217; CJ7891-401\"}]},{\"@type\":\"WebSite\",\"@id\":\"\/#website\",\"url\":\"\/\",\"name\":\"Styloral Jewelry Shop\",\"description\":\"Tourcruiser Sneaker Store \u2014 L\u2019endroit o\u00f9 l\u2019univers rencontre votre singularit\u00e9.\",\"publisher\":{\"@id\":\"\/#organization\"},\"potentialAction\":[{\"@type\":\"SearchAction\",\"target\":{\"@type\":\"EntryPoint\",\"urlTemplate\":\"\/?s={search_term_string}\"},\"query-input\":{\"@type\":\"PropertyValueSpecification\",\"valueRequired\":true,\"valueName\":\"search_term_string\"}}],\"inLanguage\":\"fr-FR\"},{\"@type\":\"Organization\",\"@id\":\"\/#organization\",\"name\":\"STYLORAL PTE. LTD\",\"url\":\"\/\",\"logo\":{\"@type\":\"ImageObject\",\"inLanguage\":\"fr-FR\",\"@id\":\"\/#\/schema\/logo\/image\/\",\"url\":\"https:\/\/www.tourcruiser.com\/wp-content\/uploads\/2025\/12\/logo.png\",\"contentUrl\":\"https:\/\/www.tourcruiser.com\/wp-content\/uploads\/2025\/12\/logo.png\",\"width\":200,\"height\":65,\"caption\":\"STYLORAL PTE. LTD\"},\"image\":{\"@id\":\"\/#\/schema\/logo\/image\/\"}}]}<\/script>\n<!-- \/ Yoast SEO plugin. -->","yoast_head_json":{"title":"Eric Koston x Air Jordan 1 Low SB 'Powder Blue' CJ7891-401 - TOURCRUISER PTE. LTD","robots":{"index":"index","follow":"follow","max-snippet":"max-snippet:-1","max-image-preview":"max-image-preview:large","max-video-preview":"max-video-preview:-1"},"canonical":"https:\/\/tourcruiser.com\/fr\/products\/eric-koston-x-air-jordan-1-low-sb-powder-blue-cj7891-401\/","og_locale":"fr_FR","og_type":"article","og_title":"Eric Koston x Air Jordan 1 Low SB 'Powder Blue' CJ7891-401 - TOURCRUISER PTE. LTD","og_description":"La Air Jordan 1 Low SB Powder Blue (\u00e9galement connue sous le nom de UNC) est une collaboration entre Eric Koston et Jordan. Ces sneakers basses arborent un coloris bleu poudr\u00e9 \u00e9l\u00e9gant qui apporte une touche unique \u00e0 toutes vos tenues. Fusionnez skate et basketball avec ces chaussures iconiques. Coloris : Bleu fonc\u00e9\/Bleu fonc\u00e9\/Blanc Code [&hellip;]","og_url":"https:\/\/tourcruiser.com\/fr\/products\/eric-koston-x-air-jordan-1-low-sb-powder-blue-cj7891-401\/","og_site_name":"Tourcruiser Sneaker Store","article_modified_time":"2026-04-17T15:51:51+00:00","twitter_card":"summary_large_image","twitter_image":"https:\/\/images.novelship.com\/product\/eric_koston_x_air_jordan_1_low_sb__powder_blue__cj_0_46176.jpeg;https:\/\/images.novelship.com\/product\/eric_koston_x_air_jordan_1_low_sb__powder_blue__cj_1_46176.jpeg;https:\/\/images.novelship.com\/product\/eric_koston_x_air_jordan_1_low_sb__powder_blue__cj_2_46176.jpeg;https:\/\/images.novelship.com\/product\/eric_koston_x_air_jordan_1_low_sb__powder_blue__cj_3_46176.jpeg;https:\/\/images.novelship.com\/product\/eric_koston_x_air_jordan_1_low_sb__powder_blue__cj_4_46176.jpeg;https:\/\/images.novelship.com\/product\/eric_koston_x_air_jordan_1_low_sb__powder_blue__cj_5_46176.jpeg;https:\/\/images.novelship.com\/product\/eric_koston_x_air_jordan_1_low_sb__powder_blue__cj_6_46176.jpeg;https:\/\/images.novelship.com\/product\/eric_koston_x_air_jordan_1_low_sb__powder_blue__cj_7_46177.jpeg","schema":{"@context":"https:\/\/schema.org","@graph":[{"@type":"WebPage","@id":"https:\/\/tourcruiser.com\/fr\/products\/eric-koston-x-air-jordan-1-low-sb-powder-blue-cj7891-401\/","url":"https:\/\/tourcruiser.com\/fr\/products\/eric-koston-x-air-jordan-1-low-sb-powder-blue-cj7891-401\/","name":"Eric Koston x Air Jordan 1 Low SB 'Powder Blue' CJ7891-401 - TOURCRUISER PTE. LTD","isPartOf":{"@id":"\/#website"},"primaryImageOfPage":{"@id":"https:\/\/tourcruiser.com\/fr\/products\/eric-koston-x-air-jordan-1-low-sb-powder-blue-cj7891-401\/#primaryimage"},"image":{"@id":"https:\/\/tourcruiser.com\/fr\/products\/eric-koston-x-air-jordan-1-low-sb-powder-blue-cj7891-401\/#primaryimage"},"thumbnailUrl":"https:\/\/images.novelship.com\/product\/eric_koston_x_air_jordan_1_low_sb__powder_blue__cj_0_46176.jpeg;https:\/\/images.novelship.com\/product\/eric_koston_x_air_jordan_1_low_sb__powder_blue__cj_1_46176.jpeg;https:\/\/images.novelship.com\/product\/eric_koston_x_air_jordan_1_low_sb__powder_blue__cj_2_46176.jpeg;https:\/\/images.novelship.com\/product\/eric_koston_x_air_jordan_1_low_sb__powder_blue__cj_3_46176.jpeg;https:\/\/images.novelship.com\/product\/eric_koston_x_air_jordan_1_low_sb__powder_blue__cj_4_46176.jpeg;https:\/\/images.novelship.com\/product\/eric_koston_x_air_jordan_1_low_sb__powder_blue__cj_5_46176.jpeg;https:\/\/images.novelship.com\/product\/eric_koston_x_air_jordan_1_low_sb__powder_blue__cj_6_46176.jpeg;https:\/\/images.novelship.com\/product\/eric_koston_x_air_jordan_1_low_sb__powder_blue__cj_7_46177.jpeg","datePublished":"2026-04-16T10:09:12+00:00","dateModified":"2026-04-17T15:51:51+00:00","breadcrumb":{"@id":"https:\/\/tourcruiser.com\/fr\/products\/eric-koston-x-air-jordan-1-low-sb-powder-blue-cj7891-401\/#breadcrumb"},"inLanguage":"fr-FR","potentialAction":[{"@type":"ReadAction","target":["https:\/\/tourcruiser.com\/fr\/products\/eric-koston-x-air-jordan-1-low-sb-powder-blue-cj7891-401\/"]}]},{"@type":"ImageObject","inLanguage":"fr-FR","@id":"https:\/\/tourcruiser.com\/fr\/products\/eric-koston-x-air-jordan-1-low-sb-powder-blue-cj7891-401\/#primaryimage","url":"https:\/\/images.novelship.com\/product\/eric_koston_x_air_jordan_1_low_sb__powder_blue__cj_0_46176.jpeg;https:\/\/images.novelship.com\/product\/eric_koston_x_air_jordan_1_low_sb__powder_blue__cj_1_46176.jpeg;https:\/\/images.novelship.com\/product\/eric_koston_x_air_jordan_1_low_sb__powder_blue__cj_2_46176.jpeg;https:\/\/images.novelship.com\/product\/eric_koston_x_air_jordan_1_low_sb__powder_blue__cj_3_46176.jpeg;https:\/\/images.novelship.com\/product\/eric_koston_x_air_jordan_1_low_sb__powder_blue__cj_4_46176.jpeg;https:\/\/images.novelship.com\/product\/eric_koston_x_air_jordan_1_low_sb__powder_blue__cj_5_46176.jpeg;https:\/\/images.novelship.com\/product\/eric_koston_x_air_jordan_1_low_sb__powder_blue__cj_6_46176.jpeg;https:\/\/images.novelship.com\/product\/eric_koston_x_air_jordan_1_low_sb__powder_blue__cj_7_46177.jpeg","contentUrl":"https:\/\/images.novelship.com\/product\/eric_koston_x_air_jordan_1_low_sb__powder_blue__cj_0_46176.jpeg;https:\/\/images.novelship.com\/product\/eric_koston_x_air_jordan_1_low_sb__powder_blue__cj_1_46176.jpeg;https:\/\/images.novelship.com\/product\/eric_koston_x_air_jordan_1_low_sb__powder_blue__cj_2_46176.jpeg;https:\/\/images.novelship.com\/product\/eric_koston_x_air_jordan_1_low_sb__powder_blue__cj_3_46176.jpeg;https:\/\/images.novelship.com\/product\/eric_koston_x_air_jordan_1_low_sb__powder_blue__cj_4_46176.jpeg;https:\/\/images.novelship.com\/product\/eric_koston_x_air_jordan_1_low_sb__powder_blue__cj_5_46176.jpeg;https:\/\/images.novelship.com\/product\/eric_koston_x_air_jordan_1_low_sb__powder_blue__cj_6_46176.jpeg;https:\/\/images.novelship.com\/product\/eric_koston_x_air_jordan_1_low_sb__powder_blue__cj_7_46177.jpeg"},{"@type":"BreadcrumbList","@id":"https:\/\/tourcruiser.com\/fr\/products\/eric-koston-x-air-jordan-1-low-sb-powder-blue-cj7891-401\/#breadcrumb","itemListElement":[{"@type":"ListItem","position":1,"name":"Home","item":"https:\/\/tourcruiser.com\/fr\/"},{"@type":"ListItem","position":2,"name":"Shop","item":"https:\/\/tourcruiser.com\/fr\/shop\/"},{"@type":"ListItem","position":3,"name":"Eric Koston x Air Jordan 1 Low SB &#8216;Powder Blue&#8217; CJ7891-401"}]},{"@type":"WebSite","@id":"\/#website","url":"\/","name":"Styloral Jewelry Shop","description":"Tourcruiser Sneaker Store \u2014 L\u2019endroit o\u00f9 l\u2019univers rencontre votre singularit\u00e9.","publisher":{"@id":"\/#organization"},"potentialAction":[{"@type":"SearchAction","target":{"@type":"EntryPoint","urlTemplate":"\/?s={search_term_string}"},"query-input":{"@type":"PropertyValueSpecification","valueRequired":true,"valueName":"search_term_string"}}],"inLanguage":"fr-FR"},{"@type":"Organization","@id":"\/#organization","name":"STYLORAL PTE. LTD","url":"\/","logo":{"@type":"ImageObject","inLanguage":"fr-FR","@id":"\/#\/schema\/logo\/image\/","url":"https:\/\/www.tourcruiser.com\/wp-content\/uploads\/2025\/12\/logo.png","contentUrl":"https:\/\/www.tourcruiser.com\/wp-content\/uploads\/2025\/12\/logo.png","width":200,"height":65,"caption":"STYLORAL PTE. LTD"},"image":{"@id":"\/#\/schema\/logo\/image\/"}}]}},"_links":{"self":[{"href":"https:\/\/tourcruiser.com\/fr\/wp-json\/wp\/v2\/product\/761236","targetHints":{"allow":["GET"]}}],"collection":[{"href":"https:\/\/tourcruiser.com\/fr\/wp-json\/wp\/v2\/product"}],"about":[{"href":"https:\/\/tourcruiser.com\/fr\/wp-json\/wp\/v2\/types\/product"}],"replies":[{"embeddable":true,"href":"https:\/\/tourcruiser.com\/fr\/wp-json\/wp\/v2\/comments?post=761236"}],"wp:featuredmedia":[{"embeddable":true,"href":"https:\/\/tourcruiser.com\/fr\/wp-json\/wp\/v2\/media\/761237"}],"wp:attachment":[{"href":"https:\/\/tourcruiser.com\/fr\/wp-json\/wp\/v2\/media?parent=761236"}],"wp:term":[{"taxonomy":"product_brand","embeddable":true,"href":"https:\/\/tourcruiser.com\/fr\/wp-json\/wp\/v2\/product_brand?post=761236"},{"taxonomy":"product_cat","embeddable":true,"href":"https:\/\/tourcruiser.com\/fr\/wp-json\/wp\/v2\/product_cat?post=761236"},{"taxonomy":"product_tag","embeddable":true,"href":"https:\/\/tourcruiser.com\/fr\/wp-json\/wp\/v2\/product_tag?post=761236"}],"curies":[{"name":"wp","href":"https:\/\/api.w.org\/{rel}","templated":true}]}}