{"id":761216,"date":"2026-04-16T17:09:11","date_gmt":"2026-04-16T10:09:11","guid":{"rendered":"http:\/\/tourcruiser.com\/product\/pharrell-x-adidas-samba-humanrace-white-hp3383"},"modified":"2026-04-17T22:51:49","modified_gmt":"2026-04-17T15:51:49","slug":"pharrell-x-adidas-samba-humanrace-white-hp3383","status":"publish","type":"product","link":"https:\/\/tourcruiser.com\/fr\/products\/pharrell-x-adidas-samba-humanrace-white-hp3383\/","title":{"rendered":"Pharrell x adidas Samba Humanrace &lsquo;White&rsquo; HP3383"},"content":{"rendered":"<p>D\u00e9couvrez les sneakers Pharrell x adidas Samba Humanrace blanches. Fruit d&rsquo;une collaboration avec Pharrell Williams, ces sneakers adidas embl\u00e9matiques arborent un design \u00e9pur\u00e9 enti\u00e8rement blanc. Confectionn\u00e9es \u00e0 partir de mat\u00e9riaux haut de gamme, elles allient style et confort. Parfaites en toutes occasions, du quotidien aux performances sportives. Craquez pour elles et affirmez votre style avec la vision unique de Pharrell et la qualit\u00e9 adidas reconnue.<\/p>\n<p>Couleur : Blanc nuage\/Gris nuit<\/p>\n<p>Code article : HP3383<\/p>\n<p>Mati\u00e8re ext\u00e9rieure : Cuir<\/p>\n<p>Couleur : Blanc<br \/>\nSaison : Hiver<\/p>\n<p>Ann\u00e9e de sortie : 2022<br \/>\n\u00c2ge : Adulte<br \/>\nCouleur : Blanc<br \/>\nGenre : Homme<\/p>\n","protected":false},"excerpt":{"rendered":"<p>D\u00e9couvrez les sneakers Pharrell x adidas Samba Humanrace blanches. Fruit d&rsquo;une collaboration avec Pharrell Williams, ces sneakers adidas embl\u00e9matiques arborent un design \u00e9pur\u00e9 enti\u00e8rement blanc. Confectionn\u00e9es \u00e0 partir de mat\u00e9riaux haut de gamme, elles allient style et confort. Parfaites en toutes occasions, du quotidien aux performances sportives. Craquez pour elles et affirmez votre style avec [&hellip;]<\/p>\n","protected":false},"featured_media":761217,"comment_status":"open","ping_status":"closed","template":"","meta":[],"product_brand":[],"product_cat":[10760],"product_tag":[10759,38892,10750,38841,38878,38842,32645,10756],"class_list":{"0":"post-761216","1":"product","2":"type-product","3":"status-publish","4":"has-post-thumbnail","6":"product_cat-adidas","7":"product_tag-adidas","8":"product_tag-adidas-skateboard-shoes","9":"product_tag-athleisure-shoes","10":"product_tag-casual-shoes","11":"product_tag-current-offers","12":"product_tag-gift-idea-for-him","13":"product_tag-lifestyle-shoes-football-inspired","14":"product_tag-retro-casual-shoes","15":"wcpa_has_options","17":"first","18":"instock","19":"taxable","20":"shipping-taxable","21":"purchasable","22":"product-type-simple"},"wcpa_form_fields":{"rules":{"pric_overide_base_price":false,"pric_overide_base_price_if_gt_zero":false,"pric_overide_base_price_fully":false,"pric_cal_option_once":false,"pric_use_as_fee":false,"bind_quantity":false,"quantity_bind_formula":false},"fields":[{"type":"color-group","required":true,"elementId":"wcpa-color-group-66c4a7f817afe","label":"Taille","inline":true,"priceOptions":"different_for_all","pricingType":"fixed","className":"hassizechart product-shoes-size-eu product-shoes-size","name":"color-group-66c4a7f817b18","disp_type":"square","selection_type":"tick-border","disp_size":"50","show_label_inside":true,"adjust_width":true,"cart_display_type":"text","other_text":"Other","cl_rule":"show","col":6,"values":[{"label":"35","value":"EU 35","price":"","pimage":"","pimage_id":"","pthumb":"","color":""},{"label":"35.5","value":"EU 35.5","price":"","pimage":"","pimage_id":"","pthumb":"","color":""},{"label":"36","value":"EU 36","price":"","pimage":"","pimage_id":"","pthumb":"","color":"","selected":true},{"label":"36 2\/3","value":"EU 36 2\/3","price":"","pimage":"","pimage_id":"","pthumb":"","color":""},{"label":"37 1\/3","value":"EU 37 1\/3","price":"","pimage":"","pimage_id":"","pthumb":"","color":""},{"label":"38","value":"EU 38","price":"","pimage":"","pimage_id":"","pthumb":"","color":""},{"label":"38 2\/3","value":"EU 38 2\/3","price":"","pimage":"","pimage_id":"","pthumb":"","color":""},{"label":"39 1\/3","value":"EU 39 1\/3","price":"","pimage":"","pimage_id":"","pthumb":"","color":""},{"label":"40","value":"EU 40","price":"","pimage":"","pimage_id":"","pthumb":"","color":""},{"label":"40 2\/3","value":"EU 40 2\/3","price":"","pimage":"","pimage_id":"","pthumb":"","color":""},{"label":"41 1\/3","value":"EU 41 1\/3","price":"","pimage":"","pimage_id":"","pthumb":"","color":""},{"label":"42","value":"EU 42","price":"","pimage":"","pimage_id":"","pthumb":"","color":""},{"label":"42 2\/3","value":"EU 42 2\/3","price":"","pimage":"","pimage_id":"","pthumb":"","color":""},{"label":"43 1\/3","value":"EU 43 1\/3","price":"","pimage":"","pimage_id":"","pthumb":"","color":""},{"label":"44","value":"EU 44","price":"","pimage":"","pimage_id":"","pthumb":"","color":""},{"label":"44 2\/3","value":"EU 44 2\/3","price":"","pimage":"","pimage_id":"","pthumb":"","color":""},{"label":"45 1\/3","value":"EU 45 1\/3","price":"","pimage":"","pimage_id":"","pthumb":"","color":""},{"label":"46","value":"EU 46","price":"","pimage":"","pimage_id":"","pthumb":"","color":""},{"label":"46 2\/3","value":"EU 46 2\/3","price":"","pimage":"","pimage_id":"","pthumb":"","color":""},{"label":"47 1\/3","value":"EU 47 1\/3","price":"","pimage":"","pimage_id":"","pthumb":"","color":""}],"relations":[{"operator":false,"rules":[]}],"form_id":24802,"form_rules":{"pric_cal_option_once":false,"exclude_from_discount":false,"pric_use_as_fee":false,"fee_label":"Fee","render_after_acb":false,"disp_hide_options_price":false}}]},"yoast_head":"<!-- This site is optimized with the Yoast SEO plugin v26.5 - https:\/\/yoast.com\/wordpress\/plugins\/seo\/ -->\n<title>Pharrell x adidas Samba Humanrace &#039;White&#039; HP3383 - TOURCRUISER PTE. LTD<\/title>\n<meta name=\"robots\" content=\"index, follow, max-snippet:-1, max-image-preview:large, max-video-preview:-1\" \/>\n<link rel=\"canonical\" href=\"https:\/\/tourcruiser.com\/fr\/products\/pharrell-x-adidas-samba-humanrace-white-hp3383\/\" \/>\n<meta property=\"og:locale\" content=\"fr_FR\" \/>\n<meta property=\"og:type\" content=\"article\" \/>\n<meta property=\"og:title\" content=\"Pharrell x adidas Samba Humanrace &#039;White&#039; HP3383 - TOURCRUISER PTE. LTD\" \/>\n<meta property=\"og:description\" content=\"D\u00e9couvrez les sneakers Pharrell x adidas Samba Humanrace blanches. Fruit d&rsquo;une collaboration avec Pharrell Williams, ces sneakers adidas embl\u00e9matiques arborent un design \u00e9pur\u00e9 enti\u00e8rement blanc. Confectionn\u00e9es \u00e0 partir de mat\u00e9riaux haut de gamme, elles allient style et confort. Parfaites en toutes occasions, du quotidien aux performances sportives. Craquez pour elles et affirmez votre style avec [&hellip;]\" \/>\n<meta property=\"og:url\" content=\"https:\/\/tourcruiser.com\/fr\/products\/pharrell-x-adidas-samba-humanrace-white-hp3383\/\" \/>\n<meta property=\"og:site_name\" content=\"Tourcruiser Sneaker Store\" \/>\n<meta property=\"article:modified_time\" content=\"2026-04-17T15:51:49+00:00\" \/>\n<meta name=\"twitter:card\" content=\"summary_large_image\" \/>\n<meta name=\"twitter:image\" content=\"https:\/\/images.novelship.com\/product\/pharrell_x_adidas_samba_humanrace__white__hp3383_0_71893.jpeg;https:\/\/images.novelship.com\/product\/pharrell_x_adidas_samba_humanrace__white__hp3383_1_71894.jpeg;https:\/\/images.novelship.com\/product\/pharrell_x_adidas_samba_humanrace__white__hp3383_2_71894.jpeg;https:\/\/images.novelship.com\/product\/pharrell_x_adidas_samba_humanrace__white__hp3383_3_71894.jpeg;https:\/\/images.novelship.com\/product\/pharrell_x_adidas_samba_humanrace__white__hp3383_4_71894.jpeg;https:\/\/images.novelship.com\/product\/pharrell_x_adidas_samba_humanrace__white__hp3383_5_71894.jpeg;https:\/\/images.novelship.com\/product\/pharrell_x_adidas_samba_humanrace__white__hp3383_6_71894.jpeg;https:\/\/images.novelship.com\/product\/pharrell_x_adidas_samba_humanrace__white__hp3383_7_71894.jpeg\" \/>\n<script type=\"application\/ld+json\" class=\"yoast-schema-graph\">{\"@context\":\"https:\/\/schema.org\",\"@graph\":[{\"@type\":\"WebPage\",\"@id\":\"https:\/\/tourcruiser.com\/fr\/products\/pharrell-x-adidas-samba-humanrace-white-hp3383\/\",\"url\":\"https:\/\/tourcruiser.com\/fr\/products\/pharrell-x-adidas-samba-humanrace-white-hp3383\/\",\"name\":\"Pharrell x adidas Samba Humanrace 'White' HP3383 - TOURCRUISER PTE. LTD\",\"isPartOf\":{\"@id\":\"\/#website\"},\"primaryImageOfPage\":{\"@id\":\"https:\/\/tourcruiser.com\/fr\/products\/pharrell-x-adidas-samba-humanrace-white-hp3383\/#primaryimage\"},\"image\":{\"@id\":\"https:\/\/tourcruiser.com\/fr\/products\/pharrell-x-adidas-samba-humanrace-white-hp3383\/#primaryimage\"},\"thumbnailUrl\":\"https:\/\/images.novelship.com\/product\/pharrell_x_adidas_samba_humanrace__white__hp3383_0_71893.jpeg;https:\/\/images.novelship.com\/product\/pharrell_x_adidas_samba_humanrace__white__hp3383_1_71894.jpeg;https:\/\/images.novelship.com\/product\/pharrell_x_adidas_samba_humanrace__white__hp3383_2_71894.jpeg;https:\/\/images.novelship.com\/product\/pharrell_x_adidas_samba_humanrace__white__hp3383_3_71894.jpeg;https:\/\/images.novelship.com\/product\/pharrell_x_adidas_samba_humanrace__white__hp3383_4_71894.jpeg;https:\/\/images.novelship.com\/product\/pharrell_x_adidas_samba_humanrace__white__hp3383_5_71894.jpeg;https:\/\/images.novelship.com\/product\/pharrell_x_adidas_samba_humanrace__white__hp3383_6_71894.jpeg;https:\/\/images.novelship.com\/product\/pharrell_x_adidas_samba_humanrace__white__hp3383_7_71894.jpeg\",\"datePublished\":\"2026-04-16T10:09:11+00:00\",\"dateModified\":\"2026-04-17T15:51:49+00:00\",\"breadcrumb\":{\"@id\":\"https:\/\/tourcruiser.com\/fr\/products\/pharrell-x-adidas-samba-humanrace-white-hp3383\/#breadcrumb\"},\"inLanguage\":\"fr-FR\",\"potentialAction\":[{\"@type\":\"ReadAction\",\"target\":[\"https:\/\/tourcruiser.com\/fr\/products\/pharrell-x-adidas-samba-humanrace-white-hp3383\/\"]}]},{\"@type\":\"ImageObject\",\"inLanguage\":\"fr-FR\",\"@id\":\"https:\/\/tourcruiser.com\/fr\/products\/pharrell-x-adidas-samba-humanrace-white-hp3383\/#primaryimage\",\"url\":\"https:\/\/images.novelship.com\/product\/pharrell_x_adidas_samba_humanrace__white__hp3383_0_71893.jpeg;https:\/\/images.novelship.com\/product\/pharrell_x_adidas_samba_humanrace__white__hp3383_1_71894.jpeg;https:\/\/images.novelship.com\/product\/pharrell_x_adidas_samba_humanrace__white__hp3383_2_71894.jpeg;https:\/\/images.novelship.com\/product\/pharrell_x_adidas_samba_humanrace__white__hp3383_3_71894.jpeg;https:\/\/images.novelship.com\/product\/pharrell_x_adidas_samba_humanrace__white__hp3383_4_71894.jpeg;https:\/\/images.novelship.com\/product\/pharrell_x_adidas_samba_humanrace__white__hp3383_5_71894.jpeg;https:\/\/images.novelship.com\/product\/pharrell_x_adidas_samba_humanrace__white__hp3383_6_71894.jpeg;https:\/\/images.novelship.com\/product\/pharrell_x_adidas_samba_humanrace__white__hp3383_7_71894.jpeg\",\"contentUrl\":\"https:\/\/images.novelship.com\/product\/pharrell_x_adidas_samba_humanrace__white__hp3383_0_71893.jpeg;https:\/\/images.novelship.com\/product\/pharrell_x_adidas_samba_humanrace__white__hp3383_1_71894.jpeg;https:\/\/images.novelship.com\/product\/pharrell_x_adidas_samba_humanrace__white__hp3383_2_71894.jpeg;https:\/\/images.novelship.com\/product\/pharrell_x_adidas_samba_humanrace__white__hp3383_3_71894.jpeg;https:\/\/images.novelship.com\/product\/pharrell_x_adidas_samba_humanrace__white__hp3383_4_71894.jpeg;https:\/\/images.novelship.com\/product\/pharrell_x_adidas_samba_humanrace__white__hp3383_5_71894.jpeg;https:\/\/images.novelship.com\/product\/pharrell_x_adidas_samba_humanrace__white__hp3383_6_71894.jpeg;https:\/\/images.novelship.com\/product\/pharrell_x_adidas_samba_humanrace__white__hp3383_7_71894.jpeg\"},{\"@type\":\"BreadcrumbList\",\"@id\":\"https:\/\/tourcruiser.com\/fr\/products\/pharrell-x-adidas-samba-humanrace-white-hp3383\/#breadcrumb\",\"itemListElement\":[{\"@type\":\"ListItem\",\"position\":1,\"name\":\"Home\",\"item\":\"https:\/\/tourcruiser.com\/fr\/\"},{\"@type\":\"ListItem\",\"position\":2,\"name\":\"Shop\",\"item\":\"https:\/\/tourcruiser.com\/fr\/shop\/\"},{\"@type\":\"ListItem\",\"position\":3,\"name\":\"Pharrell x adidas Samba Humanrace &#8216;White&#8217; HP3383\"}]},{\"@type\":\"WebSite\",\"@id\":\"\/#website\",\"url\":\"\/\",\"name\":\"Styloral Jewelry Shop\",\"description\":\"Tourcruiser Sneaker Store \u2014 L\u2019endroit o\u00f9 l\u2019univers rencontre votre singularit\u00e9.\",\"publisher\":{\"@id\":\"\/#organization\"},\"potentialAction\":[{\"@type\":\"SearchAction\",\"target\":{\"@type\":\"EntryPoint\",\"urlTemplate\":\"\/?s={search_term_string}\"},\"query-input\":{\"@type\":\"PropertyValueSpecification\",\"valueRequired\":true,\"valueName\":\"search_term_string\"}}],\"inLanguage\":\"fr-FR\"},{\"@type\":\"Organization\",\"@id\":\"\/#organization\",\"name\":\"STYLORAL PTE. LTD\",\"url\":\"\/\",\"logo\":{\"@type\":\"ImageObject\",\"inLanguage\":\"fr-FR\",\"@id\":\"\/#\/schema\/logo\/image\/\",\"url\":\"https:\/\/www.tourcruiser.com\/wp-content\/uploads\/2025\/12\/logo.png\",\"contentUrl\":\"https:\/\/www.tourcruiser.com\/wp-content\/uploads\/2025\/12\/logo.png\",\"width\":200,\"height\":65,\"caption\":\"STYLORAL PTE. LTD\"},\"image\":{\"@id\":\"\/#\/schema\/logo\/image\/\"}}]}<\/script>\n<!-- \/ Yoast SEO plugin. -->","yoast_head_json":{"title":"Pharrell x adidas Samba Humanrace 'White' HP3383 - TOURCRUISER PTE. LTD","robots":{"index":"index","follow":"follow","max-snippet":"max-snippet:-1","max-image-preview":"max-image-preview:large","max-video-preview":"max-video-preview:-1"},"canonical":"https:\/\/tourcruiser.com\/fr\/products\/pharrell-x-adidas-samba-humanrace-white-hp3383\/","og_locale":"fr_FR","og_type":"article","og_title":"Pharrell x adidas Samba Humanrace 'White' HP3383 - TOURCRUISER PTE. LTD","og_description":"D\u00e9couvrez les sneakers Pharrell x adidas Samba Humanrace blanches. Fruit d&rsquo;une collaboration avec Pharrell Williams, ces sneakers adidas embl\u00e9matiques arborent un design \u00e9pur\u00e9 enti\u00e8rement blanc. Confectionn\u00e9es \u00e0 partir de mat\u00e9riaux haut de gamme, elles allient style et confort. Parfaites en toutes occasions, du quotidien aux performances sportives. Craquez pour elles et affirmez votre style avec [&hellip;]","og_url":"https:\/\/tourcruiser.com\/fr\/products\/pharrell-x-adidas-samba-humanrace-white-hp3383\/","og_site_name":"Tourcruiser Sneaker Store","article_modified_time":"2026-04-17T15:51:49+00:00","twitter_card":"summary_large_image","twitter_image":"https:\/\/images.novelship.com\/product\/pharrell_x_adidas_samba_humanrace__white__hp3383_0_71893.jpeg;https:\/\/images.novelship.com\/product\/pharrell_x_adidas_samba_humanrace__white__hp3383_1_71894.jpeg;https:\/\/images.novelship.com\/product\/pharrell_x_adidas_samba_humanrace__white__hp3383_2_71894.jpeg;https:\/\/images.novelship.com\/product\/pharrell_x_adidas_samba_humanrace__white__hp3383_3_71894.jpeg;https:\/\/images.novelship.com\/product\/pharrell_x_adidas_samba_humanrace__white__hp3383_4_71894.jpeg;https:\/\/images.novelship.com\/product\/pharrell_x_adidas_samba_humanrace__white__hp3383_5_71894.jpeg;https:\/\/images.novelship.com\/product\/pharrell_x_adidas_samba_humanrace__white__hp3383_6_71894.jpeg;https:\/\/images.novelship.com\/product\/pharrell_x_adidas_samba_humanrace__white__hp3383_7_71894.jpeg","schema":{"@context":"https:\/\/schema.org","@graph":[{"@type":"WebPage","@id":"https:\/\/tourcruiser.com\/fr\/products\/pharrell-x-adidas-samba-humanrace-white-hp3383\/","url":"https:\/\/tourcruiser.com\/fr\/products\/pharrell-x-adidas-samba-humanrace-white-hp3383\/","name":"Pharrell x adidas Samba Humanrace 'White' HP3383 - TOURCRUISER PTE. LTD","isPartOf":{"@id":"\/#website"},"primaryImageOfPage":{"@id":"https:\/\/tourcruiser.com\/fr\/products\/pharrell-x-adidas-samba-humanrace-white-hp3383\/#primaryimage"},"image":{"@id":"https:\/\/tourcruiser.com\/fr\/products\/pharrell-x-adidas-samba-humanrace-white-hp3383\/#primaryimage"},"thumbnailUrl":"https:\/\/images.novelship.com\/product\/pharrell_x_adidas_samba_humanrace__white__hp3383_0_71893.jpeg;https:\/\/images.novelship.com\/product\/pharrell_x_adidas_samba_humanrace__white__hp3383_1_71894.jpeg;https:\/\/images.novelship.com\/product\/pharrell_x_adidas_samba_humanrace__white__hp3383_2_71894.jpeg;https:\/\/images.novelship.com\/product\/pharrell_x_adidas_samba_humanrace__white__hp3383_3_71894.jpeg;https:\/\/images.novelship.com\/product\/pharrell_x_adidas_samba_humanrace__white__hp3383_4_71894.jpeg;https:\/\/images.novelship.com\/product\/pharrell_x_adidas_samba_humanrace__white__hp3383_5_71894.jpeg;https:\/\/images.novelship.com\/product\/pharrell_x_adidas_samba_humanrace__white__hp3383_6_71894.jpeg;https:\/\/images.novelship.com\/product\/pharrell_x_adidas_samba_humanrace__white__hp3383_7_71894.jpeg","datePublished":"2026-04-16T10:09:11+00:00","dateModified":"2026-04-17T15:51:49+00:00","breadcrumb":{"@id":"https:\/\/tourcruiser.com\/fr\/products\/pharrell-x-adidas-samba-humanrace-white-hp3383\/#breadcrumb"},"inLanguage":"fr-FR","potentialAction":[{"@type":"ReadAction","target":["https:\/\/tourcruiser.com\/fr\/products\/pharrell-x-adidas-samba-humanrace-white-hp3383\/"]}]},{"@type":"ImageObject","inLanguage":"fr-FR","@id":"https:\/\/tourcruiser.com\/fr\/products\/pharrell-x-adidas-samba-humanrace-white-hp3383\/#primaryimage","url":"https:\/\/images.novelship.com\/product\/pharrell_x_adidas_samba_humanrace__white__hp3383_0_71893.jpeg;https:\/\/images.novelship.com\/product\/pharrell_x_adidas_samba_humanrace__white__hp3383_1_71894.jpeg;https:\/\/images.novelship.com\/product\/pharrell_x_adidas_samba_humanrace__white__hp3383_2_71894.jpeg;https:\/\/images.novelship.com\/product\/pharrell_x_adidas_samba_humanrace__white__hp3383_3_71894.jpeg;https:\/\/images.novelship.com\/product\/pharrell_x_adidas_samba_humanrace__white__hp3383_4_71894.jpeg;https:\/\/images.novelship.com\/product\/pharrell_x_adidas_samba_humanrace__white__hp3383_5_71894.jpeg;https:\/\/images.novelship.com\/product\/pharrell_x_adidas_samba_humanrace__white__hp3383_6_71894.jpeg;https:\/\/images.novelship.com\/product\/pharrell_x_adidas_samba_humanrace__white__hp3383_7_71894.jpeg","contentUrl":"https:\/\/images.novelship.com\/product\/pharrell_x_adidas_samba_humanrace__white__hp3383_0_71893.jpeg;https:\/\/images.novelship.com\/product\/pharrell_x_adidas_samba_humanrace__white__hp3383_1_71894.jpeg;https:\/\/images.novelship.com\/product\/pharrell_x_adidas_samba_humanrace__white__hp3383_2_71894.jpeg;https:\/\/images.novelship.com\/product\/pharrell_x_adidas_samba_humanrace__white__hp3383_3_71894.jpeg;https:\/\/images.novelship.com\/product\/pharrell_x_adidas_samba_humanrace__white__hp3383_4_71894.jpeg;https:\/\/images.novelship.com\/product\/pharrell_x_adidas_samba_humanrace__white__hp3383_5_71894.jpeg;https:\/\/images.novelship.com\/product\/pharrell_x_adidas_samba_humanrace__white__hp3383_6_71894.jpeg;https:\/\/images.novelship.com\/product\/pharrell_x_adidas_samba_humanrace__white__hp3383_7_71894.jpeg"},{"@type":"BreadcrumbList","@id":"https:\/\/tourcruiser.com\/fr\/products\/pharrell-x-adidas-samba-humanrace-white-hp3383\/#breadcrumb","itemListElement":[{"@type":"ListItem","position":1,"name":"Home","item":"https:\/\/tourcruiser.com\/fr\/"},{"@type":"ListItem","position":2,"name":"Shop","item":"https:\/\/tourcruiser.com\/fr\/shop\/"},{"@type":"ListItem","position":3,"name":"Pharrell x adidas Samba Humanrace &#8216;White&#8217; HP3383"}]},{"@type":"WebSite","@id":"\/#website","url":"\/","name":"Styloral Jewelry Shop","description":"Tourcruiser Sneaker Store \u2014 L\u2019endroit o\u00f9 l\u2019univers rencontre votre singularit\u00e9.","publisher":{"@id":"\/#organization"},"potentialAction":[{"@type":"SearchAction","target":{"@type":"EntryPoint","urlTemplate":"\/?s={search_term_string}"},"query-input":{"@type":"PropertyValueSpecification","valueRequired":true,"valueName":"search_term_string"}}],"inLanguage":"fr-FR"},{"@type":"Organization","@id":"\/#organization","name":"STYLORAL PTE. LTD","url":"\/","logo":{"@type":"ImageObject","inLanguage":"fr-FR","@id":"\/#\/schema\/logo\/image\/","url":"https:\/\/www.tourcruiser.com\/wp-content\/uploads\/2025\/12\/logo.png","contentUrl":"https:\/\/www.tourcruiser.com\/wp-content\/uploads\/2025\/12\/logo.png","width":200,"height":65,"caption":"STYLORAL PTE. LTD"},"image":{"@id":"\/#\/schema\/logo\/image\/"}}]}},"_links":{"self":[{"href":"https:\/\/tourcruiser.com\/fr\/wp-json\/wp\/v2\/product\/761216","targetHints":{"allow":["GET"]}}],"collection":[{"href":"https:\/\/tourcruiser.com\/fr\/wp-json\/wp\/v2\/product"}],"about":[{"href":"https:\/\/tourcruiser.com\/fr\/wp-json\/wp\/v2\/types\/product"}],"replies":[{"embeddable":true,"href":"https:\/\/tourcruiser.com\/fr\/wp-json\/wp\/v2\/comments?post=761216"}],"wp:featuredmedia":[{"embeddable":true,"href":"https:\/\/tourcruiser.com\/fr\/wp-json\/wp\/v2\/media\/761217"}],"wp:attachment":[{"href":"https:\/\/tourcruiser.com\/fr\/wp-json\/wp\/v2\/media?parent=761216"}],"wp:term":[{"taxonomy":"product_brand","embeddable":true,"href":"https:\/\/tourcruiser.com\/fr\/wp-json\/wp\/v2\/product_brand?post=761216"},{"taxonomy":"product_cat","embeddable":true,"href":"https:\/\/tourcruiser.com\/fr\/wp-json\/wp\/v2\/product_cat?post=761216"},{"taxonomy":"product_tag","embeddable":true,"href":"https:\/\/tourcruiser.com\/fr\/wp-json\/wp\/v2\/product_tag?post=761216"}],"curies":[{"name":"wp","href":"https:\/\/api.w.org\/{rel}","templated":true}]}}