{"id":761195,"date":"2026-04-16T17:09:10","date_gmt":"2026-04-16T10:09:10","guid":{"rendered":"http:\/\/tourcruiser.com\/product\/grade-school-air-jordan-4-retro-og-bred-2019-408452-060"},"modified":"2026-04-17T22:51:48","modified_gmt":"2026-04-17T15:51:48","slug":"grade-school-air-jordan-4-retro-og-bred-2019-408452-060","status":"publish","type":"product","link":"https:\/\/tourcruiser.com\/fr\/products\/grade-school-air-jordan-4-retro-og-bred-2019-408452-060\/","title":{"rendered":"(Grade School) Air Jordan 4 Retro OG &lsquo;Bred&rsquo; 2019 408452-060"},"content":{"rendered":"<p>D\u00e9couvrez la Air Jordan 4 Retro OG Bred 2019 (GS), un incontournable pour les jeunes passionn\u00e9s de sneakers. Con\u00e7ues par Jordan lui-m\u00eame, ces sneakers iconiques arborent un design noir \u00e9l\u00e9gant et le surnom nostalgique \u00ab\u00a0Bred\u00a0\u00bb. Parfaites pour les jeunes, elles allient style et confort pour un look irr\u00e9sistible. Rejoignez la l\u00e9gende Jordan et affirmez votre style avec la Air Jordan 4 Retro OG Bred 2019 (GS).<\/p>\n<p>Coloris\u00a0: Noir\/Gris Ciment-Blanc Sommet-Rouge Feu<\/p>\n<p>Code article\u00a0: 408452-060<\/p>\n<p>Tige\u00a0: Cuir nubuck<\/p>\n<p>Semelle interm\u00e9diaire\u00a0: Air<\/p>\n<p>Couleur\u00a0: Noir<\/p>\n<p>Designer\u00a0: Tinker Hatfield<\/p>\n<p>Saison\u00a0: Printemps<br \/>\nAnn\u00e9e de sortie\u00a0: 2019<\/p>\n<p>\u00c2ge\u00a0: Adulte<br \/>\nCouleur\u00a0: Noir<br \/>\nGenre\u00a0: Jeune<\/p>\n","protected":false},"excerpt":{"rendered":"<p>D\u00e9couvrez la Air Jordan 4 Retro OG Bred 2019 (GS), un incontournable pour les jeunes passionn\u00e9s de sneakers. Con\u00e7ues par Jordan lui-m\u00eame, ces sneakers iconiques arborent un design noir \u00e9l\u00e9gant et le surnom nostalgique \u00ab\u00a0Bred\u00a0\u00bb. Parfaites pour les jeunes, elles allient style et confort pour un look irr\u00e9sistible. Rejoignez la l\u00e9gende Jordan et affirmez votre [&hellip;]<\/p>\n","protected":false},"featured_media":761196,"comment_status":"open","ping_status":"closed","template":"","meta":[],"product_brand":[],"product_cat":[38880],"product_tag":[10750,38988,10776,10756,39039,38902],"class_list":{"0":"post-761195","1":"product","2":"type-product","3":"status-publish","4":"has-post-thumbnail","6":"product_cat-jordan","7":"product_tag-athleisure-shoes","8":"product_tag-casual-shoes-for-kids","9":"product_tag-jordan","10":"product_tag-retro-casual-shoes","11":"product_tag-sneakers-for-kids","12":"product_tag-trendy-offers","14":"first","15":"instock","16":"taxable","17":"shipping-taxable","18":"purchasable","19":"product-type-simple"},"wcpa_form_fields":null,"yoast_head":"<!-- This site is optimized with the Yoast SEO plugin v26.5 - https:\/\/yoast.com\/wordpress\/plugins\/seo\/ -->\n<title>(Grade School) Air Jordan 4 Retro OG &#039;Bred&#039; 2019 408452-060 - TOURCRUISER PTE. LTD<\/title>\n<meta name=\"robots\" content=\"index, follow, max-snippet:-1, max-image-preview:large, max-video-preview:-1\" \/>\n<link rel=\"canonical\" href=\"https:\/\/tourcruiser.com\/fr\/products\/grade-school-air-jordan-4-retro-og-bred-2019-408452-060\/\" \/>\n<meta property=\"og:locale\" content=\"fr_FR\" \/>\n<meta property=\"og:type\" content=\"article\" \/>\n<meta property=\"og:title\" content=\"(Grade School) Air Jordan 4 Retro OG &#039;Bred&#039; 2019 408452-060 - TOURCRUISER PTE. LTD\" \/>\n<meta property=\"og:description\" content=\"D\u00e9couvrez la Air Jordan 4 Retro OG Bred 2019 (GS), un incontournable pour les jeunes passionn\u00e9s de sneakers. Con\u00e7ues par Jordan lui-m\u00eame, ces sneakers iconiques arborent un design noir \u00e9l\u00e9gant et le surnom nostalgique \u00ab\u00a0Bred\u00a0\u00bb. Parfaites pour les jeunes, elles allient style et confort pour un look irr\u00e9sistible. Rejoignez la l\u00e9gende Jordan et affirmez votre [&hellip;]\" \/>\n<meta property=\"og:url\" content=\"https:\/\/tourcruiser.com\/fr\/products\/grade-school-air-jordan-4-retro-og-bred-2019-408452-060\/\" \/>\n<meta property=\"og:site_name\" content=\"Tourcruiser Sneaker Store\" \/>\n<meta property=\"article:modified_time\" content=\"2026-04-17T15:51:48+00:00\" \/>\n<meta name=\"twitter:card\" content=\"summary_large_image\" \/>\n<meta name=\"twitter:image\" content=\"https:\/\/images.novelship.com\/product\/_grade_school__air_jordan_4_retro_og__bred__2019_4_0_67303.jpeg;https:\/\/images.novelship.com\/product\/_grade_school__air_jordan_4_retro_og__bred__2019_4_1_67303.jpeg;https:\/\/images.novelship.com\/product\/_grade_school__air_jordan_4_retro_og__bred__2019_4_2_67303.jpeg;https:\/\/images.novelship.com\/product\/_grade_school__air_jordan_4_retro_og__bred__2019_4_3_67303.jpeg;https:\/\/images.novelship.com\/product\/_grade_school__air_jordan_4_retro_og__bred__2019_4_4_67303.jpeg;https:\/\/images.novelship.com\/product\/_grade_school__air_jordan_4_retro_og__bred__2019_4_5_67303.jpeg;https:\/\/images.novelship.com\/product\/_grade_school__air_jordan_4_retro_og__bred__2019_4_6_67303.jpeg;https:\/\/images.novelship.com\/product\/_grade_school__air_jordan_4_retro_og__bred__2019_4_7_67303.jpeg\" \/>\n<meta name=\"twitter:label1\" content=\"Dur\u00e9e de lecture estim\u00e9e\" \/>\n\t<meta name=\"twitter:data1\" content=\"1 minute\" \/>\n<script type=\"application\/ld+json\" class=\"yoast-schema-graph\">{\"@context\":\"https:\/\/schema.org\",\"@graph\":[{\"@type\":\"WebPage\",\"@id\":\"https:\/\/tourcruiser.com\/fr\/products\/grade-school-air-jordan-4-retro-og-bred-2019-408452-060\/\",\"url\":\"https:\/\/tourcruiser.com\/fr\/products\/grade-school-air-jordan-4-retro-og-bred-2019-408452-060\/\",\"name\":\"(Grade School) Air Jordan 4 Retro OG 'Bred' 2019 408452-060 - TOURCRUISER PTE. LTD\",\"isPartOf\":{\"@id\":\"\/#website\"},\"primaryImageOfPage\":{\"@id\":\"https:\/\/tourcruiser.com\/fr\/products\/grade-school-air-jordan-4-retro-og-bred-2019-408452-060\/#primaryimage\"},\"image\":{\"@id\":\"https:\/\/tourcruiser.com\/fr\/products\/grade-school-air-jordan-4-retro-og-bred-2019-408452-060\/#primaryimage\"},\"thumbnailUrl\":\"https:\/\/images.novelship.com\/product\/_grade_school__air_jordan_4_retro_og__bred__2019_4_0_67303.jpeg;https:\/\/images.novelship.com\/product\/_grade_school__air_jordan_4_retro_og__bred__2019_4_1_67303.jpeg;https:\/\/images.novelship.com\/product\/_grade_school__air_jordan_4_retro_og__bred__2019_4_2_67303.jpeg;https:\/\/images.novelship.com\/product\/_grade_school__air_jordan_4_retro_og__bred__2019_4_3_67303.jpeg;https:\/\/images.novelship.com\/product\/_grade_school__air_jordan_4_retro_og__bred__2019_4_4_67303.jpeg;https:\/\/images.novelship.com\/product\/_grade_school__air_jordan_4_retro_og__bred__2019_4_5_67303.jpeg;https:\/\/images.novelship.com\/product\/_grade_school__air_jordan_4_retro_og__bred__2019_4_6_67303.jpeg;https:\/\/images.novelship.com\/product\/_grade_school__air_jordan_4_retro_og__bred__2019_4_7_67303.jpeg\",\"datePublished\":\"2026-04-16T10:09:10+00:00\",\"dateModified\":\"2026-04-17T15:51:48+00:00\",\"breadcrumb\":{\"@id\":\"https:\/\/tourcruiser.com\/fr\/products\/grade-school-air-jordan-4-retro-og-bred-2019-408452-060\/#breadcrumb\"},\"inLanguage\":\"fr-FR\",\"potentialAction\":[{\"@type\":\"ReadAction\",\"target\":[\"https:\/\/tourcruiser.com\/fr\/products\/grade-school-air-jordan-4-retro-og-bred-2019-408452-060\/\"]}]},{\"@type\":\"ImageObject\",\"inLanguage\":\"fr-FR\",\"@id\":\"https:\/\/tourcruiser.com\/fr\/products\/grade-school-air-jordan-4-retro-og-bred-2019-408452-060\/#primaryimage\",\"url\":\"https:\/\/images.novelship.com\/product\/_grade_school__air_jordan_4_retro_og__bred__2019_4_0_67303.jpeg;https:\/\/images.novelship.com\/product\/_grade_school__air_jordan_4_retro_og__bred__2019_4_1_67303.jpeg;https:\/\/images.novelship.com\/product\/_grade_school__air_jordan_4_retro_og__bred__2019_4_2_67303.jpeg;https:\/\/images.novelship.com\/product\/_grade_school__air_jordan_4_retro_og__bred__2019_4_3_67303.jpeg;https:\/\/images.novelship.com\/product\/_grade_school__air_jordan_4_retro_og__bred__2019_4_4_67303.jpeg;https:\/\/images.novelship.com\/product\/_grade_school__air_jordan_4_retro_og__bred__2019_4_5_67303.jpeg;https:\/\/images.novelship.com\/product\/_grade_school__air_jordan_4_retro_og__bred__2019_4_6_67303.jpeg;https:\/\/images.novelship.com\/product\/_grade_school__air_jordan_4_retro_og__bred__2019_4_7_67303.jpeg\",\"contentUrl\":\"https:\/\/images.novelship.com\/product\/_grade_school__air_jordan_4_retro_og__bred__2019_4_0_67303.jpeg;https:\/\/images.novelship.com\/product\/_grade_school__air_jordan_4_retro_og__bred__2019_4_1_67303.jpeg;https:\/\/images.novelship.com\/product\/_grade_school__air_jordan_4_retro_og__bred__2019_4_2_67303.jpeg;https:\/\/images.novelship.com\/product\/_grade_school__air_jordan_4_retro_og__bred__2019_4_3_67303.jpeg;https:\/\/images.novelship.com\/product\/_grade_school__air_jordan_4_retro_og__bred__2019_4_4_67303.jpeg;https:\/\/images.novelship.com\/product\/_grade_school__air_jordan_4_retro_og__bred__2019_4_5_67303.jpeg;https:\/\/images.novelship.com\/product\/_grade_school__air_jordan_4_retro_og__bred__2019_4_6_67303.jpeg;https:\/\/images.novelship.com\/product\/_grade_school__air_jordan_4_retro_og__bred__2019_4_7_67303.jpeg\"},{\"@type\":\"BreadcrumbList\",\"@id\":\"https:\/\/tourcruiser.com\/fr\/products\/grade-school-air-jordan-4-retro-og-bred-2019-408452-060\/#breadcrumb\",\"itemListElement\":[{\"@type\":\"ListItem\",\"position\":1,\"name\":\"Home\",\"item\":\"https:\/\/tourcruiser.com\/fr\/\"},{\"@type\":\"ListItem\",\"position\":2,\"name\":\"Shop\",\"item\":\"https:\/\/tourcruiser.com\/fr\/shop\/\"},{\"@type\":\"ListItem\",\"position\":3,\"name\":\"(Grade School) Air Jordan 4 Retro OG &#8216;Bred&#8217; 2019 408452-060\"}]},{\"@type\":\"WebSite\",\"@id\":\"\/#website\",\"url\":\"\/\",\"name\":\"Styloral Jewelry Shop\",\"description\":\"Tourcruiser Sneaker Store \u2014 L\u2019endroit o\u00f9 l\u2019univers rencontre votre singularit\u00e9.\",\"publisher\":{\"@id\":\"\/#organization\"},\"potentialAction\":[{\"@type\":\"SearchAction\",\"target\":{\"@type\":\"EntryPoint\",\"urlTemplate\":\"\/?s={search_term_string}\"},\"query-input\":{\"@type\":\"PropertyValueSpecification\",\"valueRequired\":true,\"valueName\":\"search_term_string\"}}],\"inLanguage\":\"fr-FR\"},{\"@type\":\"Organization\",\"@id\":\"\/#organization\",\"name\":\"STYLORAL PTE. LTD\",\"url\":\"\/\",\"logo\":{\"@type\":\"ImageObject\",\"inLanguage\":\"fr-FR\",\"@id\":\"\/#\/schema\/logo\/image\/\",\"url\":\"https:\/\/www.tourcruiser.com\/wp-content\/uploads\/2025\/12\/logo.png\",\"contentUrl\":\"https:\/\/www.tourcruiser.com\/wp-content\/uploads\/2025\/12\/logo.png\",\"width\":200,\"height\":65,\"caption\":\"STYLORAL PTE. LTD\"},\"image\":{\"@id\":\"\/#\/schema\/logo\/image\/\"}}]}<\/script>\n<!-- \/ Yoast SEO plugin. -->","yoast_head_json":{"title":"(Grade School) Air Jordan 4 Retro OG 'Bred' 2019 408452-060 - TOURCRUISER PTE. LTD","robots":{"index":"index","follow":"follow","max-snippet":"max-snippet:-1","max-image-preview":"max-image-preview:large","max-video-preview":"max-video-preview:-1"},"canonical":"https:\/\/tourcruiser.com\/fr\/products\/grade-school-air-jordan-4-retro-og-bred-2019-408452-060\/","og_locale":"fr_FR","og_type":"article","og_title":"(Grade School) Air Jordan 4 Retro OG 'Bred' 2019 408452-060 - TOURCRUISER PTE. LTD","og_description":"D\u00e9couvrez la Air Jordan 4 Retro OG Bred 2019 (GS), un incontournable pour les jeunes passionn\u00e9s de sneakers. Con\u00e7ues par Jordan lui-m\u00eame, ces sneakers iconiques arborent un design noir \u00e9l\u00e9gant et le surnom nostalgique \u00ab\u00a0Bred\u00a0\u00bb. Parfaites pour les jeunes, elles allient style et confort pour un look irr\u00e9sistible. Rejoignez la l\u00e9gende Jordan et affirmez votre [&hellip;]","og_url":"https:\/\/tourcruiser.com\/fr\/products\/grade-school-air-jordan-4-retro-og-bred-2019-408452-060\/","og_site_name":"Tourcruiser Sneaker Store","article_modified_time":"2026-04-17T15:51:48+00:00","twitter_card":"summary_large_image","twitter_image":"https:\/\/images.novelship.com\/product\/_grade_school__air_jordan_4_retro_og__bred__2019_4_0_67303.jpeg;https:\/\/images.novelship.com\/product\/_grade_school__air_jordan_4_retro_og__bred__2019_4_1_67303.jpeg;https:\/\/images.novelship.com\/product\/_grade_school__air_jordan_4_retro_og__bred__2019_4_2_67303.jpeg;https:\/\/images.novelship.com\/product\/_grade_school__air_jordan_4_retro_og__bred__2019_4_3_67303.jpeg;https:\/\/images.novelship.com\/product\/_grade_school__air_jordan_4_retro_og__bred__2019_4_4_67303.jpeg;https:\/\/images.novelship.com\/product\/_grade_school__air_jordan_4_retro_og__bred__2019_4_5_67303.jpeg;https:\/\/images.novelship.com\/product\/_grade_school__air_jordan_4_retro_og__bred__2019_4_6_67303.jpeg;https:\/\/images.novelship.com\/product\/_grade_school__air_jordan_4_retro_og__bred__2019_4_7_67303.jpeg","twitter_misc":{"Dur\u00e9e de lecture estim\u00e9e":"1 minute"},"schema":{"@context":"https:\/\/schema.org","@graph":[{"@type":"WebPage","@id":"https:\/\/tourcruiser.com\/fr\/products\/grade-school-air-jordan-4-retro-og-bred-2019-408452-060\/","url":"https:\/\/tourcruiser.com\/fr\/products\/grade-school-air-jordan-4-retro-og-bred-2019-408452-060\/","name":"(Grade School) Air Jordan 4 Retro OG 'Bred' 2019 408452-060 - TOURCRUISER PTE. LTD","isPartOf":{"@id":"\/#website"},"primaryImageOfPage":{"@id":"https:\/\/tourcruiser.com\/fr\/products\/grade-school-air-jordan-4-retro-og-bred-2019-408452-060\/#primaryimage"},"image":{"@id":"https:\/\/tourcruiser.com\/fr\/products\/grade-school-air-jordan-4-retro-og-bred-2019-408452-060\/#primaryimage"},"thumbnailUrl":"https:\/\/images.novelship.com\/product\/_grade_school__air_jordan_4_retro_og__bred__2019_4_0_67303.jpeg;https:\/\/images.novelship.com\/product\/_grade_school__air_jordan_4_retro_og__bred__2019_4_1_67303.jpeg;https:\/\/images.novelship.com\/product\/_grade_school__air_jordan_4_retro_og__bred__2019_4_2_67303.jpeg;https:\/\/images.novelship.com\/product\/_grade_school__air_jordan_4_retro_og__bred__2019_4_3_67303.jpeg;https:\/\/images.novelship.com\/product\/_grade_school__air_jordan_4_retro_og__bred__2019_4_4_67303.jpeg;https:\/\/images.novelship.com\/product\/_grade_school__air_jordan_4_retro_og__bred__2019_4_5_67303.jpeg;https:\/\/images.novelship.com\/product\/_grade_school__air_jordan_4_retro_og__bred__2019_4_6_67303.jpeg;https:\/\/images.novelship.com\/product\/_grade_school__air_jordan_4_retro_og__bred__2019_4_7_67303.jpeg","datePublished":"2026-04-16T10:09:10+00:00","dateModified":"2026-04-17T15:51:48+00:00","breadcrumb":{"@id":"https:\/\/tourcruiser.com\/fr\/products\/grade-school-air-jordan-4-retro-og-bred-2019-408452-060\/#breadcrumb"},"inLanguage":"fr-FR","potentialAction":[{"@type":"ReadAction","target":["https:\/\/tourcruiser.com\/fr\/products\/grade-school-air-jordan-4-retro-og-bred-2019-408452-060\/"]}]},{"@type":"ImageObject","inLanguage":"fr-FR","@id":"https:\/\/tourcruiser.com\/fr\/products\/grade-school-air-jordan-4-retro-og-bred-2019-408452-060\/#primaryimage","url":"https:\/\/images.novelship.com\/product\/_grade_school__air_jordan_4_retro_og__bred__2019_4_0_67303.jpeg;https:\/\/images.novelship.com\/product\/_grade_school__air_jordan_4_retro_og__bred__2019_4_1_67303.jpeg;https:\/\/images.novelship.com\/product\/_grade_school__air_jordan_4_retro_og__bred__2019_4_2_67303.jpeg;https:\/\/images.novelship.com\/product\/_grade_school__air_jordan_4_retro_og__bred__2019_4_3_67303.jpeg;https:\/\/images.novelship.com\/product\/_grade_school__air_jordan_4_retro_og__bred__2019_4_4_67303.jpeg;https:\/\/images.novelship.com\/product\/_grade_school__air_jordan_4_retro_og__bred__2019_4_5_67303.jpeg;https:\/\/images.novelship.com\/product\/_grade_school__air_jordan_4_retro_og__bred__2019_4_6_67303.jpeg;https:\/\/images.novelship.com\/product\/_grade_school__air_jordan_4_retro_og__bred__2019_4_7_67303.jpeg","contentUrl":"https:\/\/images.novelship.com\/product\/_grade_school__air_jordan_4_retro_og__bred__2019_4_0_67303.jpeg;https:\/\/images.novelship.com\/product\/_grade_school__air_jordan_4_retro_og__bred__2019_4_1_67303.jpeg;https:\/\/images.novelship.com\/product\/_grade_school__air_jordan_4_retro_og__bred__2019_4_2_67303.jpeg;https:\/\/images.novelship.com\/product\/_grade_school__air_jordan_4_retro_og__bred__2019_4_3_67303.jpeg;https:\/\/images.novelship.com\/product\/_grade_school__air_jordan_4_retro_og__bred__2019_4_4_67303.jpeg;https:\/\/images.novelship.com\/product\/_grade_school__air_jordan_4_retro_og__bred__2019_4_5_67303.jpeg;https:\/\/images.novelship.com\/product\/_grade_school__air_jordan_4_retro_og__bred__2019_4_6_67303.jpeg;https:\/\/images.novelship.com\/product\/_grade_school__air_jordan_4_retro_og__bred__2019_4_7_67303.jpeg"},{"@type":"BreadcrumbList","@id":"https:\/\/tourcruiser.com\/fr\/products\/grade-school-air-jordan-4-retro-og-bred-2019-408452-060\/#breadcrumb","itemListElement":[{"@type":"ListItem","position":1,"name":"Home","item":"https:\/\/tourcruiser.com\/fr\/"},{"@type":"ListItem","position":2,"name":"Shop","item":"https:\/\/tourcruiser.com\/fr\/shop\/"},{"@type":"ListItem","position":3,"name":"(Grade School) Air Jordan 4 Retro OG &#8216;Bred&#8217; 2019 408452-060"}]},{"@type":"WebSite","@id":"\/#website","url":"\/","name":"Styloral Jewelry Shop","description":"Tourcruiser Sneaker Store \u2014 L\u2019endroit o\u00f9 l\u2019univers rencontre votre singularit\u00e9.","publisher":{"@id":"\/#organization"},"potentialAction":[{"@type":"SearchAction","target":{"@type":"EntryPoint","urlTemplate":"\/?s={search_term_string}"},"query-input":{"@type":"PropertyValueSpecification","valueRequired":true,"valueName":"search_term_string"}}],"inLanguage":"fr-FR"},{"@type":"Organization","@id":"\/#organization","name":"STYLORAL PTE. LTD","url":"\/","logo":{"@type":"ImageObject","inLanguage":"fr-FR","@id":"\/#\/schema\/logo\/image\/","url":"https:\/\/www.tourcruiser.com\/wp-content\/uploads\/2025\/12\/logo.png","contentUrl":"https:\/\/www.tourcruiser.com\/wp-content\/uploads\/2025\/12\/logo.png","width":200,"height":65,"caption":"STYLORAL PTE. LTD"},"image":{"@id":"\/#\/schema\/logo\/image\/"}}]}},"_links":{"self":[{"href":"https:\/\/tourcruiser.com\/fr\/wp-json\/wp\/v2\/product\/761195","targetHints":{"allow":["GET"]}}],"collection":[{"href":"https:\/\/tourcruiser.com\/fr\/wp-json\/wp\/v2\/product"}],"about":[{"href":"https:\/\/tourcruiser.com\/fr\/wp-json\/wp\/v2\/types\/product"}],"replies":[{"embeddable":true,"href":"https:\/\/tourcruiser.com\/fr\/wp-json\/wp\/v2\/comments?post=761195"}],"wp:featuredmedia":[{"embeddable":true,"href":"https:\/\/tourcruiser.com\/fr\/wp-json\/wp\/v2\/media\/761196"}],"wp:attachment":[{"href":"https:\/\/tourcruiser.com\/fr\/wp-json\/wp\/v2\/media?parent=761195"}],"wp:term":[{"taxonomy":"product_brand","embeddable":true,"href":"https:\/\/tourcruiser.com\/fr\/wp-json\/wp\/v2\/product_brand?post=761195"},{"taxonomy":"product_cat","embeddable":true,"href":"https:\/\/tourcruiser.com\/fr\/wp-json\/wp\/v2\/product_cat?post=761195"},{"taxonomy":"product_tag","embeddable":true,"href":"https:\/\/tourcruiser.com\/fr\/wp-json\/wp\/v2\/product_tag?post=761195"}],"curies":[{"name":"wp","href":"https:\/\/api.w.org\/{rel}","templated":true}]}}