{"id":761177,"date":"2026-04-16T17:09:10","date_gmt":"2026-04-16T10:09:10","guid":{"rendered":"http:\/\/tourcruiser.com\/product\/air-jordan-1-low-shattered-backboard-553558-128"},"modified":"2026-04-17T22:51:47","modified_gmt":"2026-04-17T15:51:47","slug":"air-jordan-1-low-shattered-backboard-553558-128","status":"publish","type":"product","link":"https:\/\/tourcruiser.com\/fr\/products\/air-jordan-1-low-shattered-backboard-553558-128\/","title":{"rendered":"Air Jordan 1 Low &lsquo;Shattered Backboard&rsquo; 553558-128"},"content":{"rendered":"<p>La Air Jordan 1 Low Shattered Backboard est une sneaker exceptionnelle de la c\u00e9l\u00e8bre marque Jordan. Avec son design \u00e9pur\u00e9 et styl\u00e9, elle est parfaite pour les loisirs comme pour le sport. L&rsquo;alliance de la silhouette classique de la Air Jordan et du coloris unique \u00ab\u00a0Shattered Backboard\u00a0\u00bb en fait un incontournable pour tous les passionn\u00e9s de sneakers. D\u00e9couvrez un confort et un style ultimes avec la Air Jordan 1 Low Shattered Backboard.<\/p>\n<p>Coloris\u00a0: Starfish\/Black-Sail<\/p>\n<p>Code article\u00a0: 553558-128<\/p>\n<p>Tige\u00a0: Cuir<\/p>\n<p>Semelle interm\u00e9diaire\u00a0: Air<\/p>\n<p>Couleur\u00a0: Noir<\/p>\n<p>Designer\u00a0: Peter Moore<\/p>\n<p>Saison\u00a0: \u00c9t\u00e9<\/p>\n<p>Ann\u00e9e de sortie\u00a0: 2019<\/p>\n<p>\u00c2ge\u00a0: Adulte<br \/>\nCouleur\u00a0: Noir<br \/>\nGenre\u00a0: Homme<\/p>\n","protected":false},"excerpt":{"rendered":"<p>La Air Jordan 1 Low Shattered Backboard est une sneaker exceptionnelle de la c\u00e9l\u00e8bre marque Jordan. Avec son design \u00e9pur\u00e9 et styl\u00e9, elle est parfaite pour les loisirs comme pour le sport. L&rsquo;alliance de la silhouette classique de la Air Jordan et du coloris unique \u00ab\u00a0Shattered Backboard\u00a0\u00bb en fait un incontournable pour tous les passionn\u00e9s [&hellip;]<\/p>\n","protected":false},"featured_media":761178,"comment_status":"open","ping_status":"closed","template":"","meta":[],"product_brand":[],"product_cat":[38880],"product_tag":[10750,10800,38841,38842,10776,11349,38875,38886,10756],"class_list":{"0":"post-761177","1":"product","2":"type-product","3":"status-publish","4":"has-post-thumbnail","6":"product_cat-jordan","7":"product_tag-athleisure-shoes","8":"product_tag-basketball-shoes","9":"product_tag-casual-shoes","10":"product_tag-gift-idea-for-him","11":"product_tag-jordan","12":"product_tag-jordan-basketball-shoes","13":"product_tag-jordan-skateboard-shoes","14":"product_tag-lifestyle-shoes-inspired-by-basketball","15":"product_tag-retro-casual-shoes","17":"first","18":"instock","19":"taxable","20":"shipping-taxable","21":"purchasable","22":"product-type-simple"},"wcpa_form_fields":null,"yoast_head":"<!-- This site is optimized with the Yoast SEO plugin v26.5 - https:\/\/yoast.com\/wordpress\/plugins\/seo\/ -->\n<title>Air Jordan 1 Low &#039;Shattered Backboard&#039; 553558-128 - TOURCRUISER PTE. LTD<\/title>\n<meta name=\"robots\" content=\"index, follow, max-snippet:-1, max-image-preview:large, max-video-preview:-1\" \/>\n<link rel=\"canonical\" href=\"https:\/\/tourcruiser.com\/fr\/products\/air-jordan-1-low-shattered-backboard-553558-128\/\" \/>\n<meta property=\"og:locale\" content=\"fr_FR\" \/>\n<meta property=\"og:type\" content=\"article\" \/>\n<meta property=\"og:title\" content=\"Air Jordan 1 Low &#039;Shattered Backboard&#039; 553558-128 - TOURCRUISER PTE. LTD\" \/>\n<meta property=\"og:description\" content=\"La Air Jordan 1 Low Shattered Backboard est une sneaker exceptionnelle de la c\u00e9l\u00e8bre marque Jordan. Avec son design \u00e9pur\u00e9 et styl\u00e9, elle est parfaite pour les loisirs comme pour le sport. L&rsquo;alliance de la silhouette classique de la Air Jordan et du coloris unique \u00ab\u00a0Shattered Backboard\u00a0\u00bb en fait un incontournable pour tous les passionn\u00e9s [&hellip;]\" \/>\n<meta property=\"og:url\" content=\"https:\/\/tourcruiser.com\/fr\/products\/air-jordan-1-low-shattered-backboard-553558-128\/\" \/>\n<meta property=\"og:site_name\" content=\"Tourcruiser Sneaker Store\" \/>\n<meta property=\"article:modified_time\" content=\"2026-04-17T15:51:47+00:00\" \/>\n<meta name=\"twitter:card\" content=\"summary_large_image\" \/>\n<meta name=\"twitter:image\" content=\"https:\/\/images.novelship.com\/product\/air_jordan_1_low__shattered_backboard__553558_128_0_50534.jpeg;https:\/\/images.novelship.com\/product\/air_jordan_1_low__shattered_backboard__553558_128_1_50534.jpeg;https:\/\/images.novelship.com\/product\/air_jordan_1_low__shattered_backboard__553558_128_2_50534.jpeg;https:\/\/images.novelship.com\/product\/air_jordan_1_low__shattered_backboard__553558_128_3_50534.jpeg;https:\/\/images.novelship.com\/product\/air_jordan_1_low__shattered_backboard__553558_128_4_50534.jpeg;https:\/\/images.novelship.com\/product\/air_jordan_1_low__shattered_backboard__553558_128_5_50534.jpeg;https:\/\/images.novelship.com\/product\/air_jordan_1_low__shattered_backboard__553558_128_6_50534.jpeg;https:\/\/images.novelship.com\/product\/air_jordan_1_low__shattered_backboard__553558_128_7_50534.jpeg\" \/>\n<meta name=\"twitter:label1\" content=\"Dur\u00e9e de lecture estim\u00e9e\" \/>\n\t<meta name=\"twitter:data1\" content=\"1 minute\" \/>\n<script type=\"application\/ld+json\" class=\"yoast-schema-graph\">{\"@context\":\"https:\/\/schema.org\",\"@graph\":[{\"@type\":\"WebPage\",\"@id\":\"https:\/\/tourcruiser.com\/fr\/products\/air-jordan-1-low-shattered-backboard-553558-128\/\",\"url\":\"https:\/\/tourcruiser.com\/fr\/products\/air-jordan-1-low-shattered-backboard-553558-128\/\",\"name\":\"Air Jordan 1 Low 'Shattered Backboard' 553558-128 - TOURCRUISER PTE. LTD\",\"isPartOf\":{\"@id\":\"\/#website\"},\"primaryImageOfPage\":{\"@id\":\"https:\/\/tourcruiser.com\/fr\/products\/air-jordan-1-low-shattered-backboard-553558-128\/#primaryimage\"},\"image\":{\"@id\":\"https:\/\/tourcruiser.com\/fr\/products\/air-jordan-1-low-shattered-backboard-553558-128\/#primaryimage\"},\"thumbnailUrl\":\"https:\/\/images.novelship.com\/product\/air_jordan_1_low__shattered_backboard__553558_128_0_50534.jpeg;https:\/\/images.novelship.com\/product\/air_jordan_1_low__shattered_backboard__553558_128_1_50534.jpeg;https:\/\/images.novelship.com\/product\/air_jordan_1_low__shattered_backboard__553558_128_2_50534.jpeg;https:\/\/images.novelship.com\/product\/air_jordan_1_low__shattered_backboard__553558_128_3_50534.jpeg;https:\/\/images.novelship.com\/product\/air_jordan_1_low__shattered_backboard__553558_128_4_50534.jpeg;https:\/\/images.novelship.com\/product\/air_jordan_1_low__shattered_backboard__553558_128_5_50534.jpeg;https:\/\/images.novelship.com\/product\/air_jordan_1_low__shattered_backboard__553558_128_6_50534.jpeg;https:\/\/images.novelship.com\/product\/air_jordan_1_low__shattered_backboard__553558_128_7_50534.jpeg\",\"datePublished\":\"2026-04-16T10:09:10+00:00\",\"dateModified\":\"2026-04-17T15:51:47+00:00\",\"breadcrumb\":{\"@id\":\"https:\/\/tourcruiser.com\/fr\/products\/air-jordan-1-low-shattered-backboard-553558-128\/#breadcrumb\"},\"inLanguage\":\"fr-FR\",\"potentialAction\":[{\"@type\":\"ReadAction\",\"target\":[\"https:\/\/tourcruiser.com\/fr\/products\/air-jordan-1-low-shattered-backboard-553558-128\/\"]}]},{\"@type\":\"ImageObject\",\"inLanguage\":\"fr-FR\",\"@id\":\"https:\/\/tourcruiser.com\/fr\/products\/air-jordan-1-low-shattered-backboard-553558-128\/#primaryimage\",\"url\":\"https:\/\/images.novelship.com\/product\/air_jordan_1_low__shattered_backboard__553558_128_0_50534.jpeg;https:\/\/images.novelship.com\/product\/air_jordan_1_low__shattered_backboard__553558_128_1_50534.jpeg;https:\/\/images.novelship.com\/product\/air_jordan_1_low__shattered_backboard__553558_128_2_50534.jpeg;https:\/\/images.novelship.com\/product\/air_jordan_1_low__shattered_backboard__553558_128_3_50534.jpeg;https:\/\/images.novelship.com\/product\/air_jordan_1_low__shattered_backboard__553558_128_4_50534.jpeg;https:\/\/images.novelship.com\/product\/air_jordan_1_low__shattered_backboard__553558_128_5_50534.jpeg;https:\/\/images.novelship.com\/product\/air_jordan_1_low__shattered_backboard__553558_128_6_50534.jpeg;https:\/\/images.novelship.com\/product\/air_jordan_1_low__shattered_backboard__553558_128_7_50534.jpeg\",\"contentUrl\":\"https:\/\/images.novelship.com\/product\/air_jordan_1_low__shattered_backboard__553558_128_0_50534.jpeg;https:\/\/images.novelship.com\/product\/air_jordan_1_low__shattered_backboard__553558_128_1_50534.jpeg;https:\/\/images.novelship.com\/product\/air_jordan_1_low__shattered_backboard__553558_128_2_50534.jpeg;https:\/\/images.novelship.com\/product\/air_jordan_1_low__shattered_backboard__553558_128_3_50534.jpeg;https:\/\/images.novelship.com\/product\/air_jordan_1_low__shattered_backboard__553558_128_4_50534.jpeg;https:\/\/images.novelship.com\/product\/air_jordan_1_low__shattered_backboard__553558_128_5_50534.jpeg;https:\/\/images.novelship.com\/product\/air_jordan_1_low__shattered_backboard__553558_128_6_50534.jpeg;https:\/\/images.novelship.com\/product\/air_jordan_1_low__shattered_backboard__553558_128_7_50534.jpeg\"},{\"@type\":\"BreadcrumbList\",\"@id\":\"https:\/\/tourcruiser.com\/fr\/products\/air-jordan-1-low-shattered-backboard-553558-128\/#breadcrumb\",\"itemListElement\":[{\"@type\":\"ListItem\",\"position\":1,\"name\":\"Home\",\"item\":\"https:\/\/tourcruiser.com\/fr\/\"},{\"@type\":\"ListItem\",\"position\":2,\"name\":\"Shop\",\"item\":\"https:\/\/tourcruiser.com\/fr\/shop\/\"},{\"@type\":\"ListItem\",\"position\":3,\"name\":\"Air Jordan 1 Low &#8216;Shattered Backboard&#8217; 553558-128\"}]},{\"@type\":\"WebSite\",\"@id\":\"\/#website\",\"url\":\"\/\",\"name\":\"Styloral Jewelry Shop\",\"description\":\"Tourcruiser Sneaker Store \u2014 L\u2019endroit o\u00f9 l\u2019univers rencontre votre singularit\u00e9.\",\"publisher\":{\"@id\":\"\/#organization\"},\"potentialAction\":[{\"@type\":\"SearchAction\",\"target\":{\"@type\":\"EntryPoint\",\"urlTemplate\":\"\/?s={search_term_string}\"},\"query-input\":{\"@type\":\"PropertyValueSpecification\",\"valueRequired\":true,\"valueName\":\"search_term_string\"}}],\"inLanguage\":\"fr-FR\"},{\"@type\":\"Organization\",\"@id\":\"\/#organization\",\"name\":\"STYLORAL PTE. LTD\",\"url\":\"\/\",\"logo\":{\"@type\":\"ImageObject\",\"inLanguage\":\"fr-FR\",\"@id\":\"\/#\/schema\/logo\/image\/\",\"url\":\"https:\/\/www.tourcruiser.com\/wp-content\/uploads\/2025\/12\/logo.png\",\"contentUrl\":\"https:\/\/www.tourcruiser.com\/wp-content\/uploads\/2025\/12\/logo.png\",\"width\":200,\"height\":65,\"caption\":\"STYLORAL PTE. LTD\"},\"image\":{\"@id\":\"\/#\/schema\/logo\/image\/\"}}]}<\/script>\n<!-- \/ Yoast SEO plugin. -->","yoast_head_json":{"title":"Air Jordan 1 Low 'Shattered Backboard' 553558-128 - TOURCRUISER PTE. LTD","robots":{"index":"index","follow":"follow","max-snippet":"max-snippet:-1","max-image-preview":"max-image-preview:large","max-video-preview":"max-video-preview:-1"},"canonical":"https:\/\/tourcruiser.com\/fr\/products\/air-jordan-1-low-shattered-backboard-553558-128\/","og_locale":"fr_FR","og_type":"article","og_title":"Air Jordan 1 Low 'Shattered Backboard' 553558-128 - TOURCRUISER PTE. LTD","og_description":"La Air Jordan 1 Low Shattered Backboard est une sneaker exceptionnelle de la c\u00e9l\u00e8bre marque Jordan. Avec son design \u00e9pur\u00e9 et styl\u00e9, elle est parfaite pour les loisirs comme pour le sport. L&rsquo;alliance de la silhouette classique de la Air Jordan et du coloris unique \u00ab\u00a0Shattered Backboard\u00a0\u00bb en fait un incontournable pour tous les passionn\u00e9s [&hellip;]","og_url":"https:\/\/tourcruiser.com\/fr\/products\/air-jordan-1-low-shattered-backboard-553558-128\/","og_site_name":"Tourcruiser Sneaker Store","article_modified_time":"2026-04-17T15:51:47+00:00","twitter_card":"summary_large_image","twitter_image":"https:\/\/images.novelship.com\/product\/air_jordan_1_low__shattered_backboard__553558_128_0_50534.jpeg;https:\/\/images.novelship.com\/product\/air_jordan_1_low__shattered_backboard__553558_128_1_50534.jpeg;https:\/\/images.novelship.com\/product\/air_jordan_1_low__shattered_backboard__553558_128_2_50534.jpeg;https:\/\/images.novelship.com\/product\/air_jordan_1_low__shattered_backboard__553558_128_3_50534.jpeg;https:\/\/images.novelship.com\/product\/air_jordan_1_low__shattered_backboard__553558_128_4_50534.jpeg;https:\/\/images.novelship.com\/product\/air_jordan_1_low__shattered_backboard__553558_128_5_50534.jpeg;https:\/\/images.novelship.com\/product\/air_jordan_1_low__shattered_backboard__553558_128_6_50534.jpeg;https:\/\/images.novelship.com\/product\/air_jordan_1_low__shattered_backboard__553558_128_7_50534.jpeg","twitter_misc":{"Dur\u00e9e de lecture estim\u00e9e":"1 minute"},"schema":{"@context":"https:\/\/schema.org","@graph":[{"@type":"WebPage","@id":"https:\/\/tourcruiser.com\/fr\/products\/air-jordan-1-low-shattered-backboard-553558-128\/","url":"https:\/\/tourcruiser.com\/fr\/products\/air-jordan-1-low-shattered-backboard-553558-128\/","name":"Air Jordan 1 Low 'Shattered Backboard' 553558-128 - TOURCRUISER PTE. LTD","isPartOf":{"@id":"\/#website"},"primaryImageOfPage":{"@id":"https:\/\/tourcruiser.com\/fr\/products\/air-jordan-1-low-shattered-backboard-553558-128\/#primaryimage"},"image":{"@id":"https:\/\/tourcruiser.com\/fr\/products\/air-jordan-1-low-shattered-backboard-553558-128\/#primaryimage"},"thumbnailUrl":"https:\/\/images.novelship.com\/product\/air_jordan_1_low__shattered_backboard__553558_128_0_50534.jpeg;https:\/\/images.novelship.com\/product\/air_jordan_1_low__shattered_backboard__553558_128_1_50534.jpeg;https:\/\/images.novelship.com\/product\/air_jordan_1_low__shattered_backboard__553558_128_2_50534.jpeg;https:\/\/images.novelship.com\/product\/air_jordan_1_low__shattered_backboard__553558_128_3_50534.jpeg;https:\/\/images.novelship.com\/product\/air_jordan_1_low__shattered_backboard__553558_128_4_50534.jpeg;https:\/\/images.novelship.com\/product\/air_jordan_1_low__shattered_backboard__553558_128_5_50534.jpeg;https:\/\/images.novelship.com\/product\/air_jordan_1_low__shattered_backboard__553558_128_6_50534.jpeg;https:\/\/images.novelship.com\/product\/air_jordan_1_low__shattered_backboard__553558_128_7_50534.jpeg","datePublished":"2026-04-16T10:09:10+00:00","dateModified":"2026-04-17T15:51:47+00:00","breadcrumb":{"@id":"https:\/\/tourcruiser.com\/fr\/products\/air-jordan-1-low-shattered-backboard-553558-128\/#breadcrumb"},"inLanguage":"fr-FR","potentialAction":[{"@type":"ReadAction","target":["https:\/\/tourcruiser.com\/fr\/products\/air-jordan-1-low-shattered-backboard-553558-128\/"]}]},{"@type":"ImageObject","inLanguage":"fr-FR","@id":"https:\/\/tourcruiser.com\/fr\/products\/air-jordan-1-low-shattered-backboard-553558-128\/#primaryimage","url":"https:\/\/images.novelship.com\/product\/air_jordan_1_low__shattered_backboard__553558_128_0_50534.jpeg;https:\/\/images.novelship.com\/product\/air_jordan_1_low__shattered_backboard__553558_128_1_50534.jpeg;https:\/\/images.novelship.com\/product\/air_jordan_1_low__shattered_backboard__553558_128_2_50534.jpeg;https:\/\/images.novelship.com\/product\/air_jordan_1_low__shattered_backboard__553558_128_3_50534.jpeg;https:\/\/images.novelship.com\/product\/air_jordan_1_low__shattered_backboard__553558_128_4_50534.jpeg;https:\/\/images.novelship.com\/product\/air_jordan_1_low__shattered_backboard__553558_128_5_50534.jpeg;https:\/\/images.novelship.com\/product\/air_jordan_1_low__shattered_backboard__553558_128_6_50534.jpeg;https:\/\/images.novelship.com\/product\/air_jordan_1_low__shattered_backboard__553558_128_7_50534.jpeg","contentUrl":"https:\/\/images.novelship.com\/product\/air_jordan_1_low__shattered_backboard__553558_128_0_50534.jpeg;https:\/\/images.novelship.com\/product\/air_jordan_1_low__shattered_backboard__553558_128_1_50534.jpeg;https:\/\/images.novelship.com\/product\/air_jordan_1_low__shattered_backboard__553558_128_2_50534.jpeg;https:\/\/images.novelship.com\/product\/air_jordan_1_low__shattered_backboard__553558_128_3_50534.jpeg;https:\/\/images.novelship.com\/product\/air_jordan_1_low__shattered_backboard__553558_128_4_50534.jpeg;https:\/\/images.novelship.com\/product\/air_jordan_1_low__shattered_backboard__553558_128_5_50534.jpeg;https:\/\/images.novelship.com\/product\/air_jordan_1_low__shattered_backboard__553558_128_6_50534.jpeg;https:\/\/images.novelship.com\/product\/air_jordan_1_low__shattered_backboard__553558_128_7_50534.jpeg"},{"@type":"BreadcrumbList","@id":"https:\/\/tourcruiser.com\/fr\/products\/air-jordan-1-low-shattered-backboard-553558-128\/#breadcrumb","itemListElement":[{"@type":"ListItem","position":1,"name":"Home","item":"https:\/\/tourcruiser.com\/fr\/"},{"@type":"ListItem","position":2,"name":"Shop","item":"https:\/\/tourcruiser.com\/fr\/shop\/"},{"@type":"ListItem","position":3,"name":"Air Jordan 1 Low &#8216;Shattered Backboard&#8217; 553558-128"}]},{"@type":"WebSite","@id":"\/#website","url":"\/","name":"Styloral Jewelry Shop","description":"Tourcruiser Sneaker Store \u2014 L\u2019endroit o\u00f9 l\u2019univers rencontre votre singularit\u00e9.","publisher":{"@id":"\/#organization"},"potentialAction":[{"@type":"SearchAction","target":{"@type":"EntryPoint","urlTemplate":"\/?s={search_term_string}"},"query-input":{"@type":"PropertyValueSpecification","valueRequired":true,"valueName":"search_term_string"}}],"inLanguage":"fr-FR"},{"@type":"Organization","@id":"\/#organization","name":"STYLORAL PTE. LTD","url":"\/","logo":{"@type":"ImageObject","inLanguage":"fr-FR","@id":"\/#\/schema\/logo\/image\/","url":"https:\/\/www.tourcruiser.com\/wp-content\/uploads\/2025\/12\/logo.png","contentUrl":"https:\/\/www.tourcruiser.com\/wp-content\/uploads\/2025\/12\/logo.png","width":200,"height":65,"caption":"STYLORAL PTE. LTD"},"image":{"@id":"\/#\/schema\/logo\/image\/"}}]}},"_links":{"self":[{"href":"https:\/\/tourcruiser.com\/fr\/wp-json\/wp\/v2\/product\/761177","targetHints":{"allow":["GET"]}}],"collection":[{"href":"https:\/\/tourcruiser.com\/fr\/wp-json\/wp\/v2\/product"}],"about":[{"href":"https:\/\/tourcruiser.com\/fr\/wp-json\/wp\/v2\/types\/product"}],"replies":[{"embeddable":true,"href":"https:\/\/tourcruiser.com\/fr\/wp-json\/wp\/v2\/comments?post=761177"}],"wp:featuredmedia":[{"embeddable":true,"href":"https:\/\/tourcruiser.com\/fr\/wp-json\/wp\/v2\/media\/761178"}],"wp:attachment":[{"href":"https:\/\/tourcruiser.com\/fr\/wp-json\/wp\/v2\/media?parent=761177"}],"wp:term":[{"taxonomy":"product_brand","embeddable":true,"href":"https:\/\/tourcruiser.com\/fr\/wp-json\/wp\/v2\/product_brand?post=761177"},{"taxonomy":"product_cat","embeddable":true,"href":"https:\/\/tourcruiser.com\/fr\/wp-json\/wp\/v2\/product_cat?post=761177"},{"taxonomy":"product_tag","embeddable":true,"href":"https:\/\/tourcruiser.com\/fr\/wp-json\/wp\/v2\/product_tag?post=761177"}],"curies":[{"name":"wp","href":"https:\/\/api.w.org\/{rel}","templated":true}]}}