{"id":761148,"date":"2026-04-16T17:09:09","date_gmt":"2026-04-16T10:09:09","guid":{"rendered":"http:\/\/tourcruiser.com\/product\/solefly-x-air-jordan-1-retro-high-og-art-basel-black-family-friends-av3905-038"},"modified":"2026-04-17T22:51:45","modified_gmt":"2026-04-17T15:51:45","slug":"solefly-x-air-jordan-1-retro-high-og-art-basel-black-family-friends-av3905-038","status":"publish","type":"product","link":"https:\/\/tourcruiser.com\/fr\/products\/solefly-x-air-jordan-1-retro-high-og-art-basel-black-family-friends-av3905-038\/","title":{"rendered":"SoleFly x Air Jordan 1 Retro High OG &lsquo;Art Basel Black&rsquo; (Family &#038; Friends) AV3905-038"},"content":{"rendered":"<p>La SoleFly x Air Jordan 1 Retro High OG Art Basel Black (Family &#038; Friends) est une collaboration tr\u00e8s recherch\u00e9e entre SoleFly et Jordan. Cette sneaker en \u00e9dition limit\u00e9e arbore un design noir \u00e9l\u00e9gant et est un incontournable pour tout amateur de sneakers. Gr\u00e2ce \u00e0 ses mat\u00e9riaux haut de gamme et son design iconique, elle est parfaite pour toutes les occasions, des plus d\u00e9contract\u00e9es aux plus styl\u00e9es. Offrez-vous un morceau d&rsquo;histoire de la sneaker avec la SoleFly x Air Jordan 1 Retro High OG Art Basel Black.<\/p>\n<p>Coloris : Noir\/Orange\/Saphir<\/p>\n<p>Code article : AV3905-038<\/p>\n<p>Tige : Cuir verni<\/p>\n<p>Semelle interm\u00e9diaire : Air<\/p>\n<p>Couleur : Noir<\/p>\n<p>Designer : Peter Moore<\/p>\n<p>Saison : Hiver<\/p>\n<p>Ann\u00e9e de sortie : 2018<\/p>\n<p>\u00c2ge : Adulte<br \/>\nCouleur : Noir<br \/>\nGenre : Homme<\/p>\n","protected":false},"excerpt":{"rendered":"<p>La SoleFly x Air Jordan 1 Retro High OG Art Basel Black (Family &#038; Friends) est une collaboration tr\u00e8s recherch\u00e9e entre SoleFly et Jordan. Cette sneaker en \u00e9dition limit\u00e9e arbore un design noir \u00e9l\u00e9gant et est un incontournable pour tout amateur de sneakers. Gr\u00e2ce \u00e0 ses mat\u00e9riaux haut de gamme et son design iconique, elle [&hellip;]<\/p>\n","protected":false},"featured_media":761149,"comment_status":"open","ping_status":"closed","template":"","meta":[],"product_brand":[],"product_cat":[38880],"product_tag":[10750,10800,38841,38842,10776,38875,38886,10756],"class_list":{"0":"post-761148","1":"product","2":"type-product","3":"status-publish","4":"has-post-thumbnail","6":"product_cat-jordan","7":"product_tag-athleisure-shoes","8":"product_tag-basketball-shoes","9":"product_tag-casual-shoes","10":"product_tag-gift-idea-for-him","11":"product_tag-jordan","12":"product_tag-jordan-skateboard-shoes","13":"product_tag-lifestyle-shoes-inspired-by-basketball","14":"product_tag-retro-casual-shoes","16":"first","17":"instock","18":"taxable","19":"shipping-taxable","20":"purchasable","21":"product-type-simple"},"wcpa_form_fields":null,"yoast_head":"<!-- This site is optimized with the Yoast SEO plugin v26.5 - https:\/\/yoast.com\/wordpress\/plugins\/seo\/ -->\n<title>SoleFly x Air Jordan 1 Retro High OG &#039;Art Basel Black&#039; (Family &amp; Friends) AV3905-038 - TOURCRUISER PTE. LTD<\/title>\n<meta name=\"robots\" content=\"index, follow, max-snippet:-1, max-image-preview:large, max-video-preview:-1\" \/>\n<link rel=\"canonical\" href=\"https:\/\/tourcruiser.com\/fr\/products\/solefly-x-air-jordan-1-retro-high-og-art-basel-black-family-friends-av3905-038\/\" \/>\n<meta property=\"og:locale\" content=\"fr_FR\" \/>\n<meta property=\"og:type\" content=\"article\" \/>\n<meta property=\"og:title\" content=\"SoleFly x Air Jordan 1 Retro High OG &#039;Art Basel Black&#039; (Family &amp; Friends) AV3905-038 - TOURCRUISER PTE. LTD\" \/>\n<meta property=\"og:description\" content=\"La SoleFly x Air Jordan 1 Retro High OG Art Basel Black (Family &#038; Friends) est une collaboration tr\u00e8s recherch\u00e9e entre SoleFly et Jordan. Cette sneaker en \u00e9dition limit\u00e9e arbore un design noir \u00e9l\u00e9gant et est un incontournable pour tout amateur de sneakers. Gr\u00e2ce \u00e0 ses mat\u00e9riaux haut de gamme et son design iconique, elle [&hellip;]\" \/>\n<meta property=\"og:url\" content=\"https:\/\/tourcruiser.com\/fr\/products\/solefly-x-air-jordan-1-retro-high-og-art-basel-black-family-friends-av3905-038\/\" \/>\n<meta property=\"og:site_name\" content=\"Tourcruiser Sneaker Store\" \/>\n<meta property=\"article:modified_time\" content=\"2026-04-17T15:51:45+00:00\" \/>\n<meta name=\"twitter:card\" content=\"summary_large_image\" \/>\n<meta name=\"twitter:image\" content=\"https:\/\/images.novelship.com\/product\/solefly_x_air_jordan_1_retro_high_og__art_basel_bl_0_86271.jpeg;https:\/\/images.novelship.com\/product\/solefly_x_air_jordan_1_retro_high_og__art_basel_bl_1_86271.jpeg;https:\/\/images.novelship.com\/product\/solefly_x_air_jordan_1_retro_high_og__art_basel_bl_2_86271.jpeg;https:\/\/images.novelship.com\/product\/solefly_x_air_jordan_1_retro_high_og__art_basel_bl_3_86271.jpeg;https:\/\/images.novelship.com\/product\/solefly_x_air_jordan_1_retro_high_og__art_basel_bl_4_86271.jpeg;https:\/\/images.novelship.com\/product\/solefly_x_air_jordan_1_retro_high_og__art_basel_bl_5_86271.jpeg;https:\/\/images.novelship.com\/product\/solefly_x_air_jordan_1_retro_high_og__art_basel_bl_6_86272.jpeg;https:\/\/images.novelship.com\/product\/solefly_x_air_jordan_1_retro_high_og__art_basel_bl_7_86272.jpeg\" \/>\n<meta name=\"twitter:label1\" content=\"Dur\u00e9e de lecture estim\u00e9e\" \/>\n\t<meta name=\"twitter:data1\" content=\"1 minute\" \/>\n<script type=\"application\/ld+json\" class=\"yoast-schema-graph\">{\"@context\":\"https:\/\/schema.org\",\"@graph\":[{\"@type\":\"WebPage\",\"@id\":\"https:\/\/tourcruiser.com\/fr\/products\/solefly-x-air-jordan-1-retro-high-og-art-basel-black-family-friends-av3905-038\/\",\"url\":\"https:\/\/tourcruiser.com\/fr\/products\/solefly-x-air-jordan-1-retro-high-og-art-basel-black-family-friends-av3905-038\/\",\"name\":\"SoleFly x Air Jordan 1 Retro High OG 'Art Basel Black' (Family & Friends) AV3905-038 - TOURCRUISER PTE. LTD\",\"isPartOf\":{\"@id\":\"\/#website\"},\"primaryImageOfPage\":{\"@id\":\"https:\/\/tourcruiser.com\/fr\/products\/solefly-x-air-jordan-1-retro-high-og-art-basel-black-family-friends-av3905-038\/#primaryimage\"},\"image\":{\"@id\":\"https:\/\/tourcruiser.com\/fr\/products\/solefly-x-air-jordan-1-retro-high-og-art-basel-black-family-friends-av3905-038\/#primaryimage\"},\"thumbnailUrl\":\"https:\/\/images.novelship.com\/product\/solefly_x_air_jordan_1_retro_high_og__art_basel_bl_0_86271.jpeg;https:\/\/images.novelship.com\/product\/solefly_x_air_jordan_1_retro_high_og__art_basel_bl_1_86271.jpeg;https:\/\/images.novelship.com\/product\/solefly_x_air_jordan_1_retro_high_og__art_basel_bl_2_86271.jpeg;https:\/\/images.novelship.com\/product\/solefly_x_air_jordan_1_retro_high_og__art_basel_bl_3_86271.jpeg;https:\/\/images.novelship.com\/product\/solefly_x_air_jordan_1_retro_high_og__art_basel_bl_4_86271.jpeg;https:\/\/images.novelship.com\/product\/solefly_x_air_jordan_1_retro_high_og__art_basel_bl_5_86271.jpeg;https:\/\/images.novelship.com\/product\/solefly_x_air_jordan_1_retro_high_og__art_basel_bl_6_86272.jpeg;https:\/\/images.novelship.com\/product\/solefly_x_air_jordan_1_retro_high_og__art_basel_bl_7_86272.jpeg\",\"datePublished\":\"2026-04-16T10:09:09+00:00\",\"dateModified\":\"2026-04-17T15:51:45+00:00\",\"breadcrumb\":{\"@id\":\"https:\/\/tourcruiser.com\/fr\/products\/solefly-x-air-jordan-1-retro-high-og-art-basel-black-family-friends-av3905-038\/#breadcrumb\"},\"inLanguage\":\"fr-FR\",\"potentialAction\":[{\"@type\":\"ReadAction\",\"target\":[\"https:\/\/tourcruiser.com\/fr\/products\/solefly-x-air-jordan-1-retro-high-og-art-basel-black-family-friends-av3905-038\/\"]}]},{\"@type\":\"ImageObject\",\"inLanguage\":\"fr-FR\",\"@id\":\"https:\/\/tourcruiser.com\/fr\/products\/solefly-x-air-jordan-1-retro-high-og-art-basel-black-family-friends-av3905-038\/#primaryimage\",\"url\":\"https:\/\/images.novelship.com\/product\/solefly_x_air_jordan_1_retro_high_og__art_basel_bl_0_86271.jpeg;https:\/\/images.novelship.com\/product\/solefly_x_air_jordan_1_retro_high_og__art_basel_bl_1_86271.jpeg;https:\/\/images.novelship.com\/product\/solefly_x_air_jordan_1_retro_high_og__art_basel_bl_2_86271.jpeg;https:\/\/images.novelship.com\/product\/solefly_x_air_jordan_1_retro_high_og__art_basel_bl_3_86271.jpeg;https:\/\/images.novelship.com\/product\/solefly_x_air_jordan_1_retro_high_og__art_basel_bl_4_86271.jpeg;https:\/\/images.novelship.com\/product\/solefly_x_air_jordan_1_retro_high_og__art_basel_bl_5_86271.jpeg;https:\/\/images.novelship.com\/product\/solefly_x_air_jordan_1_retro_high_og__art_basel_bl_6_86272.jpeg;https:\/\/images.novelship.com\/product\/solefly_x_air_jordan_1_retro_high_og__art_basel_bl_7_86272.jpeg\",\"contentUrl\":\"https:\/\/images.novelship.com\/product\/solefly_x_air_jordan_1_retro_high_og__art_basel_bl_0_86271.jpeg;https:\/\/images.novelship.com\/product\/solefly_x_air_jordan_1_retro_high_og__art_basel_bl_1_86271.jpeg;https:\/\/images.novelship.com\/product\/solefly_x_air_jordan_1_retro_high_og__art_basel_bl_2_86271.jpeg;https:\/\/images.novelship.com\/product\/solefly_x_air_jordan_1_retro_high_og__art_basel_bl_3_86271.jpeg;https:\/\/images.novelship.com\/product\/solefly_x_air_jordan_1_retro_high_og__art_basel_bl_4_86271.jpeg;https:\/\/images.novelship.com\/product\/solefly_x_air_jordan_1_retro_high_og__art_basel_bl_5_86271.jpeg;https:\/\/images.novelship.com\/product\/solefly_x_air_jordan_1_retro_high_og__art_basel_bl_6_86272.jpeg;https:\/\/images.novelship.com\/product\/solefly_x_air_jordan_1_retro_high_og__art_basel_bl_7_86272.jpeg\"},{\"@type\":\"BreadcrumbList\",\"@id\":\"https:\/\/tourcruiser.com\/fr\/products\/solefly-x-air-jordan-1-retro-high-og-art-basel-black-family-friends-av3905-038\/#breadcrumb\",\"itemListElement\":[{\"@type\":\"ListItem\",\"position\":1,\"name\":\"Home\",\"item\":\"https:\/\/tourcruiser.com\/fr\/\"},{\"@type\":\"ListItem\",\"position\":2,\"name\":\"Shop\",\"item\":\"https:\/\/tourcruiser.com\/fr\/shop\/\"},{\"@type\":\"ListItem\",\"position\":3,\"name\":\"SoleFly x Air Jordan 1 Retro High OG &#8216;Art Basel Black&#8217; (Family &#038; Friends) AV3905-038\"}]},{\"@type\":\"WebSite\",\"@id\":\"\/#website\",\"url\":\"\/\",\"name\":\"Styloral Jewelry Shop\",\"description\":\"Tourcruiser Sneaker Store \u2014 L\u2019endroit o\u00f9 l\u2019univers rencontre votre singularit\u00e9.\",\"publisher\":{\"@id\":\"\/#organization\"},\"potentialAction\":[{\"@type\":\"SearchAction\",\"target\":{\"@type\":\"EntryPoint\",\"urlTemplate\":\"\/?s={search_term_string}\"},\"query-input\":{\"@type\":\"PropertyValueSpecification\",\"valueRequired\":true,\"valueName\":\"search_term_string\"}}],\"inLanguage\":\"fr-FR\"},{\"@type\":\"Organization\",\"@id\":\"\/#organization\",\"name\":\"STYLORAL PTE. LTD\",\"url\":\"\/\",\"logo\":{\"@type\":\"ImageObject\",\"inLanguage\":\"fr-FR\",\"@id\":\"\/#\/schema\/logo\/image\/\",\"url\":\"https:\/\/www.tourcruiser.com\/wp-content\/uploads\/2025\/12\/logo.png\",\"contentUrl\":\"https:\/\/www.tourcruiser.com\/wp-content\/uploads\/2025\/12\/logo.png\",\"width\":200,\"height\":65,\"caption\":\"STYLORAL PTE. LTD\"},\"image\":{\"@id\":\"\/#\/schema\/logo\/image\/\"}}]}<\/script>\n<!-- \/ Yoast SEO plugin. -->","yoast_head_json":{"title":"SoleFly x Air Jordan 1 Retro High OG 'Art Basel Black' (Family & Friends) AV3905-038 - TOURCRUISER PTE. LTD","robots":{"index":"index","follow":"follow","max-snippet":"max-snippet:-1","max-image-preview":"max-image-preview:large","max-video-preview":"max-video-preview:-1"},"canonical":"https:\/\/tourcruiser.com\/fr\/products\/solefly-x-air-jordan-1-retro-high-og-art-basel-black-family-friends-av3905-038\/","og_locale":"fr_FR","og_type":"article","og_title":"SoleFly x Air Jordan 1 Retro High OG 'Art Basel Black' (Family & Friends) AV3905-038 - TOURCRUISER PTE. LTD","og_description":"La SoleFly x Air Jordan 1 Retro High OG Art Basel Black (Family &#038; Friends) est une collaboration tr\u00e8s recherch\u00e9e entre SoleFly et Jordan. Cette sneaker en \u00e9dition limit\u00e9e arbore un design noir \u00e9l\u00e9gant et est un incontournable pour tout amateur de sneakers. Gr\u00e2ce \u00e0 ses mat\u00e9riaux haut de gamme et son design iconique, elle [&hellip;]","og_url":"https:\/\/tourcruiser.com\/fr\/products\/solefly-x-air-jordan-1-retro-high-og-art-basel-black-family-friends-av3905-038\/","og_site_name":"Tourcruiser Sneaker Store","article_modified_time":"2026-04-17T15:51:45+00:00","twitter_card":"summary_large_image","twitter_image":"https:\/\/images.novelship.com\/product\/solefly_x_air_jordan_1_retro_high_og__art_basel_bl_0_86271.jpeg;https:\/\/images.novelship.com\/product\/solefly_x_air_jordan_1_retro_high_og__art_basel_bl_1_86271.jpeg;https:\/\/images.novelship.com\/product\/solefly_x_air_jordan_1_retro_high_og__art_basel_bl_2_86271.jpeg;https:\/\/images.novelship.com\/product\/solefly_x_air_jordan_1_retro_high_og__art_basel_bl_3_86271.jpeg;https:\/\/images.novelship.com\/product\/solefly_x_air_jordan_1_retro_high_og__art_basel_bl_4_86271.jpeg;https:\/\/images.novelship.com\/product\/solefly_x_air_jordan_1_retro_high_og__art_basel_bl_5_86271.jpeg;https:\/\/images.novelship.com\/product\/solefly_x_air_jordan_1_retro_high_og__art_basel_bl_6_86272.jpeg;https:\/\/images.novelship.com\/product\/solefly_x_air_jordan_1_retro_high_og__art_basel_bl_7_86272.jpeg","twitter_misc":{"Dur\u00e9e de lecture estim\u00e9e":"1 minute"},"schema":{"@context":"https:\/\/schema.org","@graph":[{"@type":"WebPage","@id":"https:\/\/tourcruiser.com\/fr\/products\/solefly-x-air-jordan-1-retro-high-og-art-basel-black-family-friends-av3905-038\/","url":"https:\/\/tourcruiser.com\/fr\/products\/solefly-x-air-jordan-1-retro-high-og-art-basel-black-family-friends-av3905-038\/","name":"SoleFly x Air Jordan 1 Retro High OG 'Art Basel Black' (Family & Friends) AV3905-038 - TOURCRUISER PTE. LTD","isPartOf":{"@id":"\/#website"},"primaryImageOfPage":{"@id":"https:\/\/tourcruiser.com\/fr\/products\/solefly-x-air-jordan-1-retro-high-og-art-basel-black-family-friends-av3905-038\/#primaryimage"},"image":{"@id":"https:\/\/tourcruiser.com\/fr\/products\/solefly-x-air-jordan-1-retro-high-og-art-basel-black-family-friends-av3905-038\/#primaryimage"},"thumbnailUrl":"https:\/\/images.novelship.com\/product\/solefly_x_air_jordan_1_retro_high_og__art_basel_bl_0_86271.jpeg;https:\/\/images.novelship.com\/product\/solefly_x_air_jordan_1_retro_high_og__art_basel_bl_1_86271.jpeg;https:\/\/images.novelship.com\/product\/solefly_x_air_jordan_1_retro_high_og__art_basel_bl_2_86271.jpeg;https:\/\/images.novelship.com\/product\/solefly_x_air_jordan_1_retro_high_og__art_basel_bl_3_86271.jpeg;https:\/\/images.novelship.com\/product\/solefly_x_air_jordan_1_retro_high_og__art_basel_bl_4_86271.jpeg;https:\/\/images.novelship.com\/product\/solefly_x_air_jordan_1_retro_high_og__art_basel_bl_5_86271.jpeg;https:\/\/images.novelship.com\/product\/solefly_x_air_jordan_1_retro_high_og__art_basel_bl_6_86272.jpeg;https:\/\/images.novelship.com\/product\/solefly_x_air_jordan_1_retro_high_og__art_basel_bl_7_86272.jpeg","datePublished":"2026-04-16T10:09:09+00:00","dateModified":"2026-04-17T15:51:45+00:00","breadcrumb":{"@id":"https:\/\/tourcruiser.com\/fr\/products\/solefly-x-air-jordan-1-retro-high-og-art-basel-black-family-friends-av3905-038\/#breadcrumb"},"inLanguage":"fr-FR","potentialAction":[{"@type":"ReadAction","target":["https:\/\/tourcruiser.com\/fr\/products\/solefly-x-air-jordan-1-retro-high-og-art-basel-black-family-friends-av3905-038\/"]}]},{"@type":"ImageObject","inLanguage":"fr-FR","@id":"https:\/\/tourcruiser.com\/fr\/products\/solefly-x-air-jordan-1-retro-high-og-art-basel-black-family-friends-av3905-038\/#primaryimage","url":"https:\/\/images.novelship.com\/product\/solefly_x_air_jordan_1_retro_high_og__art_basel_bl_0_86271.jpeg;https:\/\/images.novelship.com\/product\/solefly_x_air_jordan_1_retro_high_og__art_basel_bl_1_86271.jpeg;https:\/\/images.novelship.com\/product\/solefly_x_air_jordan_1_retro_high_og__art_basel_bl_2_86271.jpeg;https:\/\/images.novelship.com\/product\/solefly_x_air_jordan_1_retro_high_og__art_basel_bl_3_86271.jpeg;https:\/\/images.novelship.com\/product\/solefly_x_air_jordan_1_retro_high_og__art_basel_bl_4_86271.jpeg;https:\/\/images.novelship.com\/product\/solefly_x_air_jordan_1_retro_high_og__art_basel_bl_5_86271.jpeg;https:\/\/images.novelship.com\/product\/solefly_x_air_jordan_1_retro_high_og__art_basel_bl_6_86272.jpeg;https:\/\/images.novelship.com\/product\/solefly_x_air_jordan_1_retro_high_og__art_basel_bl_7_86272.jpeg","contentUrl":"https:\/\/images.novelship.com\/product\/solefly_x_air_jordan_1_retro_high_og__art_basel_bl_0_86271.jpeg;https:\/\/images.novelship.com\/product\/solefly_x_air_jordan_1_retro_high_og__art_basel_bl_1_86271.jpeg;https:\/\/images.novelship.com\/product\/solefly_x_air_jordan_1_retro_high_og__art_basel_bl_2_86271.jpeg;https:\/\/images.novelship.com\/product\/solefly_x_air_jordan_1_retro_high_og__art_basel_bl_3_86271.jpeg;https:\/\/images.novelship.com\/product\/solefly_x_air_jordan_1_retro_high_og__art_basel_bl_4_86271.jpeg;https:\/\/images.novelship.com\/product\/solefly_x_air_jordan_1_retro_high_og__art_basel_bl_5_86271.jpeg;https:\/\/images.novelship.com\/product\/solefly_x_air_jordan_1_retro_high_og__art_basel_bl_6_86272.jpeg;https:\/\/images.novelship.com\/product\/solefly_x_air_jordan_1_retro_high_og__art_basel_bl_7_86272.jpeg"},{"@type":"BreadcrumbList","@id":"https:\/\/tourcruiser.com\/fr\/products\/solefly-x-air-jordan-1-retro-high-og-art-basel-black-family-friends-av3905-038\/#breadcrumb","itemListElement":[{"@type":"ListItem","position":1,"name":"Home","item":"https:\/\/tourcruiser.com\/fr\/"},{"@type":"ListItem","position":2,"name":"Shop","item":"https:\/\/tourcruiser.com\/fr\/shop\/"},{"@type":"ListItem","position":3,"name":"SoleFly x Air Jordan 1 Retro High OG &#8216;Art Basel Black&#8217; (Family &#038; Friends) AV3905-038"}]},{"@type":"WebSite","@id":"\/#website","url":"\/","name":"Styloral Jewelry Shop","description":"Tourcruiser Sneaker Store \u2014 L\u2019endroit o\u00f9 l\u2019univers rencontre votre singularit\u00e9.","publisher":{"@id":"\/#organization"},"potentialAction":[{"@type":"SearchAction","target":{"@type":"EntryPoint","urlTemplate":"\/?s={search_term_string}"},"query-input":{"@type":"PropertyValueSpecification","valueRequired":true,"valueName":"search_term_string"}}],"inLanguage":"fr-FR"},{"@type":"Organization","@id":"\/#organization","name":"STYLORAL PTE. LTD","url":"\/","logo":{"@type":"ImageObject","inLanguage":"fr-FR","@id":"\/#\/schema\/logo\/image\/","url":"https:\/\/www.tourcruiser.com\/wp-content\/uploads\/2025\/12\/logo.png","contentUrl":"https:\/\/www.tourcruiser.com\/wp-content\/uploads\/2025\/12\/logo.png","width":200,"height":65,"caption":"STYLORAL PTE. LTD"},"image":{"@id":"\/#\/schema\/logo\/image\/"}}]}},"_links":{"self":[{"href":"https:\/\/tourcruiser.com\/fr\/wp-json\/wp\/v2\/product\/761148","targetHints":{"allow":["GET"]}}],"collection":[{"href":"https:\/\/tourcruiser.com\/fr\/wp-json\/wp\/v2\/product"}],"about":[{"href":"https:\/\/tourcruiser.com\/fr\/wp-json\/wp\/v2\/types\/product"}],"replies":[{"embeddable":true,"href":"https:\/\/tourcruiser.com\/fr\/wp-json\/wp\/v2\/comments?post=761148"}],"wp:featuredmedia":[{"embeddable":true,"href":"https:\/\/tourcruiser.com\/fr\/wp-json\/wp\/v2\/media\/761149"}],"wp:attachment":[{"href":"https:\/\/tourcruiser.com\/fr\/wp-json\/wp\/v2\/media?parent=761148"}],"wp:term":[{"taxonomy":"product_brand","embeddable":true,"href":"https:\/\/tourcruiser.com\/fr\/wp-json\/wp\/v2\/product_brand?post=761148"},{"taxonomy":"product_cat","embeddable":true,"href":"https:\/\/tourcruiser.com\/fr\/wp-json\/wp\/v2\/product_cat?post=761148"},{"taxonomy":"product_tag","embeddable":true,"href":"https:\/\/tourcruiser.com\/fr\/wp-json\/wp\/v2\/product_tag?post=761148"}],"curies":[{"name":"wp","href":"https:\/\/api.w.org\/{rel}","templated":true}]}}