{"id":761091,"date":"2026-04-16T17:09:07","date_gmt":"2026-04-16T10:09:07","guid":{"rendered":"http:\/\/tourcruiser.com\/product\/real-madrid-x-adidas-samba-team-white-gum-hq7032"},"modified":"2026-04-17T22:51:40","modified_gmt":"2026-04-17T15:51:40","slug":"real-madrid-x-adidas-samba-team-white-gum-hq7032","status":"publish","type":"product","link":"https:\/\/tourcruiser.com\/fr\/products\/real-madrid-x-adidas-samba-team-white-gum-hq7032\/","title":{"rendered":"Real Madrid x adidas Samba Team &lsquo;White Gum&rsquo; HQ7032"},"content":{"rendered":"<p>D\u00e9couvrez la sneaker Real Madrid x adidas Samba Team White Gum, fruit de la collaboration entre le Real Madrid et adidas. Cette chaussure \u00e9l\u00e9gante allie la silhouette classique de la Samba \u00e0 une touche de modernit\u00e9. Avec son empeigne blanche et sa semelle en caoutchouc, cette sneaker offre un parfait \u00e9quilibre entre style et fonctionnalit\u00e9. Affichez votre soutien au Real Madrid avec cette sneaker unique et iconique sign\u00e9e adidas.<\/p>\n<p>Coloris : Blanc nuage\/Blanc nuage\/Gomme<\/p>\n<p>Code article : HQ7032<\/p>\n<p>Mati\u00e8re ext\u00e9rieure : Cuir<\/p>\n<p>Couleur : Blanc<\/p>\n<p>Saison : Automne<\/p>\n<p>Ann\u00e9e de sortie : 2022<\/p>\n<p>Couleur : Blanc<\/p>\n<p>\u00c2ge : Adulte<\/p>\n<p>Couleur : Blanc<br \/>\nGenre : Homme<\/p>\n","protected":false},"excerpt":{"rendered":"<p>D\u00e9couvrez la sneaker Real Madrid x adidas Samba Team White Gum, fruit de la collaboration entre le Real Madrid et adidas. Cette chaussure \u00e9l\u00e9gante allie la silhouette classique de la Samba \u00e0 une touche de modernit\u00e9. Avec son empeigne blanche et sa semelle en caoutchouc, cette sneaker offre un parfait \u00e9quilibre entre style et fonctionnalit\u00e9. [&hellip;]<\/p>\n","protected":false},"featured_media":761094,"comment_status":"open","ping_status":"closed","template":"","meta":[],"product_brand":[],"product_cat":[10760],"product_tag":[10759,38892,10750,38841,38842,32645,10756],"class_list":{"0":"post-761091","1":"product","2":"type-product","3":"status-publish","4":"has-post-thumbnail","6":"product_cat-adidas","7":"product_tag-adidas","8":"product_tag-adidas-skateboard-shoes","9":"product_tag-athleisure-shoes","10":"product_tag-casual-shoes","11":"product_tag-gift-idea-for-him","12":"product_tag-lifestyle-shoes-football-inspired","13":"product_tag-retro-casual-shoes","14":"wcpa_has_options","16":"first","17":"instock","18":"taxable","19":"shipping-taxable","20":"purchasable","21":"product-type-simple"},"wcpa_form_fields":{"rules":{"pric_overide_base_price":false,"pric_overide_base_price_if_gt_zero":false,"pric_overide_base_price_fully":false,"pric_cal_option_once":false,"pric_use_as_fee":false,"bind_quantity":false,"quantity_bind_formula":false},"fields":[{"type":"color-group","required":true,"elementId":"wcpa-color-group-66c4a7f817afe","label":"Taille","inline":true,"priceOptions":"different_for_all","pricingType":"fixed","className":"hassizechart product-shoes-size-eu product-shoes-size","name":"color-group-66c4a7f817b18","disp_type":"square","selection_type":"tick-border","disp_size":"50","show_label_inside":true,"adjust_width":true,"cart_display_type":"text","other_text":"Other","cl_rule":"show","col":6,"values":[{"label":"35","value":"EU 35","price":"","pimage":"","pimage_id":"","pthumb":"","color":""},{"label":"35.5","value":"EU 35.5","price":"","pimage":"","pimage_id":"","pthumb":"","color":""},{"label":"36","value":"EU 36","price":"","pimage":"","pimage_id":"","pthumb":"","color":"","selected":true},{"label":"36 2\/3","value":"EU 36 2\/3","price":"","pimage":"","pimage_id":"","pthumb":"","color":""},{"label":"37 1\/3","value":"EU 37 1\/3","price":"","pimage":"","pimage_id":"","pthumb":"","color":""},{"label":"38","value":"EU 38","price":"","pimage":"","pimage_id":"","pthumb":"","color":""},{"label":"38 2\/3","value":"EU 38 2\/3","price":"","pimage":"","pimage_id":"","pthumb":"","color":""},{"label":"39 1\/3","value":"EU 39 1\/3","price":"","pimage":"","pimage_id":"","pthumb":"","color":""},{"label":"40","value":"EU 40","price":"","pimage":"","pimage_id":"","pthumb":"","color":""},{"label":"40 2\/3","value":"EU 40 2\/3","price":"","pimage":"","pimage_id":"","pthumb":"","color":""},{"label":"41 1\/3","value":"EU 41 1\/3","price":"","pimage":"","pimage_id":"","pthumb":"","color":""},{"label":"42","value":"EU 42","price":"","pimage":"","pimage_id":"","pthumb":"","color":""},{"label":"42 2\/3","value":"EU 42 2\/3","price":"","pimage":"","pimage_id":"","pthumb":"","color":""},{"label":"43 1\/3","value":"EU 43 1\/3","price":"","pimage":"","pimage_id":"","pthumb":"","color":""},{"label":"44","value":"EU 44","price":"","pimage":"","pimage_id":"","pthumb":"","color":""},{"label":"44 2\/3","value":"EU 44 2\/3","price":"","pimage":"","pimage_id":"","pthumb":"","color":""},{"label":"45 1\/3","value":"EU 45 1\/3","price":"","pimage":"","pimage_id":"","pthumb":"","color":""},{"label":"46","value":"EU 46","price":"","pimage":"","pimage_id":"","pthumb":"","color":""},{"label":"46 2\/3","value":"EU 46 2\/3","price":"","pimage":"","pimage_id":"","pthumb":"","color":""},{"label":"47 1\/3","value":"EU 47 1\/3","price":"","pimage":"","pimage_id":"","pthumb":"","color":""}],"relations":[{"operator":false,"rules":[]}],"form_id":24802,"form_rules":{"pric_cal_option_once":false,"exclude_from_discount":false,"pric_use_as_fee":false,"fee_label":"Fee","render_after_acb":false,"disp_hide_options_price":false}}]},"yoast_head":"<!-- This site is optimized with the Yoast SEO plugin v26.5 - https:\/\/yoast.com\/wordpress\/plugins\/seo\/ -->\n<title>Real Madrid x adidas Samba Team &#039;White Gum&#039; HQ7032 - TOURCRUISER PTE. LTD<\/title>\n<meta name=\"robots\" content=\"index, follow, max-snippet:-1, max-image-preview:large, max-video-preview:-1\" \/>\n<link rel=\"canonical\" href=\"https:\/\/tourcruiser.com\/fr\/products\/real-madrid-x-adidas-samba-team-white-gum-hq7032\/\" \/>\n<meta property=\"og:locale\" content=\"fr_FR\" \/>\n<meta property=\"og:type\" content=\"article\" \/>\n<meta property=\"og:title\" content=\"Real Madrid x adidas Samba Team &#039;White Gum&#039; HQ7032 - TOURCRUISER PTE. LTD\" \/>\n<meta property=\"og:description\" content=\"D\u00e9couvrez la sneaker Real Madrid x adidas Samba Team White Gum, fruit de la collaboration entre le Real Madrid et adidas. Cette chaussure \u00e9l\u00e9gante allie la silhouette classique de la Samba \u00e0 une touche de modernit\u00e9. Avec son empeigne blanche et sa semelle en caoutchouc, cette sneaker offre un parfait \u00e9quilibre entre style et fonctionnalit\u00e9. [&hellip;]\" \/>\n<meta property=\"og:url\" content=\"https:\/\/tourcruiser.com\/fr\/products\/real-madrid-x-adidas-samba-team-white-gum-hq7032\/\" \/>\n<meta property=\"og:site_name\" content=\"Tourcruiser Sneaker Store\" \/>\n<meta property=\"article:modified_time\" content=\"2026-04-17T15:51:40+00:00\" \/>\n<meta name=\"twitter:card\" content=\"summary_large_image\" \/>\n<meta name=\"twitter:image\" content=\"https:\/\/images.novelship.com\/product\/real_madrid_x_adidas_samba_team__white_gum__hq7032_0_17250.jpeg;https:\/\/images.novelship.com\/product\/real_madrid_x_adidas_samba_team__white_gum__hq7032_1_17250.jpeg;https:\/\/images.novelship.com\/product\/real_madrid_x_adidas_samba_team__white_gum__hq7032_2_17250.jpeg;https:\/\/images.novelship.com\/product\/real_madrid_x_adidas_samba_team__white_gum__hq7032_3_17250.jpeg;https:\/\/images.novelship.com\/product\/real_madrid_x_adidas_samba_team__white_gum__hq7032_4_17251.jpeg;https:\/\/images.novelship.com\/product\/real_madrid_x_adidas_samba_team__white_gum__hq7032_5_17251.jpeg;https:\/\/images.novelship.com\/product\/real_madrid_x_adidas_samba_team__white_gum__hq7032_6_17251.jpeg;https:\/\/images.novelship.com\/product\/real_madrid_x_adidas_samba_team__white_gum__hq7032_7_17251.jpeg\" \/>\n<meta name=\"twitter:label1\" content=\"Dur\u00e9e de lecture estim\u00e9e\" \/>\n\t<meta name=\"twitter:data1\" content=\"1 minute\" \/>\n<script type=\"application\/ld+json\" class=\"yoast-schema-graph\">{\"@context\":\"https:\/\/schema.org\",\"@graph\":[{\"@type\":\"WebPage\",\"@id\":\"https:\/\/tourcruiser.com\/fr\/products\/real-madrid-x-adidas-samba-team-white-gum-hq7032\/\",\"url\":\"https:\/\/tourcruiser.com\/fr\/products\/real-madrid-x-adidas-samba-team-white-gum-hq7032\/\",\"name\":\"Real Madrid x adidas Samba Team 'White Gum' HQ7032 - TOURCRUISER PTE. LTD\",\"isPartOf\":{\"@id\":\"\/#website\"},\"primaryImageOfPage\":{\"@id\":\"https:\/\/tourcruiser.com\/fr\/products\/real-madrid-x-adidas-samba-team-white-gum-hq7032\/#primaryimage\"},\"image\":{\"@id\":\"https:\/\/tourcruiser.com\/fr\/products\/real-madrid-x-adidas-samba-team-white-gum-hq7032\/#primaryimage\"},\"thumbnailUrl\":\"https:\/\/images.novelship.com\/product\/real_madrid_x_adidas_samba_team__white_gum__hq7032_0_17250.jpeg;https:\/\/images.novelship.com\/product\/real_madrid_x_adidas_samba_team__white_gum__hq7032_1_17250.jpeg;https:\/\/images.novelship.com\/product\/real_madrid_x_adidas_samba_team__white_gum__hq7032_2_17250.jpeg;https:\/\/images.novelship.com\/product\/real_madrid_x_adidas_samba_team__white_gum__hq7032_3_17250.jpeg;https:\/\/images.novelship.com\/product\/real_madrid_x_adidas_samba_team__white_gum__hq7032_4_17251.jpeg;https:\/\/images.novelship.com\/product\/real_madrid_x_adidas_samba_team__white_gum__hq7032_5_17251.jpeg;https:\/\/images.novelship.com\/product\/real_madrid_x_adidas_samba_team__white_gum__hq7032_6_17251.jpeg;https:\/\/images.novelship.com\/product\/real_madrid_x_adidas_samba_team__white_gum__hq7032_7_17251.jpeg\",\"datePublished\":\"2026-04-16T10:09:07+00:00\",\"dateModified\":\"2026-04-17T15:51:40+00:00\",\"breadcrumb\":{\"@id\":\"https:\/\/tourcruiser.com\/fr\/products\/real-madrid-x-adidas-samba-team-white-gum-hq7032\/#breadcrumb\"},\"inLanguage\":\"fr-FR\",\"potentialAction\":[{\"@type\":\"ReadAction\",\"target\":[\"https:\/\/tourcruiser.com\/fr\/products\/real-madrid-x-adidas-samba-team-white-gum-hq7032\/\"]}]},{\"@type\":\"ImageObject\",\"inLanguage\":\"fr-FR\",\"@id\":\"https:\/\/tourcruiser.com\/fr\/products\/real-madrid-x-adidas-samba-team-white-gum-hq7032\/#primaryimage\",\"url\":\"https:\/\/images.novelship.com\/product\/real_madrid_x_adidas_samba_team__white_gum__hq7032_0_17250.jpeg;https:\/\/images.novelship.com\/product\/real_madrid_x_adidas_samba_team__white_gum__hq7032_1_17250.jpeg;https:\/\/images.novelship.com\/product\/real_madrid_x_adidas_samba_team__white_gum__hq7032_2_17250.jpeg;https:\/\/images.novelship.com\/product\/real_madrid_x_adidas_samba_team__white_gum__hq7032_3_17250.jpeg;https:\/\/images.novelship.com\/product\/real_madrid_x_adidas_samba_team__white_gum__hq7032_4_17251.jpeg;https:\/\/images.novelship.com\/product\/real_madrid_x_adidas_samba_team__white_gum__hq7032_5_17251.jpeg;https:\/\/images.novelship.com\/product\/real_madrid_x_adidas_samba_team__white_gum__hq7032_6_17251.jpeg;https:\/\/images.novelship.com\/product\/real_madrid_x_adidas_samba_team__white_gum__hq7032_7_17251.jpeg\",\"contentUrl\":\"https:\/\/images.novelship.com\/product\/real_madrid_x_adidas_samba_team__white_gum__hq7032_0_17250.jpeg;https:\/\/images.novelship.com\/product\/real_madrid_x_adidas_samba_team__white_gum__hq7032_1_17250.jpeg;https:\/\/images.novelship.com\/product\/real_madrid_x_adidas_samba_team__white_gum__hq7032_2_17250.jpeg;https:\/\/images.novelship.com\/product\/real_madrid_x_adidas_samba_team__white_gum__hq7032_3_17250.jpeg;https:\/\/images.novelship.com\/product\/real_madrid_x_adidas_samba_team__white_gum__hq7032_4_17251.jpeg;https:\/\/images.novelship.com\/product\/real_madrid_x_adidas_samba_team__white_gum__hq7032_5_17251.jpeg;https:\/\/images.novelship.com\/product\/real_madrid_x_adidas_samba_team__white_gum__hq7032_6_17251.jpeg;https:\/\/images.novelship.com\/product\/real_madrid_x_adidas_samba_team__white_gum__hq7032_7_17251.jpeg\"},{\"@type\":\"BreadcrumbList\",\"@id\":\"https:\/\/tourcruiser.com\/fr\/products\/real-madrid-x-adidas-samba-team-white-gum-hq7032\/#breadcrumb\",\"itemListElement\":[{\"@type\":\"ListItem\",\"position\":1,\"name\":\"Home\",\"item\":\"https:\/\/tourcruiser.com\/fr\/\"},{\"@type\":\"ListItem\",\"position\":2,\"name\":\"Shop\",\"item\":\"https:\/\/tourcruiser.com\/fr\/shop\/\"},{\"@type\":\"ListItem\",\"position\":3,\"name\":\"Real Madrid x adidas Samba Team &#8216;White Gum&#8217; HQ7032\"}]},{\"@type\":\"WebSite\",\"@id\":\"\/#website\",\"url\":\"\/\",\"name\":\"Styloral Jewelry Shop\",\"description\":\"Tourcruiser Sneaker Store \u2014 L\u2019endroit o\u00f9 l\u2019univers rencontre votre singularit\u00e9.\",\"publisher\":{\"@id\":\"\/#organization\"},\"potentialAction\":[{\"@type\":\"SearchAction\",\"target\":{\"@type\":\"EntryPoint\",\"urlTemplate\":\"\/?s={search_term_string}\"},\"query-input\":{\"@type\":\"PropertyValueSpecification\",\"valueRequired\":true,\"valueName\":\"search_term_string\"}}],\"inLanguage\":\"fr-FR\"},{\"@type\":\"Organization\",\"@id\":\"\/#organization\",\"name\":\"STYLORAL PTE. LTD\",\"url\":\"\/\",\"logo\":{\"@type\":\"ImageObject\",\"inLanguage\":\"fr-FR\",\"@id\":\"\/#\/schema\/logo\/image\/\",\"url\":\"https:\/\/www.tourcruiser.com\/wp-content\/uploads\/2025\/12\/logo.png\",\"contentUrl\":\"https:\/\/www.tourcruiser.com\/wp-content\/uploads\/2025\/12\/logo.png\",\"width\":200,\"height\":65,\"caption\":\"STYLORAL PTE. LTD\"},\"image\":{\"@id\":\"\/#\/schema\/logo\/image\/\"}}]}<\/script>\n<!-- \/ Yoast SEO plugin. -->","yoast_head_json":{"title":"Real Madrid x adidas Samba Team 'White Gum' HQ7032 - TOURCRUISER PTE. LTD","robots":{"index":"index","follow":"follow","max-snippet":"max-snippet:-1","max-image-preview":"max-image-preview:large","max-video-preview":"max-video-preview:-1"},"canonical":"https:\/\/tourcruiser.com\/fr\/products\/real-madrid-x-adidas-samba-team-white-gum-hq7032\/","og_locale":"fr_FR","og_type":"article","og_title":"Real Madrid x adidas Samba Team 'White Gum' HQ7032 - TOURCRUISER PTE. LTD","og_description":"D\u00e9couvrez la sneaker Real Madrid x adidas Samba Team White Gum, fruit de la collaboration entre le Real Madrid et adidas. Cette chaussure \u00e9l\u00e9gante allie la silhouette classique de la Samba \u00e0 une touche de modernit\u00e9. Avec son empeigne blanche et sa semelle en caoutchouc, cette sneaker offre un parfait \u00e9quilibre entre style et fonctionnalit\u00e9. [&hellip;]","og_url":"https:\/\/tourcruiser.com\/fr\/products\/real-madrid-x-adidas-samba-team-white-gum-hq7032\/","og_site_name":"Tourcruiser Sneaker Store","article_modified_time":"2026-04-17T15:51:40+00:00","twitter_card":"summary_large_image","twitter_image":"https:\/\/images.novelship.com\/product\/real_madrid_x_adidas_samba_team__white_gum__hq7032_0_17250.jpeg;https:\/\/images.novelship.com\/product\/real_madrid_x_adidas_samba_team__white_gum__hq7032_1_17250.jpeg;https:\/\/images.novelship.com\/product\/real_madrid_x_adidas_samba_team__white_gum__hq7032_2_17250.jpeg;https:\/\/images.novelship.com\/product\/real_madrid_x_adidas_samba_team__white_gum__hq7032_3_17250.jpeg;https:\/\/images.novelship.com\/product\/real_madrid_x_adidas_samba_team__white_gum__hq7032_4_17251.jpeg;https:\/\/images.novelship.com\/product\/real_madrid_x_adidas_samba_team__white_gum__hq7032_5_17251.jpeg;https:\/\/images.novelship.com\/product\/real_madrid_x_adidas_samba_team__white_gum__hq7032_6_17251.jpeg;https:\/\/images.novelship.com\/product\/real_madrid_x_adidas_samba_team__white_gum__hq7032_7_17251.jpeg","twitter_misc":{"Dur\u00e9e de lecture estim\u00e9e":"1 minute"},"schema":{"@context":"https:\/\/schema.org","@graph":[{"@type":"WebPage","@id":"https:\/\/tourcruiser.com\/fr\/products\/real-madrid-x-adidas-samba-team-white-gum-hq7032\/","url":"https:\/\/tourcruiser.com\/fr\/products\/real-madrid-x-adidas-samba-team-white-gum-hq7032\/","name":"Real Madrid x adidas Samba Team 'White Gum' HQ7032 - TOURCRUISER PTE. LTD","isPartOf":{"@id":"\/#website"},"primaryImageOfPage":{"@id":"https:\/\/tourcruiser.com\/fr\/products\/real-madrid-x-adidas-samba-team-white-gum-hq7032\/#primaryimage"},"image":{"@id":"https:\/\/tourcruiser.com\/fr\/products\/real-madrid-x-adidas-samba-team-white-gum-hq7032\/#primaryimage"},"thumbnailUrl":"https:\/\/images.novelship.com\/product\/real_madrid_x_adidas_samba_team__white_gum__hq7032_0_17250.jpeg;https:\/\/images.novelship.com\/product\/real_madrid_x_adidas_samba_team__white_gum__hq7032_1_17250.jpeg;https:\/\/images.novelship.com\/product\/real_madrid_x_adidas_samba_team__white_gum__hq7032_2_17250.jpeg;https:\/\/images.novelship.com\/product\/real_madrid_x_adidas_samba_team__white_gum__hq7032_3_17250.jpeg;https:\/\/images.novelship.com\/product\/real_madrid_x_adidas_samba_team__white_gum__hq7032_4_17251.jpeg;https:\/\/images.novelship.com\/product\/real_madrid_x_adidas_samba_team__white_gum__hq7032_5_17251.jpeg;https:\/\/images.novelship.com\/product\/real_madrid_x_adidas_samba_team__white_gum__hq7032_6_17251.jpeg;https:\/\/images.novelship.com\/product\/real_madrid_x_adidas_samba_team__white_gum__hq7032_7_17251.jpeg","datePublished":"2026-04-16T10:09:07+00:00","dateModified":"2026-04-17T15:51:40+00:00","breadcrumb":{"@id":"https:\/\/tourcruiser.com\/fr\/products\/real-madrid-x-adidas-samba-team-white-gum-hq7032\/#breadcrumb"},"inLanguage":"fr-FR","potentialAction":[{"@type":"ReadAction","target":["https:\/\/tourcruiser.com\/fr\/products\/real-madrid-x-adidas-samba-team-white-gum-hq7032\/"]}]},{"@type":"ImageObject","inLanguage":"fr-FR","@id":"https:\/\/tourcruiser.com\/fr\/products\/real-madrid-x-adidas-samba-team-white-gum-hq7032\/#primaryimage","url":"https:\/\/images.novelship.com\/product\/real_madrid_x_adidas_samba_team__white_gum__hq7032_0_17250.jpeg;https:\/\/images.novelship.com\/product\/real_madrid_x_adidas_samba_team__white_gum__hq7032_1_17250.jpeg;https:\/\/images.novelship.com\/product\/real_madrid_x_adidas_samba_team__white_gum__hq7032_2_17250.jpeg;https:\/\/images.novelship.com\/product\/real_madrid_x_adidas_samba_team__white_gum__hq7032_3_17250.jpeg;https:\/\/images.novelship.com\/product\/real_madrid_x_adidas_samba_team__white_gum__hq7032_4_17251.jpeg;https:\/\/images.novelship.com\/product\/real_madrid_x_adidas_samba_team__white_gum__hq7032_5_17251.jpeg;https:\/\/images.novelship.com\/product\/real_madrid_x_adidas_samba_team__white_gum__hq7032_6_17251.jpeg;https:\/\/images.novelship.com\/product\/real_madrid_x_adidas_samba_team__white_gum__hq7032_7_17251.jpeg","contentUrl":"https:\/\/images.novelship.com\/product\/real_madrid_x_adidas_samba_team__white_gum__hq7032_0_17250.jpeg;https:\/\/images.novelship.com\/product\/real_madrid_x_adidas_samba_team__white_gum__hq7032_1_17250.jpeg;https:\/\/images.novelship.com\/product\/real_madrid_x_adidas_samba_team__white_gum__hq7032_2_17250.jpeg;https:\/\/images.novelship.com\/product\/real_madrid_x_adidas_samba_team__white_gum__hq7032_3_17250.jpeg;https:\/\/images.novelship.com\/product\/real_madrid_x_adidas_samba_team__white_gum__hq7032_4_17251.jpeg;https:\/\/images.novelship.com\/product\/real_madrid_x_adidas_samba_team__white_gum__hq7032_5_17251.jpeg;https:\/\/images.novelship.com\/product\/real_madrid_x_adidas_samba_team__white_gum__hq7032_6_17251.jpeg;https:\/\/images.novelship.com\/product\/real_madrid_x_adidas_samba_team__white_gum__hq7032_7_17251.jpeg"},{"@type":"BreadcrumbList","@id":"https:\/\/tourcruiser.com\/fr\/products\/real-madrid-x-adidas-samba-team-white-gum-hq7032\/#breadcrumb","itemListElement":[{"@type":"ListItem","position":1,"name":"Home","item":"https:\/\/tourcruiser.com\/fr\/"},{"@type":"ListItem","position":2,"name":"Shop","item":"https:\/\/tourcruiser.com\/fr\/shop\/"},{"@type":"ListItem","position":3,"name":"Real Madrid x adidas Samba Team &#8216;White Gum&#8217; HQ7032"}]},{"@type":"WebSite","@id":"\/#website","url":"\/","name":"Styloral Jewelry Shop","description":"Tourcruiser Sneaker Store \u2014 L\u2019endroit o\u00f9 l\u2019univers rencontre votre singularit\u00e9.","publisher":{"@id":"\/#organization"},"potentialAction":[{"@type":"SearchAction","target":{"@type":"EntryPoint","urlTemplate":"\/?s={search_term_string}"},"query-input":{"@type":"PropertyValueSpecification","valueRequired":true,"valueName":"search_term_string"}}],"inLanguage":"fr-FR"},{"@type":"Organization","@id":"\/#organization","name":"STYLORAL PTE. LTD","url":"\/","logo":{"@type":"ImageObject","inLanguage":"fr-FR","@id":"\/#\/schema\/logo\/image\/","url":"https:\/\/www.tourcruiser.com\/wp-content\/uploads\/2025\/12\/logo.png","contentUrl":"https:\/\/www.tourcruiser.com\/wp-content\/uploads\/2025\/12\/logo.png","width":200,"height":65,"caption":"STYLORAL PTE. LTD"},"image":{"@id":"\/#\/schema\/logo\/image\/"}}]}},"_links":{"self":[{"href":"https:\/\/tourcruiser.com\/fr\/wp-json\/wp\/v2\/product\/761091","targetHints":{"allow":["GET"]}}],"collection":[{"href":"https:\/\/tourcruiser.com\/fr\/wp-json\/wp\/v2\/product"}],"about":[{"href":"https:\/\/tourcruiser.com\/fr\/wp-json\/wp\/v2\/types\/product"}],"replies":[{"embeddable":true,"href":"https:\/\/tourcruiser.com\/fr\/wp-json\/wp\/v2\/comments?post=761091"}],"wp:featuredmedia":[{"embeddable":true,"href":"https:\/\/tourcruiser.com\/fr\/wp-json\/wp\/v2\/media\/761094"}],"wp:attachment":[{"href":"https:\/\/tourcruiser.com\/fr\/wp-json\/wp\/v2\/media?parent=761091"}],"wp:term":[{"taxonomy":"product_brand","embeddable":true,"href":"https:\/\/tourcruiser.com\/fr\/wp-json\/wp\/v2\/product_brand?post=761091"},{"taxonomy":"product_cat","embeddable":true,"href":"https:\/\/tourcruiser.com\/fr\/wp-json\/wp\/v2\/product_cat?post=761091"},{"taxonomy":"product_tag","embeddable":true,"href":"https:\/\/tourcruiser.com\/fr\/wp-json\/wp\/v2\/product_tag?post=761091"}],"curies":[{"name":"wp","href":"https:\/\/api.w.org\/{rel}","templated":true}]}}