{"id":761055,"date":"2026-04-16T17:09:06","date_gmt":"2026-04-16T10:09:06","guid":{"rendered":"http:\/\/tourcruiser.com\/product\/air-jordan-1-low-pine-green-553558-301"},"modified":"2026-04-17T22:51:38","modified_gmt":"2026-04-17T15:51:38","slug":"air-jordan-1-low-pine-green-553558-301","status":"publish","type":"product","link":"https:\/\/tourcruiser.com\/fr\/products\/air-jordan-1-low-pine-green-553558-301\/","title":{"rendered":"Air Jordan 1 Low &lsquo;Pine Green&rsquo; 553558-301"},"content":{"rendered":"<p>D\u00e9couvrez la Air Jordan 1 Low Pine Green de Jordan. Cette sneaker basse se distingue par sa couleur verte \u00e9clatante, apportant une touche de fra\u00eecheur et de style \u00e0 toutes vos tenues. Confort et style sont au c\u0153ur de ce mod\u00e8le. Des mat\u00e9riaux haut de gamme et le logo embl\u00e9matique de Jordan compl\u00e8tent son look. L&rsquo;\u00e9dition Pine Green de la Air Jordan 1 Low donnera \u00e0 votre style une touche d&rsquo;originalit\u00e9.<\/p>\n<p>Coloris\u00a0: Vert pin\/Noir\/Blanc<\/p>\n<p>R\u00e9f\u00e9rence\u00a0: 553558-301<\/p>\n<p>Tige\u00a0: Cuir<\/p>\n<p>Semelle interm\u00e9diaire\u00a0: Air<\/p>\n<p>Couleur\u00a0: Vert<\/p>\n<p>Designer\u00a0: Peter Moore<\/p>\n<p>Saison\u00a0: Hiver<\/p>\n<p>Ann\u00e9e de sortie\u00a0: 2020<\/p>\n<p>\u00c2ge\u00a0: Adulte<\/p>\n<p>Couleur\u00a0: Vert<\/p>\n<p>Genre\u00a0: Homme<\/p>\n","protected":false},"excerpt":{"rendered":"<p>D\u00e9couvrez la Air Jordan 1 Low Pine Green de Jordan. Cette sneaker basse se distingue par sa couleur verte \u00e9clatante, apportant une touche de fra\u00eecheur et de style \u00e0 toutes vos tenues. Confort et style sont au c\u0153ur de ce mod\u00e8le. Des mat\u00e9riaux haut de gamme et le logo embl\u00e9matique de Jordan compl\u00e8tent son look. [&hellip;]<\/p>\n","protected":false},"featured_media":761056,"comment_status":"open","ping_status":"closed","template":"","meta":[],"product_brand":[],"product_cat":[38880],"product_tag":[10750,10800,38841,38842,10776,11349,38875,38886,10756],"class_list":{"0":"post-761055","1":"product","2":"type-product","3":"status-publish","4":"has-post-thumbnail","6":"product_cat-jordan","7":"product_tag-athleisure-shoes","8":"product_tag-basketball-shoes","9":"product_tag-casual-shoes","10":"product_tag-gift-idea-for-him","11":"product_tag-jordan","12":"product_tag-jordan-basketball-shoes","13":"product_tag-jordan-skateboard-shoes","14":"product_tag-lifestyle-shoes-inspired-by-basketball","15":"product_tag-retro-casual-shoes","17":"first","18":"instock","19":"taxable","20":"shipping-taxable","21":"purchasable","22":"product-type-simple"},"wcpa_form_fields":null,"yoast_head":"<!-- This site is optimized with the Yoast SEO plugin v26.5 - https:\/\/yoast.com\/wordpress\/plugins\/seo\/ -->\n<title>Air Jordan 1 Low &#039;Pine Green&#039; 553558-301 - TOURCRUISER PTE. LTD<\/title>\n<meta name=\"robots\" content=\"index, follow, max-snippet:-1, max-image-preview:large, max-video-preview:-1\" \/>\n<link rel=\"canonical\" href=\"https:\/\/tourcruiser.com\/fr\/products\/air-jordan-1-low-pine-green-553558-301\/\" \/>\n<meta property=\"og:locale\" content=\"fr_FR\" \/>\n<meta property=\"og:type\" content=\"article\" \/>\n<meta property=\"og:title\" content=\"Air Jordan 1 Low &#039;Pine Green&#039; 553558-301 - TOURCRUISER PTE. LTD\" \/>\n<meta property=\"og:description\" content=\"D\u00e9couvrez la Air Jordan 1 Low Pine Green de Jordan. Cette sneaker basse se distingue par sa couleur verte \u00e9clatante, apportant une touche de fra\u00eecheur et de style \u00e0 toutes vos tenues. Confort et style sont au c\u0153ur de ce mod\u00e8le. Des mat\u00e9riaux haut de gamme et le logo embl\u00e9matique de Jordan compl\u00e8tent son look. [&hellip;]\" \/>\n<meta property=\"og:url\" content=\"https:\/\/tourcruiser.com\/fr\/products\/air-jordan-1-low-pine-green-553558-301\/\" \/>\n<meta property=\"og:site_name\" content=\"Tourcruiser Sneaker Store\" \/>\n<meta property=\"article:modified_time\" content=\"2026-04-17T15:51:38+00:00\" \/>\n<meta name=\"twitter:card\" content=\"summary_large_image\" \/>\n<meta name=\"twitter:image\" content=\"https:\/\/images.novelship.com\/product\/air_jordan_1_low__pine_green__553558_301_0_91198.jpeg;https:\/\/images.novelship.com\/product\/air_jordan_1_low__pine_green__553558_301_1_91198.jpeg;https:\/\/images.novelship.com\/product\/air_jordan_1_low__pine_green__553558_301_2_91198.jpeg;https:\/\/images.novelship.com\/product\/air_jordan_1_low__pine_green__553558_301_3_91198.jpeg;https:\/\/images.novelship.com\/product\/air_jordan_1_low__pine_green__553558_301_4_91198.jpeg;https:\/\/images.novelship.com\/product\/air_jordan_1_low__pine_green__553558_301_5_91198.jpeg;https:\/\/images.novelship.com\/product\/air_jordan_1_low__pine_green__553558_301_6_91198.jpeg;https:\/\/images.novelship.com\/product\/air_jordan_1_low__pine_green__553558_301_7_91198.jpeg\" \/>\n<meta name=\"twitter:label1\" content=\"Dur\u00e9e de lecture estim\u00e9e\" \/>\n\t<meta name=\"twitter:data1\" content=\"1 minute\" \/>\n<script type=\"application\/ld+json\" class=\"yoast-schema-graph\">{\"@context\":\"https:\/\/schema.org\",\"@graph\":[{\"@type\":\"WebPage\",\"@id\":\"https:\/\/tourcruiser.com\/fr\/products\/air-jordan-1-low-pine-green-553558-301\/\",\"url\":\"https:\/\/tourcruiser.com\/fr\/products\/air-jordan-1-low-pine-green-553558-301\/\",\"name\":\"Air Jordan 1 Low 'Pine Green' 553558-301 - TOURCRUISER PTE. LTD\",\"isPartOf\":{\"@id\":\"\/#website\"},\"primaryImageOfPage\":{\"@id\":\"https:\/\/tourcruiser.com\/fr\/products\/air-jordan-1-low-pine-green-553558-301\/#primaryimage\"},\"image\":{\"@id\":\"https:\/\/tourcruiser.com\/fr\/products\/air-jordan-1-low-pine-green-553558-301\/#primaryimage\"},\"thumbnailUrl\":\"https:\/\/images.novelship.com\/product\/air_jordan_1_low__pine_green__553558_301_0_91198.jpeg;https:\/\/images.novelship.com\/product\/air_jordan_1_low__pine_green__553558_301_1_91198.jpeg;https:\/\/images.novelship.com\/product\/air_jordan_1_low__pine_green__553558_301_2_91198.jpeg;https:\/\/images.novelship.com\/product\/air_jordan_1_low__pine_green__553558_301_3_91198.jpeg;https:\/\/images.novelship.com\/product\/air_jordan_1_low__pine_green__553558_301_4_91198.jpeg;https:\/\/images.novelship.com\/product\/air_jordan_1_low__pine_green__553558_301_5_91198.jpeg;https:\/\/images.novelship.com\/product\/air_jordan_1_low__pine_green__553558_301_6_91198.jpeg;https:\/\/images.novelship.com\/product\/air_jordan_1_low__pine_green__553558_301_7_91198.jpeg\",\"datePublished\":\"2026-04-16T10:09:06+00:00\",\"dateModified\":\"2026-04-17T15:51:38+00:00\",\"breadcrumb\":{\"@id\":\"https:\/\/tourcruiser.com\/fr\/products\/air-jordan-1-low-pine-green-553558-301\/#breadcrumb\"},\"inLanguage\":\"fr-FR\",\"potentialAction\":[{\"@type\":\"ReadAction\",\"target\":[\"https:\/\/tourcruiser.com\/fr\/products\/air-jordan-1-low-pine-green-553558-301\/\"]}]},{\"@type\":\"ImageObject\",\"inLanguage\":\"fr-FR\",\"@id\":\"https:\/\/tourcruiser.com\/fr\/products\/air-jordan-1-low-pine-green-553558-301\/#primaryimage\",\"url\":\"https:\/\/images.novelship.com\/product\/air_jordan_1_low__pine_green__553558_301_0_91198.jpeg;https:\/\/images.novelship.com\/product\/air_jordan_1_low__pine_green__553558_301_1_91198.jpeg;https:\/\/images.novelship.com\/product\/air_jordan_1_low__pine_green__553558_301_2_91198.jpeg;https:\/\/images.novelship.com\/product\/air_jordan_1_low__pine_green__553558_301_3_91198.jpeg;https:\/\/images.novelship.com\/product\/air_jordan_1_low__pine_green__553558_301_4_91198.jpeg;https:\/\/images.novelship.com\/product\/air_jordan_1_low__pine_green__553558_301_5_91198.jpeg;https:\/\/images.novelship.com\/product\/air_jordan_1_low__pine_green__553558_301_6_91198.jpeg;https:\/\/images.novelship.com\/product\/air_jordan_1_low__pine_green__553558_301_7_91198.jpeg\",\"contentUrl\":\"https:\/\/images.novelship.com\/product\/air_jordan_1_low__pine_green__553558_301_0_91198.jpeg;https:\/\/images.novelship.com\/product\/air_jordan_1_low__pine_green__553558_301_1_91198.jpeg;https:\/\/images.novelship.com\/product\/air_jordan_1_low__pine_green__553558_301_2_91198.jpeg;https:\/\/images.novelship.com\/product\/air_jordan_1_low__pine_green__553558_301_3_91198.jpeg;https:\/\/images.novelship.com\/product\/air_jordan_1_low__pine_green__553558_301_4_91198.jpeg;https:\/\/images.novelship.com\/product\/air_jordan_1_low__pine_green__553558_301_5_91198.jpeg;https:\/\/images.novelship.com\/product\/air_jordan_1_low__pine_green__553558_301_6_91198.jpeg;https:\/\/images.novelship.com\/product\/air_jordan_1_low__pine_green__553558_301_7_91198.jpeg\"},{\"@type\":\"BreadcrumbList\",\"@id\":\"https:\/\/tourcruiser.com\/fr\/products\/air-jordan-1-low-pine-green-553558-301\/#breadcrumb\",\"itemListElement\":[{\"@type\":\"ListItem\",\"position\":1,\"name\":\"Home\",\"item\":\"https:\/\/tourcruiser.com\/fr\/\"},{\"@type\":\"ListItem\",\"position\":2,\"name\":\"Shop\",\"item\":\"https:\/\/tourcruiser.com\/fr\/shop\/\"},{\"@type\":\"ListItem\",\"position\":3,\"name\":\"Air Jordan 1 Low &#8216;Pine Green&#8217; 553558-301\"}]},{\"@type\":\"WebSite\",\"@id\":\"\/#website\",\"url\":\"\/\",\"name\":\"Styloral Jewelry Shop\",\"description\":\"Tourcruiser Sneaker Store \u2014 L\u2019endroit o\u00f9 l\u2019univers rencontre votre singularit\u00e9.\",\"publisher\":{\"@id\":\"\/#organization\"},\"potentialAction\":[{\"@type\":\"SearchAction\",\"target\":{\"@type\":\"EntryPoint\",\"urlTemplate\":\"\/?s={search_term_string}\"},\"query-input\":{\"@type\":\"PropertyValueSpecification\",\"valueRequired\":true,\"valueName\":\"search_term_string\"}}],\"inLanguage\":\"fr-FR\"},{\"@type\":\"Organization\",\"@id\":\"\/#organization\",\"name\":\"STYLORAL PTE. LTD\",\"url\":\"\/\",\"logo\":{\"@type\":\"ImageObject\",\"inLanguage\":\"fr-FR\",\"@id\":\"\/#\/schema\/logo\/image\/\",\"url\":\"https:\/\/www.tourcruiser.com\/wp-content\/uploads\/2025\/12\/logo.png\",\"contentUrl\":\"https:\/\/www.tourcruiser.com\/wp-content\/uploads\/2025\/12\/logo.png\",\"width\":200,\"height\":65,\"caption\":\"STYLORAL PTE. LTD\"},\"image\":{\"@id\":\"\/#\/schema\/logo\/image\/\"}}]}<\/script>\n<!-- \/ Yoast SEO plugin. -->","yoast_head_json":{"title":"Air Jordan 1 Low 'Pine Green' 553558-301 - TOURCRUISER PTE. LTD","robots":{"index":"index","follow":"follow","max-snippet":"max-snippet:-1","max-image-preview":"max-image-preview:large","max-video-preview":"max-video-preview:-1"},"canonical":"https:\/\/tourcruiser.com\/fr\/products\/air-jordan-1-low-pine-green-553558-301\/","og_locale":"fr_FR","og_type":"article","og_title":"Air Jordan 1 Low 'Pine Green' 553558-301 - TOURCRUISER PTE. LTD","og_description":"D\u00e9couvrez la Air Jordan 1 Low Pine Green de Jordan. Cette sneaker basse se distingue par sa couleur verte \u00e9clatante, apportant une touche de fra\u00eecheur et de style \u00e0 toutes vos tenues. Confort et style sont au c\u0153ur de ce mod\u00e8le. Des mat\u00e9riaux haut de gamme et le logo embl\u00e9matique de Jordan compl\u00e8tent son look. [&hellip;]","og_url":"https:\/\/tourcruiser.com\/fr\/products\/air-jordan-1-low-pine-green-553558-301\/","og_site_name":"Tourcruiser Sneaker Store","article_modified_time":"2026-04-17T15:51:38+00:00","twitter_card":"summary_large_image","twitter_image":"https:\/\/images.novelship.com\/product\/air_jordan_1_low__pine_green__553558_301_0_91198.jpeg;https:\/\/images.novelship.com\/product\/air_jordan_1_low__pine_green__553558_301_1_91198.jpeg;https:\/\/images.novelship.com\/product\/air_jordan_1_low__pine_green__553558_301_2_91198.jpeg;https:\/\/images.novelship.com\/product\/air_jordan_1_low__pine_green__553558_301_3_91198.jpeg;https:\/\/images.novelship.com\/product\/air_jordan_1_low__pine_green__553558_301_4_91198.jpeg;https:\/\/images.novelship.com\/product\/air_jordan_1_low__pine_green__553558_301_5_91198.jpeg;https:\/\/images.novelship.com\/product\/air_jordan_1_low__pine_green__553558_301_6_91198.jpeg;https:\/\/images.novelship.com\/product\/air_jordan_1_low__pine_green__553558_301_7_91198.jpeg","twitter_misc":{"Dur\u00e9e de lecture estim\u00e9e":"1 minute"},"schema":{"@context":"https:\/\/schema.org","@graph":[{"@type":"WebPage","@id":"https:\/\/tourcruiser.com\/fr\/products\/air-jordan-1-low-pine-green-553558-301\/","url":"https:\/\/tourcruiser.com\/fr\/products\/air-jordan-1-low-pine-green-553558-301\/","name":"Air Jordan 1 Low 'Pine Green' 553558-301 - TOURCRUISER PTE. LTD","isPartOf":{"@id":"\/#website"},"primaryImageOfPage":{"@id":"https:\/\/tourcruiser.com\/fr\/products\/air-jordan-1-low-pine-green-553558-301\/#primaryimage"},"image":{"@id":"https:\/\/tourcruiser.com\/fr\/products\/air-jordan-1-low-pine-green-553558-301\/#primaryimage"},"thumbnailUrl":"https:\/\/images.novelship.com\/product\/air_jordan_1_low__pine_green__553558_301_0_91198.jpeg;https:\/\/images.novelship.com\/product\/air_jordan_1_low__pine_green__553558_301_1_91198.jpeg;https:\/\/images.novelship.com\/product\/air_jordan_1_low__pine_green__553558_301_2_91198.jpeg;https:\/\/images.novelship.com\/product\/air_jordan_1_low__pine_green__553558_301_3_91198.jpeg;https:\/\/images.novelship.com\/product\/air_jordan_1_low__pine_green__553558_301_4_91198.jpeg;https:\/\/images.novelship.com\/product\/air_jordan_1_low__pine_green__553558_301_5_91198.jpeg;https:\/\/images.novelship.com\/product\/air_jordan_1_low__pine_green__553558_301_6_91198.jpeg;https:\/\/images.novelship.com\/product\/air_jordan_1_low__pine_green__553558_301_7_91198.jpeg","datePublished":"2026-04-16T10:09:06+00:00","dateModified":"2026-04-17T15:51:38+00:00","breadcrumb":{"@id":"https:\/\/tourcruiser.com\/fr\/products\/air-jordan-1-low-pine-green-553558-301\/#breadcrumb"},"inLanguage":"fr-FR","potentialAction":[{"@type":"ReadAction","target":["https:\/\/tourcruiser.com\/fr\/products\/air-jordan-1-low-pine-green-553558-301\/"]}]},{"@type":"ImageObject","inLanguage":"fr-FR","@id":"https:\/\/tourcruiser.com\/fr\/products\/air-jordan-1-low-pine-green-553558-301\/#primaryimage","url":"https:\/\/images.novelship.com\/product\/air_jordan_1_low__pine_green__553558_301_0_91198.jpeg;https:\/\/images.novelship.com\/product\/air_jordan_1_low__pine_green__553558_301_1_91198.jpeg;https:\/\/images.novelship.com\/product\/air_jordan_1_low__pine_green__553558_301_2_91198.jpeg;https:\/\/images.novelship.com\/product\/air_jordan_1_low__pine_green__553558_301_3_91198.jpeg;https:\/\/images.novelship.com\/product\/air_jordan_1_low__pine_green__553558_301_4_91198.jpeg;https:\/\/images.novelship.com\/product\/air_jordan_1_low__pine_green__553558_301_5_91198.jpeg;https:\/\/images.novelship.com\/product\/air_jordan_1_low__pine_green__553558_301_6_91198.jpeg;https:\/\/images.novelship.com\/product\/air_jordan_1_low__pine_green__553558_301_7_91198.jpeg","contentUrl":"https:\/\/images.novelship.com\/product\/air_jordan_1_low__pine_green__553558_301_0_91198.jpeg;https:\/\/images.novelship.com\/product\/air_jordan_1_low__pine_green__553558_301_1_91198.jpeg;https:\/\/images.novelship.com\/product\/air_jordan_1_low__pine_green__553558_301_2_91198.jpeg;https:\/\/images.novelship.com\/product\/air_jordan_1_low__pine_green__553558_301_3_91198.jpeg;https:\/\/images.novelship.com\/product\/air_jordan_1_low__pine_green__553558_301_4_91198.jpeg;https:\/\/images.novelship.com\/product\/air_jordan_1_low__pine_green__553558_301_5_91198.jpeg;https:\/\/images.novelship.com\/product\/air_jordan_1_low__pine_green__553558_301_6_91198.jpeg;https:\/\/images.novelship.com\/product\/air_jordan_1_low__pine_green__553558_301_7_91198.jpeg"},{"@type":"BreadcrumbList","@id":"https:\/\/tourcruiser.com\/fr\/products\/air-jordan-1-low-pine-green-553558-301\/#breadcrumb","itemListElement":[{"@type":"ListItem","position":1,"name":"Home","item":"https:\/\/tourcruiser.com\/fr\/"},{"@type":"ListItem","position":2,"name":"Shop","item":"https:\/\/tourcruiser.com\/fr\/shop\/"},{"@type":"ListItem","position":3,"name":"Air Jordan 1 Low &#8216;Pine Green&#8217; 553558-301"}]},{"@type":"WebSite","@id":"\/#website","url":"\/","name":"Styloral Jewelry Shop","description":"Tourcruiser Sneaker Store \u2014 L\u2019endroit o\u00f9 l\u2019univers rencontre votre singularit\u00e9.","publisher":{"@id":"\/#organization"},"potentialAction":[{"@type":"SearchAction","target":{"@type":"EntryPoint","urlTemplate":"\/?s={search_term_string}"},"query-input":{"@type":"PropertyValueSpecification","valueRequired":true,"valueName":"search_term_string"}}],"inLanguage":"fr-FR"},{"@type":"Organization","@id":"\/#organization","name":"STYLORAL PTE. LTD","url":"\/","logo":{"@type":"ImageObject","inLanguage":"fr-FR","@id":"\/#\/schema\/logo\/image\/","url":"https:\/\/www.tourcruiser.com\/wp-content\/uploads\/2025\/12\/logo.png","contentUrl":"https:\/\/www.tourcruiser.com\/wp-content\/uploads\/2025\/12\/logo.png","width":200,"height":65,"caption":"STYLORAL PTE. LTD"},"image":{"@id":"\/#\/schema\/logo\/image\/"}}]}},"_links":{"self":[{"href":"https:\/\/tourcruiser.com\/fr\/wp-json\/wp\/v2\/product\/761055","targetHints":{"allow":["GET"]}}],"collection":[{"href":"https:\/\/tourcruiser.com\/fr\/wp-json\/wp\/v2\/product"}],"about":[{"href":"https:\/\/tourcruiser.com\/fr\/wp-json\/wp\/v2\/types\/product"}],"replies":[{"embeddable":true,"href":"https:\/\/tourcruiser.com\/fr\/wp-json\/wp\/v2\/comments?post=761055"}],"wp:featuredmedia":[{"embeddable":true,"href":"https:\/\/tourcruiser.com\/fr\/wp-json\/wp\/v2\/media\/761056"}],"wp:attachment":[{"href":"https:\/\/tourcruiser.com\/fr\/wp-json\/wp\/v2\/media?parent=761055"}],"wp:term":[{"taxonomy":"product_brand","embeddable":true,"href":"https:\/\/tourcruiser.com\/fr\/wp-json\/wp\/v2\/product_brand?post=761055"},{"taxonomy":"product_cat","embeddable":true,"href":"https:\/\/tourcruiser.com\/fr\/wp-json\/wp\/v2\/product_cat?post=761055"},{"taxonomy":"product_tag","embeddable":true,"href":"https:\/\/tourcruiser.com\/fr\/wp-json\/wp\/v2\/product_tag?post=761055"}],"curies":[{"name":"wp","href":"https:\/\/api.w.org\/{rel}","templated":true}]}}