{"id":760927,"date":"2026-04-16T17:09:02","date_gmt":"2026-04-16T10:09:02","guid":{"rendered":"http:\/\/tourcruiser.com\/product\/grade-school-air-jordan-11-retro-concord-2018-378038-100"},"modified":"2026-04-17T21:57:05","modified_gmt":"2026-04-17T14:57:05","slug":"grade-school-air-jordan-11-retro-concord-2018-378038-100","status":"publish","type":"product","link":"https:\/\/tourcruiser.com\/fr\/products\/grade-school-air-jordan-11-retro-concord-2018-378038-100\/","title":{"rendered":"(Grade School) Air Jordan 11 Retro &lsquo;Concord&rsquo; 2018 378038-100"},"content":{"rendered":"<p>La Air Jordan 11 Retro Concord 2018 (GS) de Jordan est un incontournable pour les jeunes fans de sneakers. Son coloris blanc iconique apporte une touche classique \u00e0 toutes les tenues. Le surnom \u00ab\u00a0Concord\u00a0\u00bb souligne l&rsquo;exclusivit\u00e9 de cette sneaker r\u00e9tro. Pr\u00e9parez-vous \u00e0 faire sensation et \u00e0 affirmer votre style avec ces sneakers l\u00e9gendaires.<\/p>\n<p>Coloris\u00a0: Blanc\/Noir-Gris fonc\u00e9-Concord<br \/>\nR\u00e9f\u00e9rence\u00a0: 378038-100<br \/>\nTige\u00a0: Cuir verni<br \/>\nSemelle interm\u00e9diaire\u00a0: Air<br \/>\nCouleur\u00a0: Blanc<br \/>\nDesigner\u00a0: Tinker Hatfield<br \/>\nSaison\u00a0: Hiver<br \/>\nAnn\u00e9e de sortie\u00a0: 2018<\/p>\n<p>\u00c2ge\u00a0: Adulte<br \/>\nCouleur\u00a0: Blanc<br \/>\nGenre\u00a0: Jeune<\/p>\n","protected":false},"excerpt":{"rendered":"<p>La Air Jordan 11 Retro Concord 2018 (GS) de Jordan est un incontournable pour les jeunes fans de sneakers. Son coloris blanc iconique apporte une touche classique \u00e0 toutes les tenues. Le surnom \u00ab\u00a0Concord\u00a0\u00bb souligne l&rsquo;exclusivit\u00e9 de cette sneaker r\u00e9tro. Pr\u00e9parez-vous \u00e0 faire sensation et \u00e0 affirmer votre style avec ces sneakers l\u00e9gendaires. Coloris\u00a0: Blanc\/Noir-Gris [&hellip;]<\/p>\n","protected":false},"featured_media":760928,"comment_status":"open","ping_status":"closed","template":"","meta":[],"product_brand":[],"product_cat":[38880],"product_tag":[10800,38874,10776,11129,38846],"class_list":{"0":"post-760927","1":"product","2":"type-product","3":"status-publish","4":"has-post-thumbnail","6":"product_cat-jordan","7":"product_tag-basketball-shoes","8":"product_tag-hari-raya-gs","9":"product_tag-jordan","10":"product_tag-lightweight-basketball-shoes","11":"product_tag-performance-sports-shoes","13":"first","14":"instock","15":"taxable","16":"shipping-taxable","17":"purchasable","18":"product-type-simple"},"wcpa_form_fields":null,"yoast_head":"<!-- This site is optimized with the Yoast SEO plugin v26.5 - https:\/\/yoast.com\/wordpress\/plugins\/seo\/ -->\n<title>(Grade School) Air Jordan 11 Retro &#039;Concord&#039; 2018 378038-100 - TOURCRUISER PTE. LTD<\/title>\n<meta name=\"robots\" content=\"index, follow, max-snippet:-1, max-image-preview:large, max-video-preview:-1\" \/>\n<link rel=\"canonical\" href=\"https:\/\/tourcruiser.com\/fr\/products\/grade-school-air-jordan-11-retro-concord-2018-378038-100\/\" \/>\n<meta property=\"og:locale\" content=\"fr_FR\" \/>\n<meta property=\"og:type\" content=\"article\" \/>\n<meta property=\"og:title\" content=\"(Grade School) Air Jordan 11 Retro &#039;Concord&#039; 2018 378038-100 - TOURCRUISER PTE. LTD\" \/>\n<meta property=\"og:description\" content=\"La Air Jordan 11 Retro Concord 2018 (GS) de Jordan est un incontournable pour les jeunes fans de sneakers. Son coloris blanc iconique apporte une touche classique \u00e0 toutes les tenues. Le surnom \u00ab\u00a0Concord\u00a0\u00bb souligne l&rsquo;exclusivit\u00e9 de cette sneaker r\u00e9tro. Pr\u00e9parez-vous \u00e0 faire sensation et \u00e0 affirmer votre style avec ces sneakers l\u00e9gendaires. Coloris\u00a0: Blanc\/Noir-Gris [&hellip;]\" \/>\n<meta property=\"og:url\" content=\"https:\/\/tourcruiser.com\/fr\/products\/grade-school-air-jordan-11-retro-concord-2018-378038-100\/\" \/>\n<meta property=\"og:site_name\" content=\"Tourcruiser Sneaker Store\" \/>\n<meta property=\"article:modified_time\" content=\"2026-04-17T14:57:05+00:00\" \/>\n<meta name=\"twitter:card\" content=\"summary_large_image\" \/>\n<meta name=\"twitter:image\" content=\"https:\/\/images.novelship.com\/product\/_grade_school__air_jordan_11_retro__concord__2018__0_30647.jpeg;https:\/\/images.novelship.com\/product\/_grade_school__air_jordan_11_retro__concord__2018__1_30647.jpeg;https:\/\/images.novelship.com\/product\/_grade_school__air_jordan_11_retro__concord__2018__2_30647.jpeg;https:\/\/images.novelship.com\/product\/_grade_school__air_jordan_11_retro__concord__2018__3_30647.jpeg;https:\/\/images.novelship.com\/product\/_grade_school__air_jordan_11_retro__concord__2018__4_30647.jpeg;https:\/\/images.novelship.com\/product\/_grade_school__air_jordan_11_retro__concord__2018__5_30647.jpeg;https:\/\/images.novelship.com\/product\/_grade_school__air_jordan_11_retro__concord__2018__6_30647.jpeg;https:\/\/images.novelship.com\/product\/_grade_school__air_jordan_11_retro__concord__2018__7_30647.jpeg\" \/>\n<script type=\"application\/ld+json\" class=\"yoast-schema-graph\">{\"@context\":\"https:\/\/schema.org\",\"@graph\":[{\"@type\":\"WebPage\",\"@id\":\"https:\/\/tourcruiser.com\/fr\/products\/grade-school-air-jordan-11-retro-concord-2018-378038-100\/\",\"url\":\"https:\/\/tourcruiser.com\/fr\/products\/grade-school-air-jordan-11-retro-concord-2018-378038-100\/\",\"name\":\"(Grade School) Air Jordan 11 Retro 'Concord' 2018 378038-100 - TOURCRUISER PTE. LTD\",\"isPartOf\":{\"@id\":\"\/#website\"},\"primaryImageOfPage\":{\"@id\":\"https:\/\/tourcruiser.com\/fr\/products\/grade-school-air-jordan-11-retro-concord-2018-378038-100\/#primaryimage\"},\"image\":{\"@id\":\"https:\/\/tourcruiser.com\/fr\/products\/grade-school-air-jordan-11-retro-concord-2018-378038-100\/#primaryimage\"},\"thumbnailUrl\":\"https:\/\/images.novelship.com\/product\/_grade_school__air_jordan_11_retro__concord__2018__0_30647.jpeg;https:\/\/images.novelship.com\/product\/_grade_school__air_jordan_11_retro__concord__2018__1_30647.jpeg;https:\/\/images.novelship.com\/product\/_grade_school__air_jordan_11_retro__concord__2018__2_30647.jpeg;https:\/\/images.novelship.com\/product\/_grade_school__air_jordan_11_retro__concord__2018__3_30647.jpeg;https:\/\/images.novelship.com\/product\/_grade_school__air_jordan_11_retro__concord__2018__4_30647.jpeg;https:\/\/images.novelship.com\/product\/_grade_school__air_jordan_11_retro__concord__2018__5_30647.jpeg;https:\/\/images.novelship.com\/product\/_grade_school__air_jordan_11_retro__concord__2018__6_30647.jpeg;https:\/\/images.novelship.com\/product\/_grade_school__air_jordan_11_retro__concord__2018__7_30647.jpeg\",\"datePublished\":\"2026-04-16T10:09:02+00:00\",\"dateModified\":\"2026-04-17T14:57:05+00:00\",\"breadcrumb\":{\"@id\":\"https:\/\/tourcruiser.com\/fr\/products\/grade-school-air-jordan-11-retro-concord-2018-378038-100\/#breadcrumb\"},\"inLanguage\":\"fr-FR\",\"potentialAction\":[{\"@type\":\"ReadAction\",\"target\":[\"https:\/\/tourcruiser.com\/fr\/products\/grade-school-air-jordan-11-retro-concord-2018-378038-100\/\"]}]},{\"@type\":\"ImageObject\",\"inLanguage\":\"fr-FR\",\"@id\":\"https:\/\/tourcruiser.com\/fr\/products\/grade-school-air-jordan-11-retro-concord-2018-378038-100\/#primaryimage\",\"url\":\"https:\/\/images.novelship.com\/product\/_grade_school__air_jordan_11_retro__concord__2018__0_30647.jpeg;https:\/\/images.novelship.com\/product\/_grade_school__air_jordan_11_retro__concord__2018__1_30647.jpeg;https:\/\/images.novelship.com\/product\/_grade_school__air_jordan_11_retro__concord__2018__2_30647.jpeg;https:\/\/images.novelship.com\/product\/_grade_school__air_jordan_11_retro__concord__2018__3_30647.jpeg;https:\/\/images.novelship.com\/product\/_grade_school__air_jordan_11_retro__concord__2018__4_30647.jpeg;https:\/\/images.novelship.com\/product\/_grade_school__air_jordan_11_retro__concord__2018__5_30647.jpeg;https:\/\/images.novelship.com\/product\/_grade_school__air_jordan_11_retro__concord__2018__6_30647.jpeg;https:\/\/images.novelship.com\/product\/_grade_school__air_jordan_11_retro__concord__2018__7_30647.jpeg\",\"contentUrl\":\"https:\/\/images.novelship.com\/product\/_grade_school__air_jordan_11_retro__concord__2018__0_30647.jpeg;https:\/\/images.novelship.com\/product\/_grade_school__air_jordan_11_retro__concord__2018__1_30647.jpeg;https:\/\/images.novelship.com\/product\/_grade_school__air_jordan_11_retro__concord__2018__2_30647.jpeg;https:\/\/images.novelship.com\/product\/_grade_school__air_jordan_11_retro__concord__2018__3_30647.jpeg;https:\/\/images.novelship.com\/product\/_grade_school__air_jordan_11_retro__concord__2018__4_30647.jpeg;https:\/\/images.novelship.com\/product\/_grade_school__air_jordan_11_retro__concord__2018__5_30647.jpeg;https:\/\/images.novelship.com\/product\/_grade_school__air_jordan_11_retro__concord__2018__6_30647.jpeg;https:\/\/images.novelship.com\/product\/_grade_school__air_jordan_11_retro__concord__2018__7_30647.jpeg\"},{\"@type\":\"BreadcrumbList\",\"@id\":\"https:\/\/tourcruiser.com\/fr\/products\/grade-school-air-jordan-11-retro-concord-2018-378038-100\/#breadcrumb\",\"itemListElement\":[{\"@type\":\"ListItem\",\"position\":1,\"name\":\"Home\",\"item\":\"https:\/\/tourcruiser.com\/fr\/\"},{\"@type\":\"ListItem\",\"position\":2,\"name\":\"Shop\",\"item\":\"https:\/\/tourcruiser.com\/fr\/shop\/\"},{\"@type\":\"ListItem\",\"position\":3,\"name\":\"(Grade School) Air Jordan 11 Retro &#8216;Concord&#8217; 2018 378038-100\"}]},{\"@type\":\"WebSite\",\"@id\":\"\/#website\",\"url\":\"\/\",\"name\":\"Styloral Jewelry Shop\",\"description\":\"Tourcruiser Sneaker Store \u2014 L\u2019endroit o\u00f9 l\u2019univers rencontre votre singularit\u00e9.\",\"publisher\":{\"@id\":\"\/#organization\"},\"potentialAction\":[{\"@type\":\"SearchAction\",\"target\":{\"@type\":\"EntryPoint\",\"urlTemplate\":\"\/?s={search_term_string}\"},\"query-input\":{\"@type\":\"PropertyValueSpecification\",\"valueRequired\":true,\"valueName\":\"search_term_string\"}}],\"inLanguage\":\"fr-FR\"},{\"@type\":\"Organization\",\"@id\":\"\/#organization\",\"name\":\"STYLORAL PTE. LTD\",\"url\":\"\/\",\"logo\":{\"@type\":\"ImageObject\",\"inLanguage\":\"fr-FR\",\"@id\":\"\/#\/schema\/logo\/image\/\",\"url\":\"https:\/\/www.tourcruiser.com\/wp-content\/uploads\/2025\/12\/logo.png\",\"contentUrl\":\"https:\/\/www.tourcruiser.com\/wp-content\/uploads\/2025\/12\/logo.png\",\"width\":200,\"height\":65,\"caption\":\"STYLORAL PTE. LTD\"},\"image\":{\"@id\":\"\/#\/schema\/logo\/image\/\"}}]}<\/script>\n<!-- \/ Yoast SEO plugin. -->","yoast_head_json":{"title":"(Grade School) Air Jordan 11 Retro 'Concord' 2018 378038-100 - TOURCRUISER PTE. LTD","robots":{"index":"index","follow":"follow","max-snippet":"max-snippet:-1","max-image-preview":"max-image-preview:large","max-video-preview":"max-video-preview:-1"},"canonical":"https:\/\/tourcruiser.com\/fr\/products\/grade-school-air-jordan-11-retro-concord-2018-378038-100\/","og_locale":"fr_FR","og_type":"article","og_title":"(Grade School) Air Jordan 11 Retro 'Concord' 2018 378038-100 - TOURCRUISER PTE. LTD","og_description":"La Air Jordan 11 Retro Concord 2018 (GS) de Jordan est un incontournable pour les jeunes fans de sneakers. Son coloris blanc iconique apporte une touche classique \u00e0 toutes les tenues. Le surnom \u00ab\u00a0Concord\u00a0\u00bb souligne l&rsquo;exclusivit\u00e9 de cette sneaker r\u00e9tro. Pr\u00e9parez-vous \u00e0 faire sensation et \u00e0 affirmer votre style avec ces sneakers l\u00e9gendaires. Coloris\u00a0: Blanc\/Noir-Gris [&hellip;]","og_url":"https:\/\/tourcruiser.com\/fr\/products\/grade-school-air-jordan-11-retro-concord-2018-378038-100\/","og_site_name":"Tourcruiser Sneaker Store","article_modified_time":"2026-04-17T14:57:05+00:00","twitter_card":"summary_large_image","twitter_image":"https:\/\/images.novelship.com\/product\/_grade_school__air_jordan_11_retro__concord__2018__0_30647.jpeg;https:\/\/images.novelship.com\/product\/_grade_school__air_jordan_11_retro__concord__2018__1_30647.jpeg;https:\/\/images.novelship.com\/product\/_grade_school__air_jordan_11_retro__concord__2018__2_30647.jpeg;https:\/\/images.novelship.com\/product\/_grade_school__air_jordan_11_retro__concord__2018__3_30647.jpeg;https:\/\/images.novelship.com\/product\/_grade_school__air_jordan_11_retro__concord__2018__4_30647.jpeg;https:\/\/images.novelship.com\/product\/_grade_school__air_jordan_11_retro__concord__2018__5_30647.jpeg;https:\/\/images.novelship.com\/product\/_grade_school__air_jordan_11_retro__concord__2018__6_30647.jpeg;https:\/\/images.novelship.com\/product\/_grade_school__air_jordan_11_retro__concord__2018__7_30647.jpeg","schema":{"@context":"https:\/\/schema.org","@graph":[{"@type":"WebPage","@id":"https:\/\/tourcruiser.com\/fr\/products\/grade-school-air-jordan-11-retro-concord-2018-378038-100\/","url":"https:\/\/tourcruiser.com\/fr\/products\/grade-school-air-jordan-11-retro-concord-2018-378038-100\/","name":"(Grade School) Air Jordan 11 Retro 'Concord' 2018 378038-100 - TOURCRUISER PTE. LTD","isPartOf":{"@id":"\/#website"},"primaryImageOfPage":{"@id":"https:\/\/tourcruiser.com\/fr\/products\/grade-school-air-jordan-11-retro-concord-2018-378038-100\/#primaryimage"},"image":{"@id":"https:\/\/tourcruiser.com\/fr\/products\/grade-school-air-jordan-11-retro-concord-2018-378038-100\/#primaryimage"},"thumbnailUrl":"https:\/\/images.novelship.com\/product\/_grade_school__air_jordan_11_retro__concord__2018__0_30647.jpeg;https:\/\/images.novelship.com\/product\/_grade_school__air_jordan_11_retro__concord__2018__1_30647.jpeg;https:\/\/images.novelship.com\/product\/_grade_school__air_jordan_11_retro__concord__2018__2_30647.jpeg;https:\/\/images.novelship.com\/product\/_grade_school__air_jordan_11_retro__concord__2018__3_30647.jpeg;https:\/\/images.novelship.com\/product\/_grade_school__air_jordan_11_retro__concord__2018__4_30647.jpeg;https:\/\/images.novelship.com\/product\/_grade_school__air_jordan_11_retro__concord__2018__5_30647.jpeg;https:\/\/images.novelship.com\/product\/_grade_school__air_jordan_11_retro__concord__2018__6_30647.jpeg;https:\/\/images.novelship.com\/product\/_grade_school__air_jordan_11_retro__concord__2018__7_30647.jpeg","datePublished":"2026-04-16T10:09:02+00:00","dateModified":"2026-04-17T14:57:05+00:00","breadcrumb":{"@id":"https:\/\/tourcruiser.com\/fr\/products\/grade-school-air-jordan-11-retro-concord-2018-378038-100\/#breadcrumb"},"inLanguage":"fr-FR","potentialAction":[{"@type":"ReadAction","target":["https:\/\/tourcruiser.com\/fr\/products\/grade-school-air-jordan-11-retro-concord-2018-378038-100\/"]}]},{"@type":"ImageObject","inLanguage":"fr-FR","@id":"https:\/\/tourcruiser.com\/fr\/products\/grade-school-air-jordan-11-retro-concord-2018-378038-100\/#primaryimage","url":"https:\/\/images.novelship.com\/product\/_grade_school__air_jordan_11_retro__concord__2018__0_30647.jpeg;https:\/\/images.novelship.com\/product\/_grade_school__air_jordan_11_retro__concord__2018__1_30647.jpeg;https:\/\/images.novelship.com\/product\/_grade_school__air_jordan_11_retro__concord__2018__2_30647.jpeg;https:\/\/images.novelship.com\/product\/_grade_school__air_jordan_11_retro__concord__2018__3_30647.jpeg;https:\/\/images.novelship.com\/product\/_grade_school__air_jordan_11_retro__concord__2018__4_30647.jpeg;https:\/\/images.novelship.com\/product\/_grade_school__air_jordan_11_retro__concord__2018__5_30647.jpeg;https:\/\/images.novelship.com\/product\/_grade_school__air_jordan_11_retro__concord__2018__6_30647.jpeg;https:\/\/images.novelship.com\/product\/_grade_school__air_jordan_11_retro__concord__2018__7_30647.jpeg","contentUrl":"https:\/\/images.novelship.com\/product\/_grade_school__air_jordan_11_retro__concord__2018__0_30647.jpeg;https:\/\/images.novelship.com\/product\/_grade_school__air_jordan_11_retro__concord__2018__1_30647.jpeg;https:\/\/images.novelship.com\/product\/_grade_school__air_jordan_11_retro__concord__2018__2_30647.jpeg;https:\/\/images.novelship.com\/product\/_grade_school__air_jordan_11_retro__concord__2018__3_30647.jpeg;https:\/\/images.novelship.com\/product\/_grade_school__air_jordan_11_retro__concord__2018__4_30647.jpeg;https:\/\/images.novelship.com\/product\/_grade_school__air_jordan_11_retro__concord__2018__5_30647.jpeg;https:\/\/images.novelship.com\/product\/_grade_school__air_jordan_11_retro__concord__2018__6_30647.jpeg;https:\/\/images.novelship.com\/product\/_grade_school__air_jordan_11_retro__concord__2018__7_30647.jpeg"},{"@type":"BreadcrumbList","@id":"https:\/\/tourcruiser.com\/fr\/products\/grade-school-air-jordan-11-retro-concord-2018-378038-100\/#breadcrumb","itemListElement":[{"@type":"ListItem","position":1,"name":"Home","item":"https:\/\/tourcruiser.com\/fr\/"},{"@type":"ListItem","position":2,"name":"Shop","item":"https:\/\/tourcruiser.com\/fr\/shop\/"},{"@type":"ListItem","position":3,"name":"(Grade School) Air Jordan 11 Retro &#8216;Concord&#8217; 2018 378038-100"}]},{"@type":"WebSite","@id":"\/#website","url":"\/","name":"Styloral Jewelry Shop","description":"Tourcruiser Sneaker Store \u2014 L\u2019endroit o\u00f9 l\u2019univers rencontre votre singularit\u00e9.","publisher":{"@id":"\/#organization"},"potentialAction":[{"@type":"SearchAction","target":{"@type":"EntryPoint","urlTemplate":"\/?s={search_term_string}"},"query-input":{"@type":"PropertyValueSpecification","valueRequired":true,"valueName":"search_term_string"}}],"inLanguage":"fr-FR"},{"@type":"Organization","@id":"\/#organization","name":"STYLORAL PTE. LTD","url":"\/","logo":{"@type":"ImageObject","inLanguage":"fr-FR","@id":"\/#\/schema\/logo\/image\/","url":"https:\/\/www.tourcruiser.com\/wp-content\/uploads\/2025\/12\/logo.png","contentUrl":"https:\/\/www.tourcruiser.com\/wp-content\/uploads\/2025\/12\/logo.png","width":200,"height":65,"caption":"STYLORAL PTE. LTD"},"image":{"@id":"\/#\/schema\/logo\/image\/"}}]}},"_links":{"self":[{"href":"https:\/\/tourcruiser.com\/fr\/wp-json\/wp\/v2\/product\/760927","targetHints":{"allow":["GET"]}}],"collection":[{"href":"https:\/\/tourcruiser.com\/fr\/wp-json\/wp\/v2\/product"}],"about":[{"href":"https:\/\/tourcruiser.com\/fr\/wp-json\/wp\/v2\/types\/product"}],"replies":[{"embeddable":true,"href":"https:\/\/tourcruiser.com\/fr\/wp-json\/wp\/v2\/comments?post=760927"}],"wp:featuredmedia":[{"embeddable":true,"href":"https:\/\/tourcruiser.com\/fr\/wp-json\/wp\/v2\/media\/760928"}],"wp:attachment":[{"href":"https:\/\/tourcruiser.com\/fr\/wp-json\/wp\/v2\/media?parent=760927"}],"wp:term":[{"taxonomy":"product_brand","embeddable":true,"href":"https:\/\/tourcruiser.com\/fr\/wp-json\/wp\/v2\/product_brand?post=760927"},{"taxonomy":"product_cat","embeddable":true,"href":"https:\/\/tourcruiser.com\/fr\/wp-json\/wp\/v2\/product_cat?post=760927"},{"taxonomy":"product_tag","embeddable":true,"href":"https:\/\/tourcruiser.com\/fr\/wp-json\/wp\/v2\/product_tag?post=760927"}],"curies":[{"name":"wp","href":"https:\/\/api.w.org\/{rel}","templated":true}]}}