{"id":760900,"date":"2026-04-16T17:09:01","date_gmt":"2026-04-16T10:09:01","guid":{"rendered":"http:\/\/tourcruiser.com\/product\/3m-x-adidas-nite-jogger-3m-logo-printmetal-grey-fv3622"},"modified":"2026-04-17T22:51:28","modified_gmt":"2026-04-17T15:51:28","slug":"3m-x-adidas-nite-jogger-3m-logo-printmetal-grey-fv3622","status":"publish","type":"product","link":"https:\/\/tourcruiser.com\/fr\/products\/3m-x-adidas-nite-jogger-3m-logo-printmetal-grey-fv3622\/","title":{"rendered":"3M x adidas Nite Jogger &lsquo;3M Logo Print &#8211; Metal Grey&rsquo; FV3622"},"content":{"rendered":"<p>La adidas Nite Jogger 3M Logo Print \u2013 Gris M\u00e9tallis\u00e9 est une sneaker \u00e9l\u00e9gante, fruit de la collaboration entre 3M et adidas. Son coloris gris m\u00e9tallis\u00e9, \u00e0 la fois \u00e9l\u00e9gant et moderne, et son logo 3M r\u00e9fl\u00e9chissant lui conf\u00e8rent une touche unique. Id\u00e9ale pour celles et ceux qui recherchent une sneaker d&rsquo;exception alliant style et fonctionnalit\u00e9.<\/p>\n<p>Coloris\u00a0: Gris M\u00e9tallis\u00e9\/Argent M\u00e9tallis\u00e9\/Gris M\u00e9tallis\u00e9<\/p>\n<p>Code article\u00a0: FV3622<\/p>\n<p>Tige\u00a0: Cuir<br \/>\nSemelle interm\u00e9diaire\u00a0: Boost<\/p>\n<p>Couleur\u00a0: Gris<\/p>\n<p>\u00c2ge\u00a0: Adulte<\/p>\n<p>Genre\u00a0: Homme<\/p>\n","protected":false},"excerpt":{"rendered":"<p>La adidas Nite Jogger 3M Logo Print \u2013 Gris M\u00e9tallis\u00e9 est une sneaker \u00e9l\u00e9gante, fruit de la collaboration entre 3M et adidas. Son coloris gris m\u00e9tallis\u00e9, \u00e0 la fois \u00e9l\u00e9gant et moderne, et son logo 3M r\u00e9fl\u00e9chissant lui conf\u00e8rent une touche unique. Id\u00e9ale pour celles et ceux qui recherchent une sneaker d&rsquo;exception alliant style et [&hellip;]<\/p>\n","protected":false},"featured_media":760901,"comment_status":"open","ping_status":"closed","template":"","meta":[],"product_brand":[],"product_cat":[10760],"product_tag":[10759,10750,38841,38842,38894,10768],"class_list":{"0":"post-760900","1":"product","2":"type-product","3":"status-publish","4":"has-post-thumbnail","6":"product_cat-adidas","7":"product_tag-adidas","8":"product_tag-athleisure-shoes","9":"product_tag-casual-shoes","10":"product_tag-gift-idea-for-him","11":"product_tag-lifestyle-shoes-running-shoes","12":"product_tag-retro-running-shoes","13":"wcpa_has_options","15":"first","16":"instock","17":"taxable","18":"shipping-taxable","19":"purchasable","20":"product-type-simple"},"wcpa_form_fields":{"rules":{"pric_overide_base_price":false,"pric_overide_base_price_if_gt_zero":false,"pric_overide_base_price_fully":false,"pric_cal_option_once":false,"pric_use_as_fee":false,"bind_quantity":false,"quantity_bind_formula":false},"fields":[{"type":"color-group","required":true,"elementId":"wcpa-color-group-66c4a7f817afe","label":"Taille","inline":true,"priceOptions":"different_for_all","pricingType":"fixed","className":"hassizechart product-shoes-size-eu product-shoes-size","name":"color-group-66c4a7f817b18","disp_type":"square","selection_type":"tick-border","disp_size":"50","show_label_inside":true,"adjust_width":true,"cart_display_type":"text","other_text":"Other","cl_rule":"show","col":6,"values":[{"label":"35","value":"EU 35","price":"","pimage":"","pimage_id":"","pthumb":"","color":""},{"label":"35.5","value":"EU 35.5","price":"","pimage":"","pimage_id":"","pthumb":"","color":""},{"label":"36","value":"EU 36","price":"","pimage":"","pimage_id":"","pthumb":"","color":"","selected":true},{"label":"36 2\/3","value":"EU 36 2\/3","price":"","pimage":"","pimage_id":"","pthumb":"","color":""},{"label":"37 1\/3","value":"EU 37 1\/3","price":"","pimage":"","pimage_id":"","pthumb":"","color":""},{"label":"38","value":"EU 38","price":"","pimage":"","pimage_id":"","pthumb":"","color":""},{"label":"38 2\/3","value":"EU 38 2\/3","price":"","pimage":"","pimage_id":"","pthumb":"","color":""},{"label":"39 1\/3","value":"EU 39 1\/3","price":"","pimage":"","pimage_id":"","pthumb":"","color":""},{"label":"40","value":"EU 40","price":"","pimage":"","pimage_id":"","pthumb":"","color":""},{"label":"40 2\/3","value":"EU 40 2\/3","price":"","pimage":"","pimage_id":"","pthumb":"","color":""},{"label":"41 1\/3","value":"EU 41 1\/3","price":"","pimage":"","pimage_id":"","pthumb":"","color":""},{"label":"42","value":"EU 42","price":"","pimage":"","pimage_id":"","pthumb":"","color":""},{"label":"42 2\/3","value":"EU 42 2\/3","price":"","pimage":"","pimage_id":"","pthumb":"","color":""},{"label":"43 1\/3","value":"EU 43 1\/3","price":"","pimage":"","pimage_id":"","pthumb":"","color":""},{"label":"44","value":"EU 44","price":"","pimage":"","pimage_id":"","pthumb":"","color":""},{"label":"44 2\/3","value":"EU 44 2\/3","price":"","pimage":"","pimage_id":"","pthumb":"","color":""},{"label":"45 1\/3","value":"EU 45 1\/3","price":"","pimage":"","pimage_id":"","pthumb":"","color":""},{"label":"46","value":"EU 46","price":"","pimage":"","pimage_id":"","pthumb":"","color":""},{"label":"46 2\/3","value":"EU 46 2\/3","price":"","pimage":"","pimage_id":"","pthumb":"","color":""},{"label":"47 1\/3","value":"EU 47 1\/3","price":"","pimage":"","pimage_id":"","pthumb":"","color":""}],"relations":[{"operator":false,"rules":[]}],"form_id":24802,"form_rules":{"pric_cal_option_once":false,"exclude_from_discount":false,"pric_use_as_fee":false,"fee_label":"Fee","render_after_acb":false,"disp_hide_options_price":false}}]},"yoast_head":"<!-- This site is optimized with the Yoast SEO plugin v26.5 - https:\/\/yoast.com\/wordpress\/plugins\/seo\/ -->\n<title>3M x adidas Nite Jogger &#039;3M Logo Print - Metal Grey&#039; FV3622 - TOURCRUISER PTE. LTD<\/title>\n<meta name=\"robots\" content=\"index, follow, max-snippet:-1, max-image-preview:large, max-video-preview:-1\" \/>\n<link rel=\"canonical\" href=\"https:\/\/tourcruiser.com\/fr\/products\/3m-x-adidas-nite-jogger-3m-logo-printmetal-grey-fv3622\/\" \/>\n<meta property=\"og:locale\" content=\"fr_FR\" \/>\n<meta property=\"og:type\" content=\"article\" \/>\n<meta property=\"og:title\" content=\"3M x adidas Nite Jogger &#039;3M Logo Print - Metal Grey&#039; FV3622 - TOURCRUISER PTE. LTD\" \/>\n<meta property=\"og:description\" content=\"La adidas Nite Jogger 3M Logo Print \u2013 Gris M\u00e9tallis\u00e9 est une sneaker \u00e9l\u00e9gante, fruit de la collaboration entre 3M et adidas. Son coloris gris m\u00e9tallis\u00e9, \u00e0 la fois \u00e9l\u00e9gant et moderne, et son logo 3M r\u00e9fl\u00e9chissant lui conf\u00e8rent une touche unique. Id\u00e9ale pour celles et ceux qui recherchent une sneaker d&rsquo;exception alliant style et [&hellip;]\" \/>\n<meta property=\"og:url\" content=\"https:\/\/tourcruiser.com\/fr\/products\/3m-x-adidas-nite-jogger-3m-logo-printmetal-grey-fv3622\/\" \/>\n<meta property=\"og:site_name\" content=\"Tourcruiser Sneaker Store\" \/>\n<meta property=\"article:modified_time\" content=\"2026-04-17T15:51:28+00:00\" \/>\n<meta name=\"twitter:card\" content=\"summary_large_image\" \/>\n<meta name=\"twitter:image\" content=\"https:\/\/images.novelship.com\/product\/3m_x_adidas_nite_jogger__3m_logo_print___metal_gre_0_18557.jpeg;https:\/\/images.novelship.com\/product\/3m_x_adidas_nite_jogger__3m_logo_print___metal_gre_1_18557.jpeg;https:\/\/images.novelship.com\/product\/3m_x_adidas_nite_jogger__3m_logo_print___metal_gre_2_18557.jpeg;https:\/\/images.novelship.com\/product\/3m_x_adidas_nite_jogger__3m_logo_print___metal_gre_3_18557.jpeg;https:\/\/images.novelship.com\/product\/3m_x_adidas_nite_jogger__3m_logo_print___metal_gre_4_18557.jpeg;https:\/\/images.novelship.com\/product\/3m_x_adidas_nite_jogger__3m_logo_print___metal_gre_5_18557.jpeg;https:\/\/images.novelship.com\/product\/3m_x_adidas_nite_jogger__3m_logo_print___metal_gre_6_18557.jpeg;https:\/\/images.novelship.com\/product\/3m_x_adidas_nite_jogger__3m_logo_print___metal_gre_7_18557.jpeg\" \/>\n<script type=\"application\/ld+json\" class=\"yoast-schema-graph\">{\"@context\":\"https:\/\/schema.org\",\"@graph\":[{\"@type\":\"WebPage\",\"@id\":\"https:\/\/tourcruiser.com\/fr\/products\/3m-x-adidas-nite-jogger-3m-logo-printmetal-grey-fv3622\/\",\"url\":\"https:\/\/tourcruiser.com\/fr\/products\/3m-x-adidas-nite-jogger-3m-logo-printmetal-grey-fv3622\/\",\"name\":\"3M x adidas Nite Jogger '3M Logo Print - Metal Grey' FV3622 - TOURCRUISER PTE. LTD\",\"isPartOf\":{\"@id\":\"\/#website\"},\"primaryImageOfPage\":{\"@id\":\"https:\/\/tourcruiser.com\/fr\/products\/3m-x-adidas-nite-jogger-3m-logo-printmetal-grey-fv3622\/#primaryimage\"},\"image\":{\"@id\":\"https:\/\/tourcruiser.com\/fr\/products\/3m-x-adidas-nite-jogger-3m-logo-printmetal-grey-fv3622\/#primaryimage\"},\"thumbnailUrl\":\"https:\/\/images.novelship.com\/product\/3m_x_adidas_nite_jogger__3m_logo_print___metal_gre_0_18557.jpeg;https:\/\/images.novelship.com\/product\/3m_x_adidas_nite_jogger__3m_logo_print___metal_gre_1_18557.jpeg;https:\/\/images.novelship.com\/product\/3m_x_adidas_nite_jogger__3m_logo_print___metal_gre_2_18557.jpeg;https:\/\/images.novelship.com\/product\/3m_x_adidas_nite_jogger__3m_logo_print___metal_gre_3_18557.jpeg;https:\/\/images.novelship.com\/product\/3m_x_adidas_nite_jogger__3m_logo_print___metal_gre_4_18557.jpeg;https:\/\/images.novelship.com\/product\/3m_x_adidas_nite_jogger__3m_logo_print___metal_gre_5_18557.jpeg;https:\/\/images.novelship.com\/product\/3m_x_adidas_nite_jogger__3m_logo_print___metal_gre_6_18557.jpeg;https:\/\/images.novelship.com\/product\/3m_x_adidas_nite_jogger__3m_logo_print___metal_gre_7_18557.jpeg\",\"datePublished\":\"2026-04-16T10:09:01+00:00\",\"dateModified\":\"2026-04-17T15:51:28+00:00\",\"breadcrumb\":{\"@id\":\"https:\/\/tourcruiser.com\/fr\/products\/3m-x-adidas-nite-jogger-3m-logo-printmetal-grey-fv3622\/#breadcrumb\"},\"inLanguage\":\"fr-FR\",\"potentialAction\":[{\"@type\":\"ReadAction\",\"target\":[\"https:\/\/tourcruiser.com\/fr\/products\/3m-x-adidas-nite-jogger-3m-logo-printmetal-grey-fv3622\/\"]}]},{\"@type\":\"ImageObject\",\"inLanguage\":\"fr-FR\",\"@id\":\"https:\/\/tourcruiser.com\/fr\/products\/3m-x-adidas-nite-jogger-3m-logo-printmetal-grey-fv3622\/#primaryimage\",\"url\":\"https:\/\/images.novelship.com\/product\/3m_x_adidas_nite_jogger__3m_logo_print___metal_gre_0_18557.jpeg;https:\/\/images.novelship.com\/product\/3m_x_adidas_nite_jogger__3m_logo_print___metal_gre_1_18557.jpeg;https:\/\/images.novelship.com\/product\/3m_x_adidas_nite_jogger__3m_logo_print___metal_gre_2_18557.jpeg;https:\/\/images.novelship.com\/product\/3m_x_adidas_nite_jogger__3m_logo_print___metal_gre_3_18557.jpeg;https:\/\/images.novelship.com\/product\/3m_x_adidas_nite_jogger__3m_logo_print___metal_gre_4_18557.jpeg;https:\/\/images.novelship.com\/product\/3m_x_adidas_nite_jogger__3m_logo_print___metal_gre_5_18557.jpeg;https:\/\/images.novelship.com\/product\/3m_x_adidas_nite_jogger__3m_logo_print___metal_gre_6_18557.jpeg;https:\/\/images.novelship.com\/product\/3m_x_adidas_nite_jogger__3m_logo_print___metal_gre_7_18557.jpeg\",\"contentUrl\":\"https:\/\/images.novelship.com\/product\/3m_x_adidas_nite_jogger__3m_logo_print___metal_gre_0_18557.jpeg;https:\/\/images.novelship.com\/product\/3m_x_adidas_nite_jogger__3m_logo_print___metal_gre_1_18557.jpeg;https:\/\/images.novelship.com\/product\/3m_x_adidas_nite_jogger__3m_logo_print___metal_gre_2_18557.jpeg;https:\/\/images.novelship.com\/product\/3m_x_adidas_nite_jogger__3m_logo_print___metal_gre_3_18557.jpeg;https:\/\/images.novelship.com\/product\/3m_x_adidas_nite_jogger__3m_logo_print___metal_gre_4_18557.jpeg;https:\/\/images.novelship.com\/product\/3m_x_adidas_nite_jogger__3m_logo_print___metal_gre_5_18557.jpeg;https:\/\/images.novelship.com\/product\/3m_x_adidas_nite_jogger__3m_logo_print___metal_gre_6_18557.jpeg;https:\/\/images.novelship.com\/product\/3m_x_adidas_nite_jogger__3m_logo_print___metal_gre_7_18557.jpeg\"},{\"@type\":\"BreadcrumbList\",\"@id\":\"https:\/\/tourcruiser.com\/fr\/products\/3m-x-adidas-nite-jogger-3m-logo-printmetal-grey-fv3622\/#breadcrumb\",\"itemListElement\":[{\"@type\":\"ListItem\",\"position\":1,\"name\":\"Home\",\"item\":\"https:\/\/tourcruiser.com\/fr\/\"},{\"@type\":\"ListItem\",\"position\":2,\"name\":\"Shop\",\"item\":\"https:\/\/tourcruiser.com\/fr\/shop\/\"},{\"@type\":\"ListItem\",\"position\":3,\"name\":\"3M x adidas Nite Jogger &#8216;3M Logo Print &#8211; Metal Grey&#8217; FV3622\"}]},{\"@type\":\"WebSite\",\"@id\":\"\/#website\",\"url\":\"\/\",\"name\":\"Styloral Jewelry Shop\",\"description\":\"Tourcruiser Sneaker Store \u2014 L\u2019endroit o\u00f9 l\u2019univers rencontre votre singularit\u00e9.\",\"publisher\":{\"@id\":\"\/#organization\"},\"potentialAction\":[{\"@type\":\"SearchAction\",\"target\":{\"@type\":\"EntryPoint\",\"urlTemplate\":\"\/?s={search_term_string}\"},\"query-input\":{\"@type\":\"PropertyValueSpecification\",\"valueRequired\":true,\"valueName\":\"search_term_string\"}}],\"inLanguage\":\"fr-FR\"},{\"@type\":\"Organization\",\"@id\":\"\/#organization\",\"name\":\"STYLORAL PTE. LTD\",\"url\":\"\/\",\"logo\":{\"@type\":\"ImageObject\",\"inLanguage\":\"fr-FR\",\"@id\":\"\/#\/schema\/logo\/image\/\",\"url\":\"https:\/\/www.tourcruiser.com\/wp-content\/uploads\/2025\/12\/logo.png\",\"contentUrl\":\"https:\/\/www.tourcruiser.com\/wp-content\/uploads\/2025\/12\/logo.png\",\"width\":200,\"height\":65,\"caption\":\"STYLORAL PTE. LTD\"},\"image\":{\"@id\":\"\/#\/schema\/logo\/image\/\"}}]}<\/script>\n<!-- \/ Yoast SEO plugin. -->","yoast_head_json":{"title":"3M x adidas Nite Jogger '3M Logo Print - Metal Grey' FV3622 - TOURCRUISER PTE. LTD","robots":{"index":"index","follow":"follow","max-snippet":"max-snippet:-1","max-image-preview":"max-image-preview:large","max-video-preview":"max-video-preview:-1"},"canonical":"https:\/\/tourcruiser.com\/fr\/products\/3m-x-adidas-nite-jogger-3m-logo-printmetal-grey-fv3622\/","og_locale":"fr_FR","og_type":"article","og_title":"3M x adidas Nite Jogger '3M Logo Print - Metal Grey' FV3622 - TOURCRUISER PTE. LTD","og_description":"La adidas Nite Jogger 3M Logo Print \u2013 Gris M\u00e9tallis\u00e9 est une sneaker \u00e9l\u00e9gante, fruit de la collaboration entre 3M et adidas. Son coloris gris m\u00e9tallis\u00e9, \u00e0 la fois \u00e9l\u00e9gant et moderne, et son logo 3M r\u00e9fl\u00e9chissant lui conf\u00e8rent une touche unique. Id\u00e9ale pour celles et ceux qui recherchent une sneaker d&rsquo;exception alliant style et [&hellip;]","og_url":"https:\/\/tourcruiser.com\/fr\/products\/3m-x-adidas-nite-jogger-3m-logo-printmetal-grey-fv3622\/","og_site_name":"Tourcruiser Sneaker Store","article_modified_time":"2026-04-17T15:51:28+00:00","twitter_card":"summary_large_image","twitter_image":"https:\/\/images.novelship.com\/product\/3m_x_adidas_nite_jogger__3m_logo_print___metal_gre_0_18557.jpeg;https:\/\/images.novelship.com\/product\/3m_x_adidas_nite_jogger__3m_logo_print___metal_gre_1_18557.jpeg;https:\/\/images.novelship.com\/product\/3m_x_adidas_nite_jogger__3m_logo_print___metal_gre_2_18557.jpeg;https:\/\/images.novelship.com\/product\/3m_x_adidas_nite_jogger__3m_logo_print___metal_gre_3_18557.jpeg;https:\/\/images.novelship.com\/product\/3m_x_adidas_nite_jogger__3m_logo_print___metal_gre_4_18557.jpeg;https:\/\/images.novelship.com\/product\/3m_x_adidas_nite_jogger__3m_logo_print___metal_gre_5_18557.jpeg;https:\/\/images.novelship.com\/product\/3m_x_adidas_nite_jogger__3m_logo_print___metal_gre_6_18557.jpeg;https:\/\/images.novelship.com\/product\/3m_x_adidas_nite_jogger__3m_logo_print___metal_gre_7_18557.jpeg","schema":{"@context":"https:\/\/schema.org","@graph":[{"@type":"WebPage","@id":"https:\/\/tourcruiser.com\/fr\/products\/3m-x-adidas-nite-jogger-3m-logo-printmetal-grey-fv3622\/","url":"https:\/\/tourcruiser.com\/fr\/products\/3m-x-adidas-nite-jogger-3m-logo-printmetal-grey-fv3622\/","name":"3M x adidas Nite Jogger '3M Logo Print - Metal Grey' FV3622 - TOURCRUISER PTE. LTD","isPartOf":{"@id":"\/#website"},"primaryImageOfPage":{"@id":"https:\/\/tourcruiser.com\/fr\/products\/3m-x-adidas-nite-jogger-3m-logo-printmetal-grey-fv3622\/#primaryimage"},"image":{"@id":"https:\/\/tourcruiser.com\/fr\/products\/3m-x-adidas-nite-jogger-3m-logo-printmetal-grey-fv3622\/#primaryimage"},"thumbnailUrl":"https:\/\/images.novelship.com\/product\/3m_x_adidas_nite_jogger__3m_logo_print___metal_gre_0_18557.jpeg;https:\/\/images.novelship.com\/product\/3m_x_adidas_nite_jogger__3m_logo_print___metal_gre_1_18557.jpeg;https:\/\/images.novelship.com\/product\/3m_x_adidas_nite_jogger__3m_logo_print___metal_gre_2_18557.jpeg;https:\/\/images.novelship.com\/product\/3m_x_adidas_nite_jogger__3m_logo_print___metal_gre_3_18557.jpeg;https:\/\/images.novelship.com\/product\/3m_x_adidas_nite_jogger__3m_logo_print___metal_gre_4_18557.jpeg;https:\/\/images.novelship.com\/product\/3m_x_adidas_nite_jogger__3m_logo_print___metal_gre_5_18557.jpeg;https:\/\/images.novelship.com\/product\/3m_x_adidas_nite_jogger__3m_logo_print___metal_gre_6_18557.jpeg;https:\/\/images.novelship.com\/product\/3m_x_adidas_nite_jogger__3m_logo_print___metal_gre_7_18557.jpeg","datePublished":"2026-04-16T10:09:01+00:00","dateModified":"2026-04-17T15:51:28+00:00","breadcrumb":{"@id":"https:\/\/tourcruiser.com\/fr\/products\/3m-x-adidas-nite-jogger-3m-logo-printmetal-grey-fv3622\/#breadcrumb"},"inLanguage":"fr-FR","potentialAction":[{"@type":"ReadAction","target":["https:\/\/tourcruiser.com\/fr\/products\/3m-x-adidas-nite-jogger-3m-logo-printmetal-grey-fv3622\/"]}]},{"@type":"ImageObject","inLanguage":"fr-FR","@id":"https:\/\/tourcruiser.com\/fr\/products\/3m-x-adidas-nite-jogger-3m-logo-printmetal-grey-fv3622\/#primaryimage","url":"https:\/\/images.novelship.com\/product\/3m_x_adidas_nite_jogger__3m_logo_print___metal_gre_0_18557.jpeg;https:\/\/images.novelship.com\/product\/3m_x_adidas_nite_jogger__3m_logo_print___metal_gre_1_18557.jpeg;https:\/\/images.novelship.com\/product\/3m_x_adidas_nite_jogger__3m_logo_print___metal_gre_2_18557.jpeg;https:\/\/images.novelship.com\/product\/3m_x_adidas_nite_jogger__3m_logo_print___metal_gre_3_18557.jpeg;https:\/\/images.novelship.com\/product\/3m_x_adidas_nite_jogger__3m_logo_print___metal_gre_4_18557.jpeg;https:\/\/images.novelship.com\/product\/3m_x_adidas_nite_jogger__3m_logo_print___metal_gre_5_18557.jpeg;https:\/\/images.novelship.com\/product\/3m_x_adidas_nite_jogger__3m_logo_print___metal_gre_6_18557.jpeg;https:\/\/images.novelship.com\/product\/3m_x_adidas_nite_jogger__3m_logo_print___metal_gre_7_18557.jpeg","contentUrl":"https:\/\/images.novelship.com\/product\/3m_x_adidas_nite_jogger__3m_logo_print___metal_gre_0_18557.jpeg;https:\/\/images.novelship.com\/product\/3m_x_adidas_nite_jogger__3m_logo_print___metal_gre_1_18557.jpeg;https:\/\/images.novelship.com\/product\/3m_x_adidas_nite_jogger__3m_logo_print___metal_gre_2_18557.jpeg;https:\/\/images.novelship.com\/product\/3m_x_adidas_nite_jogger__3m_logo_print___metal_gre_3_18557.jpeg;https:\/\/images.novelship.com\/product\/3m_x_adidas_nite_jogger__3m_logo_print___metal_gre_4_18557.jpeg;https:\/\/images.novelship.com\/product\/3m_x_adidas_nite_jogger__3m_logo_print___metal_gre_5_18557.jpeg;https:\/\/images.novelship.com\/product\/3m_x_adidas_nite_jogger__3m_logo_print___metal_gre_6_18557.jpeg;https:\/\/images.novelship.com\/product\/3m_x_adidas_nite_jogger__3m_logo_print___metal_gre_7_18557.jpeg"},{"@type":"BreadcrumbList","@id":"https:\/\/tourcruiser.com\/fr\/products\/3m-x-adidas-nite-jogger-3m-logo-printmetal-grey-fv3622\/#breadcrumb","itemListElement":[{"@type":"ListItem","position":1,"name":"Home","item":"https:\/\/tourcruiser.com\/fr\/"},{"@type":"ListItem","position":2,"name":"Shop","item":"https:\/\/tourcruiser.com\/fr\/shop\/"},{"@type":"ListItem","position":3,"name":"3M x adidas Nite Jogger &#8216;3M Logo Print &#8211; Metal Grey&#8217; FV3622"}]},{"@type":"WebSite","@id":"\/#website","url":"\/","name":"Styloral Jewelry Shop","description":"Tourcruiser Sneaker Store \u2014 L\u2019endroit o\u00f9 l\u2019univers rencontre votre singularit\u00e9.","publisher":{"@id":"\/#organization"},"potentialAction":[{"@type":"SearchAction","target":{"@type":"EntryPoint","urlTemplate":"\/?s={search_term_string}"},"query-input":{"@type":"PropertyValueSpecification","valueRequired":true,"valueName":"search_term_string"}}],"inLanguage":"fr-FR"},{"@type":"Organization","@id":"\/#organization","name":"STYLORAL PTE. LTD","url":"\/","logo":{"@type":"ImageObject","inLanguage":"fr-FR","@id":"\/#\/schema\/logo\/image\/","url":"https:\/\/www.tourcruiser.com\/wp-content\/uploads\/2025\/12\/logo.png","contentUrl":"https:\/\/www.tourcruiser.com\/wp-content\/uploads\/2025\/12\/logo.png","width":200,"height":65,"caption":"STYLORAL PTE. LTD"},"image":{"@id":"\/#\/schema\/logo\/image\/"}}]}},"_links":{"self":[{"href":"https:\/\/tourcruiser.com\/fr\/wp-json\/wp\/v2\/product\/760900","targetHints":{"allow":["GET"]}}],"collection":[{"href":"https:\/\/tourcruiser.com\/fr\/wp-json\/wp\/v2\/product"}],"about":[{"href":"https:\/\/tourcruiser.com\/fr\/wp-json\/wp\/v2\/types\/product"}],"replies":[{"embeddable":true,"href":"https:\/\/tourcruiser.com\/fr\/wp-json\/wp\/v2\/comments?post=760900"}],"wp:featuredmedia":[{"embeddable":true,"href":"https:\/\/tourcruiser.com\/fr\/wp-json\/wp\/v2\/media\/760901"}],"wp:attachment":[{"href":"https:\/\/tourcruiser.com\/fr\/wp-json\/wp\/v2\/media?parent=760900"}],"wp:term":[{"taxonomy":"product_brand","embeddable":true,"href":"https:\/\/tourcruiser.com\/fr\/wp-json\/wp\/v2\/product_brand?post=760900"},{"taxonomy":"product_cat","embeddable":true,"href":"https:\/\/tourcruiser.com\/fr\/wp-json\/wp\/v2\/product_cat?post=760900"},{"taxonomy":"product_tag","embeddable":true,"href":"https:\/\/tourcruiser.com\/fr\/wp-json\/wp\/v2\/product_tag?post=760900"}],"curies":[{"name":"wp","href":"https:\/\/api.w.org\/{rel}","templated":true}]}}