{"id":760891,"date":"2026-04-16T17:09:01","date_gmt":"2026-04-16T10:09:01","guid":{"rendered":"http:\/\/tourcruiser.com\/product\/air-jordan-4-retro-ls-legend-blue-314254-107"},"modified":"2026-04-17T22:51:27","modified_gmt":"2026-04-17T15:51:27","slug":"air-jordan-4-retro-ls-legend-blue-314254-107","status":"publish","type":"product","link":"https:\/\/tourcruiser.com\/fr\/products\/air-jordan-4-retro-ls-legend-blue-314254-107\/","title":{"rendered":"Air Jordan 4 Retro LS &lsquo;Legend Blue&rsquo; 314254-107"},"content":{"rendered":"<p>Rehaussez votre style sneakers d&rsquo;une touche de sophistication avec la Air Jordan 4 Retro LS \u00ab Legend Blue \u00bb 314254-107. Ce mod\u00e8le iconique c\u00e9l\u00e8bre un design classique et pr\u00e9sente une empeigne en cuir blanc premium, sublim\u00e9e par des d\u00e9tails Legend Blue et Midnight Navy. L&rsquo;unit\u00e9 Air-Sole embl\u00e9matique offre un confort in\u00e9gal\u00e9, tandis que les empi\u00e8cements en mesh respirant assurent une ventilation optimale. Cette sneaker intemporelle est id\u00e9ale pour les collectionneurs comme pour les athl\u00e8tes, alliant style et performance \u2013 un incontournable de toute collection.<\/p>\n<p>Coloris : Blanc\/Legend Blue\/Midnight Navy<br \/>\nR\u00e9f\u00e9rence : 314254-107<br \/>\nMati\u00e8re de l&#8217;empeigne : Cuir<br \/>\nSemelle interm\u00e9diaire : Air<br \/>\nCouleur : Blanc<br \/>\nCr\u00e9ateur : Tinker Hatfield<br \/>\nSaison : Hiver<br \/>\nAnn\u00e9e de sortie : 2015<\/p>\n<p>\u00c2ge : Adulte<br \/>\nCouleur : Blanc<br \/>\nGenre : Homme<\/p>\n","protected":false},"excerpt":{"rendered":"<p>Rehaussez votre style sneakers d&rsquo;une touche de sophistication avec la Air Jordan 4 Retro LS \u00ab Legend Blue \u00bb 314254-107. Ce mod\u00e8le iconique c\u00e9l\u00e8bre un design classique et pr\u00e9sente une empeigne en cuir blanc premium, sublim\u00e9e par des d\u00e9tails Legend Blue et Midnight Navy. L&rsquo;unit\u00e9 Air-Sole embl\u00e9matique offre un confort in\u00e9gal\u00e9, tandis que les empi\u00e8cements [&hellip;]<\/p>\n","protected":false},"featured_media":760892,"comment_status":"open","ping_status":"closed","template":"","meta":[],"product_brand":[],"product_cat":[38880],"product_tag":[10800,38841,39257,38840,10776,11349,38875,10756,38866,38902],"class_list":{"0":"post-760891","1":"product","2":"type-product","3":"status-publish","4":"has-post-thumbnail","6":"product_cat-jordan","7":"product_tag-basketball-shoes","8":"product_tag-casual-shoes","9":"product_tag-casual-shoes-inspired-by-basketball","10":"product_tag-gift-ideas-for-him","11":"product_tag-jordan","12":"product_tag-jordan-basketball-shoes","13":"product_tag-jordan-skateboard-shoes","14":"product_tag-retro-casual-shoes","15":"product_tag-sports-shoes","16":"product_tag-trendy-offers","18":"first","19":"instock","20":"taxable","21":"shipping-taxable","22":"purchasable","23":"product-type-simple"},"wcpa_form_fields":null,"yoast_head":"<!-- This site is optimized with the Yoast SEO plugin v26.5 - https:\/\/yoast.com\/wordpress\/plugins\/seo\/ -->\n<title>Air Jordan 4 Retro LS &#039;Legend Blue&#039; 314254-107 - TOURCRUISER PTE. LTD<\/title>\n<meta name=\"robots\" content=\"index, follow, max-snippet:-1, max-image-preview:large, max-video-preview:-1\" \/>\n<link rel=\"canonical\" href=\"https:\/\/tourcruiser.com\/fr\/products\/air-jordan-4-retro-ls-legend-blue-314254-107\/\" \/>\n<meta property=\"og:locale\" content=\"fr_FR\" \/>\n<meta property=\"og:type\" content=\"article\" \/>\n<meta property=\"og:title\" content=\"Air Jordan 4 Retro LS &#039;Legend Blue&#039; 314254-107 - TOURCRUISER PTE. LTD\" \/>\n<meta property=\"og:description\" content=\"Rehaussez votre style sneakers d&rsquo;une touche de sophistication avec la Air Jordan 4 Retro LS \u00ab Legend Blue \u00bb 314254-107. Ce mod\u00e8le iconique c\u00e9l\u00e8bre un design classique et pr\u00e9sente une empeigne en cuir blanc premium, sublim\u00e9e par des d\u00e9tails Legend Blue et Midnight Navy. L&rsquo;unit\u00e9 Air-Sole embl\u00e9matique offre un confort in\u00e9gal\u00e9, tandis que les empi\u00e8cements [&hellip;]\" \/>\n<meta property=\"og:url\" content=\"https:\/\/tourcruiser.com\/fr\/products\/air-jordan-4-retro-ls-legend-blue-314254-107\/\" \/>\n<meta property=\"og:site_name\" content=\"Tourcruiser Sneaker Store\" \/>\n<meta property=\"article:modified_time\" content=\"2026-04-17T15:51:27+00:00\" \/>\n<meta name=\"twitter:card\" content=\"summary_large_image\" \/>\n<meta name=\"twitter:image\" content=\"https:\/\/images.novelship.com\/product\/air_jordan_4_retro_ls__legend_blue__314254_107_0_48898.jpeg;https:\/\/images.novelship.com\/product\/air_jordan_4_retro_ls__legend_blue__314254_107_1_48898.jpeg;https:\/\/images.novelship.com\/product\/air_jordan_4_retro_ls__legend_blue__314254_107_2_48898.jpeg;https:\/\/images.novelship.com\/product\/air_jordan_4_retro_ls__legend_blue__314254_107_3_48898.jpeg;https:\/\/images.novelship.com\/product\/air_jordan_4_retro_ls__legend_blue__314254_107_4_48898.jpeg;https:\/\/images.novelship.com\/product\/air_jordan_4_retro_ls__legend_blue__314254_107_5_48898.jpeg;https:\/\/images.novelship.com\/product\/air_jordan_4_retro_ls__legend_blue__314254_107_6_48898.jpeg;https:\/\/images.novelship.com\/product\/air_jordan_4_retro_ls__legend_blue__314254_107_7_48898.jpeg\" \/>\n<meta name=\"twitter:label1\" content=\"Dur\u00e9e de lecture estim\u00e9e\" \/>\n\t<meta name=\"twitter:data1\" content=\"1 minute\" \/>\n<script type=\"application\/ld+json\" class=\"yoast-schema-graph\">{\"@context\":\"https:\/\/schema.org\",\"@graph\":[{\"@type\":\"WebPage\",\"@id\":\"https:\/\/tourcruiser.com\/fr\/products\/air-jordan-4-retro-ls-legend-blue-314254-107\/\",\"url\":\"https:\/\/tourcruiser.com\/fr\/products\/air-jordan-4-retro-ls-legend-blue-314254-107\/\",\"name\":\"Air Jordan 4 Retro LS 'Legend Blue' 314254-107 - TOURCRUISER PTE. LTD\",\"isPartOf\":{\"@id\":\"\/#website\"},\"primaryImageOfPage\":{\"@id\":\"https:\/\/tourcruiser.com\/fr\/products\/air-jordan-4-retro-ls-legend-blue-314254-107\/#primaryimage\"},\"image\":{\"@id\":\"https:\/\/tourcruiser.com\/fr\/products\/air-jordan-4-retro-ls-legend-blue-314254-107\/#primaryimage\"},\"thumbnailUrl\":\"https:\/\/images.novelship.com\/product\/air_jordan_4_retro_ls__legend_blue__314254_107_0_48898.jpeg;https:\/\/images.novelship.com\/product\/air_jordan_4_retro_ls__legend_blue__314254_107_1_48898.jpeg;https:\/\/images.novelship.com\/product\/air_jordan_4_retro_ls__legend_blue__314254_107_2_48898.jpeg;https:\/\/images.novelship.com\/product\/air_jordan_4_retro_ls__legend_blue__314254_107_3_48898.jpeg;https:\/\/images.novelship.com\/product\/air_jordan_4_retro_ls__legend_blue__314254_107_4_48898.jpeg;https:\/\/images.novelship.com\/product\/air_jordan_4_retro_ls__legend_blue__314254_107_5_48898.jpeg;https:\/\/images.novelship.com\/product\/air_jordan_4_retro_ls__legend_blue__314254_107_6_48898.jpeg;https:\/\/images.novelship.com\/product\/air_jordan_4_retro_ls__legend_blue__314254_107_7_48898.jpeg\",\"datePublished\":\"2026-04-16T10:09:01+00:00\",\"dateModified\":\"2026-04-17T15:51:27+00:00\",\"breadcrumb\":{\"@id\":\"https:\/\/tourcruiser.com\/fr\/products\/air-jordan-4-retro-ls-legend-blue-314254-107\/#breadcrumb\"},\"inLanguage\":\"fr-FR\",\"potentialAction\":[{\"@type\":\"ReadAction\",\"target\":[\"https:\/\/tourcruiser.com\/fr\/products\/air-jordan-4-retro-ls-legend-blue-314254-107\/\"]}]},{\"@type\":\"ImageObject\",\"inLanguage\":\"fr-FR\",\"@id\":\"https:\/\/tourcruiser.com\/fr\/products\/air-jordan-4-retro-ls-legend-blue-314254-107\/#primaryimage\",\"url\":\"https:\/\/images.novelship.com\/product\/air_jordan_4_retro_ls__legend_blue__314254_107_0_48898.jpeg;https:\/\/images.novelship.com\/product\/air_jordan_4_retro_ls__legend_blue__314254_107_1_48898.jpeg;https:\/\/images.novelship.com\/product\/air_jordan_4_retro_ls__legend_blue__314254_107_2_48898.jpeg;https:\/\/images.novelship.com\/product\/air_jordan_4_retro_ls__legend_blue__314254_107_3_48898.jpeg;https:\/\/images.novelship.com\/product\/air_jordan_4_retro_ls__legend_blue__314254_107_4_48898.jpeg;https:\/\/images.novelship.com\/product\/air_jordan_4_retro_ls__legend_blue__314254_107_5_48898.jpeg;https:\/\/images.novelship.com\/product\/air_jordan_4_retro_ls__legend_blue__314254_107_6_48898.jpeg;https:\/\/images.novelship.com\/product\/air_jordan_4_retro_ls__legend_blue__314254_107_7_48898.jpeg\",\"contentUrl\":\"https:\/\/images.novelship.com\/product\/air_jordan_4_retro_ls__legend_blue__314254_107_0_48898.jpeg;https:\/\/images.novelship.com\/product\/air_jordan_4_retro_ls__legend_blue__314254_107_1_48898.jpeg;https:\/\/images.novelship.com\/product\/air_jordan_4_retro_ls__legend_blue__314254_107_2_48898.jpeg;https:\/\/images.novelship.com\/product\/air_jordan_4_retro_ls__legend_blue__314254_107_3_48898.jpeg;https:\/\/images.novelship.com\/product\/air_jordan_4_retro_ls__legend_blue__314254_107_4_48898.jpeg;https:\/\/images.novelship.com\/product\/air_jordan_4_retro_ls__legend_blue__314254_107_5_48898.jpeg;https:\/\/images.novelship.com\/product\/air_jordan_4_retro_ls__legend_blue__314254_107_6_48898.jpeg;https:\/\/images.novelship.com\/product\/air_jordan_4_retro_ls__legend_blue__314254_107_7_48898.jpeg\"},{\"@type\":\"BreadcrumbList\",\"@id\":\"https:\/\/tourcruiser.com\/fr\/products\/air-jordan-4-retro-ls-legend-blue-314254-107\/#breadcrumb\",\"itemListElement\":[{\"@type\":\"ListItem\",\"position\":1,\"name\":\"Home\",\"item\":\"https:\/\/tourcruiser.com\/fr\/\"},{\"@type\":\"ListItem\",\"position\":2,\"name\":\"Shop\",\"item\":\"https:\/\/tourcruiser.com\/fr\/shop\/\"},{\"@type\":\"ListItem\",\"position\":3,\"name\":\"Air Jordan 4 Retro LS &#8216;Legend Blue&#8217; 314254-107\"}]},{\"@type\":\"WebSite\",\"@id\":\"\/#website\",\"url\":\"\/\",\"name\":\"Styloral Jewelry Shop\",\"description\":\"Tourcruiser Sneaker Store \u2014 L\u2019endroit o\u00f9 l\u2019univers rencontre votre singularit\u00e9.\",\"publisher\":{\"@id\":\"\/#organization\"},\"potentialAction\":[{\"@type\":\"SearchAction\",\"target\":{\"@type\":\"EntryPoint\",\"urlTemplate\":\"\/?s={search_term_string}\"},\"query-input\":{\"@type\":\"PropertyValueSpecification\",\"valueRequired\":true,\"valueName\":\"search_term_string\"}}],\"inLanguage\":\"fr-FR\"},{\"@type\":\"Organization\",\"@id\":\"\/#organization\",\"name\":\"STYLORAL PTE. LTD\",\"url\":\"\/\",\"logo\":{\"@type\":\"ImageObject\",\"inLanguage\":\"fr-FR\",\"@id\":\"\/#\/schema\/logo\/image\/\",\"url\":\"https:\/\/www.tourcruiser.com\/wp-content\/uploads\/2025\/12\/logo.png\",\"contentUrl\":\"https:\/\/www.tourcruiser.com\/wp-content\/uploads\/2025\/12\/logo.png\",\"width\":200,\"height\":65,\"caption\":\"STYLORAL PTE. LTD\"},\"image\":{\"@id\":\"\/#\/schema\/logo\/image\/\"}}]}<\/script>\n<!-- \/ Yoast SEO plugin. -->","yoast_head_json":{"title":"Air Jordan 4 Retro LS 'Legend Blue' 314254-107 - TOURCRUISER PTE. LTD","robots":{"index":"index","follow":"follow","max-snippet":"max-snippet:-1","max-image-preview":"max-image-preview:large","max-video-preview":"max-video-preview:-1"},"canonical":"https:\/\/tourcruiser.com\/fr\/products\/air-jordan-4-retro-ls-legend-blue-314254-107\/","og_locale":"fr_FR","og_type":"article","og_title":"Air Jordan 4 Retro LS 'Legend Blue' 314254-107 - TOURCRUISER PTE. LTD","og_description":"Rehaussez votre style sneakers d&rsquo;une touche de sophistication avec la Air Jordan 4 Retro LS \u00ab Legend Blue \u00bb 314254-107. Ce mod\u00e8le iconique c\u00e9l\u00e8bre un design classique et pr\u00e9sente une empeigne en cuir blanc premium, sublim\u00e9e par des d\u00e9tails Legend Blue et Midnight Navy. L&rsquo;unit\u00e9 Air-Sole embl\u00e9matique offre un confort in\u00e9gal\u00e9, tandis que les empi\u00e8cements [&hellip;]","og_url":"https:\/\/tourcruiser.com\/fr\/products\/air-jordan-4-retro-ls-legend-blue-314254-107\/","og_site_name":"Tourcruiser Sneaker Store","article_modified_time":"2026-04-17T15:51:27+00:00","twitter_card":"summary_large_image","twitter_image":"https:\/\/images.novelship.com\/product\/air_jordan_4_retro_ls__legend_blue__314254_107_0_48898.jpeg;https:\/\/images.novelship.com\/product\/air_jordan_4_retro_ls__legend_blue__314254_107_1_48898.jpeg;https:\/\/images.novelship.com\/product\/air_jordan_4_retro_ls__legend_blue__314254_107_2_48898.jpeg;https:\/\/images.novelship.com\/product\/air_jordan_4_retro_ls__legend_blue__314254_107_3_48898.jpeg;https:\/\/images.novelship.com\/product\/air_jordan_4_retro_ls__legend_blue__314254_107_4_48898.jpeg;https:\/\/images.novelship.com\/product\/air_jordan_4_retro_ls__legend_blue__314254_107_5_48898.jpeg;https:\/\/images.novelship.com\/product\/air_jordan_4_retro_ls__legend_blue__314254_107_6_48898.jpeg;https:\/\/images.novelship.com\/product\/air_jordan_4_retro_ls__legend_blue__314254_107_7_48898.jpeg","twitter_misc":{"Dur\u00e9e de lecture estim\u00e9e":"1 minute"},"schema":{"@context":"https:\/\/schema.org","@graph":[{"@type":"WebPage","@id":"https:\/\/tourcruiser.com\/fr\/products\/air-jordan-4-retro-ls-legend-blue-314254-107\/","url":"https:\/\/tourcruiser.com\/fr\/products\/air-jordan-4-retro-ls-legend-blue-314254-107\/","name":"Air Jordan 4 Retro LS 'Legend Blue' 314254-107 - TOURCRUISER PTE. LTD","isPartOf":{"@id":"\/#website"},"primaryImageOfPage":{"@id":"https:\/\/tourcruiser.com\/fr\/products\/air-jordan-4-retro-ls-legend-blue-314254-107\/#primaryimage"},"image":{"@id":"https:\/\/tourcruiser.com\/fr\/products\/air-jordan-4-retro-ls-legend-blue-314254-107\/#primaryimage"},"thumbnailUrl":"https:\/\/images.novelship.com\/product\/air_jordan_4_retro_ls__legend_blue__314254_107_0_48898.jpeg;https:\/\/images.novelship.com\/product\/air_jordan_4_retro_ls__legend_blue__314254_107_1_48898.jpeg;https:\/\/images.novelship.com\/product\/air_jordan_4_retro_ls__legend_blue__314254_107_2_48898.jpeg;https:\/\/images.novelship.com\/product\/air_jordan_4_retro_ls__legend_blue__314254_107_3_48898.jpeg;https:\/\/images.novelship.com\/product\/air_jordan_4_retro_ls__legend_blue__314254_107_4_48898.jpeg;https:\/\/images.novelship.com\/product\/air_jordan_4_retro_ls__legend_blue__314254_107_5_48898.jpeg;https:\/\/images.novelship.com\/product\/air_jordan_4_retro_ls__legend_blue__314254_107_6_48898.jpeg;https:\/\/images.novelship.com\/product\/air_jordan_4_retro_ls__legend_blue__314254_107_7_48898.jpeg","datePublished":"2026-04-16T10:09:01+00:00","dateModified":"2026-04-17T15:51:27+00:00","breadcrumb":{"@id":"https:\/\/tourcruiser.com\/fr\/products\/air-jordan-4-retro-ls-legend-blue-314254-107\/#breadcrumb"},"inLanguage":"fr-FR","potentialAction":[{"@type":"ReadAction","target":["https:\/\/tourcruiser.com\/fr\/products\/air-jordan-4-retro-ls-legend-blue-314254-107\/"]}]},{"@type":"ImageObject","inLanguage":"fr-FR","@id":"https:\/\/tourcruiser.com\/fr\/products\/air-jordan-4-retro-ls-legend-blue-314254-107\/#primaryimage","url":"https:\/\/images.novelship.com\/product\/air_jordan_4_retro_ls__legend_blue__314254_107_0_48898.jpeg;https:\/\/images.novelship.com\/product\/air_jordan_4_retro_ls__legend_blue__314254_107_1_48898.jpeg;https:\/\/images.novelship.com\/product\/air_jordan_4_retro_ls__legend_blue__314254_107_2_48898.jpeg;https:\/\/images.novelship.com\/product\/air_jordan_4_retro_ls__legend_blue__314254_107_3_48898.jpeg;https:\/\/images.novelship.com\/product\/air_jordan_4_retro_ls__legend_blue__314254_107_4_48898.jpeg;https:\/\/images.novelship.com\/product\/air_jordan_4_retro_ls__legend_blue__314254_107_5_48898.jpeg;https:\/\/images.novelship.com\/product\/air_jordan_4_retro_ls__legend_blue__314254_107_6_48898.jpeg;https:\/\/images.novelship.com\/product\/air_jordan_4_retro_ls__legend_blue__314254_107_7_48898.jpeg","contentUrl":"https:\/\/images.novelship.com\/product\/air_jordan_4_retro_ls__legend_blue__314254_107_0_48898.jpeg;https:\/\/images.novelship.com\/product\/air_jordan_4_retro_ls__legend_blue__314254_107_1_48898.jpeg;https:\/\/images.novelship.com\/product\/air_jordan_4_retro_ls__legend_blue__314254_107_2_48898.jpeg;https:\/\/images.novelship.com\/product\/air_jordan_4_retro_ls__legend_blue__314254_107_3_48898.jpeg;https:\/\/images.novelship.com\/product\/air_jordan_4_retro_ls__legend_blue__314254_107_4_48898.jpeg;https:\/\/images.novelship.com\/product\/air_jordan_4_retro_ls__legend_blue__314254_107_5_48898.jpeg;https:\/\/images.novelship.com\/product\/air_jordan_4_retro_ls__legend_blue__314254_107_6_48898.jpeg;https:\/\/images.novelship.com\/product\/air_jordan_4_retro_ls__legend_blue__314254_107_7_48898.jpeg"},{"@type":"BreadcrumbList","@id":"https:\/\/tourcruiser.com\/fr\/products\/air-jordan-4-retro-ls-legend-blue-314254-107\/#breadcrumb","itemListElement":[{"@type":"ListItem","position":1,"name":"Home","item":"https:\/\/tourcruiser.com\/fr\/"},{"@type":"ListItem","position":2,"name":"Shop","item":"https:\/\/tourcruiser.com\/fr\/shop\/"},{"@type":"ListItem","position":3,"name":"Air Jordan 4 Retro LS &#8216;Legend Blue&#8217; 314254-107"}]},{"@type":"WebSite","@id":"\/#website","url":"\/","name":"Styloral Jewelry Shop","description":"Tourcruiser Sneaker Store \u2014 L\u2019endroit o\u00f9 l\u2019univers rencontre votre singularit\u00e9.","publisher":{"@id":"\/#organization"},"potentialAction":[{"@type":"SearchAction","target":{"@type":"EntryPoint","urlTemplate":"\/?s={search_term_string}"},"query-input":{"@type":"PropertyValueSpecification","valueRequired":true,"valueName":"search_term_string"}}],"inLanguage":"fr-FR"},{"@type":"Organization","@id":"\/#organization","name":"STYLORAL PTE. LTD","url":"\/","logo":{"@type":"ImageObject","inLanguage":"fr-FR","@id":"\/#\/schema\/logo\/image\/","url":"https:\/\/www.tourcruiser.com\/wp-content\/uploads\/2025\/12\/logo.png","contentUrl":"https:\/\/www.tourcruiser.com\/wp-content\/uploads\/2025\/12\/logo.png","width":200,"height":65,"caption":"STYLORAL PTE. LTD"},"image":{"@id":"\/#\/schema\/logo\/image\/"}}]}},"_links":{"self":[{"href":"https:\/\/tourcruiser.com\/fr\/wp-json\/wp\/v2\/product\/760891","targetHints":{"allow":["GET"]}}],"collection":[{"href":"https:\/\/tourcruiser.com\/fr\/wp-json\/wp\/v2\/product"}],"about":[{"href":"https:\/\/tourcruiser.com\/fr\/wp-json\/wp\/v2\/types\/product"}],"replies":[{"embeddable":true,"href":"https:\/\/tourcruiser.com\/fr\/wp-json\/wp\/v2\/comments?post=760891"}],"wp:featuredmedia":[{"embeddable":true,"href":"https:\/\/tourcruiser.com\/fr\/wp-json\/wp\/v2\/media\/760892"}],"wp:attachment":[{"href":"https:\/\/tourcruiser.com\/fr\/wp-json\/wp\/v2\/media?parent=760891"}],"wp:term":[{"taxonomy":"product_brand","embeddable":true,"href":"https:\/\/tourcruiser.com\/fr\/wp-json\/wp\/v2\/product_brand?post=760891"},{"taxonomy":"product_cat","embeddable":true,"href":"https:\/\/tourcruiser.com\/fr\/wp-json\/wp\/v2\/product_cat?post=760891"},{"taxonomy":"product_tag","embeddable":true,"href":"https:\/\/tourcruiser.com\/fr\/wp-json\/wp\/v2\/product_tag?post=760891"}],"curies":[{"name":"wp","href":"https:\/\/api.w.org\/{rel}","templated":true}]}}