{"id":760794,"date":"2026-04-16T17:08:58","date_gmt":"2026-04-16T10:08:58","guid":{"rendered":"http:\/\/tourcruiser.com\/product\/air-jordan-3-retro-chlorophyll-136064-006"},"modified":"2026-04-17T22:51:21","modified_gmt":"2026-04-17T15:51:21","slug":"air-jordan-3-retro-chlorophyll-136064-006","status":"publish","type":"product","link":"https:\/\/tourcruiser.com\/fr\/products\/air-jordan-3-retro-chlorophyll-136064-006\/","title":{"rendered":"Air Jordan 3 Retro &lsquo;Chlorophyll&rsquo; 136064-006"},"content":{"rendered":"<p>La Air Jordan 3 Retro Chlorophyll de Jordan est un incontournable pour les fans de sneakers. Avec sa couleur verte et son inspiration puis\u00e9e dans la l\u00e9gendaire Tinker Air Trainer 1 Chlorophyll, cette chaussure allie style et confort. Apportez une touche r\u00e9tro \u00e0 votre collection de sneakers gr\u00e2ce \u00e0 son design captivant.<\/p>\n<p>Coloris : Gris clair\/Chlorophylle\/Noir\/Blanc\/Voile<br \/>\nR\u00e9f\u00e9rence : 136064-006<br \/>\nTige : Cuir<br \/>\nSemelle interm\u00e9diaire : Air<br \/>\nCouleur : Gris<br \/>\nDesigner : Tinker Hatfield<br \/>\nSaison : Automne<br \/>\nAnn\u00e9e de sortie : 2018<\/p>\n<p>\u00c2ge : Adulte<br \/>\nCouleur : Gris<br \/>\nGenre : Homme<\/p>\n","protected":false},"excerpt":{"rendered":"<p>La Air Jordan 3 Retro Chlorophyll de Jordan est un incontournable pour les fans de sneakers. Avec sa couleur verte et son inspiration puis\u00e9e dans la l\u00e9gendaire Tinker Air Trainer 1 Chlorophyll, cette chaussure allie style et confort. Apportez une touche r\u00e9tro \u00e0 votre collection de sneakers gr\u00e2ce \u00e0 son design captivant. Coloris : Gris [&hellip;]<\/p>\n","protected":false},"featured_media":760795,"comment_status":"open","ping_status":"closed","template":"","meta":[],"product_brand":[],"product_cat":[38880],"product_tag":[10750,10800,38841,38842,10776,38875,38886,10756],"class_list":{"0":"post-760794","1":"product","2":"type-product","3":"status-publish","4":"has-post-thumbnail","6":"product_cat-jordan","7":"product_tag-athleisure-shoes","8":"product_tag-basketball-shoes","9":"product_tag-casual-shoes","10":"product_tag-gift-idea-for-him","11":"product_tag-jordan","12":"product_tag-jordan-skateboard-shoes","13":"product_tag-lifestyle-shoes-inspired-by-basketball","14":"product_tag-retro-casual-shoes","16":"first","17":"instock","18":"taxable","19":"shipping-taxable","20":"purchasable","21":"product-type-simple"},"wcpa_form_fields":null,"yoast_head":"<!-- This site is optimized with the Yoast SEO plugin v26.5 - https:\/\/yoast.com\/wordpress\/plugins\/seo\/ -->\n<title>Air Jordan 3 Retro &#039;Chlorophyll&#039; 136064-006 - TOURCRUISER PTE. LTD<\/title>\n<meta name=\"robots\" content=\"index, follow, max-snippet:-1, max-image-preview:large, max-video-preview:-1\" \/>\n<link rel=\"canonical\" href=\"https:\/\/tourcruiser.com\/fr\/products\/air-jordan-3-retro-chlorophyll-136064-006\/\" \/>\n<meta property=\"og:locale\" content=\"fr_FR\" \/>\n<meta property=\"og:type\" content=\"article\" \/>\n<meta property=\"og:title\" content=\"Air Jordan 3 Retro &#039;Chlorophyll&#039; 136064-006 - TOURCRUISER PTE. LTD\" \/>\n<meta property=\"og:description\" content=\"La Air Jordan 3 Retro Chlorophyll de Jordan est un incontournable pour les fans de sneakers. Avec sa couleur verte et son inspiration puis\u00e9e dans la l\u00e9gendaire Tinker Air Trainer 1 Chlorophyll, cette chaussure allie style et confort. Apportez une touche r\u00e9tro \u00e0 votre collection de sneakers gr\u00e2ce \u00e0 son design captivant. Coloris : Gris [&hellip;]\" \/>\n<meta property=\"og:url\" content=\"https:\/\/tourcruiser.com\/fr\/products\/air-jordan-3-retro-chlorophyll-136064-006\/\" \/>\n<meta property=\"og:site_name\" content=\"Tourcruiser Sneaker Store\" \/>\n<meta property=\"article:modified_time\" content=\"2026-04-17T15:51:21+00:00\" \/>\n<meta name=\"twitter:card\" content=\"summary_large_image\" \/>\n<meta name=\"twitter:image\" content=\"https:\/\/images.novelship.com\/product\/air_jordan_3_retro__chlorophyll__136064_006_0_68585.jpeg;https:\/\/images.novelship.com\/product\/air_jordan_3_retro__chlorophyll__136064_006_1_68585.jpeg;https:\/\/images.novelship.com\/product\/air_jordan_3_retro__chlorophyll__136064_006_2_68585.jpeg;https:\/\/images.novelship.com\/product\/air_jordan_3_retro__chlorophyll__136064_006_3_68585.jpeg;https:\/\/images.novelship.com\/product\/air_jordan_3_retro__chlorophyll__136064_006_4_68585.jpeg;https:\/\/images.novelship.com\/product\/air_jordan_3_retro__chlorophyll__136064_006_5_68585.jpeg;https:\/\/images.novelship.com\/product\/air_jordan_3_retro__chlorophyll__136064_006_6_68585.jpeg;https:\/\/images.novelship.com\/product\/air_jordan_3_retro__chlorophyll__136064_006_7_68585.jpeg\" \/>\n<script type=\"application\/ld+json\" class=\"yoast-schema-graph\">{\"@context\":\"https:\/\/schema.org\",\"@graph\":[{\"@type\":\"WebPage\",\"@id\":\"https:\/\/tourcruiser.com\/fr\/products\/air-jordan-3-retro-chlorophyll-136064-006\/\",\"url\":\"https:\/\/tourcruiser.com\/fr\/products\/air-jordan-3-retro-chlorophyll-136064-006\/\",\"name\":\"Air Jordan 3 Retro 'Chlorophyll' 136064-006 - TOURCRUISER PTE. LTD\",\"isPartOf\":{\"@id\":\"\/#website\"},\"primaryImageOfPage\":{\"@id\":\"https:\/\/tourcruiser.com\/fr\/products\/air-jordan-3-retro-chlorophyll-136064-006\/#primaryimage\"},\"image\":{\"@id\":\"https:\/\/tourcruiser.com\/fr\/products\/air-jordan-3-retro-chlorophyll-136064-006\/#primaryimage\"},\"thumbnailUrl\":\"https:\/\/images.novelship.com\/product\/air_jordan_3_retro__chlorophyll__136064_006_0_68585.jpeg;https:\/\/images.novelship.com\/product\/air_jordan_3_retro__chlorophyll__136064_006_1_68585.jpeg;https:\/\/images.novelship.com\/product\/air_jordan_3_retro__chlorophyll__136064_006_2_68585.jpeg;https:\/\/images.novelship.com\/product\/air_jordan_3_retro__chlorophyll__136064_006_3_68585.jpeg;https:\/\/images.novelship.com\/product\/air_jordan_3_retro__chlorophyll__136064_006_4_68585.jpeg;https:\/\/images.novelship.com\/product\/air_jordan_3_retro__chlorophyll__136064_006_5_68585.jpeg;https:\/\/images.novelship.com\/product\/air_jordan_3_retro__chlorophyll__136064_006_6_68585.jpeg;https:\/\/images.novelship.com\/product\/air_jordan_3_retro__chlorophyll__136064_006_7_68585.jpeg\",\"datePublished\":\"2026-04-16T10:08:58+00:00\",\"dateModified\":\"2026-04-17T15:51:21+00:00\",\"breadcrumb\":{\"@id\":\"https:\/\/tourcruiser.com\/fr\/products\/air-jordan-3-retro-chlorophyll-136064-006\/#breadcrumb\"},\"inLanguage\":\"fr-FR\",\"potentialAction\":[{\"@type\":\"ReadAction\",\"target\":[\"https:\/\/tourcruiser.com\/fr\/products\/air-jordan-3-retro-chlorophyll-136064-006\/\"]}]},{\"@type\":\"ImageObject\",\"inLanguage\":\"fr-FR\",\"@id\":\"https:\/\/tourcruiser.com\/fr\/products\/air-jordan-3-retro-chlorophyll-136064-006\/#primaryimage\",\"url\":\"https:\/\/images.novelship.com\/product\/air_jordan_3_retro__chlorophyll__136064_006_0_68585.jpeg;https:\/\/images.novelship.com\/product\/air_jordan_3_retro__chlorophyll__136064_006_1_68585.jpeg;https:\/\/images.novelship.com\/product\/air_jordan_3_retro__chlorophyll__136064_006_2_68585.jpeg;https:\/\/images.novelship.com\/product\/air_jordan_3_retro__chlorophyll__136064_006_3_68585.jpeg;https:\/\/images.novelship.com\/product\/air_jordan_3_retro__chlorophyll__136064_006_4_68585.jpeg;https:\/\/images.novelship.com\/product\/air_jordan_3_retro__chlorophyll__136064_006_5_68585.jpeg;https:\/\/images.novelship.com\/product\/air_jordan_3_retro__chlorophyll__136064_006_6_68585.jpeg;https:\/\/images.novelship.com\/product\/air_jordan_3_retro__chlorophyll__136064_006_7_68585.jpeg\",\"contentUrl\":\"https:\/\/images.novelship.com\/product\/air_jordan_3_retro__chlorophyll__136064_006_0_68585.jpeg;https:\/\/images.novelship.com\/product\/air_jordan_3_retro__chlorophyll__136064_006_1_68585.jpeg;https:\/\/images.novelship.com\/product\/air_jordan_3_retro__chlorophyll__136064_006_2_68585.jpeg;https:\/\/images.novelship.com\/product\/air_jordan_3_retro__chlorophyll__136064_006_3_68585.jpeg;https:\/\/images.novelship.com\/product\/air_jordan_3_retro__chlorophyll__136064_006_4_68585.jpeg;https:\/\/images.novelship.com\/product\/air_jordan_3_retro__chlorophyll__136064_006_5_68585.jpeg;https:\/\/images.novelship.com\/product\/air_jordan_3_retro__chlorophyll__136064_006_6_68585.jpeg;https:\/\/images.novelship.com\/product\/air_jordan_3_retro__chlorophyll__136064_006_7_68585.jpeg\"},{\"@type\":\"BreadcrumbList\",\"@id\":\"https:\/\/tourcruiser.com\/fr\/products\/air-jordan-3-retro-chlorophyll-136064-006\/#breadcrumb\",\"itemListElement\":[{\"@type\":\"ListItem\",\"position\":1,\"name\":\"Home\",\"item\":\"https:\/\/tourcruiser.com\/fr\/\"},{\"@type\":\"ListItem\",\"position\":2,\"name\":\"Shop\",\"item\":\"https:\/\/tourcruiser.com\/fr\/shop\/\"},{\"@type\":\"ListItem\",\"position\":3,\"name\":\"Air Jordan 3 Retro &#8216;Chlorophyll&#8217; 136064-006\"}]},{\"@type\":\"WebSite\",\"@id\":\"\/#website\",\"url\":\"\/\",\"name\":\"Styloral Jewelry Shop\",\"description\":\"Tourcruiser Sneaker Store \u2014 L\u2019endroit o\u00f9 l\u2019univers rencontre votre singularit\u00e9.\",\"publisher\":{\"@id\":\"\/#organization\"},\"potentialAction\":[{\"@type\":\"SearchAction\",\"target\":{\"@type\":\"EntryPoint\",\"urlTemplate\":\"\/?s={search_term_string}\"},\"query-input\":{\"@type\":\"PropertyValueSpecification\",\"valueRequired\":true,\"valueName\":\"search_term_string\"}}],\"inLanguage\":\"fr-FR\"},{\"@type\":\"Organization\",\"@id\":\"\/#organization\",\"name\":\"STYLORAL PTE. LTD\",\"url\":\"\/\",\"logo\":{\"@type\":\"ImageObject\",\"inLanguage\":\"fr-FR\",\"@id\":\"\/#\/schema\/logo\/image\/\",\"url\":\"https:\/\/www.tourcruiser.com\/wp-content\/uploads\/2025\/12\/logo.png\",\"contentUrl\":\"https:\/\/www.tourcruiser.com\/wp-content\/uploads\/2025\/12\/logo.png\",\"width\":200,\"height\":65,\"caption\":\"STYLORAL PTE. LTD\"},\"image\":{\"@id\":\"\/#\/schema\/logo\/image\/\"}}]}<\/script>\n<!-- \/ Yoast SEO plugin. -->","yoast_head_json":{"title":"Air Jordan 3 Retro 'Chlorophyll' 136064-006 - TOURCRUISER PTE. LTD","robots":{"index":"index","follow":"follow","max-snippet":"max-snippet:-1","max-image-preview":"max-image-preview:large","max-video-preview":"max-video-preview:-1"},"canonical":"https:\/\/tourcruiser.com\/fr\/products\/air-jordan-3-retro-chlorophyll-136064-006\/","og_locale":"fr_FR","og_type":"article","og_title":"Air Jordan 3 Retro 'Chlorophyll' 136064-006 - TOURCRUISER PTE. LTD","og_description":"La Air Jordan 3 Retro Chlorophyll de Jordan est un incontournable pour les fans de sneakers. Avec sa couleur verte et son inspiration puis\u00e9e dans la l\u00e9gendaire Tinker Air Trainer 1 Chlorophyll, cette chaussure allie style et confort. Apportez une touche r\u00e9tro \u00e0 votre collection de sneakers gr\u00e2ce \u00e0 son design captivant. Coloris : Gris [&hellip;]","og_url":"https:\/\/tourcruiser.com\/fr\/products\/air-jordan-3-retro-chlorophyll-136064-006\/","og_site_name":"Tourcruiser Sneaker Store","article_modified_time":"2026-04-17T15:51:21+00:00","twitter_card":"summary_large_image","twitter_image":"https:\/\/images.novelship.com\/product\/air_jordan_3_retro__chlorophyll__136064_006_0_68585.jpeg;https:\/\/images.novelship.com\/product\/air_jordan_3_retro__chlorophyll__136064_006_1_68585.jpeg;https:\/\/images.novelship.com\/product\/air_jordan_3_retro__chlorophyll__136064_006_2_68585.jpeg;https:\/\/images.novelship.com\/product\/air_jordan_3_retro__chlorophyll__136064_006_3_68585.jpeg;https:\/\/images.novelship.com\/product\/air_jordan_3_retro__chlorophyll__136064_006_4_68585.jpeg;https:\/\/images.novelship.com\/product\/air_jordan_3_retro__chlorophyll__136064_006_5_68585.jpeg;https:\/\/images.novelship.com\/product\/air_jordan_3_retro__chlorophyll__136064_006_6_68585.jpeg;https:\/\/images.novelship.com\/product\/air_jordan_3_retro__chlorophyll__136064_006_7_68585.jpeg","schema":{"@context":"https:\/\/schema.org","@graph":[{"@type":"WebPage","@id":"https:\/\/tourcruiser.com\/fr\/products\/air-jordan-3-retro-chlorophyll-136064-006\/","url":"https:\/\/tourcruiser.com\/fr\/products\/air-jordan-3-retro-chlorophyll-136064-006\/","name":"Air Jordan 3 Retro 'Chlorophyll' 136064-006 - TOURCRUISER PTE. LTD","isPartOf":{"@id":"\/#website"},"primaryImageOfPage":{"@id":"https:\/\/tourcruiser.com\/fr\/products\/air-jordan-3-retro-chlorophyll-136064-006\/#primaryimage"},"image":{"@id":"https:\/\/tourcruiser.com\/fr\/products\/air-jordan-3-retro-chlorophyll-136064-006\/#primaryimage"},"thumbnailUrl":"https:\/\/images.novelship.com\/product\/air_jordan_3_retro__chlorophyll__136064_006_0_68585.jpeg;https:\/\/images.novelship.com\/product\/air_jordan_3_retro__chlorophyll__136064_006_1_68585.jpeg;https:\/\/images.novelship.com\/product\/air_jordan_3_retro__chlorophyll__136064_006_2_68585.jpeg;https:\/\/images.novelship.com\/product\/air_jordan_3_retro__chlorophyll__136064_006_3_68585.jpeg;https:\/\/images.novelship.com\/product\/air_jordan_3_retro__chlorophyll__136064_006_4_68585.jpeg;https:\/\/images.novelship.com\/product\/air_jordan_3_retro__chlorophyll__136064_006_5_68585.jpeg;https:\/\/images.novelship.com\/product\/air_jordan_3_retro__chlorophyll__136064_006_6_68585.jpeg;https:\/\/images.novelship.com\/product\/air_jordan_3_retro__chlorophyll__136064_006_7_68585.jpeg","datePublished":"2026-04-16T10:08:58+00:00","dateModified":"2026-04-17T15:51:21+00:00","breadcrumb":{"@id":"https:\/\/tourcruiser.com\/fr\/products\/air-jordan-3-retro-chlorophyll-136064-006\/#breadcrumb"},"inLanguage":"fr-FR","potentialAction":[{"@type":"ReadAction","target":["https:\/\/tourcruiser.com\/fr\/products\/air-jordan-3-retro-chlorophyll-136064-006\/"]}]},{"@type":"ImageObject","inLanguage":"fr-FR","@id":"https:\/\/tourcruiser.com\/fr\/products\/air-jordan-3-retro-chlorophyll-136064-006\/#primaryimage","url":"https:\/\/images.novelship.com\/product\/air_jordan_3_retro__chlorophyll__136064_006_0_68585.jpeg;https:\/\/images.novelship.com\/product\/air_jordan_3_retro__chlorophyll__136064_006_1_68585.jpeg;https:\/\/images.novelship.com\/product\/air_jordan_3_retro__chlorophyll__136064_006_2_68585.jpeg;https:\/\/images.novelship.com\/product\/air_jordan_3_retro__chlorophyll__136064_006_3_68585.jpeg;https:\/\/images.novelship.com\/product\/air_jordan_3_retro__chlorophyll__136064_006_4_68585.jpeg;https:\/\/images.novelship.com\/product\/air_jordan_3_retro__chlorophyll__136064_006_5_68585.jpeg;https:\/\/images.novelship.com\/product\/air_jordan_3_retro__chlorophyll__136064_006_6_68585.jpeg;https:\/\/images.novelship.com\/product\/air_jordan_3_retro__chlorophyll__136064_006_7_68585.jpeg","contentUrl":"https:\/\/images.novelship.com\/product\/air_jordan_3_retro__chlorophyll__136064_006_0_68585.jpeg;https:\/\/images.novelship.com\/product\/air_jordan_3_retro__chlorophyll__136064_006_1_68585.jpeg;https:\/\/images.novelship.com\/product\/air_jordan_3_retro__chlorophyll__136064_006_2_68585.jpeg;https:\/\/images.novelship.com\/product\/air_jordan_3_retro__chlorophyll__136064_006_3_68585.jpeg;https:\/\/images.novelship.com\/product\/air_jordan_3_retro__chlorophyll__136064_006_4_68585.jpeg;https:\/\/images.novelship.com\/product\/air_jordan_3_retro__chlorophyll__136064_006_5_68585.jpeg;https:\/\/images.novelship.com\/product\/air_jordan_3_retro__chlorophyll__136064_006_6_68585.jpeg;https:\/\/images.novelship.com\/product\/air_jordan_3_retro__chlorophyll__136064_006_7_68585.jpeg"},{"@type":"BreadcrumbList","@id":"https:\/\/tourcruiser.com\/fr\/products\/air-jordan-3-retro-chlorophyll-136064-006\/#breadcrumb","itemListElement":[{"@type":"ListItem","position":1,"name":"Home","item":"https:\/\/tourcruiser.com\/fr\/"},{"@type":"ListItem","position":2,"name":"Shop","item":"https:\/\/tourcruiser.com\/fr\/shop\/"},{"@type":"ListItem","position":3,"name":"Air Jordan 3 Retro &#8216;Chlorophyll&#8217; 136064-006"}]},{"@type":"WebSite","@id":"\/#website","url":"\/","name":"Styloral Jewelry Shop","description":"Tourcruiser Sneaker Store \u2014 L\u2019endroit o\u00f9 l\u2019univers rencontre votre singularit\u00e9.","publisher":{"@id":"\/#organization"},"potentialAction":[{"@type":"SearchAction","target":{"@type":"EntryPoint","urlTemplate":"\/?s={search_term_string}"},"query-input":{"@type":"PropertyValueSpecification","valueRequired":true,"valueName":"search_term_string"}}],"inLanguage":"fr-FR"},{"@type":"Organization","@id":"\/#organization","name":"STYLORAL PTE. LTD","url":"\/","logo":{"@type":"ImageObject","inLanguage":"fr-FR","@id":"\/#\/schema\/logo\/image\/","url":"https:\/\/www.tourcruiser.com\/wp-content\/uploads\/2025\/12\/logo.png","contentUrl":"https:\/\/www.tourcruiser.com\/wp-content\/uploads\/2025\/12\/logo.png","width":200,"height":65,"caption":"STYLORAL PTE. LTD"},"image":{"@id":"\/#\/schema\/logo\/image\/"}}]}},"_links":{"self":[{"href":"https:\/\/tourcruiser.com\/fr\/wp-json\/wp\/v2\/product\/760794","targetHints":{"allow":["GET"]}}],"collection":[{"href":"https:\/\/tourcruiser.com\/fr\/wp-json\/wp\/v2\/product"}],"about":[{"href":"https:\/\/tourcruiser.com\/fr\/wp-json\/wp\/v2\/types\/product"}],"replies":[{"embeddable":true,"href":"https:\/\/tourcruiser.com\/fr\/wp-json\/wp\/v2\/comments?post=760794"}],"wp:featuredmedia":[{"embeddable":true,"href":"https:\/\/tourcruiser.com\/fr\/wp-json\/wp\/v2\/media\/760795"}],"wp:attachment":[{"href":"https:\/\/tourcruiser.com\/fr\/wp-json\/wp\/v2\/media?parent=760794"}],"wp:term":[{"taxonomy":"product_brand","embeddable":true,"href":"https:\/\/tourcruiser.com\/fr\/wp-json\/wp\/v2\/product_brand?post=760794"},{"taxonomy":"product_cat","embeddable":true,"href":"https:\/\/tourcruiser.com\/fr\/wp-json\/wp\/v2\/product_cat?post=760794"},{"taxonomy":"product_tag","embeddable":true,"href":"https:\/\/tourcruiser.com\/fr\/wp-json\/wp\/v2\/product_tag?post=760794"}],"curies":[{"name":"wp","href":"https:\/\/api.w.org\/{rel}","templated":true}]}}