{"id":760776,"date":"2026-04-16T17:08:57","date_gmt":"2026-04-16T10:08:57","guid":{"rendered":"http:\/\/tourcruiser.com\/product\/air-jordan-13-retro-cap-and-gown-414571-012"},"modified":"2026-04-17T21:55:17","modified_gmt":"2026-04-17T14:55:17","slug":"air-jordan-13-retro-cap-and-gown-414571-012","status":"publish","type":"product","link":"https:\/\/tourcruiser.com\/fr\/products\/air-jordan-13-retro-cap-and-gown-414571-012\/","title":{"rendered":"Air Jordan 13 Retro &lsquo;Cap and Gown&rsquo; 414571-012"},"content":{"rendered":"<p>La Air Jordan 13 Retro Cap and Gown de Jordan est une sneaker noire \u00e9l\u00e9gante et styl\u00e9e. Avec son design luxueux et sa silhouette iconique, cette chaussure est parfaite pour toutes les occasions festives. Elle allie la Air Jordan 13 classique \u00e0 une touche sophistiqu\u00e9e, ce qui en fait un incontournable pour les passionn\u00e9s de sneakers et de mode. Avec la Air Jordan 13 Retro Cap and Gown, vous serez toujours \u00e0 la pointe de la mode.<\/p>\n<p>Coloris : Noir\/Noir\/Noir<\/p>\n<p>Code article : 414571-012<\/p>\n<p>Tige : Cuir verni<\/p>\n<p>Semelle interm\u00e9diaire : Air<\/p>\n<p>Couleur : Noir<\/p>\n<p>Cr\u00e9ateur : Tinker Hatfield<\/p>\n<p>Saison : Printemps<\/p>\n<p>Ann\u00e9e de sortie : 2019<\/p>\n<p>\u00c2ge : Adulte<br \/>\nCouleur : Noir<br \/>\nGenre : Homme<\/p>\n","protected":false},"excerpt":{"rendered":"<p>La Air Jordan 13 Retro Cap and Gown de Jordan est une sneaker noire \u00e9l\u00e9gante et styl\u00e9e. Avec son design luxueux et sa silhouette iconique, cette chaussure est parfaite pour toutes les occasions festives. Elle allie la Air Jordan 13 classique \u00e0 une touche sophistiqu\u00e9e, ce qui en fait un incontournable pour les passionn\u00e9s de [&hellip;]<\/p>\n","protected":false},"featured_media":760777,"comment_status":"open","ping_status":"closed","template":"","meta":[],"product_brand":[],"product_cat":[38880],"product_tag":[10800,10753,10776,11349,38875,11129,38846],"class_list":{"0":"post-760776","1":"product","2":"type-product","3":"status-publish","4":"has-post-thumbnail","6":"product_cat-jordan","7":"product_tag-basketball-shoes","8":"product_tag-gift-for-him","9":"product_tag-jordan","10":"product_tag-jordan-basketball-shoes","11":"product_tag-jordan-skateboard-shoes","12":"product_tag-lightweight-basketball-shoes","13":"product_tag-performance-sports-shoes","15":"first","16":"instock","17":"taxable","18":"shipping-taxable","19":"purchasable","20":"product-type-simple"},"wcpa_form_fields":null,"yoast_head":"<!-- This site is optimized with the Yoast SEO plugin v26.5 - https:\/\/yoast.com\/wordpress\/plugins\/seo\/ -->\n<title>Air Jordan 13 Retro &#039;Cap and Gown&#039; 414571-012 - TOURCRUISER PTE. LTD<\/title>\n<meta name=\"robots\" content=\"index, follow, max-snippet:-1, max-image-preview:large, max-video-preview:-1\" \/>\n<link rel=\"canonical\" href=\"https:\/\/tourcruiser.com\/fr\/products\/air-jordan-13-retro-cap-and-gown-414571-012\/\" \/>\n<meta property=\"og:locale\" content=\"fr_FR\" \/>\n<meta property=\"og:type\" content=\"article\" \/>\n<meta property=\"og:title\" content=\"Air Jordan 13 Retro &#039;Cap and Gown&#039; 414571-012 - TOURCRUISER PTE. LTD\" \/>\n<meta property=\"og:description\" content=\"La Air Jordan 13 Retro Cap and Gown de Jordan est une sneaker noire \u00e9l\u00e9gante et styl\u00e9e. Avec son design luxueux et sa silhouette iconique, cette chaussure est parfaite pour toutes les occasions festives. Elle allie la Air Jordan 13 classique \u00e0 une touche sophistiqu\u00e9e, ce qui en fait un incontournable pour les passionn\u00e9s de [&hellip;]\" \/>\n<meta property=\"og:url\" content=\"https:\/\/tourcruiser.com\/fr\/products\/air-jordan-13-retro-cap-and-gown-414571-012\/\" \/>\n<meta property=\"og:site_name\" content=\"Tourcruiser Sneaker Store\" \/>\n<meta property=\"article:modified_time\" content=\"2026-04-17T14:55:17+00:00\" \/>\n<meta name=\"twitter:card\" content=\"summary_large_image\" \/>\n<meta name=\"twitter:image\" content=\"https:\/\/images.novelship.com\/product\/air_jordan_13_retro__cap_and_gown__414571_012_0_80281.jpeg;https:\/\/images.novelship.com\/product\/air_jordan_13_retro__cap_and_gown__414571_012_1_80281.jpeg;https:\/\/images.novelship.com\/product\/air_jordan_13_retro__cap_and_gown__414571_012_2_80281.jpeg;https:\/\/images.novelship.com\/product\/air_jordan_13_retro__cap_and_gown__414571_012_3_80281.jpeg;https:\/\/images.novelship.com\/product\/air_jordan_13_retro__cap_and_gown__414571_012_4_80281.jpeg;https:\/\/images.novelship.com\/product\/air_jordan_13_retro__cap_and_gown__414571_012_5_80281.jpeg;https:\/\/images.novelship.com\/product\/air_jordan_13_retro__cap_and_gown__414571_012_6_80282.jpeg;https:\/\/images.novelship.com\/product\/air_jordan_13_retro__cap_and_gown__414571_012_7_80282.jpeg\" \/>\n<meta name=\"twitter:label1\" content=\"Dur\u00e9e de lecture estim\u00e9e\" \/>\n\t<meta name=\"twitter:data1\" content=\"1 minute\" \/>\n<script type=\"application\/ld+json\" class=\"yoast-schema-graph\">{\"@context\":\"https:\/\/schema.org\",\"@graph\":[{\"@type\":\"WebPage\",\"@id\":\"https:\/\/tourcruiser.com\/fr\/products\/air-jordan-13-retro-cap-and-gown-414571-012\/\",\"url\":\"https:\/\/tourcruiser.com\/fr\/products\/air-jordan-13-retro-cap-and-gown-414571-012\/\",\"name\":\"Air Jordan 13 Retro 'Cap and Gown' 414571-012 - TOURCRUISER PTE. LTD\",\"isPartOf\":{\"@id\":\"\/#website\"},\"primaryImageOfPage\":{\"@id\":\"https:\/\/tourcruiser.com\/fr\/products\/air-jordan-13-retro-cap-and-gown-414571-012\/#primaryimage\"},\"image\":{\"@id\":\"https:\/\/tourcruiser.com\/fr\/products\/air-jordan-13-retro-cap-and-gown-414571-012\/#primaryimage\"},\"thumbnailUrl\":\"https:\/\/images.novelship.com\/product\/air_jordan_13_retro__cap_and_gown__414571_012_0_80281.jpeg;https:\/\/images.novelship.com\/product\/air_jordan_13_retro__cap_and_gown__414571_012_1_80281.jpeg;https:\/\/images.novelship.com\/product\/air_jordan_13_retro__cap_and_gown__414571_012_2_80281.jpeg;https:\/\/images.novelship.com\/product\/air_jordan_13_retro__cap_and_gown__414571_012_3_80281.jpeg;https:\/\/images.novelship.com\/product\/air_jordan_13_retro__cap_and_gown__414571_012_4_80281.jpeg;https:\/\/images.novelship.com\/product\/air_jordan_13_retro__cap_and_gown__414571_012_5_80281.jpeg;https:\/\/images.novelship.com\/product\/air_jordan_13_retro__cap_and_gown__414571_012_6_80282.jpeg;https:\/\/images.novelship.com\/product\/air_jordan_13_retro__cap_and_gown__414571_012_7_80282.jpeg\",\"datePublished\":\"2026-04-16T10:08:57+00:00\",\"dateModified\":\"2026-04-17T14:55:17+00:00\",\"breadcrumb\":{\"@id\":\"https:\/\/tourcruiser.com\/fr\/products\/air-jordan-13-retro-cap-and-gown-414571-012\/#breadcrumb\"},\"inLanguage\":\"fr-FR\",\"potentialAction\":[{\"@type\":\"ReadAction\",\"target\":[\"https:\/\/tourcruiser.com\/fr\/products\/air-jordan-13-retro-cap-and-gown-414571-012\/\"]}]},{\"@type\":\"ImageObject\",\"inLanguage\":\"fr-FR\",\"@id\":\"https:\/\/tourcruiser.com\/fr\/products\/air-jordan-13-retro-cap-and-gown-414571-012\/#primaryimage\",\"url\":\"https:\/\/images.novelship.com\/product\/air_jordan_13_retro__cap_and_gown__414571_012_0_80281.jpeg;https:\/\/images.novelship.com\/product\/air_jordan_13_retro__cap_and_gown__414571_012_1_80281.jpeg;https:\/\/images.novelship.com\/product\/air_jordan_13_retro__cap_and_gown__414571_012_2_80281.jpeg;https:\/\/images.novelship.com\/product\/air_jordan_13_retro__cap_and_gown__414571_012_3_80281.jpeg;https:\/\/images.novelship.com\/product\/air_jordan_13_retro__cap_and_gown__414571_012_4_80281.jpeg;https:\/\/images.novelship.com\/product\/air_jordan_13_retro__cap_and_gown__414571_012_5_80281.jpeg;https:\/\/images.novelship.com\/product\/air_jordan_13_retro__cap_and_gown__414571_012_6_80282.jpeg;https:\/\/images.novelship.com\/product\/air_jordan_13_retro__cap_and_gown__414571_012_7_80282.jpeg\",\"contentUrl\":\"https:\/\/images.novelship.com\/product\/air_jordan_13_retro__cap_and_gown__414571_012_0_80281.jpeg;https:\/\/images.novelship.com\/product\/air_jordan_13_retro__cap_and_gown__414571_012_1_80281.jpeg;https:\/\/images.novelship.com\/product\/air_jordan_13_retro__cap_and_gown__414571_012_2_80281.jpeg;https:\/\/images.novelship.com\/product\/air_jordan_13_retro__cap_and_gown__414571_012_3_80281.jpeg;https:\/\/images.novelship.com\/product\/air_jordan_13_retro__cap_and_gown__414571_012_4_80281.jpeg;https:\/\/images.novelship.com\/product\/air_jordan_13_retro__cap_and_gown__414571_012_5_80281.jpeg;https:\/\/images.novelship.com\/product\/air_jordan_13_retro__cap_and_gown__414571_012_6_80282.jpeg;https:\/\/images.novelship.com\/product\/air_jordan_13_retro__cap_and_gown__414571_012_7_80282.jpeg\"},{\"@type\":\"BreadcrumbList\",\"@id\":\"https:\/\/tourcruiser.com\/fr\/products\/air-jordan-13-retro-cap-and-gown-414571-012\/#breadcrumb\",\"itemListElement\":[{\"@type\":\"ListItem\",\"position\":1,\"name\":\"Home\",\"item\":\"https:\/\/tourcruiser.com\/fr\/\"},{\"@type\":\"ListItem\",\"position\":2,\"name\":\"Shop\",\"item\":\"https:\/\/tourcruiser.com\/fr\/shop\/\"},{\"@type\":\"ListItem\",\"position\":3,\"name\":\"Air Jordan 13 Retro &#8216;Cap and Gown&#8217; 414571-012\"}]},{\"@type\":\"WebSite\",\"@id\":\"\/#website\",\"url\":\"\/\",\"name\":\"Styloral Jewelry Shop\",\"description\":\"Tourcruiser Sneaker Store \u2014 L\u2019endroit o\u00f9 l\u2019univers rencontre votre singularit\u00e9.\",\"publisher\":{\"@id\":\"\/#organization\"},\"potentialAction\":[{\"@type\":\"SearchAction\",\"target\":{\"@type\":\"EntryPoint\",\"urlTemplate\":\"\/?s={search_term_string}\"},\"query-input\":{\"@type\":\"PropertyValueSpecification\",\"valueRequired\":true,\"valueName\":\"search_term_string\"}}],\"inLanguage\":\"fr-FR\"},{\"@type\":\"Organization\",\"@id\":\"\/#organization\",\"name\":\"STYLORAL PTE. LTD\",\"url\":\"\/\",\"logo\":{\"@type\":\"ImageObject\",\"inLanguage\":\"fr-FR\",\"@id\":\"\/#\/schema\/logo\/image\/\",\"url\":\"https:\/\/www.tourcruiser.com\/wp-content\/uploads\/2025\/12\/logo.png\",\"contentUrl\":\"https:\/\/www.tourcruiser.com\/wp-content\/uploads\/2025\/12\/logo.png\",\"width\":200,\"height\":65,\"caption\":\"STYLORAL PTE. LTD\"},\"image\":{\"@id\":\"\/#\/schema\/logo\/image\/\"}}]}<\/script>\n<!-- \/ Yoast SEO plugin. -->","yoast_head_json":{"title":"Air Jordan 13 Retro 'Cap and Gown' 414571-012 - TOURCRUISER PTE. LTD","robots":{"index":"index","follow":"follow","max-snippet":"max-snippet:-1","max-image-preview":"max-image-preview:large","max-video-preview":"max-video-preview:-1"},"canonical":"https:\/\/tourcruiser.com\/fr\/products\/air-jordan-13-retro-cap-and-gown-414571-012\/","og_locale":"fr_FR","og_type":"article","og_title":"Air Jordan 13 Retro 'Cap and Gown' 414571-012 - TOURCRUISER PTE. LTD","og_description":"La Air Jordan 13 Retro Cap and Gown de Jordan est une sneaker noire \u00e9l\u00e9gante et styl\u00e9e. Avec son design luxueux et sa silhouette iconique, cette chaussure est parfaite pour toutes les occasions festives. Elle allie la Air Jordan 13 classique \u00e0 une touche sophistiqu\u00e9e, ce qui en fait un incontournable pour les passionn\u00e9s de [&hellip;]","og_url":"https:\/\/tourcruiser.com\/fr\/products\/air-jordan-13-retro-cap-and-gown-414571-012\/","og_site_name":"Tourcruiser Sneaker Store","article_modified_time":"2026-04-17T14:55:17+00:00","twitter_card":"summary_large_image","twitter_image":"https:\/\/images.novelship.com\/product\/air_jordan_13_retro__cap_and_gown__414571_012_0_80281.jpeg;https:\/\/images.novelship.com\/product\/air_jordan_13_retro__cap_and_gown__414571_012_1_80281.jpeg;https:\/\/images.novelship.com\/product\/air_jordan_13_retro__cap_and_gown__414571_012_2_80281.jpeg;https:\/\/images.novelship.com\/product\/air_jordan_13_retro__cap_and_gown__414571_012_3_80281.jpeg;https:\/\/images.novelship.com\/product\/air_jordan_13_retro__cap_and_gown__414571_012_4_80281.jpeg;https:\/\/images.novelship.com\/product\/air_jordan_13_retro__cap_and_gown__414571_012_5_80281.jpeg;https:\/\/images.novelship.com\/product\/air_jordan_13_retro__cap_and_gown__414571_012_6_80282.jpeg;https:\/\/images.novelship.com\/product\/air_jordan_13_retro__cap_and_gown__414571_012_7_80282.jpeg","twitter_misc":{"Dur\u00e9e de lecture estim\u00e9e":"1 minute"},"schema":{"@context":"https:\/\/schema.org","@graph":[{"@type":"WebPage","@id":"https:\/\/tourcruiser.com\/fr\/products\/air-jordan-13-retro-cap-and-gown-414571-012\/","url":"https:\/\/tourcruiser.com\/fr\/products\/air-jordan-13-retro-cap-and-gown-414571-012\/","name":"Air Jordan 13 Retro 'Cap and Gown' 414571-012 - TOURCRUISER PTE. LTD","isPartOf":{"@id":"\/#website"},"primaryImageOfPage":{"@id":"https:\/\/tourcruiser.com\/fr\/products\/air-jordan-13-retro-cap-and-gown-414571-012\/#primaryimage"},"image":{"@id":"https:\/\/tourcruiser.com\/fr\/products\/air-jordan-13-retro-cap-and-gown-414571-012\/#primaryimage"},"thumbnailUrl":"https:\/\/images.novelship.com\/product\/air_jordan_13_retro__cap_and_gown__414571_012_0_80281.jpeg;https:\/\/images.novelship.com\/product\/air_jordan_13_retro__cap_and_gown__414571_012_1_80281.jpeg;https:\/\/images.novelship.com\/product\/air_jordan_13_retro__cap_and_gown__414571_012_2_80281.jpeg;https:\/\/images.novelship.com\/product\/air_jordan_13_retro__cap_and_gown__414571_012_3_80281.jpeg;https:\/\/images.novelship.com\/product\/air_jordan_13_retro__cap_and_gown__414571_012_4_80281.jpeg;https:\/\/images.novelship.com\/product\/air_jordan_13_retro__cap_and_gown__414571_012_5_80281.jpeg;https:\/\/images.novelship.com\/product\/air_jordan_13_retro__cap_and_gown__414571_012_6_80282.jpeg;https:\/\/images.novelship.com\/product\/air_jordan_13_retro__cap_and_gown__414571_012_7_80282.jpeg","datePublished":"2026-04-16T10:08:57+00:00","dateModified":"2026-04-17T14:55:17+00:00","breadcrumb":{"@id":"https:\/\/tourcruiser.com\/fr\/products\/air-jordan-13-retro-cap-and-gown-414571-012\/#breadcrumb"},"inLanguage":"fr-FR","potentialAction":[{"@type":"ReadAction","target":["https:\/\/tourcruiser.com\/fr\/products\/air-jordan-13-retro-cap-and-gown-414571-012\/"]}]},{"@type":"ImageObject","inLanguage":"fr-FR","@id":"https:\/\/tourcruiser.com\/fr\/products\/air-jordan-13-retro-cap-and-gown-414571-012\/#primaryimage","url":"https:\/\/images.novelship.com\/product\/air_jordan_13_retro__cap_and_gown__414571_012_0_80281.jpeg;https:\/\/images.novelship.com\/product\/air_jordan_13_retro__cap_and_gown__414571_012_1_80281.jpeg;https:\/\/images.novelship.com\/product\/air_jordan_13_retro__cap_and_gown__414571_012_2_80281.jpeg;https:\/\/images.novelship.com\/product\/air_jordan_13_retro__cap_and_gown__414571_012_3_80281.jpeg;https:\/\/images.novelship.com\/product\/air_jordan_13_retro__cap_and_gown__414571_012_4_80281.jpeg;https:\/\/images.novelship.com\/product\/air_jordan_13_retro__cap_and_gown__414571_012_5_80281.jpeg;https:\/\/images.novelship.com\/product\/air_jordan_13_retro__cap_and_gown__414571_012_6_80282.jpeg;https:\/\/images.novelship.com\/product\/air_jordan_13_retro__cap_and_gown__414571_012_7_80282.jpeg","contentUrl":"https:\/\/images.novelship.com\/product\/air_jordan_13_retro__cap_and_gown__414571_012_0_80281.jpeg;https:\/\/images.novelship.com\/product\/air_jordan_13_retro__cap_and_gown__414571_012_1_80281.jpeg;https:\/\/images.novelship.com\/product\/air_jordan_13_retro__cap_and_gown__414571_012_2_80281.jpeg;https:\/\/images.novelship.com\/product\/air_jordan_13_retro__cap_and_gown__414571_012_3_80281.jpeg;https:\/\/images.novelship.com\/product\/air_jordan_13_retro__cap_and_gown__414571_012_4_80281.jpeg;https:\/\/images.novelship.com\/product\/air_jordan_13_retro__cap_and_gown__414571_012_5_80281.jpeg;https:\/\/images.novelship.com\/product\/air_jordan_13_retro__cap_and_gown__414571_012_6_80282.jpeg;https:\/\/images.novelship.com\/product\/air_jordan_13_retro__cap_and_gown__414571_012_7_80282.jpeg"},{"@type":"BreadcrumbList","@id":"https:\/\/tourcruiser.com\/fr\/products\/air-jordan-13-retro-cap-and-gown-414571-012\/#breadcrumb","itemListElement":[{"@type":"ListItem","position":1,"name":"Home","item":"https:\/\/tourcruiser.com\/fr\/"},{"@type":"ListItem","position":2,"name":"Shop","item":"https:\/\/tourcruiser.com\/fr\/shop\/"},{"@type":"ListItem","position":3,"name":"Air Jordan 13 Retro &#8216;Cap and Gown&#8217; 414571-012"}]},{"@type":"WebSite","@id":"\/#website","url":"\/","name":"Styloral Jewelry Shop","description":"Tourcruiser Sneaker Store \u2014 L\u2019endroit o\u00f9 l\u2019univers rencontre votre singularit\u00e9.","publisher":{"@id":"\/#organization"},"potentialAction":[{"@type":"SearchAction","target":{"@type":"EntryPoint","urlTemplate":"\/?s={search_term_string}"},"query-input":{"@type":"PropertyValueSpecification","valueRequired":true,"valueName":"search_term_string"}}],"inLanguage":"fr-FR"},{"@type":"Organization","@id":"\/#organization","name":"STYLORAL PTE. LTD","url":"\/","logo":{"@type":"ImageObject","inLanguage":"fr-FR","@id":"\/#\/schema\/logo\/image\/","url":"https:\/\/www.tourcruiser.com\/wp-content\/uploads\/2025\/12\/logo.png","contentUrl":"https:\/\/www.tourcruiser.com\/wp-content\/uploads\/2025\/12\/logo.png","width":200,"height":65,"caption":"STYLORAL PTE. LTD"},"image":{"@id":"\/#\/schema\/logo\/image\/"}}]}},"_links":{"self":[{"href":"https:\/\/tourcruiser.com\/fr\/wp-json\/wp\/v2\/product\/760776","targetHints":{"allow":["GET"]}}],"collection":[{"href":"https:\/\/tourcruiser.com\/fr\/wp-json\/wp\/v2\/product"}],"about":[{"href":"https:\/\/tourcruiser.com\/fr\/wp-json\/wp\/v2\/types\/product"}],"replies":[{"embeddable":true,"href":"https:\/\/tourcruiser.com\/fr\/wp-json\/wp\/v2\/comments?post=760776"}],"wp:featuredmedia":[{"embeddable":true,"href":"https:\/\/tourcruiser.com\/fr\/wp-json\/wp\/v2\/media\/760777"}],"wp:attachment":[{"href":"https:\/\/tourcruiser.com\/fr\/wp-json\/wp\/v2\/media?parent=760776"}],"wp:term":[{"taxonomy":"product_brand","embeddable":true,"href":"https:\/\/tourcruiser.com\/fr\/wp-json\/wp\/v2\/product_brand?post=760776"},{"taxonomy":"product_cat","embeddable":true,"href":"https:\/\/tourcruiser.com\/fr\/wp-json\/wp\/v2\/product_cat?post=760776"},{"taxonomy":"product_tag","embeddable":true,"href":"https:\/\/tourcruiser.com\/fr\/wp-json\/wp\/v2\/product_tag?post=760776"}],"curies":[{"name":"wp","href":"https:\/\/api.w.org\/{rel}","templated":true}]}}