{"id":760767,"date":"2026-04-16T17:08:56","date_gmt":"2026-04-16T10:08:56","guid":{"rendered":"http:\/\/tourcruiser.com\/product\/air-jordan-1-retro-high-og-metallic-navy-2016-555088-106"},"modified":"2026-04-17T22:51:19","modified_gmt":"2026-04-17T15:51:19","slug":"air-jordan-1-retro-high-og-metallic-navy-2016-555088-106","status":"publish","type":"product","link":"https:\/\/tourcruiser.com\/fr\/products\/air-jordan-1-retro-high-og-metallic-navy-2016-555088-106\/","title":{"rendered":"Air Jordan 1 Retro High OG &lsquo;Metallic Navy&rsquo; 2016 555088-106"},"content":{"rendered":"<p>Affirmez votre style avec la Air Jordan 1 Retro High OG \u00ab\u00a0Metallic Navy\u00a0\u00bb 2016 (555088-106). Son empeigne en cuir blanc premium est rehauss\u00e9e d&#8217;empi\u00e8cements bleu marine m\u00e9tallis\u00e9s \u00e9l\u00e9gants, alliant design classique et modernit\u00e9. Le logo Nike Air sur la languette et le logo Wings original rendent hommage \u00e0 l&rsquo;h\u00e9ritage de la chaussure, tandis que le col rembourr\u00e9 assure un confort optimal. Id\u00e9ale pour les collectionneurs et les passionn\u00e9s de mode, cette silhouette intemporelle est un incontournable de votre collection.<\/p>\n<p>Coloris\u00a0: Blanc\/Bleu nuit<br \/>\nR\u00e9f\u00e9rence\u00a0: 555088-106<br \/>\nEmpeigne\u00a0: Cuir<br \/>\nSemelle interm\u00e9diaire\u00a0: Air<br \/>\nCouleur\u00a0: Blanc<br \/>\nDesigner\u00a0: Peter Moore<br \/>\nSaison\u00a0: \u00c9t\u00e9<br \/>\nAnn\u00e9e de sortie\u00a0: 2016<\/p>\n<p>\u00c2ge\u00a0: Adulte<br \/>\nCouleur\u00a0: Blanc<br \/>\nGenre\u00a0: Homme<\/p>\n","protected":false},"excerpt":{"rendered":"<p>Affirmez votre style avec la Air Jordan 1 Retro High OG \u00ab\u00a0Metallic Navy\u00a0\u00bb 2016 (555088-106). Son empeigne en cuir blanc premium est rehauss\u00e9e d&#8217;empi\u00e8cements bleu marine m\u00e9tallis\u00e9s \u00e9l\u00e9gants, alliant design classique et modernit\u00e9. Le logo Nike Air sur la languette et le logo Wings original rendent hommage \u00e0 l&rsquo;h\u00e9ritage de la chaussure, tandis que le [&hellip;]<\/p>\n","protected":false},"featured_media":760768,"comment_status":"open","ping_status":"closed","template":"","meta":[],"product_brand":[],"product_cat":[38880],"product_tag":[10800,38841,39257,38840,10776,11349,38875,10756,38866,38902],"class_list":{"0":"post-760767","1":"product","2":"type-product","3":"status-publish","4":"has-post-thumbnail","6":"product_cat-jordan","7":"product_tag-basketball-shoes","8":"product_tag-casual-shoes","9":"product_tag-casual-shoes-inspired-by-basketball","10":"product_tag-gift-ideas-for-him","11":"product_tag-jordan","12":"product_tag-jordan-basketball-shoes","13":"product_tag-jordan-skateboard-shoes","14":"product_tag-retro-casual-shoes","15":"product_tag-sports-shoes","16":"product_tag-trendy-offers","18":"first","19":"instock","20":"taxable","21":"shipping-taxable","22":"purchasable","23":"product-type-simple"},"wcpa_form_fields":null,"yoast_head":"<!-- This site is optimized with the Yoast SEO plugin v26.5 - https:\/\/yoast.com\/wordpress\/plugins\/seo\/ -->\n<title>Air Jordan 1 Retro High OG &#039;Metallic Navy&#039; 2016 555088-106 - TOURCRUISER PTE. LTD<\/title>\n<meta name=\"robots\" content=\"index, follow, max-snippet:-1, max-image-preview:large, max-video-preview:-1\" \/>\n<link rel=\"canonical\" href=\"https:\/\/tourcruiser.com\/fr\/products\/air-jordan-1-retro-high-og-metallic-navy-2016-555088-106\/\" \/>\n<meta property=\"og:locale\" content=\"fr_FR\" \/>\n<meta property=\"og:type\" content=\"article\" \/>\n<meta property=\"og:title\" content=\"Air Jordan 1 Retro High OG &#039;Metallic Navy&#039; 2016 555088-106 - TOURCRUISER PTE. LTD\" \/>\n<meta property=\"og:description\" content=\"Affirmez votre style avec la Air Jordan 1 Retro High OG \u00ab\u00a0Metallic Navy\u00a0\u00bb 2016 (555088-106). Son empeigne en cuir blanc premium est rehauss\u00e9e d&#8217;empi\u00e8cements bleu marine m\u00e9tallis\u00e9s \u00e9l\u00e9gants, alliant design classique et modernit\u00e9. Le logo Nike Air sur la languette et le logo Wings original rendent hommage \u00e0 l&rsquo;h\u00e9ritage de la chaussure, tandis que le [&hellip;]\" \/>\n<meta property=\"og:url\" content=\"https:\/\/tourcruiser.com\/fr\/products\/air-jordan-1-retro-high-og-metallic-navy-2016-555088-106\/\" \/>\n<meta property=\"og:site_name\" content=\"Tourcruiser Sneaker Store\" \/>\n<meta property=\"article:modified_time\" content=\"2026-04-17T15:51:19+00:00\" \/>\n<meta name=\"twitter:card\" content=\"summary_large_image\" \/>\n<meta name=\"twitter:image\" content=\"https:\/\/images.novelship.com\/product\/air_jordan_1_retro_high_og__metallic_navy__2016_55_0_40576.jpeg;https:\/\/images.novelship.com\/product\/air_jordan_1_retro_high_og__metallic_navy__2016_55_1_40576.jpeg;https:\/\/images.novelship.com\/product\/air_jordan_1_retro_high_og__metallic_navy__2016_55_2_40576.jpeg;https:\/\/images.novelship.com\/product\/air_jordan_1_retro_high_og__metallic_navy__2016_55_3_40576.jpeg;https:\/\/images.novelship.com\/product\/air_jordan_1_retro_high_og__metallic_navy__2016_55_4_40576.jpeg;https:\/\/images.novelship.com\/product\/air_jordan_1_retro_high_og__metallic_navy__2016_55_5_40576.jpeg;https:\/\/images.novelship.com\/product\/air_jordan_1_retro_high_og__metallic_navy__2016_55_6_40576.jpeg;https:\/\/images.novelship.com\/product\/air_jordan_1_retro_high_og__metallic_navy__2016_55_7_40576.jpeg\" \/>\n<meta name=\"twitter:label1\" content=\"Dur\u00e9e de lecture estim\u00e9e\" \/>\n\t<meta name=\"twitter:data1\" content=\"1 minute\" \/>\n<script type=\"application\/ld+json\" class=\"yoast-schema-graph\">{\"@context\":\"https:\/\/schema.org\",\"@graph\":[{\"@type\":\"WebPage\",\"@id\":\"https:\/\/tourcruiser.com\/fr\/products\/air-jordan-1-retro-high-og-metallic-navy-2016-555088-106\/\",\"url\":\"https:\/\/tourcruiser.com\/fr\/products\/air-jordan-1-retro-high-og-metallic-navy-2016-555088-106\/\",\"name\":\"Air Jordan 1 Retro High OG 'Metallic Navy' 2016 555088-106 - TOURCRUISER PTE. LTD\",\"isPartOf\":{\"@id\":\"\/#website\"},\"primaryImageOfPage\":{\"@id\":\"https:\/\/tourcruiser.com\/fr\/products\/air-jordan-1-retro-high-og-metallic-navy-2016-555088-106\/#primaryimage\"},\"image\":{\"@id\":\"https:\/\/tourcruiser.com\/fr\/products\/air-jordan-1-retro-high-og-metallic-navy-2016-555088-106\/#primaryimage\"},\"thumbnailUrl\":\"https:\/\/images.novelship.com\/product\/air_jordan_1_retro_high_og__metallic_navy__2016_55_0_40576.jpeg;https:\/\/images.novelship.com\/product\/air_jordan_1_retro_high_og__metallic_navy__2016_55_1_40576.jpeg;https:\/\/images.novelship.com\/product\/air_jordan_1_retro_high_og__metallic_navy__2016_55_2_40576.jpeg;https:\/\/images.novelship.com\/product\/air_jordan_1_retro_high_og__metallic_navy__2016_55_3_40576.jpeg;https:\/\/images.novelship.com\/product\/air_jordan_1_retro_high_og__metallic_navy__2016_55_4_40576.jpeg;https:\/\/images.novelship.com\/product\/air_jordan_1_retro_high_og__metallic_navy__2016_55_5_40576.jpeg;https:\/\/images.novelship.com\/product\/air_jordan_1_retro_high_og__metallic_navy__2016_55_6_40576.jpeg;https:\/\/images.novelship.com\/product\/air_jordan_1_retro_high_og__metallic_navy__2016_55_7_40576.jpeg\",\"datePublished\":\"2026-04-16T10:08:56+00:00\",\"dateModified\":\"2026-04-17T15:51:19+00:00\",\"breadcrumb\":{\"@id\":\"https:\/\/tourcruiser.com\/fr\/products\/air-jordan-1-retro-high-og-metallic-navy-2016-555088-106\/#breadcrumb\"},\"inLanguage\":\"fr-FR\",\"potentialAction\":[{\"@type\":\"ReadAction\",\"target\":[\"https:\/\/tourcruiser.com\/fr\/products\/air-jordan-1-retro-high-og-metallic-navy-2016-555088-106\/\"]}]},{\"@type\":\"ImageObject\",\"inLanguage\":\"fr-FR\",\"@id\":\"https:\/\/tourcruiser.com\/fr\/products\/air-jordan-1-retro-high-og-metallic-navy-2016-555088-106\/#primaryimage\",\"url\":\"https:\/\/images.novelship.com\/product\/air_jordan_1_retro_high_og__metallic_navy__2016_55_0_40576.jpeg;https:\/\/images.novelship.com\/product\/air_jordan_1_retro_high_og__metallic_navy__2016_55_1_40576.jpeg;https:\/\/images.novelship.com\/product\/air_jordan_1_retro_high_og__metallic_navy__2016_55_2_40576.jpeg;https:\/\/images.novelship.com\/product\/air_jordan_1_retro_high_og__metallic_navy__2016_55_3_40576.jpeg;https:\/\/images.novelship.com\/product\/air_jordan_1_retro_high_og__metallic_navy__2016_55_4_40576.jpeg;https:\/\/images.novelship.com\/product\/air_jordan_1_retro_high_og__metallic_navy__2016_55_5_40576.jpeg;https:\/\/images.novelship.com\/product\/air_jordan_1_retro_high_og__metallic_navy__2016_55_6_40576.jpeg;https:\/\/images.novelship.com\/product\/air_jordan_1_retro_high_og__metallic_navy__2016_55_7_40576.jpeg\",\"contentUrl\":\"https:\/\/images.novelship.com\/product\/air_jordan_1_retro_high_og__metallic_navy__2016_55_0_40576.jpeg;https:\/\/images.novelship.com\/product\/air_jordan_1_retro_high_og__metallic_navy__2016_55_1_40576.jpeg;https:\/\/images.novelship.com\/product\/air_jordan_1_retro_high_og__metallic_navy__2016_55_2_40576.jpeg;https:\/\/images.novelship.com\/product\/air_jordan_1_retro_high_og__metallic_navy__2016_55_3_40576.jpeg;https:\/\/images.novelship.com\/product\/air_jordan_1_retro_high_og__metallic_navy__2016_55_4_40576.jpeg;https:\/\/images.novelship.com\/product\/air_jordan_1_retro_high_og__metallic_navy__2016_55_5_40576.jpeg;https:\/\/images.novelship.com\/product\/air_jordan_1_retro_high_og__metallic_navy__2016_55_6_40576.jpeg;https:\/\/images.novelship.com\/product\/air_jordan_1_retro_high_og__metallic_navy__2016_55_7_40576.jpeg\"},{\"@type\":\"BreadcrumbList\",\"@id\":\"https:\/\/tourcruiser.com\/fr\/products\/air-jordan-1-retro-high-og-metallic-navy-2016-555088-106\/#breadcrumb\",\"itemListElement\":[{\"@type\":\"ListItem\",\"position\":1,\"name\":\"Home\",\"item\":\"https:\/\/tourcruiser.com\/fr\/\"},{\"@type\":\"ListItem\",\"position\":2,\"name\":\"Shop\",\"item\":\"https:\/\/tourcruiser.com\/fr\/shop\/\"},{\"@type\":\"ListItem\",\"position\":3,\"name\":\"Air Jordan 1 Retro High OG &#8216;Metallic Navy&#8217; 2016 555088-106\"}]},{\"@type\":\"WebSite\",\"@id\":\"\/#website\",\"url\":\"\/\",\"name\":\"Styloral Jewelry Shop\",\"description\":\"Tourcruiser Sneaker Store \u2014 L\u2019endroit o\u00f9 l\u2019univers rencontre votre singularit\u00e9.\",\"publisher\":{\"@id\":\"\/#organization\"},\"potentialAction\":[{\"@type\":\"SearchAction\",\"target\":{\"@type\":\"EntryPoint\",\"urlTemplate\":\"\/?s={search_term_string}\"},\"query-input\":{\"@type\":\"PropertyValueSpecification\",\"valueRequired\":true,\"valueName\":\"search_term_string\"}}],\"inLanguage\":\"fr-FR\"},{\"@type\":\"Organization\",\"@id\":\"\/#organization\",\"name\":\"STYLORAL PTE. LTD\",\"url\":\"\/\",\"logo\":{\"@type\":\"ImageObject\",\"inLanguage\":\"fr-FR\",\"@id\":\"\/#\/schema\/logo\/image\/\",\"url\":\"https:\/\/www.tourcruiser.com\/wp-content\/uploads\/2025\/12\/logo.png\",\"contentUrl\":\"https:\/\/www.tourcruiser.com\/wp-content\/uploads\/2025\/12\/logo.png\",\"width\":200,\"height\":65,\"caption\":\"STYLORAL PTE. LTD\"},\"image\":{\"@id\":\"\/#\/schema\/logo\/image\/\"}}]}<\/script>\n<!-- \/ Yoast SEO plugin. -->","yoast_head_json":{"title":"Air Jordan 1 Retro High OG 'Metallic Navy' 2016 555088-106 - TOURCRUISER PTE. LTD","robots":{"index":"index","follow":"follow","max-snippet":"max-snippet:-1","max-image-preview":"max-image-preview:large","max-video-preview":"max-video-preview:-1"},"canonical":"https:\/\/tourcruiser.com\/fr\/products\/air-jordan-1-retro-high-og-metallic-navy-2016-555088-106\/","og_locale":"fr_FR","og_type":"article","og_title":"Air Jordan 1 Retro High OG 'Metallic Navy' 2016 555088-106 - TOURCRUISER PTE. LTD","og_description":"Affirmez votre style avec la Air Jordan 1 Retro High OG \u00ab\u00a0Metallic Navy\u00a0\u00bb 2016 (555088-106). Son empeigne en cuir blanc premium est rehauss\u00e9e d&#8217;empi\u00e8cements bleu marine m\u00e9tallis\u00e9s \u00e9l\u00e9gants, alliant design classique et modernit\u00e9. Le logo Nike Air sur la languette et le logo Wings original rendent hommage \u00e0 l&rsquo;h\u00e9ritage de la chaussure, tandis que le [&hellip;]","og_url":"https:\/\/tourcruiser.com\/fr\/products\/air-jordan-1-retro-high-og-metallic-navy-2016-555088-106\/","og_site_name":"Tourcruiser Sneaker Store","article_modified_time":"2026-04-17T15:51:19+00:00","twitter_card":"summary_large_image","twitter_image":"https:\/\/images.novelship.com\/product\/air_jordan_1_retro_high_og__metallic_navy__2016_55_0_40576.jpeg;https:\/\/images.novelship.com\/product\/air_jordan_1_retro_high_og__metallic_navy__2016_55_1_40576.jpeg;https:\/\/images.novelship.com\/product\/air_jordan_1_retro_high_og__metallic_navy__2016_55_2_40576.jpeg;https:\/\/images.novelship.com\/product\/air_jordan_1_retro_high_og__metallic_navy__2016_55_3_40576.jpeg;https:\/\/images.novelship.com\/product\/air_jordan_1_retro_high_og__metallic_navy__2016_55_4_40576.jpeg;https:\/\/images.novelship.com\/product\/air_jordan_1_retro_high_og__metallic_navy__2016_55_5_40576.jpeg;https:\/\/images.novelship.com\/product\/air_jordan_1_retro_high_og__metallic_navy__2016_55_6_40576.jpeg;https:\/\/images.novelship.com\/product\/air_jordan_1_retro_high_og__metallic_navy__2016_55_7_40576.jpeg","twitter_misc":{"Dur\u00e9e de lecture estim\u00e9e":"1 minute"},"schema":{"@context":"https:\/\/schema.org","@graph":[{"@type":"WebPage","@id":"https:\/\/tourcruiser.com\/fr\/products\/air-jordan-1-retro-high-og-metallic-navy-2016-555088-106\/","url":"https:\/\/tourcruiser.com\/fr\/products\/air-jordan-1-retro-high-og-metallic-navy-2016-555088-106\/","name":"Air Jordan 1 Retro High OG 'Metallic Navy' 2016 555088-106 - TOURCRUISER PTE. LTD","isPartOf":{"@id":"\/#website"},"primaryImageOfPage":{"@id":"https:\/\/tourcruiser.com\/fr\/products\/air-jordan-1-retro-high-og-metallic-navy-2016-555088-106\/#primaryimage"},"image":{"@id":"https:\/\/tourcruiser.com\/fr\/products\/air-jordan-1-retro-high-og-metallic-navy-2016-555088-106\/#primaryimage"},"thumbnailUrl":"https:\/\/images.novelship.com\/product\/air_jordan_1_retro_high_og__metallic_navy__2016_55_0_40576.jpeg;https:\/\/images.novelship.com\/product\/air_jordan_1_retro_high_og__metallic_navy__2016_55_1_40576.jpeg;https:\/\/images.novelship.com\/product\/air_jordan_1_retro_high_og__metallic_navy__2016_55_2_40576.jpeg;https:\/\/images.novelship.com\/product\/air_jordan_1_retro_high_og__metallic_navy__2016_55_3_40576.jpeg;https:\/\/images.novelship.com\/product\/air_jordan_1_retro_high_og__metallic_navy__2016_55_4_40576.jpeg;https:\/\/images.novelship.com\/product\/air_jordan_1_retro_high_og__metallic_navy__2016_55_5_40576.jpeg;https:\/\/images.novelship.com\/product\/air_jordan_1_retro_high_og__metallic_navy__2016_55_6_40576.jpeg;https:\/\/images.novelship.com\/product\/air_jordan_1_retro_high_og__metallic_navy__2016_55_7_40576.jpeg","datePublished":"2026-04-16T10:08:56+00:00","dateModified":"2026-04-17T15:51:19+00:00","breadcrumb":{"@id":"https:\/\/tourcruiser.com\/fr\/products\/air-jordan-1-retro-high-og-metallic-navy-2016-555088-106\/#breadcrumb"},"inLanguage":"fr-FR","potentialAction":[{"@type":"ReadAction","target":["https:\/\/tourcruiser.com\/fr\/products\/air-jordan-1-retro-high-og-metallic-navy-2016-555088-106\/"]}]},{"@type":"ImageObject","inLanguage":"fr-FR","@id":"https:\/\/tourcruiser.com\/fr\/products\/air-jordan-1-retro-high-og-metallic-navy-2016-555088-106\/#primaryimage","url":"https:\/\/images.novelship.com\/product\/air_jordan_1_retro_high_og__metallic_navy__2016_55_0_40576.jpeg;https:\/\/images.novelship.com\/product\/air_jordan_1_retro_high_og__metallic_navy__2016_55_1_40576.jpeg;https:\/\/images.novelship.com\/product\/air_jordan_1_retro_high_og__metallic_navy__2016_55_2_40576.jpeg;https:\/\/images.novelship.com\/product\/air_jordan_1_retro_high_og__metallic_navy__2016_55_3_40576.jpeg;https:\/\/images.novelship.com\/product\/air_jordan_1_retro_high_og__metallic_navy__2016_55_4_40576.jpeg;https:\/\/images.novelship.com\/product\/air_jordan_1_retro_high_og__metallic_navy__2016_55_5_40576.jpeg;https:\/\/images.novelship.com\/product\/air_jordan_1_retro_high_og__metallic_navy__2016_55_6_40576.jpeg;https:\/\/images.novelship.com\/product\/air_jordan_1_retro_high_og__metallic_navy__2016_55_7_40576.jpeg","contentUrl":"https:\/\/images.novelship.com\/product\/air_jordan_1_retro_high_og__metallic_navy__2016_55_0_40576.jpeg;https:\/\/images.novelship.com\/product\/air_jordan_1_retro_high_og__metallic_navy__2016_55_1_40576.jpeg;https:\/\/images.novelship.com\/product\/air_jordan_1_retro_high_og__metallic_navy__2016_55_2_40576.jpeg;https:\/\/images.novelship.com\/product\/air_jordan_1_retro_high_og__metallic_navy__2016_55_3_40576.jpeg;https:\/\/images.novelship.com\/product\/air_jordan_1_retro_high_og__metallic_navy__2016_55_4_40576.jpeg;https:\/\/images.novelship.com\/product\/air_jordan_1_retro_high_og__metallic_navy__2016_55_5_40576.jpeg;https:\/\/images.novelship.com\/product\/air_jordan_1_retro_high_og__metallic_navy__2016_55_6_40576.jpeg;https:\/\/images.novelship.com\/product\/air_jordan_1_retro_high_og__metallic_navy__2016_55_7_40576.jpeg"},{"@type":"BreadcrumbList","@id":"https:\/\/tourcruiser.com\/fr\/products\/air-jordan-1-retro-high-og-metallic-navy-2016-555088-106\/#breadcrumb","itemListElement":[{"@type":"ListItem","position":1,"name":"Home","item":"https:\/\/tourcruiser.com\/fr\/"},{"@type":"ListItem","position":2,"name":"Shop","item":"https:\/\/tourcruiser.com\/fr\/shop\/"},{"@type":"ListItem","position":3,"name":"Air Jordan 1 Retro High OG &#8216;Metallic Navy&#8217; 2016 555088-106"}]},{"@type":"WebSite","@id":"\/#website","url":"\/","name":"Styloral Jewelry Shop","description":"Tourcruiser Sneaker Store \u2014 L\u2019endroit o\u00f9 l\u2019univers rencontre votre singularit\u00e9.","publisher":{"@id":"\/#organization"},"potentialAction":[{"@type":"SearchAction","target":{"@type":"EntryPoint","urlTemplate":"\/?s={search_term_string}"},"query-input":{"@type":"PropertyValueSpecification","valueRequired":true,"valueName":"search_term_string"}}],"inLanguage":"fr-FR"},{"@type":"Organization","@id":"\/#organization","name":"STYLORAL PTE. LTD","url":"\/","logo":{"@type":"ImageObject","inLanguage":"fr-FR","@id":"\/#\/schema\/logo\/image\/","url":"https:\/\/www.tourcruiser.com\/wp-content\/uploads\/2025\/12\/logo.png","contentUrl":"https:\/\/www.tourcruiser.com\/wp-content\/uploads\/2025\/12\/logo.png","width":200,"height":65,"caption":"STYLORAL PTE. LTD"},"image":{"@id":"\/#\/schema\/logo\/image\/"}}]}},"_links":{"self":[{"href":"https:\/\/tourcruiser.com\/fr\/wp-json\/wp\/v2\/product\/760767","targetHints":{"allow":["GET"]}}],"collection":[{"href":"https:\/\/tourcruiser.com\/fr\/wp-json\/wp\/v2\/product"}],"about":[{"href":"https:\/\/tourcruiser.com\/fr\/wp-json\/wp\/v2\/types\/product"}],"replies":[{"embeddable":true,"href":"https:\/\/tourcruiser.com\/fr\/wp-json\/wp\/v2\/comments?post=760767"}],"wp:featuredmedia":[{"embeddable":true,"href":"https:\/\/tourcruiser.com\/fr\/wp-json\/wp\/v2\/media\/760768"}],"wp:attachment":[{"href":"https:\/\/tourcruiser.com\/fr\/wp-json\/wp\/v2\/media?parent=760767"}],"wp:term":[{"taxonomy":"product_brand","embeddable":true,"href":"https:\/\/tourcruiser.com\/fr\/wp-json\/wp\/v2\/product_brand?post=760767"},{"taxonomy":"product_cat","embeddable":true,"href":"https:\/\/tourcruiser.com\/fr\/wp-json\/wp\/v2\/product_cat?post=760767"},{"taxonomy":"product_tag","embeddable":true,"href":"https:\/\/tourcruiser.com\/fr\/wp-json\/wp\/v2\/product_tag?post=760767"}],"curies":[{"name":"wp","href":"https:\/\/api.w.org\/{rel}","templated":true}]}}