{"id":760758,"date":"2026-04-16T17:08:56","date_gmt":"2026-04-16T10:08:56","guid":{"rendered":"http:\/\/tourcruiser.com\/product\/air-jordan-13-retro-melo-class-of-2002-b-grade-414571-035"},"modified":"2026-04-17T22:51:19","modified_gmt":"2026-04-17T15:51:19","slug":"air-jordan-13-retro-melo-class-of-2002-b-grade-414571-035","status":"publish","type":"product","link":"https:\/\/tourcruiser.com\/fr\/products\/air-jordan-13-retro-melo-class-of-2002-b-grade-414571-035\/","title":{"rendered":"Air Jordan 13 Retro &lsquo;Melo Class Of 2002&rsquo; (B-Grade) 414571-035"},"content":{"rendered":"<p>Affichez votre soutien \u00e0 Carmelo Anthony avec l&rsquo;\u00e9dition limit\u00e9e Air Jordan 13 Retro \u00ab\u00a0Melo Class Of 2002\u00a0\u00bb. Cette sneaker de seconde main pr\u00e9sente une empeigne en cuir noir souple orn\u00e9e du logo Melo grav\u00e9 au laser. Le logo Jumpman holographique est appos\u00e9 au talon, tandis que le col asym\u00e9trique apporte une touche d&rsquo;\u00e9l\u00e9gance. Profitez du confort de l&rsquo;amorti Zoom Air et de la semelle ext\u00e9rieure \u00e0 chevrons pour une adh\u00e9rence optimale. Affirmez votre style avec l&rsquo;Air Jordan 13 Retro \u00ab\u00a0Melo Class Of 2002\u00a0\u00bb. Remarque\u00a0: Ce produit est de seconde main en raison de l\u00e9g\u00e8res imperfections qui n&rsquo;affectent pas son fonctionnement.<\/p>\n<p>Coloris\u00a0: Noir\/Rouge universitaire\/Or universitaire<br \/>\nNum\u00e9ro d&rsquo;article\u00a0: 414571-035<br \/>\nMati\u00e8re de l&#8217;empeigne\u00a0: Cuir\/Nylon\/Daech<br \/>\nSemelle interm\u00e9diaire\u00a0: Air<br \/>\nCouleur\u00a0: Noir<br \/>\nCr\u00e9ateur\u00a0: Tinker Hatfield<br \/>\nSaison\u00a0: Automne<br \/>\nAnn\u00e9e de sortie\u00a0: 2018<\/p>\n<p>\u00c2ge\u00a0: Adulte<br \/>\nCouleur\u00a0: Noir<br \/>\nGenre\u00a0: Homme<\/p>\n","protected":false},"excerpt":{"rendered":"<p>Affichez votre soutien \u00e0 Carmelo Anthony avec l&rsquo;\u00e9dition limit\u00e9e Air Jordan 13 Retro \u00ab\u00a0Melo Class Of 2002\u00a0\u00bb. Cette sneaker de seconde main pr\u00e9sente une empeigne en cuir noir souple orn\u00e9e du logo Melo grav\u00e9 au laser. Le logo Jumpman holographique est appos\u00e9 au talon, tandis que le col asym\u00e9trique apporte une touche d&rsquo;\u00e9l\u00e9gance. Profitez du [&hellip;]<\/p>\n","protected":false},"featured_media":760759,"comment_status":"open","ping_status":"closed","template":"","meta":[],"product_brand":[],"product_cat":[38880],"product_tag":[10800,38861,38842,10776,11349,38875,11129,38846],"class_list":{"0":"post-760758","1":"product","2":"type-product","3":"status-publish","4":"has-post-thumbnail","6":"product_cat-jordan","7":"product_tag-basketball-shoes","8":"product_tag-below-retail-price","9":"product_tag-gift-idea-for-him","10":"product_tag-jordan","11":"product_tag-jordan-basketball-shoes","12":"product_tag-jordan-skateboard-shoes","13":"product_tag-lightweight-basketball-shoes","14":"product_tag-performance-sports-shoes","16":"first","17":"instock","18":"taxable","19":"shipping-taxable","20":"purchasable","21":"product-type-simple"},"wcpa_form_fields":null,"yoast_head":"<!-- This site is optimized with the Yoast SEO plugin v26.5 - https:\/\/yoast.com\/wordpress\/plugins\/seo\/ -->\n<title>Air Jordan 13 Retro &#039;Melo Class Of 2002&#039; (B-Grade) 414571-035 - TOURCRUISER PTE. LTD<\/title>\n<meta name=\"robots\" content=\"index, follow, max-snippet:-1, max-image-preview:large, max-video-preview:-1\" \/>\n<link rel=\"canonical\" href=\"https:\/\/tourcruiser.com\/fr\/products\/air-jordan-13-retro-melo-class-of-2002-b-grade-414571-035\/\" \/>\n<meta property=\"og:locale\" content=\"fr_FR\" \/>\n<meta property=\"og:type\" content=\"article\" \/>\n<meta property=\"og:title\" content=\"Air Jordan 13 Retro &#039;Melo Class Of 2002&#039; (B-Grade) 414571-035 - TOURCRUISER PTE. LTD\" \/>\n<meta property=\"og:description\" content=\"Affichez votre soutien \u00e0 Carmelo Anthony avec l&rsquo;\u00e9dition limit\u00e9e Air Jordan 13 Retro \u00ab\u00a0Melo Class Of 2002\u00a0\u00bb. Cette sneaker de seconde main pr\u00e9sente une empeigne en cuir noir souple orn\u00e9e du logo Melo grav\u00e9 au laser. Le logo Jumpman holographique est appos\u00e9 au talon, tandis que le col asym\u00e9trique apporte une touche d&rsquo;\u00e9l\u00e9gance. Profitez du [&hellip;]\" \/>\n<meta property=\"og:url\" content=\"https:\/\/tourcruiser.com\/fr\/products\/air-jordan-13-retro-melo-class-of-2002-b-grade-414571-035\/\" \/>\n<meta property=\"og:site_name\" content=\"Tourcruiser Sneaker Store\" \/>\n<meta property=\"article:modified_time\" content=\"2026-04-17T15:51:19+00:00\" \/>\n<meta name=\"twitter:card\" content=\"summary_large_image\" \/>\n<meta name=\"twitter:image\" content=\"https:\/\/images.novelship.com\/product\/air_jordan_13_retro__melo_class_of_2002___b_grade__0_88856.jpeg;https:\/\/images.novelship.com\/product\/air_jordan_13_retro__melo_class_of_2002___b_grade__1_88856.jpeg;https:\/\/images.novelship.com\/product\/air_jordan_13_retro__melo_class_of_2002___b_grade__2_88856.jpeg;https:\/\/images.novelship.com\/product\/air_jordan_13_retro__melo_class_of_2002___b_grade__3_88856.jpeg;https:\/\/images.novelship.com\/product\/air_jordan_13_retro__melo_class_of_2002___b_grade__4_88856.jpeg;https:\/\/images.novelship.com\/product\/air_jordan_13_retro__melo_class_of_2002___b_grade__5_88856.jpeg;https:\/\/images.novelship.com\/product\/air_jordan_13_retro__melo_class_of_2002___b_grade__6_88856.jpeg;https:\/\/images.novelship.com\/product\/air_jordan_13_retro__melo_class_of_2002___b_grade__7_88856.jpeg\" \/>\n<meta name=\"twitter:label1\" content=\"Dur\u00e9e de lecture estim\u00e9e\" \/>\n\t<meta name=\"twitter:data1\" content=\"1 minute\" \/>\n<script type=\"application\/ld+json\" class=\"yoast-schema-graph\">{\"@context\":\"https:\/\/schema.org\",\"@graph\":[{\"@type\":\"WebPage\",\"@id\":\"https:\/\/tourcruiser.com\/fr\/products\/air-jordan-13-retro-melo-class-of-2002-b-grade-414571-035\/\",\"url\":\"https:\/\/tourcruiser.com\/fr\/products\/air-jordan-13-retro-melo-class-of-2002-b-grade-414571-035\/\",\"name\":\"Air Jordan 13 Retro 'Melo Class Of 2002' (B-Grade) 414571-035 - TOURCRUISER PTE. LTD\",\"isPartOf\":{\"@id\":\"\/#website\"},\"primaryImageOfPage\":{\"@id\":\"https:\/\/tourcruiser.com\/fr\/products\/air-jordan-13-retro-melo-class-of-2002-b-grade-414571-035\/#primaryimage\"},\"image\":{\"@id\":\"https:\/\/tourcruiser.com\/fr\/products\/air-jordan-13-retro-melo-class-of-2002-b-grade-414571-035\/#primaryimage\"},\"thumbnailUrl\":\"https:\/\/images.novelship.com\/product\/air_jordan_13_retro__melo_class_of_2002___b_grade__0_88856.jpeg;https:\/\/images.novelship.com\/product\/air_jordan_13_retro__melo_class_of_2002___b_grade__1_88856.jpeg;https:\/\/images.novelship.com\/product\/air_jordan_13_retro__melo_class_of_2002___b_grade__2_88856.jpeg;https:\/\/images.novelship.com\/product\/air_jordan_13_retro__melo_class_of_2002___b_grade__3_88856.jpeg;https:\/\/images.novelship.com\/product\/air_jordan_13_retro__melo_class_of_2002___b_grade__4_88856.jpeg;https:\/\/images.novelship.com\/product\/air_jordan_13_retro__melo_class_of_2002___b_grade__5_88856.jpeg;https:\/\/images.novelship.com\/product\/air_jordan_13_retro__melo_class_of_2002___b_grade__6_88856.jpeg;https:\/\/images.novelship.com\/product\/air_jordan_13_retro__melo_class_of_2002___b_grade__7_88856.jpeg\",\"datePublished\":\"2026-04-16T10:08:56+00:00\",\"dateModified\":\"2026-04-17T15:51:19+00:00\",\"breadcrumb\":{\"@id\":\"https:\/\/tourcruiser.com\/fr\/products\/air-jordan-13-retro-melo-class-of-2002-b-grade-414571-035\/#breadcrumb\"},\"inLanguage\":\"fr-FR\",\"potentialAction\":[{\"@type\":\"ReadAction\",\"target\":[\"https:\/\/tourcruiser.com\/fr\/products\/air-jordan-13-retro-melo-class-of-2002-b-grade-414571-035\/\"]}]},{\"@type\":\"ImageObject\",\"inLanguage\":\"fr-FR\",\"@id\":\"https:\/\/tourcruiser.com\/fr\/products\/air-jordan-13-retro-melo-class-of-2002-b-grade-414571-035\/#primaryimage\",\"url\":\"https:\/\/images.novelship.com\/product\/air_jordan_13_retro__melo_class_of_2002___b_grade__0_88856.jpeg;https:\/\/images.novelship.com\/product\/air_jordan_13_retro__melo_class_of_2002___b_grade__1_88856.jpeg;https:\/\/images.novelship.com\/product\/air_jordan_13_retro__melo_class_of_2002___b_grade__2_88856.jpeg;https:\/\/images.novelship.com\/product\/air_jordan_13_retro__melo_class_of_2002___b_grade__3_88856.jpeg;https:\/\/images.novelship.com\/product\/air_jordan_13_retro__melo_class_of_2002___b_grade__4_88856.jpeg;https:\/\/images.novelship.com\/product\/air_jordan_13_retro__melo_class_of_2002___b_grade__5_88856.jpeg;https:\/\/images.novelship.com\/product\/air_jordan_13_retro__melo_class_of_2002___b_grade__6_88856.jpeg;https:\/\/images.novelship.com\/product\/air_jordan_13_retro__melo_class_of_2002___b_grade__7_88856.jpeg\",\"contentUrl\":\"https:\/\/images.novelship.com\/product\/air_jordan_13_retro__melo_class_of_2002___b_grade__0_88856.jpeg;https:\/\/images.novelship.com\/product\/air_jordan_13_retro__melo_class_of_2002___b_grade__1_88856.jpeg;https:\/\/images.novelship.com\/product\/air_jordan_13_retro__melo_class_of_2002___b_grade__2_88856.jpeg;https:\/\/images.novelship.com\/product\/air_jordan_13_retro__melo_class_of_2002___b_grade__3_88856.jpeg;https:\/\/images.novelship.com\/product\/air_jordan_13_retro__melo_class_of_2002___b_grade__4_88856.jpeg;https:\/\/images.novelship.com\/product\/air_jordan_13_retro__melo_class_of_2002___b_grade__5_88856.jpeg;https:\/\/images.novelship.com\/product\/air_jordan_13_retro__melo_class_of_2002___b_grade__6_88856.jpeg;https:\/\/images.novelship.com\/product\/air_jordan_13_retro__melo_class_of_2002___b_grade__7_88856.jpeg\"},{\"@type\":\"BreadcrumbList\",\"@id\":\"https:\/\/tourcruiser.com\/fr\/products\/air-jordan-13-retro-melo-class-of-2002-b-grade-414571-035\/#breadcrumb\",\"itemListElement\":[{\"@type\":\"ListItem\",\"position\":1,\"name\":\"Home\",\"item\":\"https:\/\/tourcruiser.com\/fr\/\"},{\"@type\":\"ListItem\",\"position\":2,\"name\":\"Shop\",\"item\":\"https:\/\/tourcruiser.com\/fr\/shop\/\"},{\"@type\":\"ListItem\",\"position\":3,\"name\":\"Air Jordan 13 Retro &#8216;Melo Class Of 2002&#8217; (B-Grade) 414571-035\"}]},{\"@type\":\"WebSite\",\"@id\":\"\/#website\",\"url\":\"\/\",\"name\":\"Styloral Jewelry Shop\",\"description\":\"Tourcruiser Sneaker Store \u2014 L\u2019endroit o\u00f9 l\u2019univers rencontre votre singularit\u00e9.\",\"publisher\":{\"@id\":\"\/#organization\"},\"potentialAction\":[{\"@type\":\"SearchAction\",\"target\":{\"@type\":\"EntryPoint\",\"urlTemplate\":\"\/?s={search_term_string}\"},\"query-input\":{\"@type\":\"PropertyValueSpecification\",\"valueRequired\":true,\"valueName\":\"search_term_string\"}}],\"inLanguage\":\"fr-FR\"},{\"@type\":\"Organization\",\"@id\":\"\/#organization\",\"name\":\"STYLORAL PTE. LTD\",\"url\":\"\/\",\"logo\":{\"@type\":\"ImageObject\",\"inLanguage\":\"fr-FR\",\"@id\":\"\/#\/schema\/logo\/image\/\",\"url\":\"https:\/\/www.tourcruiser.com\/wp-content\/uploads\/2025\/12\/logo.png\",\"contentUrl\":\"https:\/\/www.tourcruiser.com\/wp-content\/uploads\/2025\/12\/logo.png\",\"width\":200,\"height\":65,\"caption\":\"STYLORAL PTE. LTD\"},\"image\":{\"@id\":\"\/#\/schema\/logo\/image\/\"}}]}<\/script>\n<!-- \/ Yoast SEO plugin. -->","yoast_head_json":{"title":"Air Jordan 13 Retro 'Melo Class Of 2002' (B-Grade) 414571-035 - TOURCRUISER PTE. LTD","robots":{"index":"index","follow":"follow","max-snippet":"max-snippet:-1","max-image-preview":"max-image-preview:large","max-video-preview":"max-video-preview:-1"},"canonical":"https:\/\/tourcruiser.com\/fr\/products\/air-jordan-13-retro-melo-class-of-2002-b-grade-414571-035\/","og_locale":"fr_FR","og_type":"article","og_title":"Air Jordan 13 Retro 'Melo Class Of 2002' (B-Grade) 414571-035 - TOURCRUISER PTE. LTD","og_description":"Affichez votre soutien \u00e0 Carmelo Anthony avec l&rsquo;\u00e9dition limit\u00e9e Air Jordan 13 Retro \u00ab\u00a0Melo Class Of 2002\u00a0\u00bb. Cette sneaker de seconde main pr\u00e9sente une empeigne en cuir noir souple orn\u00e9e du logo Melo grav\u00e9 au laser. Le logo Jumpman holographique est appos\u00e9 au talon, tandis que le col asym\u00e9trique apporte une touche d&rsquo;\u00e9l\u00e9gance. Profitez du [&hellip;]","og_url":"https:\/\/tourcruiser.com\/fr\/products\/air-jordan-13-retro-melo-class-of-2002-b-grade-414571-035\/","og_site_name":"Tourcruiser Sneaker Store","article_modified_time":"2026-04-17T15:51:19+00:00","twitter_card":"summary_large_image","twitter_image":"https:\/\/images.novelship.com\/product\/air_jordan_13_retro__melo_class_of_2002___b_grade__0_88856.jpeg;https:\/\/images.novelship.com\/product\/air_jordan_13_retro__melo_class_of_2002___b_grade__1_88856.jpeg;https:\/\/images.novelship.com\/product\/air_jordan_13_retro__melo_class_of_2002___b_grade__2_88856.jpeg;https:\/\/images.novelship.com\/product\/air_jordan_13_retro__melo_class_of_2002___b_grade__3_88856.jpeg;https:\/\/images.novelship.com\/product\/air_jordan_13_retro__melo_class_of_2002___b_grade__4_88856.jpeg;https:\/\/images.novelship.com\/product\/air_jordan_13_retro__melo_class_of_2002___b_grade__5_88856.jpeg;https:\/\/images.novelship.com\/product\/air_jordan_13_retro__melo_class_of_2002___b_grade__6_88856.jpeg;https:\/\/images.novelship.com\/product\/air_jordan_13_retro__melo_class_of_2002___b_grade__7_88856.jpeg","twitter_misc":{"Dur\u00e9e de lecture estim\u00e9e":"1 minute"},"schema":{"@context":"https:\/\/schema.org","@graph":[{"@type":"WebPage","@id":"https:\/\/tourcruiser.com\/fr\/products\/air-jordan-13-retro-melo-class-of-2002-b-grade-414571-035\/","url":"https:\/\/tourcruiser.com\/fr\/products\/air-jordan-13-retro-melo-class-of-2002-b-grade-414571-035\/","name":"Air Jordan 13 Retro 'Melo Class Of 2002' (B-Grade) 414571-035 - TOURCRUISER PTE. LTD","isPartOf":{"@id":"\/#website"},"primaryImageOfPage":{"@id":"https:\/\/tourcruiser.com\/fr\/products\/air-jordan-13-retro-melo-class-of-2002-b-grade-414571-035\/#primaryimage"},"image":{"@id":"https:\/\/tourcruiser.com\/fr\/products\/air-jordan-13-retro-melo-class-of-2002-b-grade-414571-035\/#primaryimage"},"thumbnailUrl":"https:\/\/images.novelship.com\/product\/air_jordan_13_retro__melo_class_of_2002___b_grade__0_88856.jpeg;https:\/\/images.novelship.com\/product\/air_jordan_13_retro__melo_class_of_2002___b_grade__1_88856.jpeg;https:\/\/images.novelship.com\/product\/air_jordan_13_retro__melo_class_of_2002___b_grade__2_88856.jpeg;https:\/\/images.novelship.com\/product\/air_jordan_13_retro__melo_class_of_2002___b_grade__3_88856.jpeg;https:\/\/images.novelship.com\/product\/air_jordan_13_retro__melo_class_of_2002___b_grade__4_88856.jpeg;https:\/\/images.novelship.com\/product\/air_jordan_13_retro__melo_class_of_2002___b_grade__5_88856.jpeg;https:\/\/images.novelship.com\/product\/air_jordan_13_retro__melo_class_of_2002___b_grade__6_88856.jpeg;https:\/\/images.novelship.com\/product\/air_jordan_13_retro__melo_class_of_2002___b_grade__7_88856.jpeg","datePublished":"2026-04-16T10:08:56+00:00","dateModified":"2026-04-17T15:51:19+00:00","breadcrumb":{"@id":"https:\/\/tourcruiser.com\/fr\/products\/air-jordan-13-retro-melo-class-of-2002-b-grade-414571-035\/#breadcrumb"},"inLanguage":"fr-FR","potentialAction":[{"@type":"ReadAction","target":["https:\/\/tourcruiser.com\/fr\/products\/air-jordan-13-retro-melo-class-of-2002-b-grade-414571-035\/"]}]},{"@type":"ImageObject","inLanguage":"fr-FR","@id":"https:\/\/tourcruiser.com\/fr\/products\/air-jordan-13-retro-melo-class-of-2002-b-grade-414571-035\/#primaryimage","url":"https:\/\/images.novelship.com\/product\/air_jordan_13_retro__melo_class_of_2002___b_grade__0_88856.jpeg;https:\/\/images.novelship.com\/product\/air_jordan_13_retro__melo_class_of_2002___b_grade__1_88856.jpeg;https:\/\/images.novelship.com\/product\/air_jordan_13_retro__melo_class_of_2002___b_grade__2_88856.jpeg;https:\/\/images.novelship.com\/product\/air_jordan_13_retro__melo_class_of_2002___b_grade__3_88856.jpeg;https:\/\/images.novelship.com\/product\/air_jordan_13_retro__melo_class_of_2002___b_grade__4_88856.jpeg;https:\/\/images.novelship.com\/product\/air_jordan_13_retro__melo_class_of_2002___b_grade__5_88856.jpeg;https:\/\/images.novelship.com\/product\/air_jordan_13_retro__melo_class_of_2002___b_grade__6_88856.jpeg;https:\/\/images.novelship.com\/product\/air_jordan_13_retro__melo_class_of_2002___b_grade__7_88856.jpeg","contentUrl":"https:\/\/images.novelship.com\/product\/air_jordan_13_retro__melo_class_of_2002___b_grade__0_88856.jpeg;https:\/\/images.novelship.com\/product\/air_jordan_13_retro__melo_class_of_2002___b_grade__1_88856.jpeg;https:\/\/images.novelship.com\/product\/air_jordan_13_retro__melo_class_of_2002___b_grade__2_88856.jpeg;https:\/\/images.novelship.com\/product\/air_jordan_13_retro__melo_class_of_2002___b_grade__3_88856.jpeg;https:\/\/images.novelship.com\/product\/air_jordan_13_retro__melo_class_of_2002___b_grade__4_88856.jpeg;https:\/\/images.novelship.com\/product\/air_jordan_13_retro__melo_class_of_2002___b_grade__5_88856.jpeg;https:\/\/images.novelship.com\/product\/air_jordan_13_retro__melo_class_of_2002___b_grade__6_88856.jpeg;https:\/\/images.novelship.com\/product\/air_jordan_13_retro__melo_class_of_2002___b_grade__7_88856.jpeg"},{"@type":"BreadcrumbList","@id":"https:\/\/tourcruiser.com\/fr\/products\/air-jordan-13-retro-melo-class-of-2002-b-grade-414571-035\/#breadcrumb","itemListElement":[{"@type":"ListItem","position":1,"name":"Home","item":"https:\/\/tourcruiser.com\/fr\/"},{"@type":"ListItem","position":2,"name":"Shop","item":"https:\/\/tourcruiser.com\/fr\/shop\/"},{"@type":"ListItem","position":3,"name":"Air Jordan 13 Retro &#8216;Melo Class Of 2002&#8217; (B-Grade) 414571-035"}]},{"@type":"WebSite","@id":"\/#website","url":"\/","name":"Styloral Jewelry Shop","description":"Tourcruiser Sneaker Store \u2014 L\u2019endroit o\u00f9 l\u2019univers rencontre votre singularit\u00e9.","publisher":{"@id":"\/#organization"},"potentialAction":[{"@type":"SearchAction","target":{"@type":"EntryPoint","urlTemplate":"\/?s={search_term_string}"},"query-input":{"@type":"PropertyValueSpecification","valueRequired":true,"valueName":"search_term_string"}}],"inLanguage":"fr-FR"},{"@type":"Organization","@id":"\/#organization","name":"STYLORAL PTE. LTD","url":"\/","logo":{"@type":"ImageObject","inLanguage":"fr-FR","@id":"\/#\/schema\/logo\/image\/","url":"https:\/\/www.tourcruiser.com\/wp-content\/uploads\/2025\/12\/logo.png","contentUrl":"https:\/\/www.tourcruiser.com\/wp-content\/uploads\/2025\/12\/logo.png","width":200,"height":65,"caption":"STYLORAL PTE. LTD"},"image":{"@id":"\/#\/schema\/logo\/image\/"}}]}},"_links":{"self":[{"href":"https:\/\/tourcruiser.com\/fr\/wp-json\/wp\/v2\/product\/760758","targetHints":{"allow":["GET"]}}],"collection":[{"href":"https:\/\/tourcruiser.com\/fr\/wp-json\/wp\/v2\/product"}],"about":[{"href":"https:\/\/tourcruiser.com\/fr\/wp-json\/wp\/v2\/types\/product"}],"replies":[{"embeddable":true,"href":"https:\/\/tourcruiser.com\/fr\/wp-json\/wp\/v2\/comments?post=760758"}],"wp:featuredmedia":[{"embeddable":true,"href":"https:\/\/tourcruiser.com\/fr\/wp-json\/wp\/v2\/media\/760759"}],"wp:attachment":[{"href":"https:\/\/tourcruiser.com\/fr\/wp-json\/wp\/v2\/media?parent=760758"}],"wp:term":[{"taxonomy":"product_brand","embeddable":true,"href":"https:\/\/tourcruiser.com\/fr\/wp-json\/wp\/v2\/product_brand?post=760758"},{"taxonomy":"product_cat","embeddable":true,"href":"https:\/\/tourcruiser.com\/fr\/wp-json\/wp\/v2\/product_cat?post=760758"},{"taxonomy":"product_tag","embeddable":true,"href":"https:\/\/tourcruiser.com\/fr\/wp-json\/wp\/v2\/product_tag?post=760758"}],"curies":[{"name":"wp","href":"https:\/\/api.w.org\/{rel}","templated":true}]}}