{"id":760740,"date":"2026-04-16T17:08:56","date_gmt":"2026-04-16T10:08:56","guid":{"rendered":"http:\/\/tourcruiser.com\/product\/air-jordan-4-retro-11lab4-black-patent-leather-719864-010"},"modified":"2026-04-17T22:51:18","modified_gmt":"2026-04-17T15:51:18","slug":"air-jordan-4-retro-11lab4-black-patent-leather-719864-010","status":"publish","type":"product","link":"https:\/\/tourcruiser.com\/fr\/products\/air-jordan-4-retro-11lab4-black-patent-leather-719864-010\/","title":{"rendered":"Air Jordan 4 Retro 11Lab4 &lsquo;Black Patent Leather&rsquo; 719864-010"},"content":{"rendered":"<p>La Air Jordan 4 Retro 11Lab4 Black Patent Leather, \u00e9galement connue sous le nom de Black Patent Leather, est une chaussure \u00e9l\u00e9gante et embl\u00e9matique de la marque Jordan. Son design \u00e9pur\u00e9 et captivant, avec son empeigne en cuir verni noir, en fait un incontournable pour les passionn\u00e9s de sneakers. Affirmez votre style avec la Air Jordan 4 Retro 11Lab4 en cuir verni noir.<\/p>\n<p>Coloris\u00a0: Noir\/Noir-Blanc<\/p>\n<p>Code article\u00a0: 719864-010<\/p>\n<p>Empeigne\u00a0: Cuir verni<\/p>\n<p>Semelle interm\u00e9diaire\u00a0: Air<\/p>\n<p>Couleur\u00a0: Noir<\/p>\n<p>Designer\u00a0: Tinker Hatfield<\/p>\n<p>Saison\u00a0: Printemps<\/p>\n<p>Ann\u00e9e de sortie\u00a0: 2015<\/p>\n<p>\u00c2ge\u00a0: Adulte<\/p>\n<p>Couleur\u00a0: Noir<\/p>\n<p>Genre\u00a0: Homme<\/p>\n","protected":false},"excerpt":{"rendered":"<p>La Air Jordan 4 Retro 11Lab4 Black Patent Leather, \u00e9galement connue sous le nom de Black Patent Leather, est une chaussure \u00e9l\u00e9gante et embl\u00e9matique de la marque Jordan. Son design \u00e9pur\u00e9 et captivant, avec son empeigne en cuir verni noir, en fait un incontournable pour les passionn\u00e9s de sneakers. Affirmez votre style avec la Air [&hellip;]<\/p>\n","protected":false},"featured_media":760741,"comment_status":"open","ping_status":"closed","template":"","meta":[],"product_brand":[],"product_cat":[38880],"product_tag":[10750,38841,10776,10777,10756],"class_list":{"0":"post-760740","1":"product","2":"type-product","3":"status-publish","4":"has-post-thumbnail","6":"product_cat-jordan","7":"product_tag-athleisure-shoes","8":"product_tag-casual-shoes","9":"product_tag-jordan","10":"product_tag-lifestyle-shoes-basketball-inspired","11":"product_tag-retro-casual-shoes","13":"first","14":"instock","15":"taxable","16":"shipping-taxable","17":"purchasable","18":"product-type-simple"},"wcpa_form_fields":null,"yoast_head":"<!-- This site is optimized with the Yoast SEO plugin v26.5 - https:\/\/yoast.com\/wordpress\/plugins\/seo\/ -->\n<title>Air Jordan 4 Retro 11Lab4 &#039;Black Patent Leather&#039; 719864-010 - TOURCRUISER PTE. LTD<\/title>\n<meta name=\"robots\" content=\"index, follow, max-snippet:-1, max-image-preview:large, max-video-preview:-1\" \/>\n<link rel=\"canonical\" href=\"https:\/\/tourcruiser.com\/fr\/products\/air-jordan-4-retro-11lab4-black-patent-leather-719864-010\/\" \/>\n<meta property=\"og:locale\" content=\"fr_FR\" \/>\n<meta property=\"og:type\" content=\"article\" \/>\n<meta property=\"og:title\" content=\"Air Jordan 4 Retro 11Lab4 &#039;Black Patent Leather&#039; 719864-010 - TOURCRUISER PTE. LTD\" \/>\n<meta property=\"og:description\" content=\"La Air Jordan 4 Retro 11Lab4 Black Patent Leather, \u00e9galement connue sous le nom de Black Patent Leather, est une chaussure \u00e9l\u00e9gante et embl\u00e9matique de la marque Jordan. Son design \u00e9pur\u00e9 et captivant, avec son empeigne en cuir verni noir, en fait un incontournable pour les passionn\u00e9s de sneakers. Affirmez votre style avec la Air [&hellip;]\" \/>\n<meta property=\"og:url\" content=\"https:\/\/tourcruiser.com\/fr\/products\/air-jordan-4-retro-11lab4-black-patent-leather-719864-010\/\" \/>\n<meta property=\"og:site_name\" content=\"Tourcruiser Sneaker Store\" \/>\n<meta property=\"article:modified_time\" content=\"2026-04-17T15:51:18+00:00\" \/>\n<meta name=\"twitter:card\" content=\"summary_large_image\" \/>\n<meta name=\"twitter:image\" content=\"https:\/\/images.novelship.com\/product\/air_jordan_4_retro_11lab4__black_patent_leather__7_0_88185.jpeg;https:\/\/images.novelship.com\/product\/air_jordan_4_retro_11lab4__black_patent_leather__7_1_88185.jpeg;https:\/\/images.novelship.com\/product\/air_jordan_4_retro_11lab4__black_patent_leather__7_2_88186.jpeg;https:\/\/images.novelship.com\/product\/air_jordan_4_retro_11lab4__black_patent_leather__7_3_88186.jpeg;https:\/\/images.novelship.com\/product\/air_jordan_4_retro_11lab4__black_patent_leather__7_4_88186.jpeg;https:\/\/images.novelship.com\/product\/air_jordan_4_retro_11lab4__black_patent_leather__7_5_88186.jpeg;https:\/\/images.novelship.com\/product\/air_jordan_4_retro_11lab4__black_patent_leather__7_6_88186.jpeg;https:\/\/images.novelship.com\/product\/air_jordan_4_retro_11lab4__black_patent_leather__7_7_88186.jpeg\" \/>\n<script type=\"application\/ld+json\" class=\"yoast-schema-graph\">{\"@context\":\"https:\/\/schema.org\",\"@graph\":[{\"@type\":\"WebPage\",\"@id\":\"https:\/\/tourcruiser.com\/fr\/products\/air-jordan-4-retro-11lab4-black-patent-leather-719864-010\/\",\"url\":\"https:\/\/tourcruiser.com\/fr\/products\/air-jordan-4-retro-11lab4-black-patent-leather-719864-010\/\",\"name\":\"Air Jordan 4 Retro 11Lab4 'Black Patent Leather' 719864-010 - TOURCRUISER PTE. LTD\",\"isPartOf\":{\"@id\":\"\/#website\"},\"primaryImageOfPage\":{\"@id\":\"https:\/\/tourcruiser.com\/fr\/products\/air-jordan-4-retro-11lab4-black-patent-leather-719864-010\/#primaryimage\"},\"image\":{\"@id\":\"https:\/\/tourcruiser.com\/fr\/products\/air-jordan-4-retro-11lab4-black-patent-leather-719864-010\/#primaryimage\"},\"thumbnailUrl\":\"https:\/\/images.novelship.com\/product\/air_jordan_4_retro_11lab4__black_patent_leather__7_0_88185.jpeg;https:\/\/images.novelship.com\/product\/air_jordan_4_retro_11lab4__black_patent_leather__7_1_88185.jpeg;https:\/\/images.novelship.com\/product\/air_jordan_4_retro_11lab4__black_patent_leather__7_2_88186.jpeg;https:\/\/images.novelship.com\/product\/air_jordan_4_retro_11lab4__black_patent_leather__7_3_88186.jpeg;https:\/\/images.novelship.com\/product\/air_jordan_4_retro_11lab4__black_patent_leather__7_4_88186.jpeg;https:\/\/images.novelship.com\/product\/air_jordan_4_retro_11lab4__black_patent_leather__7_5_88186.jpeg;https:\/\/images.novelship.com\/product\/air_jordan_4_retro_11lab4__black_patent_leather__7_6_88186.jpeg;https:\/\/images.novelship.com\/product\/air_jordan_4_retro_11lab4__black_patent_leather__7_7_88186.jpeg\",\"datePublished\":\"2026-04-16T10:08:56+00:00\",\"dateModified\":\"2026-04-17T15:51:18+00:00\",\"breadcrumb\":{\"@id\":\"https:\/\/tourcruiser.com\/fr\/products\/air-jordan-4-retro-11lab4-black-patent-leather-719864-010\/#breadcrumb\"},\"inLanguage\":\"fr-FR\",\"potentialAction\":[{\"@type\":\"ReadAction\",\"target\":[\"https:\/\/tourcruiser.com\/fr\/products\/air-jordan-4-retro-11lab4-black-patent-leather-719864-010\/\"]}]},{\"@type\":\"ImageObject\",\"inLanguage\":\"fr-FR\",\"@id\":\"https:\/\/tourcruiser.com\/fr\/products\/air-jordan-4-retro-11lab4-black-patent-leather-719864-010\/#primaryimage\",\"url\":\"https:\/\/images.novelship.com\/product\/air_jordan_4_retro_11lab4__black_patent_leather__7_0_88185.jpeg;https:\/\/images.novelship.com\/product\/air_jordan_4_retro_11lab4__black_patent_leather__7_1_88185.jpeg;https:\/\/images.novelship.com\/product\/air_jordan_4_retro_11lab4__black_patent_leather__7_2_88186.jpeg;https:\/\/images.novelship.com\/product\/air_jordan_4_retro_11lab4__black_patent_leather__7_3_88186.jpeg;https:\/\/images.novelship.com\/product\/air_jordan_4_retro_11lab4__black_patent_leather__7_4_88186.jpeg;https:\/\/images.novelship.com\/product\/air_jordan_4_retro_11lab4__black_patent_leather__7_5_88186.jpeg;https:\/\/images.novelship.com\/product\/air_jordan_4_retro_11lab4__black_patent_leather__7_6_88186.jpeg;https:\/\/images.novelship.com\/product\/air_jordan_4_retro_11lab4__black_patent_leather__7_7_88186.jpeg\",\"contentUrl\":\"https:\/\/images.novelship.com\/product\/air_jordan_4_retro_11lab4__black_patent_leather__7_0_88185.jpeg;https:\/\/images.novelship.com\/product\/air_jordan_4_retro_11lab4__black_patent_leather__7_1_88185.jpeg;https:\/\/images.novelship.com\/product\/air_jordan_4_retro_11lab4__black_patent_leather__7_2_88186.jpeg;https:\/\/images.novelship.com\/product\/air_jordan_4_retro_11lab4__black_patent_leather__7_3_88186.jpeg;https:\/\/images.novelship.com\/product\/air_jordan_4_retro_11lab4__black_patent_leather__7_4_88186.jpeg;https:\/\/images.novelship.com\/product\/air_jordan_4_retro_11lab4__black_patent_leather__7_5_88186.jpeg;https:\/\/images.novelship.com\/product\/air_jordan_4_retro_11lab4__black_patent_leather__7_6_88186.jpeg;https:\/\/images.novelship.com\/product\/air_jordan_4_retro_11lab4__black_patent_leather__7_7_88186.jpeg\"},{\"@type\":\"BreadcrumbList\",\"@id\":\"https:\/\/tourcruiser.com\/fr\/products\/air-jordan-4-retro-11lab4-black-patent-leather-719864-010\/#breadcrumb\",\"itemListElement\":[{\"@type\":\"ListItem\",\"position\":1,\"name\":\"Home\",\"item\":\"https:\/\/tourcruiser.com\/fr\/\"},{\"@type\":\"ListItem\",\"position\":2,\"name\":\"Shop\",\"item\":\"https:\/\/tourcruiser.com\/fr\/shop\/\"},{\"@type\":\"ListItem\",\"position\":3,\"name\":\"Air Jordan 4 Retro 11Lab4 &#8216;Black Patent Leather&#8217; 719864-010\"}]},{\"@type\":\"WebSite\",\"@id\":\"\/#website\",\"url\":\"\/\",\"name\":\"Styloral Jewelry Shop\",\"description\":\"Tourcruiser Sneaker Store \u2014 L\u2019endroit o\u00f9 l\u2019univers rencontre votre singularit\u00e9.\",\"publisher\":{\"@id\":\"\/#organization\"},\"potentialAction\":[{\"@type\":\"SearchAction\",\"target\":{\"@type\":\"EntryPoint\",\"urlTemplate\":\"\/?s={search_term_string}\"},\"query-input\":{\"@type\":\"PropertyValueSpecification\",\"valueRequired\":true,\"valueName\":\"search_term_string\"}}],\"inLanguage\":\"fr-FR\"},{\"@type\":\"Organization\",\"@id\":\"\/#organization\",\"name\":\"STYLORAL PTE. LTD\",\"url\":\"\/\",\"logo\":{\"@type\":\"ImageObject\",\"inLanguage\":\"fr-FR\",\"@id\":\"\/#\/schema\/logo\/image\/\",\"url\":\"https:\/\/www.tourcruiser.com\/wp-content\/uploads\/2025\/12\/logo.png\",\"contentUrl\":\"https:\/\/www.tourcruiser.com\/wp-content\/uploads\/2025\/12\/logo.png\",\"width\":200,\"height\":65,\"caption\":\"STYLORAL PTE. LTD\"},\"image\":{\"@id\":\"\/#\/schema\/logo\/image\/\"}}]}<\/script>\n<!-- \/ Yoast SEO plugin. -->","yoast_head_json":{"title":"Air Jordan 4 Retro 11Lab4 'Black Patent Leather' 719864-010 - TOURCRUISER PTE. LTD","robots":{"index":"index","follow":"follow","max-snippet":"max-snippet:-1","max-image-preview":"max-image-preview:large","max-video-preview":"max-video-preview:-1"},"canonical":"https:\/\/tourcruiser.com\/fr\/products\/air-jordan-4-retro-11lab4-black-patent-leather-719864-010\/","og_locale":"fr_FR","og_type":"article","og_title":"Air Jordan 4 Retro 11Lab4 'Black Patent Leather' 719864-010 - TOURCRUISER PTE. LTD","og_description":"La Air Jordan 4 Retro 11Lab4 Black Patent Leather, \u00e9galement connue sous le nom de Black Patent Leather, est une chaussure \u00e9l\u00e9gante et embl\u00e9matique de la marque Jordan. Son design \u00e9pur\u00e9 et captivant, avec son empeigne en cuir verni noir, en fait un incontournable pour les passionn\u00e9s de sneakers. Affirmez votre style avec la Air [&hellip;]","og_url":"https:\/\/tourcruiser.com\/fr\/products\/air-jordan-4-retro-11lab4-black-patent-leather-719864-010\/","og_site_name":"Tourcruiser Sneaker Store","article_modified_time":"2026-04-17T15:51:18+00:00","twitter_card":"summary_large_image","twitter_image":"https:\/\/images.novelship.com\/product\/air_jordan_4_retro_11lab4__black_patent_leather__7_0_88185.jpeg;https:\/\/images.novelship.com\/product\/air_jordan_4_retro_11lab4__black_patent_leather__7_1_88185.jpeg;https:\/\/images.novelship.com\/product\/air_jordan_4_retro_11lab4__black_patent_leather__7_2_88186.jpeg;https:\/\/images.novelship.com\/product\/air_jordan_4_retro_11lab4__black_patent_leather__7_3_88186.jpeg;https:\/\/images.novelship.com\/product\/air_jordan_4_retro_11lab4__black_patent_leather__7_4_88186.jpeg;https:\/\/images.novelship.com\/product\/air_jordan_4_retro_11lab4__black_patent_leather__7_5_88186.jpeg;https:\/\/images.novelship.com\/product\/air_jordan_4_retro_11lab4__black_patent_leather__7_6_88186.jpeg;https:\/\/images.novelship.com\/product\/air_jordan_4_retro_11lab4__black_patent_leather__7_7_88186.jpeg","schema":{"@context":"https:\/\/schema.org","@graph":[{"@type":"WebPage","@id":"https:\/\/tourcruiser.com\/fr\/products\/air-jordan-4-retro-11lab4-black-patent-leather-719864-010\/","url":"https:\/\/tourcruiser.com\/fr\/products\/air-jordan-4-retro-11lab4-black-patent-leather-719864-010\/","name":"Air Jordan 4 Retro 11Lab4 'Black Patent Leather' 719864-010 - TOURCRUISER PTE. LTD","isPartOf":{"@id":"\/#website"},"primaryImageOfPage":{"@id":"https:\/\/tourcruiser.com\/fr\/products\/air-jordan-4-retro-11lab4-black-patent-leather-719864-010\/#primaryimage"},"image":{"@id":"https:\/\/tourcruiser.com\/fr\/products\/air-jordan-4-retro-11lab4-black-patent-leather-719864-010\/#primaryimage"},"thumbnailUrl":"https:\/\/images.novelship.com\/product\/air_jordan_4_retro_11lab4__black_patent_leather__7_0_88185.jpeg;https:\/\/images.novelship.com\/product\/air_jordan_4_retro_11lab4__black_patent_leather__7_1_88185.jpeg;https:\/\/images.novelship.com\/product\/air_jordan_4_retro_11lab4__black_patent_leather__7_2_88186.jpeg;https:\/\/images.novelship.com\/product\/air_jordan_4_retro_11lab4__black_patent_leather__7_3_88186.jpeg;https:\/\/images.novelship.com\/product\/air_jordan_4_retro_11lab4__black_patent_leather__7_4_88186.jpeg;https:\/\/images.novelship.com\/product\/air_jordan_4_retro_11lab4__black_patent_leather__7_5_88186.jpeg;https:\/\/images.novelship.com\/product\/air_jordan_4_retro_11lab4__black_patent_leather__7_6_88186.jpeg;https:\/\/images.novelship.com\/product\/air_jordan_4_retro_11lab4__black_patent_leather__7_7_88186.jpeg","datePublished":"2026-04-16T10:08:56+00:00","dateModified":"2026-04-17T15:51:18+00:00","breadcrumb":{"@id":"https:\/\/tourcruiser.com\/fr\/products\/air-jordan-4-retro-11lab4-black-patent-leather-719864-010\/#breadcrumb"},"inLanguage":"fr-FR","potentialAction":[{"@type":"ReadAction","target":["https:\/\/tourcruiser.com\/fr\/products\/air-jordan-4-retro-11lab4-black-patent-leather-719864-010\/"]}]},{"@type":"ImageObject","inLanguage":"fr-FR","@id":"https:\/\/tourcruiser.com\/fr\/products\/air-jordan-4-retro-11lab4-black-patent-leather-719864-010\/#primaryimage","url":"https:\/\/images.novelship.com\/product\/air_jordan_4_retro_11lab4__black_patent_leather__7_0_88185.jpeg;https:\/\/images.novelship.com\/product\/air_jordan_4_retro_11lab4__black_patent_leather__7_1_88185.jpeg;https:\/\/images.novelship.com\/product\/air_jordan_4_retro_11lab4__black_patent_leather__7_2_88186.jpeg;https:\/\/images.novelship.com\/product\/air_jordan_4_retro_11lab4__black_patent_leather__7_3_88186.jpeg;https:\/\/images.novelship.com\/product\/air_jordan_4_retro_11lab4__black_patent_leather__7_4_88186.jpeg;https:\/\/images.novelship.com\/product\/air_jordan_4_retro_11lab4__black_patent_leather__7_5_88186.jpeg;https:\/\/images.novelship.com\/product\/air_jordan_4_retro_11lab4__black_patent_leather__7_6_88186.jpeg;https:\/\/images.novelship.com\/product\/air_jordan_4_retro_11lab4__black_patent_leather__7_7_88186.jpeg","contentUrl":"https:\/\/images.novelship.com\/product\/air_jordan_4_retro_11lab4__black_patent_leather__7_0_88185.jpeg;https:\/\/images.novelship.com\/product\/air_jordan_4_retro_11lab4__black_patent_leather__7_1_88185.jpeg;https:\/\/images.novelship.com\/product\/air_jordan_4_retro_11lab4__black_patent_leather__7_2_88186.jpeg;https:\/\/images.novelship.com\/product\/air_jordan_4_retro_11lab4__black_patent_leather__7_3_88186.jpeg;https:\/\/images.novelship.com\/product\/air_jordan_4_retro_11lab4__black_patent_leather__7_4_88186.jpeg;https:\/\/images.novelship.com\/product\/air_jordan_4_retro_11lab4__black_patent_leather__7_5_88186.jpeg;https:\/\/images.novelship.com\/product\/air_jordan_4_retro_11lab4__black_patent_leather__7_6_88186.jpeg;https:\/\/images.novelship.com\/product\/air_jordan_4_retro_11lab4__black_patent_leather__7_7_88186.jpeg"},{"@type":"BreadcrumbList","@id":"https:\/\/tourcruiser.com\/fr\/products\/air-jordan-4-retro-11lab4-black-patent-leather-719864-010\/#breadcrumb","itemListElement":[{"@type":"ListItem","position":1,"name":"Home","item":"https:\/\/tourcruiser.com\/fr\/"},{"@type":"ListItem","position":2,"name":"Shop","item":"https:\/\/tourcruiser.com\/fr\/shop\/"},{"@type":"ListItem","position":3,"name":"Air Jordan 4 Retro 11Lab4 &#8216;Black Patent Leather&#8217; 719864-010"}]},{"@type":"WebSite","@id":"\/#website","url":"\/","name":"Styloral Jewelry Shop","description":"Tourcruiser Sneaker Store \u2014 L\u2019endroit o\u00f9 l\u2019univers rencontre votre singularit\u00e9.","publisher":{"@id":"\/#organization"},"potentialAction":[{"@type":"SearchAction","target":{"@type":"EntryPoint","urlTemplate":"\/?s={search_term_string}"},"query-input":{"@type":"PropertyValueSpecification","valueRequired":true,"valueName":"search_term_string"}}],"inLanguage":"fr-FR"},{"@type":"Organization","@id":"\/#organization","name":"STYLORAL PTE. LTD","url":"\/","logo":{"@type":"ImageObject","inLanguage":"fr-FR","@id":"\/#\/schema\/logo\/image\/","url":"https:\/\/www.tourcruiser.com\/wp-content\/uploads\/2025\/12\/logo.png","contentUrl":"https:\/\/www.tourcruiser.com\/wp-content\/uploads\/2025\/12\/logo.png","width":200,"height":65,"caption":"STYLORAL PTE. LTD"},"image":{"@id":"\/#\/schema\/logo\/image\/"}}]}},"_links":{"self":[{"href":"https:\/\/tourcruiser.com\/fr\/wp-json\/wp\/v2\/product\/760740","targetHints":{"allow":["GET"]}}],"collection":[{"href":"https:\/\/tourcruiser.com\/fr\/wp-json\/wp\/v2\/product"}],"about":[{"href":"https:\/\/tourcruiser.com\/fr\/wp-json\/wp\/v2\/types\/product"}],"replies":[{"embeddable":true,"href":"https:\/\/tourcruiser.com\/fr\/wp-json\/wp\/v2\/comments?post=760740"}],"wp:featuredmedia":[{"embeddable":true,"href":"https:\/\/tourcruiser.com\/fr\/wp-json\/wp\/v2\/media\/760741"}],"wp:attachment":[{"href":"https:\/\/tourcruiser.com\/fr\/wp-json\/wp\/v2\/media?parent=760740"}],"wp:term":[{"taxonomy":"product_brand","embeddable":true,"href":"https:\/\/tourcruiser.com\/fr\/wp-json\/wp\/v2\/product_brand?post=760740"},{"taxonomy":"product_cat","embeddable":true,"href":"https:\/\/tourcruiser.com\/fr\/wp-json\/wp\/v2\/product_cat?post=760740"},{"taxonomy":"product_tag","embeddable":true,"href":"https:\/\/tourcruiser.com\/fr\/wp-json\/wp\/v2\/product_tag?post=760740"}],"curies":[{"name":"wp","href":"https:\/\/api.w.org\/{rel}","templated":true}]}}