{"id":760722,"date":"2026-04-16T17:08:55","date_gmt":"2026-04-16T10:08:55","guid":{"rendered":"http:\/\/tourcruiser.com\/product\/grade-school-air-jordan-11-retro-low-concord-bred-528896-160"},"modified":"2026-04-17T22:51:17","modified_gmt":"2026-04-17T15:51:17","slug":"grade-school-air-jordan-11-retro-low-concord-bred-528896-160","status":"publish","type":"product","link":"https:\/\/tourcruiser.com\/fr\/products\/grade-school-air-jordan-11-retro-low-concord-bred-528896-160\/","title":{"rendered":"(Grade School) Air Jordan 11 Retro Low &lsquo;Concord-Bred&rsquo; 528896-160"},"content":{"rendered":"<p>La Air Jordan 11 Retro Low Concord-Bred (GS), aussi appel\u00e9e Concord Bred, est une sneaker styl\u00e9e pour les jeunes fans de la c\u00e9l\u00e8bre marque Jordan. Avec son design \u00e9pur\u00e9 et ses coloris classiques, dont le blanc et l&#8217;embl\u00e9matique combinaison Concord-Bred, c&rsquo;est un incontournable pour tout jeune passionn\u00e9 de sneakers.<\/p>\n<p>Coloris\u00a0: Blanc\/Rouge universitaire\/Noir\/Rouge vif<\/p>\n<p>Num\u00e9ro d&rsquo;article\u00a0: 528896-160<\/p>\n<p>Tige\u00a0: Cuir<\/p>\n<p>Semelle interm\u00e9diaire\u00a0: Air<\/p>\n<p>Couleur\u00a0: Blanc<\/p>\n<p>Designer\u00a0: Tinker Hatfield<\/p>\n<p>Saison\u00a0: Printemps<\/p>\n<p>Ann\u00e9e de sortie\u00a0: 2019<\/p>\n<p>\u00c2ge\u00a0: Adulte<\/p>\n<p>Couleur\u00a0: Blanc<\/p>\n<p>Genre\u00a0: Jeune<\/p>\n","protected":false},"excerpt":{"rendered":"<p>La Air Jordan 11 Retro Low Concord-Bred (GS), aussi appel\u00e9e Concord Bred, est une sneaker styl\u00e9e pour les jeunes fans de la c\u00e9l\u00e8bre marque Jordan. Avec son design \u00e9pur\u00e9 et ses coloris classiques, dont le blanc et l&#8217;embl\u00e9matique combinaison Concord-Bred, c&rsquo;est un incontournable pour tout jeune passionn\u00e9 de sneakers. Coloris\u00a0: Blanc\/Rouge universitaire\/Noir\/Rouge vif Num\u00e9ro d&rsquo;article\u00a0: [&hellip;]<\/p>\n","protected":false},"featured_media":760723,"comment_status":"open","ping_status":"closed","template":"","meta":[],"product_brand":[],"product_cat":[38880],"product_tag":[10800,38874,10776,11349,38875,11129,38846],"class_list":{"0":"post-760722","1":"product","2":"type-product","3":"status-publish","4":"has-post-thumbnail","6":"product_cat-jordan","7":"product_tag-basketball-shoes","8":"product_tag-hari-raya-gs","9":"product_tag-jordan","10":"product_tag-jordan-basketball-shoes","11":"product_tag-jordan-skateboard-shoes","12":"product_tag-lightweight-basketball-shoes","13":"product_tag-performance-sports-shoes","15":"first","16":"instock","17":"taxable","18":"shipping-taxable","19":"purchasable","20":"product-type-simple"},"wcpa_form_fields":null,"yoast_head":"<!-- This site is optimized with the Yoast SEO plugin v26.5 - https:\/\/yoast.com\/wordpress\/plugins\/seo\/ -->\n<title>(Grade School) Air Jordan 11 Retro Low &#039;Concord-Bred&#039; 528896-160 - TOURCRUISER PTE. LTD<\/title>\n<meta name=\"robots\" content=\"index, follow, max-snippet:-1, max-image-preview:large, max-video-preview:-1\" \/>\n<link rel=\"canonical\" href=\"https:\/\/tourcruiser.com\/fr\/products\/grade-school-air-jordan-11-retro-low-concord-bred-528896-160\/\" \/>\n<meta property=\"og:locale\" content=\"fr_FR\" \/>\n<meta property=\"og:type\" content=\"article\" \/>\n<meta property=\"og:title\" content=\"(Grade School) Air Jordan 11 Retro Low &#039;Concord-Bred&#039; 528896-160 - TOURCRUISER PTE. LTD\" \/>\n<meta property=\"og:description\" content=\"La Air Jordan 11 Retro Low Concord-Bred (GS), aussi appel\u00e9e Concord Bred, est une sneaker styl\u00e9e pour les jeunes fans de la c\u00e9l\u00e8bre marque Jordan. Avec son design \u00e9pur\u00e9 et ses coloris classiques, dont le blanc et l&#8217;embl\u00e9matique combinaison Concord-Bred, c&rsquo;est un incontournable pour tout jeune passionn\u00e9 de sneakers. Coloris\u00a0: Blanc\/Rouge universitaire\/Noir\/Rouge vif Num\u00e9ro d&rsquo;article\u00a0: [&hellip;]\" \/>\n<meta property=\"og:url\" content=\"https:\/\/tourcruiser.com\/fr\/products\/grade-school-air-jordan-11-retro-low-concord-bred-528896-160\/\" \/>\n<meta property=\"og:site_name\" content=\"Tourcruiser Sneaker Store\" \/>\n<meta property=\"article:modified_time\" content=\"2026-04-17T15:51:17+00:00\" \/>\n<meta name=\"twitter:card\" content=\"summary_large_image\" \/>\n<meta name=\"twitter:image\" content=\"https:\/\/images.novelship.com\/product\/_grade_school__air_jordan_11_retro_low__concord_br_0_49222.jpeg;https:\/\/images.novelship.com\/product\/_grade_school__air_jordan_11_retro_low__concord_br_1_49222.jpeg;https:\/\/images.novelship.com\/product\/_grade_school__air_jordan_11_retro_low__concord_br_2_49222.jpeg;https:\/\/images.novelship.com\/product\/_grade_school__air_jordan_11_retro_low__concord_br_3_49222.jpeg;https:\/\/images.novelship.com\/product\/_grade_school__air_jordan_11_retro_low__concord_br_4_49222.jpeg;https:\/\/images.novelship.com\/product\/_grade_school__air_jordan_11_retro_low__concord_br_5_49222.jpeg;https:\/\/images.novelship.com\/product\/_grade_school__air_jordan_11_retro_low__concord_br_6_49222.jpeg;https:\/\/images.novelship.com\/product\/_grade_school__air_jordan_11_retro_low__concord_br_7_49222.jpeg\" \/>\n<script type=\"application\/ld+json\" class=\"yoast-schema-graph\">{\"@context\":\"https:\/\/schema.org\",\"@graph\":[{\"@type\":\"WebPage\",\"@id\":\"https:\/\/tourcruiser.com\/fr\/products\/grade-school-air-jordan-11-retro-low-concord-bred-528896-160\/\",\"url\":\"https:\/\/tourcruiser.com\/fr\/products\/grade-school-air-jordan-11-retro-low-concord-bred-528896-160\/\",\"name\":\"(Grade School) Air Jordan 11 Retro Low 'Concord-Bred' 528896-160 - TOURCRUISER PTE. LTD\",\"isPartOf\":{\"@id\":\"\/#website\"},\"primaryImageOfPage\":{\"@id\":\"https:\/\/tourcruiser.com\/fr\/products\/grade-school-air-jordan-11-retro-low-concord-bred-528896-160\/#primaryimage\"},\"image\":{\"@id\":\"https:\/\/tourcruiser.com\/fr\/products\/grade-school-air-jordan-11-retro-low-concord-bred-528896-160\/#primaryimage\"},\"thumbnailUrl\":\"https:\/\/images.novelship.com\/product\/_grade_school__air_jordan_11_retro_low__concord_br_0_49222.jpeg;https:\/\/images.novelship.com\/product\/_grade_school__air_jordan_11_retro_low__concord_br_1_49222.jpeg;https:\/\/images.novelship.com\/product\/_grade_school__air_jordan_11_retro_low__concord_br_2_49222.jpeg;https:\/\/images.novelship.com\/product\/_grade_school__air_jordan_11_retro_low__concord_br_3_49222.jpeg;https:\/\/images.novelship.com\/product\/_grade_school__air_jordan_11_retro_low__concord_br_4_49222.jpeg;https:\/\/images.novelship.com\/product\/_grade_school__air_jordan_11_retro_low__concord_br_5_49222.jpeg;https:\/\/images.novelship.com\/product\/_grade_school__air_jordan_11_retro_low__concord_br_6_49222.jpeg;https:\/\/images.novelship.com\/product\/_grade_school__air_jordan_11_retro_low__concord_br_7_49222.jpeg\",\"datePublished\":\"2026-04-16T10:08:55+00:00\",\"dateModified\":\"2026-04-17T15:51:17+00:00\",\"breadcrumb\":{\"@id\":\"https:\/\/tourcruiser.com\/fr\/products\/grade-school-air-jordan-11-retro-low-concord-bred-528896-160\/#breadcrumb\"},\"inLanguage\":\"fr-FR\",\"potentialAction\":[{\"@type\":\"ReadAction\",\"target\":[\"https:\/\/tourcruiser.com\/fr\/products\/grade-school-air-jordan-11-retro-low-concord-bred-528896-160\/\"]}]},{\"@type\":\"ImageObject\",\"inLanguage\":\"fr-FR\",\"@id\":\"https:\/\/tourcruiser.com\/fr\/products\/grade-school-air-jordan-11-retro-low-concord-bred-528896-160\/#primaryimage\",\"url\":\"https:\/\/images.novelship.com\/product\/_grade_school__air_jordan_11_retro_low__concord_br_0_49222.jpeg;https:\/\/images.novelship.com\/product\/_grade_school__air_jordan_11_retro_low__concord_br_1_49222.jpeg;https:\/\/images.novelship.com\/product\/_grade_school__air_jordan_11_retro_low__concord_br_2_49222.jpeg;https:\/\/images.novelship.com\/product\/_grade_school__air_jordan_11_retro_low__concord_br_3_49222.jpeg;https:\/\/images.novelship.com\/product\/_grade_school__air_jordan_11_retro_low__concord_br_4_49222.jpeg;https:\/\/images.novelship.com\/product\/_grade_school__air_jordan_11_retro_low__concord_br_5_49222.jpeg;https:\/\/images.novelship.com\/product\/_grade_school__air_jordan_11_retro_low__concord_br_6_49222.jpeg;https:\/\/images.novelship.com\/product\/_grade_school__air_jordan_11_retro_low__concord_br_7_49222.jpeg\",\"contentUrl\":\"https:\/\/images.novelship.com\/product\/_grade_school__air_jordan_11_retro_low__concord_br_0_49222.jpeg;https:\/\/images.novelship.com\/product\/_grade_school__air_jordan_11_retro_low__concord_br_1_49222.jpeg;https:\/\/images.novelship.com\/product\/_grade_school__air_jordan_11_retro_low__concord_br_2_49222.jpeg;https:\/\/images.novelship.com\/product\/_grade_school__air_jordan_11_retro_low__concord_br_3_49222.jpeg;https:\/\/images.novelship.com\/product\/_grade_school__air_jordan_11_retro_low__concord_br_4_49222.jpeg;https:\/\/images.novelship.com\/product\/_grade_school__air_jordan_11_retro_low__concord_br_5_49222.jpeg;https:\/\/images.novelship.com\/product\/_grade_school__air_jordan_11_retro_low__concord_br_6_49222.jpeg;https:\/\/images.novelship.com\/product\/_grade_school__air_jordan_11_retro_low__concord_br_7_49222.jpeg\"},{\"@type\":\"BreadcrumbList\",\"@id\":\"https:\/\/tourcruiser.com\/fr\/products\/grade-school-air-jordan-11-retro-low-concord-bred-528896-160\/#breadcrumb\",\"itemListElement\":[{\"@type\":\"ListItem\",\"position\":1,\"name\":\"Home\",\"item\":\"https:\/\/tourcruiser.com\/fr\/\"},{\"@type\":\"ListItem\",\"position\":2,\"name\":\"Shop\",\"item\":\"https:\/\/tourcruiser.com\/fr\/shop\/\"},{\"@type\":\"ListItem\",\"position\":3,\"name\":\"(Grade School) Air Jordan 11 Retro Low &#8216;Concord-Bred&#8217; 528896-160\"}]},{\"@type\":\"WebSite\",\"@id\":\"\/#website\",\"url\":\"\/\",\"name\":\"Styloral Jewelry Shop\",\"description\":\"Tourcruiser Sneaker Store \u2014 L\u2019endroit o\u00f9 l\u2019univers rencontre votre singularit\u00e9.\",\"publisher\":{\"@id\":\"\/#organization\"},\"potentialAction\":[{\"@type\":\"SearchAction\",\"target\":{\"@type\":\"EntryPoint\",\"urlTemplate\":\"\/?s={search_term_string}\"},\"query-input\":{\"@type\":\"PropertyValueSpecification\",\"valueRequired\":true,\"valueName\":\"search_term_string\"}}],\"inLanguage\":\"fr-FR\"},{\"@type\":\"Organization\",\"@id\":\"\/#organization\",\"name\":\"STYLORAL PTE. LTD\",\"url\":\"\/\",\"logo\":{\"@type\":\"ImageObject\",\"inLanguage\":\"fr-FR\",\"@id\":\"\/#\/schema\/logo\/image\/\",\"url\":\"https:\/\/www.tourcruiser.com\/wp-content\/uploads\/2025\/12\/logo.png\",\"contentUrl\":\"https:\/\/www.tourcruiser.com\/wp-content\/uploads\/2025\/12\/logo.png\",\"width\":200,\"height\":65,\"caption\":\"STYLORAL PTE. LTD\"},\"image\":{\"@id\":\"\/#\/schema\/logo\/image\/\"}}]}<\/script>\n<!-- \/ Yoast SEO plugin. -->","yoast_head_json":{"title":"(Grade School) Air Jordan 11 Retro Low 'Concord-Bred' 528896-160 - TOURCRUISER PTE. LTD","robots":{"index":"index","follow":"follow","max-snippet":"max-snippet:-1","max-image-preview":"max-image-preview:large","max-video-preview":"max-video-preview:-1"},"canonical":"https:\/\/tourcruiser.com\/fr\/products\/grade-school-air-jordan-11-retro-low-concord-bred-528896-160\/","og_locale":"fr_FR","og_type":"article","og_title":"(Grade School) Air Jordan 11 Retro Low 'Concord-Bred' 528896-160 - TOURCRUISER PTE. LTD","og_description":"La Air Jordan 11 Retro Low Concord-Bred (GS), aussi appel\u00e9e Concord Bred, est une sneaker styl\u00e9e pour les jeunes fans de la c\u00e9l\u00e8bre marque Jordan. Avec son design \u00e9pur\u00e9 et ses coloris classiques, dont le blanc et l&#8217;embl\u00e9matique combinaison Concord-Bred, c&rsquo;est un incontournable pour tout jeune passionn\u00e9 de sneakers. Coloris\u00a0: Blanc\/Rouge universitaire\/Noir\/Rouge vif Num\u00e9ro d&rsquo;article\u00a0: [&hellip;]","og_url":"https:\/\/tourcruiser.com\/fr\/products\/grade-school-air-jordan-11-retro-low-concord-bred-528896-160\/","og_site_name":"Tourcruiser Sneaker Store","article_modified_time":"2026-04-17T15:51:17+00:00","twitter_card":"summary_large_image","twitter_image":"https:\/\/images.novelship.com\/product\/_grade_school__air_jordan_11_retro_low__concord_br_0_49222.jpeg;https:\/\/images.novelship.com\/product\/_grade_school__air_jordan_11_retro_low__concord_br_1_49222.jpeg;https:\/\/images.novelship.com\/product\/_grade_school__air_jordan_11_retro_low__concord_br_2_49222.jpeg;https:\/\/images.novelship.com\/product\/_grade_school__air_jordan_11_retro_low__concord_br_3_49222.jpeg;https:\/\/images.novelship.com\/product\/_grade_school__air_jordan_11_retro_low__concord_br_4_49222.jpeg;https:\/\/images.novelship.com\/product\/_grade_school__air_jordan_11_retro_low__concord_br_5_49222.jpeg;https:\/\/images.novelship.com\/product\/_grade_school__air_jordan_11_retro_low__concord_br_6_49222.jpeg;https:\/\/images.novelship.com\/product\/_grade_school__air_jordan_11_retro_low__concord_br_7_49222.jpeg","schema":{"@context":"https:\/\/schema.org","@graph":[{"@type":"WebPage","@id":"https:\/\/tourcruiser.com\/fr\/products\/grade-school-air-jordan-11-retro-low-concord-bred-528896-160\/","url":"https:\/\/tourcruiser.com\/fr\/products\/grade-school-air-jordan-11-retro-low-concord-bred-528896-160\/","name":"(Grade School) Air Jordan 11 Retro Low 'Concord-Bred' 528896-160 - TOURCRUISER PTE. LTD","isPartOf":{"@id":"\/#website"},"primaryImageOfPage":{"@id":"https:\/\/tourcruiser.com\/fr\/products\/grade-school-air-jordan-11-retro-low-concord-bred-528896-160\/#primaryimage"},"image":{"@id":"https:\/\/tourcruiser.com\/fr\/products\/grade-school-air-jordan-11-retro-low-concord-bred-528896-160\/#primaryimage"},"thumbnailUrl":"https:\/\/images.novelship.com\/product\/_grade_school__air_jordan_11_retro_low__concord_br_0_49222.jpeg;https:\/\/images.novelship.com\/product\/_grade_school__air_jordan_11_retro_low__concord_br_1_49222.jpeg;https:\/\/images.novelship.com\/product\/_grade_school__air_jordan_11_retro_low__concord_br_2_49222.jpeg;https:\/\/images.novelship.com\/product\/_grade_school__air_jordan_11_retro_low__concord_br_3_49222.jpeg;https:\/\/images.novelship.com\/product\/_grade_school__air_jordan_11_retro_low__concord_br_4_49222.jpeg;https:\/\/images.novelship.com\/product\/_grade_school__air_jordan_11_retro_low__concord_br_5_49222.jpeg;https:\/\/images.novelship.com\/product\/_grade_school__air_jordan_11_retro_low__concord_br_6_49222.jpeg;https:\/\/images.novelship.com\/product\/_grade_school__air_jordan_11_retro_low__concord_br_7_49222.jpeg","datePublished":"2026-04-16T10:08:55+00:00","dateModified":"2026-04-17T15:51:17+00:00","breadcrumb":{"@id":"https:\/\/tourcruiser.com\/fr\/products\/grade-school-air-jordan-11-retro-low-concord-bred-528896-160\/#breadcrumb"},"inLanguage":"fr-FR","potentialAction":[{"@type":"ReadAction","target":["https:\/\/tourcruiser.com\/fr\/products\/grade-school-air-jordan-11-retro-low-concord-bred-528896-160\/"]}]},{"@type":"ImageObject","inLanguage":"fr-FR","@id":"https:\/\/tourcruiser.com\/fr\/products\/grade-school-air-jordan-11-retro-low-concord-bred-528896-160\/#primaryimage","url":"https:\/\/images.novelship.com\/product\/_grade_school__air_jordan_11_retro_low__concord_br_0_49222.jpeg;https:\/\/images.novelship.com\/product\/_grade_school__air_jordan_11_retro_low__concord_br_1_49222.jpeg;https:\/\/images.novelship.com\/product\/_grade_school__air_jordan_11_retro_low__concord_br_2_49222.jpeg;https:\/\/images.novelship.com\/product\/_grade_school__air_jordan_11_retro_low__concord_br_3_49222.jpeg;https:\/\/images.novelship.com\/product\/_grade_school__air_jordan_11_retro_low__concord_br_4_49222.jpeg;https:\/\/images.novelship.com\/product\/_grade_school__air_jordan_11_retro_low__concord_br_5_49222.jpeg;https:\/\/images.novelship.com\/product\/_grade_school__air_jordan_11_retro_low__concord_br_6_49222.jpeg;https:\/\/images.novelship.com\/product\/_grade_school__air_jordan_11_retro_low__concord_br_7_49222.jpeg","contentUrl":"https:\/\/images.novelship.com\/product\/_grade_school__air_jordan_11_retro_low__concord_br_0_49222.jpeg;https:\/\/images.novelship.com\/product\/_grade_school__air_jordan_11_retro_low__concord_br_1_49222.jpeg;https:\/\/images.novelship.com\/product\/_grade_school__air_jordan_11_retro_low__concord_br_2_49222.jpeg;https:\/\/images.novelship.com\/product\/_grade_school__air_jordan_11_retro_low__concord_br_3_49222.jpeg;https:\/\/images.novelship.com\/product\/_grade_school__air_jordan_11_retro_low__concord_br_4_49222.jpeg;https:\/\/images.novelship.com\/product\/_grade_school__air_jordan_11_retro_low__concord_br_5_49222.jpeg;https:\/\/images.novelship.com\/product\/_grade_school__air_jordan_11_retro_low__concord_br_6_49222.jpeg;https:\/\/images.novelship.com\/product\/_grade_school__air_jordan_11_retro_low__concord_br_7_49222.jpeg"},{"@type":"BreadcrumbList","@id":"https:\/\/tourcruiser.com\/fr\/products\/grade-school-air-jordan-11-retro-low-concord-bred-528896-160\/#breadcrumb","itemListElement":[{"@type":"ListItem","position":1,"name":"Home","item":"https:\/\/tourcruiser.com\/fr\/"},{"@type":"ListItem","position":2,"name":"Shop","item":"https:\/\/tourcruiser.com\/fr\/shop\/"},{"@type":"ListItem","position":3,"name":"(Grade School) Air Jordan 11 Retro Low &#8216;Concord-Bred&#8217; 528896-160"}]},{"@type":"WebSite","@id":"\/#website","url":"\/","name":"Styloral Jewelry Shop","description":"Tourcruiser Sneaker Store \u2014 L\u2019endroit o\u00f9 l\u2019univers rencontre votre singularit\u00e9.","publisher":{"@id":"\/#organization"},"potentialAction":[{"@type":"SearchAction","target":{"@type":"EntryPoint","urlTemplate":"\/?s={search_term_string}"},"query-input":{"@type":"PropertyValueSpecification","valueRequired":true,"valueName":"search_term_string"}}],"inLanguage":"fr-FR"},{"@type":"Organization","@id":"\/#organization","name":"STYLORAL PTE. LTD","url":"\/","logo":{"@type":"ImageObject","inLanguage":"fr-FR","@id":"\/#\/schema\/logo\/image\/","url":"https:\/\/www.tourcruiser.com\/wp-content\/uploads\/2025\/12\/logo.png","contentUrl":"https:\/\/www.tourcruiser.com\/wp-content\/uploads\/2025\/12\/logo.png","width":200,"height":65,"caption":"STYLORAL PTE. LTD"},"image":{"@id":"\/#\/schema\/logo\/image\/"}}]}},"_links":{"self":[{"href":"https:\/\/tourcruiser.com\/fr\/wp-json\/wp\/v2\/product\/760722","targetHints":{"allow":["GET"]}}],"collection":[{"href":"https:\/\/tourcruiser.com\/fr\/wp-json\/wp\/v2\/product"}],"about":[{"href":"https:\/\/tourcruiser.com\/fr\/wp-json\/wp\/v2\/types\/product"}],"replies":[{"embeddable":true,"href":"https:\/\/tourcruiser.com\/fr\/wp-json\/wp\/v2\/comments?post=760722"}],"wp:featuredmedia":[{"embeddable":true,"href":"https:\/\/tourcruiser.com\/fr\/wp-json\/wp\/v2\/media\/760723"}],"wp:attachment":[{"href":"https:\/\/tourcruiser.com\/fr\/wp-json\/wp\/v2\/media?parent=760722"}],"wp:term":[{"taxonomy":"product_brand","embeddable":true,"href":"https:\/\/tourcruiser.com\/fr\/wp-json\/wp\/v2\/product_brand?post=760722"},{"taxonomy":"product_cat","embeddable":true,"href":"https:\/\/tourcruiser.com\/fr\/wp-json\/wp\/v2\/product_cat?post=760722"},{"taxonomy":"product_tag","embeddable":true,"href":"https:\/\/tourcruiser.com\/fr\/wp-json\/wp\/v2\/product_tag?post=760722"}],"curies":[{"name":"wp","href":"https:\/\/api.w.org\/{rel}","templated":true}]}}