{"id":760713,"date":"2026-04-16T17:08:55","date_gmt":"2026-04-16T10:08:55","guid":{"rendered":"http:\/\/tourcruiser.com\/product\/grade-school-air-jordan-1-low-se-all-star-weekend-dd2191-001"},"modified":"2026-04-17T22:51:16","modified_gmt":"2026-04-17T15:51:16","slug":"grade-school-air-jordan-1-low-se-all-star-weekend-dd2191-001","status":"publish","type":"product","link":"https:\/\/tourcruiser.com\/fr\/products\/grade-school-air-jordan-1-low-se-all-star-weekend-dd2191-001\/","title":{"rendered":"(Grade School) Air Jordan 1 Low SE &lsquo;All Star Weekend&rsquo; DD2191-001"},"content":{"rendered":"<p>Les sneakers Air Jordan 1 Low SE All Star Weekend (GS) de Jordan sont un incontournable pour les fans de sneakers. Avec leur style unique et leur logo Air Jordan iconique, elles attirent tous les regards et s&rsquo;accordent parfaitement avec toutes les tenues, d\u00e9contract\u00e9es ou sportives. Gr\u00e2ce \u00e0 leurs mat\u00e9riaux de haute qualit\u00e9, elles offrent confort et durabilit\u00e9. Que ce soit pour le basketball ou au quotidien, ces Air Jordan sont un excellent ajout \u00e0 toute collection de sneakers.<\/p>\n<p>Coloris : Noir\/Blanc<\/p>\n<p>Code article : DD2191-001<br \/>\nSemelle interm\u00e9diaire : Air<br \/>\nCouleur : Noir<\/p>\n<p>Designer : Peter Moore<br \/>\nSaison : Hiver<br \/>\nAnn\u00e9e de sortie : 2021<br \/>\n\u00c2ge : Adulte<br \/>\nCouleur : Noir<br \/>\nGenre : Jeune<\/p>\n","protected":false},"excerpt":{"rendered":"<p>Les sneakers Air Jordan 1 Low SE All Star Weekend (GS) de Jordan sont un incontournable pour les fans de sneakers. Avec leur style unique et leur logo Air Jordan iconique, elles attirent tous les regards et s&rsquo;accordent parfaitement avec toutes les tenues, d\u00e9contract\u00e9es ou sportives. Gr\u00e2ce \u00e0 leurs mat\u00e9riaux de haute qualit\u00e9, elles offrent [&hellip;]<\/p>\n","protected":false},"featured_media":760714,"comment_status":"open","ping_status":"closed","template":"","meta":[],"product_brand":[],"product_cat":[38880],"product_tag":[10750,38988,38874,10776,11349,38875,10756,39039],"class_list":{"0":"post-760713","1":"product","2":"type-product","3":"status-publish","4":"has-post-thumbnail","6":"product_cat-jordan","7":"product_tag-athleisure-shoes","8":"product_tag-casual-shoes-for-kids","9":"product_tag-hari-raya-gs","10":"product_tag-jordan","11":"product_tag-jordan-basketball-shoes","12":"product_tag-jordan-skateboard-shoes","13":"product_tag-retro-casual-shoes","14":"product_tag-sneakers-for-kids","16":"first","17":"instock","18":"taxable","19":"shipping-taxable","20":"purchasable","21":"product-type-simple"},"wcpa_form_fields":null,"yoast_head":"<!-- This site is optimized with the Yoast SEO plugin v26.5 - https:\/\/yoast.com\/wordpress\/plugins\/seo\/ -->\n<title>(Grade School) Air Jordan 1 Low SE &#039;All Star Weekend&#039; DD2191-001 - TOURCRUISER PTE. LTD<\/title>\n<meta name=\"robots\" content=\"index, follow, max-snippet:-1, max-image-preview:large, max-video-preview:-1\" \/>\n<link rel=\"canonical\" href=\"https:\/\/tourcruiser.com\/fr\/products\/grade-school-air-jordan-1-low-se-all-star-weekend-dd2191-001\/\" \/>\n<meta property=\"og:locale\" content=\"fr_FR\" \/>\n<meta property=\"og:type\" content=\"article\" \/>\n<meta property=\"og:title\" content=\"(Grade School) Air Jordan 1 Low SE &#039;All Star Weekend&#039; DD2191-001 - TOURCRUISER PTE. LTD\" \/>\n<meta property=\"og:description\" content=\"Les sneakers Air Jordan 1 Low SE All Star Weekend (GS) de Jordan sont un incontournable pour les fans de sneakers. Avec leur style unique et leur logo Air Jordan iconique, elles attirent tous les regards et s&rsquo;accordent parfaitement avec toutes les tenues, d\u00e9contract\u00e9es ou sportives. Gr\u00e2ce \u00e0 leurs mat\u00e9riaux de haute qualit\u00e9, elles offrent [&hellip;]\" \/>\n<meta property=\"og:url\" content=\"https:\/\/tourcruiser.com\/fr\/products\/grade-school-air-jordan-1-low-se-all-star-weekend-dd2191-001\/\" \/>\n<meta property=\"og:site_name\" content=\"Tourcruiser Sneaker Store\" \/>\n<meta property=\"article:modified_time\" content=\"2026-04-17T15:51:16+00:00\" \/>\n<meta name=\"twitter:card\" content=\"summary_large_image\" \/>\n<meta name=\"twitter:image\" content=\"https:\/\/images.novelship.com\/product\/_grade_school__air_jordan_1_low_se__all_star_weeke_0_95642.jpeg;https:\/\/images.novelship.com\/product\/_grade_school__air_jordan_1_low_se__all_star_weeke_1_95642.jpeg;https:\/\/images.novelship.com\/product\/_grade_school__air_jordan_1_low_se__all_star_weeke_2_95642.jpeg;https:\/\/images.novelship.com\/product\/_grade_school__air_jordan_1_low_se__all_star_weeke_3_95642.jpeg;https:\/\/images.novelship.com\/product\/_grade_school__air_jordan_1_low_se__all_star_weeke_4_95642.jpeg;https:\/\/images.novelship.com\/product\/_grade_school__air_jordan_1_low_se__all_star_weeke_5_95642.jpeg;https:\/\/images.novelship.com\/product\/_grade_school__air_jordan_1_low_se__all_star_weeke_6_95643.jpeg;https:\/\/images.novelship.com\/product\/_grade_school__air_jordan_1_low_se__all_star_weeke_7_95643.jpeg\" \/>\n<meta name=\"twitter:label1\" content=\"Dur\u00e9e de lecture estim\u00e9e\" \/>\n\t<meta name=\"twitter:data1\" content=\"1 minute\" \/>\n<script type=\"application\/ld+json\" class=\"yoast-schema-graph\">{\"@context\":\"https:\/\/schema.org\",\"@graph\":[{\"@type\":\"WebPage\",\"@id\":\"https:\/\/tourcruiser.com\/fr\/products\/grade-school-air-jordan-1-low-se-all-star-weekend-dd2191-001\/\",\"url\":\"https:\/\/tourcruiser.com\/fr\/products\/grade-school-air-jordan-1-low-se-all-star-weekend-dd2191-001\/\",\"name\":\"(Grade School) Air Jordan 1 Low SE 'All Star Weekend' DD2191-001 - TOURCRUISER PTE. LTD\",\"isPartOf\":{\"@id\":\"\/#website\"},\"primaryImageOfPage\":{\"@id\":\"https:\/\/tourcruiser.com\/fr\/products\/grade-school-air-jordan-1-low-se-all-star-weekend-dd2191-001\/#primaryimage\"},\"image\":{\"@id\":\"https:\/\/tourcruiser.com\/fr\/products\/grade-school-air-jordan-1-low-se-all-star-weekend-dd2191-001\/#primaryimage\"},\"thumbnailUrl\":\"https:\/\/images.novelship.com\/product\/_grade_school__air_jordan_1_low_se__all_star_weeke_0_95642.jpeg;https:\/\/images.novelship.com\/product\/_grade_school__air_jordan_1_low_se__all_star_weeke_1_95642.jpeg;https:\/\/images.novelship.com\/product\/_grade_school__air_jordan_1_low_se__all_star_weeke_2_95642.jpeg;https:\/\/images.novelship.com\/product\/_grade_school__air_jordan_1_low_se__all_star_weeke_3_95642.jpeg;https:\/\/images.novelship.com\/product\/_grade_school__air_jordan_1_low_se__all_star_weeke_4_95642.jpeg;https:\/\/images.novelship.com\/product\/_grade_school__air_jordan_1_low_se__all_star_weeke_5_95642.jpeg;https:\/\/images.novelship.com\/product\/_grade_school__air_jordan_1_low_se__all_star_weeke_6_95643.jpeg;https:\/\/images.novelship.com\/product\/_grade_school__air_jordan_1_low_se__all_star_weeke_7_95643.jpeg\",\"datePublished\":\"2026-04-16T10:08:55+00:00\",\"dateModified\":\"2026-04-17T15:51:16+00:00\",\"breadcrumb\":{\"@id\":\"https:\/\/tourcruiser.com\/fr\/products\/grade-school-air-jordan-1-low-se-all-star-weekend-dd2191-001\/#breadcrumb\"},\"inLanguage\":\"fr-FR\",\"potentialAction\":[{\"@type\":\"ReadAction\",\"target\":[\"https:\/\/tourcruiser.com\/fr\/products\/grade-school-air-jordan-1-low-se-all-star-weekend-dd2191-001\/\"]}]},{\"@type\":\"ImageObject\",\"inLanguage\":\"fr-FR\",\"@id\":\"https:\/\/tourcruiser.com\/fr\/products\/grade-school-air-jordan-1-low-se-all-star-weekend-dd2191-001\/#primaryimage\",\"url\":\"https:\/\/images.novelship.com\/product\/_grade_school__air_jordan_1_low_se__all_star_weeke_0_95642.jpeg;https:\/\/images.novelship.com\/product\/_grade_school__air_jordan_1_low_se__all_star_weeke_1_95642.jpeg;https:\/\/images.novelship.com\/product\/_grade_school__air_jordan_1_low_se__all_star_weeke_2_95642.jpeg;https:\/\/images.novelship.com\/product\/_grade_school__air_jordan_1_low_se__all_star_weeke_3_95642.jpeg;https:\/\/images.novelship.com\/product\/_grade_school__air_jordan_1_low_se__all_star_weeke_4_95642.jpeg;https:\/\/images.novelship.com\/product\/_grade_school__air_jordan_1_low_se__all_star_weeke_5_95642.jpeg;https:\/\/images.novelship.com\/product\/_grade_school__air_jordan_1_low_se__all_star_weeke_6_95643.jpeg;https:\/\/images.novelship.com\/product\/_grade_school__air_jordan_1_low_se__all_star_weeke_7_95643.jpeg\",\"contentUrl\":\"https:\/\/images.novelship.com\/product\/_grade_school__air_jordan_1_low_se__all_star_weeke_0_95642.jpeg;https:\/\/images.novelship.com\/product\/_grade_school__air_jordan_1_low_se__all_star_weeke_1_95642.jpeg;https:\/\/images.novelship.com\/product\/_grade_school__air_jordan_1_low_se__all_star_weeke_2_95642.jpeg;https:\/\/images.novelship.com\/product\/_grade_school__air_jordan_1_low_se__all_star_weeke_3_95642.jpeg;https:\/\/images.novelship.com\/product\/_grade_school__air_jordan_1_low_se__all_star_weeke_4_95642.jpeg;https:\/\/images.novelship.com\/product\/_grade_school__air_jordan_1_low_se__all_star_weeke_5_95642.jpeg;https:\/\/images.novelship.com\/product\/_grade_school__air_jordan_1_low_se__all_star_weeke_6_95643.jpeg;https:\/\/images.novelship.com\/product\/_grade_school__air_jordan_1_low_se__all_star_weeke_7_95643.jpeg\"},{\"@type\":\"BreadcrumbList\",\"@id\":\"https:\/\/tourcruiser.com\/fr\/products\/grade-school-air-jordan-1-low-se-all-star-weekend-dd2191-001\/#breadcrumb\",\"itemListElement\":[{\"@type\":\"ListItem\",\"position\":1,\"name\":\"Home\",\"item\":\"https:\/\/tourcruiser.com\/fr\/\"},{\"@type\":\"ListItem\",\"position\":2,\"name\":\"Shop\",\"item\":\"https:\/\/tourcruiser.com\/fr\/shop\/\"},{\"@type\":\"ListItem\",\"position\":3,\"name\":\"(Grade School) Air Jordan 1 Low SE &#8216;All Star Weekend&#8217; DD2191-001\"}]},{\"@type\":\"WebSite\",\"@id\":\"\/#website\",\"url\":\"\/\",\"name\":\"Styloral Jewelry Shop\",\"description\":\"Tourcruiser Sneaker Store \u2014 L\u2019endroit o\u00f9 l\u2019univers rencontre votre singularit\u00e9.\",\"publisher\":{\"@id\":\"\/#organization\"},\"potentialAction\":[{\"@type\":\"SearchAction\",\"target\":{\"@type\":\"EntryPoint\",\"urlTemplate\":\"\/?s={search_term_string}\"},\"query-input\":{\"@type\":\"PropertyValueSpecification\",\"valueRequired\":true,\"valueName\":\"search_term_string\"}}],\"inLanguage\":\"fr-FR\"},{\"@type\":\"Organization\",\"@id\":\"\/#organization\",\"name\":\"STYLORAL PTE. LTD\",\"url\":\"\/\",\"logo\":{\"@type\":\"ImageObject\",\"inLanguage\":\"fr-FR\",\"@id\":\"\/#\/schema\/logo\/image\/\",\"url\":\"https:\/\/www.tourcruiser.com\/wp-content\/uploads\/2025\/12\/logo.png\",\"contentUrl\":\"https:\/\/www.tourcruiser.com\/wp-content\/uploads\/2025\/12\/logo.png\",\"width\":200,\"height\":65,\"caption\":\"STYLORAL PTE. LTD\"},\"image\":{\"@id\":\"\/#\/schema\/logo\/image\/\"}}]}<\/script>\n<!-- \/ Yoast SEO plugin. -->","yoast_head_json":{"title":"(Grade School) Air Jordan 1 Low SE 'All Star Weekend' DD2191-001 - TOURCRUISER PTE. LTD","robots":{"index":"index","follow":"follow","max-snippet":"max-snippet:-1","max-image-preview":"max-image-preview:large","max-video-preview":"max-video-preview:-1"},"canonical":"https:\/\/tourcruiser.com\/fr\/products\/grade-school-air-jordan-1-low-se-all-star-weekend-dd2191-001\/","og_locale":"fr_FR","og_type":"article","og_title":"(Grade School) Air Jordan 1 Low SE 'All Star Weekend' DD2191-001 - TOURCRUISER PTE. LTD","og_description":"Les sneakers Air Jordan 1 Low SE All Star Weekend (GS) de Jordan sont un incontournable pour les fans de sneakers. Avec leur style unique et leur logo Air Jordan iconique, elles attirent tous les regards et s&rsquo;accordent parfaitement avec toutes les tenues, d\u00e9contract\u00e9es ou sportives. Gr\u00e2ce \u00e0 leurs mat\u00e9riaux de haute qualit\u00e9, elles offrent [&hellip;]","og_url":"https:\/\/tourcruiser.com\/fr\/products\/grade-school-air-jordan-1-low-se-all-star-weekend-dd2191-001\/","og_site_name":"Tourcruiser Sneaker Store","article_modified_time":"2026-04-17T15:51:16+00:00","twitter_card":"summary_large_image","twitter_image":"https:\/\/images.novelship.com\/product\/_grade_school__air_jordan_1_low_se__all_star_weeke_0_95642.jpeg;https:\/\/images.novelship.com\/product\/_grade_school__air_jordan_1_low_se__all_star_weeke_1_95642.jpeg;https:\/\/images.novelship.com\/product\/_grade_school__air_jordan_1_low_se__all_star_weeke_2_95642.jpeg;https:\/\/images.novelship.com\/product\/_grade_school__air_jordan_1_low_se__all_star_weeke_3_95642.jpeg;https:\/\/images.novelship.com\/product\/_grade_school__air_jordan_1_low_se__all_star_weeke_4_95642.jpeg;https:\/\/images.novelship.com\/product\/_grade_school__air_jordan_1_low_se__all_star_weeke_5_95642.jpeg;https:\/\/images.novelship.com\/product\/_grade_school__air_jordan_1_low_se__all_star_weeke_6_95643.jpeg;https:\/\/images.novelship.com\/product\/_grade_school__air_jordan_1_low_se__all_star_weeke_7_95643.jpeg","twitter_misc":{"Dur\u00e9e de lecture estim\u00e9e":"1 minute"},"schema":{"@context":"https:\/\/schema.org","@graph":[{"@type":"WebPage","@id":"https:\/\/tourcruiser.com\/fr\/products\/grade-school-air-jordan-1-low-se-all-star-weekend-dd2191-001\/","url":"https:\/\/tourcruiser.com\/fr\/products\/grade-school-air-jordan-1-low-se-all-star-weekend-dd2191-001\/","name":"(Grade School) Air Jordan 1 Low SE 'All Star Weekend' DD2191-001 - TOURCRUISER PTE. LTD","isPartOf":{"@id":"\/#website"},"primaryImageOfPage":{"@id":"https:\/\/tourcruiser.com\/fr\/products\/grade-school-air-jordan-1-low-se-all-star-weekend-dd2191-001\/#primaryimage"},"image":{"@id":"https:\/\/tourcruiser.com\/fr\/products\/grade-school-air-jordan-1-low-se-all-star-weekend-dd2191-001\/#primaryimage"},"thumbnailUrl":"https:\/\/images.novelship.com\/product\/_grade_school__air_jordan_1_low_se__all_star_weeke_0_95642.jpeg;https:\/\/images.novelship.com\/product\/_grade_school__air_jordan_1_low_se__all_star_weeke_1_95642.jpeg;https:\/\/images.novelship.com\/product\/_grade_school__air_jordan_1_low_se__all_star_weeke_2_95642.jpeg;https:\/\/images.novelship.com\/product\/_grade_school__air_jordan_1_low_se__all_star_weeke_3_95642.jpeg;https:\/\/images.novelship.com\/product\/_grade_school__air_jordan_1_low_se__all_star_weeke_4_95642.jpeg;https:\/\/images.novelship.com\/product\/_grade_school__air_jordan_1_low_se__all_star_weeke_5_95642.jpeg;https:\/\/images.novelship.com\/product\/_grade_school__air_jordan_1_low_se__all_star_weeke_6_95643.jpeg;https:\/\/images.novelship.com\/product\/_grade_school__air_jordan_1_low_se__all_star_weeke_7_95643.jpeg","datePublished":"2026-04-16T10:08:55+00:00","dateModified":"2026-04-17T15:51:16+00:00","breadcrumb":{"@id":"https:\/\/tourcruiser.com\/fr\/products\/grade-school-air-jordan-1-low-se-all-star-weekend-dd2191-001\/#breadcrumb"},"inLanguage":"fr-FR","potentialAction":[{"@type":"ReadAction","target":["https:\/\/tourcruiser.com\/fr\/products\/grade-school-air-jordan-1-low-se-all-star-weekend-dd2191-001\/"]}]},{"@type":"ImageObject","inLanguage":"fr-FR","@id":"https:\/\/tourcruiser.com\/fr\/products\/grade-school-air-jordan-1-low-se-all-star-weekend-dd2191-001\/#primaryimage","url":"https:\/\/images.novelship.com\/product\/_grade_school__air_jordan_1_low_se__all_star_weeke_0_95642.jpeg;https:\/\/images.novelship.com\/product\/_grade_school__air_jordan_1_low_se__all_star_weeke_1_95642.jpeg;https:\/\/images.novelship.com\/product\/_grade_school__air_jordan_1_low_se__all_star_weeke_2_95642.jpeg;https:\/\/images.novelship.com\/product\/_grade_school__air_jordan_1_low_se__all_star_weeke_3_95642.jpeg;https:\/\/images.novelship.com\/product\/_grade_school__air_jordan_1_low_se__all_star_weeke_4_95642.jpeg;https:\/\/images.novelship.com\/product\/_grade_school__air_jordan_1_low_se__all_star_weeke_5_95642.jpeg;https:\/\/images.novelship.com\/product\/_grade_school__air_jordan_1_low_se__all_star_weeke_6_95643.jpeg;https:\/\/images.novelship.com\/product\/_grade_school__air_jordan_1_low_se__all_star_weeke_7_95643.jpeg","contentUrl":"https:\/\/images.novelship.com\/product\/_grade_school__air_jordan_1_low_se__all_star_weeke_0_95642.jpeg;https:\/\/images.novelship.com\/product\/_grade_school__air_jordan_1_low_se__all_star_weeke_1_95642.jpeg;https:\/\/images.novelship.com\/product\/_grade_school__air_jordan_1_low_se__all_star_weeke_2_95642.jpeg;https:\/\/images.novelship.com\/product\/_grade_school__air_jordan_1_low_se__all_star_weeke_3_95642.jpeg;https:\/\/images.novelship.com\/product\/_grade_school__air_jordan_1_low_se__all_star_weeke_4_95642.jpeg;https:\/\/images.novelship.com\/product\/_grade_school__air_jordan_1_low_se__all_star_weeke_5_95642.jpeg;https:\/\/images.novelship.com\/product\/_grade_school__air_jordan_1_low_se__all_star_weeke_6_95643.jpeg;https:\/\/images.novelship.com\/product\/_grade_school__air_jordan_1_low_se__all_star_weeke_7_95643.jpeg"},{"@type":"BreadcrumbList","@id":"https:\/\/tourcruiser.com\/fr\/products\/grade-school-air-jordan-1-low-se-all-star-weekend-dd2191-001\/#breadcrumb","itemListElement":[{"@type":"ListItem","position":1,"name":"Home","item":"https:\/\/tourcruiser.com\/fr\/"},{"@type":"ListItem","position":2,"name":"Shop","item":"https:\/\/tourcruiser.com\/fr\/shop\/"},{"@type":"ListItem","position":3,"name":"(Grade School) Air Jordan 1 Low SE &#8216;All Star Weekend&#8217; DD2191-001"}]},{"@type":"WebSite","@id":"\/#website","url":"\/","name":"Styloral Jewelry Shop","description":"Tourcruiser Sneaker Store \u2014 L\u2019endroit o\u00f9 l\u2019univers rencontre votre singularit\u00e9.","publisher":{"@id":"\/#organization"},"potentialAction":[{"@type":"SearchAction","target":{"@type":"EntryPoint","urlTemplate":"\/?s={search_term_string}"},"query-input":{"@type":"PropertyValueSpecification","valueRequired":true,"valueName":"search_term_string"}}],"inLanguage":"fr-FR"},{"@type":"Organization","@id":"\/#organization","name":"STYLORAL PTE. LTD","url":"\/","logo":{"@type":"ImageObject","inLanguage":"fr-FR","@id":"\/#\/schema\/logo\/image\/","url":"https:\/\/www.tourcruiser.com\/wp-content\/uploads\/2025\/12\/logo.png","contentUrl":"https:\/\/www.tourcruiser.com\/wp-content\/uploads\/2025\/12\/logo.png","width":200,"height":65,"caption":"STYLORAL PTE. LTD"},"image":{"@id":"\/#\/schema\/logo\/image\/"}}]}},"_links":{"self":[{"href":"https:\/\/tourcruiser.com\/fr\/wp-json\/wp\/v2\/product\/760713","targetHints":{"allow":["GET"]}}],"collection":[{"href":"https:\/\/tourcruiser.com\/fr\/wp-json\/wp\/v2\/product"}],"about":[{"href":"https:\/\/tourcruiser.com\/fr\/wp-json\/wp\/v2\/types\/product"}],"replies":[{"embeddable":true,"href":"https:\/\/tourcruiser.com\/fr\/wp-json\/wp\/v2\/comments?post=760713"}],"wp:featuredmedia":[{"embeddable":true,"href":"https:\/\/tourcruiser.com\/fr\/wp-json\/wp\/v2\/media\/760714"}],"wp:attachment":[{"href":"https:\/\/tourcruiser.com\/fr\/wp-json\/wp\/v2\/media?parent=760713"}],"wp:term":[{"taxonomy":"product_brand","embeddable":true,"href":"https:\/\/tourcruiser.com\/fr\/wp-json\/wp\/v2\/product_brand?post=760713"},{"taxonomy":"product_cat","embeddable":true,"href":"https:\/\/tourcruiser.com\/fr\/wp-json\/wp\/v2\/product_cat?post=760713"},{"taxonomy":"product_tag","embeddable":true,"href":"https:\/\/tourcruiser.com\/fr\/wp-json\/wp\/v2\/product_tag?post=760713"}],"curies":[{"name":"wp","href":"https:\/\/api.w.org\/{rel}","templated":true}]}}