{"id":760704,"date":"2026-04-16T17:08:55","date_gmt":"2026-04-16T10:08:55","guid":{"rendered":"http:\/\/tourcruiser.com\/product\/air-jordan-1-low-noble-red-553558-604"},"modified":"2026-04-17T22:51:16","modified_gmt":"2026-04-17T15:51:16","slug":"air-jordan-1-low-noble-red-553558-604","status":"publish","type":"product","link":"https:\/\/tourcruiser.com\/fr\/products\/air-jordan-1-low-noble-red-553558-604\/","title":{"rendered":"Air Jordan 1 Low &lsquo;Noble Red&rsquo; 553558-604"},"content":{"rendered":"<p>La Air Jordan 1 Low Noble Red, aussi appel\u00e9e Noble Red, est une sneaker \u00e9l\u00e9gante de l&#8217;embl\u00e9matique marque Jordan. Avec sa couleur rouge \u00e9clatante, cette chaussure basse est id\u00e9ale pour affirmer son style. Gr\u00e2ce \u00e0 son design Air Jordan classique et \u00e0 sa qualit\u00e9 de fabrication, cette sneaker est \u00e0 la fois tendance et confortable. Compl\u00e9tez votre collection de sneakers avec la Air Jordan 1 Low Noble Red.<\/p>\n<p>Coloris\u00a0: Noble Red\/Noir-Blanc-Noble Red<br \/>\nCode article\u00a0: 553558-604<br \/>\nTige\u00a0: Cuir<br \/>\nSemelle interm\u00e9diaire\u00a0: Air<br \/>\nCouleur\u00a0: Rouge<br \/>\nDesigner\u00a0: Peter Moore<br \/>\nSaison\u00a0: Hiver<br \/>\nAnn\u00e9e de sortie\u00a0: 2019<\/p>\n<p>\u00c2ge\u00a0: Adulte<br \/>\nCouleur\u00a0: Rouge<br \/>\nGenre\u00a0: Homme<\/p>\n","protected":false},"excerpt":{"rendered":"<p>La Air Jordan 1 Low Noble Red, aussi appel\u00e9e Noble Red, est une sneaker \u00e9l\u00e9gante de l&#8217;embl\u00e9matique marque Jordan. Avec sa couleur rouge \u00e9clatante, cette chaussure basse est id\u00e9ale pour affirmer son style. Gr\u00e2ce \u00e0 son design Air Jordan classique et \u00e0 sa qualit\u00e9 de fabrication, cette sneaker est \u00e0 la fois tendance et confortable. [&hellip;]<\/p>\n","protected":false},"featured_media":760705,"comment_status":"open","ping_status":"closed","template":"","meta":[],"product_brand":[],"product_cat":[38880],"product_tag":[10750,38841,38842,10776,11349,38875,38886,10756],"class_list":{"0":"post-760704","1":"product","2":"type-product","3":"status-publish","4":"has-post-thumbnail","6":"product_cat-jordan","7":"product_tag-athleisure-shoes","8":"product_tag-casual-shoes","9":"product_tag-gift-idea-for-him","10":"product_tag-jordan","11":"product_tag-jordan-basketball-shoes","12":"product_tag-jordan-skateboard-shoes","13":"product_tag-lifestyle-shoes-inspired-by-basketball","14":"product_tag-retro-casual-shoes","16":"first","17":"instock","18":"taxable","19":"shipping-taxable","20":"purchasable","21":"product-type-simple"},"wcpa_form_fields":null,"yoast_head":"<!-- This site is optimized with the Yoast SEO plugin v26.5 - https:\/\/yoast.com\/wordpress\/plugins\/seo\/ -->\n<title>Air Jordan 1 Low &#039;Noble Red&#039; 553558-604 - TOURCRUISER PTE. LTD<\/title>\n<meta name=\"robots\" content=\"index, follow, max-snippet:-1, max-image-preview:large, max-video-preview:-1\" \/>\n<link rel=\"canonical\" href=\"https:\/\/tourcruiser.com\/fr\/products\/air-jordan-1-low-noble-red-553558-604\/\" \/>\n<meta property=\"og:locale\" content=\"fr_FR\" \/>\n<meta property=\"og:type\" content=\"article\" \/>\n<meta property=\"og:title\" content=\"Air Jordan 1 Low &#039;Noble Red&#039; 553558-604 - TOURCRUISER PTE. LTD\" \/>\n<meta property=\"og:description\" content=\"La Air Jordan 1 Low Noble Red, aussi appel\u00e9e Noble Red, est une sneaker \u00e9l\u00e9gante de l&#8217;embl\u00e9matique marque Jordan. Avec sa couleur rouge \u00e9clatante, cette chaussure basse est id\u00e9ale pour affirmer son style. Gr\u00e2ce \u00e0 son design Air Jordan classique et \u00e0 sa qualit\u00e9 de fabrication, cette sneaker est \u00e0 la fois tendance et confortable. [&hellip;]\" \/>\n<meta property=\"og:url\" content=\"https:\/\/tourcruiser.com\/fr\/products\/air-jordan-1-low-noble-red-553558-604\/\" \/>\n<meta property=\"og:site_name\" content=\"Tourcruiser Sneaker Store\" \/>\n<meta property=\"article:modified_time\" content=\"2026-04-17T15:51:16+00:00\" \/>\n<meta name=\"twitter:card\" content=\"summary_large_image\" \/>\n<meta name=\"twitter:image\" content=\"https:\/\/images.novelship.com\/product\/air_jordan_1_low__noble_red__553558_604_0_17487.jpeg;https:\/\/images.novelship.com\/product\/air_jordan_1_low__noble_red__553558_604_1_17487.jpeg;https:\/\/images.novelship.com\/product\/air_jordan_1_low__noble_red__553558_604_2_17487.jpeg;https:\/\/images.novelship.com\/product\/air_jordan_1_low__noble_red__553558_604_3_17487.jpeg;https:\/\/images.novelship.com\/product\/air_jordan_1_low__noble_red__553558_604_4_17487.jpeg;https:\/\/images.novelship.com\/product\/air_jordan_1_low__noble_red__553558_604_5_17487.jpeg;https:\/\/images.novelship.com\/product\/air_jordan_1_low__noble_red__553558_604_6_17487.jpeg;https:\/\/images.novelship.com\/product\/air_jordan_1_low__noble_red__553558_604_7_17487.jpeg\" \/>\n<meta name=\"twitter:label1\" content=\"Dur\u00e9e de lecture estim\u00e9e\" \/>\n\t<meta name=\"twitter:data1\" content=\"1 minute\" \/>\n<script type=\"application\/ld+json\" class=\"yoast-schema-graph\">{\"@context\":\"https:\/\/schema.org\",\"@graph\":[{\"@type\":\"WebPage\",\"@id\":\"https:\/\/tourcruiser.com\/fr\/products\/air-jordan-1-low-noble-red-553558-604\/\",\"url\":\"https:\/\/tourcruiser.com\/fr\/products\/air-jordan-1-low-noble-red-553558-604\/\",\"name\":\"Air Jordan 1 Low 'Noble Red' 553558-604 - TOURCRUISER PTE. LTD\",\"isPartOf\":{\"@id\":\"\/#website\"},\"primaryImageOfPage\":{\"@id\":\"https:\/\/tourcruiser.com\/fr\/products\/air-jordan-1-low-noble-red-553558-604\/#primaryimage\"},\"image\":{\"@id\":\"https:\/\/tourcruiser.com\/fr\/products\/air-jordan-1-low-noble-red-553558-604\/#primaryimage\"},\"thumbnailUrl\":\"https:\/\/images.novelship.com\/product\/air_jordan_1_low__noble_red__553558_604_0_17487.jpeg;https:\/\/images.novelship.com\/product\/air_jordan_1_low__noble_red__553558_604_1_17487.jpeg;https:\/\/images.novelship.com\/product\/air_jordan_1_low__noble_red__553558_604_2_17487.jpeg;https:\/\/images.novelship.com\/product\/air_jordan_1_low__noble_red__553558_604_3_17487.jpeg;https:\/\/images.novelship.com\/product\/air_jordan_1_low__noble_red__553558_604_4_17487.jpeg;https:\/\/images.novelship.com\/product\/air_jordan_1_low__noble_red__553558_604_5_17487.jpeg;https:\/\/images.novelship.com\/product\/air_jordan_1_low__noble_red__553558_604_6_17487.jpeg;https:\/\/images.novelship.com\/product\/air_jordan_1_low__noble_red__553558_604_7_17487.jpeg\",\"datePublished\":\"2026-04-16T10:08:55+00:00\",\"dateModified\":\"2026-04-17T15:51:16+00:00\",\"breadcrumb\":{\"@id\":\"https:\/\/tourcruiser.com\/fr\/products\/air-jordan-1-low-noble-red-553558-604\/#breadcrumb\"},\"inLanguage\":\"fr-FR\",\"potentialAction\":[{\"@type\":\"ReadAction\",\"target\":[\"https:\/\/tourcruiser.com\/fr\/products\/air-jordan-1-low-noble-red-553558-604\/\"]}]},{\"@type\":\"ImageObject\",\"inLanguage\":\"fr-FR\",\"@id\":\"https:\/\/tourcruiser.com\/fr\/products\/air-jordan-1-low-noble-red-553558-604\/#primaryimage\",\"url\":\"https:\/\/images.novelship.com\/product\/air_jordan_1_low__noble_red__553558_604_0_17487.jpeg;https:\/\/images.novelship.com\/product\/air_jordan_1_low__noble_red__553558_604_1_17487.jpeg;https:\/\/images.novelship.com\/product\/air_jordan_1_low__noble_red__553558_604_2_17487.jpeg;https:\/\/images.novelship.com\/product\/air_jordan_1_low__noble_red__553558_604_3_17487.jpeg;https:\/\/images.novelship.com\/product\/air_jordan_1_low__noble_red__553558_604_4_17487.jpeg;https:\/\/images.novelship.com\/product\/air_jordan_1_low__noble_red__553558_604_5_17487.jpeg;https:\/\/images.novelship.com\/product\/air_jordan_1_low__noble_red__553558_604_6_17487.jpeg;https:\/\/images.novelship.com\/product\/air_jordan_1_low__noble_red__553558_604_7_17487.jpeg\",\"contentUrl\":\"https:\/\/images.novelship.com\/product\/air_jordan_1_low__noble_red__553558_604_0_17487.jpeg;https:\/\/images.novelship.com\/product\/air_jordan_1_low__noble_red__553558_604_1_17487.jpeg;https:\/\/images.novelship.com\/product\/air_jordan_1_low__noble_red__553558_604_2_17487.jpeg;https:\/\/images.novelship.com\/product\/air_jordan_1_low__noble_red__553558_604_3_17487.jpeg;https:\/\/images.novelship.com\/product\/air_jordan_1_low__noble_red__553558_604_4_17487.jpeg;https:\/\/images.novelship.com\/product\/air_jordan_1_low__noble_red__553558_604_5_17487.jpeg;https:\/\/images.novelship.com\/product\/air_jordan_1_low__noble_red__553558_604_6_17487.jpeg;https:\/\/images.novelship.com\/product\/air_jordan_1_low__noble_red__553558_604_7_17487.jpeg\"},{\"@type\":\"BreadcrumbList\",\"@id\":\"https:\/\/tourcruiser.com\/fr\/products\/air-jordan-1-low-noble-red-553558-604\/#breadcrumb\",\"itemListElement\":[{\"@type\":\"ListItem\",\"position\":1,\"name\":\"Home\",\"item\":\"https:\/\/tourcruiser.com\/fr\/\"},{\"@type\":\"ListItem\",\"position\":2,\"name\":\"Shop\",\"item\":\"https:\/\/tourcruiser.com\/fr\/shop\/\"},{\"@type\":\"ListItem\",\"position\":3,\"name\":\"Air Jordan 1 Low &#8216;Noble Red&#8217; 553558-604\"}]},{\"@type\":\"WebSite\",\"@id\":\"\/#website\",\"url\":\"\/\",\"name\":\"Styloral Jewelry Shop\",\"description\":\"Tourcruiser Sneaker Store \u2014 L\u2019endroit o\u00f9 l\u2019univers rencontre votre singularit\u00e9.\",\"publisher\":{\"@id\":\"\/#organization\"},\"potentialAction\":[{\"@type\":\"SearchAction\",\"target\":{\"@type\":\"EntryPoint\",\"urlTemplate\":\"\/?s={search_term_string}\"},\"query-input\":{\"@type\":\"PropertyValueSpecification\",\"valueRequired\":true,\"valueName\":\"search_term_string\"}}],\"inLanguage\":\"fr-FR\"},{\"@type\":\"Organization\",\"@id\":\"\/#organization\",\"name\":\"STYLORAL PTE. LTD\",\"url\":\"\/\",\"logo\":{\"@type\":\"ImageObject\",\"inLanguage\":\"fr-FR\",\"@id\":\"\/#\/schema\/logo\/image\/\",\"url\":\"https:\/\/www.tourcruiser.com\/wp-content\/uploads\/2025\/12\/logo.png\",\"contentUrl\":\"https:\/\/www.tourcruiser.com\/wp-content\/uploads\/2025\/12\/logo.png\",\"width\":200,\"height\":65,\"caption\":\"STYLORAL PTE. LTD\"},\"image\":{\"@id\":\"\/#\/schema\/logo\/image\/\"}}]}<\/script>\n<!-- \/ Yoast SEO plugin. -->","yoast_head_json":{"title":"Air Jordan 1 Low 'Noble Red' 553558-604 - TOURCRUISER PTE. LTD","robots":{"index":"index","follow":"follow","max-snippet":"max-snippet:-1","max-image-preview":"max-image-preview:large","max-video-preview":"max-video-preview:-1"},"canonical":"https:\/\/tourcruiser.com\/fr\/products\/air-jordan-1-low-noble-red-553558-604\/","og_locale":"fr_FR","og_type":"article","og_title":"Air Jordan 1 Low 'Noble Red' 553558-604 - TOURCRUISER PTE. LTD","og_description":"La Air Jordan 1 Low Noble Red, aussi appel\u00e9e Noble Red, est une sneaker \u00e9l\u00e9gante de l&#8217;embl\u00e9matique marque Jordan. Avec sa couleur rouge \u00e9clatante, cette chaussure basse est id\u00e9ale pour affirmer son style. Gr\u00e2ce \u00e0 son design Air Jordan classique et \u00e0 sa qualit\u00e9 de fabrication, cette sneaker est \u00e0 la fois tendance et confortable. [&hellip;]","og_url":"https:\/\/tourcruiser.com\/fr\/products\/air-jordan-1-low-noble-red-553558-604\/","og_site_name":"Tourcruiser Sneaker Store","article_modified_time":"2026-04-17T15:51:16+00:00","twitter_card":"summary_large_image","twitter_image":"https:\/\/images.novelship.com\/product\/air_jordan_1_low__noble_red__553558_604_0_17487.jpeg;https:\/\/images.novelship.com\/product\/air_jordan_1_low__noble_red__553558_604_1_17487.jpeg;https:\/\/images.novelship.com\/product\/air_jordan_1_low__noble_red__553558_604_2_17487.jpeg;https:\/\/images.novelship.com\/product\/air_jordan_1_low__noble_red__553558_604_3_17487.jpeg;https:\/\/images.novelship.com\/product\/air_jordan_1_low__noble_red__553558_604_4_17487.jpeg;https:\/\/images.novelship.com\/product\/air_jordan_1_low__noble_red__553558_604_5_17487.jpeg;https:\/\/images.novelship.com\/product\/air_jordan_1_low__noble_red__553558_604_6_17487.jpeg;https:\/\/images.novelship.com\/product\/air_jordan_1_low__noble_red__553558_604_7_17487.jpeg","twitter_misc":{"Dur\u00e9e de lecture estim\u00e9e":"1 minute"},"schema":{"@context":"https:\/\/schema.org","@graph":[{"@type":"WebPage","@id":"https:\/\/tourcruiser.com\/fr\/products\/air-jordan-1-low-noble-red-553558-604\/","url":"https:\/\/tourcruiser.com\/fr\/products\/air-jordan-1-low-noble-red-553558-604\/","name":"Air Jordan 1 Low 'Noble Red' 553558-604 - TOURCRUISER PTE. LTD","isPartOf":{"@id":"\/#website"},"primaryImageOfPage":{"@id":"https:\/\/tourcruiser.com\/fr\/products\/air-jordan-1-low-noble-red-553558-604\/#primaryimage"},"image":{"@id":"https:\/\/tourcruiser.com\/fr\/products\/air-jordan-1-low-noble-red-553558-604\/#primaryimage"},"thumbnailUrl":"https:\/\/images.novelship.com\/product\/air_jordan_1_low__noble_red__553558_604_0_17487.jpeg;https:\/\/images.novelship.com\/product\/air_jordan_1_low__noble_red__553558_604_1_17487.jpeg;https:\/\/images.novelship.com\/product\/air_jordan_1_low__noble_red__553558_604_2_17487.jpeg;https:\/\/images.novelship.com\/product\/air_jordan_1_low__noble_red__553558_604_3_17487.jpeg;https:\/\/images.novelship.com\/product\/air_jordan_1_low__noble_red__553558_604_4_17487.jpeg;https:\/\/images.novelship.com\/product\/air_jordan_1_low__noble_red__553558_604_5_17487.jpeg;https:\/\/images.novelship.com\/product\/air_jordan_1_low__noble_red__553558_604_6_17487.jpeg;https:\/\/images.novelship.com\/product\/air_jordan_1_low__noble_red__553558_604_7_17487.jpeg","datePublished":"2026-04-16T10:08:55+00:00","dateModified":"2026-04-17T15:51:16+00:00","breadcrumb":{"@id":"https:\/\/tourcruiser.com\/fr\/products\/air-jordan-1-low-noble-red-553558-604\/#breadcrumb"},"inLanguage":"fr-FR","potentialAction":[{"@type":"ReadAction","target":["https:\/\/tourcruiser.com\/fr\/products\/air-jordan-1-low-noble-red-553558-604\/"]}]},{"@type":"ImageObject","inLanguage":"fr-FR","@id":"https:\/\/tourcruiser.com\/fr\/products\/air-jordan-1-low-noble-red-553558-604\/#primaryimage","url":"https:\/\/images.novelship.com\/product\/air_jordan_1_low__noble_red__553558_604_0_17487.jpeg;https:\/\/images.novelship.com\/product\/air_jordan_1_low__noble_red__553558_604_1_17487.jpeg;https:\/\/images.novelship.com\/product\/air_jordan_1_low__noble_red__553558_604_2_17487.jpeg;https:\/\/images.novelship.com\/product\/air_jordan_1_low__noble_red__553558_604_3_17487.jpeg;https:\/\/images.novelship.com\/product\/air_jordan_1_low__noble_red__553558_604_4_17487.jpeg;https:\/\/images.novelship.com\/product\/air_jordan_1_low__noble_red__553558_604_5_17487.jpeg;https:\/\/images.novelship.com\/product\/air_jordan_1_low__noble_red__553558_604_6_17487.jpeg;https:\/\/images.novelship.com\/product\/air_jordan_1_low__noble_red__553558_604_7_17487.jpeg","contentUrl":"https:\/\/images.novelship.com\/product\/air_jordan_1_low__noble_red__553558_604_0_17487.jpeg;https:\/\/images.novelship.com\/product\/air_jordan_1_low__noble_red__553558_604_1_17487.jpeg;https:\/\/images.novelship.com\/product\/air_jordan_1_low__noble_red__553558_604_2_17487.jpeg;https:\/\/images.novelship.com\/product\/air_jordan_1_low__noble_red__553558_604_3_17487.jpeg;https:\/\/images.novelship.com\/product\/air_jordan_1_low__noble_red__553558_604_4_17487.jpeg;https:\/\/images.novelship.com\/product\/air_jordan_1_low__noble_red__553558_604_5_17487.jpeg;https:\/\/images.novelship.com\/product\/air_jordan_1_low__noble_red__553558_604_6_17487.jpeg;https:\/\/images.novelship.com\/product\/air_jordan_1_low__noble_red__553558_604_7_17487.jpeg"},{"@type":"BreadcrumbList","@id":"https:\/\/tourcruiser.com\/fr\/products\/air-jordan-1-low-noble-red-553558-604\/#breadcrumb","itemListElement":[{"@type":"ListItem","position":1,"name":"Home","item":"https:\/\/tourcruiser.com\/fr\/"},{"@type":"ListItem","position":2,"name":"Shop","item":"https:\/\/tourcruiser.com\/fr\/shop\/"},{"@type":"ListItem","position":3,"name":"Air Jordan 1 Low &#8216;Noble Red&#8217; 553558-604"}]},{"@type":"WebSite","@id":"\/#website","url":"\/","name":"Styloral Jewelry Shop","description":"Tourcruiser Sneaker Store \u2014 L\u2019endroit o\u00f9 l\u2019univers rencontre votre singularit\u00e9.","publisher":{"@id":"\/#organization"},"potentialAction":[{"@type":"SearchAction","target":{"@type":"EntryPoint","urlTemplate":"\/?s={search_term_string}"},"query-input":{"@type":"PropertyValueSpecification","valueRequired":true,"valueName":"search_term_string"}}],"inLanguage":"fr-FR"},{"@type":"Organization","@id":"\/#organization","name":"STYLORAL PTE. LTD","url":"\/","logo":{"@type":"ImageObject","inLanguage":"fr-FR","@id":"\/#\/schema\/logo\/image\/","url":"https:\/\/www.tourcruiser.com\/wp-content\/uploads\/2025\/12\/logo.png","contentUrl":"https:\/\/www.tourcruiser.com\/wp-content\/uploads\/2025\/12\/logo.png","width":200,"height":65,"caption":"STYLORAL PTE. LTD"},"image":{"@id":"\/#\/schema\/logo\/image\/"}}]}},"_links":{"self":[{"href":"https:\/\/tourcruiser.com\/fr\/wp-json\/wp\/v2\/product\/760704","targetHints":{"allow":["GET"]}}],"collection":[{"href":"https:\/\/tourcruiser.com\/fr\/wp-json\/wp\/v2\/product"}],"about":[{"href":"https:\/\/tourcruiser.com\/fr\/wp-json\/wp\/v2\/types\/product"}],"replies":[{"embeddable":true,"href":"https:\/\/tourcruiser.com\/fr\/wp-json\/wp\/v2\/comments?post=760704"}],"wp:featuredmedia":[{"embeddable":true,"href":"https:\/\/tourcruiser.com\/fr\/wp-json\/wp\/v2\/media\/760705"}],"wp:attachment":[{"href":"https:\/\/tourcruiser.com\/fr\/wp-json\/wp\/v2\/media?parent=760704"}],"wp:term":[{"taxonomy":"product_brand","embeddable":true,"href":"https:\/\/tourcruiser.com\/fr\/wp-json\/wp\/v2\/product_brand?post=760704"},{"taxonomy":"product_cat","embeddable":true,"href":"https:\/\/tourcruiser.com\/fr\/wp-json\/wp\/v2\/product_cat?post=760704"},{"taxonomy":"product_tag","embeddable":true,"href":"https:\/\/tourcruiser.com\/fr\/wp-json\/wp\/v2\/product_tag?post=760704"}],"curies":[{"name":"wp","href":"https:\/\/api.w.org\/{rel}","templated":true}]}}