{"id":760692,"date":"2026-04-16T17:08:54","date_gmt":"2026-04-16T10:08:54","guid":{"rendered":"http:\/\/tourcruiser.com\/product\/air-jordan-3-retro-true-blue-2011-136064-104"},"modified":"2026-04-17T22:51:15","modified_gmt":"2026-04-17T15:51:15","slug":"air-jordan-3-retro-true-blue-2011-136064-104","status":"publish","type":"product","link":"https:\/\/tourcruiser.com\/fr\/products\/air-jordan-3-retro-true-blue-2011-136064-104\/","title":{"rendered":"Air Jordan 3 Retro &lsquo;True Blue&rsquo; 2011 136064-104"},"content":{"rendered":"<p>La Air Jordan 3 Retro True Blue 2011 de Jordan est une sneaker classique r\u00e9put\u00e9e pour son style et son confort in\u00e9gal\u00e9s. Avec son coloris blanc et ses touches de True Blue embl\u00e9matiques, cette chaussure allie style et performance avec brio. Que ce soit sur le terrain ou en ville, la Air Jordan 3 Retro True Blue est un incontournable pour tous les passionn\u00e9s de sneakers.<\/p>\n<p>Coloris\u00a0: Blanc\/True Blue<br \/>\nCode article\u00a0: 136064-104<br \/>\nSemelle interm\u00e9diaire\u00a0: Air<br \/>\nCouleur\u00a0: Blanc<br \/>\nDesigner\u00a0: Tinker Hatfield<br \/>\nSaison\u00a0: \u00c9t\u00e9<br \/>\nAnn\u00e9e de sortie\u00a0: 2011<\/p>\n<p>Couleur\u00a0: Blanc\/True Blue<br \/>\n\u00c2ge\u00a0: Adulte<br \/>\nCouleur\u00a0: Blanc<br \/>\nGenre\u00a0: Homme<\/p>\n","protected":false},"excerpt":{"rendered":"<p>La Air Jordan 3 Retro True Blue 2011 de Jordan est une sneaker classique r\u00e9put\u00e9e pour son style et son confort in\u00e9gal\u00e9s. Avec son coloris blanc et ses touches de True Blue embl\u00e9matiques, cette chaussure allie style et performance avec brio. Que ce soit sur le terrain ou en ville, la Air Jordan 3 Retro [&hellip;]<\/p>\n","protected":false},"featured_media":760694,"comment_status":"open","ping_status":"closed","template":"","meta":[],"product_brand":[],"product_cat":[38880],"product_tag":[10750,38841,38842,10776,11349,38875,38886,10756],"class_list":{"0":"post-760692","1":"product","2":"type-product","3":"status-publish","4":"has-post-thumbnail","6":"product_cat-jordan","7":"product_tag-athleisure-shoes","8":"product_tag-casual-shoes","9":"product_tag-gift-idea-for-him","10":"product_tag-jordan","11":"product_tag-jordan-basketball-shoes","12":"product_tag-jordan-skateboard-shoes","13":"product_tag-lifestyle-shoes-inspired-by-basketball","14":"product_tag-retro-casual-shoes","16":"first","17":"instock","18":"taxable","19":"shipping-taxable","20":"purchasable","21":"product-type-simple"},"wcpa_form_fields":null,"yoast_head":"<!-- This site is optimized with the Yoast SEO plugin v26.5 - https:\/\/yoast.com\/wordpress\/plugins\/seo\/ -->\n<title>Air Jordan 3 Retro &#039;True Blue&#039; 2011 136064-104 - TOURCRUISER PTE. LTD<\/title>\n<meta name=\"robots\" content=\"index, follow, max-snippet:-1, max-image-preview:large, max-video-preview:-1\" \/>\n<link rel=\"canonical\" href=\"https:\/\/tourcruiser.com\/fr\/products\/air-jordan-3-retro-true-blue-2011-136064-104\/\" \/>\n<meta property=\"og:locale\" content=\"fr_FR\" \/>\n<meta property=\"og:type\" content=\"article\" \/>\n<meta property=\"og:title\" content=\"Air Jordan 3 Retro &#039;True Blue&#039; 2011 136064-104 - TOURCRUISER PTE. LTD\" \/>\n<meta property=\"og:description\" content=\"La Air Jordan 3 Retro True Blue 2011 de Jordan est une sneaker classique r\u00e9put\u00e9e pour son style et son confort in\u00e9gal\u00e9s. Avec son coloris blanc et ses touches de True Blue embl\u00e9matiques, cette chaussure allie style et performance avec brio. Que ce soit sur le terrain ou en ville, la Air Jordan 3 Retro [&hellip;]\" \/>\n<meta property=\"og:url\" content=\"https:\/\/tourcruiser.com\/fr\/products\/air-jordan-3-retro-true-blue-2011-136064-104\/\" \/>\n<meta property=\"og:site_name\" content=\"Tourcruiser Sneaker Store\" \/>\n<meta property=\"article:modified_time\" content=\"2026-04-17T15:51:15+00:00\" \/>\n<meta name=\"twitter:card\" content=\"summary_large_image\" \/>\n<meta name=\"twitter:image\" content=\"https:\/\/images.novelship.com\/product\/air_jordan_3_retro__true_blue__2011_136064_104_0_31167.jpeg;https:\/\/images.novelship.com\/product\/air_jordan_3_retro__true_blue__2011_136064_104_1_31167.jpeg;https:\/\/images.novelship.com\/product\/air_jordan_3_retro__true_blue__2011_136064_104_2_31167.jpeg;https:\/\/images.novelship.com\/product\/air_jordan_3_retro__true_blue__2011_136064_104_3_31167.jpeg;https:\/\/images.novelship.com\/product\/air_jordan_3_retro__true_blue__2011_136064_104_4_31167.jpeg;https:\/\/images.novelship.com\/product\/air_jordan_3_retro__true_blue__2011_136064_104_5_31167.jpeg;https:\/\/images.novelship.com\/product\/air_jordan_3_retro__true_blue__2011_136064_104_6_31167.jpeg;https:\/\/images.novelship.com\/product\/air_jordan_3_retro__true_blue__2011_136064_104_7_31167.jpeg\" \/>\n<meta name=\"twitter:label1\" content=\"Dur\u00e9e de lecture estim\u00e9e\" \/>\n\t<meta name=\"twitter:data1\" content=\"1 minute\" \/>\n<script type=\"application\/ld+json\" class=\"yoast-schema-graph\">{\"@context\":\"https:\/\/schema.org\",\"@graph\":[{\"@type\":\"WebPage\",\"@id\":\"https:\/\/tourcruiser.com\/fr\/products\/air-jordan-3-retro-true-blue-2011-136064-104\/\",\"url\":\"https:\/\/tourcruiser.com\/fr\/products\/air-jordan-3-retro-true-blue-2011-136064-104\/\",\"name\":\"Air Jordan 3 Retro 'True Blue' 2011 136064-104 - TOURCRUISER PTE. LTD\",\"isPartOf\":{\"@id\":\"\/#website\"},\"primaryImageOfPage\":{\"@id\":\"https:\/\/tourcruiser.com\/fr\/products\/air-jordan-3-retro-true-blue-2011-136064-104\/#primaryimage\"},\"image\":{\"@id\":\"https:\/\/tourcruiser.com\/fr\/products\/air-jordan-3-retro-true-blue-2011-136064-104\/#primaryimage\"},\"thumbnailUrl\":\"https:\/\/images.novelship.com\/product\/air_jordan_3_retro__true_blue__2011_136064_104_0_31167.jpeg;https:\/\/images.novelship.com\/product\/air_jordan_3_retro__true_blue__2011_136064_104_1_31167.jpeg;https:\/\/images.novelship.com\/product\/air_jordan_3_retro__true_blue__2011_136064_104_2_31167.jpeg;https:\/\/images.novelship.com\/product\/air_jordan_3_retro__true_blue__2011_136064_104_3_31167.jpeg;https:\/\/images.novelship.com\/product\/air_jordan_3_retro__true_blue__2011_136064_104_4_31167.jpeg;https:\/\/images.novelship.com\/product\/air_jordan_3_retro__true_blue__2011_136064_104_5_31167.jpeg;https:\/\/images.novelship.com\/product\/air_jordan_3_retro__true_blue__2011_136064_104_6_31167.jpeg;https:\/\/images.novelship.com\/product\/air_jordan_3_retro__true_blue__2011_136064_104_7_31167.jpeg\",\"datePublished\":\"2026-04-16T10:08:54+00:00\",\"dateModified\":\"2026-04-17T15:51:15+00:00\",\"breadcrumb\":{\"@id\":\"https:\/\/tourcruiser.com\/fr\/products\/air-jordan-3-retro-true-blue-2011-136064-104\/#breadcrumb\"},\"inLanguage\":\"fr-FR\",\"potentialAction\":[{\"@type\":\"ReadAction\",\"target\":[\"https:\/\/tourcruiser.com\/fr\/products\/air-jordan-3-retro-true-blue-2011-136064-104\/\"]}]},{\"@type\":\"ImageObject\",\"inLanguage\":\"fr-FR\",\"@id\":\"https:\/\/tourcruiser.com\/fr\/products\/air-jordan-3-retro-true-blue-2011-136064-104\/#primaryimage\",\"url\":\"https:\/\/images.novelship.com\/product\/air_jordan_3_retro__true_blue__2011_136064_104_0_31167.jpeg;https:\/\/images.novelship.com\/product\/air_jordan_3_retro__true_blue__2011_136064_104_1_31167.jpeg;https:\/\/images.novelship.com\/product\/air_jordan_3_retro__true_blue__2011_136064_104_2_31167.jpeg;https:\/\/images.novelship.com\/product\/air_jordan_3_retro__true_blue__2011_136064_104_3_31167.jpeg;https:\/\/images.novelship.com\/product\/air_jordan_3_retro__true_blue__2011_136064_104_4_31167.jpeg;https:\/\/images.novelship.com\/product\/air_jordan_3_retro__true_blue__2011_136064_104_5_31167.jpeg;https:\/\/images.novelship.com\/product\/air_jordan_3_retro__true_blue__2011_136064_104_6_31167.jpeg;https:\/\/images.novelship.com\/product\/air_jordan_3_retro__true_blue__2011_136064_104_7_31167.jpeg\",\"contentUrl\":\"https:\/\/images.novelship.com\/product\/air_jordan_3_retro__true_blue__2011_136064_104_0_31167.jpeg;https:\/\/images.novelship.com\/product\/air_jordan_3_retro__true_blue__2011_136064_104_1_31167.jpeg;https:\/\/images.novelship.com\/product\/air_jordan_3_retro__true_blue__2011_136064_104_2_31167.jpeg;https:\/\/images.novelship.com\/product\/air_jordan_3_retro__true_blue__2011_136064_104_3_31167.jpeg;https:\/\/images.novelship.com\/product\/air_jordan_3_retro__true_blue__2011_136064_104_4_31167.jpeg;https:\/\/images.novelship.com\/product\/air_jordan_3_retro__true_blue__2011_136064_104_5_31167.jpeg;https:\/\/images.novelship.com\/product\/air_jordan_3_retro__true_blue__2011_136064_104_6_31167.jpeg;https:\/\/images.novelship.com\/product\/air_jordan_3_retro__true_blue__2011_136064_104_7_31167.jpeg\"},{\"@type\":\"BreadcrumbList\",\"@id\":\"https:\/\/tourcruiser.com\/fr\/products\/air-jordan-3-retro-true-blue-2011-136064-104\/#breadcrumb\",\"itemListElement\":[{\"@type\":\"ListItem\",\"position\":1,\"name\":\"Home\",\"item\":\"https:\/\/tourcruiser.com\/fr\/\"},{\"@type\":\"ListItem\",\"position\":2,\"name\":\"Shop\",\"item\":\"https:\/\/tourcruiser.com\/fr\/shop\/\"},{\"@type\":\"ListItem\",\"position\":3,\"name\":\"Air Jordan 3 Retro &#8216;True Blue&#8217; 2011 136064-104\"}]},{\"@type\":\"WebSite\",\"@id\":\"\/#website\",\"url\":\"\/\",\"name\":\"Styloral Jewelry Shop\",\"description\":\"Tourcruiser Sneaker Store \u2014 L\u2019endroit o\u00f9 l\u2019univers rencontre votre singularit\u00e9.\",\"publisher\":{\"@id\":\"\/#organization\"},\"potentialAction\":[{\"@type\":\"SearchAction\",\"target\":{\"@type\":\"EntryPoint\",\"urlTemplate\":\"\/?s={search_term_string}\"},\"query-input\":{\"@type\":\"PropertyValueSpecification\",\"valueRequired\":true,\"valueName\":\"search_term_string\"}}],\"inLanguage\":\"fr-FR\"},{\"@type\":\"Organization\",\"@id\":\"\/#organization\",\"name\":\"STYLORAL PTE. LTD\",\"url\":\"\/\",\"logo\":{\"@type\":\"ImageObject\",\"inLanguage\":\"fr-FR\",\"@id\":\"\/#\/schema\/logo\/image\/\",\"url\":\"https:\/\/www.tourcruiser.com\/wp-content\/uploads\/2025\/12\/logo.png\",\"contentUrl\":\"https:\/\/www.tourcruiser.com\/wp-content\/uploads\/2025\/12\/logo.png\",\"width\":200,\"height\":65,\"caption\":\"STYLORAL PTE. LTD\"},\"image\":{\"@id\":\"\/#\/schema\/logo\/image\/\"}}]}<\/script>\n<!-- \/ Yoast SEO plugin. -->","yoast_head_json":{"title":"Air Jordan 3 Retro 'True Blue' 2011 136064-104 - TOURCRUISER PTE. LTD","robots":{"index":"index","follow":"follow","max-snippet":"max-snippet:-1","max-image-preview":"max-image-preview:large","max-video-preview":"max-video-preview:-1"},"canonical":"https:\/\/tourcruiser.com\/fr\/products\/air-jordan-3-retro-true-blue-2011-136064-104\/","og_locale":"fr_FR","og_type":"article","og_title":"Air Jordan 3 Retro 'True Blue' 2011 136064-104 - TOURCRUISER PTE. LTD","og_description":"La Air Jordan 3 Retro True Blue 2011 de Jordan est une sneaker classique r\u00e9put\u00e9e pour son style et son confort in\u00e9gal\u00e9s. Avec son coloris blanc et ses touches de True Blue embl\u00e9matiques, cette chaussure allie style et performance avec brio. Que ce soit sur le terrain ou en ville, la Air Jordan 3 Retro [&hellip;]","og_url":"https:\/\/tourcruiser.com\/fr\/products\/air-jordan-3-retro-true-blue-2011-136064-104\/","og_site_name":"Tourcruiser Sneaker Store","article_modified_time":"2026-04-17T15:51:15+00:00","twitter_card":"summary_large_image","twitter_image":"https:\/\/images.novelship.com\/product\/air_jordan_3_retro__true_blue__2011_136064_104_0_31167.jpeg;https:\/\/images.novelship.com\/product\/air_jordan_3_retro__true_blue__2011_136064_104_1_31167.jpeg;https:\/\/images.novelship.com\/product\/air_jordan_3_retro__true_blue__2011_136064_104_2_31167.jpeg;https:\/\/images.novelship.com\/product\/air_jordan_3_retro__true_blue__2011_136064_104_3_31167.jpeg;https:\/\/images.novelship.com\/product\/air_jordan_3_retro__true_blue__2011_136064_104_4_31167.jpeg;https:\/\/images.novelship.com\/product\/air_jordan_3_retro__true_blue__2011_136064_104_5_31167.jpeg;https:\/\/images.novelship.com\/product\/air_jordan_3_retro__true_blue__2011_136064_104_6_31167.jpeg;https:\/\/images.novelship.com\/product\/air_jordan_3_retro__true_blue__2011_136064_104_7_31167.jpeg","twitter_misc":{"Dur\u00e9e de lecture estim\u00e9e":"1 minute"},"schema":{"@context":"https:\/\/schema.org","@graph":[{"@type":"WebPage","@id":"https:\/\/tourcruiser.com\/fr\/products\/air-jordan-3-retro-true-blue-2011-136064-104\/","url":"https:\/\/tourcruiser.com\/fr\/products\/air-jordan-3-retro-true-blue-2011-136064-104\/","name":"Air Jordan 3 Retro 'True Blue' 2011 136064-104 - TOURCRUISER PTE. LTD","isPartOf":{"@id":"\/#website"},"primaryImageOfPage":{"@id":"https:\/\/tourcruiser.com\/fr\/products\/air-jordan-3-retro-true-blue-2011-136064-104\/#primaryimage"},"image":{"@id":"https:\/\/tourcruiser.com\/fr\/products\/air-jordan-3-retro-true-blue-2011-136064-104\/#primaryimage"},"thumbnailUrl":"https:\/\/images.novelship.com\/product\/air_jordan_3_retro__true_blue__2011_136064_104_0_31167.jpeg;https:\/\/images.novelship.com\/product\/air_jordan_3_retro__true_blue__2011_136064_104_1_31167.jpeg;https:\/\/images.novelship.com\/product\/air_jordan_3_retro__true_blue__2011_136064_104_2_31167.jpeg;https:\/\/images.novelship.com\/product\/air_jordan_3_retro__true_blue__2011_136064_104_3_31167.jpeg;https:\/\/images.novelship.com\/product\/air_jordan_3_retro__true_blue__2011_136064_104_4_31167.jpeg;https:\/\/images.novelship.com\/product\/air_jordan_3_retro__true_blue__2011_136064_104_5_31167.jpeg;https:\/\/images.novelship.com\/product\/air_jordan_3_retro__true_blue__2011_136064_104_6_31167.jpeg;https:\/\/images.novelship.com\/product\/air_jordan_3_retro__true_blue__2011_136064_104_7_31167.jpeg","datePublished":"2026-04-16T10:08:54+00:00","dateModified":"2026-04-17T15:51:15+00:00","breadcrumb":{"@id":"https:\/\/tourcruiser.com\/fr\/products\/air-jordan-3-retro-true-blue-2011-136064-104\/#breadcrumb"},"inLanguage":"fr-FR","potentialAction":[{"@type":"ReadAction","target":["https:\/\/tourcruiser.com\/fr\/products\/air-jordan-3-retro-true-blue-2011-136064-104\/"]}]},{"@type":"ImageObject","inLanguage":"fr-FR","@id":"https:\/\/tourcruiser.com\/fr\/products\/air-jordan-3-retro-true-blue-2011-136064-104\/#primaryimage","url":"https:\/\/images.novelship.com\/product\/air_jordan_3_retro__true_blue__2011_136064_104_0_31167.jpeg;https:\/\/images.novelship.com\/product\/air_jordan_3_retro__true_blue__2011_136064_104_1_31167.jpeg;https:\/\/images.novelship.com\/product\/air_jordan_3_retro__true_blue__2011_136064_104_2_31167.jpeg;https:\/\/images.novelship.com\/product\/air_jordan_3_retro__true_blue__2011_136064_104_3_31167.jpeg;https:\/\/images.novelship.com\/product\/air_jordan_3_retro__true_blue__2011_136064_104_4_31167.jpeg;https:\/\/images.novelship.com\/product\/air_jordan_3_retro__true_blue__2011_136064_104_5_31167.jpeg;https:\/\/images.novelship.com\/product\/air_jordan_3_retro__true_blue__2011_136064_104_6_31167.jpeg;https:\/\/images.novelship.com\/product\/air_jordan_3_retro__true_blue__2011_136064_104_7_31167.jpeg","contentUrl":"https:\/\/images.novelship.com\/product\/air_jordan_3_retro__true_blue__2011_136064_104_0_31167.jpeg;https:\/\/images.novelship.com\/product\/air_jordan_3_retro__true_blue__2011_136064_104_1_31167.jpeg;https:\/\/images.novelship.com\/product\/air_jordan_3_retro__true_blue__2011_136064_104_2_31167.jpeg;https:\/\/images.novelship.com\/product\/air_jordan_3_retro__true_blue__2011_136064_104_3_31167.jpeg;https:\/\/images.novelship.com\/product\/air_jordan_3_retro__true_blue__2011_136064_104_4_31167.jpeg;https:\/\/images.novelship.com\/product\/air_jordan_3_retro__true_blue__2011_136064_104_5_31167.jpeg;https:\/\/images.novelship.com\/product\/air_jordan_3_retro__true_blue__2011_136064_104_6_31167.jpeg;https:\/\/images.novelship.com\/product\/air_jordan_3_retro__true_blue__2011_136064_104_7_31167.jpeg"},{"@type":"BreadcrumbList","@id":"https:\/\/tourcruiser.com\/fr\/products\/air-jordan-3-retro-true-blue-2011-136064-104\/#breadcrumb","itemListElement":[{"@type":"ListItem","position":1,"name":"Home","item":"https:\/\/tourcruiser.com\/fr\/"},{"@type":"ListItem","position":2,"name":"Shop","item":"https:\/\/tourcruiser.com\/fr\/shop\/"},{"@type":"ListItem","position":3,"name":"Air Jordan 3 Retro &#8216;True Blue&#8217; 2011 136064-104"}]},{"@type":"WebSite","@id":"\/#website","url":"\/","name":"Styloral Jewelry Shop","description":"Tourcruiser Sneaker Store \u2014 L\u2019endroit o\u00f9 l\u2019univers rencontre votre singularit\u00e9.","publisher":{"@id":"\/#organization"},"potentialAction":[{"@type":"SearchAction","target":{"@type":"EntryPoint","urlTemplate":"\/?s={search_term_string}"},"query-input":{"@type":"PropertyValueSpecification","valueRequired":true,"valueName":"search_term_string"}}],"inLanguage":"fr-FR"},{"@type":"Organization","@id":"\/#organization","name":"STYLORAL PTE. LTD","url":"\/","logo":{"@type":"ImageObject","inLanguage":"fr-FR","@id":"\/#\/schema\/logo\/image\/","url":"https:\/\/www.tourcruiser.com\/wp-content\/uploads\/2025\/12\/logo.png","contentUrl":"https:\/\/www.tourcruiser.com\/wp-content\/uploads\/2025\/12\/logo.png","width":200,"height":65,"caption":"STYLORAL PTE. LTD"},"image":{"@id":"\/#\/schema\/logo\/image\/"}}]}},"_links":{"self":[{"href":"https:\/\/tourcruiser.com\/fr\/wp-json\/wp\/v2\/product\/760692","targetHints":{"allow":["GET"]}}],"collection":[{"href":"https:\/\/tourcruiser.com\/fr\/wp-json\/wp\/v2\/product"}],"about":[{"href":"https:\/\/tourcruiser.com\/fr\/wp-json\/wp\/v2\/types\/product"}],"replies":[{"embeddable":true,"href":"https:\/\/tourcruiser.com\/fr\/wp-json\/wp\/v2\/comments?post=760692"}],"wp:featuredmedia":[{"embeddable":true,"href":"https:\/\/tourcruiser.com\/fr\/wp-json\/wp\/v2\/media\/760694"}],"wp:attachment":[{"href":"https:\/\/tourcruiser.com\/fr\/wp-json\/wp\/v2\/media?parent=760692"}],"wp:term":[{"taxonomy":"product_brand","embeddable":true,"href":"https:\/\/tourcruiser.com\/fr\/wp-json\/wp\/v2\/product_brand?post=760692"},{"taxonomy":"product_cat","embeddable":true,"href":"https:\/\/tourcruiser.com\/fr\/wp-json\/wp\/v2\/product_cat?post=760692"},{"taxonomy":"product_tag","embeddable":true,"href":"https:\/\/tourcruiser.com\/fr\/wp-json\/wp\/v2\/product_tag?post=760692"}],"curies":[{"name":"wp","href":"https:\/\/api.w.org\/{rel}","templated":true}]}}