{"id":760686,"date":"2026-04-16T17:08:54","date_gmt":"2026-04-16T10:08:54","guid":{"rendered":"http:\/\/tourcruiser.com\/product\/grade-school-air-jordan-3-retro-racer-blue-398614-145"},"modified":"2026-04-17T22:51:15","modified_gmt":"2026-04-17T15:51:15","slug":"grade-school-air-jordan-3-retro-racer-blue-398614-145","status":"publish","type":"product","link":"https:\/\/tourcruiser.com\/fr\/products\/grade-school-air-jordan-3-retro-racer-blue-398614-145\/","title":{"rendered":"(Grade School) Air Jordan 3 Retro &lsquo;Racer Blue&rsquo; 398614-145"},"content":{"rendered":"<p>Faites passer votre jeune athl\u00e8te au niveau sup\u00e9rieur avec la Air Jordan 3 Retro \u00ab\u00a0Racer Blue\u00a0\u00bb pour les enfants du primaire. Cette basket iconique, orn\u00e9e de l&rsquo;imprim\u00e9 \u00e9l\u00e9phant signature et d&rsquo;une teinte bleu vif, allie style classique et modernit\u00e9. Son empeigne en cuir premium garantit une grande durabilit\u00e9, tandis que sa semelle interm\u00e9diaire amortissante assure un confort optimal tout au long de la journ\u00e9e. Sur le terrain comme en dehors, la Air Jordan 3 Retro \u00ab\u00a0Racer Blue\u00a0\u00bb est un incontournable pour tout fan de sneakers en herbe. Code article\u00a0: 398614-145.<\/p>\n<p>Coloris\u00a0: Blanc\/Noir\/Gris ciment\/Bleu course<br \/>\nCode article\u00a0: 398614-145<br \/>\nEmpeigne\u00a0: Cuir<br \/>\nSemelle interm\u00e9diaire\u00a0: Air<br \/>\nCouleur\u00a0: Blanc<br \/>\nDesigner\u00a0: Tinker Hatfield<br \/>\nSaison\u00a0: \u00c9t\u00e9<br \/>\nAnn\u00e9e de sortie\u00a0: 2021<\/p>\n<p>\u00c2ge\u00a0: Adulte<br \/>\nCouleur\u00a0: Blanc<br \/>\nGenre\u00a0: Enfant<\/p>\n","protected":false},"excerpt":{"rendered":"<p>Faites passer votre jeune athl\u00e8te au niveau sup\u00e9rieur avec la Air Jordan 3 Retro \u00ab\u00a0Racer Blue\u00a0\u00bb pour les enfants du primaire. Cette basket iconique, orn\u00e9e de l&rsquo;imprim\u00e9 \u00e9l\u00e9phant signature et d&rsquo;une teinte bleu vif, allie style classique et modernit\u00e9. Son empeigne en cuir premium garantit une grande durabilit\u00e9, tandis que sa semelle interm\u00e9diaire amortissante assure [&hellip;]<\/p>\n","protected":false},"featured_media":760687,"comment_status":"open","ping_status":"closed","template":"","meta":[],"product_brand":[],"product_cat":[38880],"product_tag":[10750,38988,10776,11349,38875,10756,39039,38902],"class_list":{"0":"post-760686","1":"product","2":"type-product","3":"status-publish","4":"has-post-thumbnail","6":"product_cat-jordan","7":"product_tag-athleisure-shoes","8":"product_tag-casual-shoes-for-kids","9":"product_tag-jordan","10":"product_tag-jordan-basketball-shoes","11":"product_tag-jordan-skateboard-shoes","12":"product_tag-retro-casual-shoes","13":"product_tag-sneakers-for-kids","14":"product_tag-trendy-offers","16":"first","17":"instock","18":"taxable","19":"shipping-taxable","20":"purchasable","21":"product-type-simple"},"wcpa_form_fields":null,"yoast_head":"<!-- This site is optimized with the Yoast SEO plugin v26.5 - https:\/\/yoast.com\/wordpress\/plugins\/seo\/ -->\n<title>(Grade School) Air Jordan 3 Retro &#039;Racer Blue&#039; 398614-145 - TOURCRUISER PTE. LTD<\/title>\n<meta name=\"robots\" content=\"index, follow, max-snippet:-1, max-image-preview:large, max-video-preview:-1\" \/>\n<link rel=\"canonical\" href=\"https:\/\/tourcruiser.com\/fr\/products\/grade-school-air-jordan-3-retro-racer-blue-398614-145\/\" \/>\n<meta property=\"og:locale\" content=\"fr_FR\" \/>\n<meta property=\"og:type\" content=\"article\" \/>\n<meta property=\"og:title\" content=\"(Grade School) Air Jordan 3 Retro &#039;Racer Blue&#039; 398614-145 - TOURCRUISER PTE. LTD\" \/>\n<meta property=\"og:description\" content=\"Faites passer votre jeune athl\u00e8te au niveau sup\u00e9rieur avec la Air Jordan 3 Retro \u00ab\u00a0Racer Blue\u00a0\u00bb pour les enfants du primaire. Cette basket iconique, orn\u00e9e de l&rsquo;imprim\u00e9 \u00e9l\u00e9phant signature et d&rsquo;une teinte bleu vif, allie style classique et modernit\u00e9. Son empeigne en cuir premium garantit une grande durabilit\u00e9, tandis que sa semelle interm\u00e9diaire amortissante assure [&hellip;]\" \/>\n<meta property=\"og:url\" content=\"https:\/\/tourcruiser.com\/fr\/products\/grade-school-air-jordan-3-retro-racer-blue-398614-145\/\" \/>\n<meta property=\"og:site_name\" content=\"Tourcruiser Sneaker Store\" \/>\n<meta property=\"article:modified_time\" content=\"2026-04-17T15:51:15+00:00\" \/>\n<meta name=\"twitter:card\" content=\"summary_large_image\" \/>\n<meta name=\"twitter:image\" content=\"https:\/\/images.novelship.com\/product\/_grade_school__air_jordan_3_retro__racer_blue__398_0_84550.jpeg;https:\/\/images.novelship.com\/product\/_grade_school__air_jordan_3_retro__racer_blue__398_1_84550.jpeg;https:\/\/images.novelship.com\/product\/_grade_school__air_jordan_3_retro__racer_blue__398_2_84550.jpeg;https:\/\/images.novelship.com\/product\/_grade_school__air_jordan_3_retro__racer_blue__398_3_84550.jpeg;https:\/\/images.novelship.com\/product\/_grade_school__air_jordan_3_retro__racer_blue__398_4_84550.jpeg;https:\/\/images.novelship.com\/product\/_grade_school__air_jordan_3_retro__racer_blue__398_5_84550.jpeg;https:\/\/images.novelship.com\/product\/_grade_school__air_jordan_3_retro__racer_blue__398_6_84550.jpeg;https:\/\/images.novelship.com\/product\/_grade_school__air_jordan_3_retro__racer_blue__398_7_84550.jpeg\" \/>\n<meta name=\"twitter:label1\" content=\"Dur\u00e9e de lecture estim\u00e9e\" \/>\n\t<meta name=\"twitter:data1\" content=\"1 minute\" \/>\n<script type=\"application\/ld+json\" class=\"yoast-schema-graph\">{\"@context\":\"https:\/\/schema.org\",\"@graph\":[{\"@type\":\"WebPage\",\"@id\":\"https:\/\/tourcruiser.com\/fr\/products\/grade-school-air-jordan-3-retro-racer-blue-398614-145\/\",\"url\":\"https:\/\/tourcruiser.com\/fr\/products\/grade-school-air-jordan-3-retro-racer-blue-398614-145\/\",\"name\":\"(Grade School) Air Jordan 3 Retro 'Racer Blue' 398614-145 - TOURCRUISER PTE. LTD\",\"isPartOf\":{\"@id\":\"\/#website\"},\"primaryImageOfPage\":{\"@id\":\"https:\/\/tourcruiser.com\/fr\/products\/grade-school-air-jordan-3-retro-racer-blue-398614-145\/#primaryimage\"},\"image\":{\"@id\":\"https:\/\/tourcruiser.com\/fr\/products\/grade-school-air-jordan-3-retro-racer-blue-398614-145\/#primaryimage\"},\"thumbnailUrl\":\"https:\/\/images.novelship.com\/product\/_grade_school__air_jordan_3_retro__racer_blue__398_0_84550.jpeg;https:\/\/images.novelship.com\/product\/_grade_school__air_jordan_3_retro__racer_blue__398_1_84550.jpeg;https:\/\/images.novelship.com\/product\/_grade_school__air_jordan_3_retro__racer_blue__398_2_84550.jpeg;https:\/\/images.novelship.com\/product\/_grade_school__air_jordan_3_retro__racer_blue__398_3_84550.jpeg;https:\/\/images.novelship.com\/product\/_grade_school__air_jordan_3_retro__racer_blue__398_4_84550.jpeg;https:\/\/images.novelship.com\/product\/_grade_school__air_jordan_3_retro__racer_blue__398_5_84550.jpeg;https:\/\/images.novelship.com\/product\/_grade_school__air_jordan_3_retro__racer_blue__398_6_84550.jpeg;https:\/\/images.novelship.com\/product\/_grade_school__air_jordan_3_retro__racer_blue__398_7_84550.jpeg\",\"datePublished\":\"2026-04-16T10:08:54+00:00\",\"dateModified\":\"2026-04-17T15:51:15+00:00\",\"breadcrumb\":{\"@id\":\"https:\/\/tourcruiser.com\/fr\/products\/grade-school-air-jordan-3-retro-racer-blue-398614-145\/#breadcrumb\"},\"inLanguage\":\"fr-FR\",\"potentialAction\":[{\"@type\":\"ReadAction\",\"target\":[\"https:\/\/tourcruiser.com\/fr\/products\/grade-school-air-jordan-3-retro-racer-blue-398614-145\/\"]}]},{\"@type\":\"ImageObject\",\"inLanguage\":\"fr-FR\",\"@id\":\"https:\/\/tourcruiser.com\/fr\/products\/grade-school-air-jordan-3-retro-racer-blue-398614-145\/#primaryimage\",\"url\":\"https:\/\/images.novelship.com\/product\/_grade_school__air_jordan_3_retro__racer_blue__398_0_84550.jpeg;https:\/\/images.novelship.com\/product\/_grade_school__air_jordan_3_retro__racer_blue__398_1_84550.jpeg;https:\/\/images.novelship.com\/product\/_grade_school__air_jordan_3_retro__racer_blue__398_2_84550.jpeg;https:\/\/images.novelship.com\/product\/_grade_school__air_jordan_3_retro__racer_blue__398_3_84550.jpeg;https:\/\/images.novelship.com\/product\/_grade_school__air_jordan_3_retro__racer_blue__398_4_84550.jpeg;https:\/\/images.novelship.com\/product\/_grade_school__air_jordan_3_retro__racer_blue__398_5_84550.jpeg;https:\/\/images.novelship.com\/product\/_grade_school__air_jordan_3_retro__racer_blue__398_6_84550.jpeg;https:\/\/images.novelship.com\/product\/_grade_school__air_jordan_3_retro__racer_blue__398_7_84550.jpeg\",\"contentUrl\":\"https:\/\/images.novelship.com\/product\/_grade_school__air_jordan_3_retro__racer_blue__398_0_84550.jpeg;https:\/\/images.novelship.com\/product\/_grade_school__air_jordan_3_retro__racer_blue__398_1_84550.jpeg;https:\/\/images.novelship.com\/product\/_grade_school__air_jordan_3_retro__racer_blue__398_2_84550.jpeg;https:\/\/images.novelship.com\/product\/_grade_school__air_jordan_3_retro__racer_blue__398_3_84550.jpeg;https:\/\/images.novelship.com\/product\/_grade_school__air_jordan_3_retro__racer_blue__398_4_84550.jpeg;https:\/\/images.novelship.com\/product\/_grade_school__air_jordan_3_retro__racer_blue__398_5_84550.jpeg;https:\/\/images.novelship.com\/product\/_grade_school__air_jordan_3_retro__racer_blue__398_6_84550.jpeg;https:\/\/images.novelship.com\/product\/_grade_school__air_jordan_3_retro__racer_blue__398_7_84550.jpeg\"},{\"@type\":\"BreadcrumbList\",\"@id\":\"https:\/\/tourcruiser.com\/fr\/products\/grade-school-air-jordan-3-retro-racer-blue-398614-145\/#breadcrumb\",\"itemListElement\":[{\"@type\":\"ListItem\",\"position\":1,\"name\":\"Home\",\"item\":\"https:\/\/tourcruiser.com\/fr\/\"},{\"@type\":\"ListItem\",\"position\":2,\"name\":\"Shop\",\"item\":\"https:\/\/tourcruiser.com\/fr\/shop\/\"},{\"@type\":\"ListItem\",\"position\":3,\"name\":\"(Grade School) Air Jordan 3 Retro &#8216;Racer Blue&#8217; 398614-145\"}]},{\"@type\":\"WebSite\",\"@id\":\"\/#website\",\"url\":\"\/\",\"name\":\"Styloral Jewelry Shop\",\"description\":\"Tourcruiser Sneaker Store \u2014 L\u2019endroit o\u00f9 l\u2019univers rencontre votre singularit\u00e9.\",\"publisher\":{\"@id\":\"\/#organization\"},\"potentialAction\":[{\"@type\":\"SearchAction\",\"target\":{\"@type\":\"EntryPoint\",\"urlTemplate\":\"\/?s={search_term_string}\"},\"query-input\":{\"@type\":\"PropertyValueSpecification\",\"valueRequired\":true,\"valueName\":\"search_term_string\"}}],\"inLanguage\":\"fr-FR\"},{\"@type\":\"Organization\",\"@id\":\"\/#organization\",\"name\":\"STYLORAL PTE. LTD\",\"url\":\"\/\",\"logo\":{\"@type\":\"ImageObject\",\"inLanguage\":\"fr-FR\",\"@id\":\"\/#\/schema\/logo\/image\/\",\"url\":\"https:\/\/www.tourcruiser.com\/wp-content\/uploads\/2025\/12\/logo.png\",\"contentUrl\":\"https:\/\/www.tourcruiser.com\/wp-content\/uploads\/2025\/12\/logo.png\",\"width\":200,\"height\":65,\"caption\":\"STYLORAL PTE. LTD\"},\"image\":{\"@id\":\"\/#\/schema\/logo\/image\/\"}}]}<\/script>\n<!-- \/ Yoast SEO plugin. -->","yoast_head_json":{"title":"(Grade School) Air Jordan 3 Retro 'Racer Blue' 398614-145 - TOURCRUISER PTE. LTD","robots":{"index":"index","follow":"follow","max-snippet":"max-snippet:-1","max-image-preview":"max-image-preview:large","max-video-preview":"max-video-preview:-1"},"canonical":"https:\/\/tourcruiser.com\/fr\/products\/grade-school-air-jordan-3-retro-racer-blue-398614-145\/","og_locale":"fr_FR","og_type":"article","og_title":"(Grade School) Air Jordan 3 Retro 'Racer Blue' 398614-145 - TOURCRUISER PTE. LTD","og_description":"Faites passer votre jeune athl\u00e8te au niveau sup\u00e9rieur avec la Air Jordan 3 Retro \u00ab\u00a0Racer Blue\u00a0\u00bb pour les enfants du primaire. Cette basket iconique, orn\u00e9e de l&rsquo;imprim\u00e9 \u00e9l\u00e9phant signature et d&rsquo;une teinte bleu vif, allie style classique et modernit\u00e9. Son empeigne en cuir premium garantit une grande durabilit\u00e9, tandis que sa semelle interm\u00e9diaire amortissante assure [&hellip;]","og_url":"https:\/\/tourcruiser.com\/fr\/products\/grade-school-air-jordan-3-retro-racer-blue-398614-145\/","og_site_name":"Tourcruiser Sneaker Store","article_modified_time":"2026-04-17T15:51:15+00:00","twitter_card":"summary_large_image","twitter_image":"https:\/\/images.novelship.com\/product\/_grade_school__air_jordan_3_retro__racer_blue__398_0_84550.jpeg;https:\/\/images.novelship.com\/product\/_grade_school__air_jordan_3_retro__racer_blue__398_1_84550.jpeg;https:\/\/images.novelship.com\/product\/_grade_school__air_jordan_3_retro__racer_blue__398_2_84550.jpeg;https:\/\/images.novelship.com\/product\/_grade_school__air_jordan_3_retro__racer_blue__398_3_84550.jpeg;https:\/\/images.novelship.com\/product\/_grade_school__air_jordan_3_retro__racer_blue__398_4_84550.jpeg;https:\/\/images.novelship.com\/product\/_grade_school__air_jordan_3_retro__racer_blue__398_5_84550.jpeg;https:\/\/images.novelship.com\/product\/_grade_school__air_jordan_3_retro__racer_blue__398_6_84550.jpeg;https:\/\/images.novelship.com\/product\/_grade_school__air_jordan_3_retro__racer_blue__398_7_84550.jpeg","twitter_misc":{"Dur\u00e9e de lecture estim\u00e9e":"1 minute"},"schema":{"@context":"https:\/\/schema.org","@graph":[{"@type":"WebPage","@id":"https:\/\/tourcruiser.com\/fr\/products\/grade-school-air-jordan-3-retro-racer-blue-398614-145\/","url":"https:\/\/tourcruiser.com\/fr\/products\/grade-school-air-jordan-3-retro-racer-blue-398614-145\/","name":"(Grade School) Air Jordan 3 Retro 'Racer Blue' 398614-145 - TOURCRUISER PTE. LTD","isPartOf":{"@id":"\/#website"},"primaryImageOfPage":{"@id":"https:\/\/tourcruiser.com\/fr\/products\/grade-school-air-jordan-3-retro-racer-blue-398614-145\/#primaryimage"},"image":{"@id":"https:\/\/tourcruiser.com\/fr\/products\/grade-school-air-jordan-3-retro-racer-blue-398614-145\/#primaryimage"},"thumbnailUrl":"https:\/\/images.novelship.com\/product\/_grade_school__air_jordan_3_retro__racer_blue__398_0_84550.jpeg;https:\/\/images.novelship.com\/product\/_grade_school__air_jordan_3_retro__racer_blue__398_1_84550.jpeg;https:\/\/images.novelship.com\/product\/_grade_school__air_jordan_3_retro__racer_blue__398_2_84550.jpeg;https:\/\/images.novelship.com\/product\/_grade_school__air_jordan_3_retro__racer_blue__398_3_84550.jpeg;https:\/\/images.novelship.com\/product\/_grade_school__air_jordan_3_retro__racer_blue__398_4_84550.jpeg;https:\/\/images.novelship.com\/product\/_grade_school__air_jordan_3_retro__racer_blue__398_5_84550.jpeg;https:\/\/images.novelship.com\/product\/_grade_school__air_jordan_3_retro__racer_blue__398_6_84550.jpeg;https:\/\/images.novelship.com\/product\/_grade_school__air_jordan_3_retro__racer_blue__398_7_84550.jpeg","datePublished":"2026-04-16T10:08:54+00:00","dateModified":"2026-04-17T15:51:15+00:00","breadcrumb":{"@id":"https:\/\/tourcruiser.com\/fr\/products\/grade-school-air-jordan-3-retro-racer-blue-398614-145\/#breadcrumb"},"inLanguage":"fr-FR","potentialAction":[{"@type":"ReadAction","target":["https:\/\/tourcruiser.com\/fr\/products\/grade-school-air-jordan-3-retro-racer-blue-398614-145\/"]}]},{"@type":"ImageObject","inLanguage":"fr-FR","@id":"https:\/\/tourcruiser.com\/fr\/products\/grade-school-air-jordan-3-retro-racer-blue-398614-145\/#primaryimage","url":"https:\/\/images.novelship.com\/product\/_grade_school__air_jordan_3_retro__racer_blue__398_0_84550.jpeg;https:\/\/images.novelship.com\/product\/_grade_school__air_jordan_3_retro__racer_blue__398_1_84550.jpeg;https:\/\/images.novelship.com\/product\/_grade_school__air_jordan_3_retro__racer_blue__398_2_84550.jpeg;https:\/\/images.novelship.com\/product\/_grade_school__air_jordan_3_retro__racer_blue__398_3_84550.jpeg;https:\/\/images.novelship.com\/product\/_grade_school__air_jordan_3_retro__racer_blue__398_4_84550.jpeg;https:\/\/images.novelship.com\/product\/_grade_school__air_jordan_3_retro__racer_blue__398_5_84550.jpeg;https:\/\/images.novelship.com\/product\/_grade_school__air_jordan_3_retro__racer_blue__398_6_84550.jpeg;https:\/\/images.novelship.com\/product\/_grade_school__air_jordan_3_retro__racer_blue__398_7_84550.jpeg","contentUrl":"https:\/\/images.novelship.com\/product\/_grade_school__air_jordan_3_retro__racer_blue__398_0_84550.jpeg;https:\/\/images.novelship.com\/product\/_grade_school__air_jordan_3_retro__racer_blue__398_1_84550.jpeg;https:\/\/images.novelship.com\/product\/_grade_school__air_jordan_3_retro__racer_blue__398_2_84550.jpeg;https:\/\/images.novelship.com\/product\/_grade_school__air_jordan_3_retro__racer_blue__398_3_84550.jpeg;https:\/\/images.novelship.com\/product\/_grade_school__air_jordan_3_retro__racer_blue__398_4_84550.jpeg;https:\/\/images.novelship.com\/product\/_grade_school__air_jordan_3_retro__racer_blue__398_5_84550.jpeg;https:\/\/images.novelship.com\/product\/_grade_school__air_jordan_3_retro__racer_blue__398_6_84550.jpeg;https:\/\/images.novelship.com\/product\/_grade_school__air_jordan_3_retro__racer_blue__398_7_84550.jpeg"},{"@type":"BreadcrumbList","@id":"https:\/\/tourcruiser.com\/fr\/products\/grade-school-air-jordan-3-retro-racer-blue-398614-145\/#breadcrumb","itemListElement":[{"@type":"ListItem","position":1,"name":"Home","item":"https:\/\/tourcruiser.com\/fr\/"},{"@type":"ListItem","position":2,"name":"Shop","item":"https:\/\/tourcruiser.com\/fr\/shop\/"},{"@type":"ListItem","position":3,"name":"(Grade School) Air Jordan 3 Retro &#8216;Racer Blue&#8217; 398614-145"}]},{"@type":"WebSite","@id":"\/#website","url":"\/","name":"Styloral Jewelry Shop","description":"Tourcruiser Sneaker Store \u2014 L\u2019endroit o\u00f9 l\u2019univers rencontre votre singularit\u00e9.","publisher":{"@id":"\/#organization"},"potentialAction":[{"@type":"SearchAction","target":{"@type":"EntryPoint","urlTemplate":"\/?s={search_term_string}"},"query-input":{"@type":"PropertyValueSpecification","valueRequired":true,"valueName":"search_term_string"}}],"inLanguage":"fr-FR"},{"@type":"Organization","@id":"\/#organization","name":"STYLORAL PTE. LTD","url":"\/","logo":{"@type":"ImageObject","inLanguage":"fr-FR","@id":"\/#\/schema\/logo\/image\/","url":"https:\/\/www.tourcruiser.com\/wp-content\/uploads\/2025\/12\/logo.png","contentUrl":"https:\/\/www.tourcruiser.com\/wp-content\/uploads\/2025\/12\/logo.png","width":200,"height":65,"caption":"STYLORAL PTE. LTD"},"image":{"@id":"\/#\/schema\/logo\/image\/"}}]}},"_links":{"self":[{"href":"https:\/\/tourcruiser.com\/fr\/wp-json\/wp\/v2\/product\/760686","targetHints":{"allow":["GET"]}}],"collection":[{"href":"https:\/\/tourcruiser.com\/fr\/wp-json\/wp\/v2\/product"}],"about":[{"href":"https:\/\/tourcruiser.com\/fr\/wp-json\/wp\/v2\/types\/product"}],"replies":[{"embeddable":true,"href":"https:\/\/tourcruiser.com\/fr\/wp-json\/wp\/v2\/comments?post=760686"}],"wp:featuredmedia":[{"embeddable":true,"href":"https:\/\/tourcruiser.com\/fr\/wp-json\/wp\/v2\/media\/760687"}],"wp:attachment":[{"href":"https:\/\/tourcruiser.com\/fr\/wp-json\/wp\/v2\/media?parent=760686"}],"wp:term":[{"taxonomy":"product_brand","embeddable":true,"href":"https:\/\/tourcruiser.com\/fr\/wp-json\/wp\/v2\/product_brand?post=760686"},{"taxonomy":"product_cat","embeddable":true,"href":"https:\/\/tourcruiser.com\/fr\/wp-json\/wp\/v2\/product_cat?post=760686"},{"taxonomy":"product_tag","embeddable":true,"href":"https:\/\/tourcruiser.com\/fr\/wp-json\/wp\/v2\/product_tag?post=760686"}],"curies":[{"name":"wp","href":"https:\/\/api.w.org\/{rel}","templated":true}]}}