{"id":760668,"date":"2026-04-16T17:08:53","date_gmt":"2026-04-16T10:08:53","guid":{"rendered":"http:\/\/tourcruiser.com\/product\/grade-school-air-jordan-1-low-crimson-tint-553560-034"},"modified":"2026-04-17T22:51:14","modified_gmt":"2026-04-17T15:51:14","slug":"grade-school-air-jordan-1-low-crimson-tint-553560-034","status":"publish","type":"product","link":"https:\/\/tourcruiser.com\/fr\/products\/grade-school-air-jordan-1-low-crimson-tint-553560-034\/","title":{"rendered":"(Grade School) Air Jordan 1 Low &lsquo;Crimson Tint&rsquo; 553560-034"},"content":{"rendered":"<p>La Air Jordan 1 Low Crimson Tint (GS) de Jordan est une basket styl\u00e9e, id\u00e9ale pour les jeunes athl\u00e8tes. Avec son coloris rouge vif et le logo embl\u00e9matique Air Jordan, cette basket allie mode et praticit\u00e9. Con\u00e7ue pour un confort et une durabilit\u00e9 optimaux, elle est dot\u00e9e d&rsquo;un col rembourr\u00e9, d&rsquo;une semelle int\u00e9rieure coussin\u00e9e et d&rsquo;une semelle ext\u00e9rieure en caoutchouc r\u00e9sistant pour une adh\u00e9rence maximale. Que ce soit sur le terrain ou en ville, ces baskets garderont vos pieds au frais et confortables toute la journ\u00e9e.<\/p>\n<p>Coloris : Noir\/Rouge vif-Blanc<\/p>\n<p>R\u00e9f\u00e9rence : 553560-034<\/p>\n<p>Tige : Cuir synth\u00e9tique<\/p>\n<p>Semelle interm\u00e9diaire : Air<\/p>\n<p>Couleur : Noir<\/p>\n<p>Designer : Peter Moore<\/p>\n<p>Saison : Toute l&rsquo;ann\u00e9e<\/p>\n<p>Ann\u00e9e de sortie : 2021<\/p>\n<p>\u00c2ge : Adulte<\/p>\n<p>Couleur : Noir<\/p>\n<p>Genre : Jeune<\/p>\n","protected":false},"excerpt":{"rendered":"<p>La Air Jordan 1 Low Crimson Tint (GS) de Jordan est une basket styl\u00e9e, id\u00e9ale pour les jeunes athl\u00e8tes. Avec son coloris rouge vif et le logo embl\u00e9matique Air Jordan, cette basket allie mode et praticit\u00e9. Con\u00e7ue pour un confort et une durabilit\u00e9 optimaux, elle est dot\u00e9e d&rsquo;un col rembourr\u00e9, d&rsquo;une semelle int\u00e9rieure coussin\u00e9e et [&hellip;]<\/p>\n","protected":false},"featured_media":760669,"comment_status":"open","ping_status":"closed","template":"","meta":[],"product_brand":[],"product_cat":[38880],"product_tag":[10750,38988,38874,10776,11349,38875,10756,39039,38902],"class_list":{"0":"post-760668","1":"product","2":"type-product","3":"status-publish","4":"has-post-thumbnail","6":"product_cat-jordan","7":"product_tag-athleisure-shoes","8":"product_tag-casual-shoes-for-kids","9":"product_tag-hari-raya-gs","10":"product_tag-jordan","11":"product_tag-jordan-basketball-shoes","12":"product_tag-jordan-skateboard-shoes","13":"product_tag-retro-casual-shoes","14":"product_tag-sneakers-for-kids","15":"product_tag-trendy-offers","17":"first","18":"instock","19":"taxable","20":"shipping-taxable","21":"purchasable","22":"product-type-simple"},"wcpa_form_fields":null,"yoast_head":"<!-- This site is optimized with the Yoast SEO plugin v26.5 - https:\/\/yoast.com\/wordpress\/plugins\/seo\/ -->\n<title>(Grade School) Air Jordan 1 Low &#039;Crimson Tint&#039; 553560-034 - TOURCRUISER PTE. LTD<\/title>\n<meta name=\"robots\" content=\"index, follow, max-snippet:-1, max-image-preview:large, max-video-preview:-1\" \/>\n<link rel=\"canonical\" href=\"https:\/\/tourcruiser.com\/fr\/products\/grade-school-air-jordan-1-low-crimson-tint-553560-034\/\" \/>\n<meta property=\"og:locale\" content=\"fr_FR\" \/>\n<meta property=\"og:type\" content=\"article\" \/>\n<meta property=\"og:title\" content=\"(Grade School) Air Jordan 1 Low &#039;Crimson Tint&#039; 553560-034 - TOURCRUISER PTE. LTD\" \/>\n<meta property=\"og:description\" content=\"La Air Jordan 1 Low Crimson Tint (GS) de Jordan est une basket styl\u00e9e, id\u00e9ale pour les jeunes athl\u00e8tes. Avec son coloris rouge vif et le logo embl\u00e9matique Air Jordan, cette basket allie mode et praticit\u00e9. Con\u00e7ue pour un confort et une durabilit\u00e9 optimaux, elle est dot\u00e9e d&rsquo;un col rembourr\u00e9, d&rsquo;une semelle int\u00e9rieure coussin\u00e9e et [&hellip;]\" \/>\n<meta property=\"og:url\" content=\"https:\/\/tourcruiser.com\/fr\/products\/grade-school-air-jordan-1-low-crimson-tint-553560-034\/\" \/>\n<meta property=\"og:site_name\" content=\"Tourcruiser Sneaker Store\" \/>\n<meta property=\"article:modified_time\" content=\"2026-04-17T15:51:14+00:00\" \/>\n<meta name=\"twitter:card\" content=\"summary_large_image\" \/>\n<meta name=\"twitter:image\" content=\"https:\/\/images.novelship.com\/product\/_grade_school__air_jordan_1_low__crimson_tint__553_0_87828.jpeg;https:\/\/images.novelship.com\/product\/_grade_school__air_jordan_1_low__crimson_tint__553_1_87828.jpeg;https:\/\/images.novelship.com\/product\/_grade_school__air_jordan_1_low__crimson_tint__553_2_87828.jpeg;https:\/\/images.novelship.com\/product\/_grade_school__air_jordan_1_low__crimson_tint__553_3_87828.jpeg;https:\/\/images.novelship.com\/product\/_grade_school__air_jordan_1_low__crimson_tint__553_4_87828.jpeg;https:\/\/images.novelship.com\/product\/_grade_school__air_jordan_1_low__crimson_tint__553_5_87828.jpeg;https:\/\/images.novelship.com\/product\/_grade_school__air_jordan_1_low__crimson_tint__553_6_87828.jpeg;https:\/\/images.novelship.com\/product\/_grade_school__air_jordan_1_low__crimson_tint__553_7_87828.jpeg\" \/>\n<meta name=\"twitter:label1\" content=\"Dur\u00e9e de lecture estim\u00e9e\" \/>\n\t<meta name=\"twitter:data1\" content=\"1 minute\" \/>\n<script type=\"application\/ld+json\" class=\"yoast-schema-graph\">{\"@context\":\"https:\/\/schema.org\",\"@graph\":[{\"@type\":\"WebPage\",\"@id\":\"https:\/\/tourcruiser.com\/fr\/products\/grade-school-air-jordan-1-low-crimson-tint-553560-034\/\",\"url\":\"https:\/\/tourcruiser.com\/fr\/products\/grade-school-air-jordan-1-low-crimson-tint-553560-034\/\",\"name\":\"(Grade School) Air Jordan 1 Low 'Crimson Tint' 553560-034 - TOURCRUISER PTE. LTD\",\"isPartOf\":{\"@id\":\"\/#website\"},\"primaryImageOfPage\":{\"@id\":\"https:\/\/tourcruiser.com\/fr\/products\/grade-school-air-jordan-1-low-crimson-tint-553560-034\/#primaryimage\"},\"image\":{\"@id\":\"https:\/\/tourcruiser.com\/fr\/products\/grade-school-air-jordan-1-low-crimson-tint-553560-034\/#primaryimage\"},\"thumbnailUrl\":\"https:\/\/images.novelship.com\/product\/_grade_school__air_jordan_1_low__crimson_tint__553_0_87828.jpeg;https:\/\/images.novelship.com\/product\/_grade_school__air_jordan_1_low__crimson_tint__553_1_87828.jpeg;https:\/\/images.novelship.com\/product\/_grade_school__air_jordan_1_low__crimson_tint__553_2_87828.jpeg;https:\/\/images.novelship.com\/product\/_grade_school__air_jordan_1_low__crimson_tint__553_3_87828.jpeg;https:\/\/images.novelship.com\/product\/_grade_school__air_jordan_1_low__crimson_tint__553_4_87828.jpeg;https:\/\/images.novelship.com\/product\/_grade_school__air_jordan_1_low__crimson_tint__553_5_87828.jpeg;https:\/\/images.novelship.com\/product\/_grade_school__air_jordan_1_low__crimson_tint__553_6_87828.jpeg;https:\/\/images.novelship.com\/product\/_grade_school__air_jordan_1_low__crimson_tint__553_7_87828.jpeg\",\"datePublished\":\"2026-04-16T10:08:53+00:00\",\"dateModified\":\"2026-04-17T15:51:14+00:00\",\"breadcrumb\":{\"@id\":\"https:\/\/tourcruiser.com\/fr\/products\/grade-school-air-jordan-1-low-crimson-tint-553560-034\/#breadcrumb\"},\"inLanguage\":\"fr-FR\",\"potentialAction\":[{\"@type\":\"ReadAction\",\"target\":[\"https:\/\/tourcruiser.com\/fr\/products\/grade-school-air-jordan-1-low-crimson-tint-553560-034\/\"]}]},{\"@type\":\"ImageObject\",\"inLanguage\":\"fr-FR\",\"@id\":\"https:\/\/tourcruiser.com\/fr\/products\/grade-school-air-jordan-1-low-crimson-tint-553560-034\/#primaryimage\",\"url\":\"https:\/\/images.novelship.com\/product\/_grade_school__air_jordan_1_low__crimson_tint__553_0_87828.jpeg;https:\/\/images.novelship.com\/product\/_grade_school__air_jordan_1_low__crimson_tint__553_1_87828.jpeg;https:\/\/images.novelship.com\/product\/_grade_school__air_jordan_1_low__crimson_tint__553_2_87828.jpeg;https:\/\/images.novelship.com\/product\/_grade_school__air_jordan_1_low__crimson_tint__553_3_87828.jpeg;https:\/\/images.novelship.com\/product\/_grade_school__air_jordan_1_low__crimson_tint__553_4_87828.jpeg;https:\/\/images.novelship.com\/product\/_grade_school__air_jordan_1_low__crimson_tint__553_5_87828.jpeg;https:\/\/images.novelship.com\/product\/_grade_school__air_jordan_1_low__crimson_tint__553_6_87828.jpeg;https:\/\/images.novelship.com\/product\/_grade_school__air_jordan_1_low__crimson_tint__553_7_87828.jpeg\",\"contentUrl\":\"https:\/\/images.novelship.com\/product\/_grade_school__air_jordan_1_low__crimson_tint__553_0_87828.jpeg;https:\/\/images.novelship.com\/product\/_grade_school__air_jordan_1_low__crimson_tint__553_1_87828.jpeg;https:\/\/images.novelship.com\/product\/_grade_school__air_jordan_1_low__crimson_tint__553_2_87828.jpeg;https:\/\/images.novelship.com\/product\/_grade_school__air_jordan_1_low__crimson_tint__553_3_87828.jpeg;https:\/\/images.novelship.com\/product\/_grade_school__air_jordan_1_low__crimson_tint__553_4_87828.jpeg;https:\/\/images.novelship.com\/product\/_grade_school__air_jordan_1_low__crimson_tint__553_5_87828.jpeg;https:\/\/images.novelship.com\/product\/_grade_school__air_jordan_1_low__crimson_tint__553_6_87828.jpeg;https:\/\/images.novelship.com\/product\/_grade_school__air_jordan_1_low__crimson_tint__553_7_87828.jpeg\"},{\"@type\":\"BreadcrumbList\",\"@id\":\"https:\/\/tourcruiser.com\/fr\/products\/grade-school-air-jordan-1-low-crimson-tint-553560-034\/#breadcrumb\",\"itemListElement\":[{\"@type\":\"ListItem\",\"position\":1,\"name\":\"Home\",\"item\":\"https:\/\/tourcruiser.com\/fr\/\"},{\"@type\":\"ListItem\",\"position\":2,\"name\":\"Shop\",\"item\":\"https:\/\/tourcruiser.com\/fr\/shop\/\"},{\"@type\":\"ListItem\",\"position\":3,\"name\":\"(Grade School) Air Jordan 1 Low &#8216;Crimson Tint&#8217; 553560-034\"}]},{\"@type\":\"WebSite\",\"@id\":\"\/#website\",\"url\":\"\/\",\"name\":\"Styloral Jewelry Shop\",\"description\":\"Tourcruiser Sneaker Store \u2014 L\u2019endroit o\u00f9 l\u2019univers rencontre votre singularit\u00e9.\",\"publisher\":{\"@id\":\"\/#organization\"},\"potentialAction\":[{\"@type\":\"SearchAction\",\"target\":{\"@type\":\"EntryPoint\",\"urlTemplate\":\"\/?s={search_term_string}\"},\"query-input\":{\"@type\":\"PropertyValueSpecification\",\"valueRequired\":true,\"valueName\":\"search_term_string\"}}],\"inLanguage\":\"fr-FR\"},{\"@type\":\"Organization\",\"@id\":\"\/#organization\",\"name\":\"STYLORAL PTE. LTD\",\"url\":\"\/\",\"logo\":{\"@type\":\"ImageObject\",\"inLanguage\":\"fr-FR\",\"@id\":\"\/#\/schema\/logo\/image\/\",\"url\":\"https:\/\/www.tourcruiser.com\/wp-content\/uploads\/2025\/12\/logo.png\",\"contentUrl\":\"https:\/\/www.tourcruiser.com\/wp-content\/uploads\/2025\/12\/logo.png\",\"width\":200,\"height\":65,\"caption\":\"STYLORAL PTE. LTD\"},\"image\":{\"@id\":\"\/#\/schema\/logo\/image\/\"}}]}<\/script>\n<!-- \/ Yoast SEO plugin. -->","yoast_head_json":{"title":"(Grade School) Air Jordan 1 Low 'Crimson Tint' 553560-034 - TOURCRUISER PTE. LTD","robots":{"index":"index","follow":"follow","max-snippet":"max-snippet:-1","max-image-preview":"max-image-preview:large","max-video-preview":"max-video-preview:-1"},"canonical":"https:\/\/tourcruiser.com\/fr\/products\/grade-school-air-jordan-1-low-crimson-tint-553560-034\/","og_locale":"fr_FR","og_type":"article","og_title":"(Grade School) Air Jordan 1 Low 'Crimson Tint' 553560-034 - TOURCRUISER PTE. LTD","og_description":"La Air Jordan 1 Low Crimson Tint (GS) de Jordan est une basket styl\u00e9e, id\u00e9ale pour les jeunes athl\u00e8tes. Avec son coloris rouge vif et le logo embl\u00e9matique Air Jordan, cette basket allie mode et praticit\u00e9. Con\u00e7ue pour un confort et une durabilit\u00e9 optimaux, elle est dot\u00e9e d&rsquo;un col rembourr\u00e9, d&rsquo;une semelle int\u00e9rieure coussin\u00e9e et [&hellip;]","og_url":"https:\/\/tourcruiser.com\/fr\/products\/grade-school-air-jordan-1-low-crimson-tint-553560-034\/","og_site_name":"Tourcruiser Sneaker Store","article_modified_time":"2026-04-17T15:51:14+00:00","twitter_card":"summary_large_image","twitter_image":"https:\/\/images.novelship.com\/product\/_grade_school__air_jordan_1_low__crimson_tint__553_0_87828.jpeg;https:\/\/images.novelship.com\/product\/_grade_school__air_jordan_1_low__crimson_tint__553_1_87828.jpeg;https:\/\/images.novelship.com\/product\/_grade_school__air_jordan_1_low__crimson_tint__553_2_87828.jpeg;https:\/\/images.novelship.com\/product\/_grade_school__air_jordan_1_low__crimson_tint__553_3_87828.jpeg;https:\/\/images.novelship.com\/product\/_grade_school__air_jordan_1_low__crimson_tint__553_4_87828.jpeg;https:\/\/images.novelship.com\/product\/_grade_school__air_jordan_1_low__crimson_tint__553_5_87828.jpeg;https:\/\/images.novelship.com\/product\/_grade_school__air_jordan_1_low__crimson_tint__553_6_87828.jpeg;https:\/\/images.novelship.com\/product\/_grade_school__air_jordan_1_low__crimson_tint__553_7_87828.jpeg","twitter_misc":{"Dur\u00e9e de lecture estim\u00e9e":"1 minute"},"schema":{"@context":"https:\/\/schema.org","@graph":[{"@type":"WebPage","@id":"https:\/\/tourcruiser.com\/fr\/products\/grade-school-air-jordan-1-low-crimson-tint-553560-034\/","url":"https:\/\/tourcruiser.com\/fr\/products\/grade-school-air-jordan-1-low-crimson-tint-553560-034\/","name":"(Grade School) Air Jordan 1 Low 'Crimson Tint' 553560-034 - TOURCRUISER PTE. LTD","isPartOf":{"@id":"\/#website"},"primaryImageOfPage":{"@id":"https:\/\/tourcruiser.com\/fr\/products\/grade-school-air-jordan-1-low-crimson-tint-553560-034\/#primaryimage"},"image":{"@id":"https:\/\/tourcruiser.com\/fr\/products\/grade-school-air-jordan-1-low-crimson-tint-553560-034\/#primaryimage"},"thumbnailUrl":"https:\/\/images.novelship.com\/product\/_grade_school__air_jordan_1_low__crimson_tint__553_0_87828.jpeg;https:\/\/images.novelship.com\/product\/_grade_school__air_jordan_1_low__crimson_tint__553_1_87828.jpeg;https:\/\/images.novelship.com\/product\/_grade_school__air_jordan_1_low__crimson_tint__553_2_87828.jpeg;https:\/\/images.novelship.com\/product\/_grade_school__air_jordan_1_low__crimson_tint__553_3_87828.jpeg;https:\/\/images.novelship.com\/product\/_grade_school__air_jordan_1_low__crimson_tint__553_4_87828.jpeg;https:\/\/images.novelship.com\/product\/_grade_school__air_jordan_1_low__crimson_tint__553_5_87828.jpeg;https:\/\/images.novelship.com\/product\/_grade_school__air_jordan_1_low__crimson_tint__553_6_87828.jpeg;https:\/\/images.novelship.com\/product\/_grade_school__air_jordan_1_low__crimson_tint__553_7_87828.jpeg","datePublished":"2026-04-16T10:08:53+00:00","dateModified":"2026-04-17T15:51:14+00:00","breadcrumb":{"@id":"https:\/\/tourcruiser.com\/fr\/products\/grade-school-air-jordan-1-low-crimson-tint-553560-034\/#breadcrumb"},"inLanguage":"fr-FR","potentialAction":[{"@type":"ReadAction","target":["https:\/\/tourcruiser.com\/fr\/products\/grade-school-air-jordan-1-low-crimson-tint-553560-034\/"]}]},{"@type":"ImageObject","inLanguage":"fr-FR","@id":"https:\/\/tourcruiser.com\/fr\/products\/grade-school-air-jordan-1-low-crimson-tint-553560-034\/#primaryimage","url":"https:\/\/images.novelship.com\/product\/_grade_school__air_jordan_1_low__crimson_tint__553_0_87828.jpeg;https:\/\/images.novelship.com\/product\/_grade_school__air_jordan_1_low__crimson_tint__553_1_87828.jpeg;https:\/\/images.novelship.com\/product\/_grade_school__air_jordan_1_low__crimson_tint__553_2_87828.jpeg;https:\/\/images.novelship.com\/product\/_grade_school__air_jordan_1_low__crimson_tint__553_3_87828.jpeg;https:\/\/images.novelship.com\/product\/_grade_school__air_jordan_1_low__crimson_tint__553_4_87828.jpeg;https:\/\/images.novelship.com\/product\/_grade_school__air_jordan_1_low__crimson_tint__553_5_87828.jpeg;https:\/\/images.novelship.com\/product\/_grade_school__air_jordan_1_low__crimson_tint__553_6_87828.jpeg;https:\/\/images.novelship.com\/product\/_grade_school__air_jordan_1_low__crimson_tint__553_7_87828.jpeg","contentUrl":"https:\/\/images.novelship.com\/product\/_grade_school__air_jordan_1_low__crimson_tint__553_0_87828.jpeg;https:\/\/images.novelship.com\/product\/_grade_school__air_jordan_1_low__crimson_tint__553_1_87828.jpeg;https:\/\/images.novelship.com\/product\/_grade_school__air_jordan_1_low__crimson_tint__553_2_87828.jpeg;https:\/\/images.novelship.com\/product\/_grade_school__air_jordan_1_low__crimson_tint__553_3_87828.jpeg;https:\/\/images.novelship.com\/product\/_grade_school__air_jordan_1_low__crimson_tint__553_4_87828.jpeg;https:\/\/images.novelship.com\/product\/_grade_school__air_jordan_1_low__crimson_tint__553_5_87828.jpeg;https:\/\/images.novelship.com\/product\/_grade_school__air_jordan_1_low__crimson_tint__553_6_87828.jpeg;https:\/\/images.novelship.com\/product\/_grade_school__air_jordan_1_low__crimson_tint__553_7_87828.jpeg"},{"@type":"BreadcrumbList","@id":"https:\/\/tourcruiser.com\/fr\/products\/grade-school-air-jordan-1-low-crimson-tint-553560-034\/#breadcrumb","itemListElement":[{"@type":"ListItem","position":1,"name":"Home","item":"https:\/\/tourcruiser.com\/fr\/"},{"@type":"ListItem","position":2,"name":"Shop","item":"https:\/\/tourcruiser.com\/fr\/shop\/"},{"@type":"ListItem","position":3,"name":"(Grade School) Air Jordan 1 Low &#8216;Crimson Tint&#8217; 553560-034"}]},{"@type":"WebSite","@id":"\/#website","url":"\/","name":"Styloral Jewelry Shop","description":"Tourcruiser Sneaker Store \u2014 L\u2019endroit o\u00f9 l\u2019univers rencontre votre singularit\u00e9.","publisher":{"@id":"\/#organization"},"potentialAction":[{"@type":"SearchAction","target":{"@type":"EntryPoint","urlTemplate":"\/?s={search_term_string}"},"query-input":{"@type":"PropertyValueSpecification","valueRequired":true,"valueName":"search_term_string"}}],"inLanguage":"fr-FR"},{"@type":"Organization","@id":"\/#organization","name":"STYLORAL PTE. LTD","url":"\/","logo":{"@type":"ImageObject","inLanguage":"fr-FR","@id":"\/#\/schema\/logo\/image\/","url":"https:\/\/www.tourcruiser.com\/wp-content\/uploads\/2025\/12\/logo.png","contentUrl":"https:\/\/www.tourcruiser.com\/wp-content\/uploads\/2025\/12\/logo.png","width":200,"height":65,"caption":"STYLORAL PTE. LTD"},"image":{"@id":"\/#\/schema\/logo\/image\/"}}]}},"_links":{"self":[{"href":"https:\/\/tourcruiser.com\/fr\/wp-json\/wp\/v2\/product\/760668","targetHints":{"allow":["GET"]}}],"collection":[{"href":"https:\/\/tourcruiser.com\/fr\/wp-json\/wp\/v2\/product"}],"about":[{"href":"https:\/\/tourcruiser.com\/fr\/wp-json\/wp\/v2\/types\/product"}],"replies":[{"embeddable":true,"href":"https:\/\/tourcruiser.com\/fr\/wp-json\/wp\/v2\/comments?post=760668"}],"wp:featuredmedia":[{"embeddable":true,"href":"https:\/\/tourcruiser.com\/fr\/wp-json\/wp\/v2\/media\/760669"}],"wp:attachment":[{"href":"https:\/\/tourcruiser.com\/fr\/wp-json\/wp\/v2\/media?parent=760668"}],"wp:term":[{"taxonomy":"product_brand","embeddable":true,"href":"https:\/\/tourcruiser.com\/fr\/wp-json\/wp\/v2\/product_brand?post=760668"},{"taxonomy":"product_cat","embeddable":true,"href":"https:\/\/tourcruiser.com\/fr\/wp-json\/wp\/v2\/product_cat?post=760668"},{"taxonomy":"product_tag","embeddable":true,"href":"https:\/\/tourcruiser.com\/fr\/wp-json\/wp\/v2\/product_tag?post=760668"}],"curies":[{"name":"wp","href":"https:\/\/api.w.org\/{rel}","templated":true}]}}