{"id":760650,"date":"2026-04-16T17:08:53","date_gmt":"2026-04-16T10:08:53","guid":{"rendered":"http:\/\/tourcruiser.com\/product\/air-jordan-5-retro-blue-suede-136027-401"},"modified":"2026-04-17T22:51:12","modified_gmt":"2026-04-17T15:51:12","slug":"air-jordan-5-retro-blue-suede-136027-401","status":"publish","type":"product","link":"https:\/\/tourcruiser.com\/fr\/products\/air-jordan-5-retro-blue-suede-136027-401\/","title":{"rendered":"Air Jordan 5 Retro &lsquo;Blue Suede&rsquo; 136027-401"},"content":{"rendered":"<p>La Air Jordan 5 Retro Blue Suede, aussi appel\u00e9e Blue Suede, est une sneaker classique de la marque Jordan. Avec son coloris bleu \u00e9l\u00e9gant, cette chaussure ne passera pas inaper\u00e7ue. Confectionn\u00e9e \u00e0 partir de mat\u00e9riaux haut de gamme, elle est \u00e0 la fois tendance et confortable. La Air Jordan 5 Retro Blue Suede apportera une touche d&rsquo;originalit\u00e9 \u00e0 votre style.<\/p>\n<p>Coloris : Bleu royal\/Bleu royal\/Noir<\/p>\n<p>Code article : 136027-401<\/p>\n<p>Tige : Daim<br \/>\nSemelle interm\u00e9diaire : Air<\/p>\n<p>Couleur : Bleu<\/p>\n<p>Designer : Tinker Hatfield<\/p>\n<p>Saison : Automne<\/p>\n<p>Ann\u00e9e de sortie : 2017<\/p>\n<p>\u00c2ge : Adulte<br \/>\nCouleur : Bleu<br \/>\nGenre : Homme<\/p>\n","protected":false},"excerpt":{"rendered":"<p>La Air Jordan 5 Retro Blue Suede, aussi appel\u00e9e Blue Suede, est une sneaker classique de la marque Jordan. Avec son coloris bleu \u00e9l\u00e9gant, cette chaussure ne passera pas inaper\u00e7ue. Confectionn\u00e9e \u00e0 partir de mat\u00e9riaux haut de gamme, elle est \u00e0 la fois tendance et confortable. La Air Jordan 5 Retro Blue Suede apportera une [&hellip;]<\/p>\n","protected":false},"featured_media":760651,"comment_status":"open","ping_status":"closed","template":"","meta":[],"product_brand":[],"product_cat":[38880],"product_tag":[10800,38841,39257,38840,10776,11349,38875,10756,38866,38902],"class_list":{"0":"post-760650","1":"product","2":"type-product","3":"status-publish","4":"has-post-thumbnail","6":"product_cat-jordan","7":"product_tag-basketball-shoes","8":"product_tag-casual-shoes","9":"product_tag-casual-shoes-inspired-by-basketball","10":"product_tag-gift-ideas-for-him","11":"product_tag-jordan","12":"product_tag-jordan-basketball-shoes","13":"product_tag-jordan-skateboard-shoes","14":"product_tag-retro-casual-shoes","15":"product_tag-sports-shoes","16":"product_tag-trendy-offers","18":"first","19":"instock","20":"taxable","21":"shipping-taxable","22":"purchasable","23":"product-type-simple"},"wcpa_form_fields":null,"yoast_head":"<!-- This site is optimized with the Yoast SEO plugin v26.5 - https:\/\/yoast.com\/wordpress\/plugins\/seo\/ -->\n<title>Air Jordan 5 Retro &#039;Blue Suede&#039; 136027-401 - TOURCRUISER PTE. LTD<\/title>\n<meta name=\"robots\" content=\"index, follow, max-snippet:-1, max-image-preview:large, max-video-preview:-1\" \/>\n<link rel=\"canonical\" href=\"https:\/\/tourcruiser.com\/fr\/products\/air-jordan-5-retro-blue-suede-136027-401\/\" \/>\n<meta property=\"og:locale\" content=\"fr_FR\" \/>\n<meta property=\"og:type\" content=\"article\" \/>\n<meta property=\"og:title\" content=\"Air Jordan 5 Retro &#039;Blue Suede&#039; 136027-401 - TOURCRUISER PTE. LTD\" \/>\n<meta property=\"og:description\" content=\"La Air Jordan 5 Retro Blue Suede, aussi appel\u00e9e Blue Suede, est une sneaker classique de la marque Jordan. Avec son coloris bleu \u00e9l\u00e9gant, cette chaussure ne passera pas inaper\u00e7ue. Confectionn\u00e9e \u00e0 partir de mat\u00e9riaux haut de gamme, elle est \u00e0 la fois tendance et confortable. La Air Jordan 5 Retro Blue Suede apportera une [&hellip;]\" \/>\n<meta property=\"og:url\" content=\"https:\/\/tourcruiser.com\/fr\/products\/air-jordan-5-retro-blue-suede-136027-401\/\" \/>\n<meta property=\"og:site_name\" content=\"Tourcruiser Sneaker Store\" \/>\n<meta property=\"article:modified_time\" content=\"2026-04-17T15:51:12+00:00\" \/>\n<meta name=\"twitter:card\" content=\"summary_large_image\" \/>\n<meta name=\"twitter:image\" content=\"https:\/\/images.novelship.com\/product\/air_jordan_5_retro__blue_suede__136027_401_0_77198.jpeg;https:\/\/images.novelship.com\/product\/air_jordan_5_retro__blue_suede__136027_401_1_77198.jpeg;https:\/\/images.novelship.com\/product\/air_jordan_5_retro__blue_suede__136027_401_2_77198.jpeg;https:\/\/images.novelship.com\/product\/air_jordan_5_retro__blue_suede__136027_401_3_77198.jpeg;https:\/\/images.novelship.com\/product\/air_jordan_5_retro__blue_suede__136027_401_4_77198.jpeg;https:\/\/images.novelship.com\/product\/air_jordan_5_retro__blue_suede__136027_401_5_77198.jpeg;https:\/\/images.novelship.com\/product\/air_jordan_5_retro__blue_suede__136027_401_6_77198.jpeg;https:\/\/images.novelship.com\/product\/air_jordan_5_retro__blue_suede__136027_401_7_77198.jpeg\" \/>\n<script type=\"application\/ld+json\" class=\"yoast-schema-graph\">{\"@context\":\"https:\/\/schema.org\",\"@graph\":[{\"@type\":\"WebPage\",\"@id\":\"https:\/\/tourcruiser.com\/fr\/products\/air-jordan-5-retro-blue-suede-136027-401\/\",\"url\":\"https:\/\/tourcruiser.com\/fr\/products\/air-jordan-5-retro-blue-suede-136027-401\/\",\"name\":\"Air Jordan 5 Retro 'Blue Suede' 136027-401 - TOURCRUISER PTE. LTD\",\"isPartOf\":{\"@id\":\"\/#website\"},\"primaryImageOfPage\":{\"@id\":\"https:\/\/tourcruiser.com\/fr\/products\/air-jordan-5-retro-blue-suede-136027-401\/#primaryimage\"},\"image\":{\"@id\":\"https:\/\/tourcruiser.com\/fr\/products\/air-jordan-5-retro-blue-suede-136027-401\/#primaryimage\"},\"thumbnailUrl\":\"https:\/\/images.novelship.com\/product\/air_jordan_5_retro__blue_suede__136027_401_0_77198.jpeg;https:\/\/images.novelship.com\/product\/air_jordan_5_retro__blue_suede__136027_401_1_77198.jpeg;https:\/\/images.novelship.com\/product\/air_jordan_5_retro__blue_suede__136027_401_2_77198.jpeg;https:\/\/images.novelship.com\/product\/air_jordan_5_retro__blue_suede__136027_401_3_77198.jpeg;https:\/\/images.novelship.com\/product\/air_jordan_5_retro__blue_suede__136027_401_4_77198.jpeg;https:\/\/images.novelship.com\/product\/air_jordan_5_retro__blue_suede__136027_401_5_77198.jpeg;https:\/\/images.novelship.com\/product\/air_jordan_5_retro__blue_suede__136027_401_6_77198.jpeg;https:\/\/images.novelship.com\/product\/air_jordan_5_retro__blue_suede__136027_401_7_77198.jpeg\",\"datePublished\":\"2026-04-16T10:08:53+00:00\",\"dateModified\":\"2026-04-17T15:51:12+00:00\",\"breadcrumb\":{\"@id\":\"https:\/\/tourcruiser.com\/fr\/products\/air-jordan-5-retro-blue-suede-136027-401\/#breadcrumb\"},\"inLanguage\":\"fr-FR\",\"potentialAction\":[{\"@type\":\"ReadAction\",\"target\":[\"https:\/\/tourcruiser.com\/fr\/products\/air-jordan-5-retro-blue-suede-136027-401\/\"]}]},{\"@type\":\"ImageObject\",\"inLanguage\":\"fr-FR\",\"@id\":\"https:\/\/tourcruiser.com\/fr\/products\/air-jordan-5-retro-blue-suede-136027-401\/#primaryimage\",\"url\":\"https:\/\/images.novelship.com\/product\/air_jordan_5_retro__blue_suede__136027_401_0_77198.jpeg;https:\/\/images.novelship.com\/product\/air_jordan_5_retro__blue_suede__136027_401_1_77198.jpeg;https:\/\/images.novelship.com\/product\/air_jordan_5_retro__blue_suede__136027_401_2_77198.jpeg;https:\/\/images.novelship.com\/product\/air_jordan_5_retro__blue_suede__136027_401_3_77198.jpeg;https:\/\/images.novelship.com\/product\/air_jordan_5_retro__blue_suede__136027_401_4_77198.jpeg;https:\/\/images.novelship.com\/product\/air_jordan_5_retro__blue_suede__136027_401_5_77198.jpeg;https:\/\/images.novelship.com\/product\/air_jordan_5_retro__blue_suede__136027_401_6_77198.jpeg;https:\/\/images.novelship.com\/product\/air_jordan_5_retro__blue_suede__136027_401_7_77198.jpeg\",\"contentUrl\":\"https:\/\/images.novelship.com\/product\/air_jordan_5_retro__blue_suede__136027_401_0_77198.jpeg;https:\/\/images.novelship.com\/product\/air_jordan_5_retro__blue_suede__136027_401_1_77198.jpeg;https:\/\/images.novelship.com\/product\/air_jordan_5_retro__blue_suede__136027_401_2_77198.jpeg;https:\/\/images.novelship.com\/product\/air_jordan_5_retro__blue_suede__136027_401_3_77198.jpeg;https:\/\/images.novelship.com\/product\/air_jordan_5_retro__blue_suede__136027_401_4_77198.jpeg;https:\/\/images.novelship.com\/product\/air_jordan_5_retro__blue_suede__136027_401_5_77198.jpeg;https:\/\/images.novelship.com\/product\/air_jordan_5_retro__blue_suede__136027_401_6_77198.jpeg;https:\/\/images.novelship.com\/product\/air_jordan_5_retro__blue_suede__136027_401_7_77198.jpeg\"},{\"@type\":\"BreadcrumbList\",\"@id\":\"https:\/\/tourcruiser.com\/fr\/products\/air-jordan-5-retro-blue-suede-136027-401\/#breadcrumb\",\"itemListElement\":[{\"@type\":\"ListItem\",\"position\":1,\"name\":\"Home\",\"item\":\"https:\/\/tourcruiser.com\/fr\/\"},{\"@type\":\"ListItem\",\"position\":2,\"name\":\"Shop\",\"item\":\"https:\/\/tourcruiser.com\/fr\/shop\/\"},{\"@type\":\"ListItem\",\"position\":3,\"name\":\"Air Jordan 5 Retro &#8216;Blue Suede&#8217; 136027-401\"}]},{\"@type\":\"WebSite\",\"@id\":\"\/#website\",\"url\":\"\/\",\"name\":\"Styloral Jewelry Shop\",\"description\":\"Tourcruiser Sneaker Store \u2014 L\u2019endroit o\u00f9 l\u2019univers rencontre votre singularit\u00e9.\",\"publisher\":{\"@id\":\"\/#organization\"},\"potentialAction\":[{\"@type\":\"SearchAction\",\"target\":{\"@type\":\"EntryPoint\",\"urlTemplate\":\"\/?s={search_term_string}\"},\"query-input\":{\"@type\":\"PropertyValueSpecification\",\"valueRequired\":true,\"valueName\":\"search_term_string\"}}],\"inLanguage\":\"fr-FR\"},{\"@type\":\"Organization\",\"@id\":\"\/#organization\",\"name\":\"STYLORAL PTE. LTD\",\"url\":\"\/\",\"logo\":{\"@type\":\"ImageObject\",\"inLanguage\":\"fr-FR\",\"@id\":\"\/#\/schema\/logo\/image\/\",\"url\":\"https:\/\/www.tourcruiser.com\/wp-content\/uploads\/2025\/12\/logo.png\",\"contentUrl\":\"https:\/\/www.tourcruiser.com\/wp-content\/uploads\/2025\/12\/logo.png\",\"width\":200,\"height\":65,\"caption\":\"STYLORAL PTE. LTD\"},\"image\":{\"@id\":\"\/#\/schema\/logo\/image\/\"}}]}<\/script>\n<!-- \/ Yoast SEO plugin. -->","yoast_head_json":{"title":"Air Jordan 5 Retro 'Blue Suede' 136027-401 - TOURCRUISER PTE. LTD","robots":{"index":"index","follow":"follow","max-snippet":"max-snippet:-1","max-image-preview":"max-image-preview:large","max-video-preview":"max-video-preview:-1"},"canonical":"https:\/\/tourcruiser.com\/fr\/products\/air-jordan-5-retro-blue-suede-136027-401\/","og_locale":"fr_FR","og_type":"article","og_title":"Air Jordan 5 Retro 'Blue Suede' 136027-401 - TOURCRUISER PTE. LTD","og_description":"La Air Jordan 5 Retro Blue Suede, aussi appel\u00e9e Blue Suede, est une sneaker classique de la marque Jordan. Avec son coloris bleu \u00e9l\u00e9gant, cette chaussure ne passera pas inaper\u00e7ue. Confectionn\u00e9e \u00e0 partir de mat\u00e9riaux haut de gamme, elle est \u00e0 la fois tendance et confortable. La Air Jordan 5 Retro Blue Suede apportera une [&hellip;]","og_url":"https:\/\/tourcruiser.com\/fr\/products\/air-jordan-5-retro-blue-suede-136027-401\/","og_site_name":"Tourcruiser Sneaker Store","article_modified_time":"2026-04-17T15:51:12+00:00","twitter_card":"summary_large_image","twitter_image":"https:\/\/images.novelship.com\/product\/air_jordan_5_retro__blue_suede__136027_401_0_77198.jpeg;https:\/\/images.novelship.com\/product\/air_jordan_5_retro__blue_suede__136027_401_1_77198.jpeg;https:\/\/images.novelship.com\/product\/air_jordan_5_retro__blue_suede__136027_401_2_77198.jpeg;https:\/\/images.novelship.com\/product\/air_jordan_5_retro__blue_suede__136027_401_3_77198.jpeg;https:\/\/images.novelship.com\/product\/air_jordan_5_retro__blue_suede__136027_401_4_77198.jpeg;https:\/\/images.novelship.com\/product\/air_jordan_5_retro__blue_suede__136027_401_5_77198.jpeg;https:\/\/images.novelship.com\/product\/air_jordan_5_retro__blue_suede__136027_401_6_77198.jpeg;https:\/\/images.novelship.com\/product\/air_jordan_5_retro__blue_suede__136027_401_7_77198.jpeg","schema":{"@context":"https:\/\/schema.org","@graph":[{"@type":"WebPage","@id":"https:\/\/tourcruiser.com\/fr\/products\/air-jordan-5-retro-blue-suede-136027-401\/","url":"https:\/\/tourcruiser.com\/fr\/products\/air-jordan-5-retro-blue-suede-136027-401\/","name":"Air Jordan 5 Retro 'Blue Suede' 136027-401 - TOURCRUISER PTE. LTD","isPartOf":{"@id":"\/#website"},"primaryImageOfPage":{"@id":"https:\/\/tourcruiser.com\/fr\/products\/air-jordan-5-retro-blue-suede-136027-401\/#primaryimage"},"image":{"@id":"https:\/\/tourcruiser.com\/fr\/products\/air-jordan-5-retro-blue-suede-136027-401\/#primaryimage"},"thumbnailUrl":"https:\/\/images.novelship.com\/product\/air_jordan_5_retro__blue_suede__136027_401_0_77198.jpeg;https:\/\/images.novelship.com\/product\/air_jordan_5_retro__blue_suede__136027_401_1_77198.jpeg;https:\/\/images.novelship.com\/product\/air_jordan_5_retro__blue_suede__136027_401_2_77198.jpeg;https:\/\/images.novelship.com\/product\/air_jordan_5_retro__blue_suede__136027_401_3_77198.jpeg;https:\/\/images.novelship.com\/product\/air_jordan_5_retro__blue_suede__136027_401_4_77198.jpeg;https:\/\/images.novelship.com\/product\/air_jordan_5_retro__blue_suede__136027_401_5_77198.jpeg;https:\/\/images.novelship.com\/product\/air_jordan_5_retro__blue_suede__136027_401_6_77198.jpeg;https:\/\/images.novelship.com\/product\/air_jordan_5_retro__blue_suede__136027_401_7_77198.jpeg","datePublished":"2026-04-16T10:08:53+00:00","dateModified":"2026-04-17T15:51:12+00:00","breadcrumb":{"@id":"https:\/\/tourcruiser.com\/fr\/products\/air-jordan-5-retro-blue-suede-136027-401\/#breadcrumb"},"inLanguage":"fr-FR","potentialAction":[{"@type":"ReadAction","target":["https:\/\/tourcruiser.com\/fr\/products\/air-jordan-5-retro-blue-suede-136027-401\/"]}]},{"@type":"ImageObject","inLanguage":"fr-FR","@id":"https:\/\/tourcruiser.com\/fr\/products\/air-jordan-5-retro-blue-suede-136027-401\/#primaryimage","url":"https:\/\/images.novelship.com\/product\/air_jordan_5_retro__blue_suede__136027_401_0_77198.jpeg;https:\/\/images.novelship.com\/product\/air_jordan_5_retro__blue_suede__136027_401_1_77198.jpeg;https:\/\/images.novelship.com\/product\/air_jordan_5_retro__blue_suede__136027_401_2_77198.jpeg;https:\/\/images.novelship.com\/product\/air_jordan_5_retro__blue_suede__136027_401_3_77198.jpeg;https:\/\/images.novelship.com\/product\/air_jordan_5_retro__blue_suede__136027_401_4_77198.jpeg;https:\/\/images.novelship.com\/product\/air_jordan_5_retro__blue_suede__136027_401_5_77198.jpeg;https:\/\/images.novelship.com\/product\/air_jordan_5_retro__blue_suede__136027_401_6_77198.jpeg;https:\/\/images.novelship.com\/product\/air_jordan_5_retro__blue_suede__136027_401_7_77198.jpeg","contentUrl":"https:\/\/images.novelship.com\/product\/air_jordan_5_retro__blue_suede__136027_401_0_77198.jpeg;https:\/\/images.novelship.com\/product\/air_jordan_5_retro__blue_suede__136027_401_1_77198.jpeg;https:\/\/images.novelship.com\/product\/air_jordan_5_retro__blue_suede__136027_401_2_77198.jpeg;https:\/\/images.novelship.com\/product\/air_jordan_5_retro__blue_suede__136027_401_3_77198.jpeg;https:\/\/images.novelship.com\/product\/air_jordan_5_retro__blue_suede__136027_401_4_77198.jpeg;https:\/\/images.novelship.com\/product\/air_jordan_5_retro__blue_suede__136027_401_5_77198.jpeg;https:\/\/images.novelship.com\/product\/air_jordan_5_retro__blue_suede__136027_401_6_77198.jpeg;https:\/\/images.novelship.com\/product\/air_jordan_5_retro__blue_suede__136027_401_7_77198.jpeg"},{"@type":"BreadcrumbList","@id":"https:\/\/tourcruiser.com\/fr\/products\/air-jordan-5-retro-blue-suede-136027-401\/#breadcrumb","itemListElement":[{"@type":"ListItem","position":1,"name":"Home","item":"https:\/\/tourcruiser.com\/fr\/"},{"@type":"ListItem","position":2,"name":"Shop","item":"https:\/\/tourcruiser.com\/fr\/shop\/"},{"@type":"ListItem","position":3,"name":"Air Jordan 5 Retro &#8216;Blue Suede&#8217; 136027-401"}]},{"@type":"WebSite","@id":"\/#website","url":"\/","name":"Styloral Jewelry Shop","description":"Tourcruiser Sneaker Store \u2014 L\u2019endroit o\u00f9 l\u2019univers rencontre votre singularit\u00e9.","publisher":{"@id":"\/#organization"},"potentialAction":[{"@type":"SearchAction","target":{"@type":"EntryPoint","urlTemplate":"\/?s={search_term_string}"},"query-input":{"@type":"PropertyValueSpecification","valueRequired":true,"valueName":"search_term_string"}}],"inLanguage":"fr-FR"},{"@type":"Organization","@id":"\/#organization","name":"STYLORAL PTE. LTD","url":"\/","logo":{"@type":"ImageObject","inLanguage":"fr-FR","@id":"\/#\/schema\/logo\/image\/","url":"https:\/\/www.tourcruiser.com\/wp-content\/uploads\/2025\/12\/logo.png","contentUrl":"https:\/\/www.tourcruiser.com\/wp-content\/uploads\/2025\/12\/logo.png","width":200,"height":65,"caption":"STYLORAL PTE. LTD"},"image":{"@id":"\/#\/schema\/logo\/image\/"}}]}},"_links":{"self":[{"href":"https:\/\/tourcruiser.com\/fr\/wp-json\/wp\/v2\/product\/760650","targetHints":{"allow":["GET"]}}],"collection":[{"href":"https:\/\/tourcruiser.com\/fr\/wp-json\/wp\/v2\/product"}],"about":[{"href":"https:\/\/tourcruiser.com\/fr\/wp-json\/wp\/v2\/types\/product"}],"replies":[{"embeddable":true,"href":"https:\/\/tourcruiser.com\/fr\/wp-json\/wp\/v2\/comments?post=760650"}],"wp:featuredmedia":[{"embeddable":true,"href":"https:\/\/tourcruiser.com\/fr\/wp-json\/wp\/v2\/media\/760651"}],"wp:attachment":[{"href":"https:\/\/tourcruiser.com\/fr\/wp-json\/wp\/v2\/media?parent=760650"}],"wp:term":[{"taxonomy":"product_brand","embeddable":true,"href":"https:\/\/tourcruiser.com\/fr\/wp-json\/wp\/v2\/product_brand?post=760650"},{"taxonomy":"product_cat","embeddable":true,"href":"https:\/\/tourcruiser.com\/fr\/wp-json\/wp\/v2\/product_cat?post=760650"},{"taxonomy":"product_tag","embeddable":true,"href":"https:\/\/tourcruiser.com\/fr\/wp-json\/wp\/v2\/product_tag?post=760650"}],"curies":[{"name":"wp","href":"https:\/\/api.w.org\/{rel}","templated":true}]}}