{"id":760614,"date":"2026-04-16T17:08:52","date_gmt":"2026-04-16T10:08:52","guid":{"rendered":"http:\/\/tourcruiser.com\/product\/air-jordan-11-retro-low-cherry-2016-528895-102"},"modified":"2026-04-17T22:51:11","modified_gmt":"2026-04-17T15:51:11","slug":"air-jordan-11-retro-low-cherry-2016-528895-102","status":"publish","type":"product","link":"https:\/\/tourcruiser.com\/fr\/products\/air-jordan-11-retro-low-cherry-2016-528895-102\/","title":{"rendered":"Air Jordan 11 Retro Low &lsquo;Cherry&rsquo; 2016 528895-102"},"content":{"rendered":"<p>D\u00e9couvrez le style et le confort l\u00e9gendaires de la Air Jordan 11 Retro Low \u00ab\u00a0Cherry\u00a0\u00bb (2016). Ces sneakers convoit\u00e9es, d&rsquo;un rouge cerise \u00e9clatant, pr\u00e9sentent une empeigne en cuir grain\u00e9 de qualit\u00e9 sup\u00e9rieure, des empi\u00e8cements en mesh respirant et le garde-boue embl\u00e9matique en cuir verni. Les unit\u00e9s Zoom Air \u00e0 l&rsquo;avant et au talon offrent un amorti exceptionnel pour une foul\u00e9e fluide et r\u00e9active. Affirmez votre style avec ces Jordan exclusives et plongez dans l&rsquo;univers des sneakers.<\/p>\n<p>Couleur\u00a0: Blanc\/Rouge Varsity<\/p>\n<p>Code article\u00a0: 528895-102<\/p>\n<p>Empeigne\u00a0: Mesh<br \/>\nSemelle interm\u00e9diaire\u00a0: Air<\/p>\n<p>Couleur\u00a0: Blanc<\/p>\n<p>Cr\u00e9ateur\u00a0: Tinker Hatfield<\/p>\n<p>Saison\u00a0: \u00c9t\u00e9<\/p>\n<p>Ann\u00e9e de sortie\u00a0: 2016<\/p>\n<p>\u00c2ge\u00a0: Adulte<br \/>\nCouleur\u00a0: Blanc<br \/>\nGenre\u00a0: Homme<\/p>\n","protected":false},"excerpt":{"rendered":"<p>D\u00e9couvrez le style et le confort l\u00e9gendaires de la Air Jordan 11 Retro Low \u00ab\u00a0Cherry\u00a0\u00bb (2016). Ces sneakers convoit\u00e9es, d&rsquo;un rouge cerise \u00e9clatant, pr\u00e9sentent une empeigne en cuir grain\u00e9 de qualit\u00e9 sup\u00e9rieure, des empi\u00e8cements en mesh respirant et le garde-boue embl\u00e9matique en cuir verni. Les unit\u00e9s Zoom Air \u00e0 l&rsquo;avant et au talon offrent un [&hellip;]<\/p>\n","protected":false},"featured_media":760615,"comment_status":"open","ping_status":"closed","template":"","meta":[],"product_brand":[],"product_cat":[38880],"product_tag":[10800,38842,10776,11349,38875,11129,38846],"class_list":{"0":"post-760614","1":"product","2":"type-product","3":"status-publish","4":"has-post-thumbnail","6":"product_cat-jordan","7":"product_tag-basketball-shoes","8":"product_tag-gift-idea-for-him","9":"product_tag-jordan","10":"product_tag-jordan-basketball-shoes","11":"product_tag-jordan-skateboard-shoes","12":"product_tag-lightweight-basketball-shoes","13":"product_tag-performance-sports-shoes","15":"first","16":"instock","17":"taxable","18":"shipping-taxable","19":"purchasable","20":"product-type-simple"},"wcpa_form_fields":null,"yoast_head":"<!-- This site is optimized with the Yoast SEO plugin v26.5 - https:\/\/yoast.com\/wordpress\/plugins\/seo\/ -->\n<title>Air Jordan 11 Retro Low &#039;Cherry&#039; 2016 528895-102 - TOURCRUISER PTE. LTD<\/title>\n<meta name=\"robots\" content=\"index, follow, max-snippet:-1, max-image-preview:large, max-video-preview:-1\" \/>\n<link rel=\"canonical\" href=\"https:\/\/tourcruiser.com\/fr\/products\/air-jordan-11-retro-low-cherry-2016-528895-102\/\" \/>\n<meta property=\"og:locale\" content=\"fr_FR\" \/>\n<meta property=\"og:type\" content=\"article\" \/>\n<meta property=\"og:title\" content=\"Air Jordan 11 Retro Low &#039;Cherry&#039; 2016 528895-102 - TOURCRUISER PTE. LTD\" \/>\n<meta property=\"og:description\" content=\"D\u00e9couvrez le style et le confort l\u00e9gendaires de la Air Jordan 11 Retro Low \u00ab\u00a0Cherry\u00a0\u00bb (2016). Ces sneakers convoit\u00e9es, d&rsquo;un rouge cerise \u00e9clatant, pr\u00e9sentent une empeigne en cuir grain\u00e9 de qualit\u00e9 sup\u00e9rieure, des empi\u00e8cements en mesh respirant et le garde-boue embl\u00e9matique en cuir verni. Les unit\u00e9s Zoom Air \u00e0 l&rsquo;avant et au talon offrent un [&hellip;]\" \/>\n<meta property=\"og:url\" content=\"https:\/\/tourcruiser.com\/fr\/products\/air-jordan-11-retro-low-cherry-2016-528895-102\/\" \/>\n<meta property=\"og:site_name\" content=\"Tourcruiser Sneaker Store\" \/>\n<meta property=\"article:modified_time\" content=\"2026-04-17T15:51:11+00:00\" \/>\n<meta name=\"twitter:card\" content=\"summary_large_image\" \/>\n<meta name=\"twitter:image\" content=\"https:\/\/images.novelship.com\/product\/air_jordan_11_retro_low__cherry__2016_528895_102_0_85901.jpeg;https:\/\/images.novelship.com\/product\/air_jordan_11_retro_low__cherry__2016_528895_102_1_85901.jpeg;https:\/\/images.novelship.com\/product\/air_jordan_11_retro_low__cherry__2016_528895_102_2_85901.jpeg;https:\/\/images.novelship.com\/product\/air_jordan_11_retro_low__cherry__2016_528895_102_3_85901.jpeg;https:\/\/images.novelship.com\/product\/air_jordan_11_retro_low__cherry__2016_528895_102_4_85901.jpeg;https:\/\/images.novelship.com\/product\/air_jordan_11_retro_low__cherry__2016_528895_102_5_85901.jpeg;https:\/\/images.novelship.com\/product\/air_jordan_11_retro_low__cherry__2016_528895_102_6_85901.jpeg;https:\/\/images.novelship.com\/product\/air_jordan_11_retro_low__cherry__2016_528895_102_7_85901.jpeg\" \/>\n<meta name=\"twitter:label1\" content=\"Dur\u00e9e de lecture estim\u00e9e\" \/>\n\t<meta name=\"twitter:data1\" content=\"1 minute\" \/>\n<script type=\"application\/ld+json\" class=\"yoast-schema-graph\">{\"@context\":\"https:\/\/schema.org\",\"@graph\":[{\"@type\":\"WebPage\",\"@id\":\"https:\/\/tourcruiser.com\/fr\/products\/air-jordan-11-retro-low-cherry-2016-528895-102\/\",\"url\":\"https:\/\/tourcruiser.com\/fr\/products\/air-jordan-11-retro-low-cherry-2016-528895-102\/\",\"name\":\"Air Jordan 11 Retro Low 'Cherry' 2016 528895-102 - TOURCRUISER PTE. LTD\",\"isPartOf\":{\"@id\":\"\/#website\"},\"primaryImageOfPage\":{\"@id\":\"https:\/\/tourcruiser.com\/fr\/products\/air-jordan-11-retro-low-cherry-2016-528895-102\/#primaryimage\"},\"image\":{\"@id\":\"https:\/\/tourcruiser.com\/fr\/products\/air-jordan-11-retro-low-cherry-2016-528895-102\/#primaryimage\"},\"thumbnailUrl\":\"https:\/\/images.novelship.com\/product\/air_jordan_11_retro_low__cherry__2016_528895_102_0_85901.jpeg;https:\/\/images.novelship.com\/product\/air_jordan_11_retro_low__cherry__2016_528895_102_1_85901.jpeg;https:\/\/images.novelship.com\/product\/air_jordan_11_retro_low__cherry__2016_528895_102_2_85901.jpeg;https:\/\/images.novelship.com\/product\/air_jordan_11_retro_low__cherry__2016_528895_102_3_85901.jpeg;https:\/\/images.novelship.com\/product\/air_jordan_11_retro_low__cherry__2016_528895_102_4_85901.jpeg;https:\/\/images.novelship.com\/product\/air_jordan_11_retro_low__cherry__2016_528895_102_5_85901.jpeg;https:\/\/images.novelship.com\/product\/air_jordan_11_retro_low__cherry__2016_528895_102_6_85901.jpeg;https:\/\/images.novelship.com\/product\/air_jordan_11_retro_low__cherry__2016_528895_102_7_85901.jpeg\",\"datePublished\":\"2026-04-16T10:08:52+00:00\",\"dateModified\":\"2026-04-17T15:51:11+00:00\",\"breadcrumb\":{\"@id\":\"https:\/\/tourcruiser.com\/fr\/products\/air-jordan-11-retro-low-cherry-2016-528895-102\/#breadcrumb\"},\"inLanguage\":\"fr-FR\",\"potentialAction\":[{\"@type\":\"ReadAction\",\"target\":[\"https:\/\/tourcruiser.com\/fr\/products\/air-jordan-11-retro-low-cherry-2016-528895-102\/\"]}]},{\"@type\":\"ImageObject\",\"inLanguage\":\"fr-FR\",\"@id\":\"https:\/\/tourcruiser.com\/fr\/products\/air-jordan-11-retro-low-cherry-2016-528895-102\/#primaryimage\",\"url\":\"https:\/\/images.novelship.com\/product\/air_jordan_11_retro_low__cherry__2016_528895_102_0_85901.jpeg;https:\/\/images.novelship.com\/product\/air_jordan_11_retro_low__cherry__2016_528895_102_1_85901.jpeg;https:\/\/images.novelship.com\/product\/air_jordan_11_retro_low__cherry__2016_528895_102_2_85901.jpeg;https:\/\/images.novelship.com\/product\/air_jordan_11_retro_low__cherry__2016_528895_102_3_85901.jpeg;https:\/\/images.novelship.com\/product\/air_jordan_11_retro_low__cherry__2016_528895_102_4_85901.jpeg;https:\/\/images.novelship.com\/product\/air_jordan_11_retro_low__cherry__2016_528895_102_5_85901.jpeg;https:\/\/images.novelship.com\/product\/air_jordan_11_retro_low__cherry__2016_528895_102_6_85901.jpeg;https:\/\/images.novelship.com\/product\/air_jordan_11_retro_low__cherry__2016_528895_102_7_85901.jpeg\",\"contentUrl\":\"https:\/\/images.novelship.com\/product\/air_jordan_11_retro_low__cherry__2016_528895_102_0_85901.jpeg;https:\/\/images.novelship.com\/product\/air_jordan_11_retro_low__cherry__2016_528895_102_1_85901.jpeg;https:\/\/images.novelship.com\/product\/air_jordan_11_retro_low__cherry__2016_528895_102_2_85901.jpeg;https:\/\/images.novelship.com\/product\/air_jordan_11_retro_low__cherry__2016_528895_102_3_85901.jpeg;https:\/\/images.novelship.com\/product\/air_jordan_11_retro_low__cherry__2016_528895_102_4_85901.jpeg;https:\/\/images.novelship.com\/product\/air_jordan_11_retro_low__cherry__2016_528895_102_5_85901.jpeg;https:\/\/images.novelship.com\/product\/air_jordan_11_retro_low__cherry__2016_528895_102_6_85901.jpeg;https:\/\/images.novelship.com\/product\/air_jordan_11_retro_low__cherry__2016_528895_102_7_85901.jpeg\"},{\"@type\":\"BreadcrumbList\",\"@id\":\"https:\/\/tourcruiser.com\/fr\/products\/air-jordan-11-retro-low-cherry-2016-528895-102\/#breadcrumb\",\"itemListElement\":[{\"@type\":\"ListItem\",\"position\":1,\"name\":\"Home\",\"item\":\"https:\/\/tourcruiser.com\/fr\/\"},{\"@type\":\"ListItem\",\"position\":2,\"name\":\"Shop\",\"item\":\"https:\/\/tourcruiser.com\/fr\/shop\/\"},{\"@type\":\"ListItem\",\"position\":3,\"name\":\"Air Jordan 11 Retro Low &#8216;Cherry&#8217; 2016 528895-102\"}]},{\"@type\":\"WebSite\",\"@id\":\"\/#website\",\"url\":\"\/\",\"name\":\"Styloral Jewelry Shop\",\"description\":\"Tourcruiser Sneaker Store \u2014 L\u2019endroit o\u00f9 l\u2019univers rencontre votre singularit\u00e9.\",\"publisher\":{\"@id\":\"\/#organization\"},\"potentialAction\":[{\"@type\":\"SearchAction\",\"target\":{\"@type\":\"EntryPoint\",\"urlTemplate\":\"\/?s={search_term_string}\"},\"query-input\":{\"@type\":\"PropertyValueSpecification\",\"valueRequired\":true,\"valueName\":\"search_term_string\"}}],\"inLanguage\":\"fr-FR\"},{\"@type\":\"Organization\",\"@id\":\"\/#organization\",\"name\":\"STYLORAL PTE. LTD\",\"url\":\"\/\",\"logo\":{\"@type\":\"ImageObject\",\"inLanguage\":\"fr-FR\",\"@id\":\"\/#\/schema\/logo\/image\/\",\"url\":\"https:\/\/www.tourcruiser.com\/wp-content\/uploads\/2025\/12\/logo.png\",\"contentUrl\":\"https:\/\/www.tourcruiser.com\/wp-content\/uploads\/2025\/12\/logo.png\",\"width\":200,\"height\":65,\"caption\":\"STYLORAL PTE. LTD\"},\"image\":{\"@id\":\"\/#\/schema\/logo\/image\/\"}}]}<\/script>\n<!-- \/ Yoast SEO plugin. -->","yoast_head_json":{"title":"Air Jordan 11 Retro Low 'Cherry' 2016 528895-102 - TOURCRUISER PTE. LTD","robots":{"index":"index","follow":"follow","max-snippet":"max-snippet:-1","max-image-preview":"max-image-preview:large","max-video-preview":"max-video-preview:-1"},"canonical":"https:\/\/tourcruiser.com\/fr\/products\/air-jordan-11-retro-low-cherry-2016-528895-102\/","og_locale":"fr_FR","og_type":"article","og_title":"Air Jordan 11 Retro Low 'Cherry' 2016 528895-102 - TOURCRUISER PTE. LTD","og_description":"D\u00e9couvrez le style et le confort l\u00e9gendaires de la Air Jordan 11 Retro Low \u00ab\u00a0Cherry\u00a0\u00bb (2016). Ces sneakers convoit\u00e9es, d&rsquo;un rouge cerise \u00e9clatant, pr\u00e9sentent une empeigne en cuir grain\u00e9 de qualit\u00e9 sup\u00e9rieure, des empi\u00e8cements en mesh respirant et le garde-boue embl\u00e9matique en cuir verni. Les unit\u00e9s Zoom Air \u00e0 l&rsquo;avant et au talon offrent un [&hellip;]","og_url":"https:\/\/tourcruiser.com\/fr\/products\/air-jordan-11-retro-low-cherry-2016-528895-102\/","og_site_name":"Tourcruiser Sneaker Store","article_modified_time":"2026-04-17T15:51:11+00:00","twitter_card":"summary_large_image","twitter_image":"https:\/\/images.novelship.com\/product\/air_jordan_11_retro_low__cherry__2016_528895_102_0_85901.jpeg;https:\/\/images.novelship.com\/product\/air_jordan_11_retro_low__cherry__2016_528895_102_1_85901.jpeg;https:\/\/images.novelship.com\/product\/air_jordan_11_retro_low__cherry__2016_528895_102_2_85901.jpeg;https:\/\/images.novelship.com\/product\/air_jordan_11_retro_low__cherry__2016_528895_102_3_85901.jpeg;https:\/\/images.novelship.com\/product\/air_jordan_11_retro_low__cherry__2016_528895_102_4_85901.jpeg;https:\/\/images.novelship.com\/product\/air_jordan_11_retro_low__cherry__2016_528895_102_5_85901.jpeg;https:\/\/images.novelship.com\/product\/air_jordan_11_retro_low__cherry__2016_528895_102_6_85901.jpeg;https:\/\/images.novelship.com\/product\/air_jordan_11_retro_low__cherry__2016_528895_102_7_85901.jpeg","twitter_misc":{"Dur\u00e9e de lecture estim\u00e9e":"1 minute"},"schema":{"@context":"https:\/\/schema.org","@graph":[{"@type":"WebPage","@id":"https:\/\/tourcruiser.com\/fr\/products\/air-jordan-11-retro-low-cherry-2016-528895-102\/","url":"https:\/\/tourcruiser.com\/fr\/products\/air-jordan-11-retro-low-cherry-2016-528895-102\/","name":"Air Jordan 11 Retro Low 'Cherry' 2016 528895-102 - TOURCRUISER PTE. LTD","isPartOf":{"@id":"\/#website"},"primaryImageOfPage":{"@id":"https:\/\/tourcruiser.com\/fr\/products\/air-jordan-11-retro-low-cherry-2016-528895-102\/#primaryimage"},"image":{"@id":"https:\/\/tourcruiser.com\/fr\/products\/air-jordan-11-retro-low-cherry-2016-528895-102\/#primaryimage"},"thumbnailUrl":"https:\/\/images.novelship.com\/product\/air_jordan_11_retro_low__cherry__2016_528895_102_0_85901.jpeg;https:\/\/images.novelship.com\/product\/air_jordan_11_retro_low__cherry__2016_528895_102_1_85901.jpeg;https:\/\/images.novelship.com\/product\/air_jordan_11_retro_low__cherry__2016_528895_102_2_85901.jpeg;https:\/\/images.novelship.com\/product\/air_jordan_11_retro_low__cherry__2016_528895_102_3_85901.jpeg;https:\/\/images.novelship.com\/product\/air_jordan_11_retro_low__cherry__2016_528895_102_4_85901.jpeg;https:\/\/images.novelship.com\/product\/air_jordan_11_retro_low__cherry__2016_528895_102_5_85901.jpeg;https:\/\/images.novelship.com\/product\/air_jordan_11_retro_low__cherry__2016_528895_102_6_85901.jpeg;https:\/\/images.novelship.com\/product\/air_jordan_11_retro_low__cherry__2016_528895_102_7_85901.jpeg","datePublished":"2026-04-16T10:08:52+00:00","dateModified":"2026-04-17T15:51:11+00:00","breadcrumb":{"@id":"https:\/\/tourcruiser.com\/fr\/products\/air-jordan-11-retro-low-cherry-2016-528895-102\/#breadcrumb"},"inLanguage":"fr-FR","potentialAction":[{"@type":"ReadAction","target":["https:\/\/tourcruiser.com\/fr\/products\/air-jordan-11-retro-low-cherry-2016-528895-102\/"]}]},{"@type":"ImageObject","inLanguage":"fr-FR","@id":"https:\/\/tourcruiser.com\/fr\/products\/air-jordan-11-retro-low-cherry-2016-528895-102\/#primaryimage","url":"https:\/\/images.novelship.com\/product\/air_jordan_11_retro_low__cherry__2016_528895_102_0_85901.jpeg;https:\/\/images.novelship.com\/product\/air_jordan_11_retro_low__cherry__2016_528895_102_1_85901.jpeg;https:\/\/images.novelship.com\/product\/air_jordan_11_retro_low__cherry__2016_528895_102_2_85901.jpeg;https:\/\/images.novelship.com\/product\/air_jordan_11_retro_low__cherry__2016_528895_102_3_85901.jpeg;https:\/\/images.novelship.com\/product\/air_jordan_11_retro_low__cherry__2016_528895_102_4_85901.jpeg;https:\/\/images.novelship.com\/product\/air_jordan_11_retro_low__cherry__2016_528895_102_5_85901.jpeg;https:\/\/images.novelship.com\/product\/air_jordan_11_retro_low__cherry__2016_528895_102_6_85901.jpeg;https:\/\/images.novelship.com\/product\/air_jordan_11_retro_low__cherry__2016_528895_102_7_85901.jpeg","contentUrl":"https:\/\/images.novelship.com\/product\/air_jordan_11_retro_low__cherry__2016_528895_102_0_85901.jpeg;https:\/\/images.novelship.com\/product\/air_jordan_11_retro_low__cherry__2016_528895_102_1_85901.jpeg;https:\/\/images.novelship.com\/product\/air_jordan_11_retro_low__cherry__2016_528895_102_2_85901.jpeg;https:\/\/images.novelship.com\/product\/air_jordan_11_retro_low__cherry__2016_528895_102_3_85901.jpeg;https:\/\/images.novelship.com\/product\/air_jordan_11_retro_low__cherry__2016_528895_102_4_85901.jpeg;https:\/\/images.novelship.com\/product\/air_jordan_11_retro_low__cherry__2016_528895_102_5_85901.jpeg;https:\/\/images.novelship.com\/product\/air_jordan_11_retro_low__cherry__2016_528895_102_6_85901.jpeg;https:\/\/images.novelship.com\/product\/air_jordan_11_retro_low__cherry__2016_528895_102_7_85901.jpeg"},{"@type":"BreadcrumbList","@id":"https:\/\/tourcruiser.com\/fr\/products\/air-jordan-11-retro-low-cherry-2016-528895-102\/#breadcrumb","itemListElement":[{"@type":"ListItem","position":1,"name":"Home","item":"https:\/\/tourcruiser.com\/fr\/"},{"@type":"ListItem","position":2,"name":"Shop","item":"https:\/\/tourcruiser.com\/fr\/shop\/"},{"@type":"ListItem","position":3,"name":"Air Jordan 11 Retro Low &#8216;Cherry&#8217; 2016 528895-102"}]},{"@type":"WebSite","@id":"\/#website","url":"\/","name":"Styloral Jewelry Shop","description":"Tourcruiser Sneaker Store \u2014 L\u2019endroit o\u00f9 l\u2019univers rencontre votre singularit\u00e9.","publisher":{"@id":"\/#organization"},"potentialAction":[{"@type":"SearchAction","target":{"@type":"EntryPoint","urlTemplate":"\/?s={search_term_string}"},"query-input":{"@type":"PropertyValueSpecification","valueRequired":true,"valueName":"search_term_string"}}],"inLanguage":"fr-FR"},{"@type":"Organization","@id":"\/#organization","name":"STYLORAL PTE. LTD","url":"\/","logo":{"@type":"ImageObject","inLanguage":"fr-FR","@id":"\/#\/schema\/logo\/image\/","url":"https:\/\/www.tourcruiser.com\/wp-content\/uploads\/2025\/12\/logo.png","contentUrl":"https:\/\/www.tourcruiser.com\/wp-content\/uploads\/2025\/12\/logo.png","width":200,"height":65,"caption":"STYLORAL PTE. LTD"},"image":{"@id":"\/#\/schema\/logo\/image\/"}}]}},"_links":{"self":[{"href":"https:\/\/tourcruiser.com\/fr\/wp-json\/wp\/v2\/product\/760614","targetHints":{"allow":["GET"]}}],"collection":[{"href":"https:\/\/tourcruiser.com\/fr\/wp-json\/wp\/v2\/product"}],"about":[{"href":"https:\/\/tourcruiser.com\/fr\/wp-json\/wp\/v2\/types\/product"}],"replies":[{"embeddable":true,"href":"https:\/\/tourcruiser.com\/fr\/wp-json\/wp\/v2\/comments?post=760614"}],"wp:featuredmedia":[{"embeddable":true,"href":"https:\/\/tourcruiser.com\/fr\/wp-json\/wp\/v2\/media\/760615"}],"wp:attachment":[{"href":"https:\/\/tourcruiser.com\/fr\/wp-json\/wp\/v2\/media?parent=760614"}],"wp:term":[{"taxonomy":"product_brand","embeddable":true,"href":"https:\/\/tourcruiser.com\/fr\/wp-json\/wp\/v2\/product_brand?post=760614"},{"taxonomy":"product_cat","embeddable":true,"href":"https:\/\/tourcruiser.com\/fr\/wp-json\/wp\/v2\/product_cat?post=760614"},{"taxonomy":"product_tag","embeddable":true,"href":"https:\/\/tourcruiser.com\/fr\/wp-json\/wp\/v2\/product_tag?post=760614"}],"curies":[{"name":"wp","href":"https:\/\/api.w.org\/{rel}","templated":true}]}}