{"id":760587,"date":"2026-04-16T17:08:51","date_gmt":"2026-04-16T10:08:51","guid":{"rendered":"http:\/\/tourcruiser.com\/product\/clot-x-air-jordan-1-mid-fearless-cu2804-100"},"modified":"2026-04-17T22:51:07","modified_gmt":"2026-04-17T15:51:07","slug":"clot-x-air-jordan-1-mid-fearless-cu2804-100","status":"publish","type":"product","link":"https:\/\/tourcruiser.com\/fr\/products\/clot-x-air-jordan-1-mid-fearless-cu2804-100\/","title":{"rendered":"CLOT x Air Jordan 1 Mid &lsquo;Fearless&rsquo; CU2804-100"},"content":{"rendered":"<p>D\u00e9couvrez la CLOT x Air Jordan 1 Mid Fearless. Fruit de la collaboration entre Jordan et CLOT, cette sneaker allie style et innovation. Avec son \u00e9l\u00e9gante couleur argent\u00e9e, elle est id\u00e9ale pour celles et ceux qui recherchent \u00e0 la fois mode et fonctionnalit\u00e9. Affirmez votre style avec ces sneakers audacieuses.<\/p>\n<p>Coloris : Blanc\/Noir\/Blanc\/Rouge universitaire<\/p>\n<p>Code article : CU2804-100<\/p>\n<p>Tige : Cuir<\/p>\n<p>Semelle interm\u00e9diaire : Air<\/p>\n<p>Couleur : Argent<\/p>\n<p>Designer : Peter Moore<\/p>\n<p>Saison : Hiver<\/p>\n<p>Ann\u00e9e de sortie : 2019<\/p>\n<p>\u00c2ge : Adulte<\/p>\n<p>Couleur : Argent<\/p>\n<p>Genre : Homme<\/p>\n","protected":false},"excerpt":{"rendered":"<p>D\u00e9couvrez la CLOT x Air Jordan 1 Mid Fearless. Fruit de la collaboration entre Jordan et CLOT, cette sneaker allie style et innovation. Avec son \u00e9l\u00e9gante couleur argent\u00e9e, elle est id\u00e9ale pour celles et ceux qui recherchent \u00e0 la fois mode et fonctionnalit\u00e9. Affirmez votre style avec ces sneakers audacieuses. Coloris : Blanc\/Noir\/Blanc\/Rouge universitaire Code [&hellip;]<\/p>\n","protected":false},"featured_media":760588,"comment_status":"open","ping_status":"closed","template":"","meta":[],"product_brand":[],"product_cat":[38880],"product_tag":[10750,38841,38842,10776,11349,38875,38886,10756],"class_list":{"0":"post-760587","1":"product","2":"type-product","3":"status-publish","4":"has-post-thumbnail","6":"product_cat-jordan","7":"product_tag-athleisure-shoes","8":"product_tag-casual-shoes","9":"product_tag-gift-idea-for-him","10":"product_tag-jordan","11":"product_tag-jordan-basketball-shoes","12":"product_tag-jordan-skateboard-shoes","13":"product_tag-lifestyle-shoes-inspired-by-basketball","14":"product_tag-retro-casual-shoes","16":"first","17":"instock","18":"taxable","19":"shipping-taxable","20":"purchasable","21":"product-type-simple"},"wcpa_form_fields":null,"yoast_head":"<!-- This site is optimized with the Yoast SEO plugin v26.5 - https:\/\/yoast.com\/wordpress\/plugins\/seo\/ -->\n<title>CLOT x Air Jordan 1 Mid &#039;Fearless&#039; CU2804-100 - TOURCRUISER PTE. LTD<\/title>\n<meta name=\"robots\" content=\"index, follow, max-snippet:-1, max-image-preview:large, max-video-preview:-1\" \/>\n<link rel=\"canonical\" href=\"https:\/\/tourcruiser.com\/fr\/products\/clot-x-air-jordan-1-mid-fearless-cu2804-100\/\" \/>\n<meta property=\"og:locale\" content=\"fr_FR\" \/>\n<meta property=\"og:type\" content=\"article\" \/>\n<meta property=\"og:title\" content=\"CLOT x Air Jordan 1 Mid &#039;Fearless&#039; CU2804-100 - TOURCRUISER PTE. LTD\" \/>\n<meta property=\"og:description\" content=\"D\u00e9couvrez la CLOT x Air Jordan 1 Mid Fearless. Fruit de la collaboration entre Jordan et CLOT, cette sneaker allie style et innovation. Avec son \u00e9l\u00e9gante couleur argent\u00e9e, elle est id\u00e9ale pour celles et ceux qui recherchent \u00e0 la fois mode et fonctionnalit\u00e9. Affirmez votre style avec ces sneakers audacieuses. Coloris : Blanc\/Noir\/Blanc\/Rouge universitaire Code [&hellip;]\" \/>\n<meta property=\"og:url\" content=\"https:\/\/tourcruiser.com\/fr\/products\/clot-x-air-jordan-1-mid-fearless-cu2804-100\/\" \/>\n<meta property=\"og:site_name\" content=\"Tourcruiser Sneaker Store\" \/>\n<meta property=\"article:modified_time\" content=\"2026-04-17T15:51:07+00:00\" \/>\n<meta name=\"twitter:card\" content=\"summary_large_image\" \/>\n<meta name=\"twitter:image\" content=\"https:\/\/images.novelship.com\/product\/clot_x_air_jordan_1_mid__fearless__cu2804_100_0_64138.jpeg;https:\/\/images.novelship.com\/product\/clot_x_air_jordan_1_mid__fearless__cu2804_100_1_64138.jpeg;https:\/\/images.novelship.com\/product\/clot_x_air_jordan_1_mid__fearless__cu2804_100_2_64138.jpeg;https:\/\/images.novelship.com\/product\/clot_x_air_jordan_1_mid__fearless__cu2804_100_3_64138.jpeg;https:\/\/images.novelship.com\/product\/clot_x_air_jordan_1_mid__fearless__cu2804_100_4_64138.jpeg;https:\/\/images.novelship.com\/product\/clot_x_air_jordan_1_mid__fearless__cu2804_100_5_64138.jpeg;https:\/\/images.novelship.com\/product\/clot_x_air_jordan_1_mid__fearless__cu2804_100_6_64138.jpeg;https:\/\/images.novelship.com\/product\/clot_x_air_jordan_1_mid__fearless__cu2804_100_7_64138.jpeg\" \/>\n<script type=\"application\/ld+json\" class=\"yoast-schema-graph\">{\"@context\":\"https:\/\/schema.org\",\"@graph\":[{\"@type\":\"WebPage\",\"@id\":\"https:\/\/tourcruiser.com\/fr\/products\/clot-x-air-jordan-1-mid-fearless-cu2804-100\/\",\"url\":\"https:\/\/tourcruiser.com\/fr\/products\/clot-x-air-jordan-1-mid-fearless-cu2804-100\/\",\"name\":\"CLOT x Air Jordan 1 Mid 'Fearless' CU2804-100 - TOURCRUISER PTE. LTD\",\"isPartOf\":{\"@id\":\"\/#website\"},\"primaryImageOfPage\":{\"@id\":\"https:\/\/tourcruiser.com\/fr\/products\/clot-x-air-jordan-1-mid-fearless-cu2804-100\/#primaryimage\"},\"image\":{\"@id\":\"https:\/\/tourcruiser.com\/fr\/products\/clot-x-air-jordan-1-mid-fearless-cu2804-100\/#primaryimage\"},\"thumbnailUrl\":\"https:\/\/images.novelship.com\/product\/clot_x_air_jordan_1_mid__fearless__cu2804_100_0_64138.jpeg;https:\/\/images.novelship.com\/product\/clot_x_air_jordan_1_mid__fearless__cu2804_100_1_64138.jpeg;https:\/\/images.novelship.com\/product\/clot_x_air_jordan_1_mid__fearless__cu2804_100_2_64138.jpeg;https:\/\/images.novelship.com\/product\/clot_x_air_jordan_1_mid__fearless__cu2804_100_3_64138.jpeg;https:\/\/images.novelship.com\/product\/clot_x_air_jordan_1_mid__fearless__cu2804_100_4_64138.jpeg;https:\/\/images.novelship.com\/product\/clot_x_air_jordan_1_mid__fearless__cu2804_100_5_64138.jpeg;https:\/\/images.novelship.com\/product\/clot_x_air_jordan_1_mid__fearless__cu2804_100_6_64138.jpeg;https:\/\/images.novelship.com\/product\/clot_x_air_jordan_1_mid__fearless__cu2804_100_7_64138.jpeg\",\"datePublished\":\"2026-04-16T10:08:51+00:00\",\"dateModified\":\"2026-04-17T15:51:07+00:00\",\"breadcrumb\":{\"@id\":\"https:\/\/tourcruiser.com\/fr\/products\/clot-x-air-jordan-1-mid-fearless-cu2804-100\/#breadcrumb\"},\"inLanguage\":\"fr-FR\",\"potentialAction\":[{\"@type\":\"ReadAction\",\"target\":[\"https:\/\/tourcruiser.com\/fr\/products\/clot-x-air-jordan-1-mid-fearless-cu2804-100\/\"]}]},{\"@type\":\"ImageObject\",\"inLanguage\":\"fr-FR\",\"@id\":\"https:\/\/tourcruiser.com\/fr\/products\/clot-x-air-jordan-1-mid-fearless-cu2804-100\/#primaryimage\",\"url\":\"https:\/\/images.novelship.com\/product\/clot_x_air_jordan_1_mid__fearless__cu2804_100_0_64138.jpeg;https:\/\/images.novelship.com\/product\/clot_x_air_jordan_1_mid__fearless__cu2804_100_1_64138.jpeg;https:\/\/images.novelship.com\/product\/clot_x_air_jordan_1_mid__fearless__cu2804_100_2_64138.jpeg;https:\/\/images.novelship.com\/product\/clot_x_air_jordan_1_mid__fearless__cu2804_100_3_64138.jpeg;https:\/\/images.novelship.com\/product\/clot_x_air_jordan_1_mid__fearless__cu2804_100_4_64138.jpeg;https:\/\/images.novelship.com\/product\/clot_x_air_jordan_1_mid__fearless__cu2804_100_5_64138.jpeg;https:\/\/images.novelship.com\/product\/clot_x_air_jordan_1_mid__fearless__cu2804_100_6_64138.jpeg;https:\/\/images.novelship.com\/product\/clot_x_air_jordan_1_mid__fearless__cu2804_100_7_64138.jpeg\",\"contentUrl\":\"https:\/\/images.novelship.com\/product\/clot_x_air_jordan_1_mid__fearless__cu2804_100_0_64138.jpeg;https:\/\/images.novelship.com\/product\/clot_x_air_jordan_1_mid__fearless__cu2804_100_1_64138.jpeg;https:\/\/images.novelship.com\/product\/clot_x_air_jordan_1_mid__fearless__cu2804_100_2_64138.jpeg;https:\/\/images.novelship.com\/product\/clot_x_air_jordan_1_mid__fearless__cu2804_100_3_64138.jpeg;https:\/\/images.novelship.com\/product\/clot_x_air_jordan_1_mid__fearless__cu2804_100_4_64138.jpeg;https:\/\/images.novelship.com\/product\/clot_x_air_jordan_1_mid__fearless__cu2804_100_5_64138.jpeg;https:\/\/images.novelship.com\/product\/clot_x_air_jordan_1_mid__fearless__cu2804_100_6_64138.jpeg;https:\/\/images.novelship.com\/product\/clot_x_air_jordan_1_mid__fearless__cu2804_100_7_64138.jpeg\"},{\"@type\":\"BreadcrumbList\",\"@id\":\"https:\/\/tourcruiser.com\/fr\/products\/clot-x-air-jordan-1-mid-fearless-cu2804-100\/#breadcrumb\",\"itemListElement\":[{\"@type\":\"ListItem\",\"position\":1,\"name\":\"Home\",\"item\":\"https:\/\/tourcruiser.com\/fr\/\"},{\"@type\":\"ListItem\",\"position\":2,\"name\":\"Shop\",\"item\":\"https:\/\/tourcruiser.com\/fr\/shop\/\"},{\"@type\":\"ListItem\",\"position\":3,\"name\":\"CLOT x Air Jordan 1 Mid &#8216;Fearless&#8217; CU2804-100\"}]},{\"@type\":\"WebSite\",\"@id\":\"\/#website\",\"url\":\"\/\",\"name\":\"Styloral Jewelry Shop\",\"description\":\"Tourcruiser Sneaker Store \u2014 L\u2019endroit o\u00f9 l\u2019univers rencontre votre singularit\u00e9.\",\"publisher\":{\"@id\":\"\/#organization\"},\"potentialAction\":[{\"@type\":\"SearchAction\",\"target\":{\"@type\":\"EntryPoint\",\"urlTemplate\":\"\/?s={search_term_string}\"},\"query-input\":{\"@type\":\"PropertyValueSpecification\",\"valueRequired\":true,\"valueName\":\"search_term_string\"}}],\"inLanguage\":\"fr-FR\"},{\"@type\":\"Organization\",\"@id\":\"\/#organization\",\"name\":\"STYLORAL PTE. LTD\",\"url\":\"\/\",\"logo\":{\"@type\":\"ImageObject\",\"inLanguage\":\"fr-FR\",\"@id\":\"\/#\/schema\/logo\/image\/\",\"url\":\"https:\/\/www.tourcruiser.com\/wp-content\/uploads\/2025\/12\/logo.png\",\"contentUrl\":\"https:\/\/www.tourcruiser.com\/wp-content\/uploads\/2025\/12\/logo.png\",\"width\":200,\"height\":65,\"caption\":\"STYLORAL PTE. LTD\"},\"image\":{\"@id\":\"\/#\/schema\/logo\/image\/\"}}]}<\/script>\n<!-- \/ Yoast SEO plugin. -->","yoast_head_json":{"title":"CLOT x Air Jordan 1 Mid 'Fearless' CU2804-100 - TOURCRUISER PTE. LTD","robots":{"index":"index","follow":"follow","max-snippet":"max-snippet:-1","max-image-preview":"max-image-preview:large","max-video-preview":"max-video-preview:-1"},"canonical":"https:\/\/tourcruiser.com\/fr\/products\/clot-x-air-jordan-1-mid-fearless-cu2804-100\/","og_locale":"fr_FR","og_type":"article","og_title":"CLOT x Air Jordan 1 Mid 'Fearless' CU2804-100 - TOURCRUISER PTE. LTD","og_description":"D\u00e9couvrez la CLOT x Air Jordan 1 Mid Fearless. Fruit de la collaboration entre Jordan et CLOT, cette sneaker allie style et innovation. Avec son \u00e9l\u00e9gante couleur argent\u00e9e, elle est id\u00e9ale pour celles et ceux qui recherchent \u00e0 la fois mode et fonctionnalit\u00e9. Affirmez votre style avec ces sneakers audacieuses. Coloris : Blanc\/Noir\/Blanc\/Rouge universitaire Code [&hellip;]","og_url":"https:\/\/tourcruiser.com\/fr\/products\/clot-x-air-jordan-1-mid-fearless-cu2804-100\/","og_site_name":"Tourcruiser Sneaker Store","article_modified_time":"2026-04-17T15:51:07+00:00","twitter_card":"summary_large_image","twitter_image":"https:\/\/images.novelship.com\/product\/clot_x_air_jordan_1_mid__fearless__cu2804_100_0_64138.jpeg;https:\/\/images.novelship.com\/product\/clot_x_air_jordan_1_mid__fearless__cu2804_100_1_64138.jpeg;https:\/\/images.novelship.com\/product\/clot_x_air_jordan_1_mid__fearless__cu2804_100_2_64138.jpeg;https:\/\/images.novelship.com\/product\/clot_x_air_jordan_1_mid__fearless__cu2804_100_3_64138.jpeg;https:\/\/images.novelship.com\/product\/clot_x_air_jordan_1_mid__fearless__cu2804_100_4_64138.jpeg;https:\/\/images.novelship.com\/product\/clot_x_air_jordan_1_mid__fearless__cu2804_100_5_64138.jpeg;https:\/\/images.novelship.com\/product\/clot_x_air_jordan_1_mid__fearless__cu2804_100_6_64138.jpeg;https:\/\/images.novelship.com\/product\/clot_x_air_jordan_1_mid__fearless__cu2804_100_7_64138.jpeg","schema":{"@context":"https:\/\/schema.org","@graph":[{"@type":"WebPage","@id":"https:\/\/tourcruiser.com\/fr\/products\/clot-x-air-jordan-1-mid-fearless-cu2804-100\/","url":"https:\/\/tourcruiser.com\/fr\/products\/clot-x-air-jordan-1-mid-fearless-cu2804-100\/","name":"CLOT x Air Jordan 1 Mid 'Fearless' CU2804-100 - TOURCRUISER PTE. LTD","isPartOf":{"@id":"\/#website"},"primaryImageOfPage":{"@id":"https:\/\/tourcruiser.com\/fr\/products\/clot-x-air-jordan-1-mid-fearless-cu2804-100\/#primaryimage"},"image":{"@id":"https:\/\/tourcruiser.com\/fr\/products\/clot-x-air-jordan-1-mid-fearless-cu2804-100\/#primaryimage"},"thumbnailUrl":"https:\/\/images.novelship.com\/product\/clot_x_air_jordan_1_mid__fearless__cu2804_100_0_64138.jpeg;https:\/\/images.novelship.com\/product\/clot_x_air_jordan_1_mid__fearless__cu2804_100_1_64138.jpeg;https:\/\/images.novelship.com\/product\/clot_x_air_jordan_1_mid__fearless__cu2804_100_2_64138.jpeg;https:\/\/images.novelship.com\/product\/clot_x_air_jordan_1_mid__fearless__cu2804_100_3_64138.jpeg;https:\/\/images.novelship.com\/product\/clot_x_air_jordan_1_mid__fearless__cu2804_100_4_64138.jpeg;https:\/\/images.novelship.com\/product\/clot_x_air_jordan_1_mid__fearless__cu2804_100_5_64138.jpeg;https:\/\/images.novelship.com\/product\/clot_x_air_jordan_1_mid__fearless__cu2804_100_6_64138.jpeg;https:\/\/images.novelship.com\/product\/clot_x_air_jordan_1_mid__fearless__cu2804_100_7_64138.jpeg","datePublished":"2026-04-16T10:08:51+00:00","dateModified":"2026-04-17T15:51:07+00:00","breadcrumb":{"@id":"https:\/\/tourcruiser.com\/fr\/products\/clot-x-air-jordan-1-mid-fearless-cu2804-100\/#breadcrumb"},"inLanguage":"fr-FR","potentialAction":[{"@type":"ReadAction","target":["https:\/\/tourcruiser.com\/fr\/products\/clot-x-air-jordan-1-mid-fearless-cu2804-100\/"]}]},{"@type":"ImageObject","inLanguage":"fr-FR","@id":"https:\/\/tourcruiser.com\/fr\/products\/clot-x-air-jordan-1-mid-fearless-cu2804-100\/#primaryimage","url":"https:\/\/images.novelship.com\/product\/clot_x_air_jordan_1_mid__fearless__cu2804_100_0_64138.jpeg;https:\/\/images.novelship.com\/product\/clot_x_air_jordan_1_mid__fearless__cu2804_100_1_64138.jpeg;https:\/\/images.novelship.com\/product\/clot_x_air_jordan_1_mid__fearless__cu2804_100_2_64138.jpeg;https:\/\/images.novelship.com\/product\/clot_x_air_jordan_1_mid__fearless__cu2804_100_3_64138.jpeg;https:\/\/images.novelship.com\/product\/clot_x_air_jordan_1_mid__fearless__cu2804_100_4_64138.jpeg;https:\/\/images.novelship.com\/product\/clot_x_air_jordan_1_mid__fearless__cu2804_100_5_64138.jpeg;https:\/\/images.novelship.com\/product\/clot_x_air_jordan_1_mid__fearless__cu2804_100_6_64138.jpeg;https:\/\/images.novelship.com\/product\/clot_x_air_jordan_1_mid__fearless__cu2804_100_7_64138.jpeg","contentUrl":"https:\/\/images.novelship.com\/product\/clot_x_air_jordan_1_mid__fearless__cu2804_100_0_64138.jpeg;https:\/\/images.novelship.com\/product\/clot_x_air_jordan_1_mid__fearless__cu2804_100_1_64138.jpeg;https:\/\/images.novelship.com\/product\/clot_x_air_jordan_1_mid__fearless__cu2804_100_2_64138.jpeg;https:\/\/images.novelship.com\/product\/clot_x_air_jordan_1_mid__fearless__cu2804_100_3_64138.jpeg;https:\/\/images.novelship.com\/product\/clot_x_air_jordan_1_mid__fearless__cu2804_100_4_64138.jpeg;https:\/\/images.novelship.com\/product\/clot_x_air_jordan_1_mid__fearless__cu2804_100_5_64138.jpeg;https:\/\/images.novelship.com\/product\/clot_x_air_jordan_1_mid__fearless__cu2804_100_6_64138.jpeg;https:\/\/images.novelship.com\/product\/clot_x_air_jordan_1_mid__fearless__cu2804_100_7_64138.jpeg"},{"@type":"BreadcrumbList","@id":"https:\/\/tourcruiser.com\/fr\/products\/clot-x-air-jordan-1-mid-fearless-cu2804-100\/#breadcrumb","itemListElement":[{"@type":"ListItem","position":1,"name":"Home","item":"https:\/\/tourcruiser.com\/fr\/"},{"@type":"ListItem","position":2,"name":"Shop","item":"https:\/\/tourcruiser.com\/fr\/shop\/"},{"@type":"ListItem","position":3,"name":"CLOT x Air Jordan 1 Mid &#8216;Fearless&#8217; CU2804-100"}]},{"@type":"WebSite","@id":"\/#website","url":"\/","name":"Styloral Jewelry Shop","description":"Tourcruiser Sneaker Store \u2014 L\u2019endroit o\u00f9 l\u2019univers rencontre votre singularit\u00e9.","publisher":{"@id":"\/#organization"},"potentialAction":[{"@type":"SearchAction","target":{"@type":"EntryPoint","urlTemplate":"\/?s={search_term_string}"},"query-input":{"@type":"PropertyValueSpecification","valueRequired":true,"valueName":"search_term_string"}}],"inLanguage":"fr-FR"},{"@type":"Organization","@id":"\/#organization","name":"STYLORAL PTE. LTD","url":"\/","logo":{"@type":"ImageObject","inLanguage":"fr-FR","@id":"\/#\/schema\/logo\/image\/","url":"https:\/\/www.tourcruiser.com\/wp-content\/uploads\/2025\/12\/logo.png","contentUrl":"https:\/\/www.tourcruiser.com\/wp-content\/uploads\/2025\/12\/logo.png","width":200,"height":65,"caption":"STYLORAL PTE. LTD"},"image":{"@id":"\/#\/schema\/logo\/image\/"}}]}},"_links":{"self":[{"href":"https:\/\/tourcruiser.com\/fr\/wp-json\/wp\/v2\/product\/760587","targetHints":{"allow":["GET"]}}],"collection":[{"href":"https:\/\/tourcruiser.com\/fr\/wp-json\/wp\/v2\/product"}],"about":[{"href":"https:\/\/tourcruiser.com\/fr\/wp-json\/wp\/v2\/types\/product"}],"replies":[{"embeddable":true,"href":"https:\/\/tourcruiser.com\/fr\/wp-json\/wp\/v2\/comments?post=760587"}],"wp:featuredmedia":[{"embeddable":true,"href":"https:\/\/tourcruiser.com\/fr\/wp-json\/wp\/v2\/media\/760588"}],"wp:attachment":[{"href":"https:\/\/tourcruiser.com\/fr\/wp-json\/wp\/v2\/media?parent=760587"}],"wp:term":[{"taxonomy":"product_brand","embeddable":true,"href":"https:\/\/tourcruiser.com\/fr\/wp-json\/wp\/v2\/product_brand?post=760587"},{"taxonomy":"product_cat","embeddable":true,"href":"https:\/\/tourcruiser.com\/fr\/wp-json\/wp\/v2\/product_cat?post=760587"},{"taxonomy":"product_tag","embeddable":true,"href":"https:\/\/tourcruiser.com\/fr\/wp-json\/wp\/v2\/product_tag?post=760587"}],"curies":[{"name":"wp","href":"https:\/\/api.w.org\/{rel}","templated":true}]}}