{"id":760578,"date":"2026-04-16T17:08:51","date_gmt":"2026-04-16T10:08:51","guid":{"rendered":"http:\/\/tourcruiser.com\/product\/women-air-jordan-11-retro-vast-grey-ar0715-100"},"modified":"2026-04-17T22:51:07","modified_gmt":"2026-04-17T15:51:07","slug":"women-air-jordan-11-retro-vast-grey-ar0715-100","status":"publish","type":"product","link":"https:\/\/tourcruiser.com\/fr\/products\/women-air-jordan-11-retro-vast-grey-ar0715-100\/","title":{"rendered":"(Women) Air Jordan 11 Retro &lsquo;Vast Grey&rsquo; AR0715-100"},"content":{"rendered":"<p>Les sneakers Air Jordan 11 Retro Vast Grey (WMNS) de Jordan offrent un design tendance et \u00e9l\u00e9gant dans une teinte de gris polyvalente. Con\u00e7ues sp\u00e9cialement pour les femmes, ces sneakers compl\u00e8tent \u00e0 merveille toutes vos tenues athleisure ou d\u00e9contract\u00e9es. Arborant le logo iconique Air Jordan, elles allient style et confort optimal tout au long de la journ\u00e9e.<\/p>\n<p>Coloris\u00a0: Blanc\/Argent m\u00e9tallis\u00e9\/Gris clair<\/p>\n<p>Code article\u00a0: AR0715-100<\/p>\n<p>Tige\u00a0: Cuir<\/p>\n<p>Semelle interm\u00e9diaire\u00a0: Air<\/p>\n<p>Couleur\u00a0: Blanc<\/p>\n<p>Cr\u00e9atrice\u00a0: Tinker Hatfield<\/p>\n<p>Saison\u00a0: Automne<\/p>\n<p>Ann\u00e9e de sortie\u00a0: 2019<\/p>\n<p>\u00c2ge\u00a0: Adulte<\/p>\n<p>Couleur\u00a0: Blanc<\/p>\n<p>Genre\u00a0: Femme<\/p>\n","protected":false},"excerpt":{"rendered":"<p>Les sneakers Air Jordan 11 Retro Vast Grey (WMNS) de Jordan offrent un design tendance et \u00e9l\u00e9gant dans une teinte de gris polyvalente. Con\u00e7ues sp\u00e9cialement pour les femmes, ces sneakers compl\u00e8tent \u00e0 merveille toutes vos tenues athleisure ou d\u00e9contract\u00e9es. Arborant le logo iconique Air Jordan, elles allient style et confort optimal tout au long de [&hellip;]<\/p>\n","protected":false},"featured_media":760579,"comment_status":"open","ping_status":"closed","template":"","meta":[],"product_brand":[],"product_cat":[38880],"product_tag":[10800,38872,10776,38875,11129,38846,39165],"class_list":{"0":"post-760578","1":"product","2":"type-product","3":"status-publish","4":"has-post-thumbnail","6":"product_cat-jordan","7":"product_tag-basketball-shoes","8":"product_tag-gift-idea-for-her","9":"product_tag-jordan","10":"product_tag-jordan-skateboard-shoes","11":"product_tag-lightweight-basketball-shoes","12":"product_tag-performance-sports-shoes","13":"product_tag-toddler-shoes","15":"first","16":"instock","17":"taxable","18":"shipping-taxable","19":"purchasable","20":"product-type-simple"},"wcpa_form_fields":null,"yoast_head":"<!-- This site is optimized with the Yoast SEO plugin v26.5 - https:\/\/yoast.com\/wordpress\/plugins\/seo\/ -->\n<title>(Women) Air Jordan 11 Retro &#039;Vast Grey&#039; AR0715-100 - TOURCRUISER PTE. LTD<\/title>\n<meta name=\"robots\" content=\"index, follow, max-snippet:-1, max-image-preview:large, max-video-preview:-1\" \/>\n<link rel=\"canonical\" href=\"https:\/\/tourcruiser.com\/fr\/products\/women-air-jordan-11-retro-vast-grey-ar0715-100\/\" \/>\n<meta property=\"og:locale\" content=\"fr_FR\" \/>\n<meta property=\"og:type\" content=\"article\" \/>\n<meta property=\"og:title\" content=\"(Women) Air Jordan 11 Retro &#039;Vast Grey&#039; AR0715-100 - TOURCRUISER PTE. LTD\" \/>\n<meta property=\"og:description\" content=\"Les sneakers Air Jordan 11 Retro Vast Grey (WMNS) de Jordan offrent un design tendance et \u00e9l\u00e9gant dans une teinte de gris polyvalente. Con\u00e7ues sp\u00e9cialement pour les femmes, ces sneakers compl\u00e8tent \u00e0 merveille toutes vos tenues athleisure ou d\u00e9contract\u00e9es. Arborant le logo iconique Air Jordan, elles allient style et confort optimal tout au long de [&hellip;]\" \/>\n<meta property=\"og:url\" content=\"https:\/\/tourcruiser.com\/fr\/products\/women-air-jordan-11-retro-vast-grey-ar0715-100\/\" \/>\n<meta property=\"og:site_name\" content=\"Tourcruiser Sneaker Store\" \/>\n<meta property=\"article:modified_time\" content=\"2026-04-17T15:51:07+00:00\" \/>\n<meta name=\"twitter:card\" content=\"summary_large_image\" \/>\n<meta name=\"twitter:image\" content=\"https:\/\/images.novelship.com\/product\/_women__air_jordan_11_retro__vast_grey__ar0715_100_0_23131.jpeg;https:\/\/images.novelship.com\/product\/_women__air_jordan_11_retro__vast_grey__ar0715_100_1_23131.jpeg;https:\/\/images.novelship.com\/product\/_women__air_jordan_11_retro__vast_grey__ar0715_100_2_23132.jpeg;https:\/\/images.novelship.com\/product\/_women__air_jordan_11_retro__vast_grey__ar0715_100_3_23132.jpeg;https:\/\/images.novelship.com\/product\/_women__air_jordan_11_retro__vast_grey__ar0715_100_4_23132.jpeg;https:\/\/images.novelship.com\/product\/_women__air_jordan_11_retro__vast_grey__ar0715_100_5_23132.jpeg;https:\/\/images.novelship.com\/product\/_women__air_jordan_11_retro__vast_grey__ar0715_100_6_23132.jpeg;https:\/\/images.novelship.com\/product\/_women__air_jordan_11_retro__vast_grey__ar0715_100_7_23132.jpeg\" \/>\n<script type=\"application\/ld+json\" class=\"yoast-schema-graph\">{\"@context\":\"https:\/\/schema.org\",\"@graph\":[{\"@type\":\"WebPage\",\"@id\":\"https:\/\/tourcruiser.com\/fr\/products\/women-air-jordan-11-retro-vast-grey-ar0715-100\/\",\"url\":\"https:\/\/tourcruiser.com\/fr\/products\/women-air-jordan-11-retro-vast-grey-ar0715-100\/\",\"name\":\"(Women) Air Jordan 11 Retro 'Vast Grey' AR0715-100 - TOURCRUISER PTE. LTD\",\"isPartOf\":{\"@id\":\"\/#website\"},\"primaryImageOfPage\":{\"@id\":\"https:\/\/tourcruiser.com\/fr\/products\/women-air-jordan-11-retro-vast-grey-ar0715-100\/#primaryimage\"},\"image\":{\"@id\":\"https:\/\/tourcruiser.com\/fr\/products\/women-air-jordan-11-retro-vast-grey-ar0715-100\/#primaryimage\"},\"thumbnailUrl\":\"https:\/\/images.novelship.com\/product\/_women__air_jordan_11_retro__vast_grey__ar0715_100_0_23131.jpeg;https:\/\/images.novelship.com\/product\/_women__air_jordan_11_retro__vast_grey__ar0715_100_1_23131.jpeg;https:\/\/images.novelship.com\/product\/_women__air_jordan_11_retro__vast_grey__ar0715_100_2_23132.jpeg;https:\/\/images.novelship.com\/product\/_women__air_jordan_11_retro__vast_grey__ar0715_100_3_23132.jpeg;https:\/\/images.novelship.com\/product\/_women__air_jordan_11_retro__vast_grey__ar0715_100_4_23132.jpeg;https:\/\/images.novelship.com\/product\/_women__air_jordan_11_retro__vast_grey__ar0715_100_5_23132.jpeg;https:\/\/images.novelship.com\/product\/_women__air_jordan_11_retro__vast_grey__ar0715_100_6_23132.jpeg;https:\/\/images.novelship.com\/product\/_women__air_jordan_11_retro__vast_grey__ar0715_100_7_23132.jpeg\",\"datePublished\":\"2026-04-16T10:08:51+00:00\",\"dateModified\":\"2026-04-17T15:51:07+00:00\",\"breadcrumb\":{\"@id\":\"https:\/\/tourcruiser.com\/fr\/products\/women-air-jordan-11-retro-vast-grey-ar0715-100\/#breadcrumb\"},\"inLanguage\":\"fr-FR\",\"potentialAction\":[{\"@type\":\"ReadAction\",\"target\":[\"https:\/\/tourcruiser.com\/fr\/products\/women-air-jordan-11-retro-vast-grey-ar0715-100\/\"]}]},{\"@type\":\"ImageObject\",\"inLanguage\":\"fr-FR\",\"@id\":\"https:\/\/tourcruiser.com\/fr\/products\/women-air-jordan-11-retro-vast-grey-ar0715-100\/#primaryimage\",\"url\":\"https:\/\/images.novelship.com\/product\/_women__air_jordan_11_retro__vast_grey__ar0715_100_0_23131.jpeg;https:\/\/images.novelship.com\/product\/_women__air_jordan_11_retro__vast_grey__ar0715_100_1_23131.jpeg;https:\/\/images.novelship.com\/product\/_women__air_jordan_11_retro__vast_grey__ar0715_100_2_23132.jpeg;https:\/\/images.novelship.com\/product\/_women__air_jordan_11_retro__vast_grey__ar0715_100_3_23132.jpeg;https:\/\/images.novelship.com\/product\/_women__air_jordan_11_retro__vast_grey__ar0715_100_4_23132.jpeg;https:\/\/images.novelship.com\/product\/_women__air_jordan_11_retro__vast_grey__ar0715_100_5_23132.jpeg;https:\/\/images.novelship.com\/product\/_women__air_jordan_11_retro__vast_grey__ar0715_100_6_23132.jpeg;https:\/\/images.novelship.com\/product\/_women__air_jordan_11_retro__vast_grey__ar0715_100_7_23132.jpeg\",\"contentUrl\":\"https:\/\/images.novelship.com\/product\/_women__air_jordan_11_retro__vast_grey__ar0715_100_0_23131.jpeg;https:\/\/images.novelship.com\/product\/_women__air_jordan_11_retro__vast_grey__ar0715_100_1_23131.jpeg;https:\/\/images.novelship.com\/product\/_women__air_jordan_11_retro__vast_grey__ar0715_100_2_23132.jpeg;https:\/\/images.novelship.com\/product\/_women__air_jordan_11_retro__vast_grey__ar0715_100_3_23132.jpeg;https:\/\/images.novelship.com\/product\/_women__air_jordan_11_retro__vast_grey__ar0715_100_4_23132.jpeg;https:\/\/images.novelship.com\/product\/_women__air_jordan_11_retro__vast_grey__ar0715_100_5_23132.jpeg;https:\/\/images.novelship.com\/product\/_women__air_jordan_11_retro__vast_grey__ar0715_100_6_23132.jpeg;https:\/\/images.novelship.com\/product\/_women__air_jordan_11_retro__vast_grey__ar0715_100_7_23132.jpeg\"},{\"@type\":\"BreadcrumbList\",\"@id\":\"https:\/\/tourcruiser.com\/fr\/products\/women-air-jordan-11-retro-vast-grey-ar0715-100\/#breadcrumb\",\"itemListElement\":[{\"@type\":\"ListItem\",\"position\":1,\"name\":\"Home\",\"item\":\"https:\/\/tourcruiser.com\/fr\/\"},{\"@type\":\"ListItem\",\"position\":2,\"name\":\"Shop\",\"item\":\"https:\/\/tourcruiser.com\/fr\/shop\/\"},{\"@type\":\"ListItem\",\"position\":3,\"name\":\"(Women) Air Jordan 11 Retro &#8216;Vast Grey&#8217; AR0715-100\"}]},{\"@type\":\"WebSite\",\"@id\":\"\/#website\",\"url\":\"\/\",\"name\":\"Styloral Jewelry Shop\",\"description\":\"Tourcruiser Sneaker Store \u2014 L\u2019endroit o\u00f9 l\u2019univers rencontre votre singularit\u00e9.\",\"publisher\":{\"@id\":\"\/#organization\"},\"potentialAction\":[{\"@type\":\"SearchAction\",\"target\":{\"@type\":\"EntryPoint\",\"urlTemplate\":\"\/?s={search_term_string}\"},\"query-input\":{\"@type\":\"PropertyValueSpecification\",\"valueRequired\":true,\"valueName\":\"search_term_string\"}}],\"inLanguage\":\"fr-FR\"},{\"@type\":\"Organization\",\"@id\":\"\/#organization\",\"name\":\"STYLORAL PTE. LTD\",\"url\":\"\/\",\"logo\":{\"@type\":\"ImageObject\",\"inLanguage\":\"fr-FR\",\"@id\":\"\/#\/schema\/logo\/image\/\",\"url\":\"https:\/\/www.tourcruiser.com\/wp-content\/uploads\/2025\/12\/logo.png\",\"contentUrl\":\"https:\/\/www.tourcruiser.com\/wp-content\/uploads\/2025\/12\/logo.png\",\"width\":200,\"height\":65,\"caption\":\"STYLORAL PTE. LTD\"},\"image\":{\"@id\":\"\/#\/schema\/logo\/image\/\"}}]}<\/script>\n<!-- \/ Yoast SEO plugin. -->","yoast_head_json":{"title":"(Women) Air Jordan 11 Retro 'Vast Grey' AR0715-100 - TOURCRUISER PTE. LTD","robots":{"index":"index","follow":"follow","max-snippet":"max-snippet:-1","max-image-preview":"max-image-preview:large","max-video-preview":"max-video-preview:-1"},"canonical":"https:\/\/tourcruiser.com\/fr\/products\/women-air-jordan-11-retro-vast-grey-ar0715-100\/","og_locale":"fr_FR","og_type":"article","og_title":"(Women) Air Jordan 11 Retro 'Vast Grey' AR0715-100 - TOURCRUISER PTE. LTD","og_description":"Les sneakers Air Jordan 11 Retro Vast Grey (WMNS) de Jordan offrent un design tendance et \u00e9l\u00e9gant dans une teinte de gris polyvalente. Con\u00e7ues sp\u00e9cialement pour les femmes, ces sneakers compl\u00e8tent \u00e0 merveille toutes vos tenues athleisure ou d\u00e9contract\u00e9es. Arborant le logo iconique Air Jordan, elles allient style et confort optimal tout au long de [&hellip;]","og_url":"https:\/\/tourcruiser.com\/fr\/products\/women-air-jordan-11-retro-vast-grey-ar0715-100\/","og_site_name":"Tourcruiser Sneaker Store","article_modified_time":"2026-04-17T15:51:07+00:00","twitter_card":"summary_large_image","twitter_image":"https:\/\/images.novelship.com\/product\/_women__air_jordan_11_retro__vast_grey__ar0715_100_0_23131.jpeg;https:\/\/images.novelship.com\/product\/_women__air_jordan_11_retro__vast_grey__ar0715_100_1_23131.jpeg;https:\/\/images.novelship.com\/product\/_women__air_jordan_11_retro__vast_grey__ar0715_100_2_23132.jpeg;https:\/\/images.novelship.com\/product\/_women__air_jordan_11_retro__vast_grey__ar0715_100_3_23132.jpeg;https:\/\/images.novelship.com\/product\/_women__air_jordan_11_retro__vast_grey__ar0715_100_4_23132.jpeg;https:\/\/images.novelship.com\/product\/_women__air_jordan_11_retro__vast_grey__ar0715_100_5_23132.jpeg;https:\/\/images.novelship.com\/product\/_women__air_jordan_11_retro__vast_grey__ar0715_100_6_23132.jpeg;https:\/\/images.novelship.com\/product\/_women__air_jordan_11_retro__vast_grey__ar0715_100_7_23132.jpeg","schema":{"@context":"https:\/\/schema.org","@graph":[{"@type":"WebPage","@id":"https:\/\/tourcruiser.com\/fr\/products\/women-air-jordan-11-retro-vast-grey-ar0715-100\/","url":"https:\/\/tourcruiser.com\/fr\/products\/women-air-jordan-11-retro-vast-grey-ar0715-100\/","name":"(Women) Air Jordan 11 Retro 'Vast Grey' AR0715-100 - TOURCRUISER PTE. LTD","isPartOf":{"@id":"\/#website"},"primaryImageOfPage":{"@id":"https:\/\/tourcruiser.com\/fr\/products\/women-air-jordan-11-retro-vast-grey-ar0715-100\/#primaryimage"},"image":{"@id":"https:\/\/tourcruiser.com\/fr\/products\/women-air-jordan-11-retro-vast-grey-ar0715-100\/#primaryimage"},"thumbnailUrl":"https:\/\/images.novelship.com\/product\/_women__air_jordan_11_retro__vast_grey__ar0715_100_0_23131.jpeg;https:\/\/images.novelship.com\/product\/_women__air_jordan_11_retro__vast_grey__ar0715_100_1_23131.jpeg;https:\/\/images.novelship.com\/product\/_women__air_jordan_11_retro__vast_grey__ar0715_100_2_23132.jpeg;https:\/\/images.novelship.com\/product\/_women__air_jordan_11_retro__vast_grey__ar0715_100_3_23132.jpeg;https:\/\/images.novelship.com\/product\/_women__air_jordan_11_retro__vast_grey__ar0715_100_4_23132.jpeg;https:\/\/images.novelship.com\/product\/_women__air_jordan_11_retro__vast_grey__ar0715_100_5_23132.jpeg;https:\/\/images.novelship.com\/product\/_women__air_jordan_11_retro__vast_grey__ar0715_100_6_23132.jpeg;https:\/\/images.novelship.com\/product\/_women__air_jordan_11_retro__vast_grey__ar0715_100_7_23132.jpeg","datePublished":"2026-04-16T10:08:51+00:00","dateModified":"2026-04-17T15:51:07+00:00","breadcrumb":{"@id":"https:\/\/tourcruiser.com\/fr\/products\/women-air-jordan-11-retro-vast-grey-ar0715-100\/#breadcrumb"},"inLanguage":"fr-FR","potentialAction":[{"@type":"ReadAction","target":["https:\/\/tourcruiser.com\/fr\/products\/women-air-jordan-11-retro-vast-grey-ar0715-100\/"]}]},{"@type":"ImageObject","inLanguage":"fr-FR","@id":"https:\/\/tourcruiser.com\/fr\/products\/women-air-jordan-11-retro-vast-grey-ar0715-100\/#primaryimage","url":"https:\/\/images.novelship.com\/product\/_women__air_jordan_11_retro__vast_grey__ar0715_100_0_23131.jpeg;https:\/\/images.novelship.com\/product\/_women__air_jordan_11_retro__vast_grey__ar0715_100_1_23131.jpeg;https:\/\/images.novelship.com\/product\/_women__air_jordan_11_retro__vast_grey__ar0715_100_2_23132.jpeg;https:\/\/images.novelship.com\/product\/_women__air_jordan_11_retro__vast_grey__ar0715_100_3_23132.jpeg;https:\/\/images.novelship.com\/product\/_women__air_jordan_11_retro__vast_grey__ar0715_100_4_23132.jpeg;https:\/\/images.novelship.com\/product\/_women__air_jordan_11_retro__vast_grey__ar0715_100_5_23132.jpeg;https:\/\/images.novelship.com\/product\/_women__air_jordan_11_retro__vast_grey__ar0715_100_6_23132.jpeg;https:\/\/images.novelship.com\/product\/_women__air_jordan_11_retro__vast_grey__ar0715_100_7_23132.jpeg","contentUrl":"https:\/\/images.novelship.com\/product\/_women__air_jordan_11_retro__vast_grey__ar0715_100_0_23131.jpeg;https:\/\/images.novelship.com\/product\/_women__air_jordan_11_retro__vast_grey__ar0715_100_1_23131.jpeg;https:\/\/images.novelship.com\/product\/_women__air_jordan_11_retro__vast_grey__ar0715_100_2_23132.jpeg;https:\/\/images.novelship.com\/product\/_women__air_jordan_11_retro__vast_grey__ar0715_100_3_23132.jpeg;https:\/\/images.novelship.com\/product\/_women__air_jordan_11_retro__vast_grey__ar0715_100_4_23132.jpeg;https:\/\/images.novelship.com\/product\/_women__air_jordan_11_retro__vast_grey__ar0715_100_5_23132.jpeg;https:\/\/images.novelship.com\/product\/_women__air_jordan_11_retro__vast_grey__ar0715_100_6_23132.jpeg;https:\/\/images.novelship.com\/product\/_women__air_jordan_11_retro__vast_grey__ar0715_100_7_23132.jpeg"},{"@type":"BreadcrumbList","@id":"https:\/\/tourcruiser.com\/fr\/products\/women-air-jordan-11-retro-vast-grey-ar0715-100\/#breadcrumb","itemListElement":[{"@type":"ListItem","position":1,"name":"Home","item":"https:\/\/tourcruiser.com\/fr\/"},{"@type":"ListItem","position":2,"name":"Shop","item":"https:\/\/tourcruiser.com\/fr\/shop\/"},{"@type":"ListItem","position":3,"name":"(Women) Air Jordan 11 Retro &#8216;Vast Grey&#8217; AR0715-100"}]},{"@type":"WebSite","@id":"\/#website","url":"\/","name":"Styloral Jewelry Shop","description":"Tourcruiser Sneaker Store \u2014 L\u2019endroit o\u00f9 l\u2019univers rencontre votre singularit\u00e9.","publisher":{"@id":"\/#organization"},"potentialAction":[{"@type":"SearchAction","target":{"@type":"EntryPoint","urlTemplate":"\/?s={search_term_string}"},"query-input":{"@type":"PropertyValueSpecification","valueRequired":true,"valueName":"search_term_string"}}],"inLanguage":"fr-FR"},{"@type":"Organization","@id":"\/#organization","name":"STYLORAL PTE. LTD","url":"\/","logo":{"@type":"ImageObject","inLanguage":"fr-FR","@id":"\/#\/schema\/logo\/image\/","url":"https:\/\/www.tourcruiser.com\/wp-content\/uploads\/2025\/12\/logo.png","contentUrl":"https:\/\/www.tourcruiser.com\/wp-content\/uploads\/2025\/12\/logo.png","width":200,"height":65,"caption":"STYLORAL PTE. LTD"},"image":{"@id":"\/#\/schema\/logo\/image\/"}}]}},"_links":{"self":[{"href":"https:\/\/tourcruiser.com\/fr\/wp-json\/wp\/v2\/product\/760578","targetHints":{"allow":["GET"]}}],"collection":[{"href":"https:\/\/tourcruiser.com\/fr\/wp-json\/wp\/v2\/product"}],"about":[{"href":"https:\/\/tourcruiser.com\/fr\/wp-json\/wp\/v2\/types\/product"}],"replies":[{"embeddable":true,"href":"https:\/\/tourcruiser.com\/fr\/wp-json\/wp\/v2\/comments?post=760578"}],"wp:featuredmedia":[{"embeddable":true,"href":"https:\/\/tourcruiser.com\/fr\/wp-json\/wp\/v2\/media\/760579"}],"wp:attachment":[{"href":"https:\/\/tourcruiser.com\/fr\/wp-json\/wp\/v2\/media?parent=760578"}],"wp:term":[{"taxonomy":"product_brand","embeddable":true,"href":"https:\/\/tourcruiser.com\/fr\/wp-json\/wp\/v2\/product_brand?post=760578"},{"taxonomy":"product_cat","embeddable":true,"href":"https:\/\/tourcruiser.com\/fr\/wp-json\/wp\/v2\/product_cat?post=760578"},{"taxonomy":"product_tag","embeddable":true,"href":"https:\/\/tourcruiser.com\/fr\/wp-json\/wp\/v2\/product_tag?post=760578"}],"curies":[{"name":"wp","href":"https:\/\/api.w.org\/{rel}","templated":true}]}}