{"id":760569,"date":"2026-04-16T17:08:50","date_gmt":"2026-04-16T10:08:50","guid":{"rendered":"http:\/\/tourcruiser.com\/product\/air-jordan-1-high-zoom-racer-blue-ck6637-104"},"modified":"2026-04-17T22:51:06","modified_gmt":"2026-04-17T15:51:06","slug":"air-jordan-1-high-zoom-racer-blue-ck6637-104","status":"publish","type":"product","link":"https:\/\/tourcruiser.com\/fr\/products\/air-jordan-1-high-zoom-racer-blue-ck6637-104\/","title":{"rendered":"Air Jordan 1 High Zoom &lsquo;Racer Blue&rsquo; CK6637-104"},"content":{"rendered":"<p>La Air Jordan 1 High Zoom Racer Blue de Jordan est une sneaker \u00e9l\u00e9gante qui allie confort et performance. Avec son design \u00e9pur\u00e9 et ses touches de bleu racing, cette chaussure est id\u00e9ale pour ceux qui veulent se d\u00e9marquer. Le coloris blanc lui conf\u00e8re une allure classique et intemporelle. Que vous soyez fan de la marque Jordan ou simplement \u00e0 la recherche d&rsquo;une nouvelle paire de sneakers, la Air Jordan 1 High Zoom Racer Blue est un incontournable.<\/p>\n<p>Coloris : Blanc\/Bleu Racer\/Blanc<\/p>\n<p>Code article : CK6637-104<\/p>\n<p>Tige : Cuir verni<\/p>\n<p>Semelle interm\u00e9diaire : Air<\/p>\n<p>Couleur : Blanc<\/p>\n<p>Designer : Peter Moore<\/p>\n<p>Saison : Printemps<\/p>\n<p>Ann\u00e9e de sortie : 2020<\/p>\n<p>\u00c2ge : Adulte<\/p>\n<p>Couleur : Blanc<\/p>\n<p>Genre : Homme<\/p>\n","protected":false},"excerpt":{"rendered":"<p>La Air Jordan 1 High Zoom Racer Blue de Jordan est une sneaker \u00e9l\u00e9gante qui allie confort et performance. Avec son design \u00e9pur\u00e9 et ses touches de bleu racing, cette chaussure est id\u00e9ale pour ceux qui veulent se d\u00e9marquer. Le coloris blanc lui conf\u00e8re une allure classique et intemporelle. Que vous soyez fan de la [&hellip;]<\/p>\n","protected":false},"featured_media":760570,"comment_status":"open","ping_status":"closed","template":"","meta":[],"product_brand":[],"product_cat":[38880],"product_tag":[10750,10800,38841,38842,10776,11349,38875,38886,10756],"class_list":{"0":"post-760569","1":"product","2":"type-product","3":"status-publish","4":"has-post-thumbnail","6":"product_cat-jordan","7":"product_tag-athleisure-shoes","8":"product_tag-basketball-shoes","9":"product_tag-casual-shoes","10":"product_tag-gift-idea-for-him","11":"product_tag-jordan","12":"product_tag-jordan-basketball-shoes","13":"product_tag-jordan-skateboard-shoes","14":"product_tag-lifestyle-shoes-inspired-by-basketball","15":"product_tag-retro-casual-shoes","17":"first","18":"instock","19":"taxable","20":"shipping-taxable","21":"purchasable","22":"product-type-simple"},"wcpa_form_fields":null,"yoast_head":"<!-- This site is optimized with the Yoast SEO plugin v26.5 - https:\/\/yoast.com\/wordpress\/plugins\/seo\/ -->\n<title>Air Jordan 1 High Zoom &#039;Racer Blue&#039; CK6637-104 - TOURCRUISER PTE. LTD<\/title>\n<meta name=\"robots\" content=\"index, follow, max-snippet:-1, max-image-preview:large, max-video-preview:-1\" \/>\n<link rel=\"canonical\" href=\"https:\/\/tourcruiser.com\/fr\/products\/air-jordan-1-high-zoom-racer-blue-ck6637-104\/\" \/>\n<meta property=\"og:locale\" content=\"fr_FR\" \/>\n<meta property=\"og:type\" content=\"article\" \/>\n<meta property=\"og:title\" content=\"Air Jordan 1 High Zoom &#039;Racer Blue&#039; CK6637-104 - TOURCRUISER PTE. LTD\" \/>\n<meta property=\"og:description\" content=\"La Air Jordan 1 High Zoom Racer Blue de Jordan est une sneaker \u00e9l\u00e9gante qui allie confort et performance. Avec son design \u00e9pur\u00e9 et ses touches de bleu racing, cette chaussure est id\u00e9ale pour ceux qui veulent se d\u00e9marquer. Le coloris blanc lui conf\u00e8re une allure classique et intemporelle. Que vous soyez fan de la [&hellip;]\" \/>\n<meta property=\"og:url\" content=\"https:\/\/tourcruiser.com\/fr\/products\/air-jordan-1-high-zoom-racer-blue-ck6637-104\/\" \/>\n<meta property=\"og:site_name\" content=\"Tourcruiser Sneaker Store\" \/>\n<meta property=\"article:modified_time\" content=\"2026-04-17T15:51:06+00:00\" \/>\n<meta name=\"twitter:card\" content=\"summary_large_image\" \/>\n<meta name=\"twitter:image\" content=\"https:\/\/images.novelship.com\/product\/air_jordan_1_high_zoom__racer_blue__ck6637_104_0_10832.jpeg;https:\/\/images.novelship.com\/product\/air_jordan_1_high_zoom__racer_blue__ck6637_104_1_10832.jpeg;https:\/\/images.novelship.com\/product\/air_jordan_1_high_zoom__racer_blue__ck6637_104_2_10832.jpeg;https:\/\/images.novelship.com\/product\/air_jordan_1_high_zoom__racer_blue__ck6637_104_3_10832.jpeg;https:\/\/images.novelship.com\/product\/air_jordan_1_high_zoom__racer_blue__ck6637_104_4_10832.jpeg;https:\/\/images.novelship.com\/product\/air_jordan_1_high_zoom__racer_blue__ck6637_104_5_10832.jpeg;https:\/\/images.novelship.com\/product\/air_jordan_1_high_zoom__racer_blue__ck6637_104_6_10832.jpeg;https:\/\/images.novelship.com\/product\/air_jordan_1_high_zoom__racer_blue__ck6637_104_7_10832.jpeg\" \/>\n<meta name=\"twitter:label1\" content=\"Dur\u00e9e de lecture estim\u00e9e\" \/>\n\t<meta name=\"twitter:data1\" content=\"1 minute\" \/>\n<script type=\"application\/ld+json\" class=\"yoast-schema-graph\">{\"@context\":\"https:\/\/schema.org\",\"@graph\":[{\"@type\":\"WebPage\",\"@id\":\"https:\/\/tourcruiser.com\/fr\/products\/air-jordan-1-high-zoom-racer-blue-ck6637-104\/\",\"url\":\"https:\/\/tourcruiser.com\/fr\/products\/air-jordan-1-high-zoom-racer-blue-ck6637-104\/\",\"name\":\"Air Jordan 1 High Zoom 'Racer Blue' CK6637-104 - TOURCRUISER PTE. LTD\",\"isPartOf\":{\"@id\":\"\/#website\"},\"primaryImageOfPage\":{\"@id\":\"https:\/\/tourcruiser.com\/fr\/products\/air-jordan-1-high-zoom-racer-blue-ck6637-104\/#primaryimage\"},\"image\":{\"@id\":\"https:\/\/tourcruiser.com\/fr\/products\/air-jordan-1-high-zoom-racer-blue-ck6637-104\/#primaryimage\"},\"thumbnailUrl\":\"https:\/\/images.novelship.com\/product\/air_jordan_1_high_zoom__racer_blue__ck6637_104_0_10832.jpeg;https:\/\/images.novelship.com\/product\/air_jordan_1_high_zoom__racer_blue__ck6637_104_1_10832.jpeg;https:\/\/images.novelship.com\/product\/air_jordan_1_high_zoom__racer_blue__ck6637_104_2_10832.jpeg;https:\/\/images.novelship.com\/product\/air_jordan_1_high_zoom__racer_blue__ck6637_104_3_10832.jpeg;https:\/\/images.novelship.com\/product\/air_jordan_1_high_zoom__racer_blue__ck6637_104_4_10832.jpeg;https:\/\/images.novelship.com\/product\/air_jordan_1_high_zoom__racer_blue__ck6637_104_5_10832.jpeg;https:\/\/images.novelship.com\/product\/air_jordan_1_high_zoom__racer_blue__ck6637_104_6_10832.jpeg;https:\/\/images.novelship.com\/product\/air_jordan_1_high_zoom__racer_blue__ck6637_104_7_10832.jpeg\",\"datePublished\":\"2026-04-16T10:08:50+00:00\",\"dateModified\":\"2026-04-17T15:51:06+00:00\",\"breadcrumb\":{\"@id\":\"https:\/\/tourcruiser.com\/fr\/products\/air-jordan-1-high-zoom-racer-blue-ck6637-104\/#breadcrumb\"},\"inLanguage\":\"fr-FR\",\"potentialAction\":[{\"@type\":\"ReadAction\",\"target\":[\"https:\/\/tourcruiser.com\/fr\/products\/air-jordan-1-high-zoom-racer-blue-ck6637-104\/\"]}]},{\"@type\":\"ImageObject\",\"inLanguage\":\"fr-FR\",\"@id\":\"https:\/\/tourcruiser.com\/fr\/products\/air-jordan-1-high-zoom-racer-blue-ck6637-104\/#primaryimage\",\"url\":\"https:\/\/images.novelship.com\/product\/air_jordan_1_high_zoom__racer_blue__ck6637_104_0_10832.jpeg;https:\/\/images.novelship.com\/product\/air_jordan_1_high_zoom__racer_blue__ck6637_104_1_10832.jpeg;https:\/\/images.novelship.com\/product\/air_jordan_1_high_zoom__racer_blue__ck6637_104_2_10832.jpeg;https:\/\/images.novelship.com\/product\/air_jordan_1_high_zoom__racer_blue__ck6637_104_3_10832.jpeg;https:\/\/images.novelship.com\/product\/air_jordan_1_high_zoom__racer_blue__ck6637_104_4_10832.jpeg;https:\/\/images.novelship.com\/product\/air_jordan_1_high_zoom__racer_blue__ck6637_104_5_10832.jpeg;https:\/\/images.novelship.com\/product\/air_jordan_1_high_zoom__racer_blue__ck6637_104_6_10832.jpeg;https:\/\/images.novelship.com\/product\/air_jordan_1_high_zoom__racer_blue__ck6637_104_7_10832.jpeg\",\"contentUrl\":\"https:\/\/images.novelship.com\/product\/air_jordan_1_high_zoom__racer_blue__ck6637_104_0_10832.jpeg;https:\/\/images.novelship.com\/product\/air_jordan_1_high_zoom__racer_blue__ck6637_104_1_10832.jpeg;https:\/\/images.novelship.com\/product\/air_jordan_1_high_zoom__racer_blue__ck6637_104_2_10832.jpeg;https:\/\/images.novelship.com\/product\/air_jordan_1_high_zoom__racer_blue__ck6637_104_3_10832.jpeg;https:\/\/images.novelship.com\/product\/air_jordan_1_high_zoom__racer_blue__ck6637_104_4_10832.jpeg;https:\/\/images.novelship.com\/product\/air_jordan_1_high_zoom__racer_blue__ck6637_104_5_10832.jpeg;https:\/\/images.novelship.com\/product\/air_jordan_1_high_zoom__racer_blue__ck6637_104_6_10832.jpeg;https:\/\/images.novelship.com\/product\/air_jordan_1_high_zoom__racer_blue__ck6637_104_7_10832.jpeg\"},{\"@type\":\"BreadcrumbList\",\"@id\":\"https:\/\/tourcruiser.com\/fr\/products\/air-jordan-1-high-zoom-racer-blue-ck6637-104\/#breadcrumb\",\"itemListElement\":[{\"@type\":\"ListItem\",\"position\":1,\"name\":\"Home\",\"item\":\"https:\/\/tourcruiser.com\/fr\/\"},{\"@type\":\"ListItem\",\"position\":2,\"name\":\"Shop\",\"item\":\"https:\/\/tourcruiser.com\/fr\/shop\/\"},{\"@type\":\"ListItem\",\"position\":3,\"name\":\"Air Jordan 1 High Zoom &#8216;Racer Blue&#8217; CK6637-104\"}]},{\"@type\":\"WebSite\",\"@id\":\"\/#website\",\"url\":\"\/\",\"name\":\"Styloral Jewelry Shop\",\"description\":\"Tourcruiser Sneaker Store \u2014 L\u2019endroit o\u00f9 l\u2019univers rencontre votre singularit\u00e9.\",\"publisher\":{\"@id\":\"\/#organization\"},\"potentialAction\":[{\"@type\":\"SearchAction\",\"target\":{\"@type\":\"EntryPoint\",\"urlTemplate\":\"\/?s={search_term_string}\"},\"query-input\":{\"@type\":\"PropertyValueSpecification\",\"valueRequired\":true,\"valueName\":\"search_term_string\"}}],\"inLanguage\":\"fr-FR\"},{\"@type\":\"Organization\",\"@id\":\"\/#organization\",\"name\":\"STYLORAL PTE. LTD\",\"url\":\"\/\",\"logo\":{\"@type\":\"ImageObject\",\"inLanguage\":\"fr-FR\",\"@id\":\"\/#\/schema\/logo\/image\/\",\"url\":\"https:\/\/www.tourcruiser.com\/wp-content\/uploads\/2025\/12\/logo.png\",\"contentUrl\":\"https:\/\/www.tourcruiser.com\/wp-content\/uploads\/2025\/12\/logo.png\",\"width\":200,\"height\":65,\"caption\":\"STYLORAL PTE. LTD\"},\"image\":{\"@id\":\"\/#\/schema\/logo\/image\/\"}}]}<\/script>\n<!-- \/ Yoast SEO plugin. -->","yoast_head_json":{"title":"Air Jordan 1 High Zoom 'Racer Blue' CK6637-104 - TOURCRUISER PTE. LTD","robots":{"index":"index","follow":"follow","max-snippet":"max-snippet:-1","max-image-preview":"max-image-preview:large","max-video-preview":"max-video-preview:-1"},"canonical":"https:\/\/tourcruiser.com\/fr\/products\/air-jordan-1-high-zoom-racer-blue-ck6637-104\/","og_locale":"fr_FR","og_type":"article","og_title":"Air Jordan 1 High Zoom 'Racer Blue' CK6637-104 - TOURCRUISER PTE. LTD","og_description":"La Air Jordan 1 High Zoom Racer Blue de Jordan est une sneaker \u00e9l\u00e9gante qui allie confort et performance. Avec son design \u00e9pur\u00e9 et ses touches de bleu racing, cette chaussure est id\u00e9ale pour ceux qui veulent se d\u00e9marquer. Le coloris blanc lui conf\u00e8re une allure classique et intemporelle. Que vous soyez fan de la [&hellip;]","og_url":"https:\/\/tourcruiser.com\/fr\/products\/air-jordan-1-high-zoom-racer-blue-ck6637-104\/","og_site_name":"Tourcruiser Sneaker Store","article_modified_time":"2026-04-17T15:51:06+00:00","twitter_card":"summary_large_image","twitter_image":"https:\/\/images.novelship.com\/product\/air_jordan_1_high_zoom__racer_blue__ck6637_104_0_10832.jpeg;https:\/\/images.novelship.com\/product\/air_jordan_1_high_zoom__racer_blue__ck6637_104_1_10832.jpeg;https:\/\/images.novelship.com\/product\/air_jordan_1_high_zoom__racer_blue__ck6637_104_2_10832.jpeg;https:\/\/images.novelship.com\/product\/air_jordan_1_high_zoom__racer_blue__ck6637_104_3_10832.jpeg;https:\/\/images.novelship.com\/product\/air_jordan_1_high_zoom__racer_blue__ck6637_104_4_10832.jpeg;https:\/\/images.novelship.com\/product\/air_jordan_1_high_zoom__racer_blue__ck6637_104_5_10832.jpeg;https:\/\/images.novelship.com\/product\/air_jordan_1_high_zoom__racer_blue__ck6637_104_6_10832.jpeg;https:\/\/images.novelship.com\/product\/air_jordan_1_high_zoom__racer_blue__ck6637_104_7_10832.jpeg","twitter_misc":{"Dur\u00e9e de lecture estim\u00e9e":"1 minute"},"schema":{"@context":"https:\/\/schema.org","@graph":[{"@type":"WebPage","@id":"https:\/\/tourcruiser.com\/fr\/products\/air-jordan-1-high-zoom-racer-blue-ck6637-104\/","url":"https:\/\/tourcruiser.com\/fr\/products\/air-jordan-1-high-zoom-racer-blue-ck6637-104\/","name":"Air Jordan 1 High Zoom 'Racer Blue' CK6637-104 - TOURCRUISER PTE. LTD","isPartOf":{"@id":"\/#website"},"primaryImageOfPage":{"@id":"https:\/\/tourcruiser.com\/fr\/products\/air-jordan-1-high-zoom-racer-blue-ck6637-104\/#primaryimage"},"image":{"@id":"https:\/\/tourcruiser.com\/fr\/products\/air-jordan-1-high-zoom-racer-blue-ck6637-104\/#primaryimage"},"thumbnailUrl":"https:\/\/images.novelship.com\/product\/air_jordan_1_high_zoom__racer_blue__ck6637_104_0_10832.jpeg;https:\/\/images.novelship.com\/product\/air_jordan_1_high_zoom__racer_blue__ck6637_104_1_10832.jpeg;https:\/\/images.novelship.com\/product\/air_jordan_1_high_zoom__racer_blue__ck6637_104_2_10832.jpeg;https:\/\/images.novelship.com\/product\/air_jordan_1_high_zoom__racer_blue__ck6637_104_3_10832.jpeg;https:\/\/images.novelship.com\/product\/air_jordan_1_high_zoom__racer_blue__ck6637_104_4_10832.jpeg;https:\/\/images.novelship.com\/product\/air_jordan_1_high_zoom__racer_blue__ck6637_104_5_10832.jpeg;https:\/\/images.novelship.com\/product\/air_jordan_1_high_zoom__racer_blue__ck6637_104_6_10832.jpeg;https:\/\/images.novelship.com\/product\/air_jordan_1_high_zoom__racer_blue__ck6637_104_7_10832.jpeg","datePublished":"2026-04-16T10:08:50+00:00","dateModified":"2026-04-17T15:51:06+00:00","breadcrumb":{"@id":"https:\/\/tourcruiser.com\/fr\/products\/air-jordan-1-high-zoom-racer-blue-ck6637-104\/#breadcrumb"},"inLanguage":"fr-FR","potentialAction":[{"@type":"ReadAction","target":["https:\/\/tourcruiser.com\/fr\/products\/air-jordan-1-high-zoom-racer-blue-ck6637-104\/"]}]},{"@type":"ImageObject","inLanguage":"fr-FR","@id":"https:\/\/tourcruiser.com\/fr\/products\/air-jordan-1-high-zoom-racer-blue-ck6637-104\/#primaryimage","url":"https:\/\/images.novelship.com\/product\/air_jordan_1_high_zoom__racer_blue__ck6637_104_0_10832.jpeg;https:\/\/images.novelship.com\/product\/air_jordan_1_high_zoom__racer_blue__ck6637_104_1_10832.jpeg;https:\/\/images.novelship.com\/product\/air_jordan_1_high_zoom__racer_blue__ck6637_104_2_10832.jpeg;https:\/\/images.novelship.com\/product\/air_jordan_1_high_zoom__racer_blue__ck6637_104_3_10832.jpeg;https:\/\/images.novelship.com\/product\/air_jordan_1_high_zoom__racer_blue__ck6637_104_4_10832.jpeg;https:\/\/images.novelship.com\/product\/air_jordan_1_high_zoom__racer_blue__ck6637_104_5_10832.jpeg;https:\/\/images.novelship.com\/product\/air_jordan_1_high_zoom__racer_blue__ck6637_104_6_10832.jpeg;https:\/\/images.novelship.com\/product\/air_jordan_1_high_zoom__racer_blue__ck6637_104_7_10832.jpeg","contentUrl":"https:\/\/images.novelship.com\/product\/air_jordan_1_high_zoom__racer_blue__ck6637_104_0_10832.jpeg;https:\/\/images.novelship.com\/product\/air_jordan_1_high_zoom__racer_blue__ck6637_104_1_10832.jpeg;https:\/\/images.novelship.com\/product\/air_jordan_1_high_zoom__racer_blue__ck6637_104_2_10832.jpeg;https:\/\/images.novelship.com\/product\/air_jordan_1_high_zoom__racer_blue__ck6637_104_3_10832.jpeg;https:\/\/images.novelship.com\/product\/air_jordan_1_high_zoom__racer_blue__ck6637_104_4_10832.jpeg;https:\/\/images.novelship.com\/product\/air_jordan_1_high_zoom__racer_blue__ck6637_104_5_10832.jpeg;https:\/\/images.novelship.com\/product\/air_jordan_1_high_zoom__racer_blue__ck6637_104_6_10832.jpeg;https:\/\/images.novelship.com\/product\/air_jordan_1_high_zoom__racer_blue__ck6637_104_7_10832.jpeg"},{"@type":"BreadcrumbList","@id":"https:\/\/tourcruiser.com\/fr\/products\/air-jordan-1-high-zoom-racer-blue-ck6637-104\/#breadcrumb","itemListElement":[{"@type":"ListItem","position":1,"name":"Home","item":"https:\/\/tourcruiser.com\/fr\/"},{"@type":"ListItem","position":2,"name":"Shop","item":"https:\/\/tourcruiser.com\/fr\/shop\/"},{"@type":"ListItem","position":3,"name":"Air Jordan 1 High Zoom &#8216;Racer Blue&#8217; CK6637-104"}]},{"@type":"WebSite","@id":"\/#website","url":"\/","name":"Styloral Jewelry Shop","description":"Tourcruiser Sneaker Store \u2014 L\u2019endroit o\u00f9 l\u2019univers rencontre votre singularit\u00e9.","publisher":{"@id":"\/#organization"},"potentialAction":[{"@type":"SearchAction","target":{"@type":"EntryPoint","urlTemplate":"\/?s={search_term_string}"},"query-input":{"@type":"PropertyValueSpecification","valueRequired":true,"valueName":"search_term_string"}}],"inLanguage":"fr-FR"},{"@type":"Organization","@id":"\/#organization","name":"STYLORAL PTE. LTD","url":"\/","logo":{"@type":"ImageObject","inLanguage":"fr-FR","@id":"\/#\/schema\/logo\/image\/","url":"https:\/\/www.tourcruiser.com\/wp-content\/uploads\/2025\/12\/logo.png","contentUrl":"https:\/\/www.tourcruiser.com\/wp-content\/uploads\/2025\/12\/logo.png","width":200,"height":65,"caption":"STYLORAL PTE. LTD"},"image":{"@id":"\/#\/schema\/logo\/image\/"}}]}},"_links":{"self":[{"href":"https:\/\/tourcruiser.com\/fr\/wp-json\/wp\/v2\/product\/760569","targetHints":{"allow":["GET"]}}],"collection":[{"href":"https:\/\/tourcruiser.com\/fr\/wp-json\/wp\/v2\/product"}],"about":[{"href":"https:\/\/tourcruiser.com\/fr\/wp-json\/wp\/v2\/types\/product"}],"replies":[{"embeddable":true,"href":"https:\/\/tourcruiser.com\/fr\/wp-json\/wp\/v2\/comments?post=760569"}],"wp:featuredmedia":[{"embeddable":true,"href":"https:\/\/tourcruiser.com\/fr\/wp-json\/wp\/v2\/media\/760570"}],"wp:attachment":[{"href":"https:\/\/tourcruiser.com\/fr\/wp-json\/wp\/v2\/media?parent=760569"}],"wp:term":[{"taxonomy":"product_brand","embeddable":true,"href":"https:\/\/tourcruiser.com\/fr\/wp-json\/wp\/v2\/product_brand?post=760569"},{"taxonomy":"product_cat","embeddable":true,"href":"https:\/\/tourcruiser.com\/fr\/wp-json\/wp\/v2\/product_cat?post=760569"},{"taxonomy":"product_tag","embeddable":true,"href":"https:\/\/tourcruiser.com\/fr\/wp-json\/wp\/v2\/product_tag?post=760569"}],"curies":[{"name":"wp","href":"https:\/\/api.w.org\/{rel}","templated":true}]}}