{"id":760560,"date":"2026-04-16T17:08:50","date_gmt":"2026-04-16T10:08:50","guid":{"rendered":"http:\/\/tourcruiser.com\/product\/air-jordan-1-low-royal-toe-cq9446-400"},"modified":"2026-04-17T22:51:06","modified_gmt":"2026-04-17T15:51:06","slug":"air-jordan-1-low-royal-toe-cq9446-400","status":"publish","type":"product","link":"https:\/\/tourcruiser.com\/fr\/products\/air-jordan-1-low-royal-toe-cq9446-400\/","title":{"rendered":"Air Jordan 1 Low &lsquo;Royal Toe&rsquo; CQ9446-400"},"content":{"rendered":"<p>La Air Jordan 1 Low Royal Toe de Jordan est une sneaker \u00e9l\u00e9gante de couleur bleue. Avec son design iconique et son confort optimal, elle est id\u00e9ale pour le sport et les loisirs. La Air Jordan 1 Low Royal Toe vous permet de rester tendance tout en profitant d&rsquo;un confort exceptionnel.<\/p>\n<p>Couleur : Bleu roi\/Blanc-Noir<\/p>\n<p>Code article : CQ9446-400<\/p>\n<p>Tige : Cuir<\/p>\n<p>Semelle interm\u00e9diaire : Air<\/p>\n<p>Couleur : Noir<\/p>\n<p>Designer : Peter Moore<\/p>\n<p>Saison : \u00c9t\u00e9<\/p>\n<p>Ann\u00e9e de sortie : 2019<\/p>\n<p>\u00c2ge : Adulte<\/p>\n<p>Couleur : Noir<\/p>\n<p>Genre : Homme<\/p>\n","protected":false},"excerpt":{"rendered":"<p>La Air Jordan 1 Low Royal Toe de Jordan est une sneaker \u00e9l\u00e9gante de couleur bleue. Avec son design iconique et son confort optimal, elle est id\u00e9ale pour le sport et les loisirs. La Air Jordan 1 Low Royal Toe vous permet de rester tendance tout en profitant d&rsquo;un confort exceptionnel. Couleur : Bleu roi\/Blanc-Noir [&hellip;]<\/p>\n","protected":false},"featured_media":760561,"comment_status":"open","ping_status":"closed","template":"","meta":[],"product_brand":[],"product_cat":[38880],"product_tag":[10750,10800,38841,38842,10776,11349,38875,38886,10756],"class_list":{"0":"post-760560","1":"product","2":"type-product","3":"status-publish","4":"has-post-thumbnail","6":"product_cat-jordan","7":"product_tag-athleisure-shoes","8":"product_tag-basketball-shoes","9":"product_tag-casual-shoes","10":"product_tag-gift-idea-for-him","11":"product_tag-jordan","12":"product_tag-jordan-basketball-shoes","13":"product_tag-jordan-skateboard-shoes","14":"product_tag-lifestyle-shoes-inspired-by-basketball","15":"product_tag-retro-casual-shoes","17":"first","18":"instock","19":"taxable","20":"shipping-taxable","21":"purchasable","22":"product-type-simple"},"wcpa_form_fields":null,"yoast_head":"<!-- This site is optimized with the Yoast SEO plugin v26.5 - https:\/\/yoast.com\/wordpress\/plugins\/seo\/ -->\n<title>Air Jordan 1 Low &#039;Royal Toe&#039; CQ9446-400 - TOURCRUISER PTE. LTD<\/title>\n<meta name=\"robots\" content=\"index, follow, max-snippet:-1, max-image-preview:large, max-video-preview:-1\" \/>\n<link rel=\"canonical\" href=\"https:\/\/tourcruiser.com\/fr\/products\/air-jordan-1-low-royal-toe-cq9446-400\/\" \/>\n<meta property=\"og:locale\" content=\"fr_FR\" \/>\n<meta property=\"og:type\" content=\"article\" \/>\n<meta property=\"og:title\" content=\"Air Jordan 1 Low &#039;Royal Toe&#039; CQ9446-400 - TOURCRUISER PTE. LTD\" \/>\n<meta property=\"og:description\" content=\"La Air Jordan 1 Low Royal Toe de Jordan est une sneaker \u00e9l\u00e9gante de couleur bleue. Avec son design iconique et son confort optimal, elle est id\u00e9ale pour le sport et les loisirs. La Air Jordan 1 Low Royal Toe vous permet de rester tendance tout en profitant d&rsquo;un confort exceptionnel. Couleur : Bleu roi\/Blanc-Noir [&hellip;]\" \/>\n<meta property=\"og:url\" content=\"https:\/\/tourcruiser.com\/fr\/products\/air-jordan-1-low-royal-toe-cq9446-400\/\" \/>\n<meta property=\"og:site_name\" content=\"Tourcruiser Sneaker Store\" \/>\n<meta property=\"article:modified_time\" content=\"2026-04-17T15:51:06+00:00\" \/>\n<meta name=\"twitter:card\" content=\"summary_large_image\" \/>\n<meta name=\"twitter:image\" content=\"https:\/\/images.novelship.com\/product\/air_jordan_1_low__royal_toe__cq9446_400_0_18640.jpeg;https:\/\/images.novelship.com\/product\/air_jordan_1_low__royal_toe__cq9446_400_1_18640.jpeg;https:\/\/images.novelship.com\/product\/air_jordan_1_low__royal_toe__cq9446_400_2_18640.jpeg;https:\/\/images.novelship.com\/product\/air_jordan_1_low__royal_toe__cq9446_400_3_18640.jpeg;https:\/\/images.novelship.com\/product\/air_jordan_1_low__royal_toe__cq9446_400_4_18640.jpeg;https:\/\/images.novelship.com\/product\/air_jordan_1_low__royal_toe__cq9446_400_5_18640.jpeg;https:\/\/images.novelship.com\/product\/air_jordan_1_low__royal_toe__cq9446_400_6_18640.jpeg;https:\/\/images.novelship.com\/product\/air_jordan_1_low__royal_toe__cq9446_400_7_18640.jpeg\" \/>\n<script type=\"application\/ld+json\" class=\"yoast-schema-graph\">{\"@context\":\"https:\/\/schema.org\",\"@graph\":[{\"@type\":\"WebPage\",\"@id\":\"https:\/\/tourcruiser.com\/fr\/products\/air-jordan-1-low-royal-toe-cq9446-400\/\",\"url\":\"https:\/\/tourcruiser.com\/fr\/products\/air-jordan-1-low-royal-toe-cq9446-400\/\",\"name\":\"Air Jordan 1 Low 'Royal Toe' CQ9446-400 - TOURCRUISER PTE. LTD\",\"isPartOf\":{\"@id\":\"\/#website\"},\"primaryImageOfPage\":{\"@id\":\"https:\/\/tourcruiser.com\/fr\/products\/air-jordan-1-low-royal-toe-cq9446-400\/#primaryimage\"},\"image\":{\"@id\":\"https:\/\/tourcruiser.com\/fr\/products\/air-jordan-1-low-royal-toe-cq9446-400\/#primaryimage\"},\"thumbnailUrl\":\"https:\/\/images.novelship.com\/product\/air_jordan_1_low__royal_toe__cq9446_400_0_18640.jpeg;https:\/\/images.novelship.com\/product\/air_jordan_1_low__royal_toe__cq9446_400_1_18640.jpeg;https:\/\/images.novelship.com\/product\/air_jordan_1_low__royal_toe__cq9446_400_2_18640.jpeg;https:\/\/images.novelship.com\/product\/air_jordan_1_low__royal_toe__cq9446_400_3_18640.jpeg;https:\/\/images.novelship.com\/product\/air_jordan_1_low__royal_toe__cq9446_400_4_18640.jpeg;https:\/\/images.novelship.com\/product\/air_jordan_1_low__royal_toe__cq9446_400_5_18640.jpeg;https:\/\/images.novelship.com\/product\/air_jordan_1_low__royal_toe__cq9446_400_6_18640.jpeg;https:\/\/images.novelship.com\/product\/air_jordan_1_low__royal_toe__cq9446_400_7_18640.jpeg\",\"datePublished\":\"2026-04-16T10:08:50+00:00\",\"dateModified\":\"2026-04-17T15:51:06+00:00\",\"breadcrumb\":{\"@id\":\"https:\/\/tourcruiser.com\/fr\/products\/air-jordan-1-low-royal-toe-cq9446-400\/#breadcrumb\"},\"inLanguage\":\"fr-FR\",\"potentialAction\":[{\"@type\":\"ReadAction\",\"target\":[\"https:\/\/tourcruiser.com\/fr\/products\/air-jordan-1-low-royal-toe-cq9446-400\/\"]}]},{\"@type\":\"ImageObject\",\"inLanguage\":\"fr-FR\",\"@id\":\"https:\/\/tourcruiser.com\/fr\/products\/air-jordan-1-low-royal-toe-cq9446-400\/#primaryimage\",\"url\":\"https:\/\/images.novelship.com\/product\/air_jordan_1_low__royal_toe__cq9446_400_0_18640.jpeg;https:\/\/images.novelship.com\/product\/air_jordan_1_low__royal_toe__cq9446_400_1_18640.jpeg;https:\/\/images.novelship.com\/product\/air_jordan_1_low__royal_toe__cq9446_400_2_18640.jpeg;https:\/\/images.novelship.com\/product\/air_jordan_1_low__royal_toe__cq9446_400_3_18640.jpeg;https:\/\/images.novelship.com\/product\/air_jordan_1_low__royal_toe__cq9446_400_4_18640.jpeg;https:\/\/images.novelship.com\/product\/air_jordan_1_low__royal_toe__cq9446_400_5_18640.jpeg;https:\/\/images.novelship.com\/product\/air_jordan_1_low__royal_toe__cq9446_400_6_18640.jpeg;https:\/\/images.novelship.com\/product\/air_jordan_1_low__royal_toe__cq9446_400_7_18640.jpeg\",\"contentUrl\":\"https:\/\/images.novelship.com\/product\/air_jordan_1_low__royal_toe__cq9446_400_0_18640.jpeg;https:\/\/images.novelship.com\/product\/air_jordan_1_low__royal_toe__cq9446_400_1_18640.jpeg;https:\/\/images.novelship.com\/product\/air_jordan_1_low__royal_toe__cq9446_400_2_18640.jpeg;https:\/\/images.novelship.com\/product\/air_jordan_1_low__royal_toe__cq9446_400_3_18640.jpeg;https:\/\/images.novelship.com\/product\/air_jordan_1_low__royal_toe__cq9446_400_4_18640.jpeg;https:\/\/images.novelship.com\/product\/air_jordan_1_low__royal_toe__cq9446_400_5_18640.jpeg;https:\/\/images.novelship.com\/product\/air_jordan_1_low__royal_toe__cq9446_400_6_18640.jpeg;https:\/\/images.novelship.com\/product\/air_jordan_1_low__royal_toe__cq9446_400_7_18640.jpeg\"},{\"@type\":\"BreadcrumbList\",\"@id\":\"https:\/\/tourcruiser.com\/fr\/products\/air-jordan-1-low-royal-toe-cq9446-400\/#breadcrumb\",\"itemListElement\":[{\"@type\":\"ListItem\",\"position\":1,\"name\":\"Home\",\"item\":\"https:\/\/tourcruiser.com\/fr\/\"},{\"@type\":\"ListItem\",\"position\":2,\"name\":\"Shop\",\"item\":\"https:\/\/tourcruiser.com\/fr\/shop\/\"},{\"@type\":\"ListItem\",\"position\":3,\"name\":\"Air Jordan 1 Low &#8216;Royal Toe&#8217; CQ9446-400\"}]},{\"@type\":\"WebSite\",\"@id\":\"\/#website\",\"url\":\"\/\",\"name\":\"Styloral Jewelry Shop\",\"description\":\"Tourcruiser Sneaker Store \u2014 L\u2019endroit o\u00f9 l\u2019univers rencontre votre singularit\u00e9.\",\"publisher\":{\"@id\":\"\/#organization\"},\"potentialAction\":[{\"@type\":\"SearchAction\",\"target\":{\"@type\":\"EntryPoint\",\"urlTemplate\":\"\/?s={search_term_string}\"},\"query-input\":{\"@type\":\"PropertyValueSpecification\",\"valueRequired\":true,\"valueName\":\"search_term_string\"}}],\"inLanguage\":\"fr-FR\"},{\"@type\":\"Organization\",\"@id\":\"\/#organization\",\"name\":\"STYLORAL PTE. LTD\",\"url\":\"\/\",\"logo\":{\"@type\":\"ImageObject\",\"inLanguage\":\"fr-FR\",\"@id\":\"\/#\/schema\/logo\/image\/\",\"url\":\"https:\/\/www.tourcruiser.com\/wp-content\/uploads\/2025\/12\/logo.png\",\"contentUrl\":\"https:\/\/www.tourcruiser.com\/wp-content\/uploads\/2025\/12\/logo.png\",\"width\":200,\"height\":65,\"caption\":\"STYLORAL PTE. LTD\"},\"image\":{\"@id\":\"\/#\/schema\/logo\/image\/\"}}]}<\/script>\n<!-- \/ Yoast SEO plugin. -->","yoast_head_json":{"title":"Air Jordan 1 Low 'Royal Toe' CQ9446-400 - TOURCRUISER PTE. LTD","robots":{"index":"index","follow":"follow","max-snippet":"max-snippet:-1","max-image-preview":"max-image-preview:large","max-video-preview":"max-video-preview:-1"},"canonical":"https:\/\/tourcruiser.com\/fr\/products\/air-jordan-1-low-royal-toe-cq9446-400\/","og_locale":"fr_FR","og_type":"article","og_title":"Air Jordan 1 Low 'Royal Toe' CQ9446-400 - TOURCRUISER PTE. LTD","og_description":"La Air Jordan 1 Low Royal Toe de Jordan est une sneaker \u00e9l\u00e9gante de couleur bleue. Avec son design iconique et son confort optimal, elle est id\u00e9ale pour le sport et les loisirs. La Air Jordan 1 Low Royal Toe vous permet de rester tendance tout en profitant d&rsquo;un confort exceptionnel. Couleur : Bleu roi\/Blanc-Noir [&hellip;]","og_url":"https:\/\/tourcruiser.com\/fr\/products\/air-jordan-1-low-royal-toe-cq9446-400\/","og_site_name":"Tourcruiser Sneaker Store","article_modified_time":"2026-04-17T15:51:06+00:00","twitter_card":"summary_large_image","twitter_image":"https:\/\/images.novelship.com\/product\/air_jordan_1_low__royal_toe__cq9446_400_0_18640.jpeg;https:\/\/images.novelship.com\/product\/air_jordan_1_low__royal_toe__cq9446_400_1_18640.jpeg;https:\/\/images.novelship.com\/product\/air_jordan_1_low__royal_toe__cq9446_400_2_18640.jpeg;https:\/\/images.novelship.com\/product\/air_jordan_1_low__royal_toe__cq9446_400_3_18640.jpeg;https:\/\/images.novelship.com\/product\/air_jordan_1_low__royal_toe__cq9446_400_4_18640.jpeg;https:\/\/images.novelship.com\/product\/air_jordan_1_low__royal_toe__cq9446_400_5_18640.jpeg;https:\/\/images.novelship.com\/product\/air_jordan_1_low__royal_toe__cq9446_400_6_18640.jpeg;https:\/\/images.novelship.com\/product\/air_jordan_1_low__royal_toe__cq9446_400_7_18640.jpeg","schema":{"@context":"https:\/\/schema.org","@graph":[{"@type":"WebPage","@id":"https:\/\/tourcruiser.com\/fr\/products\/air-jordan-1-low-royal-toe-cq9446-400\/","url":"https:\/\/tourcruiser.com\/fr\/products\/air-jordan-1-low-royal-toe-cq9446-400\/","name":"Air Jordan 1 Low 'Royal Toe' CQ9446-400 - TOURCRUISER PTE. LTD","isPartOf":{"@id":"\/#website"},"primaryImageOfPage":{"@id":"https:\/\/tourcruiser.com\/fr\/products\/air-jordan-1-low-royal-toe-cq9446-400\/#primaryimage"},"image":{"@id":"https:\/\/tourcruiser.com\/fr\/products\/air-jordan-1-low-royal-toe-cq9446-400\/#primaryimage"},"thumbnailUrl":"https:\/\/images.novelship.com\/product\/air_jordan_1_low__royal_toe__cq9446_400_0_18640.jpeg;https:\/\/images.novelship.com\/product\/air_jordan_1_low__royal_toe__cq9446_400_1_18640.jpeg;https:\/\/images.novelship.com\/product\/air_jordan_1_low__royal_toe__cq9446_400_2_18640.jpeg;https:\/\/images.novelship.com\/product\/air_jordan_1_low__royal_toe__cq9446_400_3_18640.jpeg;https:\/\/images.novelship.com\/product\/air_jordan_1_low__royal_toe__cq9446_400_4_18640.jpeg;https:\/\/images.novelship.com\/product\/air_jordan_1_low__royal_toe__cq9446_400_5_18640.jpeg;https:\/\/images.novelship.com\/product\/air_jordan_1_low__royal_toe__cq9446_400_6_18640.jpeg;https:\/\/images.novelship.com\/product\/air_jordan_1_low__royal_toe__cq9446_400_7_18640.jpeg","datePublished":"2026-04-16T10:08:50+00:00","dateModified":"2026-04-17T15:51:06+00:00","breadcrumb":{"@id":"https:\/\/tourcruiser.com\/fr\/products\/air-jordan-1-low-royal-toe-cq9446-400\/#breadcrumb"},"inLanguage":"fr-FR","potentialAction":[{"@type":"ReadAction","target":["https:\/\/tourcruiser.com\/fr\/products\/air-jordan-1-low-royal-toe-cq9446-400\/"]}]},{"@type":"ImageObject","inLanguage":"fr-FR","@id":"https:\/\/tourcruiser.com\/fr\/products\/air-jordan-1-low-royal-toe-cq9446-400\/#primaryimage","url":"https:\/\/images.novelship.com\/product\/air_jordan_1_low__royal_toe__cq9446_400_0_18640.jpeg;https:\/\/images.novelship.com\/product\/air_jordan_1_low__royal_toe__cq9446_400_1_18640.jpeg;https:\/\/images.novelship.com\/product\/air_jordan_1_low__royal_toe__cq9446_400_2_18640.jpeg;https:\/\/images.novelship.com\/product\/air_jordan_1_low__royal_toe__cq9446_400_3_18640.jpeg;https:\/\/images.novelship.com\/product\/air_jordan_1_low__royal_toe__cq9446_400_4_18640.jpeg;https:\/\/images.novelship.com\/product\/air_jordan_1_low__royal_toe__cq9446_400_5_18640.jpeg;https:\/\/images.novelship.com\/product\/air_jordan_1_low__royal_toe__cq9446_400_6_18640.jpeg;https:\/\/images.novelship.com\/product\/air_jordan_1_low__royal_toe__cq9446_400_7_18640.jpeg","contentUrl":"https:\/\/images.novelship.com\/product\/air_jordan_1_low__royal_toe__cq9446_400_0_18640.jpeg;https:\/\/images.novelship.com\/product\/air_jordan_1_low__royal_toe__cq9446_400_1_18640.jpeg;https:\/\/images.novelship.com\/product\/air_jordan_1_low__royal_toe__cq9446_400_2_18640.jpeg;https:\/\/images.novelship.com\/product\/air_jordan_1_low__royal_toe__cq9446_400_3_18640.jpeg;https:\/\/images.novelship.com\/product\/air_jordan_1_low__royal_toe__cq9446_400_4_18640.jpeg;https:\/\/images.novelship.com\/product\/air_jordan_1_low__royal_toe__cq9446_400_5_18640.jpeg;https:\/\/images.novelship.com\/product\/air_jordan_1_low__royal_toe__cq9446_400_6_18640.jpeg;https:\/\/images.novelship.com\/product\/air_jordan_1_low__royal_toe__cq9446_400_7_18640.jpeg"},{"@type":"BreadcrumbList","@id":"https:\/\/tourcruiser.com\/fr\/products\/air-jordan-1-low-royal-toe-cq9446-400\/#breadcrumb","itemListElement":[{"@type":"ListItem","position":1,"name":"Home","item":"https:\/\/tourcruiser.com\/fr\/"},{"@type":"ListItem","position":2,"name":"Shop","item":"https:\/\/tourcruiser.com\/fr\/shop\/"},{"@type":"ListItem","position":3,"name":"Air Jordan 1 Low &#8216;Royal Toe&#8217; CQ9446-400"}]},{"@type":"WebSite","@id":"\/#website","url":"\/","name":"Styloral Jewelry Shop","description":"Tourcruiser Sneaker Store \u2014 L\u2019endroit o\u00f9 l\u2019univers rencontre votre singularit\u00e9.","publisher":{"@id":"\/#organization"},"potentialAction":[{"@type":"SearchAction","target":{"@type":"EntryPoint","urlTemplate":"\/?s={search_term_string}"},"query-input":{"@type":"PropertyValueSpecification","valueRequired":true,"valueName":"search_term_string"}}],"inLanguage":"fr-FR"},{"@type":"Organization","@id":"\/#organization","name":"STYLORAL PTE. LTD","url":"\/","logo":{"@type":"ImageObject","inLanguage":"fr-FR","@id":"\/#\/schema\/logo\/image\/","url":"https:\/\/www.tourcruiser.com\/wp-content\/uploads\/2025\/12\/logo.png","contentUrl":"https:\/\/www.tourcruiser.com\/wp-content\/uploads\/2025\/12\/logo.png","width":200,"height":65,"caption":"STYLORAL PTE. LTD"},"image":{"@id":"\/#\/schema\/logo\/image\/"}}]}},"_links":{"self":[{"href":"https:\/\/tourcruiser.com\/fr\/wp-json\/wp\/v2\/product\/760560","targetHints":{"allow":["GET"]}}],"collection":[{"href":"https:\/\/tourcruiser.com\/fr\/wp-json\/wp\/v2\/product"}],"about":[{"href":"https:\/\/tourcruiser.com\/fr\/wp-json\/wp\/v2\/types\/product"}],"replies":[{"embeddable":true,"href":"https:\/\/tourcruiser.com\/fr\/wp-json\/wp\/v2\/comments?post=760560"}],"wp:featuredmedia":[{"embeddable":true,"href":"https:\/\/tourcruiser.com\/fr\/wp-json\/wp\/v2\/media\/760561"}],"wp:attachment":[{"href":"https:\/\/tourcruiser.com\/fr\/wp-json\/wp\/v2\/media?parent=760560"}],"wp:term":[{"taxonomy":"product_brand","embeddable":true,"href":"https:\/\/tourcruiser.com\/fr\/wp-json\/wp\/v2\/product_brand?post=760560"},{"taxonomy":"product_cat","embeddable":true,"href":"https:\/\/tourcruiser.com\/fr\/wp-json\/wp\/v2\/product_cat?post=760560"},{"taxonomy":"product_tag","embeddable":true,"href":"https:\/\/tourcruiser.com\/fr\/wp-json\/wp\/v2\/product_tag?post=760560"}],"curies":[{"name":"wp","href":"https:\/\/api.w.org\/{rel}","templated":true}]}}