{"id":760545,"date":"2026-04-16T17:08:50","date_gmt":"2026-04-16T10:08:50","guid":{"rendered":"http:\/\/tourcruiser.com\/product\/air-jordan-1-low-court-purple-black-553558-501"},"modified":"2026-04-17T22:51:05","modified_gmt":"2026-04-17T15:51:05","slug":"air-jordan-1-low-court-purple-black-553558-501","status":"publish","type":"product","link":"https:\/\/tourcruiser.com\/fr\/products\/air-jordan-1-low-court-purple-black-553558-501\/","title":{"rendered":"Air Jordan 1 Low &lsquo;Court Purple Black&rsquo; 553558-501"},"content":{"rendered":"<p>D\u00e9couvrez la Air Jordan 1 Low Court Purple Black, aussi appel\u00e9e Court Purple 2.0. Cette sneaker styl\u00e9e de la l\u00e9gendaire marque Jordan arbore un coloris noir et violet \u00e9l\u00e9gant, id\u00e9al pour tous les passionn\u00e9s de sneakers. Alliez style et performance et affirmez votre personnalit\u00e9.<\/p>\n<p>&#8230; \u00c2ge\u00a0: Adulte<br \/>\nCouleur\u00a0: Multicolore<br \/>\nGenre\u00a0: Homme<\/p>\n","protected":false},"excerpt":{"rendered":"<p>D\u00e9couvrez la Air Jordan 1 Low Court Purple Black, aussi appel\u00e9e Court Purple 2.0. Cette sneaker styl\u00e9e de la l\u00e9gendaire marque Jordan arbore un coloris noir et violet \u00e9l\u00e9gant, id\u00e9al pour tous les passionn\u00e9s de sneakers. Alliez style et performance et affirmez votre personnalit\u00e9. &#8230; \u00c2ge\u00a0: Adulte Couleur\u00a0: Multicolore Genre\u00a0: Homme<\/p>\n","protected":false},"featured_media":760546,"comment_status":"open","ping_status":"closed","template":"","meta":[],"product_brand":[],"product_cat":[38880],"product_tag":[10750,38841,38842,10776,11349,38875,38886,10756],"class_list":{"0":"post-760545","1":"product","2":"type-product","3":"status-publish","4":"has-post-thumbnail","6":"product_cat-jordan","7":"product_tag-athleisure-shoes","8":"product_tag-casual-shoes","9":"product_tag-gift-idea-for-him","10":"product_tag-jordan","11":"product_tag-jordan-basketball-shoes","12":"product_tag-jordan-skateboard-shoes","13":"product_tag-lifestyle-shoes-inspired-by-basketball","14":"product_tag-retro-casual-shoes","16":"first","17":"instock","18":"taxable","19":"shipping-taxable","20":"purchasable","21":"product-type-simple"},"wcpa_form_fields":null,"yoast_head":"<!-- This site is optimized with the Yoast SEO plugin v26.5 - https:\/\/yoast.com\/wordpress\/plugins\/seo\/ -->\n<title>Air Jordan 1 Low &#039;Court Purple Black&#039; 553558-501 - TOURCRUISER PTE. LTD<\/title>\n<meta name=\"robots\" content=\"index, follow, max-snippet:-1, max-image-preview:large, max-video-preview:-1\" \/>\n<link rel=\"canonical\" href=\"https:\/\/tourcruiser.com\/fr\/products\/air-jordan-1-low-court-purple-black-553558-501\/\" \/>\n<meta property=\"og:locale\" content=\"fr_FR\" \/>\n<meta property=\"og:type\" content=\"article\" \/>\n<meta property=\"og:title\" content=\"Air Jordan 1 Low &#039;Court Purple Black&#039; 553558-501 - TOURCRUISER PTE. LTD\" \/>\n<meta property=\"og:description\" content=\"D\u00e9couvrez la Air Jordan 1 Low Court Purple Black, aussi appel\u00e9e Court Purple 2.0. Cette sneaker styl\u00e9e de la l\u00e9gendaire marque Jordan arbore un coloris noir et violet \u00e9l\u00e9gant, id\u00e9al pour tous les passionn\u00e9s de sneakers. Alliez style et performance et affirmez votre personnalit\u00e9. &#8230; \u00c2ge\u00a0: Adulte Couleur\u00a0: Multicolore Genre\u00a0: Homme\" \/>\n<meta property=\"og:url\" content=\"https:\/\/tourcruiser.com\/fr\/products\/air-jordan-1-low-court-purple-black-553558-501\/\" \/>\n<meta property=\"og:site_name\" content=\"Tourcruiser Sneaker Store\" \/>\n<meta property=\"article:modified_time\" content=\"2026-04-17T15:51:05+00:00\" \/>\n<meta name=\"twitter:card\" content=\"summary_large_image\" \/>\n<meta name=\"twitter:image\" content=\"https:\/\/images.novelship.com\/product\/air_jordan_1_low__court_purple_black__553558_501_0_90787.jpeg;https:\/\/images.novelship.com\/product\/air_jordan_1_low__court_purple_black__553558_501_1_90787.jpeg;https:\/\/images.novelship.com\/product\/air_jordan_1_low__court_purple_black__553558_501_2_90787.jpeg;https:\/\/images.novelship.com\/product\/air_jordan_1_low__court_purple_black__553558_501_3_90787.jpeg;https:\/\/images.novelship.com\/product\/air_jordan_1_low__court_purple_black__553558_501_4_90787.jpeg;https:\/\/images.novelship.com\/product\/air_jordan_1_low__court_purple_black__553558_501_5_90787.jpeg;https:\/\/images.novelship.com\/product\/air_jordan_1_low__court_purple_black__553558_501_6_90787.jpeg;https:\/\/images.novelship.com\/product\/air_jordan_1_low__court_purple_black__553558_501_7_90787.jpeg\" \/>\n<script type=\"application\/ld+json\" class=\"yoast-schema-graph\">{\"@context\":\"https:\/\/schema.org\",\"@graph\":[{\"@type\":\"WebPage\",\"@id\":\"https:\/\/tourcruiser.com\/fr\/products\/air-jordan-1-low-court-purple-black-553558-501\/\",\"url\":\"https:\/\/tourcruiser.com\/fr\/products\/air-jordan-1-low-court-purple-black-553558-501\/\",\"name\":\"Air Jordan 1 Low 'Court Purple Black' 553558-501 - TOURCRUISER PTE. LTD\",\"isPartOf\":{\"@id\":\"\/#website\"},\"primaryImageOfPage\":{\"@id\":\"https:\/\/tourcruiser.com\/fr\/products\/air-jordan-1-low-court-purple-black-553558-501\/#primaryimage\"},\"image\":{\"@id\":\"https:\/\/tourcruiser.com\/fr\/products\/air-jordan-1-low-court-purple-black-553558-501\/#primaryimage\"},\"thumbnailUrl\":\"https:\/\/images.novelship.com\/product\/air_jordan_1_low__court_purple_black__553558_501_0_90787.jpeg;https:\/\/images.novelship.com\/product\/air_jordan_1_low__court_purple_black__553558_501_1_90787.jpeg;https:\/\/images.novelship.com\/product\/air_jordan_1_low__court_purple_black__553558_501_2_90787.jpeg;https:\/\/images.novelship.com\/product\/air_jordan_1_low__court_purple_black__553558_501_3_90787.jpeg;https:\/\/images.novelship.com\/product\/air_jordan_1_low__court_purple_black__553558_501_4_90787.jpeg;https:\/\/images.novelship.com\/product\/air_jordan_1_low__court_purple_black__553558_501_5_90787.jpeg;https:\/\/images.novelship.com\/product\/air_jordan_1_low__court_purple_black__553558_501_6_90787.jpeg;https:\/\/images.novelship.com\/product\/air_jordan_1_low__court_purple_black__553558_501_7_90787.jpeg\",\"datePublished\":\"2026-04-16T10:08:50+00:00\",\"dateModified\":\"2026-04-17T15:51:05+00:00\",\"breadcrumb\":{\"@id\":\"https:\/\/tourcruiser.com\/fr\/products\/air-jordan-1-low-court-purple-black-553558-501\/#breadcrumb\"},\"inLanguage\":\"fr-FR\",\"potentialAction\":[{\"@type\":\"ReadAction\",\"target\":[\"https:\/\/tourcruiser.com\/fr\/products\/air-jordan-1-low-court-purple-black-553558-501\/\"]}]},{\"@type\":\"ImageObject\",\"inLanguage\":\"fr-FR\",\"@id\":\"https:\/\/tourcruiser.com\/fr\/products\/air-jordan-1-low-court-purple-black-553558-501\/#primaryimage\",\"url\":\"https:\/\/images.novelship.com\/product\/air_jordan_1_low__court_purple_black__553558_501_0_90787.jpeg;https:\/\/images.novelship.com\/product\/air_jordan_1_low__court_purple_black__553558_501_1_90787.jpeg;https:\/\/images.novelship.com\/product\/air_jordan_1_low__court_purple_black__553558_501_2_90787.jpeg;https:\/\/images.novelship.com\/product\/air_jordan_1_low__court_purple_black__553558_501_3_90787.jpeg;https:\/\/images.novelship.com\/product\/air_jordan_1_low__court_purple_black__553558_501_4_90787.jpeg;https:\/\/images.novelship.com\/product\/air_jordan_1_low__court_purple_black__553558_501_5_90787.jpeg;https:\/\/images.novelship.com\/product\/air_jordan_1_low__court_purple_black__553558_501_6_90787.jpeg;https:\/\/images.novelship.com\/product\/air_jordan_1_low__court_purple_black__553558_501_7_90787.jpeg\",\"contentUrl\":\"https:\/\/images.novelship.com\/product\/air_jordan_1_low__court_purple_black__553558_501_0_90787.jpeg;https:\/\/images.novelship.com\/product\/air_jordan_1_low__court_purple_black__553558_501_1_90787.jpeg;https:\/\/images.novelship.com\/product\/air_jordan_1_low__court_purple_black__553558_501_2_90787.jpeg;https:\/\/images.novelship.com\/product\/air_jordan_1_low__court_purple_black__553558_501_3_90787.jpeg;https:\/\/images.novelship.com\/product\/air_jordan_1_low__court_purple_black__553558_501_4_90787.jpeg;https:\/\/images.novelship.com\/product\/air_jordan_1_low__court_purple_black__553558_501_5_90787.jpeg;https:\/\/images.novelship.com\/product\/air_jordan_1_low__court_purple_black__553558_501_6_90787.jpeg;https:\/\/images.novelship.com\/product\/air_jordan_1_low__court_purple_black__553558_501_7_90787.jpeg\"},{\"@type\":\"BreadcrumbList\",\"@id\":\"https:\/\/tourcruiser.com\/fr\/products\/air-jordan-1-low-court-purple-black-553558-501\/#breadcrumb\",\"itemListElement\":[{\"@type\":\"ListItem\",\"position\":1,\"name\":\"Home\",\"item\":\"https:\/\/tourcruiser.com\/fr\/\"},{\"@type\":\"ListItem\",\"position\":2,\"name\":\"Shop\",\"item\":\"https:\/\/tourcruiser.com\/fr\/shop\/\"},{\"@type\":\"ListItem\",\"position\":3,\"name\":\"Air Jordan 1 Low &#8216;Court Purple Black&#8217; 553558-501\"}]},{\"@type\":\"WebSite\",\"@id\":\"\/#website\",\"url\":\"\/\",\"name\":\"Styloral Jewelry Shop\",\"description\":\"Tourcruiser Sneaker Store \u2014 L\u2019endroit o\u00f9 l\u2019univers rencontre votre singularit\u00e9.\",\"publisher\":{\"@id\":\"\/#organization\"},\"potentialAction\":[{\"@type\":\"SearchAction\",\"target\":{\"@type\":\"EntryPoint\",\"urlTemplate\":\"\/?s={search_term_string}\"},\"query-input\":{\"@type\":\"PropertyValueSpecification\",\"valueRequired\":true,\"valueName\":\"search_term_string\"}}],\"inLanguage\":\"fr-FR\"},{\"@type\":\"Organization\",\"@id\":\"\/#organization\",\"name\":\"STYLORAL PTE. LTD\",\"url\":\"\/\",\"logo\":{\"@type\":\"ImageObject\",\"inLanguage\":\"fr-FR\",\"@id\":\"\/#\/schema\/logo\/image\/\",\"url\":\"https:\/\/www.tourcruiser.com\/wp-content\/uploads\/2025\/12\/logo.png\",\"contentUrl\":\"https:\/\/www.tourcruiser.com\/wp-content\/uploads\/2025\/12\/logo.png\",\"width\":200,\"height\":65,\"caption\":\"STYLORAL PTE. LTD\"},\"image\":{\"@id\":\"\/#\/schema\/logo\/image\/\"}}]}<\/script>\n<!-- \/ Yoast SEO plugin. -->","yoast_head_json":{"title":"Air Jordan 1 Low 'Court Purple Black' 553558-501 - TOURCRUISER PTE. LTD","robots":{"index":"index","follow":"follow","max-snippet":"max-snippet:-1","max-image-preview":"max-image-preview:large","max-video-preview":"max-video-preview:-1"},"canonical":"https:\/\/tourcruiser.com\/fr\/products\/air-jordan-1-low-court-purple-black-553558-501\/","og_locale":"fr_FR","og_type":"article","og_title":"Air Jordan 1 Low 'Court Purple Black' 553558-501 - TOURCRUISER PTE. LTD","og_description":"D\u00e9couvrez la Air Jordan 1 Low Court Purple Black, aussi appel\u00e9e Court Purple 2.0. Cette sneaker styl\u00e9e de la l\u00e9gendaire marque Jordan arbore un coloris noir et violet \u00e9l\u00e9gant, id\u00e9al pour tous les passionn\u00e9s de sneakers. Alliez style et performance et affirmez votre personnalit\u00e9. &#8230; \u00c2ge\u00a0: Adulte Couleur\u00a0: Multicolore Genre\u00a0: Homme","og_url":"https:\/\/tourcruiser.com\/fr\/products\/air-jordan-1-low-court-purple-black-553558-501\/","og_site_name":"Tourcruiser Sneaker Store","article_modified_time":"2026-04-17T15:51:05+00:00","twitter_card":"summary_large_image","twitter_image":"https:\/\/images.novelship.com\/product\/air_jordan_1_low__court_purple_black__553558_501_0_90787.jpeg;https:\/\/images.novelship.com\/product\/air_jordan_1_low__court_purple_black__553558_501_1_90787.jpeg;https:\/\/images.novelship.com\/product\/air_jordan_1_low__court_purple_black__553558_501_2_90787.jpeg;https:\/\/images.novelship.com\/product\/air_jordan_1_low__court_purple_black__553558_501_3_90787.jpeg;https:\/\/images.novelship.com\/product\/air_jordan_1_low__court_purple_black__553558_501_4_90787.jpeg;https:\/\/images.novelship.com\/product\/air_jordan_1_low__court_purple_black__553558_501_5_90787.jpeg;https:\/\/images.novelship.com\/product\/air_jordan_1_low__court_purple_black__553558_501_6_90787.jpeg;https:\/\/images.novelship.com\/product\/air_jordan_1_low__court_purple_black__553558_501_7_90787.jpeg","schema":{"@context":"https:\/\/schema.org","@graph":[{"@type":"WebPage","@id":"https:\/\/tourcruiser.com\/fr\/products\/air-jordan-1-low-court-purple-black-553558-501\/","url":"https:\/\/tourcruiser.com\/fr\/products\/air-jordan-1-low-court-purple-black-553558-501\/","name":"Air Jordan 1 Low 'Court Purple Black' 553558-501 - TOURCRUISER PTE. LTD","isPartOf":{"@id":"\/#website"},"primaryImageOfPage":{"@id":"https:\/\/tourcruiser.com\/fr\/products\/air-jordan-1-low-court-purple-black-553558-501\/#primaryimage"},"image":{"@id":"https:\/\/tourcruiser.com\/fr\/products\/air-jordan-1-low-court-purple-black-553558-501\/#primaryimage"},"thumbnailUrl":"https:\/\/images.novelship.com\/product\/air_jordan_1_low__court_purple_black__553558_501_0_90787.jpeg;https:\/\/images.novelship.com\/product\/air_jordan_1_low__court_purple_black__553558_501_1_90787.jpeg;https:\/\/images.novelship.com\/product\/air_jordan_1_low__court_purple_black__553558_501_2_90787.jpeg;https:\/\/images.novelship.com\/product\/air_jordan_1_low__court_purple_black__553558_501_3_90787.jpeg;https:\/\/images.novelship.com\/product\/air_jordan_1_low__court_purple_black__553558_501_4_90787.jpeg;https:\/\/images.novelship.com\/product\/air_jordan_1_low__court_purple_black__553558_501_5_90787.jpeg;https:\/\/images.novelship.com\/product\/air_jordan_1_low__court_purple_black__553558_501_6_90787.jpeg;https:\/\/images.novelship.com\/product\/air_jordan_1_low__court_purple_black__553558_501_7_90787.jpeg","datePublished":"2026-04-16T10:08:50+00:00","dateModified":"2026-04-17T15:51:05+00:00","breadcrumb":{"@id":"https:\/\/tourcruiser.com\/fr\/products\/air-jordan-1-low-court-purple-black-553558-501\/#breadcrumb"},"inLanguage":"fr-FR","potentialAction":[{"@type":"ReadAction","target":["https:\/\/tourcruiser.com\/fr\/products\/air-jordan-1-low-court-purple-black-553558-501\/"]}]},{"@type":"ImageObject","inLanguage":"fr-FR","@id":"https:\/\/tourcruiser.com\/fr\/products\/air-jordan-1-low-court-purple-black-553558-501\/#primaryimage","url":"https:\/\/images.novelship.com\/product\/air_jordan_1_low__court_purple_black__553558_501_0_90787.jpeg;https:\/\/images.novelship.com\/product\/air_jordan_1_low__court_purple_black__553558_501_1_90787.jpeg;https:\/\/images.novelship.com\/product\/air_jordan_1_low__court_purple_black__553558_501_2_90787.jpeg;https:\/\/images.novelship.com\/product\/air_jordan_1_low__court_purple_black__553558_501_3_90787.jpeg;https:\/\/images.novelship.com\/product\/air_jordan_1_low__court_purple_black__553558_501_4_90787.jpeg;https:\/\/images.novelship.com\/product\/air_jordan_1_low__court_purple_black__553558_501_5_90787.jpeg;https:\/\/images.novelship.com\/product\/air_jordan_1_low__court_purple_black__553558_501_6_90787.jpeg;https:\/\/images.novelship.com\/product\/air_jordan_1_low__court_purple_black__553558_501_7_90787.jpeg","contentUrl":"https:\/\/images.novelship.com\/product\/air_jordan_1_low__court_purple_black__553558_501_0_90787.jpeg;https:\/\/images.novelship.com\/product\/air_jordan_1_low__court_purple_black__553558_501_1_90787.jpeg;https:\/\/images.novelship.com\/product\/air_jordan_1_low__court_purple_black__553558_501_2_90787.jpeg;https:\/\/images.novelship.com\/product\/air_jordan_1_low__court_purple_black__553558_501_3_90787.jpeg;https:\/\/images.novelship.com\/product\/air_jordan_1_low__court_purple_black__553558_501_4_90787.jpeg;https:\/\/images.novelship.com\/product\/air_jordan_1_low__court_purple_black__553558_501_5_90787.jpeg;https:\/\/images.novelship.com\/product\/air_jordan_1_low__court_purple_black__553558_501_6_90787.jpeg;https:\/\/images.novelship.com\/product\/air_jordan_1_low__court_purple_black__553558_501_7_90787.jpeg"},{"@type":"BreadcrumbList","@id":"https:\/\/tourcruiser.com\/fr\/products\/air-jordan-1-low-court-purple-black-553558-501\/#breadcrumb","itemListElement":[{"@type":"ListItem","position":1,"name":"Home","item":"https:\/\/tourcruiser.com\/fr\/"},{"@type":"ListItem","position":2,"name":"Shop","item":"https:\/\/tourcruiser.com\/fr\/shop\/"},{"@type":"ListItem","position":3,"name":"Air Jordan 1 Low &#8216;Court Purple Black&#8217; 553558-501"}]},{"@type":"WebSite","@id":"\/#website","url":"\/","name":"Styloral Jewelry Shop","description":"Tourcruiser Sneaker Store \u2014 L\u2019endroit o\u00f9 l\u2019univers rencontre votre singularit\u00e9.","publisher":{"@id":"\/#organization"},"potentialAction":[{"@type":"SearchAction","target":{"@type":"EntryPoint","urlTemplate":"\/?s={search_term_string}"},"query-input":{"@type":"PropertyValueSpecification","valueRequired":true,"valueName":"search_term_string"}}],"inLanguage":"fr-FR"},{"@type":"Organization","@id":"\/#organization","name":"STYLORAL PTE. LTD","url":"\/","logo":{"@type":"ImageObject","inLanguage":"fr-FR","@id":"\/#\/schema\/logo\/image\/","url":"https:\/\/www.tourcruiser.com\/wp-content\/uploads\/2025\/12\/logo.png","contentUrl":"https:\/\/www.tourcruiser.com\/wp-content\/uploads\/2025\/12\/logo.png","width":200,"height":65,"caption":"STYLORAL PTE. LTD"},"image":{"@id":"\/#\/schema\/logo\/image\/"}}]}},"_links":{"self":[{"href":"https:\/\/tourcruiser.com\/fr\/wp-json\/wp\/v2\/product\/760545","targetHints":{"allow":["GET"]}}],"collection":[{"href":"https:\/\/tourcruiser.com\/fr\/wp-json\/wp\/v2\/product"}],"about":[{"href":"https:\/\/tourcruiser.com\/fr\/wp-json\/wp\/v2\/types\/product"}],"replies":[{"embeddable":true,"href":"https:\/\/tourcruiser.com\/fr\/wp-json\/wp\/v2\/comments?post=760545"}],"wp:featuredmedia":[{"embeddable":true,"href":"https:\/\/tourcruiser.com\/fr\/wp-json\/wp\/v2\/media\/760546"}],"wp:attachment":[{"href":"https:\/\/tourcruiser.com\/fr\/wp-json\/wp\/v2\/media?parent=760545"}],"wp:term":[{"taxonomy":"product_brand","embeddable":true,"href":"https:\/\/tourcruiser.com\/fr\/wp-json\/wp\/v2\/product_brand?post=760545"},{"taxonomy":"product_cat","embeddable":true,"href":"https:\/\/tourcruiser.com\/fr\/wp-json\/wp\/v2\/product_cat?post=760545"},{"taxonomy":"product_tag","embeddable":true,"href":"https:\/\/tourcruiser.com\/fr\/wp-json\/wp\/v2\/product_tag?post=760545"}],"curies":[{"name":"wp","href":"https:\/\/api.w.org\/{rel}","templated":true}]}}