{"id":760536,"date":"2026-04-16T17:08:50","date_gmt":"2026-04-16T10:08:50","guid":{"rendered":"http:\/\/tourcruiser.com\/product\/grade-school-air-jordan-3-retro-georgetown-398614-401"},"modified":"2026-04-17T22:51:05","modified_gmt":"2026-04-17T15:51:05","slug":"grade-school-air-jordan-3-retro-georgetown-398614-401","status":"publish","type":"product","link":"https:\/\/tourcruiser.com\/fr\/products\/grade-school-air-jordan-3-retro-georgetown-398614-401\/","title":{"rendered":"(Grade School) Air Jordan 3 Retro &lsquo;Georgetown&rsquo; 398614-401"},"content":{"rendered":"<p>Am\u00e9liorez votre style avec la Air Jordan 3 Retro \u00ab\u00a0Georgetown\u00a0\u00bb 398614-401 pour enfant (pointure 1). Cette sneaker arbore une \u00e9l\u00e9gante empeigne bleu marine avec des d\u00e9tails gris ciment classiques, offrant un style iconique et un confort optimal. La semelle amortissante assure un maintien parfait tout au long de la journ\u00e9e, tandis que les mat\u00e9riaux de haute qualit\u00e9 garantissent une durabilit\u00e9 exceptionnelle. Ce mod\u00e8le r\u00e9tro est id\u00e9al pour les jeunes athl\u00e8tes et les influenceurs, et deviendra sans aucun doute la pi\u00e8ce ma\u00eetresse de toute garde-robe. Enrichissez votre collection de sneakers et entrez dans la l\u00e9gende Air Jordan.<\/p>\n<p>Coloris\u00a0: Bleu marine\/Gris ciment-Blanc<\/p>\n<p>Code article\u00a0: 398614-401<\/p>\n<p>Empeigne\u00a0: Cuir<\/p>\n<p>Semelle interm\u00e9diaire\u00a0: Air<\/p>\n<p>Couleur\u00a0: Bleu marine<\/p>\n<p>Cr\u00e9ateur\u00a0: Tinker Hatfield<\/p>\n<p>Saison\u00a0: Hiver<\/p>\n<p>Ann\u00e9e de sortie\u00a0: 2021<\/p>\n<p>\u00c2ge\u00a0: Adulte<\/p>\n<p>Couleur\u00a0: Bleu marine<br \/>\nGenre\u00a0: Enfant<\/p>\n","protected":false},"excerpt":{"rendered":"<p>Am\u00e9liorez votre style avec la Air Jordan 3 Retro \u00ab\u00a0Georgetown\u00a0\u00bb 398614-401 pour enfant (pointure 1). Cette sneaker arbore une \u00e9l\u00e9gante empeigne bleu marine avec des d\u00e9tails gris ciment classiques, offrant un style iconique et un confort optimal. La semelle amortissante assure un maintien parfait tout au long de la journ\u00e9e, tandis que les mat\u00e9riaux de [&hellip;]<\/p>\n","protected":false},"featured_media":760537,"comment_status":"open","ping_status":"closed","template":"","meta":[],"product_brand":[],"product_cat":[38880],"product_tag":[10750,38988,10776,11349,38875,10756,39039],"class_list":{"0":"post-760536","1":"product","2":"type-product","3":"status-publish","4":"has-post-thumbnail","6":"product_cat-jordan","7":"product_tag-athleisure-shoes","8":"product_tag-casual-shoes-for-kids","9":"product_tag-jordan","10":"product_tag-jordan-basketball-shoes","11":"product_tag-jordan-skateboard-shoes","12":"product_tag-retro-casual-shoes","13":"product_tag-sneakers-for-kids","15":"first","16":"instock","17":"taxable","18":"shipping-taxable","19":"purchasable","20":"product-type-simple"},"wcpa_form_fields":null,"yoast_head":"<!-- This site is optimized with the Yoast SEO plugin v26.5 - https:\/\/yoast.com\/wordpress\/plugins\/seo\/ -->\n<title>(Grade School) Air Jordan 3 Retro &#039;Georgetown&#039; 398614-401 - TOURCRUISER PTE. LTD<\/title>\n<meta name=\"robots\" content=\"index, follow, max-snippet:-1, max-image-preview:large, max-video-preview:-1\" \/>\n<link rel=\"canonical\" href=\"https:\/\/tourcruiser.com\/fr\/products\/grade-school-air-jordan-3-retro-georgetown-398614-401\/\" \/>\n<meta property=\"og:locale\" content=\"fr_FR\" \/>\n<meta property=\"og:type\" content=\"article\" \/>\n<meta property=\"og:title\" content=\"(Grade School) Air Jordan 3 Retro &#039;Georgetown&#039; 398614-401 - TOURCRUISER PTE. LTD\" \/>\n<meta property=\"og:description\" content=\"Am\u00e9liorez votre style avec la Air Jordan 3 Retro \u00ab\u00a0Georgetown\u00a0\u00bb 398614-401 pour enfant (pointure 1). Cette sneaker arbore une \u00e9l\u00e9gante empeigne bleu marine avec des d\u00e9tails gris ciment classiques, offrant un style iconique et un confort optimal. La semelle amortissante assure un maintien parfait tout au long de la journ\u00e9e, tandis que les mat\u00e9riaux de [&hellip;]\" \/>\n<meta property=\"og:url\" content=\"https:\/\/tourcruiser.com\/fr\/products\/grade-school-air-jordan-3-retro-georgetown-398614-401\/\" \/>\n<meta property=\"og:site_name\" content=\"Tourcruiser Sneaker Store\" \/>\n<meta property=\"article:modified_time\" content=\"2026-04-17T15:51:05+00:00\" \/>\n<meta name=\"twitter:card\" content=\"summary_large_image\" \/>\n<meta name=\"twitter:image\" content=\"https:\/\/images.novelship.com\/product\/_grade_school__air_jordan_3_retro__georgetown__398_0_75690.jpeg;https:\/\/images.novelship.com\/product\/_grade_school__air_jordan_3_retro__georgetown__398_1_75690.jpeg;https:\/\/images.novelship.com\/product\/_grade_school__air_jordan_3_retro__georgetown__398_2_75691.jpeg;https:\/\/images.novelship.com\/product\/_grade_school__air_jordan_3_retro__georgetown__398_3_75691.jpeg;https:\/\/images.novelship.com\/product\/_grade_school__air_jordan_3_retro__georgetown__398_4_75691.jpeg;https:\/\/images.novelship.com\/product\/_grade_school__air_jordan_3_retro__georgetown__398_5_75691.jpeg;https:\/\/images.novelship.com\/product\/_grade_school__air_jordan_3_retro__georgetown__398_6_75691.jpeg;https:\/\/images.novelship.com\/product\/_grade_school__air_jordan_3_retro__georgetown__398_7_75691.jpeg\" \/>\n<meta name=\"twitter:label1\" content=\"Dur\u00e9e de lecture estim\u00e9e\" \/>\n\t<meta name=\"twitter:data1\" content=\"1 minute\" \/>\n<script type=\"application\/ld+json\" class=\"yoast-schema-graph\">{\"@context\":\"https:\/\/schema.org\",\"@graph\":[{\"@type\":\"WebPage\",\"@id\":\"https:\/\/tourcruiser.com\/fr\/products\/grade-school-air-jordan-3-retro-georgetown-398614-401\/\",\"url\":\"https:\/\/tourcruiser.com\/fr\/products\/grade-school-air-jordan-3-retro-georgetown-398614-401\/\",\"name\":\"(Grade School) Air Jordan 3 Retro 'Georgetown' 398614-401 - TOURCRUISER PTE. LTD\",\"isPartOf\":{\"@id\":\"\/#website\"},\"primaryImageOfPage\":{\"@id\":\"https:\/\/tourcruiser.com\/fr\/products\/grade-school-air-jordan-3-retro-georgetown-398614-401\/#primaryimage\"},\"image\":{\"@id\":\"https:\/\/tourcruiser.com\/fr\/products\/grade-school-air-jordan-3-retro-georgetown-398614-401\/#primaryimage\"},\"thumbnailUrl\":\"https:\/\/images.novelship.com\/product\/_grade_school__air_jordan_3_retro__georgetown__398_0_75690.jpeg;https:\/\/images.novelship.com\/product\/_grade_school__air_jordan_3_retro__georgetown__398_1_75690.jpeg;https:\/\/images.novelship.com\/product\/_grade_school__air_jordan_3_retro__georgetown__398_2_75691.jpeg;https:\/\/images.novelship.com\/product\/_grade_school__air_jordan_3_retro__georgetown__398_3_75691.jpeg;https:\/\/images.novelship.com\/product\/_grade_school__air_jordan_3_retro__georgetown__398_4_75691.jpeg;https:\/\/images.novelship.com\/product\/_grade_school__air_jordan_3_retro__georgetown__398_5_75691.jpeg;https:\/\/images.novelship.com\/product\/_grade_school__air_jordan_3_retro__georgetown__398_6_75691.jpeg;https:\/\/images.novelship.com\/product\/_grade_school__air_jordan_3_retro__georgetown__398_7_75691.jpeg\",\"datePublished\":\"2026-04-16T10:08:50+00:00\",\"dateModified\":\"2026-04-17T15:51:05+00:00\",\"breadcrumb\":{\"@id\":\"https:\/\/tourcruiser.com\/fr\/products\/grade-school-air-jordan-3-retro-georgetown-398614-401\/#breadcrumb\"},\"inLanguage\":\"fr-FR\",\"potentialAction\":[{\"@type\":\"ReadAction\",\"target\":[\"https:\/\/tourcruiser.com\/fr\/products\/grade-school-air-jordan-3-retro-georgetown-398614-401\/\"]}]},{\"@type\":\"ImageObject\",\"inLanguage\":\"fr-FR\",\"@id\":\"https:\/\/tourcruiser.com\/fr\/products\/grade-school-air-jordan-3-retro-georgetown-398614-401\/#primaryimage\",\"url\":\"https:\/\/images.novelship.com\/product\/_grade_school__air_jordan_3_retro__georgetown__398_0_75690.jpeg;https:\/\/images.novelship.com\/product\/_grade_school__air_jordan_3_retro__georgetown__398_1_75690.jpeg;https:\/\/images.novelship.com\/product\/_grade_school__air_jordan_3_retro__georgetown__398_2_75691.jpeg;https:\/\/images.novelship.com\/product\/_grade_school__air_jordan_3_retro__georgetown__398_3_75691.jpeg;https:\/\/images.novelship.com\/product\/_grade_school__air_jordan_3_retro__georgetown__398_4_75691.jpeg;https:\/\/images.novelship.com\/product\/_grade_school__air_jordan_3_retro__georgetown__398_5_75691.jpeg;https:\/\/images.novelship.com\/product\/_grade_school__air_jordan_3_retro__georgetown__398_6_75691.jpeg;https:\/\/images.novelship.com\/product\/_grade_school__air_jordan_3_retro__georgetown__398_7_75691.jpeg\",\"contentUrl\":\"https:\/\/images.novelship.com\/product\/_grade_school__air_jordan_3_retro__georgetown__398_0_75690.jpeg;https:\/\/images.novelship.com\/product\/_grade_school__air_jordan_3_retro__georgetown__398_1_75690.jpeg;https:\/\/images.novelship.com\/product\/_grade_school__air_jordan_3_retro__georgetown__398_2_75691.jpeg;https:\/\/images.novelship.com\/product\/_grade_school__air_jordan_3_retro__georgetown__398_3_75691.jpeg;https:\/\/images.novelship.com\/product\/_grade_school__air_jordan_3_retro__georgetown__398_4_75691.jpeg;https:\/\/images.novelship.com\/product\/_grade_school__air_jordan_3_retro__georgetown__398_5_75691.jpeg;https:\/\/images.novelship.com\/product\/_grade_school__air_jordan_3_retro__georgetown__398_6_75691.jpeg;https:\/\/images.novelship.com\/product\/_grade_school__air_jordan_3_retro__georgetown__398_7_75691.jpeg\"},{\"@type\":\"BreadcrumbList\",\"@id\":\"https:\/\/tourcruiser.com\/fr\/products\/grade-school-air-jordan-3-retro-georgetown-398614-401\/#breadcrumb\",\"itemListElement\":[{\"@type\":\"ListItem\",\"position\":1,\"name\":\"Home\",\"item\":\"https:\/\/tourcruiser.com\/fr\/\"},{\"@type\":\"ListItem\",\"position\":2,\"name\":\"Shop\",\"item\":\"https:\/\/tourcruiser.com\/fr\/shop\/\"},{\"@type\":\"ListItem\",\"position\":3,\"name\":\"(Grade School) Air Jordan 3 Retro &#8216;Georgetown&#8217; 398614-401\"}]},{\"@type\":\"WebSite\",\"@id\":\"\/#website\",\"url\":\"\/\",\"name\":\"Styloral Jewelry Shop\",\"description\":\"Tourcruiser Sneaker Store \u2014 L\u2019endroit o\u00f9 l\u2019univers rencontre votre singularit\u00e9.\",\"publisher\":{\"@id\":\"\/#organization\"},\"potentialAction\":[{\"@type\":\"SearchAction\",\"target\":{\"@type\":\"EntryPoint\",\"urlTemplate\":\"\/?s={search_term_string}\"},\"query-input\":{\"@type\":\"PropertyValueSpecification\",\"valueRequired\":true,\"valueName\":\"search_term_string\"}}],\"inLanguage\":\"fr-FR\"},{\"@type\":\"Organization\",\"@id\":\"\/#organization\",\"name\":\"STYLORAL PTE. LTD\",\"url\":\"\/\",\"logo\":{\"@type\":\"ImageObject\",\"inLanguage\":\"fr-FR\",\"@id\":\"\/#\/schema\/logo\/image\/\",\"url\":\"https:\/\/www.tourcruiser.com\/wp-content\/uploads\/2025\/12\/logo.png\",\"contentUrl\":\"https:\/\/www.tourcruiser.com\/wp-content\/uploads\/2025\/12\/logo.png\",\"width\":200,\"height\":65,\"caption\":\"STYLORAL PTE. LTD\"},\"image\":{\"@id\":\"\/#\/schema\/logo\/image\/\"}}]}<\/script>\n<!-- \/ Yoast SEO plugin. -->","yoast_head_json":{"title":"(Grade School) Air Jordan 3 Retro 'Georgetown' 398614-401 - TOURCRUISER PTE. LTD","robots":{"index":"index","follow":"follow","max-snippet":"max-snippet:-1","max-image-preview":"max-image-preview:large","max-video-preview":"max-video-preview:-1"},"canonical":"https:\/\/tourcruiser.com\/fr\/products\/grade-school-air-jordan-3-retro-georgetown-398614-401\/","og_locale":"fr_FR","og_type":"article","og_title":"(Grade School) Air Jordan 3 Retro 'Georgetown' 398614-401 - TOURCRUISER PTE. LTD","og_description":"Am\u00e9liorez votre style avec la Air Jordan 3 Retro \u00ab\u00a0Georgetown\u00a0\u00bb 398614-401 pour enfant (pointure 1). Cette sneaker arbore une \u00e9l\u00e9gante empeigne bleu marine avec des d\u00e9tails gris ciment classiques, offrant un style iconique et un confort optimal. La semelle amortissante assure un maintien parfait tout au long de la journ\u00e9e, tandis que les mat\u00e9riaux de [&hellip;]","og_url":"https:\/\/tourcruiser.com\/fr\/products\/grade-school-air-jordan-3-retro-georgetown-398614-401\/","og_site_name":"Tourcruiser Sneaker Store","article_modified_time":"2026-04-17T15:51:05+00:00","twitter_card":"summary_large_image","twitter_image":"https:\/\/images.novelship.com\/product\/_grade_school__air_jordan_3_retro__georgetown__398_0_75690.jpeg;https:\/\/images.novelship.com\/product\/_grade_school__air_jordan_3_retro__georgetown__398_1_75690.jpeg;https:\/\/images.novelship.com\/product\/_grade_school__air_jordan_3_retro__georgetown__398_2_75691.jpeg;https:\/\/images.novelship.com\/product\/_grade_school__air_jordan_3_retro__georgetown__398_3_75691.jpeg;https:\/\/images.novelship.com\/product\/_grade_school__air_jordan_3_retro__georgetown__398_4_75691.jpeg;https:\/\/images.novelship.com\/product\/_grade_school__air_jordan_3_retro__georgetown__398_5_75691.jpeg;https:\/\/images.novelship.com\/product\/_grade_school__air_jordan_3_retro__georgetown__398_6_75691.jpeg;https:\/\/images.novelship.com\/product\/_grade_school__air_jordan_3_retro__georgetown__398_7_75691.jpeg","twitter_misc":{"Dur\u00e9e de lecture estim\u00e9e":"1 minute"},"schema":{"@context":"https:\/\/schema.org","@graph":[{"@type":"WebPage","@id":"https:\/\/tourcruiser.com\/fr\/products\/grade-school-air-jordan-3-retro-georgetown-398614-401\/","url":"https:\/\/tourcruiser.com\/fr\/products\/grade-school-air-jordan-3-retro-georgetown-398614-401\/","name":"(Grade School) Air Jordan 3 Retro 'Georgetown' 398614-401 - TOURCRUISER PTE. LTD","isPartOf":{"@id":"\/#website"},"primaryImageOfPage":{"@id":"https:\/\/tourcruiser.com\/fr\/products\/grade-school-air-jordan-3-retro-georgetown-398614-401\/#primaryimage"},"image":{"@id":"https:\/\/tourcruiser.com\/fr\/products\/grade-school-air-jordan-3-retro-georgetown-398614-401\/#primaryimage"},"thumbnailUrl":"https:\/\/images.novelship.com\/product\/_grade_school__air_jordan_3_retro__georgetown__398_0_75690.jpeg;https:\/\/images.novelship.com\/product\/_grade_school__air_jordan_3_retro__georgetown__398_1_75690.jpeg;https:\/\/images.novelship.com\/product\/_grade_school__air_jordan_3_retro__georgetown__398_2_75691.jpeg;https:\/\/images.novelship.com\/product\/_grade_school__air_jordan_3_retro__georgetown__398_3_75691.jpeg;https:\/\/images.novelship.com\/product\/_grade_school__air_jordan_3_retro__georgetown__398_4_75691.jpeg;https:\/\/images.novelship.com\/product\/_grade_school__air_jordan_3_retro__georgetown__398_5_75691.jpeg;https:\/\/images.novelship.com\/product\/_grade_school__air_jordan_3_retro__georgetown__398_6_75691.jpeg;https:\/\/images.novelship.com\/product\/_grade_school__air_jordan_3_retro__georgetown__398_7_75691.jpeg","datePublished":"2026-04-16T10:08:50+00:00","dateModified":"2026-04-17T15:51:05+00:00","breadcrumb":{"@id":"https:\/\/tourcruiser.com\/fr\/products\/grade-school-air-jordan-3-retro-georgetown-398614-401\/#breadcrumb"},"inLanguage":"fr-FR","potentialAction":[{"@type":"ReadAction","target":["https:\/\/tourcruiser.com\/fr\/products\/grade-school-air-jordan-3-retro-georgetown-398614-401\/"]}]},{"@type":"ImageObject","inLanguage":"fr-FR","@id":"https:\/\/tourcruiser.com\/fr\/products\/grade-school-air-jordan-3-retro-georgetown-398614-401\/#primaryimage","url":"https:\/\/images.novelship.com\/product\/_grade_school__air_jordan_3_retro__georgetown__398_0_75690.jpeg;https:\/\/images.novelship.com\/product\/_grade_school__air_jordan_3_retro__georgetown__398_1_75690.jpeg;https:\/\/images.novelship.com\/product\/_grade_school__air_jordan_3_retro__georgetown__398_2_75691.jpeg;https:\/\/images.novelship.com\/product\/_grade_school__air_jordan_3_retro__georgetown__398_3_75691.jpeg;https:\/\/images.novelship.com\/product\/_grade_school__air_jordan_3_retro__georgetown__398_4_75691.jpeg;https:\/\/images.novelship.com\/product\/_grade_school__air_jordan_3_retro__georgetown__398_5_75691.jpeg;https:\/\/images.novelship.com\/product\/_grade_school__air_jordan_3_retro__georgetown__398_6_75691.jpeg;https:\/\/images.novelship.com\/product\/_grade_school__air_jordan_3_retro__georgetown__398_7_75691.jpeg","contentUrl":"https:\/\/images.novelship.com\/product\/_grade_school__air_jordan_3_retro__georgetown__398_0_75690.jpeg;https:\/\/images.novelship.com\/product\/_grade_school__air_jordan_3_retro__georgetown__398_1_75690.jpeg;https:\/\/images.novelship.com\/product\/_grade_school__air_jordan_3_retro__georgetown__398_2_75691.jpeg;https:\/\/images.novelship.com\/product\/_grade_school__air_jordan_3_retro__georgetown__398_3_75691.jpeg;https:\/\/images.novelship.com\/product\/_grade_school__air_jordan_3_retro__georgetown__398_4_75691.jpeg;https:\/\/images.novelship.com\/product\/_grade_school__air_jordan_3_retro__georgetown__398_5_75691.jpeg;https:\/\/images.novelship.com\/product\/_grade_school__air_jordan_3_retro__georgetown__398_6_75691.jpeg;https:\/\/images.novelship.com\/product\/_grade_school__air_jordan_3_retro__georgetown__398_7_75691.jpeg"},{"@type":"BreadcrumbList","@id":"https:\/\/tourcruiser.com\/fr\/products\/grade-school-air-jordan-3-retro-georgetown-398614-401\/#breadcrumb","itemListElement":[{"@type":"ListItem","position":1,"name":"Home","item":"https:\/\/tourcruiser.com\/fr\/"},{"@type":"ListItem","position":2,"name":"Shop","item":"https:\/\/tourcruiser.com\/fr\/shop\/"},{"@type":"ListItem","position":3,"name":"(Grade School) Air Jordan 3 Retro &#8216;Georgetown&#8217; 398614-401"}]},{"@type":"WebSite","@id":"\/#website","url":"\/","name":"Styloral Jewelry Shop","description":"Tourcruiser Sneaker Store \u2014 L\u2019endroit o\u00f9 l\u2019univers rencontre votre singularit\u00e9.","publisher":{"@id":"\/#organization"},"potentialAction":[{"@type":"SearchAction","target":{"@type":"EntryPoint","urlTemplate":"\/?s={search_term_string}"},"query-input":{"@type":"PropertyValueSpecification","valueRequired":true,"valueName":"search_term_string"}}],"inLanguage":"fr-FR"},{"@type":"Organization","@id":"\/#organization","name":"STYLORAL PTE. LTD","url":"\/","logo":{"@type":"ImageObject","inLanguage":"fr-FR","@id":"\/#\/schema\/logo\/image\/","url":"https:\/\/www.tourcruiser.com\/wp-content\/uploads\/2025\/12\/logo.png","contentUrl":"https:\/\/www.tourcruiser.com\/wp-content\/uploads\/2025\/12\/logo.png","width":200,"height":65,"caption":"STYLORAL PTE. LTD"},"image":{"@id":"\/#\/schema\/logo\/image\/"}}]}},"_links":{"self":[{"href":"https:\/\/tourcruiser.com\/fr\/wp-json\/wp\/v2\/product\/760536","targetHints":{"allow":["GET"]}}],"collection":[{"href":"https:\/\/tourcruiser.com\/fr\/wp-json\/wp\/v2\/product"}],"about":[{"href":"https:\/\/tourcruiser.com\/fr\/wp-json\/wp\/v2\/types\/product"}],"replies":[{"embeddable":true,"href":"https:\/\/tourcruiser.com\/fr\/wp-json\/wp\/v2\/comments?post=760536"}],"wp:featuredmedia":[{"embeddable":true,"href":"https:\/\/tourcruiser.com\/fr\/wp-json\/wp\/v2\/media\/760537"}],"wp:attachment":[{"href":"https:\/\/tourcruiser.com\/fr\/wp-json\/wp\/v2\/media?parent=760536"}],"wp:term":[{"taxonomy":"product_brand","embeddable":true,"href":"https:\/\/tourcruiser.com\/fr\/wp-json\/wp\/v2\/product_brand?post=760536"},{"taxonomy":"product_cat","embeddable":true,"href":"https:\/\/tourcruiser.com\/fr\/wp-json\/wp\/v2\/product_cat?post=760536"},{"taxonomy":"product_tag","embeddable":true,"href":"https:\/\/tourcruiser.com\/fr\/wp-json\/wp\/v2\/product_tag?post=760536"}],"curies":[{"name":"wp","href":"https:\/\/api.w.org\/{rel}","templated":true}]}}